{"id":25912,"date":"2022-04-13T15:10:25","date_gmt":"2022-04-13T12:10:25","guid":{"rendered":"https:\/\/logdio.com\/yeu-cau-mot-ban-demo\/"},"modified":"2024-06-04T15:09:01","modified_gmt":"2024-06-04T12:09:01","slug":"yeu-cau-mot-ban-demo","status":"publish","type":"page","link":"https:\/\/logdio.com\/vi\/yeu-cau-mot-ban-demo\/","title":{"rendered":"Y\u00eau c\u1ea7u m\u1ed9t b\u1ea3n demo"},"content":{"rendered":"\t\t<div data-elementor-type=\"wp-page\" data-elementor-id=\"25912\" class=\"elementor elementor-25912 elementor-29\" data-elementor-post-type=\"page\">\n\t\t\t\t\t\t<section class=\"has_ma_el_bg_slider elementor-section elementor-top-section elementor-element elementor-element-cb2a7b5 elementor-section-boxed elementor-section-height-default elementor-section-height-default jltma-glass-effect-no\" data-id=\"cb2a7b5\" data-element_type=\"section\" data-e-type=\"section\" data-settings=\"{&quot;jet_parallax_layout_list&quot;:[],&quot;background_background&quot;:&quot;classic&quot;}\">\n\t\t\t\t\t\t<div class=\"elementor-container elementor-column-gap-default\">\n\t\t\t\t\t<div class=\"has_ma_el_bg_slider elementor-column elementor-col-100 elementor-top-column elementor-element elementor-element-8bb13ed jltma-glass-effect-no\" data-id=\"8bb13ed\" data-element_type=\"column\" data-e-type=\"column\" data-settings=\"{&quot;background_background&quot;:&quot;classic&quot;}\">\n\t\t\t<div class=\"elementor-widget-wrap elementor-element-populated\">\n\t\t\t\t\t\t<div class=\"elementor-element elementor-element-3e3c3fe jltma-glass-effect-no elementor-widget elementor-widget-text-editor\" data-id=\"3e3c3fe\" data-element_type=\"widget\" data-e-type=\"widget\" data-widget_type=\"text-editor.default\">\n\t\t\t\t<div class=\"elementor-widget-container\">\n\t\t\t\t\t\t\t\t\t\n<div class=\"wpcf7 no-js\" id=\"wpcf7-f23845-o1\" lang=\"vi-VN\" dir=\"ltr\" data-wpcf7-id=\"23845\">\n<div class=\"screen-reader-response\"><p role=\"status\" aria-live=\"polite\" aria-atomic=\"true\"><\/p> <ul><\/ul><\/div>\n<form action=\"\/vi\/wp-json\/wp\/v2\/pages\/25912#wpcf7-f23845-o1\" method=\"post\" class=\"wpcf7-form init\" aria-label=\"Contact form\" novalidate=\"novalidate\" data-status=\"init\">\n<div style=\"display: none;\">\n<input type=\"hidden\" name=\"_wpcf7\" value=\"23845\" \/>\n<input type=\"hidden\" name=\"_wpcf7_version\" value=\"6.0.2\" \/>\n<input type=\"hidden\" name=\"_wpcf7_locale\" value=\"vi_VN\" \/>\n<input type=\"hidden\" name=\"_wpcf7_unit_tag\" value=\"wpcf7-f23845-o1\" \/>\n<input type=\"hidden\" name=\"_wpcf7_container_post\" value=\"0\" \/>\n<input type=\"hidden\" name=\"_wpcf7_posted_data_hash\" value=\"\" \/>\n<input type=\"hidden\" name=\"_wpcf7_recaptcha_response\" value=\"\" \/>\n<\/div>\n<div class=\"main-form\">\n\t<div class=\"form-name\">\n\t\t<p><label> T\u00ean \u0111\u1ea7u ti\u00ean<br \/>\n<span class=\"wpcf7-form-control-wrap\" data-name=\"your-name\"><input size=\"40\" maxlength=\"400\" class=\"wpcf7-form-control wpcf7-text wpcf7-validates-as-required\" aria-required=\"true\" aria-invalid=\"false\" value=\"\" type=\"text\" name=\"your-name\" \/><\/span> <\/label><br \/>\n<label> H\u1ecd<br \/>\n<span class=\"wpcf7-form-control-wrap\" data-name=\"your-lname\"><input size=\"40\" maxlength=\"400\" class=\"wpcf7-form-control wpcf7-text wpcf7-validates-as-required\" aria-required=\"true\" aria-invalid=\"false\" value=\"\" type=\"text\" name=\"your-lname\" \/><\/span> <\/label>\n\t\t<\/p>\n\t<\/div>\n\t<div class=\"form-mail-field\">\n\t\t<p><label> L\u00e0m vi\u1ec7c b\u1eb1ng email<br \/>\n<span class=\"wpcf7-form-control-wrap\" data-name=\"your-email\"><input size=\"40\" maxlength=\"400\" class=\"wpcf7-form-control wpcf7-email wpcf7-validates-as-required wpcf7-text wpcf7-validates-as-email\" aria-required=\"true\" aria-invalid=\"false\" value=\"\" type=\"email\" name=\"your-email\" \/><\/span> <\/label>\n\t\t<\/p>\n\t<\/div>\n\t<div class=\"form-phone-field\">\n\t\t<p><label> S\u1ed1 \u0111i\u1ec7n tho\u1ea1i<br \/>\n<span class=\"wpcf7-form-control-wrap\" data-name=\"phonetext-10\"><input size=\"40\" class=\"wpcf7-form-control wpcf7-phonetext wpcf7-validates-as-required wpcf7-text wpcf7-validates-as-phonetext\" data-numberonly=\"true\" aria-required=\"true\" aria-invalid=\"false\" value=\"\" type=\"text\" name=\"phonetext-10\" \/><input type=\"hidden\" name=\"phonetext-10-country-code\" class=\"wpcf7-phonetext-country-code\" \/><\/span> <\/label>\n\t\t<\/p>\n\t<\/div>\n\t<p><label style=\"width:100%\"> T\u00ean c\u00f4ng ty<br \/>\n<span class=\"wpcf7-form-control-wrap\" data-name=\"your-compname\"><input size=\"40\" maxlength=\"400\" class=\"wpcf7-form-control wpcf7-text wpcf7-validates-as-required\" aria-required=\"true\" aria-invalid=\"false\" value=\"\" type=\"text\" name=\"your-compname\" \/><\/span> <\/label>\n\t<\/p>\n\t<div class=\"company-name-field\">\n\t<\/div>\n\t<p class=\"sojibvai elementor-widget-text-editor\"> B\u1ea1n \u0111ang c\u1ed1 g\u1eafng c\u1ea3i thi\u1ec7n nh\u1eefng quy tr\u00ecnh n\u00e0o?\n\t<\/p>\n\t<p><span class=\"wpcf7-form-control-wrap\" data-name=\"your-message\"><textarea cols=\"40\" rows=\"10\" maxlength=\"2000\" class=\"wpcf7-form-control wpcf7-textarea\" aria-invalid=\"false\" name=\"your-message\"><\/textarea><\/span>\n\t<\/p>\n\t<p><input class=\"wpcf7-form-control wpcf7-submit has-spinner G\u1eedi\" id=\"G\u1eedi\" type=\"submit\" value=\"\uf0e0  G\u1eedi\" \/>\n\t<\/p>\n<\/div><div class=\"wpcf7-response-output\" aria-hidden=\"true\"><\/div>\n<\/form>\n<\/div>\n\n\t\t\t\t\t\t\t\t<\/div>\n\t\t\t\t<\/div>\n\t\t\t\t\t<\/div>\n\t\t<\/div>\n\t\t\t\t\t<\/div>\n\t\t<\/section>\n\t\t\t\t<section class=\"has_ma_el_bg_slider elementor-section elementor-top-section elementor-element elementor-element-77f5afa elementor-hidden-desktop elementor-hidden-tablet elementor-hidden-mobile elementor-section-boxed elementor-section-height-default elementor-section-height-default jltma-glass-effect-no\" data-id=\"77f5afa\" data-element_type=\"section\" data-e-type=\"section\" data-settings=\"{&quot;jet_parallax_layout_list&quot;:[{&quot;jet_parallax_layout_image&quot;:{&quot;url&quot;:&quot;&quot;,&quot;id&quot;:&quot;&quot;,&quot;size&quot;:&quot;&quot;},&quot;_id&quot;:&quot;5ade4eb&quot;,&quot;jet_parallax_layout_image_tablet&quot;:{&quot;url&quot;:&quot;&quot;,&quot;id&quot;:&quot;&quot;,&quot;size&quot;:&quot;&quot;},&quot;jet_parallax_layout_image_mobile&quot;:{&quot;url&quot;:&quot;&quot;,&quot;id&quot;:&quot;&quot;,&quot;size&quot;:&quot;&quot;},&quot;jet_parallax_layout_speed&quot;:{&quot;unit&quot;:&quot;%&quot;,&quot;size&quot;:50,&quot;sizes&quot;:[]},&quot;jet_parallax_layout_type&quot;:&quot;scroll&quot;,&quot;jet_parallax_layout_direction&quot;:null,&quot;jet_parallax_layout_fx_direction&quot;:null,&quot;jet_parallax_layout_z_index&quot;:&quot;&quot;,&quot;jet_parallax_layout_bg_x&quot;:50,&quot;jet_parallax_layout_bg_x_tablet&quot;:&quot;&quot;,&quot;jet_parallax_layout_bg_x_mobile&quot;:&quot;&quot;,&quot;jet_parallax_layout_bg_y&quot;:50,&quot;jet_parallax_layout_bg_y_tablet&quot;:&quot;&quot;,&quot;jet_parallax_layout_bg_y_mobile&quot;:&quot;&quot;,&quot;jet_parallax_layout_bg_size&quot;:&quot;auto&quot;,&quot;jet_parallax_layout_bg_size_tablet&quot;:&quot;&quot;,&quot;jet_parallax_layout_bg_size_mobile&quot;:&quot;&quot;,&quot;jet_parallax_layout_animation_prop&quot;:&quot;transform&quot;,&quot;jet_parallax_layout_on&quot;:[&quot;desktop&quot;,&quot;tablet&quot;]}],&quot;background_background&quot;:&quot;classic&quot;}\">\n\t\t\t\t\t\t<div class=\"elementor-container elementor-column-gap-default\">\n\t\t\t\t\t<div class=\"has_ma_el_bg_slider elementor-column elementor-col-50 elementor-top-column elementor-element elementor-element-bb0ebd2 jltma-glass-effect-no\" data-id=\"bb0ebd2\" data-element_type=\"column\" data-e-type=\"column\">\n\t\t\t<div class=\"elementor-widget-wrap elementor-element-populated\">\n\t\t\t\t\t\t<div class=\"elementor-element elementor-element-7dd816f elementor-hidden-phone jltma-glass-effect-no elementor-widget elementor-widget-theme-site-logo elementor-widget-image\" data-id=\"7dd816f\" data-element_type=\"widget\" data-e-type=\"widget\" data-widget_type=\"theme-site-logo.default\">\n\t\t\t\t<div class=\"elementor-widget-container\">\n\t\t\t\t\t\t\t\t\t\t\t<a href=\"https:\/\/logdio.com\/vi\/\">\n\t\t\t<img decoding=\"async\" width=\"4\" height=\"1\" src=\"https:\/\/logdio.com\/wp-content\/uploads\/2021\/05\/Logdio.svg\" class=\"attachment-full size-full wp-image-945\" alt=\"Delivery management software - logdio.com\" \/>\t\t\t\t<\/a>\n\t\t\t\t\t\t\t\t\t\t\t<\/div>\n\t\t\t\t<\/div>\n\t\t\t\t<div class=\"elementor-element elementor-element-35b86a0 jltma-glass-effect-no elementor-widget elementor-widget-heading\" data-id=\"35b86a0\" data-element_type=\"widget\" data-e-type=\"widget\" data-widget_type=\"heading.default\">\n\t\t\t\t<div class=\"elementor-widget-container\">\n\t\t\t\t\t<h2 class=\"elementor-heading-title elementor-size-default\">Y\u00eau c\u1ea7u m\u1ed9t c\u00e1 nh\u00e2n h\u00f3a <\/br>\ndemo h\u1ec7 th\u1ed1ng Logdio<\/h2>\t\t\t\t<\/div>\n\t\t\t\t<\/div>\n\t\t\t\t<div class=\"elementor-element elementor-element-08dd0da jltma-glass-effect-no elementor-widget elementor-widget-text-editor\" data-id=\"08dd0da\" data-element_type=\"widget\" data-e-type=\"widget\" data-widget_type=\"text-editor.default\">\n\t\t\t\t<div class=\"elementor-widget-container\">\n\t\t\t\t\t\t\t\t\t<p>L\u00ean l\u1ecbch tr\u00ecnh di\u1ec5n tr\u1ef1c ti\u1ebfp v\u1ec1 Logdio v\u00e0 \u0111\u1ec3 ch\u00fang t\u00f4i \u0111\u00edch th\u00e2n h\u01b0\u1edbng d\u1eabn b\u1ea1n c\u00e1ch s\u1eed d\u1ee5ng d\u1ec5 d\u00e0ng v\u00e0 c\u00e1c t\u00ednh n\u0103ng m\u1ea1nh m\u1ebd c\u1ee7a n\u00f3. T\u1ea5t c\u1ea3 nh\u1eefng g\u00ec ch\u00fang t\u00f4i c\u1ea7n l\u00e0 m\u1ed9t ch\u00fat th\u00f4ng tin li\u00ean h\u1ec7 v\u00e0 m\u1ed9t trong nh\u1eefng chuy\u00ean gia c\u1ee7a ch\u00fang t\u00f4i s\u1ebd gi\u00fap b\u1ea1n b\u1eaft \u0111\u1ea7u. B\u1ea1n s\u1ebd ng\u1ea1c nhi\u00ean tr\u01b0\u1edbc vi\u1ec7c Logdio c\u00f3 th\u1ec3 l\u00e0m cho c\u00f4ng vi\u1ec7c h\u00e0ng ng\u00e0y c\u1ee7a b\u1ea1n tr\u1edf n\u00ean d\u1ec5 d\u00e0ng v\u00e0 hi\u1ec7u qu\u1ea3 nh\u01b0 th\u1ebf n\u00e0o!<\/p>\n\t\t\t\t\t\t\t\t<\/div>\n\t\t\t\t<\/div>\n\t\t\t\t\t<\/div>\n\t\t<\/div>\n\t\t\t\t<div class=\"has_ma_el_bg_slider elementor-column elementor-col-50 elementor-top-column elementor-element elementor-element-c85dca5 jltma-glass-effect-no\" data-id=\"c85dca5\" data-element_type=\"column\" data-e-type=\"column\">\n\t\t\t<div class=\"elementor-widget-wrap\">\n\t\t\t\t\t\t\t<\/div>\n\t\t<\/div>\n\t\t\t\t\t<\/div>\n\t\t<\/section>\n\t\t\t\t<\/div>\n\t\t","protected":false},"excerpt":{"rendered":"<p>Y\u00eau c\u1ea7u m\u1ed9t c\u00e1 nh\u00e2n h\u00f3a demo h\u1ec7 th\u1ed1ng Logdio L\u00ean l\u1ecbch tr\u00ecnh di\u1ec5n tr\u1ef1c ti\u1ebfp v\u1ec1 Logdio v\u00e0 \u0111\u1ec3 ch\u00fang t\u00f4i \u0111\u00edch th\u00e2n h\u01b0\u1edbng d\u1eabn b\u1ea1n c\u00e1ch s\u1eed d\u1ee5ng d\u1ec5 d\u00e0ng v\u00e0 c\u00e1c t\u00ednh n\u0103ng m\u1ea1nh m\u1ebd c\u1ee7a n\u00f3. T\u1ea5t c\u1ea3 nh\u1eefng g\u00ec ch\u00fang t\u00f4i c\u1ea7n l\u00e0 m\u1ed9t ch\u00fat th\u00f4ng tin li\u00ean h\u1ec7 v\u00e0 [&hellip;]<\/p>\n","protected":false},"author":1,"featured_media":0,"parent":0,"menu_order":0,"comment_status":"closed","ping_status":"closed","template":"elementor_header_footer","meta":{"footnotes":""},"class_list":["post-25912","page","type-page","status-publish","hentry"],"yoast_head":"<!-- This site is optimized with the Yoast SEO plugin v26.8 - https:\/\/yoast.com\/product\/yoast-seo-wordpress\/ -->\n<title>Y\u00eau c\u1ea7u m\u1ed9t b\u1ea3n demo - Logdio - delivery management tool<\/title>\n<meta name=\"description\" content=\"Logdio.com l\u00e0 ph\u1ea7n m\u1ec1m qu\u1ea3n l\u00fd giao h\u00e0ng c\u1ea5p \u0111\u1ed9 ti\u1ebfp theo cung c\u1ea5p gi\u00e1 c\u1ea3 h\u1ee3p l\u00fd \u0111\u1ec3 gi\u1eef cho doanh nghi\u1ec7p c\u1ee7a b\u1ea1n ph\u00e1t tri\u1ec3n! Y\u00eau c\u1ea7u m\u1ed9t b\u1ea3n demo v\u00e0 th\u1eed n\u00f3 cho m\u00ecnh!\" \/>\n<meta name=\"robots\" content=\"index, follow, max-snippet:-1, max-image-preview:large, max-video-preview:-1\" \/>\n<link rel=\"canonical\" href=\"https:\/\/logdio.com\/vi\/yeu-cau-mot-ban-demo\/\" \/>\n<meta property=\"og:locale\" content=\"vi_VN\" \/>\n<meta property=\"og:type\" content=\"article\" \/>\n<meta property=\"og:title\" content=\"Y\u00eau c\u1ea7u m\u1ed9t b\u1ea3n demo - Logdio - delivery management tool\" \/>\n<meta property=\"og:description\" content=\"Logdio.com l\u00e0 ph\u1ea7n m\u1ec1m qu\u1ea3n l\u00fd giao h\u00e0ng c\u1ea5p \u0111\u1ed9 ti\u1ebfp theo cung c\u1ea5p gi\u00e1 c\u1ea3 h\u1ee3p l\u00fd \u0111\u1ec3 gi\u1eef cho doanh nghi\u1ec7p c\u1ee7a b\u1ea1n ph\u00e1t tri\u1ec3n! Y\u00eau c\u1ea7u m\u1ed9t b\u1ea3n demo v\u00e0 th\u1eed n\u00f3 cho m\u00ecnh!\" \/>\n<meta property=\"og:url\" content=\"https:\/\/logdio.com\/vi\/yeu-cau-mot-ban-demo\/\" \/>\n<meta property=\"og:site_name\" content=\"Logdio - delivery management tool\" \/>\n<meta property=\"article:publisher\" content=\"https:\/\/www.facebook.com\/logtime.eu\/\" \/>\n<meta property=\"article:modified_time\" content=\"2024-06-04T12:09:01+00:00\" \/>\n<meta name=\"twitter:card\" content=\"summary_large_image\" \/>\n<meta name=\"twitter:label1\" content=\"Est. reading time\" \/>\n\t<meta name=\"twitter:data1\" content=\"1 minute\" \/>\n<script type=\"application\/ld+json\" class=\"yoast-schema-graph\">{\"@context\":\"https:\/\/schema.org\",\"@graph\":[{\"@type\":\"WebPage\",\"@id\":\"https:\/\/logdio.com\/vi\/yeu-cau-mot-ban-demo\/\",\"url\":\"https:\/\/logdio.com\/vi\/yeu-cau-mot-ban-demo\/\",\"name\":\"Y\u00eau c\u1ea7u m\u1ed9t b\u1ea3n demo - Logdio - delivery management tool\",\"isPartOf\":{\"@id\":\"https:\/\/logdio.com\/vi\/#website\"},\"datePublished\":\"2022-04-13T12:10:25+00:00\",\"dateModified\":\"2024-06-04T12:09:01+00:00\",\"description\":\"Logdio.com l\u00e0 ph\u1ea7n m\u1ec1m qu\u1ea3n l\u00fd giao h\u00e0ng c\u1ea5p \u0111\u1ed9 ti\u1ebfp theo cung c\u1ea5p gi\u00e1 c\u1ea3 h\u1ee3p l\u00fd \u0111\u1ec3 gi\u1eef cho doanh nghi\u1ec7p c\u1ee7a b\u1ea1n ph\u00e1t tri\u1ec3n! Y\u00eau c\u1ea7u m\u1ed9t b\u1ea3n demo v\u00e0 th\u1eed n\u00f3 cho m\u00ecnh!\",\"breadcrumb\":{\"@id\":\"https:\/\/logdio.com\/vi\/yeu-cau-mot-ban-demo\/#breadcrumb\"},\"inLanguage\":\"vi-VN\",\"potentialAction\":[{\"@type\":\"ReadAction\",\"target\":[\"https:\/\/logdio.com\/vi\/yeu-cau-mot-ban-demo\/\"]}]},{\"@type\":\"BreadcrumbList\",\"@id\":\"https:\/\/logdio.com\/vi\/yeu-cau-mot-ban-demo\/#breadcrumb\",\"itemListElement\":[{\"@type\":\"ListItem\",\"position\":1,\"name\":\"Home\",\"item\":\"https:\/\/logdio.com\/vi\/nha\/\"},{\"@type\":\"ListItem\",\"position\":2,\"name\":\"Y\u00eau c\u1ea7u m\u1ed9t b\u1ea3n demo\"}]},{\"@type\":\"WebSite\",\"@id\":\"https:\/\/logdio.com\/vi\/#website\",\"url\":\"https:\/\/logdio.com\/vi\/\",\"name\":\"Logdio - delivery management tool\",\"description\":\"Next level delivery management software\",\"publisher\":{\"@id\":\"https:\/\/logdio.com\/vi\/#organization\"},\"potentialAction\":[{\"@type\":\"SearchAction\",\"target\":{\"@type\":\"EntryPoint\",\"urlTemplate\":\"https:\/\/logdio.com\/vi\/?s={search_term_string}\"},\"query-input\":{\"@type\":\"PropertyValueSpecification\",\"valueRequired\":true,\"valueName\":\"search_term_string\"}}],\"inLanguage\":\"vi-VN\"},{\"@type\":\"Organization\",\"@id\":\"https:\/\/logdio.com\/vi\/#organization\",\"name\":\"Logdio\",\"url\":\"https:\/\/logdio.com\/vi\/\",\"logo\":{\"@type\":\"ImageObject\",\"inLanguage\":\"vi-VN\",\"@id\":\"https:\/\/logdio.com\/vi\/#\/schema\/logo\/image\/\",\"url\":\"https:\/\/logdio.com\/wp-content\/uploads\/2021\/05\/Logdio.svg\",\"contentUrl\":\"https:\/\/logdio.com\/wp-content\/uploads\/2021\/05\/Logdio.svg\",\"width\":4.44919,\"height\":1.1285,\"caption\":\"Logdio\"},\"image\":{\"@id\":\"https:\/\/logdio.com\/vi\/#\/schema\/logo\/image\/\"},\"sameAs\":[\"https:\/\/www.facebook.com\/logtime.eu\/\",\"https:\/\/www.linkedin.com\/company\/logtime\"]}]}<\/script>\n<!-- \/ Yoast SEO plugin. -->","yoast_head_json":{"title":"Y\u00eau c\u1ea7u m\u1ed9t b\u1ea3n demo - Logdio - delivery management tool","description":"Logdio.com l\u00e0 ph\u1ea7n m\u1ec1m qu\u1ea3n l\u00fd giao h\u00e0ng c\u1ea5p \u0111\u1ed9 ti\u1ebfp theo cung c\u1ea5p gi\u00e1 c\u1ea3 h\u1ee3p l\u00fd \u0111\u1ec3 gi\u1eef cho doanh nghi\u1ec7p c\u1ee7a b\u1ea1n ph\u00e1t tri\u1ec3n! Y\u00eau c\u1ea7u m\u1ed9t b\u1ea3n demo v\u00e0 th\u1eed n\u00f3 cho m\u00ecnh!","robots":{"index":"index","follow":"follow","max-snippet":"max-snippet:-1","max-image-preview":"max-image-preview:large","max-video-preview":"max-video-preview:-1"},"canonical":"https:\/\/logdio.com\/vi\/yeu-cau-mot-ban-demo\/","og_locale":"vi_VN","og_type":"article","og_title":"Y\u00eau c\u1ea7u m\u1ed9t b\u1ea3n demo - Logdio - delivery management tool","og_description":"Logdio.com l\u00e0 ph\u1ea7n m\u1ec1m qu\u1ea3n l\u00fd giao h\u00e0ng c\u1ea5p \u0111\u1ed9 ti\u1ebfp theo cung c\u1ea5p gi\u00e1 c\u1ea3 h\u1ee3p l\u00fd \u0111\u1ec3 gi\u1eef cho doanh nghi\u1ec7p c\u1ee7a b\u1ea1n ph\u00e1t tri\u1ec3n! Y\u00eau c\u1ea7u m\u1ed9t b\u1ea3n demo v\u00e0 th\u1eed n\u00f3 cho m\u00ecnh!","og_url":"https:\/\/logdio.com\/vi\/yeu-cau-mot-ban-demo\/","og_site_name":"Logdio - delivery management tool","article_publisher":"https:\/\/www.facebook.com\/logtime.eu\/","article_modified_time":"2024-06-04T12:09:01+00:00","twitter_card":"summary_large_image","twitter_misc":{"Est. reading time":"1 minute"},"schema":{"@context":"https:\/\/schema.org","@graph":[{"@type":"WebPage","@id":"https:\/\/logdio.com\/vi\/yeu-cau-mot-ban-demo\/","url":"https:\/\/logdio.com\/vi\/yeu-cau-mot-ban-demo\/","name":"Y\u00eau c\u1ea7u m\u1ed9t b\u1ea3n demo - Logdio - delivery management tool","isPartOf":{"@id":"https:\/\/logdio.com\/vi\/#website"},"datePublished":"2022-04-13T12:10:25+00:00","dateModified":"2024-06-04T12:09:01+00:00","description":"Logdio.com l\u00e0 ph\u1ea7n m\u1ec1m qu\u1ea3n l\u00fd giao h\u00e0ng c\u1ea5p \u0111\u1ed9 ti\u1ebfp theo cung c\u1ea5p gi\u00e1 c\u1ea3 h\u1ee3p l\u00fd \u0111\u1ec3 gi\u1eef cho doanh nghi\u1ec7p c\u1ee7a b\u1ea1n ph\u00e1t tri\u1ec3n! Y\u00eau c\u1ea7u m\u1ed9t b\u1ea3n demo v\u00e0 th\u1eed n\u00f3 cho m\u00ecnh!","breadcrumb":{"@id":"https:\/\/logdio.com\/vi\/yeu-cau-mot-ban-demo\/#breadcrumb"},"inLanguage":"vi-VN","potentialAction":[{"@type":"ReadAction","target":["https:\/\/logdio.com\/vi\/yeu-cau-mot-ban-demo\/"]}]},{"@type":"BreadcrumbList","@id":"https:\/\/logdio.com\/vi\/yeu-cau-mot-ban-demo\/#breadcrumb","itemListElement":[{"@type":"ListItem","position":1,"name":"Home","item":"https:\/\/logdio.com\/vi\/nha\/"},{"@type":"ListItem","position":2,"name":"Y\u00eau c\u1ea7u m\u1ed9t b\u1ea3n demo"}]},{"@type":"WebSite","@id":"https:\/\/logdio.com\/vi\/#website","url":"https:\/\/logdio.com\/vi\/","name":"Logdio - delivery management tool","description":"Next level delivery management software","publisher":{"@id":"https:\/\/logdio.com\/vi\/#organization"},"potentialAction":[{"@type":"SearchAction","target":{"@type":"EntryPoint","urlTemplate":"https:\/\/logdio.com\/vi\/?s={search_term_string}"},"query-input":{"@type":"PropertyValueSpecification","valueRequired":true,"valueName":"search_term_string"}}],"inLanguage":"vi-VN"},{"@type":"Organization","@id":"https:\/\/logdio.com\/vi\/#organization","name":"Logdio","url":"https:\/\/logdio.com\/vi\/","logo":{"@type":"ImageObject","inLanguage":"vi-VN","@id":"https:\/\/logdio.com\/vi\/#\/schema\/logo\/image\/","url":"https:\/\/logdio.com\/wp-content\/uploads\/2021\/05\/Logdio.svg","contentUrl":"https:\/\/logdio.com\/wp-content\/uploads\/2021\/05\/Logdio.svg","width":4.44919,"height":1.1285,"caption":"Logdio"},"image":{"@id":"https:\/\/logdio.com\/vi\/#\/schema\/logo\/image\/"},"sameAs":["https:\/\/www.facebook.com\/logtime.eu\/","https:\/\/www.linkedin.com\/company\/logtime"]}]}},"_links":{"self":[{"href":"https:\/\/logdio.com\/vi\/wp-json\/wp\/v2\/pages\/25912","targetHints":{"allow":["GET"]}}],"collection":[{"href":"https:\/\/logdio.com\/vi\/wp-json\/wp\/v2\/pages"}],"about":[{"href":"https:\/\/logdio.com\/vi\/wp-json\/wp\/v2\/types\/page"}],"author":[{"embeddable":true,"href":"https:\/\/logdio.com\/vi\/wp-json\/wp\/v2\/users\/1"}],"replies":[{"embeddable":true,"href":"https:\/\/logdio.com\/vi\/wp-json\/wp\/v2\/comments?post=25912"}],"version-history":[{"count":4,"href":"https:\/\/logdio.com\/vi\/wp-json\/wp\/v2\/pages\/25912\/revisions"}],"predecessor-version":[{"id":27689,"href":"https:\/\/logdio.com\/vi\/wp-json\/wp\/v2\/pages\/25912\/revisions\/27689"}],"wp:attachment":[{"href":"https:\/\/logdio.com\/vi\/wp-json\/wp\/v2\/media?parent=25912"}],"curies":[{"name":"wp","href":"https:\/\/api.w.org\/{rel}","templated":true}]}}