{"id":25815,"date":"2022-04-13T15:09:38","date_gmt":"2022-04-13T12:09:38","guid":{"rendered":"https:\/\/logdio.com\/ve-chung-toi\/"},"modified":"2023-08-21T00:08:55","modified_gmt":"2023-08-20T21:08:55","slug":"ve-chung-toi","status":"publish","type":"page","link":"https:\/\/logdio.com\/vi\/ve-chung-toi\/","title":{"rendered":"V\u1ec1 ch\u00fang t\u00f4i"},"content":{"rendered":"\t\t<div data-elementor-type=\"wp-page\" data-elementor-id=\"25815\" class=\"elementor elementor-25815 elementor-25\" data-elementor-post-type=\"page\">\n\t\t\t\t\t\t<section class=\"has_ma_el_bg_slider elementor-section elementor-top-section elementor-element elementor-element-a8f2033 elementor-section-boxed elementor-section-height-default elementor-section-height-default jltma-glass-effect-no\" data-id=\"a8f2033\" data-element_type=\"section\" data-e-type=\"section\" data-settings=\"{&quot;jet_parallax_layout_list&quot;:[{&quot;jet_parallax_layout_image&quot;:{&quot;url&quot;:&quot;&quot;,&quot;id&quot;:&quot;&quot;,&quot;size&quot;:&quot;&quot;},&quot;_id&quot;:&quot;c7a9eeb&quot;,&quot;jet_parallax_layout_image_tablet&quot;:{&quot;url&quot;:&quot;&quot;,&quot;id&quot;:&quot;&quot;,&quot;size&quot;:&quot;&quot;},&quot;jet_parallax_layout_image_mobile&quot;:{&quot;url&quot;:&quot;&quot;,&quot;id&quot;:&quot;&quot;,&quot;size&quot;:&quot;&quot;},&quot;jet_parallax_layout_speed&quot;:{&quot;unit&quot;:&quot;%&quot;,&quot;size&quot;:50,&quot;sizes&quot;:[]},&quot;jet_parallax_layout_type&quot;:&quot;scroll&quot;,&quot;jet_parallax_layout_direction&quot;:null,&quot;jet_parallax_layout_fx_direction&quot;:null,&quot;jet_parallax_layout_z_index&quot;:&quot;&quot;,&quot;jet_parallax_layout_bg_x&quot;:50,&quot;jet_parallax_layout_bg_x_tablet&quot;:&quot;&quot;,&quot;jet_parallax_layout_bg_x_mobile&quot;:&quot;&quot;,&quot;jet_parallax_layout_bg_y&quot;:50,&quot;jet_parallax_layout_bg_y_tablet&quot;:&quot;&quot;,&quot;jet_parallax_layout_bg_y_mobile&quot;:&quot;&quot;,&quot;jet_parallax_layout_bg_size&quot;:&quot;auto&quot;,&quot;jet_parallax_layout_bg_size_tablet&quot;:&quot;&quot;,&quot;jet_parallax_layout_bg_size_mobile&quot;:&quot;&quot;,&quot;jet_parallax_layout_animation_prop&quot;:&quot;transform&quot;,&quot;jet_parallax_layout_on&quot;:[&quot;desktop&quot;,&quot;tablet&quot;]}]}\">\n\t\t\t\t\t\t<div class=\"elementor-container elementor-column-gap-default\">\n\t\t\t\t\t<div class=\"has_ma_el_bg_slider elementor-column elementor-col-100 elementor-top-column elementor-element elementor-element-7eff6e2 jltma-glass-effect-no\" data-id=\"7eff6e2\" data-element_type=\"column\" data-e-type=\"column\">\n\t\t\t<div class=\"elementor-widget-wrap elementor-element-populated\">\n\t\t\t\t\t\t<div class=\"elementor-element elementor-element-430a85f jltma-glass-effect-no elementor-widget elementor-widget-heading\" data-id=\"430a85f\" data-element_type=\"widget\" data-e-type=\"widget\" data-widget_type=\"heading.default\">\n\t\t\t\t<div class=\"elementor-widget-container\">\n\t\t\t\t\t<h1 class=\"elementor-heading-title elementor-size-default\">Gi\u1edbi thi\u1ec7u v\u1ec1 Logtime<\/h1>\t\t\t\t<\/div>\n\t\t\t\t<\/div>\n\t\t\t\t<div class=\"elementor-element elementor-element-b127471 jltma-glass-effect-no elementor-widget elementor-widget-text-editor\" data-id=\"b127471\" data-element_type=\"widget\" data-e-type=\"widget\" data-widget_type=\"text-editor.default\">\n\t\t\t\t<div class=\"elementor-widget-container\">\n\t\t\t\t\t\t\t\t\t<p>Tham gia c\u00f9ng h\u01a1n 1000 c\u00f4ng ty t\u0103ng t\u1ed1c h\u1ec7 th\u1ed1ng ph\u00e2n ph\u1ed1i c\u1ee7a h\u1ecd v\u1edbi Logdis<\/p>\n\t\t\t\t\t\t\t\t<\/div>\n\t\t\t\t<\/div>\n\t\t\t\t<div class=\"elementor-element elementor-element-41181d9 jltma-glass-effect-no elementor-widget elementor-widget-heading\" data-id=\"41181d9\" data-element_type=\"widget\" data-e-type=\"widget\" data-widget_type=\"heading.default\">\n\t\t\t\t<div class=\"elementor-widget-container\">\n\t\t\t\t\t<h2 class=\"elementor-heading-title elementor-size-default\">Ch\u00fang ta l\u00e0 ai<\/h2>\t\t\t\t<\/div>\n\t\t\t\t<\/div>\n\t\t\t\t<div class=\"elementor-element elementor-element-2a65ef8 jltma-glass-effect-no elementor-widget elementor-widget-text-editor\" data-id=\"2a65ef8\" data-element_type=\"widget\" data-e-type=\"widget\" data-widget_type=\"text-editor.default\">\n\t\t\t\t<div class=\"elementor-widget-container\">\n\t\t\t\t\t\t\t\t\t<p>Logtime l\u00e0 m\u1ed9t \u0111\u1ed9i ng\u0169 gi\u00e0u kinh nghi\u1ec7m g\u1ed3m c\u00e1c chuy\u00ean gia tay ngh\u1ec1 cao. Ch\u00fang t\u00f4i \u0111\u1ebfn t\u1eeb c\u00e1c th\u00e0nh ph\u1ed1 kh\u00e1c nhau, ch\u00fang t\u00f4i \u1edf \u0111\u1ed9 tu\u1ed5i kh\u00e1c nhau, nh\u01b0ng \u0111i\u1ec1u g\u1eafn k\u1ebft ch\u00fang t\u00f4i l\u00e0 ni\u1ec1m \u0111am m\u00ea t\u1ea1o ra c\u00e1c gi\u1ea3i ph\u00e1p B2B nh\u1eb1m gi\u00fap kh\u00e1ch h\u00e0ng c\u1ee7a ch\u00fang t\u00f4i \u0111i\u1ec1u h\u00e0nh doanh nghi\u1ec7p c\u1ee7a h\u1ecd d\u1ec5 d\u00e0ng h\u01a1n, hi\u1ec7u qu\u1ea3 h\u01a1n v\u00e0 c\u00f3 l\u1ee3i h\u01a1n. L\u0129nh v\u1ef1c chuy\u00ean m\u00f4n ch\u00ednh c\u1ee7a ch\u00fang t\u00f4i l\u00e0 c\u00e1c gi\u1ea3i ph\u00e1p gi\u00fap c\u00e1c c\u00f4ng ty qu\u1ea3n l\u00fd \u0111\u1ed9i c\u1ee7a h\u1ecd tr\u00ean th\u1ef1c \u0111\u1ecba. Ch\u00fang t\u00f4i chuy\u00ean ph\u00e1t tri\u1ec3n c\u00e1c h\u1ec7 th\u1ed1ng qu\u1ea3n l\u00fd t\u00e1c v\u1ee5 di \u0111\u1ed9ng, qu\u1ea3n l\u00fd b\u00e1n h\u00e0ng v\u00e0 qu\u1ea3n l\u00fd giao h\u00e0ng. Ch\u00fang t\u00f4i cung c\u1ea5p c\u00e1c gi\u1ea3i ph\u00e1p v\u00e0 d\u1ecbch v\u1ee5 c\u1ea3i thi\u1ec7n qu\u1ea3n l\u00fd h\u1eadu c\u1ea7n cho nhi\u1ec1u lo\u1ea1i h\u00ecnh doanh nghi\u1ec7p kh\u00e1c nhau bao g\u1ed3m doanh nghi\u1ec7p b\u00e1n bu\u00f4n v\u00e0 b\u00e1n l\u1ebb, qu\u1ea3n l\u00fd ch\u1ea5t th\u1ea3i, d\u1ecbch v\u1ee5 kh\u1ea9n c\u1ea5p, d\u1ecbch v\u1ee5 chuy\u1ec3n ph\u00e1t nhanh v\u00e0 b\u1ea5t k\u1ef3 doanh nghi\u1ec7p li\u00ean quan \u0111\u1ebfn d\u1ecbch v\u1ee5 n\u00e0o kh\u00e1c y\u00eau c\u1ea7u theo d\u00f5i th\u1eddi gian th\u1ef1c c\u00e1c \u0111\u01a1n \u0111\u1eb7t h\u00e0ng s\u1ea3n ph\u1ea9m, giao h\u00e0ng, v\u1eadn chuy\u1ec3n h\u00e0ng h\u00f3a, hi\u1ec7n tr\u01b0\u1eddng d\u1ecbch v\u1ee5 v\u00e0 con ng\u01b0\u1eddi.<\/p>\n\t\t\t\t\t\t\t\t<\/div>\n\t\t\t\t<\/div>\n\t\t\t\t<div class=\"elementor-element elementor-element-3cc6940 jltma-glass-effect-no elementor-widget elementor-widget-heading\" data-id=\"3cc6940\" data-element_type=\"widget\" data-e-type=\"widget\" data-widget_type=\"heading.default\">\n\t\t\t\t<div class=\"elementor-widget-container\">\n\t\t\t\t\t<h2 class=\"elementor-heading-title elementor-size-default\">Nhi\u1ec7m v\u1ee5 c\u1ee7a ch\u00fang t\u00f4i l\u00e0<\/h2>\t\t\t\t<\/div>\n\t\t\t\t<\/div>\n\t\t\t\t<div class=\"elementor-element elementor-element-bf56420 jltma-glass-effect-no elementor-widget elementor-widget-text-editor\" data-id=\"bf56420\" data-element_type=\"widget\" data-e-type=\"widget\" data-widget_type=\"text-editor.default\">\n\t\t\t\t<div class=\"elementor-widget-container\">\n\t\t\t\t\t\t\t\t\t<p>\u0111\u1ec3 t\u1ea1o ra c\u00e1c gi\u1ea3i ph\u00e1p CNTT ti\u00ean ti\u1ebfn d\u00e0nh cho m\u1ecdi quy m\u00f4 doanh nghi\u1ec7p. Ch\u00fang t\u00f4i c\u1ed1 g\u1eafng h\u1ebft s\u1ee9c \u0111\u1ec3 x\u00e2y d\u1ef1ng c\u00e1c gi\u1ea3i ph\u00e1p c\u00f3 kh\u1ea3 n\u0103ng s\u1eed d\u1ee5ng t\u1ed1i \u0111a v\u00e0 th\u00e2n thi\u1ec7n v\u1edbi ng\u01b0\u1eddi d\u00f9ng. Th\u00f4ng th\u01b0\u1eddng, kh\u00e1ch h\u00e0ng c\u1ee7a ch\u00fang t\u00f4i th\u1eadm ch\u00ed kh\u00f4ng c\u1ea7n h\u01b0\u1edbng d\u1eabn s\u1eed d\u1ee5ng. C\u00e1c gi\u1ea3i ph\u00e1p n\u00e0y \u0111\u01b0\u1ee3c thi\u1ebft k\u1ebf c\u1ea9n th\u1eadn v\u00e0 t\u00f9y ch\u1ec9nh \u0111\u1ec3 \u0111\u00e1p \u1ee9ng nhu c\u1ea7u c\u1ee5 th\u1ec3 c\u1ee7a t\u1eebng kh\u00e1ch h\u00e0ng. V\u00e0 h\u1ecd gi\u00fap kh\u00e1ch h\u00e0ng c\u1ee7a ch\u00fang t\u00f4i c\u1ea3i thi\u1ec7n quy tr\u00ecnh kinh doanh c\u1ee7a h\u1ecd, t\u0103ng doanh s\u1ed1 b\u00e1n h\u00e0ng, gi\u1ea3m chi ph\u00ed ho\u1ea1t \u0111\u1ed9ng v\u00e0 t\u0103ng l\u1ee3i nhu\u1eadn.<\/p>\n\t\t\t\t\t\t\t\t<\/div>\n\t\t\t\t<\/div>\n\t\t\t\t<div class=\"elementor-element elementor-element-fba2d37 jltma-glass-effect-no elementor-widget elementor-widget-heading\" data-id=\"fba2d37\" data-element_type=\"widget\" data-e-type=\"widget\" data-widget_type=\"heading.default\">\n\t\t\t\t<div class=\"elementor-widget-container\">\n\t\t\t\t\t<h2 class=\"elementor-heading-title elementor-size-default\">Gi\u00e1 tr\u1ecb c\u1ee7a ch\u00fang t\u00f4i:<\/h2>\t\t\t\t<\/div>\n\t\t\t\t<\/div>\n\t\t\t\t<div class=\"elementor-element elementor-element-9a1a737 jltma-glass-effect-no elementor-widget elementor-widget-text-editor\" data-id=\"9a1a737\" data-element_type=\"widget\" data-e-type=\"widget\" data-widget_type=\"text-editor.default\">\n\t\t\t\t<div class=\"elementor-widget-container\">\n\t\t\t\t\t\t\t\t\t<p>Ch\u00fang t\u00f4i ph\u00e1t tri\u1ec3n quan h\u1ec7 \u0111\u1ed1i t\u00e1c l\u00e2u d\u00e0i v\u1edbi t\u1ea5t c\u1ea3 c\u00e1c kh\u00e1ch h\u00e0ng c\u1ee7a m\u00ecnh v\u00ec ch\u00fang t\u00f4i tin r\u1eb1ng \u0111\u00e2y l\u00e0 c\u00e1ch t\u1ed1t nh\u1ea5t \u0111\u1ec3 gi\u00fap kh\u00e1ch h\u00e0ng c\u1ee7a ch\u00fang t\u00f4i nh\u1eadn \u0111\u01b0\u1ee3c nhi\u1ec1u gi\u00e1 tr\u1ecb nh\u1ea5t t\u1eeb c\u00e1c gi\u1ea3i ph\u00e1p c\u1ee7a ch\u00fang t\u00f4i. Do \u0111\u00f3, ch\u00fang t\u00f4i l\u00e0m vi\u1ec7c v\u1edbi kh\u00e1ch h\u00e0ng c\u1ee7a m\u00ecnh \u0111\u1ec3 t\u1ea1o ra gi\u00e1 tr\u1ecb gia t\u0103ng gi\u00fap h\u1ecd v\u01b0\u1ee3t l\u00ean tr\u00ean c\u00e1c \u0111\u1ed1i th\u1ee7 c\u1ea1nh tranh. Nh\u1eefng c\u00f4ng c\u1ee5 ti\u00ean ti\u1ebfn n\u00e0y \u0111\u00e3 \u0111\u01b0\u1ee3c th\u1eed nghi\u1ec7m v\u00e0 ch\u1ee9ng minh l\u00e0 mang l\u1ea1i k\u1ebft qu\u1ea3 v\u01b0\u1ee3t tr\u1ed9i. T\u1ea5t c\u1ea3 c\u00e1c gi\u1ea3i ph\u00e1p c\u1ee7a ch\u00fang t\u00f4i \u0111\u1ec1u cung c\u1ea5p c\u00e1c k\u1ebft qu\u1ea3 c\u00f3 th\u1ec3 \u0111o l\u01b0\u1eddng v\u00e0 ki\u1ec3m ch\u1ee9ng nh\u1eb1m c\u1ea3i thi\u1ec7n hi\u1ec7u qu\u1ea3 v\u00e0 l\u1ee3i nhu\u1eadn c\u1ee7a kh\u00e1ch h\u00e0ng. V\u00e0 do cam k\u1ebft gi\u00fap kh\u00e1ch h\u00e0ng c\u1ee7a ch\u00fang t\u00f4i \u0111\u1ea1t \u0111\u01b0\u1ee3c hi\u1ec7u su\u1ea5t cao nh\u1ea5t qu\u00e1n, ch\u00fang t\u00f4i kh\u00f4ng ng\u1eebng n\u1ed7 l\u1ef1c c\u1ea3i thi\u1ec7n ch\u1ea5t l\u01b0\u1ee3ng d\u1ecbch v\u1ee5 v\u00e0 gi\u1ea3i ph\u00e1p c\u1ee7a m\u00ecnh.<\/p>\n\t\t\t\t\t\t\t\t<\/div>\n\t\t\t\t<\/div>\n\t\t\t\t<div class=\"elementor-element elementor-element-96fafbc jltma-glass-effect-no elementor-widget elementor-widget-heading\" data-id=\"96fafbc\" data-element_type=\"widget\" data-e-type=\"widget\" data-widget_type=\"heading.default\">\n\t\t\t\t<div class=\"elementor-widget-container\">\n\t\t\t\t\t<h2 class=\"elementor-heading-title elementor-size-default\">B\u1eaft \u0111\u1ea7u nh\u1eadn l\u1ee3i \u00edch c\u1ee7a b\u1ea1n ngay b\u00e2y gi\u1edd!<\/h2>\t\t\t\t<\/div>\n\t\t\t\t<\/div>\n\t\t\t\t<div class=\"elementor-element elementor-element-ba20ede jltma-glass-effect-no elementor-widget elementor-widget-text-editor\" data-id=\"ba20ede\" data-element_type=\"widget\" data-e-type=\"widget\" data-widget_type=\"text-editor.default\">\n\t\t\t\t<div class=\"elementor-widget-container\">\n\t\t\t\t\t\t\t\t\t<p>Li\u00ean h\u1ec7 v\u1edbi ch\u00fang t\u00f4i \u0111\u1ec3 bi\u1ebft th\u00eam th\u00f4ng tin ho\u1eb7c y\u00eau c\u1ea7u m\u1ed9t b\u1ea3n demo. Ch\u00fang t\u00f4i s\u1eb5n l\u00f2ng tr\u1ee3 gi\u00fap b\u1eb1ng c\u00e1ch h\u01b0\u1edbng d\u1eabn b\u1ea1n trong su\u1ed1t qu\u00e1 tr\u00ecnh v\u00e0 cung c\u1ea5p t\u1ea5t c\u1ea3 c\u00e1c h\u1ed7 tr\u1ee3 c\u1ea7n thi\u1ebft \u0111\u01b0\u1ee3c y\u00eau c\u1ea7u. B\u1eaft \u0111\u1ea7u d\u00f9ng th\u1eed mi\u1ec5n ph\u00ed v\u00e0 t\u1ef1 xem b\u1ea1n c\u00f3 th\u1ec3 ti\u1ebft ki\u1ec7m \u0111\u01b0\u1ee3c bao nhi\u00eau ti\u1ec1n v\u00e0 th\u1eddi gian. H\u00e0nh \u0111\u1ed9ng ngay!<\/p>\n\t\t\t\t\t\t\t\t<\/div>\n\t\t\t\t<\/div>\n\t\t\t\t\t<\/div>\n\t\t<\/div>\n\t\t\t\t\t<\/div>\n\t\t<\/section>\n\t\t\t\t<\/div>\n\t\t","protected":false},"excerpt":{"rendered":"<p>Gi\u1edbi thi\u1ec7u v\u1ec1 Logtime Tham gia c\u00f9ng h\u01a1n 1000 c\u00f4ng ty t\u0103ng t\u1ed1c h\u1ec7 th\u1ed1ng ph\u00e2n ph\u1ed1i c\u1ee7a h\u1ecd v\u1edbi Logdis Ch\u00fang ta l\u00e0 ai Logtime l\u00e0 m\u1ed9t \u0111\u1ed9i ng\u0169 gi\u00e0u kinh nghi\u1ec7m g\u1ed3m c\u00e1c chuy\u00ean gia tay ngh\u1ec1 cao. Ch\u00fang t\u00f4i \u0111\u1ebfn t\u1eeb c\u00e1c th\u00e0nh ph\u1ed1 kh\u00e1c nhau, ch\u00fang t\u00f4i \u1edf \u0111\u1ed9 tu\u1ed5i kh\u00e1c [&hellip;]<\/p>\n","protected":false},"author":1,"featured_media":0,"parent":0,"menu_order":0,"comment_status":"closed","ping_status":"closed","template":"elementor_header_footer","meta":{"footnotes":""},"class_list":["post-25815","page","type-page","status-publish","hentry"],"yoast_head":"<!-- This site is optimized with the Yoast SEO plugin v26.8 - https:\/\/yoast.com\/product\/yoast-seo-wordpress\/ -->\n<title>V\u1ec1 ch\u00fang t\u00f4i - Logdio - delivery management tool - t\u1ea5t c\u1ea3 trong m\u1ed9t gi\u1ea3i ph\u00e1p!<\/title>\n<meta name=\"description\" content=\"Ph\u1ea7n m\u1ec1m qu\u1ea3n l\u00fd giao h\u00e0ng Logdio. T\u1ea5t c\u1ea3 trong m\u1ed9t gi\u1ea3i ph\u00e1p di \u0111\u1ed9ng \u0111\u1ec3 t\u1ed1i \u01b0u h\u00f3a tuy\u1ebfn \u0111\u01b0\u1eddng v\u00e0 theo d\u00f5i giao h\u00e0ng theo th\u1eddi gian th\u1ef1c. Nh\u1ea5n v\u00e0o \u0111\u00e2y \u0111\u1ec3 bi\u1ebft th\u00eam v\u1ec1 ch\u00fang t\u00f4i.\" \/>\n<meta name=\"robots\" content=\"index, follow, max-snippet:-1, max-image-preview:large, max-video-preview:-1\" \/>\n<link rel=\"canonical\" href=\"https:\/\/logdio.com\/vi\/ve-chung-toi\/\" \/>\n<meta property=\"og:locale\" content=\"vi_VN\" \/>\n<meta property=\"og:type\" content=\"article\" \/>\n<meta property=\"og:title\" content=\"V\u1ec1 ch\u00fang t\u00f4i - Logdio - delivery management tool - t\u1ea5t c\u1ea3 trong m\u1ed9t gi\u1ea3i ph\u00e1p!\" \/>\n<meta property=\"og:description\" content=\"Ph\u1ea7n m\u1ec1m qu\u1ea3n l\u00fd giao h\u00e0ng Logdio. T\u1ea5t c\u1ea3 trong m\u1ed9t gi\u1ea3i ph\u00e1p di \u0111\u1ed9ng \u0111\u1ec3 t\u1ed1i \u01b0u h\u00f3a tuy\u1ebfn \u0111\u01b0\u1eddng v\u00e0 theo d\u00f5i giao h\u00e0ng theo th\u1eddi gian th\u1ef1c. Nh\u1ea5n v\u00e0o \u0111\u00e2y \u0111\u1ec3 bi\u1ebft th\u00eam v\u1ec1 ch\u00fang t\u00f4i.\" \/>\n<meta property=\"og:url\" content=\"https:\/\/logdio.com\/vi\/ve-chung-toi\/\" \/>\n<meta property=\"og:site_name\" content=\"Logdio - delivery management tool\" \/>\n<meta property=\"article:publisher\" content=\"https:\/\/www.facebook.com\/logtime.eu\/\" \/>\n<meta property=\"article:modified_time\" content=\"2023-08-20T21:08:55+00:00\" \/>\n<meta name=\"twitter:card\" content=\"summary_large_image\" \/>\n<meta name=\"twitter:label1\" content=\"Est. reading time\" \/>\n\t<meta name=\"twitter:data1\" content=\"5 minutes\" \/>\n<script type=\"application\/ld+json\" class=\"yoast-schema-graph\">{\"@context\":\"https:\/\/schema.org\",\"@graph\":[{\"@type\":\"WebPage\",\"@id\":\"https:\/\/logdio.com\/vi\/ve-chung-toi\/\",\"url\":\"https:\/\/logdio.com\/vi\/ve-chung-toi\/\",\"name\":\"V\u1ec1 ch\u00fang t\u00f4i - Logdio - delivery management tool - t\u1ea5t c\u1ea3 trong m\u1ed9t gi\u1ea3i ph\u00e1p!\",\"isPartOf\":{\"@id\":\"https:\/\/logdio.com\/vi\/#website\"},\"datePublished\":\"2022-04-13T12:09:38+00:00\",\"dateModified\":\"2023-08-20T21:08:55+00:00\",\"description\":\"Ph\u1ea7n m\u1ec1m qu\u1ea3n l\u00fd giao h\u00e0ng Logdio. T\u1ea5t c\u1ea3 trong m\u1ed9t gi\u1ea3i ph\u00e1p di \u0111\u1ed9ng \u0111\u1ec3 t\u1ed1i \u01b0u h\u00f3a tuy\u1ebfn \u0111\u01b0\u1eddng v\u00e0 theo d\u00f5i giao h\u00e0ng theo th\u1eddi gian th\u1ef1c. Nh\u1ea5n v\u00e0o \u0111\u00e2y \u0111\u1ec3 bi\u1ebft th\u00eam v\u1ec1 ch\u00fang t\u00f4i.\",\"breadcrumb\":{\"@id\":\"https:\/\/logdio.com\/vi\/ve-chung-toi\/#breadcrumb\"},\"inLanguage\":\"vi-VN\",\"potentialAction\":[{\"@type\":\"ReadAction\",\"target\":[\"https:\/\/logdio.com\/vi\/ve-chung-toi\/\"]}]},{\"@type\":\"BreadcrumbList\",\"@id\":\"https:\/\/logdio.com\/vi\/ve-chung-toi\/#breadcrumb\",\"itemListElement\":[{\"@type\":\"ListItem\",\"position\":1,\"name\":\"Home\",\"item\":\"https:\/\/logdio.com\/vi\/nha\/\"},{\"@type\":\"ListItem\",\"position\":2,\"name\":\"V\u1ec1 ch\u00fang t\u00f4i\"}]},{\"@type\":\"WebSite\",\"@id\":\"https:\/\/logdio.com\/vi\/#website\",\"url\":\"https:\/\/logdio.com\/vi\/\",\"name\":\"Logdio - delivery management tool\",\"description\":\"Next level delivery management software\",\"publisher\":{\"@id\":\"https:\/\/logdio.com\/vi\/#organization\"},\"potentialAction\":[{\"@type\":\"SearchAction\",\"target\":{\"@type\":\"EntryPoint\",\"urlTemplate\":\"https:\/\/logdio.com\/vi\/?s={search_term_string}\"},\"query-input\":{\"@type\":\"PropertyValueSpecification\",\"valueRequired\":true,\"valueName\":\"search_term_string\"}}],\"inLanguage\":\"vi-VN\"},{\"@type\":\"Organization\",\"@id\":\"https:\/\/logdio.com\/vi\/#organization\",\"name\":\"Logdio\",\"url\":\"https:\/\/logdio.com\/vi\/\",\"logo\":{\"@type\":\"ImageObject\",\"inLanguage\":\"vi-VN\",\"@id\":\"https:\/\/logdio.com\/vi\/#\/schema\/logo\/image\/\",\"url\":\"https:\/\/logdio.com\/wp-content\/uploads\/2021\/05\/Logdio.svg\",\"contentUrl\":\"https:\/\/logdio.com\/wp-content\/uploads\/2021\/05\/Logdio.svg\",\"width\":4.44919,\"height\":1.1285,\"caption\":\"Logdio\"},\"image\":{\"@id\":\"https:\/\/logdio.com\/vi\/#\/schema\/logo\/image\/\"},\"sameAs\":[\"https:\/\/www.facebook.com\/logtime.eu\/\",\"https:\/\/www.linkedin.com\/company\/logtime\"]}]}<\/script>\n<!-- \/ Yoast SEO plugin. -->","yoast_head_json":{"title":"V\u1ec1 ch\u00fang t\u00f4i - Logdio - delivery management tool - t\u1ea5t c\u1ea3 trong m\u1ed9t gi\u1ea3i ph\u00e1p!","description":"Ph\u1ea7n m\u1ec1m qu\u1ea3n l\u00fd giao h\u00e0ng Logdio. T\u1ea5t c\u1ea3 trong m\u1ed9t gi\u1ea3i ph\u00e1p di \u0111\u1ed9ng \u0111\u1ec3 t\u1ed1i \u01b0u h\u00f3a tuy\u1ebfn \u0111\u01b0\u1eddng v\u00e0 theo d\u00f5i giao h\u00e0ng theo th\u1eddi gian th\u1ef1c. Nh\u1ea5n v\u00e0o \u0111\u00e2y \u0111\u1ec3 bi\u1ebft th\u00eam v\u1ec1 ch\u00fang t\u00f4i.","robots":{"index":"index","follow":"follow","max-snippet":"max-snippet:-1","max-image-preview":"max-image-preview:large","max-video-preview":"max-video-preview:-1"},"canonical":"https:\/\/logdio.com\/vi\/ve-chung-toi\/","og_locale":"vi_VN","og_type":"article","og_title":"V\u1ec1 ch\u00fang t\u00f4i - Logdio - delivery management tool - t\u1ea5t c\u1ea3 trong m\u1ed9t gi\u1ea3i ph\u00e1p!","og_description":"Ph\u1ea7n m\u1ec1m qu\u1ea3n l\u00fd giao h\u00e0ng Logdio. T\u1ea5t c\u1ea3 trong m\u1ed9t gi\u1ea3i ph\u00e1p di \u0111\u1ed9ng \u0111\u1ec3 t\u1ed1i \u01b0u h\u00f3a tuy\u1ebfn \u0111\u01b0\u1eddng v\u00e0 theo d\u00f5i giao h\u00e0ng theo th\u1eddi gian th\u1ef1c. Nh\u1ea5n v\u00e0o \u0111\u00e2y \u0111\u1ec3 bi\u1ebft th\u00eam v\u1ec1 ch\u00fang t\u00f4i.","og_url":"https:\/\/logdio.com\/vi\/ve-chung-toi\/","og_site_name":"Logdio - delivery management tool","article_publisher":"https:\/\/www.facebook.com\/logtime.eu\/","article_modified_time":"2023-08-20T21:08:55+00:00","twitter_card":"summary_large_image","twitter_misc":{"Est. reading time":"5 minutes"},"schema":{"@context":"https:\/\/schema.org","@graph":[{"@type":"WebPage","@id":"https:\/\/logdio.com\/vi\/ve-chung-toi\/","url":"https:\/\/logdio.com\/vi\/ve-chung-toi\/","name":"V\u1ec1 ch\u00fang t\u00f4i - Logdio - delivery management tool - t\u1ea5t c\u1ea3 trong m\u1ed9t gi\u1ea3i ph\u00e1p!","isPartOf":{"@id":"https:\/\/logdio.com\/vi\/#website"},"datePublished":"2022-04-13T12:09:38+00:00","dateModified":"2023-08-20T21:08:55+00:00","description":"Ph\u1ea7n m\u1ec1m qu\u1ea3n l\u00fd giao h\u00e0ng Logdio. T\u1ea5t c\u1ea3 trong m\u1ed9t gi\u1ea3i ph\u00e1p di \u0111\u1ed9ng \u0111\u1ec3 t\u1ed1i \u01b0u h\u00f3a tuy\u1ebfn \u0111\u01b0\u1eddng v\u00e0 theo d\u00f5i giao h\u00e0ng theo th\u1eddi gian th\u1ef1c. Nh\u1ea5n v\u00e0o \u0111\u00e2y \u0111\u1ec3 bi\u1ebft th\u00eam v\u1ec1 ch\u00fang t\u00f4i.","breadcrumb":{"@id":"https:\/\/logdio.com\/vi\/ve-chung-toi\/#breadcrumb"},"inLanguage":"vi-VN","potentialAction":[{"@type":"ReadAction","target":["https:\/\/logdio.com\/vi\/ve-chung-toi\/"]}]},{"@type":"BreadcrumbList","@id":"https:\/\/logdio.com\/vi\/ve-chung-toi\/#breadcrumb","itemListElement":[{"@type":"ListItem","position":1,"name":"Home","item":"https:\/\/logdio.com\/vi\/nha\/"},{"@type":"ListItem","position":2,"name":"V\u1ec1 ch\u00fang t\u00f4i"}]},{"@type":"WebSite","@id":"https:\/\/logdio.com\/vi\/#website","url":"https:\/\/logdio.com\/vi\/","name":"Logdio - delivery management tool","description":"Next level delivery management software","publisher":{"@id":"https:\/\/logdio.com\/vi\/#organization"},"potentialAction":[{"@type":"SearchAction","target":{"@type":"EntryPoint","urlTemplate":"https:\/\/logdio.com\/vi\/?s={search_term_string}"},"query-input":{"@type":"PropertyValueSpecification","valueRequired":true,"valueName":"search_term_string"}}],"inLanguage":"vi-VN"},{"@type":"Organization","@id":"https:\/\/logdio.com\/vi\/#organization","name":"Logdio","url":"https:\/\/logdio.com\/vi\/","logo":{"@type":"ImageObject","inLanguage":"vi-VN","@id":"https:\/\/logdio.com\/vi\/#\/schema\/logo\/image\/","url":"https:\/\/logdio.com\/wp-content\/uploads\/2021\/05\/Logdio.svg","contentUrl":"https:\/\/logdio.com\/wp-content\/uploads\/2021\/05\/Logdio.svg","width":4.44919,"height":1.1285,"caption":"Logdio"},"image":{"@id":"https:\/\/logdio.com\/vi\/#\/schema\/logo\/image\/"},"sameAs":["https:\/\/www.facebook.com\/logtime.eu\/","https:\/\/www.linkedin.com\/company\/logtime"]}]}},"_links":{"self":[{"href":"https:\/\/logdio.com\/vi\/wp-json\/wp\/v2\/pages\/25815","targetHints":{"allow":["GET"]}}],"collection":[{"href":"https:\/\/logdio.com\/vi\/wp-json\/wp\/v2\/pages"}],"about":[{"href":"https:\/\/logdio.com\/vi\/wp-json\/wp\/v2\/types\/page"}],"author":[{"embeddable":true,"href":"https:\/\/logdio.com\/vi\/wp-json\/wp\/v2\/users\/1"}],"replies":[{"embeddable":true,"href":"https:\/\/logdio.com\/vi\/wp-json\/wp\/v2\/comments?post=25815"}],"version-history":[{"count":2,"href":"https:\/\/logdio.com\/vi\/wp-json\/wp\/v2\/pages\/25815\/revisions"}],"predecessor-version":[{"id":26979,"href":"https:\/\/logdio.com\/vi\/wp-json\/wp\/v2\/pages\/25815\/revisions\/26979"}],"wp:attachment":[{"href":"https:\/\/logdio.com\/vi\/wp-json\/wp\/v2\/media?parent=25815"}],"curies":[{"name":"wp","href":"https:\/\/api.w.org\/{rel}","templated":true}]}}