{"id":23808,"date":"2022-04-13T15:05:22","date_gmt":"2022-04-13T12:05:22","guid":{"rendered":"https:\/\/logdio.com\/phan-mem-di-chuyen\/"},"modified":"2022-04-13T15:08:22","modified_gmt":"2022-04-13T12:08:22","slug":"phan-mem-di-chuyen","status":"publish","type":"page","link":"https:\/\/logdio.com\/vi\/phan-mem-di-chuyen\/","title":{"rendered":"Ph\u1ea7n m\u1ec1m di chuy\u1ec3n"},"content":{"rendered":"\t\t<div data-elementor-type=\"wp-page\" data-elementor-id=\"23808\" class=\"elementor elementor-23808 elementor-1057\" data-elementor-post-type=\"page\">\n\t\t\t\t\t\t<section class=\"has_ma_el_bg_slider elementor-section elementor-top-section elementor-element elementor-element-4c6dc8e elementor-section-boxed elementor-section-height-default elementor-section-height-default jltma-glass-effect-no\" data-id=\"4c6dc8e\" data-element_type=\"section\" data-e-type=\"section\" data-settings=\"{&quot;jet_parallax_layout_list&quot;:[{&quot;jet_parallax_layout_image&quot;:{&quot;url&quot;:&quot;&quot;,&quot;id&quot;:&quot;&quot;,&quot;size&quot;:&quot;&quot;},&quot;_id&quot;:&quot;0cca513&quot;,&quot;jet_parallax_layout_image_tablet&quot;:{&quot;url&quot;:&quot;&quot;,&quot;id&quot;:&quot;&quot;,&quot;size&quot;:&quot;&quot;},&quot;jet_parallax_layout_image_mobile&quot;:{&quot;url&quot;:&quot;&quot;,&quot;id&quot;:&quot;&quot;,&quot;size&quot;:&quot;&quot;},&quot;jet_parallax_layout_speed&quot;:{&quot;unit&quot;:&quot;%&quot;,&quot;size&quot;:50,&quot;sizes&quot;:[]},&quot;jet_parallax_layout_type&quot;:&quot;scroll&quot;,&quot;jet_parallax_layout_direction&quot;:null,&quot;jet_parallax_layout_fx_direction&quot;:null,&quot;jet_parallax_layout_z_index&quot;:&quot;&quot;,&quot;jet_parallax_layout_bg_x&quot;:50,&quot;jet_parallax_layout_bg_x_tablet&quot;:&quot;&quot;,&quot;jet_parallax_layout_bg_x_mobile&quot;:&quot;&quot;,&quot;jet_parallax_layout_bg_y&quot;:50,&quot;jet_parallax_layout_bg_y_tablet&quot;:&quot;&quot;,&quot;jet_parallax_layout_bg_y_mobile&quot;:&quot;&quot;,&quot;jet_parallax_layout_bg_size&quot;:&quot;auto&quot;,&quot;jet_parallax_layout_bg_size_tablet&quot;:&quot;&quot;,&quot;jet_parallax_layout_bg_size_mobile&quot;:&quot;&quot;,&quot;jet_parallax_layout_animation_prop&quot;:&quot;transform&quot;,&quot;jet_parallax_layout_on&quot;:[&quot;desktop&quot;,&quot;tablet&quot;]}]}\">\n\t\t\t\t\t\t<div class=\"elementor-container elementor-column-gap-default\">\n\t\t\t\t\t<div class=\"has_ma_el_bg_slider elementor-column elementor-col-100 elementor-top-column elementor-element elementor-element-d0dcb32 jltma-glass-effect-no\" data-id=\"d0dcb32\" data-element_type=\"column\" data-e-type=\"column\">\n\t\t\t<div class=\"elementor-widget-wrap elementor-element-populated\">\n\t\t\t\t\t\t<div class=\"elementor-element elementor-element-39d830a jltma-glass-effect-no elementor-widget elementor-widget-heading\" data-id=\"39d830a\" data-element_type=\"widget\" data-e-type=\"widget\" data-widget_type=\"heading.default\">\n\t\t\t\t<div class=\"elementor-widget-container\">\n\t\t\t\t\t<h1 class=\"elementor-heading-title elementor-size-default\">Ph\u1ea7n m\u1ec1m di chuy\u1ec3n<\/h1>\t\t\t\t<\/div>\n\t\t\t\t<\/div>\n\t\t\t\t\t<\/div>\n\t\t<\/div>\n\t\t\t\t\t<\/div>\n\t\t<\/section>\n\t\t\t\t<section class=\"has_ma_el_bg_slider elementor-section elementor-top-section elementor-element elementor-element-dbf48eb elementor-section-boxed elementor-section-height-default elementor-section-height-default jltma-glass-effect-no\" data-id=\"dbf48eb\" data-element_type=\"section\" data-e-type=\"section\" data-settings=\"{&quot;jet_parallax_layout_list&quot;:[{&quot;jet_parallax_layout_image&quot;:{&quot;url&quot;:&quot;&quot;,&quot;id&quot;:&quot;&quot;,&quot;size&quot;:&quot;&quot;},&quot;_id&quot;:&quot;d626da6&quot;,&quot;jet_parallax_layout_image_tablet&quot;:{&quot;url&quot;:&quot;&quot;,&quot;id&quot;:&quot;&quot;,&quot;size&quot;:&quot;&quot;},&quot;jet_parallax_layout_image_mobile&quot;:{&quot;url&quot;:&quot;&quot;,&quot;id&quot;:&quot;&quot;,&quot;size&quot;:&quot;&quot;},&quot;jet_parallax_layout_speed&quot;:{&quot;unit&quot;:&quot;%&quot;,&quot;size&quot;:50,&quot;sizes&quot;:[]},&quot;jet_parallax_layout_type&quot;:&quot;scroll&quot;,&quot;jet_parallax_layout_direction&quot;:null,&quot;jet_parallax_layout_fx_direction&quot;:null,&quot;jet_parallax_layout_z_index&quot;:&quot;&quot;,&quot;jet_parallax_layout_bg_x&quot;:50,&quot;jet_parallax_layout_bg_x_tablet&quot;:&quot;&quot;,&quot;jet_parallax_layout_bg_x_mobile&quot;:&quot;&quot;,&quot;jet_parallax_layout_bg_y&quot;:50,&quot;jet_parallax_layout_bg_y_tablet&quot;:&quot;&quot;,&quot;jet_parallax_layout_bg_y_mobile&quot;:&quot;&quot;,&quot;jet_parallax_layout_bg_size&quot;:&quot;auto&quot;,&quot;jet_parallax_layout_bg_size_tablet&quot;:&quot;&quot;,&quot;jet_parallax_layout_bg_size_mobile&quot;:&quot;&quot;,&quot;jet_parallax_layout_animation_prop&quot;:&quot;transform&quot;,&quot;jet_parallax_layout_on&quot;:[&quot;desktop&quot;,&quot;tablet&quot;]}]}\">\n\t\t\t\t\t\t<div class=\"elementor-container elementor-column-gap-default\">\n\t\t\t\t\t<div class=\"has_ma_el_bg_slider elementor-column elementor-col-100 elementor-top-column elementor-element elementor-element-07ff841 jltma-glass-effect-no\" data-id=\"07ff841\" data-element_type=\"column\" data-e-type=\"column\">\n\t\t\t<div class=\"elementor-widget-wrap elementor-element-populated\">\n\t\t\t\t\t\t<div class=\"elementor-element elementor-element-6003307 jltma-glass-effect-no elementor-widget elementor-widget-text-editor\" data-id=\"6003307\" data-element_type=\"widget\" data-e-type=\"widget\" data-widget_type=\"text-editor.default\">\n\t\t\t\t<div class=\"elementor-widget-container\">\n\t\t\t\t\t\t\t\t\t<p>Di chuy\u1ec3n kh\u00f4ng bao gi\u1edd l\u00e0 m\u1ed9t tr\u1ea3i nghi\u1ec7m tuy\u1ec7t v\u1eddi, cho d\u00f9 b\u1ea1n c\u00f3 c\u1ed1 g\u1eafng t\u1ea1o ra n\u00f3 th\u00fa v\u1ecb nh\u01b0 th\u1ebf n\u00e0o \u0111i ch\u0103ng n\u1eefa. \u0110\u00f3ng g\u00f3i v\u00e0 v\u1eadn chuy\u1ec3n m\u1ecdi th\u1ee9 th\u1ef1c s\u1ef1 kh\u00f3 ch\u1ecbu. Nh\u01b0ng \u0111\u1ed1i v\u1edbi m\u1ed9t c\u00f4ng ty chuy\u1ec3n nh\u00e0, \u0111\u00f3 kh\u00f4ng ph\u1ea3i l\u00e0 m\u1ed9t tr\u1ea3i nghi\u1ec7m c\u0103ng th\u1eb3ng m\u00e0 ch\u1ec9 l\u00e0 m\u1ed9t ng\u00e0y l\u00e0m vi\u1ec7c kh\u00e1c. V\u00ec v\u1eady, doanh nghi\u1ec7p di chuy\u1ec3n c\u1ea7n ph\u1ea7n m\u1ec1m di chuy\u1ec3n \u0111\u1ec3 t\u0103ng hi\u1ec7u qu\u1ea3 c\u1ee7a n\u00f3. <\/p><p> <\/p><h2><strong>Ph\u1ea7n m\u1ec1m di chuy\u1ec3n l\u00e0 g\u00ec?<\/strong><\/h2><p>Ph\u1ea7n m\u1ec1m chuy\u1ec3n c\u00f4ng ty l\u00e0 c\u00f4ng c\u1ee5 m\u00e0 c\u00f4ng ty chuy\u1ec3n nh\u00e0 c\u1ee7a b\u1ea1n c\u1ea7n. Cho d\u00f9 b\u1ea1n \u0111ang \u0111i\u1ec1u h\u00e0nh m\u1ed9t doanh nghi\u1ec7p ri\u00eang l\u1ebb hay c\u00f3 nh\u01b0\u1ee3ng quy\u1ec1n tr\u00ean to\u00e0n qu\u1ed1c, ph\u1ea7n m\u1ec1m di chuy\u1ec3n c\u00f3 th\u1ec3 t\u1ed1i \u0111a h\u00f3a doanh s\u1ed1 b\u00e1n h\u00e0ng, ti\u1ebfp th\u1ecb, ho\u1ea1t \u0111\u1ed9ng v\u00e0 l\u1ee3i nhu\u1eadn c\u1ee7a b\u1ea1n.<\/p><p>H\u01a1n n\u1eefa, ph\u1ea7n m\u1ec1m di chuy\u1ec3n th\u00f4ng minh gi\u00fap b\u1ea1n t\u1ed1i \u01b0u h\u00f3a ho\u1ea1t \u0111\u1ed9ng, gi\u00e0nh \u0111\u01b0\u1ee3c nhi\u1ec1u chi\u1ebfn th\u1eafng h\u01a1n, x\u00e2y d\u1ef1ng tr\u00e1ch nhi\u1ec7m gi\u1ea3i tr\u00ecnh, n\u00e2ng cao ch\u1ea5t l\u01b0\u1ee3ng d\u1ecbch v\u1ee5 v\u00e0 \u0111\u1ea1t \u0111\u01b0\u1ee3c ti\u1ec1m n\u0103ng l\u1ee3i nhu\u1eadn \u0111\u1ea7y \u0111\u1ee7.<\/p><p>Ph\u1ea7n m\u1ec1m n\u00e0y c\u00f3 th\u1ec3 th\u1ef1c hi\u1ec7n c\u00e1c ch\u1ee9c n\u0103ng sau:<\/p><ul><li>Qu\u1ea3n l\u00fd \u0111\u01a1n h\u00e0ng c\u00f4ng vi\u1ec7c<\/li><li>L\u00ean l\u1ecbch cu\u1ed9c h\u1eb9n<\/li><li>Qu\u1ea3n l\u00fd li\u00ean h\u1ec7<\/li><li>C\u00e1c kho\u1ea3n ph\u1ea3i tr\u1ea3 v\u00e0 ph\u1ea3i thu <\/li><li>Ngu\u1ed3n cung c\u1ea5p c\u00f4ng vi\u1ec7c v\u00e0 m\u00e1y t\u00ednh \u01b0\u1edbc t\u00ednh<\/li><\/ul><p>Nh\u1eefng kh\u1ea3 n\u0103ng n\u00e0y c\u00f3 th\u1ec3 h\u1ed7 tr\u1ee3 c\u00e1c c\u00f4ng ty t\u1eeb khi b\u1eaft \u0111\u1ea7u cho \u0111\u1ebfn khi k\u1ebft th\u00fac c\u00f4ng vi\u1ec7c. Ph\u1ea7n m\u1ec1m di chuy\u1ec3n c\u0169ng bao g\u1ed3m c\u00e1c kh\u1ea3 n\u0103ng ti\u1ebfp th\u1ecb gi\u00fap b\u1ea1n x\u00e2y d\u1ef1ng m\u1ed1i quan h\u1ec7 v\u1edbi kh\u00e1ch h\u00e0ng c\u1ee7a m\u00ecnh. <\/p><p> <\/p><h2><strong>Ph\u1ea7n m\u1ec1m di chuy\u1ec3n n\u00e0o \u0111\u1ec3 s\u1eed d\u1ee5ng?<\/strong> <\/h2><p>Ph\u1ea7n m\u1ec1m di chuy\u1ec3n l\u00e0m t\u0103ng \u0111\u00e1ng k\u1ec3 kh\u1ea3 n\u0103ng c\u1ee7a doanh nghi\u1ec7p trong vi\u1ec7c cung c\u1ea5p nh\u1eefng tr\u1ea3i nghi\u1ec7m th\u00fa v\u1ecb cho kh\u00e1ch h\u00e0ng c\u1ee7a h\u1ecd. Nh\u01b0ng c\u00f3 r\u1ea5t nhi\u1ec1u ph\u1ea7n m\u1ec1m chuy\u1ec3n c\u00f4ng ty tr\u00ean th\u1ecb tr\u01b0\u1eddng d\u00e0nh cho c\u00e1c doanh nghi\u1ec7p chuy\u1ec3n nh\u00e0. Ch\u1ecdn ph\u01b0\u01a1ng \u00e1n t\u1ed1t nh\u1ea5t c\u00f3 th\u1ec3 l\u00e0 m\u1ed9t nhi\u1ec7m v\u1ee5 kh\u00f3 kh\u0103n. <\/p><p>\u1ede \u0111\u00e2y ch\u00fang t\u00f4i s\u1ebd g\u1ee3i \u00fd b\u1ea1n d\u00f9ng th\u1eed Lodgio. Cho d\u00f9 b\u1ea1n ch\u1ec9 m\u1edbi b\u1eaft \u0111\u1ea7u hay b\u1ea1n l\u00e0 ch\u1ee7 doanh nghi\u1ec7p c\u00f3 kinh nghi\u1ec7m, Logdio cung c\u1ea5p c\u00e1c t\u00e0i nguy\u00ean v\u00e0 h\u1ed7 tr\u1ee3 chuy\u00ean gia \u0111\u1ec3 \u0111\u1ea3m b\u1ea3o th\u00e0nh c\u00f4ng c\u1ee7a b\u1ea1n.<\/p><p>CRM chuy\u1ec3n c\u00f4ng ty s\u1ebd cho ph\u00e9p b\u1ea1n x\u1eed l\u00fd t\u1ea5t c\u1ea3 c\u00e1c nhi\u1ec7m v\u1ee5 nh\u01b0 \u0111i\u1ec1u ph\u1ed1i, theo d\u00f5i GPS v\u00e0 k\u1ebft th\u00fac vi\u1ec7c di chuy\u1ec3n th\u00f4ng qua m\u1ed9t thi\u1ebft b\u1ecb di \u0111\u1ed9ng. B\u1ea1n c\u0169ng c\u00f3 th\u1ec3 d\u00f9ng th\u1eed mi\u1ec5n ph\u00ed 14 ng\u00e0y v\u00e0 th\u00f4ng b\u00e1o k\u1ebft qu\u1ea3. <\/p><p>N\u1ebfu b\u1ea1n c\u00f3 b\u1ea5t k\u1ef3 c\u00e2u h\u1ecfi n\u00e0o li\u00ean quan \u0111\u1ebfn ph\u1ea7n m\u1ec1m di chuy\u1ec3n, vui l\u00f2ng li\u00ean h\u1ec7 v\u1edbi ch\u00fang t\u00f4i. <\/p><p> <\/p>\t\t\t\t\t\t\t\t<\/div>\n\t\t\t\t<\/div>\n\t\t\t\t\t<\/div>\n\t\t<\/div>\n\t\t\t\t\t<\/div>\n\t\t<\/section>\n\t\t\t\t<\/div>\n\t\t","protected":false},"excerpt":{"rendered":"<p>Di chuy\u1ec3n kh\u00f4ng bao gi\u1edd l\u00e0 m\u1ed9t tr\u1ea3i nghi\u1ec7m tuy\u1ec7t v\u1eddi, cho d\u00f9 b\u1ea1n c\u00f3 c\u1ed1 g\u1eafng t\u1ea1o ra n\u00f3 th\u00fa v\u1ecb nh\u01b0 th\u1ebf n\u00e0o \u0111i ch\u0103ng n\u1eefa. \u0110\u00f3ng g\u00f3i v\u00e0 v\u1eadn chuy\u1ec3n m\u1ecdi th\u1ee9 th\u1ef1c s\u1ef1 kh\u00f3 ch\u1ecbu. Nh\u01b0ng \u0111\u1ed1i v\u1edbi m\u1ed9t c\u00f4ng ty chuy\u1ec3n nh\u00e0, \u0111\u00f3 kh\u00f4ng ph\u1ea3i l\u00e0 m\u1ed9t tr\u1ea3i nghi\u1ec7m c\u0103ng [&hellip;]<\/p>\n","protected":false},"author":1,"featured_media":0,"parent":0,"menu_order":0,"comment_status":"closed","ping_status":"closed","template":"elementor_header_footer","meta":{"footnotes":""},"class_list":["post-23808","page","type-page","status-publish","hentry"],"yoast_head":"<!-- This site is optimized with the Yoast SEO plugin v26.8 - https:\/\/yoast.com\/product\/yoast-seo-wordpress\/ -->\n<title>Ph\u1ea7n m\u1ec1m di chuy\u1ec3n - Logdio - delivery management tool<\/title>\n<meta name=\"description\" content=\"L\u1eadp k\u1ebf ho\u1ea1ch n\u0103ng l\u1ef1c l\u00e0 m\u1ed9t qu\u00e1 tr\u00ecnh x\u00e1c \u0111\u1ecbnh li\u1ec7u b\u1ea1n c\u00f3 k\u1ef9 n\u0103ng v\u00e0 ngu\u1ed3n cung c\u1ea5p \u0111\u1ec3 th\u1ef1c hi\u1ec7n c\u00f4ng vi\u1ec7c hay kh\u00f4ng.\" \/>\n<meta name=\"robots\" content=\"index, follow, max-snippet:-1, max-image-preview:large, max-video-preview:-1\" \/>\n<link rel=\"canonical\" href=\"https:\/\/logdio.com\/vi\/phan-mem-di-chuyen\/\" \/>\n<meta property=\"og:locale\" content=\"vi_VN\" \/>\n<meta property=\"og:type\" content=\"article\" \/>\n<meta property=\"og:title\" content=\"Ph\u1ea7n m\u1ec1m di chuy\u1ec3n - Logdio - delivery management tool\" \/>\n<meta property=\"og:description\" content=\"L\u1eadp k\u1ebf ho\u1ea1ch n\u0103ng l\u1ef1c l\u00e0 m\u1ed9t qu\u00e1 tr\u00ecnh x\u00e1c \u0111\u1ecbnh li\u1ec7u b\u1ea1n c\u00f3 k\u1ef9 n\u0103ng v\u00e0 ngu\u1ed3n cung c\u1ea5p \u0111\u1ec3 th\u1ef1c hi\u1ec7n c\u00f4ng vi\u1ec7c hay kh\u00f4ng.\" \/>\n<meta property=\"og:url\" content=\"https:\/\/logdio.com\/vi\/phan-mem-di-chuyen\/\" \/>\n<meta property=\"og:site_name\" content=\"Logdio - delivery management tool\" \/>\n<meta property=\"article:publisher\" content=\"https:\/\/www.facebook.com\/logtime.eu\/\" \/>\n<meta property=\"article:modified_time\" content=\"2022-04-13T12:08:22+00:00\" \/>\n<meta name=\"twitter:card\" content=\"summary_large_image\" \/>\n<meta name=\"twitter:label1\" content=\"Est. reading time\" \/>\n\t<meta name=\"twitter:data1\" content=\"4 minutes\" \/>\n<script type=\"application\/ld+json\" class=\"yoast-schema-graph\">{\"@context\":\"https:\/\/schema.org\",\"@graph\":[{\"@type\":\"WebPage\",\"@id\":\"https:\/\/logdio.com\/vi\/phan-mem-di-chuyen\/\",\"url\":\"https:\/\/logdio.com\/vi\/phan-mem-di-chuyen\/\",\"name\":\"Ph\u1ea7n m\u1ec1m di chuy\u1ec3n - Logdio - delivery management tool\",\"isPartOf\":{\"@id\":\"https:\/\/logdio.com\/vi\/#website\"},\"datePublished\":\"2022-04-13T12:05:22+00:00\",\"dateModified\":\"2022-04-13T12:08:22+00:00\",\"description\":\"L\u1eadp k\u1ebf ho\u1ea1ch n\u0103ng l\u1ef1c l\u00e0 m\u1ed9t qu\u00e1 tr\u00ecnh x\u00e1c \u0111\u1ecbnh li\u1ec7u b\u1ea1n c\u00f3 k\u1ef9 n\u0103ng v\u00e0 ngu\u1ed3n cung c\u1ea5p \u0111\u1ec3 th\u1ef1c hi\u1ec7n c\u00f4ng vi\u1ec7c hay kh\u00f4ng.\",\"breadcrumb\":{\"@id\":\"https:\/\/logdio.com\/vi\/phan-mem-di-chuyen\/#breadcrumb\"},\"inLanguage\":\"vi-VN\",\"potentialAction\":[{\"@type\":\"ReadAction\",\"target\":[\"https:\/\/logdio.com\/vi\/phan-mem-di-chuyen\/\"]}]},{\"@type\":\"BreadcrumbList\",\"@id\":\"https:\/\/logdio.com\/vi\/phan-mem-di-chuyen\/#breadcrumb\",\"itemListElement\":[{\"@type\":\"ListItem\",\"position\":1,\"name\":\"Home\",\"item\":\"https:\/\/logdio.com\/vi\/nha\/\"},{\"@type\":\"ListItem\",\"position\":2,\"name\":\"Ph\u1ea7n m\u1ec1m di chuy\u1ec3n\"}]},{\"@type\":\"WebSite\",\"@id\":\"https:\/\/logdio.com\/vi\/#website\",\"url\":\"https:\/\/logdio.com\/vi\/\",\"name\":\"Logdio - delivery management tool\",\"description\":\"Next level delivery management software\",\"publisher\":{\"@id\":\"https:\/\/logdio.com\/vi\/#organization\"},\"potentialAction\":[{\"@type\":\"SearchAction\",\"target\":{\"@type\":\"EntryPoint\",\"urlTemplate\":\"https:\/\/logdio.com\/vi\/?s={search_term_string}\"},\"query-input\":{\"@type\":\"PropertyValueSpecification\",\"valueRequired\":true,\"valueName\":\"search_term_string\"}}],\"inLanguage\":\"vi-VN\"},{\"@type\":\"Organization\",\"@id\":\"https:\/\/logdio.com\/vi\/#organization\",\"name\":\"Logdio\",\"url\":\"https:\/\/logdio.com\/vi\/\",\"logo\":{\"@type\":\"ImageObject\",\"inLanguage\":\"vi-VN\",\"@id\":\"https:\/\/logdio.com\/vi\/#\/schema\/logo\/image\/\",\"url\":\"https:\/\/logdio.com\/wp-content\/uploads\/2021\/05\/Logdio.svg\",\"contentUrl\":\"https:\/\/logdio.com\/wp-content\/uploads\/2021\/05\/Logdio.svg\",\"width\":4.44919,\"height\":1.1285,\"caption\":\"Logdio\"},\"image\":{\"@id\":\"https:\/\/logdio.com\/vi\/#\/schema\/logo\/image\/\"},\"sameAs\":[\"https:\/\/www.facebook.com\/logtime.eu\/\",\"https:\/\/www.linkedin.com\/company\/logtime\"]}]}<\/script>\n<!-- \/ Yoast SEO plugin. -->","yoast_head_json":{"title":"Ph\u1ea7n m\u1ec1m di chuy\u1ec3n - Logdio - delivery management tool","description":"L\u1eadp k\u1ebf ho\u1ea1ch n\u0103ng l\u1ef1c l\u00e0 m\u1ed9t qu\u00e1 tr\u00ecnh x\u00e1c \u0111\u1ecbnh li\u1ec7u b\u1ea1n c\u00f3 k\u1ef9 n\u0103ng v\u00e0 ngu\u1ed3n cung c\u1ea5p \u0111\u1ec3 th\u1ef1c hi\u1ec7n c\u00f4ng vi\u1ec7c hay kh\u00f4ng.","robots":{"index":"index","follow":"follow","max-snippet":"max-snippet:-1","max-image-preview":"max-image-preview:large","max-video-preview":"max-video-preview:-1"},"canonical":"https:\/\/logdio.com\/vi\/phan-mem-di-chuyen\/","og_locale":"vi_VN","og_type":"article","og_title":"Ph\u1ea7n m\u1ec1m di chuy\u1ec3n - Logdio - delivery management tool","og_description":"L\u1eadp k\u1ebf ho\u1ea1ch n\u0103ng l\u1ef1c l\u00e0 m\u1ed9t qu\u00e1 tr\u00ecnh x\u00e1c \u0111\u1ecbnh li\u1ec7u b\u1ea1n c\u00f3 k\u1ef9 n\u0103ng v\u00e0 ngu\u1ed3n cung c\u1ea5p \u0111\u1ec3 th\u1ef1c hi\u1ec7n c\u00f4ng vi\u1ec7c hay kh\u00f4ng.","og_url":"https:\/\/logdio.com\/vi\/phan-mem-di-chuyen\/","og_site_name":"Logdio - delivery management tool","article_publisher":"https:\/\/www.facebook.com\/logtime.eu\/","article_modified_time":"2022-04-13T12:08:22+00:00","twitter_card":"summary_large_image","twitter_misc":{"Est. reading time":"4 minutes"},"schema":{"@context":"https:\/\/schema.org","@graph":[{"@type":"WebPage","@id":"https:\/\/logdio.com\/vi\/phan-mem-di-chuyen\/","url":"https:\/\/logdio.com\/vi\/phan-mem-di-chuyen\/","name":"Ph\u1ea7n m\u1ec1m di chuy\u1ec3n - Logdio - delivery management tool","isPartOf":{"@id":"https:\/\/logdio.com\/vi\/#website"},"datePublished":"2022-04-13T12:05:22+00:00","dateModified":"2022-04-13T12:08:22+00:00","description":"L\u1eadp k\u1ebf ho\u1ea1ch n\u0103ng l\u1ef1c l\u00e0 m\u1ed9t qu\u00e1 tr\u00ecnh x\u00e1c \u0111\u1ecbnh li\u1ec7u b\u1ea1n c\u00f3 k\u1ef9 n\u0103ng v\u00e0 ngu\u1ed3n cung c\u1ea5p \u0111\u1ec3 th\u1ef1c hi\u1ec7n c\u00f4ng vi\u1ec7c hay kh\u00f4ng.","breadcrumb":{"@id":"https:\/\/logdio.com\/vi\/phan-mem-di-chuyen\/#breadcrumb"},"inLanguage":"vi-VN","potentialAction":[{"@type":"ReadAction","target":["https:\/\/logdio.com\/vi\/phan-mem-di-chuyen\/"]}]},{"@type":"BreadcrumbList","@id":"https:\/\/logdio.com\/vi\/phan-mem-di-chuyen\/#breadcrumb","itemListElement":[{"@type":"ListItem","position":1,"name":"Home","item":"https:\/\/logdio.com\/vi\/nha\/"},{"@type":"ListItem","position":2,"name":"Ph\u1ea7n m\u1ec1m di chuy\u1ec3n"}]},{"@type":"WebSite","@id":"https:\/\/logdio.com\/vi\/#website","url":"https:\/\/logdio.com\/vi\/","name":"Logdio - delivery management tool","description":"Next level delivery management software","publisher":{"@id":"https:\/\/logdio.com\/vi\/#organization"},"potentialAction":[{"@type":"SearchAction","target":{"@type":"EntryPoint","urlTemplate":"https:\/\/logdio.com\/vi\/?s={search_term_string}"},"query-input":{"@type":"PropertyValueSpecification","valueRequired":true,"valueName":"search_term_string"}}],"inLanguage":"vi-VN"},{"@type":"Organization","@id":"https:\/\/logdio.com\/vi\/#organization","name":"Logdio","url":"https:\/\/logdio.com\/vi\/","logo":{"@type":"ImageObject","inLanguage":"vi-VN","@id":"https:\/\/logdio.com\/vi\/#\/schema\/logo\/image\/","url":"https:\/\/logdio.com\/wp-content\/uploads\/2021\/05\/Logdio.svg","contentUrl":"https:\/\/logdio.com\/wp-content\/uploads\/2021\/05\/Logdio.svg","width":4.44919,"height":1.1285,"caption":"Logdio"},"image":{"@id":"https:\/\/logdio.com\/vi\/#\/schema\/logo\/image\/"},"sameAs":["https:\/\/www.facebook.com\/logtime.eu\/","https:\/\/www.linkedin.com\/company\/logtime"]}]}},"_links":{"self":[{"href":"https:\/\/logdio.com\/vi\/wp-json\/wp\/v2\/pages\/23808","targetHints":{"allow":["GET"]}}],"collection":[{"href":"https:\/\/logdio.com\/vi\/wp-json\/wp\/v2\/pages"}],"about":[{"href":"https:\/\/logdio.com\/vi\/wp-json\/wp\/v2\/types\/page"}],"author":[{"embeddable":true,"href":"https:\/\/logdio.com\/vi\/wp-json\/wp\/v2\/users\/1"}],"replies":[{"embeddable":true,"href":"https:\/\/logdio.com\/vi\/wp-json\/wp\/v2\/comments?post=23808"}],"version-history":[{"count":1,"href":"https:\/\/logdio.com\/vi\/wp-json\/wp\/v2\/pages\/23808\/revisions"}],"predecessor-version":[{"id":23812,"href":"https:\/\/logdio.com\/vi\/wp-json\/wp\/v2\/pages\/23808\/revisions\/23812"}],"wp:attachment":[{"href":"https:\/\/logdio.com\/vi\/wp-json\/wp\/v2\/media?parent=23808"}],"curies":[{"name":"wp","href":"https:\/\/api.w.org\/{rel}","templated":true}]}}