{"id":20749,"date":"2022-04-13T15:02:58","date_gmt":"2022-04-13T12:02:58","guid":{"rendered":"https:\/\/logdio.com\/phan-mem-lap-ke-hoach-tuyen-duong-chuyen-phat-nhanh\/"},"modified":"2022-04-13T15:08:23","modified_gmt":"2022-04-13T12:08:23","slug":"phan-mem-lap-ke-hoach-tuyen-duong-chuyen-phat-nhanh","status":"publish","type":"page","link":"https:\/\/logdio.com\/vi\/phan-mem-lap-ke-hoach-tuyen-duong-chuyen-phat-nhanh\/","title":{"rendered":"Ph\u1ea7n m\u1ec1m l\u1eadp k\u1ebf ho\u1ea1ch tuy\u1ebfn \u0111\u01b0\u1eddng chuy\u1ec3n ph\u00e1t nhanh"},"content":{"rendered":"\t\t<div data-elementor-type=\"wp-page\" data-elementor-id=\"20749\" class=\"elementor elementor-20749 elementor-1055\" data-elementor-post-type=\"page\">\n\t\t\t\t\t\t<section class=\"has_ma_el_bg_slider elementor-section elementor-top-section elementor-element elementor-element-a6afc90 elementor-section-boxed elementor-section-height-default elementor-section-height-default jltma-glass-effect-no\" data-id=\"a6afc90\" data-element_type=\"section\" data-e-type=\"section\" data-settings=\"{&quot;jet_parallax_layout_list&quot;:[{&quot;jet_parallax_layout_image&quot;:{&quot;url&quot;:&quot;&quot;,&quot;id&quot;:&quot;&quot;,&quot;size&quot;:&quot;&quot;},&quot;_id&quot;:&quot;1632b6e&quot;,&quot;jet_parallax_layout_image_tablet&quot;:{&quot;url&quot;:&quot;&quot;,&quot;id&quot;:&quot;&quot;,&quot;size&quot;:&quot;&quot;},&quot;jet_parallax_layout_image_mobile&quot;:{&quot;url&quot;:&quot;&quot;,&quot;id&quot;:&quot;&quot;,&quot;size&quot;:&quot;&quot;},&quot;jet_parallax_layout_speed&quot;:{&quot;unit&quot;:&quot;%&quot;,&quot;size&quot;:50,&quot;sizes&quot;:[]},&quot;jet_parallax_layout_type&quot;:&quot;scroll&quot;,&quot;jet_parallax_layout_direction&quot;:null,&quot;jet_parallax_layout_fx_direction&quot;:null,&quot;jet_parallax_layout_z_index&quot;:&quot;&quot;,&quot;jet_parallax_layout_bg_x&quot;:50,&quot;jet_parallax_layout_bg_x_tablet&quot;:&quot;&quot;,&quot;jet_parallax_layout_bg_x_mobile&quot;:&quot;&quot;,&quot;jet_parallax_layout_bg_y&quot;:50,&quot;jet_parallax_layout_bg_y_tablet&quot;:&quot;&quot;,&quot;jet_parallax_layout_bg_y_mobile&quot;:&quot;&quot;,&quot;jet_parallax_layout_bg_size&quot;:&quot;auto&quot;,&quot;jet_parallax_layout_bg_size_tablet&quot;:&quot;&quot;,&quot;jet_parallax_layout_bg_size_mobile&quot;:&quot;&quot;,&quot;jet_parallax_layout_animation_prop&quot;:&quot;transform&quot;,&quot;jet_parallax_layout_on&quot;:[&quot;desktop&quot;,&quot;tablet&quot;]}]}\">\n\t\t\t\t\t\t<div class=\"elementor-container elementor-column-gap-default\">\n\t\t\t\t\t<div class=\"has_ma_el_bg_slider elementor-column elementor-col-100 elementor-top-column elementor-element elementor-element-9dbd7a5 jltma-glass-effect-no\" data-id=\"9dbd7a5\" data-element_type=\"column\" data-e-type=\"column\">\n\t\t\t<div class=\"elementor-widget-wrap elementor-element-populated\">\n\t\t\t\t\t\t<div class=\"elementor-element elementor-element-096e315 jltma-glass-effect-no elementor-widget elementor-widget-heading\" data-id=\"096e315\" data-element_type=\"widget\" data-e-type=\"widget\" data-widget_type=\"heading.default\">\n\t\t\t\t<div class=\"elementor-widget-container\">\n\t\t\t\t\t<h1 class=\"elementor-heading-title elementor-size-default\">Ph\u1ea7n m\u1ec1m l\u1eadp k\u1ebf ho\u1ea1ch tuy\u1ebfn \u0111\u01b0\u1eddng chuy\u1ec3n ph\u00e1t nhanh<\/h1>\t\t\t\t<\/div>\n\t\t\t\t<\/div>\n\t\t\t\t\t<\/div>\n\t\t<\/div>\n\t\t\t\t\t<\/div>\n\t\t<\/section>\n\t\t\t\t<section class=\"has_ma_el_bg_slider elementor-section elementor-top-section elementor-element elementor-element-8cd51f7 elementor-section-boxed elementor-section-height-default elementor-section-height-default jltma-glass-effect-no\" data-id=\"8cd51f7\" data-element_type=\"section\" data-e-type=\"section\" data-settings=\"{&quot;jet_parallax_layout_list&quot;:[{&quot;jet_parallax_layout_image&quot;:{&quot;url&quot;:&quot;&quot;,&quot;id&quot;:&quot;&quot;,&quot;size&quot;:&quot;&quot;},&quot;_id&quot;:&quot;30d0d76&quot;,&quot;jet_parallax_layout_image_tablet&quot;:{&quot;url&quot;:&quot;&quot;,&quot;id&quot;:&quot;&quot;,&quot;size&quot;:&quot;&quot;},&quot;jet_parallax_layout_image_mobile&quot;:{&quot;url&quot;:&quot;&quot;,&quot;id&quot;:&quot;&quot;,&quot;size&quot;:&quot;&quot;},&quot;jet_parallax_layout_speed&quot;:{&quot;unit&quot;:&quot;%&quot;,&quot;size&quot;:50,&quot;sizes&quot;:[]},&quot;jet_parallax_layout_type&quot;:&quot;scroll&quot;,&quot;jet_parallax_layout_direction&quot;:null,&quot;jet_parallax_layout_fx_direction&quot;:null,&quot;jet_parallax_layout_z_index&quot;:&quot;&quot;,&quot;jet_parallax_layout_bg_x&quot;:50,&quot;jet_parallax_layout_bg_x_tablet&quot;:&quot;&quot;,&quot;jet_parallax_layout_bg_x_mobile&quot;:&quot;&quot;,&quot;jet_parallax_layout_bg_y&quot;:50,&quot;jet_parallax_layout_bg_y_tablet&quot;:&quot;&quot;,&quot;jet_parallax_layout_bg_y_mobile&quot;:&quot;&quot;,&quot;jet_parallax_layout_bg_size&quot;:&quot;auto&quot;,&quot;jet_parallax_layout_bg_size_tablet&quot;:&quot;&quot;,&quot;jet_parallax_layout_bg_size_mobile&quot;:&quot;&quot;,&quot;jet_parallax_layout_animation_prop&quot;:&quot;transform&quot;,&quot;jet_parallax_layout_on&quot;:[&quot;desktop&quot;,&quot;tablet&quot;]}]}\">\n\t\t\t\t\t\t<div class=\"elementor-container elementor-column-gap-default\">\n\t\t\t\t\t<div class=\"has_ma_el_bg_slider elementor-column elementor-col-100 elementor-top-column elementor-element elementor-element-0dc1596 jltma-glass-effect-no\" data-id=\"0dc1596\" data-element_type=\"column\" data-e-type=\"column\">\n\t\t\t<div class=\"elementor-widget-wrap elementor-element-populated\">\n\t\t\t\t\t\t<div class=\"elementor-element elementor-element-89bcbea jltma-glass-effect-no elementor-widget elementor-widget-text-editor\" data-id=\"89bcbea\" data-element_type=\"widget\" data-e-type=\"widget\" data-widget_type=\"text-editor.default\">\n\t\t\t\t<div class=\"elementor-widget-container\">\n\t\t\t\t\t\t\t\t\t<p>B\u1ea1n c\u00f3 \u0111i\u1ec1u h\u00e0nh l\u1ef1c l\u01b0\u1ee3ng b\u00e1n h\u00e0ng t\u1ea1i hi\u1ec7n tr\u01b0\u1eddng, qu\u1ea3n l\u00fd \u0111\u1ed9i ph\u01b0\u01a1ng ti\u1ec7n giao h\u00e0ng (chuy\u1ec3n b\u01b0u ki\u1ec7n ho\u1eb7c chuy\u1ec3n h\u00e0ng) hay qu\u1ea3n l\u00fd h\u1eadu c\u1ea7n cho m\u1ed9t c\u00f4ng ty thu gom v\u00e0 giao h\u00e0ng t\u1eadn n\u01a1i? B\u1eb1ng c\u00e1ch n\u00e0o \u0111\u00f3, b\u1ea1n c\u00f3 quan t\u00e2m \u0111\u1ebfn vi\u1ec7c t\u1ed1i \u01b0u h\u00f3a vi\u1ec7c v\u1eadn chuy\u1ec3n c\u1ee7a doanh nghi\u1ec7p m\u00ecnh kh\u00f4ng? Ph\u1ea7n m\u1ec1m chuy\u1ec3n ph\u00e1t nhanh l\u00e0 c\u00e1ch ch\u1eafc ch\u1eafn nh\u1ea5t \u0111\u1ec3 n\u00e2ng cao hi\u1ec7u qu\u1ea3 ho\u1ea1t \u0111\u1ed9ng c\u1ee7a doanh nghi\u1ec7p b\u1ea1n.<\/p><p>L\u1eadp k\u1ebf ho\u1ea1ch l\u1ed9 tr\u00ecnh chuy\u1ec3n ph\u00e1t nhanh ph\u00f9 h\u1ee3p s\u1ebd c\u1eaft gi\u1ea3m th\u1eddi gian ch\u1ebft v\u00e0 t\u0103ng n\u0103ng su\u1ea5t \u0111\u00e1ng k\u1ec3. \u0110\u00e2y l\u00e0 l\u00fd do t\u1ea1i sao n\u00f3 \u0111ang tr\u1edf n\u00ean ph\u1ed5 bi\u1ebfn tr\u00ean to\u00e0n c\u1ea7u.<\/p><p> <\/p><h2><strong>Ph\u1ea7n m\u1ec1m chuy\u1ec3n ph\u00e1t nhanh l\u00e0 g\u00ec?<\/strong><\/h2><p>Ph\u1ea7n m\u1ec1m chuy\u1ec3n ph\u00e1t nhanh l\u00e0 m\u1ed9t h\u1ec7 th\u1ed1ng qu\u1ea3n l\u00fd chuy\u1ec3n ph\u00e1t nhanh x\u00e1c \u0111\u1ecbnh c\u00e1c k\u1ebf ho\u1ea1ch \u0111i l\u1ea1i t\u1ed1n nhi\u1ec1u th\u1eddi gian nh\u1ea5t d\u1ef1a tr\u00ean c\u00e1c y\u1ebfu t\u1ed1 b\u00ean ngo\u00e0i nh\u01b0 t\u1eafc ngh\u1ebdn giao th\u00f4ng, th\u1eddi gian trong ng\u00e0y v\u00e0 th\u1eddi ti\u1ebft. N\u00f3 s\u1eed d\u1ee5ng c\u00e1c thu\u1eadt to\u00e1n n\u00e2ng cao \u0111\u1ec3 x\u00e1c \u0111\u1ecbnh tuy\u1ebfn \u0111\u01b0\u1eddng hi\u1ec7u qu\u1ea3 nh\u1ea5t cho ng\u01b0\u1eddi d\u00f9ng. N\u00f3 s\u1ebd ph\u00e2n t\u00edch c\u00e1c y\u00eau c\u1ea7u v\u1ec1 v\u1eadn chuy\u1ec3n h\u00e0ng h\u00f3a, kh\u1ea3 n\u0103ng chuy\u00ean ch\u1edf c\u1ee7a ph\u01b0\u01a1ng ti\u1ec7n, l\u1ecbch tr\u00ecnh l\u00e0m vi\u1ec7c, ngh\u1ec9 ng\u01a1i c\u1ee7a c\u00e1c t\u00e0i x\u1ebf v\u00e0 \u0111\u1ec1 xu\u1ea5t c\u00e1c \u0111i\u1ec1u ch\u1ec9nh chuy\u1ec3n \u0111\u1ed9ng t\u1ed1i \u01b0u.<\/p><p>Theo m\u1ed9t \u01b0\u1edbc t\u00ednh, ph\u1ea7n m\u1ec1m qu\u1ea3n l\u00fd chuy\u1ec3n ph\u00e1t nhanh gi\u00fap gi\u1ea3m 10 &#8211; 20% qu\u00e3ng \u0111\u01b0\u1eddng h\u00e0ng ng\u00e0y c\u1ee7a c\u00e1c ph\u01b0\u01a1ng ti\u1ec7n. N\u00f3 l\u00e0m t\u0103ng hi\u1ec7u qu\u1ea3 s\u1eed d\u1ee5ng c\u1ee7a \u0111\u1ed9i xe. M\u1ed9t s\u1ed1 t\u00ednh n\u0103ng kh\u00e1c l\u00e0: <\/p><p><strong>T\u00edch h\u1ee3p v\u1edbi h\u1ec7 th\u1ed1ng theo d\u00f5i GPS \/ Glonass d\u1ef1a<\/strong> tr\u00ean th\u00f4ng tin nh\u1eadn \u0111\u01b0\u1ee3c t\u1eeb thi\u1ebft b\u1ecb Android ho\u1eb7c b\u1ed9 theo d\u00f5i GPS, b\u1ea1n s\u1ebd nh\u1eadn \u0111\u01b0\u1ee3c th\u00f4ng tin v\u1ec1 v\u1ecb tr\u00ed c\u1ee7a xe. D\u1ecbch v\u1ee5 theo d\u00f5i s\u1ef1 di chuy\u1ec3n d\u1ecdc theo l\u1ed9 tr\u00ecnh v\u1eadn chuy\u1ec3n h\u00e0ng h\u00f3a v\u00e0 ghi l\u1ea1i nh\u1eefng sai l\u1ec7ch v\u1ec1 th\u1eddi gian v\u00e0 \u0111\u1ecba l\u00fd. Th\u00f4ng tin \u0111\u01b0\u1ee3c truy\u1ec1n \u0111\u1ebfn ng\u01b0\u1eddi \u0111i\u1ec1u ph\u1ed1i \u0111\u1ec3 x\u1eed l\u00fd v\u00e0 \u0111\u01b0a ra c\u00e1c quy\u1ebft \u0111\u1ecbnh ph\u00f9 h\u1ee3p.<\/p><p> <\/p><h3>Giam gia<\/h3><p>B\u1ea5t k\u1ef3 ph\u1ea7n m\u1ec1m qu\u1ea3n l\u00fd chuy\u1ec3n ph\u00e1t nhanh n\u00e0o, n\u1ebfu \u0111\u01b0\u1ee3c s\u1eed d\u1ee5ng m\u1ed9t c\u00e1ch kh\u00f4n ngoan, c\u00f3 th\u1ec3 gi\u1ea3m \u0111\u00e1ng k\u1ec3 th\u1eddi gian \u0111i l\u1ea1i. \u0110i\u1ec1u n\u00e0y l\u00e0m gi\u1ea3m chi ph\u00ed chuy\u1ec3n ph\u00e1t nhanh theo c\u1ea5p s\u1ed1 nh\u00e2n. C\u00e1c tuy\u1ebfn \u0111\u01b0\u1eddng \u0111\u01b0\u1ee3c t\u1ed1i \u01b0u h\u00f3a c\u00f3 th\u1ec3 gi\u00fap b\u1ea1n gi\u1ea3m chi ph\u00ed theo hai c\u00e1ch ch\u00ednh:<\/p><h3>N\u00f3 \u0111\u00e3 gi\u1ea3m ti\u00eau th\u1ee5 nhi\u00ean li\u1ec7u<\/h3><p> Do \u0111\u1ed9i xe d\u00e0nh \u00edt th\u1eddi gian tr\u00ean \u0111\u01b0\u1eddng h\u01a1n n\u00ean m\u1ee9c ti\u00eau th\u1ee5 nhi\u00ean li\u1ec7u \u0111\u01b0\u1ee3c b\u00e1o c\u00e1o l\u00e0 th\u1ea5p h\u01a1n. \u0110i\u1ec1u n\u00e0y c\u00f3 ngh\u0129a l\u00e0 ti\u00eau th\u1ee5 \u00edt h\u01a1n d\u1eabn \u0111\u1ebfn chi ph\u00ed th\u1ea5p h\u01a1n.<\/p><h3>Gi\u1ea3m chi ph\u00ed b\u1ea3o tr\u00ec<\/h3><p> Do c\u00e1c ph\u01b0\u01a1ng ti\u1ec7n kh\u00f4ng d\u00e0nh qu\u00e1 nhi\u1ec1u th\u1eddi gian tr\u00ean \u0111\u01b0\u1eddng n\u00ean s\u1ef1 hao m\u00f2n b\u00ecnh th\u01b0\u1eddng c\u1ee7a ch\u00fang \u0111\u01b0\u1ee3c gi\u1ea3m b\u1edbt. \u0110i\u1ec1u n\u00e0y d\u1eabn \u0111\u1ebfn chi ph\u00ed b\u1ea3o tr\u00ec th\u1ea5p h\u01a1n.<\/p><h3>T\u0103ng n\u0103ng su\u1ea5t<\/h3><p>L\u1eadp k\u1ebf ho\u1ea1ch tuy\u1ebfn \u0111\u01b0\u1eddng chuy\u1ec3n ph\u00e1t nhanh ti\u1ebft ki\u1ec7m th\u1eddi gian v\u00e0 ngu\u1ed3n l\u1ef1c. N\u00f3 x\u1eed l\u00fd c\u00e1c nhi\u1ec7m v\u1ee5 ph\u1ee9c t\u1ea1p cho b\u1ea1n. B\u1ea1n kh\u00f4ng c\u1ea7n ph\u1ea3i m\u1ea5t th\u1eddi gian l\u00ean k\u1ebf ho\u1ea1ch cho c\u00e1c l\u1ed9 tr\u00ecnh. \u0110i\u1ec1u n\u00e0y l\u00e0m t\u0103ng n\u0103ng su\u1ea5t chung c\u1ee7a \u0111\u1ed9i xe, cho ph\u00e9p ho\u00e0n th\u00e0nh c\u00f4ng vi\u1ec7c nhanh h\u01a1n v\u00e0 \u0111\u00fang h\u1ea1n.<\/p><h3>T\u0103ng s\u1ef1 h\u00e0i l\u00f2ng c\u1ee7a kh\u00e1ch h\u00e0ng<\/h3><p>M\u1ed9t th\u1ef1c t\u1ebf \u0111\u00e3 bi\u1ebft l\u00e0 nh\u1eefng ng\u01b0\u1eddi mua s\u1eafm h\u00e0i l\u00f2ng \u0111ang mua s\u1eafm trong kho. V\u00e2ng, n\u1ebfu b\u1ea1n c\u00f3 th\u1ec3 cung c\u1ea5p d\u1ecbch v\u1ee5 c\u1ee7a m\u00ecnh \u0111\u00fang h\u1ea1n, kh\u00e1ch h\u00e0ng c\u1ee7a b\u1ea1n s\u1ebd h\u00e0i l\u00f2ng v\u1edbi b\u1ea1n. H\u1ec7 th\u1ed1ng qu\u1ea3n l\u00fd chuy\u1ec3n ph\u00e1t nhanh \u0111\u1ea3m b\u1ea3o r\u1eb1ng t\u00e0i x\u1ebf \u0111\u1ebfn \u0111\u00fang kh\u00e1ch h\u00e0ng v\u00e0o \u0111\u00fang th\u1eddi \u0111i\u1ec3m m\u00e0 kh\u00f4ng ph\u1ea3i tr\u1ea3 l\u1ea1i.<\/p><h3>Gi\u00fap \u0111\u00e1nh gi\u00e1 qu\u00e1 cao c\u00e1c ngu\u1ed3n l\u1ef1c<\/h3><p>C\u00f3 th\u1ec3 b\u1ea1n \u0111ang s\u1eed d\u1ee5ng nhi\u1ec1u t\u00e0i nguy\u00ean h\u01a1n y\u00eau c\u1ea7u th\u1ef1c t\u1ebf \u0111\u1ec3 cung c\u1ea5p ho\u1eb7c cung c\u1ea5p d\u1ecbch v\u1ee5. M\u1ed9t c\u00f4ng c\u1ee5 t\u1ed1i \u01b0u h\u00f3a chuy\u1ec3n ph\u00e1t nhanh gi\u00fap x\u00e1c \u0111\u1ecbnh l\u1ea1i s\u1ed1 l\u01b0\u1ee3ng ph\u01b0\u01a1ng ti\u1ec7n c\u1ea7n thi\u1ebft \u0111\u1ec3 ho\u1ea1t \u0111\u1ed9ng. B\u1ea1n c\u00f3 th\u1ec3 h\u01b0\u1edfng l\u1ee3i t\u1eeb s\u1ed1 l\u01b0\u1ee3ng gi\u1ea3m v\u00e0 do \u0111\u00f3, gi\u1ea3m chi ph\u00ed.<\/p><p>B\u00e2y gi\u1edd b\u1ea1n \u0111\u00e3 bi\u1ebft ph\u1ea7n m\u1ec1m Courier l\u00e0 g\u00ec v\u00e0 t\u1ea1i sao n\u00f3 l\u1ea1i quan tr\u1ecdng. B\u00e2y gi\u1edd b\u1ea1n c\u00f3 th\u1ec3 \u0111ang suy ngh\u0129 v\u1ec1 ph\u1ea7n m\u1ec1m n\u00e0o ph\u00f9 h\u1ee3p v\u1edbi doanh nghi\u1ec7p c\u1ee7a b\u1ea1n? <\/p><p> <\/p><h2>Ch\u1ecdn ph\u1ea7n m\u1ec1m qu\u1ea3n l\u00fd chuy\u1ec3n ph\u00e1t nhanh n\u00e0o?<\/h2><p>C\u00f3 nhi\u1ec1u t\u00e0i nguy\u00ean cung c\u1ea5p danh s\u00e1ch v\u00e0 l\u1ef1a ch\u1ecdn c\u00e1c ch\u01b0\u01a1ng tr\u00ecnh \u0111\u1ec3 t\u1ed1i \u01b0u h\u00f3a c\u00e1c giao th\u00f4ng vi\u00ean. C\u00f3 nhi\u1ec1u y\u1ebfu t\u1ed1 c\u1ea7n xem x\u00e9t, ch\u1eb3ng h\u1ea1n nh\u01b0 gi\u00e1 c\u1ea3, c\u00e1c t\u00ednh n\u0103ng \u0111\u01b0\u1ee3c cung c\u1ea5p, \u0111\u1ed1i t\u01b0\u1ee3ng m\u1ee5c ti\u00eau v\u00e0 c\u00e1c th\u00f4ng s\u1ed1 kh\u00e1c.<\/p><p>Khi ch\u1ecdn m\u1ed9t ph\u1ea7n m\u1ec1m qu\u1ea3n l\u00fd chuy\u1ec3n ph\u00e1t nhanh, h\u00e3y n\u00eau r\u00f5 nh\u1eefng ch\u1ee9c n\u0103ng n\u00e0o \u0111\u01b0\u1ee3c bao g\u1ed3m trong gi\u00e1 v\u00e0 nh\u1eefng ch\u1ee9c n\u0103ng n\u00e0o \u0111\u01b0\u1ee3c cung c\u1ea5p v\u1edbi m\u1ed9t kho\u1ea3n ph\u00ed b\u1ed5 sung. \u01afu ti\u00ean cho nh\u1eefng h\u1ec7 th\u1ed1ng \u0111\u00f3, gi\u00e1 c\u1ee7a ch\u00fang c\u0169ng bao g\u1ed3m h\u1ed7 tr\u1ee3 k\u1ef9 thu\u1eadt v\u00e0 c\u1eadp nh\u1eadt.<\/p><p> <\/p><h2><strong>T\u1ea1i sao ch\u1ecdn Logdio?<\/strong><\/h2><p>Trong Logdio, ch\u1ee9c n\u0103ng x\u00e2y d\u1ef1ng tuy\u1ebfn \u0111\u01b0\u1eddng t\u1ed1i \u01b0u cho ng\u01b0\u1eddi chuy\u1ec3n ph\u00e1t nhanh v\u00e0 t\u00ednh to\u00e1n th\u1eddi gian c\u00f3 t\u00ednh \u0111\u1ebfn t\u1eafc \u0111\u01b0\u1eddng \u0111\u01b0\u1ee3c th\u1ef1c hi\u1ec7n. Nhi\u1ec7m v\u1ee5 c\u1ee7a ng\u01b0\u1eddi chuy\u1ec3n ph\u00e1t nhanh \u0111\u01b0\u1ee3c ph\u00e2n b\u1ed5 theo m\u1ee9c \u0111\u1ed9 \u01b0u ti\u00ean v\u00e0 th\u1eddi gian giao h\u00e0ng. C\u00f3 m\u1ed9t ch\u1ee9c n\u0103ng theo d\u00f5i GPS cho ng\u01b0\u1eddi chuy\u1ec3n ph\u00e1t (b\u1ea1n c\u00f3 th\u1ec3 theo d\u00f5i v\u1ecb tr\u00ed c\u1ee7a ng\u01b0\u1eddi chuy\u1ec3n ph\u00e1t nhanh tr\u00ean b\u1ea3n \u0111\u1ed3 trong th\u1eddi gian th\u1ef1c). Ph\u1ea7n m\u1ec1m c\u00f3 giao di\u1ec7n th\u00e2n thi\u1ec7n. C\u0169ng c\u00f3 th\u1ec3 chuy\u1ec3n \u0111\u01a1n h\u00e0ng sang m\u1ed9t \u0111\u01a1n v\u1ecb chuy\u1ec3n ph\u00e1t nhanh kh\u00e1c (v\u00ed d\u1ee5 nh\u01b0 trong tr\u01b0\u1eddng h\u1ee3p xe b\u1ecb h\u1ecfng). \u0110i\u1ec1u t\u1ed1t nh\u1ea5t v\u1ec1 Logdio l\u00e0 n\u00f3 c\u00f3 gi\u00e1 c\u1ea3 ph\u1ea3i ch\u0103ng. B\u1ea1n kh\u00f4ng ph\u1ea3i tr\u1ea3 m\u1ed9t s\u1ed1 ti\u1ec1n l\u1edbn \u0111\u1ec3 s\u1eed d\u1ee5ng ph\u1ea7n m\u1ec1m hi\u1ec7u qu\u1ea3 n\u00e0y. V\u00ec v\u1eady, \u0111\u00f3 l\u00e0 gi\u1ea3i ph\u00e1p t\u1ed1t nh\u1ea5t cho c\u00f4ng vi\u1ec7c. <\/p>\t\t\t\t\t\t\t\t<\/div>\n\t\t\t\t<\/div>\n\t\t\t\t\t<\/div>\n\t\t<\/div>\n\t\t\t\t\t<\/div>\n\t\t<\/section>\n\t\t\t\t<\/div>\n\t\t","protected":false},"excerpt":{"rendered":"<p>Ph\u1ea7n m\u1ec1m l\u1eadp k\u1ebf ho\u1ea1ch tuy\u1ebfn \u0111\u01b0\u1eddng chuy\u1ec3n ph\u00e1t nhanh B\u1ea1n c\u00f3 \u0111i\u1ec1u h\u00e0nh l\u1ef1c l\u01b0\u1ee3ng b\u00e1n h\u00e0ng t\u1ea1i hi\u1ec7n tr\u01b0\u1eddng, qu\u1ea3n l\u00fd \u0111\u1ed9i ph\u01b0\u01a1ng ti\u1ec7n giao h\u00e0ng (chuy\u1ec3n b\u01b0u ki\u1ec7n ho\u1eb7c chuy\u1ec3n h\u00e0ng) hay qu\u1ea3n l\u00fd h\u1eadu c\u1ea7n cho m\u1ed9t c\u00f4ng ty thu gom v\u00e0 giao h\u00e0ng t\u1eadn n\u01a1i? B\u1eb1ng c\u00e1ch n\u00e0o \u0111\u00f3, b\u1ea1n [&hellip;]<\/p>\n","protected":false},"author":1,"featured_media":0,"parent":0,"menu_order":0,"comment_status":"closed","ping_status":"closed","template":"elementor_header_footer","meta":{"footnotes":""},"class_list":["post-20749","page","type-page","status-publish","hentry"],"yoast_head":"<!-- This site is optimized with the Yoast SEO plugin v26.8 - https:\/\/yoast.com\/product\/yoast-seo-wordpress\/ -->\n<title>Ph\u1ea7n m\u1ec1m l\u1eadp k\u1ebf ho\u1ea1ch tuy\u1ebfn \u0111\u01b0\u1eddng chuy\u1ec3n ph\u00e1t nhanh - Logdio - delivery management tool<\/title>\n<meta name=\"description\" content=\"N\u00e2ng cao n\u0103ng su\u1ea5t c\u1ee7a c\u00e1c giao th\u00f4ng vi\u00ean v\u1edbi ph\u1ea7n m\u1ec1m l\u1eadp k\u1ebf ho\u1ea1ch tuy\u1ebfn Logdis. T\u1ea5t c\u1ea3 trong m\u1ed9t gi\u1ea3i ph\u00e1p cho c\u00e1c c\u00f4ng ty chuy\u1ec3n ph\u00e1t.\" \/>\n<meta name=\"robots\" content=\"index, follow, max-snippet:-1, max-image-preview:large, max-video-preview:-1\" \/>\n<link rel=\"canonical\" href=\"https:\/\/logdio.com\/vi\/phan-mem-lap-ke-hoach-tuyen-duong-chuyen-phat-nhanh\/\" \/>\n<meta property=\"og:locale\" content=\"vi_VN\" \/>\n<meta property=\"og:type\" content=\"article\" \/>\n<meta property=\"og:title\" content=\"Ph\u1ea7n m\u1ec1m l\u1eadp k\u1ebf ho\u1ea1ch tuy\u1ebfn \u0111\u01b0\u1eddng chuy\u1ec3n ph\u00e1t nhanh - Logdio - delivery management tool\" \/>\n<meta property=\"og:description\" content=\"N\u00e2ng cao n\u0103ng su\u1ea5t c\u1ee7a c\u00e1c giao th\u00f4ng vi\u00ean v\u1edbi ph\u1ea7n m\u1ec1m l\u1eadp k\u1ebf ho\u1ea1ch tuy\u1ebfn Logdis. T\u1ea5t c\u1ea3 trong m\u1ed9t gi\u1ea3i ph\u00e1p cho c\u00e1c c\u00f4ng ty chuy\u1ec3n ph\u00e1t.\" \/>\n<meta property=\"og:url\" content=\"https:\/\/logdio.com\/vi\/phan-mem-lap-ke-hoach-tuyen-duong-chuyen-phat-nhanh\/\" \/>\n<meta property=\"og:site_name\" content=\"Logdio - delivery management tool\" \/>\n<meta property=\"article:publisher\" content=\"https:\/\/www.facebook.com\/logtime.eu\/\" \/>\n<meta property=\"article:modified_time\" content=\"2022-04-13T12:08:23+00:00\" \/>\n<meta name=\"twitter:card\" content=\"summary_large_image\" \/>\n<meta name=\"twitter:label1\" content=\"Est. reading time\" \/>\n\t<meta name=\"twitter:data1\" content=\"8 minutes\" \/>\n<script type=\"application\/ld+json\" class=\"yoast-schema-graph\">{\"@context\":\"https:\/\/schema.org\",\"@graph\":[{\"@type\":\"WebPage\",\"@id\":\"https:\/\/logdio.com\/vi\/phan-mem-lap-ke-hoach-tuyen-duong-chuyen-phat-nhanh\/\",\"url\":\"https:\/\/logdio.com\/vi\/phan-mem-lap-ke-hoach-tuyen-duong-chuyen-phat-nhanh\/\",\"name\":\"Ph\u1ea7n m\u1ec1m l\u1eadp k\u1ebf ho\u1ea1ch tuy\u1ebfn \u0111\u01b0\u1eddng chuy\u1ec3n ph\u00e1t nhanh - Logdio - delivery management tool\",\"isPartOf\":{\"@id\":\"https:\/\/logdio.com\/vi\/#website\"},\"datePublished\":\"2022-04-13T12:02:58+00:00\",\"dateModified\":\"2022-04-13T12:08:23+00:00\",\"description\":\"N\u00e2ng cao n\u0103ng su\u1ea5t c\u1ee7a c\u00e1c giao th\u00f4ng vi\u00ean v\u1edbi ph\u1ea7n m\u1ec1m l\u1eadp k\u1ebf ho\u1ea1ch tuy\u1ebfn Logdis. T\u1ea5t c\u1ea3 trong m\u1ed9t gi\u1ea3i ph\u00e1p cho c\u00e1c c\u00f4ng ty chuy\u1ec3n ph\u00e1t.\",\"breadcrumb\":{\"@id\":\"https:\/\/logdio.com\/vi\/phan-mem-lap-ke-hoach-tuyen-duong-chuyen-phat-nhanh\/#breadcrumb\"},\"inLanguage\":\"vi-VN\",\"potentialAction\":[{\"@type\":\"ReadAction\",\"target\":[\"https:\/\/logdio.com\/vi\/phan-mem-lap-ke-hoach-tuyen-duong-chuyen-phat-nhanh\/\"]}]},{\"@type\":\"BreadcrumbList\",\"@id\":\"https:\/\/logdio.com\/vi\/phan-mem-lap-ke-hoach-tuyen-duong-chuyen-phat-nhanh\/#breadcrumb\",\"itemListElement\":[{\"@type\":\"ListItem\",\"position\":1,\"name\":\"Home\",\"item\":\"https:\/\/logdio.com\/vi\/nha\/\"},{\"@type\":\"ListItem\",\"position\":2,\"name\":\"Ph\u1ea7n m\u1ec1m l\u1eadp k\u1ebf ho\u1ea1ch tuy\u1ebfn \u0111\u01b0\u1eddng chuy\u1ec3n ph\u00e1t nhanh\"}]},{\"@type\":\"WebSite\",\"@id\":\"https:\/\/logdio.com\/vi\/#website\",\"url\":\"https:\/\/logdio.com\/vi\/\",\"name\":\"Logdio - delivery management tool\",\"description\":\"Next level delivery management software\",\"publisher\":{\"@id\":\"https:\/\/logdio.com\/vi\/#organization\"},\"potentialAction\":[{\"@type\":\"SearchAction\",\"target\":{\"@type\":\"EntryPoint\",\"urlTemplate\":\"https:\/\/logdio.com\/vi\/?s={search_term_string}\"},\"query-input\":{\"@type\":\"PropertyValueSpecification\",\"valueRequired\":true,\"valueName\":\"search_term_string\"}}],\"inLanguage\":\"vi-VN\"},{\"@type\":\"Organization\",\"@id\":\"https:\/\/logdio.com\/vi\/#organization\",\"name\":\"Logdio\",\"url\":\"https:\/\/logdio.com\/vi\/\",\"logo\":{\"@type\":\"ImageObject\",\"inLanguage\":\"vi-VN\",\"@id\":\"https:\/\/logdio.com\/vi\/#\/schema\/logo\/image\/\",\"url\":\"https:\/\/logdio.com\/wp-content\/uploads\/2021\/05\/Logdio.svg\",\"contentUrl\":\"https:\/\/logdio.com\/wp-content\/uploads\/2021\/05\/Logdio.svg\",\"width\":4.44919,\"height\":1.1285,\"caption\":\"Logdio\"},\"image\":{\"@id\":\"https:\/\/logdio.com\/vi\/#\/schema\/logo\/image\/\"},\"sameAs\":[\"https:\/\/www.facebook.com\/logtime.eu\/\",\"https:\/\/www.linkedin.com\/company\/logtime\"]}]}<\/script>\n<!-- \/ Yoast SEO plugin. -->","yoast_head_json":{"title":"Ph\u1ea7n m\u1ec1m l\u1eadp k\u1ebf ho\u1ea1ch tuy\u1ebfn \u0111\u01b0\u1eddng chuy\u1ec3n ph\u00e1t nhanh - Logdio - delivery management tool","description":"N\u00e2ng cao n\u0103ng su\u1ea5t c\u1ee7a c\u00e1c giao th\u00f4ng vi\u00ean v\u1edbi ph\u1ea7n m\u1ec1m l\u1eadp k\u1ebf ho\u1ea1ch tuy\u1ebfn Logdis. T\u1ea5t c\u1ea3 trong m\u1ed9t gi\u1ea3i ph\u00e1p cho c\u00e1c c\u00f4ng ty chuy\u1ec3n ph\u00e1t.","robots":{"index":"index","follow":"follow","max-snippet":"max-snippet:-1","max-image-preview":"max-image-preview:large","max-video-preview":"max-video-preview:-1"},"canonical":"https:\/\/logdio.com\/vi\/phan-mem-lap-ke-hoach-tuyen-duong-chuyen-phat-nhanh\/","og_locale":"vi_VN","og_type":"article","og_title":"Ph\u1ea7n m\u1ec1m l\u1eadp k\u1ebf ho\u1ea1ch tuy\u1ebfn \u0111\u01b0\u1eddng chuy\u1ec3n ph\u00e1t nhanh - Logdio - delivery management tool","og_description":"N\u00e2ng cao n\u0103ng su\u1ea5t c\u1ee7a c\u00e1c giao th\u00f4ng vi\u00ean v\u1edbi ph\u1ea7n m\u1ec1m l\u1eadp k\u1ebf ho\u1ea1ch tuy\u1ebfn Logdis. T\u1ea5t c\u1ea3 trong m\u1ed9t gi\u1ea3i ph\u00e1p cho c\u00e1c c\u00f4ng ty chuy\u1ec3n ph\u00e1t.","og_url":"https:\/\/logdio.com\/vi\/phan-mem-lap-ke-hoach-tuyen-duong-chuyen-phat-nhanh\/","og_site_name":"Logdio - delivery management tool","article_publisher":"https:\/\/www.facebook.com\/logtime.eu\/","article_modified_time":"2022-04-13T12:08:23+00:00","twitter_card":"summary_large_image","twitter_misc":{"Est. reading time":"8 minutes"},"schema":{"@context":"https:\/\/schema.org","@graph":[{"@type":"WebPage","@id":"https:\/\/logdio.com\/vi\/phan-mem-lap-ke-hoach-tuyen-duong-chuyen-phat-nhanh\/","url":"https:\/\/logdio.com\/vi\/phan-mem-lap-ke-hoach-tuyen-duong-chuyen-phat-nhanh\/","name":"Ph\u1ea7n m\u1ec1m l\u1eadp k\u1ebf ho\u1ea1ch tuy\u1ebfn \u0111\u01b0\u1eddng chuy\u1ec3n ph\u00e1t nhanh - Logdio - delivery management tool","isPartOf":{"@id":"https:\/\/logdio.com\/vi\/#website"},"datePublished":"2022-04-13T12:02:58+00:00","dateModified":"2022-04-13T12:08:23+00:00","description":"N\u00e2ng cao n\u0103ng su\u1ea5t c\u1ee7a c\u00e1c giao th\u00f4ng vi\u00ean v\u1edbi ph\u1ea7n m\u1ec1m l\u1eadp k\u1ebf ho\u1ea1ch tuy\u1ebfn Logdis. T\u1ea5t c\u1ea3 trong m\u1ed9t gi\u1ea3i ph\u00e1p cho c\u00e1c c\u00f4ng ty chuy\u1ec3n ph\u00e1t.","breadcrumb":{"@id":"https:\/\/logdio.com\/vi\/phan-mem-lap-ke-hoach-tuyen-duong-chuyen-phat-nhanh\/#breadcrumb"},"inLanguage":"vi-VN","potentialAction":[{"@type":"ReadAction","target":["https:\/\/logdio.com\/vi\/phan-mem-lap-ke-hoach-tuyen-duong-chuyen-phat-nhanh\/"]}]},{"@type":"BreadcrumbList","@id":"https:\/\/logdio.com\/vi\/phan-mem-lap-ke-hoach-tuyen-duong-chuyen-phat-nhanh\/#breadcrumb","itemListElement":[{"@type":"ListItem","position":1,"name":"Home","item":"https:\/\/logdio.com\/vi\/nha\/"},{"@type":"ListItem","position":2,"name":"Ph\u1ea7n m\u1ec1m l\u1eadp k\u1ebf ho\u1ea1ch tuy\u1ebfn \u0111\u01b0\u1eddng chuy\u1ec3n ph\u00e1t nhanh"}]},{"@type":"WebSite","@id":"https:\/\/logdio.com\/vi\/#website","url":"https:\/\/logdio.com\/vi\/","name":"Logdio - delivery management tool","description":"Next level delivery management software","publisher":{"@id":"https:\/\/logdio.com\/vi\/#organization"},"potentialAction":[{"@type":"SearchAction","target":{"@type":"EntryPoint","urlTemplate":"https:\/\/logdio.com\/vi\/?s={search_term_string}"},"query-input":{"@type":"PropertyValueSpecification","valueRequired":true,"valueName":"search_term_string"}}],"inLanguage":"vi-VN"},{"@type":"Organization","@id":"https:\/\/logdio.com\/vi\/#organization","name":"Logdio","url":"https:\/\/logdio.com\/vi\/","logo":{"@type":"ImageObject","inLanguage":"vi-VN","@id":"https:\/\/logdio.com\/vi\/#\/schema\/logo\/image\/","url":"https:\/\/logdio.com\/wp-content\/uploads\/2021\/05\/Logdio.svg","contentUrl":"https:\/\/logdio.com\/wp-content\/uploads\/2021\/05\/Logdio.svg","width":4.44919,"height":1.1285,"caption":"Logdio"},"image":{"@id":"https:\/\/logdio.com\/vi\/#\/schema\/logo\/image\/"},"sameAs":["https:\/\/www.facebook.com\/logtime.eu\/","https:\/\/www.linkedin.com\/company\/logtime"]}]}},"_links":{"self":[{"href":"https:\/\/logdio.com\/vi\/wp-json\/wp\/v2\/pages\/20749","targetHints":{"allow":["GET"]}}],"collection":[{"href":"https:\/\/logdio.com\/vi\/wp-json\/wp\/v2\/pages"}],"about":[{"href":"https:\/\/logdio.com\/vi\/wp-json\/wp\/v2\/types\/page"}],"author":[{"embeddable":true,"href":"https:\/\/logdio.com\/vi\/wp-json\/wp\/v2\/users\/1"}],"replies":[{"embeddable":true,"href":"https:\/\/logdio.com\/vi\/wp-json\/wp\/v2\/comments?post=20749"}],"version-history":[{"count":1,"href":"https:\/\/logdio.com\/vi\/wp-json\/wp\/v2\/pages\/20749\/revisions"}],"predecessor-version":[{"id":20767,"href":"https:\/\/logdio.com\/vi\/wp-json\/wp\/v2\/pages\/20749\/revisions\/20767"}],"wp:attachment":[{"href":"https:\/\/logdio.com\/vi\/wp-json\/wp\/v2\/media?parent=20749"}],"curies":[{"name":"wp","href":"https:\/\/api.w.org\/{rel}","templated":true}]}}