{"id":20714,"date":"2022-04-13T15:02:57","date_gmt":"2022-04-13T12:02:57","guid":{"rendered":"https:\/\/logdio.com\/phan-mem-hoach-dinh-tuyen-duong\/"},"modified":"2022-04-13T15:08:24","modified_gmt":"2022-04-13T12:08:24","slug":"phan-mem-hoach-dinh-tuyen-duong","status":"publish","type":"page","link":"https:\/\/logdio.com\/vi\/phan-mem-hoach-dinh-tuyen-duong\/","title":{"rendered":"Ph\u1ea7n m\u1ec1m ho\u1ea1ch \u0111\u1ecbnh tuy\u1ebfn \u0111\u01b0\u1eddng"},"content":{"rendered":"\t\t<div data-elementor-type=\"wp-page\" data-elementor-id=\"20714\" class=\"elementor elementor-20714 elementor-1054\" data-elementor-post-type=\"page\">\n\t\t\t\t\t\t<section class=\"has_ma_el_bg_slider elementor-section elementor-top-section elementor-element elementor-element-aa63506 elementor-section-boxed elementor-section-height-default elementor-section-height-default jltma-glass-effect-no\" data-id=\"aa63506\" data-element_type=\"section\" data-e-type=\"section\" data-settings=\"{&quot;jet_parallax_layout_list&quot;:[{&quot;jet_parallax_layout_image&quot;:{&quot;url&quot;:&quot;&quot;,&quot;id&quot;:&quot;&quot;,&quot;size&quot;:&quot;&quot;},&quot;_id&quot;:&quot;7ffc1ed&quot;,&quot;jet_parallax_layout_image_tablet&quot;:{&quot;url&quot;:&quot;&quot;,&quot;id&quot;:&quot;&quot;,&quot;size&quot;:&quot;&quot;},&quot;jet_parallax_layout_image_mobile&quot;:{&quot;url&quot;:&quot;&quot;,&quot;id&quot;:&quot;&quot;,&quot;size&quot;:&quot;&quot;},&quot;jet_parallax_layout_speed&quot;:{&quot;unit&quot;:&quot;%&quot;,&quot;size&quot;:50,&quot;sizes&quot;:[]},&quot;jet_parallax_layout_type&quot;:&quot;scroll&quot;,&quot;jet_parallax_layout_direction&quot;:null,&quot;jet_parallax_layout_fx_direction&quot;:null,&quot;jet_parallax_layout_z_index&quot;:&quot;&quot;,&quot;jet_parallax_layout_bg_x&quot;:50,&quot;jet_parallax_layout_bg_x_tablet&quot;:&quot;&quot;,&quot;jet_parallax_layout_bg_x_mobile&quot;:&quot;&quot;,&quot;jet_parallax_layout_bg_y&quot;:50,&quot;jet_parallax_layout_bg_y_tablet&quot;:&quot;&quot;,&quot;jet_parallax_layout_bg_y_mobile&quot;:&quot;&quot;,&quot;jet_parallax_layout_bg_size&quot;:&quot;auto&quot;,&quot;jet_parallax_layout_bg_size_tablet&quot;:&quot;&quot;,&quot;jet_parallax_layout_bg_size_mobile&quot;:&quot;&quot;,&quot;jet_parallax_layout_animation_prop&quot;:&quot;transform&quot;,&quot;jet_parallax_layout_on&quot;:[&quot;desktop&quot;,&quot;tablet&quot;]}]}\">\n\t\t\t\t\t\t<div class=\"elementor-container elementor-column-gap-default\">\n\t\t\t\t\t<div class=\"has_ma_el_bg_slider elementor-column elementor-col-100 elementor-top-column elementor-element elementor-element-a5671ee jltma-glass-effect-no\" data-id=\"a5671ee\" data-element_type=\"column\" data-e-type=\"column\">\n\t\t\t<div class=\"elementor-widget-wrap elementor-element-populated\">\n\t\t\t\t\t\t<div class=\"elementor-element elementor-element-293514c jltma-glass-effect-no elementor-widget elementor-widget-heading\" data-id=\"293514c\" data-element_type=\"widget\" data-e-type=\"widget\" data-widget_type=\"heading.default\">\n\t\t\t\t<div class=\"elementor-widget-container\">\n\t\t\t\t\t<h1 class=\"elementor-heading-title elementor-size-default\">Ph\u1ea7n m\u1ec1m ho\u1ea1ch \u0111\u1ecbnh tuy\u1ebfn \u0111\u01b0\u1eddng<\/h1>\t\t\t\t<\/div>\n\t\t\t\t<\/div>\n\t\t\t\t\t<\/div>\n\t\t<\/div>\n\t\t\t\t\t<\/div>\n\t\t<\/section>\n\t\t\t\t<section class=\"has_ma_el_bg_slider elementor-section elementor-top-section elementor-element elementor-element-8e5f6e9 elementor-section-boxed elementor-section-height-default elementor-section-height-default jltma-glass-effect-no\" data-id=\"8e5f6e9\" data-element_type=\"section\" data-e-type=\"section\" data-settings=\"{&quot;jet_parallax_layout_list&quot;:[{&quot;jet_parallax_layout_image&quot;:{&quot;url&quot;:&quot;&quot;,&quot;id&quot;:&quot;&quot;,&quot;size&quot;:&quot;&quot;},&quot;_id&quot;:&quot;80a7424&quot;,&quot;jet_parallax_layout_image_tablet&quot;:{&quot;url&quot;:&quot;&quot;,&quot;id&quot;:&quot;&quot;,&quot;size&quot;:&quot;&quot;},&quot;jet_parallax_layout_image_mobile&quot;:{&quot;url&quot;:&quot;&quot;,&quot;id&quot;:&quot;&quot;,&quot;size&quot;:&quot;&quot;},&quot;jet_parallax_layout_speed&quot;:{&quot;unit&quot;:&quot;%&quot;,&quot;size&quot;:50,&quot;sizes&quot;:[]},&quot;jet_parallax_layout_type&quot;:&quot;scroll&quot;,&quot;jet_parallax_layout_direction&quot;:null,&quot;jet_parallax_layout_fx_direction&quot;:null,&quot;jet_parallax_layout_z_index&quot;:&quot;&quot;,&quot;jet_parallax_layout_bg_x&quot;:50,&quot;jet_parallax_layout_bg_x_tablet&quot;:&quot;&quot;,&quot;jet_parallax_layout_bg_x_mobile&quot;:&quot;&quot;,&quot;jet_parallax_layout_bg_y&quot;:50,&quot;jet_parallax_layout_bg_y_tablet&quot;:&quot;&quot;,&quot;jet_parallax_layout_bg_y_mobile&quot;:&quot;&quot;,&quot;jet_parallax_layout_bg_size&quot;:&quot;auto&quot;,&quot;jet_parallax_layout_bg_size_tablet&quot;:&quot;&quot;,&quot;jet_parallax_layout_bg_size_mobile&quot;:&quot;&quot;,&quot;jet_parallax_layout_animation_prop&quot;:&quot;transform&quot;,&quot;jet_parallax_layout_on&quot;:[&quot;desktop&quot;,&quot;tablet&quot;]}]}\">\n\t\t\t\t\t\t<div class=\"elementor-container elementor-column-gap-default\">\n\t\t\t\t\t<div class=\"has_ma_el_bg_slider elementor-column elementor-col-100 elementor-top-column elementor-element elementor-element-d48a05b jltma-glass-effect-no\" data-id=\"d48a05b\" data-element_type=\"column\" data-e-type=\"column\">\n\t\t\t<div class=\"elementor-widget-wrap elementor-element-populated\">\n\t\t\t\t\t\t<div class=\"elementor-element elementor-element-0f9707f jltma-glass-effect-no elementor-widget elementor-widget-text-editor\" data-id=\"0f9707f\" data-element_type=\"widget\" data-e-type=\"widget\" data-widget_type=\"text-editor.default\">\n\t\t\t\t<div class=\"elementor-widget-container\">\n\t\t\t\t\t\t\t\t\t<p>Hi\u1ec7u qu\u1ea3 c\u1ee7a m\u1ed9t c\u00f4ng ty v\u1eadn t\u1ea3i v\u00e0 h\u1eadu c\u1ea7n ho\u1eb7c m\u1ed9t \u0111\u1ed9i xe c\u1ee7a c\u00f4ng ty ph\u1ee5 thu\u1ed9c tr\u1ef1c ti\u1ebfp v\u00e0o ch\u1ea5t l\u01b0\u1ee3ng v\u00e0 t\u1ed1c \u0111\u1ed9 gi\u1ea3i quy\u1ebft c\u00e1c v\u1ea5n \u0111\u1ec1 v\u1ec1 v\u1eadn t\u1ea3i v\u00e0 h\u1eadu c\u1ea7n. C\u1ea7n t\u1eadp trung v\u00e0o c\u00f4ng t\u00e1c qu\u1ea3n l\u00fd tuy\u1ebfn, nhanh ch\u00f3ng l\u1eadp h\u1ed3 s\u01a1 k\u00e8m theo, theo d\u00f5i t\u00ecnh h\u00ecnh th\u1ef1c hi\u1ec7n nhi\u1ec7m v\u1ee5 v\u1eadn t\u1ea3i, ph\u00e2n t\u00edch ch\u1ea5t l\u01b0\u1ee3ng c\u00f4ng vi\u1ec7c c\u1ee7a b\u1ed9 ph\u1eadn v\u1eadn t\u1ea3i.<\/p><p>Gi\u1ea3i quy\u1ebft nh\u1eefng c\u00f4ng vi\u1ec7c n\u00e0y \u1edf ch\u1ebf \u0111\u1ed9 th\u1ee7 c\u00f4ng \u0111\u00f2i h\u1ecfi m\u1ed9t \u0111\u1ed9i ng\u0169 nh\u00e2n vi\u00ean h\u1eadu c\u1ea7n v\u00e0 \u0111i\u1ec1u ph\u1ed1i \u1ea5n t\u01b0\u1ee3ng. \u0110\u1ed3ng th\u1eddi, nh\u1eefng sai s\u00f3t trong c\u00f4ng vi\u1ec7c c\u0169ng kh\u00f4ng \u0111\u01b0\u1ee3c lo\u1ea1i tr\u1eeb. M\u1ed9t tuy\u1ebfn \u0111\u01b0\u1eddng \u0111\u01b0\u1ee3c x\u00e2y d\u1ef1ng kh\u00f4ng ch\u00ednh x\u00e1c ho\u1eb7c c\u00e1c t\u00e0i li\u1ec7u \u0111\u01b0\u1ee3c \u0111i\u1ec1n kh\u00f4ng ch\u00ednh x\u00e1c c\u00f3 th\u1ec3 d\u1eabn \u0111\u1ebfn qu\u00e3ng \u0111\u01b0\u1eddng kh\u00f4ng ho\u1ea1t \u0111\u1ed9ng ho\u1eb7c th\u1eddi gian v\u1eadn chuy\u1ec3n ng\u1eebng ho\u1ea1t \u0111\u1ed9ng, ch\u1eadm tr\u1ec5 th\u1eddi gian giao h\u00e0ng v\u00e0 khi\u1ebfu n\u1ea1i c\u1ee7a kh\u00e1ch h\u00e0ng. M\u1ed9t c\u00e1ch hi\u1ec7u qu\u1ea3 \u0111\u1ec3 lo\u1ea1i b\u1ecf nh\u1eefng kh\u00f3 kh\u0103n \u0111\u00f3 l\u00e0 s\u1eed d\u1ee5ng Ph\u1ea7n m\u1ec1m L\u1eadp k\u1ebf ho\u1ea1ch Tuy\u1ebfn \u0111\u01b0\u1eddng \u0111\u1ec3 l\u1eadp k\u1ebf ho\u1ea1ch tuy\u1ebfn \u0111\u01b0\u1eddng t\u1ef1 \u0111\u1ed9ng v\u00e0 gi\u00e1m s\u00e1t qu\u00e1 tr\u00ecnh giao h\u00e0ng. Ph\u1ea7n m\u1ec1m t\u1ed1i \u01b0u h\u00f3a tuy\u1ebfn \u0111\u01b0\u1eddng gi\u00fap b\u1ea1n ti\u1ebft ki\u1ec7m th\u1eddi gian v\u00e0 cung c\u1ea5p d\u1ecbch v\u1ee5 giao h\u00e0ng kh\u00f4ng c\u00f3 l\u1ed7i. <\/p><p> <\/p><h2><strong>T\u1ed1i \u01b0u h\u00f3a tuy\u1ebfn \u0111\u01b0\u1eddng l\u00e0 g\u00ec?<\/strong><\/h2><p>Ph\u1ea7n m\u1ec1m qu\u1ea3n l\u00fd tuy\u1ebfn \u0111\u01b0\u1eddng l\u00e0 m\u1ed9t h\u1ec7 th\u1ed1ng c\u00f3 th\u1ec3 l\u1eadp k\u1ebf ho\u1ea1ch giao h\u00e0ng v\u00e0 x\u00e2y d\u1ef1ng c\u00e1c tuy\u1ebfn \u0111\u01b0\u1eddng m\u1ed9t c\u00e1ch hi\u1ec7u qu\u1ea3 cho ph\u01b0\u01a1ng ti\u1ec7n v\u1eadn chuy\u1ec3n c\u1ee7a b\u1ea1n ho\u1eb7c thu\u00ea. N\u00f3 xem x\u00e9t m\u1ed9t s\u1ed1 \u0111i\u1ec1u ki\u1ec7n, ch\u1eb3ng h\u1ea1n nh\u01b0 t\u1ea3i t\u1ed1i \u01b0u c\u1ee7a \u0111\u1ed9i xe v\u00e0 giao h\u00e0ng k\u1ecbp th\u1eddi cho kh\u00e1ch h\u00e0ng. \u0110\u1ed3ng th\u1eddi, ph\u1ea7n m\u1ec1m cho ph\u00e9p b\u1ea1n theo d\u00f5i c\u00f4ng vi\u1ec7c c\u1ee7a l\u00e1i xe, nh\u00e2n vi\u00ean \u0111i\u1ec1u \u0111\u1ed9, giao nh\u1eadn h\u00e0ng h\u00f3a.<\/p><p>Sau khi c\u00e0i \u0111\u1eb7t Ph\u1ea7n m\u1ec1m L\u1eadp k\u1ebf ho\u1ea1ch Tuy\u1ebfn \u0111\u01b0\u1eddng, ho\u1ea1t \u0111\u1ed9ng c\u1ee7a \u0111\u1ed9i xe s\u1ebd tr\u1edf n\u00ean h\u1ee3p l\u00fd v\u00e0 chi ph\u00ed s\u1ebd \u0111\u01b0\u1ee3c gi\u1ea3m thi\u1ec3u. V\u00e0 \u0111\u00e2y kh\u00f4ng ph\u1ea3i l\u00e0 \u01b0u \u0111i\u1ec3m duy nh\u1ea5t c\u1ee7a ph\u1ea7n m\u1ec1m t\u1ed1i \u01b0u h\u00f3a \u0111\u1ecbnh tuy\u1ebfn. M\u1ed9t s\u1ed1 l\u1ee3i th\u1ebf h\u01a1n l\u00e0:<\/p><ul><li>nh\u1eefng ng\u01b0\u1eddi l\u00e1i xe v\u00f4 \u0111\u1ea1o \u0111\u1ee9c s\u1ebd \u0111\u01b0\u1ee3c x\u00e1c \u0111\u1ecbnh trong tr\u01b0\u1eddng h\u1ee3p c\u00f3 b\u1ea5t k\u1ef3 gian l\u1eadn n\u00e0o;<\/li><li>vi\u1ec7c s\u1eed d\u1ee5ng xe cho m\u1ee5c \u0111\u00edch c\u00e1 nh\u00e2n s\u1ebd b\u1ecb ng\u0103n ch\u1eb7n;<\/li><li>an to\u00e0n \u0111\u01b0\u1eddng b\u1ed9 s\u1ebd t\u0103ng l\u00ean;<\/li><li>chi ph\u00ed nhi\u00ean li\u1ec7u s\u1ebd gi\u1ea3m ba l\u1ea7n do kh\u00f4ng c\u00f3 c\u1ed1ng r\u00e3nh;<\/li><li>s\u1ed1 l\u1ea7n d\u1eebng v\u1eadn chuy\u1ec3n s\u1ebd \u0111\u01b0\u1ee3c gi\u1ea3m b\u1edbt.<\/li><\/ul><p> <\/p><h2><strong>T\u1ed1i \u01b0u h\u00f3a tuy\u1ebfn \u0111\u01b0\u1eddng ho\u1ea1t \u0111\u1ed9ng nh\u01b0 th\u1ebf n\u00e0o?<\/strong><\/h2><p>Ph\u1ea7n m\u1ec1m qu\u1ea3n l\u00fd tuy\u1ebfn \u0111\u01b0\u1eddng t\u1ed1i \u01b0u h\u00f3a c\u00e1c tuy\u1ebfn \u0111\u01b0\u1eddng b\u1eb1ng c\u00e1ch s\u1eed d\u1ee5ng gi\u00e1m s\u00e1t v\u1ec7 tinh. C\u00f4ng c\u1ee5 d\u1ef1a tr\u00ean GLONASS \/ GPS n\u00e0y ph\u00f9 h\u1ee3p \u0111\u1ec3 kinh doanh trong c\u00e1c \u0111\u1ed9i t\u00e0u l\u1edbn, c\u00e1c c\u00f4ng ty h\u1eadu c\u1ea7n ho\u1eb7c v\u1eadn t\u1ea3i \u0111\u01b0\u1eddng b\u1ed9. V\u1edbi s\u1ef1 tr\u1ee3 gi\u00fap c\u1ee7a ph\u1ea7n m\u1ec1m c\u00e0i \u0111\u1eb7t tr\u00ean PC, m\u00e1y t\u00ednh b\u1ea3ng, thi\u1ebft b\u1ecb di \u0111\u1ed9ng, ng\u01b0\u1eddi d\u00f9ng c\u00f3 th\u1ec3 truy c\u1eadp th\u00f4ng tin v\u1ec1 chi\u1ebfc xe. Ch\u01b0\u01a1ng tr\u00ecnh t\u1ea1o ra c\u00e1c b\u00e1o c\u00e1o v\u1ec1 c\u00e1c th\u00f4ng s\u1ed1 \u0111\u01b0\u1ee3c gi\u00e1m s\u00e1t c\u1ee7a xe, \u0111\u01b0\u1ee3c l\u01b0u \u1edf c\u00e1c \u0111\u1ecbnh d\u1ea1ng kh\u00e1c nhau, sau \u0111\u00f3 \u0111\u01b0\u1ee3c s\u1eed d\u1ee5ng \u0111\u1ec3 ph\u00e2n t\u00edch v\u00e0 t\u1ed1i \u01b0u h\u00f3a ho\u1ea1t \u0111\u1ed9ng c\u1ee7a \u0111\u1ed9i xe. <\/p><p> <\/p><h2><strong>S\u1eed d\u1ee5ng ph\u1ea7n m\u1ec1m n\u00e0o \u0111\u1ec3 t\u1ed1i \u01b0u h\u00f3a tuy\u1ebfn \u0111\u01b0\u1eddng?<\/strong><\/h2><p>B\u1ea1n c\u00f3 th\u1ec3 ngh\u0129 r\u1eb1ng ph\u1ea7n m\u1ec1m l\u1eadp k\u1ebf ho\u1ea1ch tuy\u1ebfn \u0111\u01b0\u1eddng ho\u1ea1t \u0111\u1ed9ng gi\u1ed1ng nh\u01b0 Google Maps, nh\u01b0ng s\u1ef1 th\u1eadt kh\u00f4ng ph\u1ea3i v\u1eady. \u1ee8ng d\u1ee5ng n\u00e0y ch\u1ec9 cung c\u1ea5p ch\u1ec9 \u0111\u01b0\u1eddng t\u1eeb \u0111i\u1ec3m &#8216;1&#8217; \u0111\u1ebfn \u0111i\u1ec3m &#8216;2&#8217;. R\u1ea5t ph\u1ee9c t\u1ea1p \u0111\u1ec3 thi\u1ebft l\u1eadp c\u00e1c tuy\u1ebfn \u0111\u01b0\u1eddng nhi\u1ec1u \u0111i\u1ec3m d\u1eebng. Ng\u01b0\u1eddi d\u00f9ng ph\u1ea3i nh\u1eadp \u0111\u1ecba ch\u1ec9 theo c\u00e1ch th\u1ee7 c\u00f4ng, r\u1ea5t t\u1ed1n th\u1eddi gian v\u00e0 d\u1ec5 x\u1ea3y ra l\u1ed7i.<\/p><p>Chi ph\u00ed ban \u0111\u1ea7u th\u1ea5p r\u1ea5t h\u1ea5p d\u1eabn, nh\u01b0ng n\u00f3 s\u1ebd khi\u1ebfn b\u1ea1n t\u1ed1n ti\u1ec1n v\u1ec1 l\u00e2u d\u00e0i. V\u00ec v\u1eady, \u1ee9ng d\u1ee5ng \u0110i\u1ec1u h\u01b0\u1edbng kh\u00f4ng ph\u1ea3i l\u00e0 m\u1ed9t gi\u1ea3i ph\u00e1p l\u00fd t\u01b0\u1edfng. B\u1ea1n n\u00ean s\u1eed d\u1ee5ng ph\u1ea7n m\u1ec1m t\u1ed1i \u01b0u h\u00f3a tuy\u1ebfn \u0111\u01b0\u1eddng \u0111\u01b0\u1ee3c thi\u1ebft k\u1ebf \u0111\u1eb7c bi\u1ec7t cho m\u1ee5c \u0111\u00edch n\u00e0y. <\/p><p> <\/p><h2><strong>T\u1ea1i sao ch\u1ecdn Logdio?<\/strong><\/h2><p>Logdio l\u00e0 ph\u1ea7n m\u1ec1m l\u1eadp k\u1ebf ho\u1ea1ch giao h\u00e0ng \u0111\u01b0\u1ee3c thi\u1ebft k\u1ebf d\u00e0nh cho c\u00e1c c\u00f4ng ty c\u00f3 s\u1ed1 l\u01b0\u1ee3ng \u0111\u01a1n h\u00e0ng, ph\u01b0\u01a1ng ti\u1ec7n l\u1edbn c\u0169ng nh\u01b0 c\u00f3 y\u00eau c\u1ea7u ph\u1ee9c t\u1ea1p v\u1ec1 quy tr\u00ecnh giao h\u00e0ng.<\/p><p>N\u00f3 nhanh ch\u00f3ng v\u00e0 t\u1ef1 \u0111\u1ed9ng ph\u00e2n ph\u1ed1i c\u00e1c \u1ee9ng d\u1ee5ng gi\u1eefa nh\u1eefng ng\u01b0\u1eddi th\u1ef1c hi\u1ec7n, c\u00f3 t\u00ednh \u0111\u1ebfn c\u00e1c y\u00eau c\u1ea7u cho m\u1ed7i chuy\u1ebfn h\u00e0ng. Ph\u1ea7n m\u1ec1m th\u1ef1c hi\u1ec7n \u0111\u1ed9c l\u1eadp vi\u1ec7c l\u1eadp k\u1ebf ho\u1ea1ch v\u1eadn t\u1ea3i, \u0111\u01a1n gi\u1ea3n h\u00f3a c\u00f4ng vi\u1ec7c c\u1ee7a nh\u00e2n s\u1ef1. Gi\u1edd \u0111\u00e2y, nh\u00e2n vi\u00ean h\u1eadu c\u1ea7n c\u1ee7a b\u1ea1n r\u1ea5t linh ho\u1ea1t: h\u1ecd c\u00f3 th\u1ec3 l\u00e0m vi\u1ec7c \u1edf nh\u1eefng n\u01a1i tr\u01b0\u1edbc \u0111\u00e2y kh\u00f4ng quen thu\u1ed9c v\u00e0 do \u0111\u00f3, v\u1edbi m\u1ed9t s\u1ed1 trung t\u00e2m ph\u00e2n ph\u1ed1i. Do \u1ee9ng d\u1ee5ng di \u0111\u1ed9ng c\u00f3 ch\u1ee9c n\u0103ng \u0111i\u1ec1u h\u01b0\u1edbng, c\u00e1c t\u00e0i x\u1ebf c\u00f3 th\u1ec3 ho\u00e1n \u0111\u1ed5i cho nhau v\u00ec h\u1ecd kh\u00f4ng c\u1ea7n ph\u1ea3i c\u00f3 ki\u1ebfn th\u1ee9c ho\u00e0n h\u1ea3o v\u1ec1 khu v\u1ef1c giao h\u00e0ng.<\/p><p> <\/p><p>V\u00ec v\u1eady, <a href=\"https:\/\/logdio.com\/vi\/\">h\u00e3y ch\u1ecdn ch\u00fang t\u00f4i<\/a> \u0111\u1ec3 gi\u00e1m s\u00e1t ph\u01b0\u01a1ng ti\u1ec7n v\u00e0 qu\u1ea3n l\u00fd l\u1ed9 tr\u00ecnh. Ch\u00fang t\u00f4i r\u1ea5t mu\u1ed1n cung c\u1ea5p cho b\u1ea1n m\u1ed9t d\u1ecbch v\u1ee5 ch\u1ea5t l\u01b0\u1ee3ng.<\/p><p> <\/p><p> <\/p><p> <\/p>\t\t\t\t\t\t\t\t<\/div>\n\t\t\t\t<\/div>\n\t\t\t\t\t<\/div>\n\t\t<\/div>\n\t\t\t\t\t<\/div>\n\t\t<\/section>\n\t\t\t\t<\/div>\n\t\t","protected":false},"excerpt":{"rendered":"<p>Hi\u1ec7u qu\u1ea3 c\u1ee7a m\u1ed9t c\u00f4ng ty v\u1eadn t\u1ea3i v\u00e0 h\u1eadu c\u1ea7n ho\u1eb7c m\u1ed9t \u0111\u1ed9i xe c\u1ee7a c\u00f4ng ty ph\u1ee5 thu\u1ed9c tr\u1ef1c ti\u1ebfp v\u00e0o ch\u1ea5t l\u01b0\u1ee3ng v\u00e0 t\u1ed1c \u0111\u1ed9 gi\u1ea3i quy\u1ebft c\u00e1c v\u1ea5n \u0111\u1ec1 v\u1ec1 v\u1eadn t\u1ea3i v\u00e0 h\u1eadu c\u1ea7n. C\u1ea7n t\u1eadp trung v\u00e0o c\u00f4ng t\u00e1c qu\u1ea3n l\u00fd tuy\u1ebfn, nhanh ch\u00f3ng l\u1eadp h\u1ed3 s\u01a1 k\u00e8m theo, [&hellip;]<\/p>\n","protected":false},"author":1,"featured_media":0,"parent":0,"menu_order":0,"comment_status":"closed","ping_status":"closed","template":"elementor_header_footer","meta":{"footnotes":""},"class_list":["post-20714","page","type-page","status-publish","hentry"],"yoast_head":"<!-- This site is optimized with the Yoast SEO plugin v26.8 - https:\/\/yoast.com\/product\/yoast-seo-wordpress\/ -->\n<title>Ph\u1ea7n m\u1ec1m ho\u1ea1ch \u0111\u1ecbnh tuy\u1ebfn \u0111\u01b0\u1eddng - Logdio - delivery management tool<\/title>\n<meta name=\"description\" content=\"Kh\u00f4ng c\u00f2n ph\u1ea3i t\u1ea1o tuy\u1ebfn \u0111\u01b0\u1eddng b\u1eb1ng b\u1ea3ng t\u00ednh, b\u1ea3ng tr\u1eafng v\u00e0 b\u1ea3n \u0111\u1ed3 Google. T\u1ea1o v\u00e0 t\u1ed1i \u01b0u h\u00f3a t\u1ea5t c\u1ea3 c\u00e1c tuy\u1ebfn \u0111\u01b0\u1eddng trong ng\u00e0y m\u1ed9t c\u00e1ch d\u1ec5 d\u00e0ng.\" \/>\n<meta name=\"robots\" content=\"index, follow, max-snippet:-1, max-image-preview:large, max-video-preview:-1\" \/>\n<link rel=\"canonical\" href=\"https:\/\/logdio.com\/vi\/phan-mem-hoach-dinh-tuyen-duong\/\" \/>\n<meta property=\"og:locale\" content=\"vi_VN\" \/>\n<meta property=\"og:type\" content=\"article\" \/>\n<meta property=\"og:title\" content=\"Ph\u1ea7n m\u1ec1m ho\u1ea1ch \u0111\u1ecbnh tuy\u1ebfn \u0111\u01b0\u1eddng - Logdio - delivery management tool\" \/>\n<meta property=\"og:description\" content=\"Kh\u00f4ng c\u00f2n ph\u1ea3i t\u1ea1o tuy\u1ebfn \u0111\u01b0\u1eddng b\u1eb1ng b\u1ea3ng t\u00ednh, b\u1ea3ng tr\u1eafng v\u00e0 b\u1ea3n \u0111\u1ed3 Google. T\u1ea1o v\u00e0 t\u1ed1i \u01b0u h\u00f3a t\u1ea5t c\u1ea3 c\u00e1c tuy\u1ebfn \u0111\u01b0\u1eddng trong ng\u00e0y m\u1ed9t c\u00e1ch d\u1ec5 d\u00e0ng.\" \/>\n<meta property=\"og:url\" content=\"https:\/\/logdio.com\/vi\/phan-mem-hoach-dinh-tuyen-duong\/\" \/>\n<meta property=\"og:site_name\" content=\"Logdio - delivery management tool\" \/>\n<meta property=\"article:publisher\" content=\"https:\/\/www.facebook.com\/logtime.eu\/\" \/>\n<meta property=\"article:modified_time\" content=\"2022-04-13T12:08:24+00:00\" \/>\n<meta name=\"twitter:card\" content=\"summary_large_image\" \/>\n<meta name=\"twitter:label1\" content=\"Est. reading time\" \/>\n\t<meta name=\"twitter:data1\" content=\"7 minutes\" \/>\n<script type=\"application\/ld+json\" class=\"yoast-schema-graph\">{\"@context\":\"https:\/\/schema.org\",\"@graph\":[{\"@type\":\"WebPage\",\"@id\":\"https:\/\/logdio.com\/vi\/phan-mem-hoach-dinh-tuyen-duong\/\",\"url\":\"https:\/\/logdio.com\/vi\/phan-mem-hoach-dinh-tuyen-duong\/\",\"name\":\"Ph\u1ea7n m\u1ec1m ho\u1ea1ch \u0111\u1ecbnh tuy\u1ebfn \u0111\u01b0\u1eddng - Logdio - delivery management tool\",\"isPartOf\":{\"@id\":\"https:\/\/logdio.com\/vi\/#website\"},\"datePublished\":\"2022-04-13T12:02:57+00:00\",\"dateModified\":\"2022-04-13T12:08:24+00:00\",\"description\":\"Kh\u00f4ng c\u00f2n ph\u1ea3i t\u1ea1o tuy\u1ebfn \u0111\u01b0\u1eddng b\u1eb1ng b\u1ea3ng t\u00ednh, b\u1ea3ng tr\u1eafng v\u00e0 b\u1ea3n \u0111\u1ed3 Google. T\u1ea1o v\u00e0 t\u1ed1i \u01b0u h\u00f3a t\u1ea5t c\u1ea3 c\u00e1c tuy\u1ebfn \u0111\u01b0\u1eddng trong ng\u00e0y m\u1ed9t c\u00e1ch d\u1ec5 d\u00e0ng.\",\"breadcrumb\":{\"@id\":\"https:\/\/logdio.com\/vi\/phan-mem-hoach-dinh-tuyen-duong\/#breadcrumb\"},\"inLanguage\":\"vi-VN\",\"potentialAction\":[{\"@type\":\"ReadAction\",\"target\":[\"https:\/\/logdio.com\/vi\/phan-mem-hoach-dinh-tuyen-duong\/\"]}]},{\"@type\":\"BreadcrumbList\",\"@id\":\"https:\/\/logdio.com\/vi\/phan-mem-hoach-dinh-tuyen-duong\/#breadcrumb\",\"itemListElement\":[{\"@type\":\"ListItem\",\"position\":1,\"name\":\"Home\",\"item\":\"https:\/\/logdio.com\/vi\/nha\/\"},{\"@type\":\"ListItem\",\"position\":2,\"name\":\"Ph\u1ea7n m\u1ec1m ho\u1ea1ch \u0111\u1ecbnh tuy\u1ebfn \u0111\u01b0\u1eddng\"}]},{\"@type\":\"WebSite\",\"@id\":\"https:\/\/logdio.com\/vi\/#website\",\"url\":\"https:\/\/logdio.com\/vi\/\",\"name\":\"Logdio - delivery management tool\",\"description\":\"Next level delivery management software\",\"publisher\":{\"@id\":\"https:\/\/logdio.com\/vi\/#organization\"},\"potentialAction\":[{\"@type\":\"SearchAction\",\"target\":{\"@type\":\"EntryPoint\",\"urlTemplate\":\"https:\/\/logdio.com\/vi\/?s={search_term_string}\"},\"query-input\":{\"@type\":\"PropertyValueSpecification\",\"valueRequired\":true,\"valueName\":\"search_term_string\"}}],\"inLanguage\":\"vi-VN\"},{\"@type\":\"Organization\",\"@id\":\"https:\/\/logdio.com\/vi\/#organization\",\"name\":\"Logdio\",\"url\":\"https:\/\/logdio.com\/vi\/\",\"logo\":{\"@type\":\"ImageObject\",\"inLanguage\":\"vi-VN\",\"@id\":\"https:\/\/logdio.com\/vi\/#\/schema\/logo\/image\/\",\"url\":\"https:\/\/logdio.com\/wp-content\/uploads\/2021\/05\/Logdio.svg\",\"contentUrl\":\"https:\/\/logdio.com\/wp-content\/uploads\/2021\/05\/Logdio.svg\",\"width\":4.44919,\"height\":1.1285,\"caption\":\"Logdio\"},\"image\":{\"@id\":\"https:\/\/logdio.com\/vi\/#\/schema\/logo\/image\/\"},\"sameAs\":[\"https:\/\/www.facebook.com\/logtime.eu\/\",\"https:\/\/www.linkedin.com\/company\/logtime\"]}]}<\/script>\n<!-- \/ Yoast SEO plugin. -->","yoast_head_json":{"title":"Ph\u1ea7n m\u1ec1m ho\u1ea1ch \u0111\u1ecbnh tuy\u1ebfn \u0111\u01b0\u1eddng - Logdio - delivery management tool","description":"Kh\u00f4ng c\u00f2n ph\u1ea3i t\u1ea1o tuy\u1ebfn \u0111\u01b0\u1eddng b\u1eb1ng b\u1ea3ng t\u00ednh, b\u1ea3ng tr\u1eafng v\u00e0 b\u1ea3n \u0111\u1ed3 Google. T\u1ea1o v\u00e0 t\u1ed1i \u01b0u h\u00f3a t\u1ea5t c\u1ea3 c\u00e1c tuy\u1ebfn \u0111\u01b0\u1eddng trong ng\u00e0y m\u1ed9t c\u00e1ch d\u1ec5 d\u00e0ng.","robots":{"index":"index","follow":"follow","max-snippet":"max-snippet:-1","max-image-preview":"max-image-preview:large","max-video-preview":"max-video-preview:-1"},"canonical":"https:\/\/logdio.com\/vi\/phan-mem-hoach-dinh-tuyen-duong\/","og_locale":"vi_VN","og_type":"article","og_title":"Ph\u1ea7n m\u1ec1m ho\u1ea1ch \u0111\u1ecbnh tuy\u1ebfn \u0111\u01b0\u1eddng - Logdio - delivery management tool","og_description":"Kh\u00f4ng c\u00f2n ph\u1ea3i t\u1ea1o tuy\u1ebfn \u0111\u01b0\u1eddng b\u1eb1ng b\u1ea3ng t\u00ednh, b\u1ea3ng tr\u1eafng v\u00e0 b\u1ea3n \u0111\u1ed3 Google. T\u1ea1o v\u00e0 t\u1ed1i \u01b0u h\u00f3a t\u1ea5t c\u1ea3 c\u00e1c tuy\u1ebfn \u0111\u01b0\u1eddng trong ng\u00e0y m\u1ed9t c\u00e1ch d\u1ec5 d\u00e0ng.","og_url":"https:\/\/logdio.com\/vi\/phan-mem-hoach-dinh-tuyen-duong\/","og_site_name":"Logdio - delivery management tool","article_publisher":"https:\/\/www.facebook.com\/logtime.eu\/","article_modified_time":"2022-04-13T12:08:24+00:00","twitter_card":"summary_large_image","twitter_misc":{"Est. reading time":"7 minutes"},"schema":{"@context":"https:\/\/schema.org","@graph":[{"@type":"WebPage","@id":"https:\/\/logdio.com\/vi\/phan-mem-hoach-dinh-tuyen-duong\/","url":"https:\/\/logdio.com\/vi\/phan-mem-hoach-dinh-tuyen-duong\/","name":"Ph\u1ea7n m\u1ec1m ho\u1ea1ch \u0111\u1ecbnh tuy\u1ebfn \u0111\u01b0\u1eddng - Logdio - delivery management tool","isPartOf":{"@id":"https:\/\/logdio.com\/vi\/#website"},"datePublished":"2022-04-13T12:02:57+00:00","dateModified":"2022-04-13T12:08:24+00:00","description":"Kh\u00f4ng c\u00f2n ph\u1ea3i t\u1ea1o tuy\u1ebfn \u0111\u01b0\u1eddng b\u1eb1ng b\u1ea3ng t\u00ednh, b\u1ea3ng tr\u1eafng v\u00e0 b\u1ea3n \u0111\u1ed3 Google. T\u1ea1o v\u00e0 t\u1ed1i \u01b0u h\u00f3a t\u1ea5t c\u1ea3 c\u00e1c tuy\u1ebfn \u0111\u01b0\u1eddng trong ng\u00e0y m\u1ed9t c\u00e1ch d\u1ec5 d\u00e0ng.","breadcrumb":{"@id":"https:\/\/logdio.com\/vi\/phan-mem-hoach-dinh-tuyen-duong\/#breadcrumb"},"inLanguage":"vi-VN","potentialAction":[{"@type":"ReadAction","target":["https:\/\/logdio.com\/vi\/phan-mem-hoach-dinh-tuyen-duong\/"]}]},{"@type":"BreadcrumbList","@id":"https:\/\/logdio.com\/vi\/phan-mem-hoach-dinh-tuyen-duong\/#breadcrumb","itemListElement":[{"@type":"ListItem","position":1,"name":"Home","item":"https:\/\/logdio.com\/vi\/nha\/"},{"@type":"ListItem","position":2,"name":"Ph\u1ea7n m\u1ec1m ho\u1ea1ch \u0111\u1ecbnh tuy\u1ebfn \u0111\u01b0\u1eddng"}]},{"@type":"WebSite","@id":"https:\/\/logdio.com\/vi\/#website","url":"https:\/\/logdio.com\/vi\/","name":"Logdio - delivery management tool","description":"Next level delivery management software","publisher":{"@id":"https:\/\/logdio.com\/vi\/#organization"},"potentialAction":[{"@type":"SearchAction","target":{"@type":"EntryPoint","urlTemplate":"https:\/\/logdio.com\/vi\/?s={search_term_string}"},"query-input":{"@type":"PropertyValueSpecification","valueRequired":true,"valueName":"search_term_string"}}],"inLanguage":"vi-VN"},{"@type":"Organization","@id":"https:\/\/logdio.com\/vi\/#organization","name":"Logdio","url":"https:\/\/logdio.com\/vi\/","logo":{"@type":"ImageObject","inLanguage":"vi-VN","@id":"https:\/\/logdio.com\/vi\/#\/schema\/logo\/image\/","url":"https:\/\/logdio.com\/wp-content\/uploads\/2021\/05\/Logdio.svg","contentUrl":"https:\/\/logdio.com\/wp-content\/uploads\/2021\/05\/Logdio.svg","width":4.44919,"height":1.1285,"caption":"Logdio"},"image":{"@id":"https:\/\/logdio.com\/vi\/#\/schema\/logo\/image\/"},"sameAs":["https:\/\/www.facebook.com\/logtime.eu\/","https:\/\/www.linkedin.com\/company\/logtime"]}]}},"_links":{"self":[{"href":"https:\/\/logdio.com\/vi\/wp-json\/wp\/v2\/pages\/20714","targetHints":{"allow":["GET"]}}],"collection":[{"href":"https:\/\/logdio.com\/vi\/wp-json\/wp\/v2\/pages"}],"about":[{"href":"https:\/\/logdio.com\/vi\/wp-json\/wp\/v2\/types\/page"}],"author":[{"embeddable":true,"href":"https:\/\/logdio.com\/vi\/wp-json\/wp\/v2\/users\/1"}],"replies":[{"embeddable":true,"href":"https:\/\/logdio.com\/vi\/wp-json\/wp\/v2\/comments?post=20714"}],"version-history":[{"count":1,"href":"https:\/\/logdio.com\/vi\/wp-json\/wp\/v2\/pages\/20714\/revisions"}],"predecessor-version":[{"id":20748,"href":"https:\/\/logdio.com\/vi\/wp-json\/wp\/v2\/pages\/20714\/revisions\/20748"}],"wp:attachment":[{"href":"https:\/\/logdio.com\/vi\/wp-json\/wp\/v2\/media?parent=20714"}],"curies":[{"name":"wp","href":"https:\/\/api.w.org\/{rel}","templated":true}]}}