{"id":7547,"date":"2021-08-23T22:02:34","date_gmt":"2021-08-23T19:02:34","guid":{"rendered":"https:\/\/logdio.com\/software-de-planificare-a-rutelor-de-curierat\/"},"modified":"2021-09-13T17:12:17","modified_gmt":"2021-09-13T14:12:17","slug":"software-de-planificare-a-rutelor-de-curierat","status":"publish","type":"page","link":"https:\/\/logdio.com\/ro\/software-de-planificare-a-rutelor-de-curierat\/","title":{"rendered":"Software de planificare a rutelor de curierat"},"content":{"rendered":"\t\t<div data-elementor-type=\"wp-page\" data-elementor-id=\"7547\" class=\"elementor elementor-7547 elementor-1055\" data-elementor-post-type=\"page\">\n\t\t\t\t\t\t<section class=\"has_ma_el_bg_slider elementor-section elementor-top-section elementor-element elementor-element-a6afc90 elementor-section-boxed elementor-section-height-default elementor-section-height-default jltma-glass-effect-no\" data-id=\"a6afc90\" data-element_type=\"section\" data-e-type=\"section\" data-settings=\"{&quot;jet_parallax_layout_list&quot;:[{&quot;jet_parallax_layout_image&quot;:{&quot;url&quot;:&quot;&quot;,&quot;id&quot;:&quot;&quot;,&quot;size&quot;:&quot;&quot;},&quot;_id&quot;:&quot;1632b6e&quot;,&quot;jet_parallax_layout_image_tablet&quot;:{&quot;url&quot;:&quot;&quot;,&quot;id&quot;:&quot;&quot;,&quot;size&quot;:&quot;&quot;},&quot;jet_parallax_layout_image_mobile&quot;:{&quot;url&quot;:&quot;&quot;,&quot;id&quot;:&quot;&quot;,&quot;size&quot;:&quot;&quot;},&quot;jet_parallax_layout_speed&quot;:{&quot;unit&quot;:&quot;%&quot;,&quot;size&quot;:50,&quot;sizes&quot;:[]},&quot;jet_parallax_layout_type&quot;:&quot;scroll&quot;,&quot;jet_parallax_layout_direction&quot;:null,&quot;jet_parallax_layout_fx_direction&quot;:null,&quot;jet_parallax_layout_z_index&quot;:&quot;&quot;,&quot;jet_parallax_layout_bg_x&quot;:50,&quot;jet_parallax_layout_bg_x_tablet&quot;:&quot;&quot;,&quot;jet_parallax_layout_bg_x_mobile&quot;:&quot;&quot;,&quot;jet_parallax_layout_bg_y&quot;:50,&quot;jet_parallax_layout_bg_y_tablet&quot;:&quot;&quot;,&quot;jet_parallax_layout_bg_y_mobile&quot;:&quot;&quot;,&quot;jet_parallax_layout_bg_size&quot;:&quot;auto&quot;,&quot;jet_parallax_layout_bg_size_tablet&quot;:&quot;&quot;,&quot;jet_parallax_layout_bg_size_mobile&quot;:&quot;&quot;,&quot;jet_parallax_layout_animation_prop&quot;:&quot;transform&quot;,&quot;jet_parallax_layout_on&quot;:[&quot;desktop&quot;,&quot;tablet&quot;]}]}\">\n\t\t\t\t\t\t<div class=\"elementor-container elementor-column-gap-default\">\n\t\t\t\t\t<div class=\"has_ma_el_bg_slider elementor-column elementor-col-100 elementor-top-column elementor-element elementor-element-9dbd7a5 jltma-glass-effect-no\" data-id=\"9dbd7a5\" data-element_type=\"column\" data-e-type=\"column\">\n\t\t\t<div class=\"elementor-widget-wrap elementor-element-populated\">\n\t\t\t\t\t\t<div class=\"elementor-element elementor-element-096e315 jltma-glass-effect-no elementor-widget elementor-widget-heading\" data-id=\"096e315\" data-element_type=\"widget\" data-e-type=\"widget\" data-widget_type=\"heading.default\">\n\t\t\t\t<div class=\"elementor-widget-container\">\n\t\t\t\t\t<h1 class=\"elementor-heading-title elementor-size-default\">Software de planificare a rutelor de curierat<\/h1>\t\t\t\t<\/div>\n\t\t\t\t<\/div>\n\t\t\t\t\t<\/div>\n\t\t<\/div>\n\t\t\t\t\t<\/div>\n\t\t<\/section>\n\t\t\t\t<section class=\"has_ma_el_bg_slider elementor-section elementor-top-section elementor-element elementor-element-8cd51f7 elementor-section-boxed elementor-section-height-default elementor-section-height-default jltma-glass-effect-no\" data-id=\"8cd51f7\" data-element_type=\"section\" data-e-type=\"section\" data-settings=\"{&quot;jet_parallax_layout_list&quot;:[{&quot;jet_parallax_layout_image&quot;:{&quot;url&quot;:&quot;&quot;,&quot;id&quot;:&quot;&quot;,&quot;size&quot;:&quot;&quot;},&quot;_id&quot;:&quot;30d0d76&quot;,&quot;jet_parallax_layout_image_tablet&quot;:{&quot;url&quot;:&quot;&quot;,&quot;id&quot;:&quot;&quot;,&quot;size&quot;:&quot;&quot;},&quot;jet_parallax_layout_image_mobile&quot;:{&quot;url&quot;:&quot;&quot;,&quot;id&quot;:&quot;&quot;,&quot;size&quot;:&quot;&quot;},&quot;jet_parallax_layout_speed&quot;:{&quot;unit&quot;:&quot;%&quot;,&quot;size&quot;:50,&quot;sizes&quot;:[]},&quot;jet_parallax_layout_type&quot;:&quot;scroll&quot;,&quot;jet_parallax_layout_direction&quot;:null,&quot;jet_parallax_layout_fx_direction&quot;:null,&quot;jet_parallax_layout_z_index&quot;:&quot;&quot;,&quot;jet_parallax_layout_bg_x&quot;:50,&quot;jet_parallax_layout_bg_x_tablet&quot;:&quot;&quot;,&quot;jet_parallax_layout_bg_x_mobile&quot;:&quot;&quot;,&quot;jet_parallax_layout_bg_y&quot;:50,&quot;jet_parallax_layout_bg_y_tablet&quot;:&quot;&quot;,&quot;jet_parallax_layout_bg_y_mobile&quot;:&quot;&quot;,&quot;jet_parallax_layout_bg_size&quot;:&quot;auto&quot;,&quot;jet_parallax_layout_bg_size_tablet&quot;:&quot;&quot;,&quot;jet_parallax_layout_bg_size_mobile&quot;:&quot;&quot;,&quot;jet_parallax_layout_animation_prop&quot;:&quot;transform&quot;,&quot;jet_parallax_layout_on&quot;:[&quot;desktop&quot;,&quot;tablet&quot;]}]}\">\n\t\t\t\t\t\t<div class=\"elementor-container elementor-column-gap-default\">\n\t\t\t\t\t<div class=\"has_ma_el_bg_slider elementor-column elementor-col-100 elementor-top-column elementor-element elementor-element-0dc1596 jltma-glass-effect-no\" data-id=\"0dc1596\" data-element_type=\"column\" data-e-type=\"column\">\n\t\t\t<div class=\"elementor-widget-wrap elementor-element-populated\">\n\t\t\t\t\t\t<div class=\"elementor-element elementor-element-89bcbea jltma-glass-effect-no elementor-widget elementor-widget-text-editor\" data-id=\"89bcbea\" data-element_type=\"widget\" data-e-type=\"widget\" data-widget_type=\"text-editor.default\">\n\t\t\t\t<div class=\"elementor-widget-container\">\n\t\t\t\t\t\t\t\t\t<p>Administra\u021bi o for\u021b\u0103 de v\u00e2nzare pe teren, gestiona\u021bi o flot\u0103 de vehicule de livrare (livrarea coletelor sau livrarea m\u0103rfurilor) sau gestiona\u021bi logistica pentru o companie care colecteaz\u0103 \u0219i livreaz\u0103 bunuri din u\u0219\u0103 \u00een u\u0219\u0103? E\u0219ti cumva interesat s\u0103 optimizezi transportul afacerii tale? Software-ul de curierat este cel mai sigur mod de a \u00eembun\u0103t\u0103\u021bi eficien\u021ba opera\u021bional\u0103 a afacerii dvs.<\/p>\n<p>Planificatorul de rute de curierat potrivit va reduce timpul de nefunc\u021bionare \u0219i va cre\u0219te dramatic productivitatea. Acesta este motivul pentru care devine popular la nivel global.<\/p>\n<\/p>\n<h2><strong>Ce este software-ul de curierat?<\/strong><\/h2>\n<p>Software-ul de curierat este un sistem de gestionare a curieratului care determin\u0103 planurile de c\u0103l\u0103torie care consum\u0103 mai mult timp pe baza unor factori externi, cum ar fi congestia traficului, ora din zi \u0219i vremea. Folose\u0219te algoritmi avansa\u021bi pentru a determina cea mai eficient\u0103 rut\u0103 pentru utilizator. Acesta va analiza cerin\u021bele pentru transportul de m\u0103rfuri, capacitatea de \u00eenc\u0103rcare a vehiculului, programul de lucru \u0219i restul \u0219oferilor \u0219i va sugera reglaje optime ale mi\u0219c\u0103rii.<\/p>\n<p>Conform unei estim\u0103ri, software-ul de gestionare a curierului reduce kilometrajul zilnic al vehiculelor cu 10-20%. Cre\u0219te utilizarea eficient\u0103 a parcului de vehicule. Mai sunt c\u00e2teva caracteristici: <\/p>\n<p><strong>Integrare cu sisteme de urm\u0103rire GPS \/ Glonass bazate pe<\/strong> la informa\u021biile primite de pe dispozitivele Android sau de la un tracker GPS, primi\u021bi informa\u021bii despre loca\u021bia vehiculului. Serviciul urm\u0103re\u0219te mi\u0219carea de-a lungul c\u0103ii de livrare a m\u0103rfurilor \u0219i \u00eenregistreaz\u0103 abateri \u00een timp \u0219i geografie. Informa\u021biile sunt transmise dispecerului pentru procesare \u0219i luarea deciziilor adecvate.<\/p>\n<\/p>\n<h3>Costuri reduse<\/h3>\n<p>Orice software de gestionare a curierului, dac\u0103 este utilizat cu \u00een\u021belepciune, poate reduce dramatic duratele de c\u0103l\u0103torie. Acest lucru, la r\u00e2ndul s\u0103u, reduce costurile de curierat exponen\u021bial. Rutele optimizate v\u0103 pot ajuta s\u0103 reduce\u021bi costurile \u00een dou\u0103 moduri principale:<\/p>\n<h3>A redus consumul de combustibil<\/h3>\n<p> Deoarece flota petrece mai pu\u021bin timp pe drum, consumul de combustibil este raportat a fi mai mic. Aceasta \u00eenseamn\u0103 c\u0103 un consum mai mic duce la costuri mai mici.<\/p>\n<h3>Costuri de \u00eentre\u021binere reduse<\/h3>\n<p> Deoarece vehiculele nu petrec prea mult timp pe drum, uzura lor normal\u0103 este redus\u0103. Acest lucru duce la costuri mai mici de \u00eentre\u021binere.<\/p>\n<h3>Cre\u0219te productivitatea<\/h3>\n<p>Planificatorul de rute prin curier economise\u0219te timp \u0219i resurse. Se ocup\u0103 de sarcini complexe pentru dvs. Nu trebuie s\u0103 pierde\u021bi timpul planific\u00e2nd traseele. Acest lucru cre\u0219te productivitatea general\u0103 a flotei, permi\u021b\u00e2nd finalizarea mai rapid\u0103 \u0219i la timp a lucr\u0103rilor.<\/p>\n<h3>Satisfac\u021bie crescut\u0103 a clien\u021bilor<\/h3>\n<p>Se \u0219tie c\u0103 cump\u0103r\u0103torii mul\u021bumi\u021bi sunt inventarierea cump\u0103r\u0103turilor. Ei bine, dac\u0103 v\u0103 pute\u021bi oferi serviciile la timp, clien\u021bii dvs. vor fi mul\u021bumi\u021bi de dvs. Sistemul de gestionare a curierului asigur\u0103 c\u0103 \u0219oferul potrivit ajunge la clientul potrivit la momentul potrivit, f\u0103r\u0103 returnare.<\/p>\n<h3>Ajut\u0103 la supraestimarea resurselor<\/h3>\n<p>Este posibil s\u0103 utiliza\u021bi mai multe resurse dec\u00e2t este de fapt necesar pentru a furniza sau furniza servicii. Un instrument de optimizare prin curierat ajut\u0103 la redefinirea num\u0103rului de vehicule necesare pentru a opera. Pute\u021bi beneficia de cantit\u0103\u021bi reduse \u0219i, la r\u00e2ndul lor, de costuri reduse.<\/p>\n<p>Acum \u0219ti\u021bi ce este software-ul Courier \u0219i de ce este important. Acum s-ar putea s\u0103 v\u0103 g\u00e2ndi\u021bi la ce software este potrivit pentru afacerea dvs.? <\/p>\n<\/p>\n<h2>Ce software de gestionare a curierului s\u0103 alege\u021bi?<\/h2>\n<p>Exist\u0103 multe resurse care ofer\u0103 liste \u0219i selec\u021bii de programe pentru optimizarea curierilor. Exist\u0103 mul\u021bi factori de luat \u00een considerare, cum ar fi pre\u021burile, caracteristicile oferite, publicul \u021bint\u0103 \u0219i al\u021bi parametri.<\/p>\n<p>Atunci c\u00e2nd alege\u021bi un software de gestionare a curierului, specifica\u021bi ce func\u021bii sunt incluse \u00een pre\u021b \u0219i care sunt furnizate pentru o tax\u0103 suplimentar\u0103. Acorda\u021bi preferin\u021b\u0103 acelor sisteme, al c\u0103ror pre\u021b include \u0219i asisten\u021b\u0103 tehnic\u0103 \u0219i actualiz\u0103ri.<\/p>\n<\/p>\n<h2><strong>De ce s\u0103 alegi Logdio?<\/strong><\/h2>\n<p>\u00cen Logdio, este implementat\u0103 func\u021bia de a construi ruta optim\u0103 pentru curier \u0219i de a calcula timpul \u021bin\u00e2nd cont de blocajele de trafic. Sarcinile c\u0103tre curier sunt distribuite \u00een func\u021bie de priorit\u0103\u021bi \u0219i timp de livrare. Exist\u0103 o func\u021bie GPS-tracker pentru curieri (pute\u021bi urm\u0103ri loca\u021bia curierului pe hart\u0103 \u00een timp real). Software-ul are o interfa\u021b\u0103 prietenoas\u0103. De asemenea, este posibil s\u0103 transfera\u021bi comenzile c\u0103tre un alt curier (de exemplu, \u00een cazul unei avarii a ma\u0219inii). Cel mai bun lucru despre Logdio este c\u0103 este accesibil. Nu trebuie s\u0103 pl\u0103ti\u021bi o sum\u0103 grea pentru utilizarea acestui software productiv. Deci, este cea mai bun\u0103 solu\u021bie pentru job. <\/p>\n\t\t\t\t\t\t\t\t<\/div>\n\t\t\t\t<\/div>\n\t\t\t\t\t<\/div>\n\t\t<\/div>\n\t\t\t\t\t<\/div>\n\t\t<\/section>\n\t\t\t\t<\/div>\n\t\t","protected":false},"excerpt":{"rendered":"<p>Software de planificare a rutelor de curierat Administra\u021bi o for\u021b\u0103 de v\u00e2nzare pe teren, gestiona\u021bi o flot\u0103 de vehicule de livrare (livrarea coletelor sau livrarea m\u0103rfurilor) sau gestiona\u021bi logistica pentru o companie care colecteaz\u0103 \u0219i livreaz\u0103 bunuri din u\u0219\u0103 \u00een u\u0219\u0103? E\u0219ti cumva interesat s\u0103 optimizezi transportul afacerii tale? Software-ul de curierat este cel mai [&hellip;]<\/p>\n","protected":false},"author":1,"featured_media":0,"parent":0,"menu_order":0,"comment_status":"closed","ping_status":"closed","template":"elementor_header_footer","meta":{"footnotes":""},"class_list":["post-7547","page","type-page","status-publish","hentry"],"yoast_head":"<!-- This site is optimized with the Yoast SEO plugin v26.8 - https:\/\/yoast.com\/product\/yoast-seo-wordpress\/ -->\n<title>Software de planificare a rutelor de curierat - Logdio - delivery management tool<\/title>\n<meta name=\"description\" content=\"Spori\u021bi productivitatea curierilor cu software-ul de planificare a rutei Logdis. Solu\u021bie totul \u00eentr-o singur\u0103 pentru firmele de livrare.\" \/>\n<meta name=\"robots\" content=\"index, follow, max-snippet:-1, max-image-preview:large, max-video-preview:-1\" \/>\n<link rel=\"canonical\" href=\"https:\/\/logdio.com\/ro\/software-de-planificare-a-rutelor-de-curierat\/\" \/>\n<meta property=\"og:locale\" content=\"ro_RO\" \/>\n<meta property=\"og:type\" content=\"article\" \/>\n<meta property=\"og:title\" content=\"Software de planificare a rutelor de curierat - Logdio - delivery management tool\" \/>\n<meta property=\"og:description\" content=\"Spori\u021bi productivitatea curierilor cu software-ul de planificare a rutei Logdis. Solu\u021bie totul \u00eentr-o singur\u0103 pentru firmele de livrare.\" \/>\n<meta property=\"og:url\" content=\"https:\/\/logdio.com\/ro\/software-de-planificare-a-rutelor-de-curierat\/\" \/>\n<meta property=\"og:site_name\" content=\"Logdio - delivery management tool\" \/>\n<meta property=\"article:publisher\" content=\"https:\/\/www.facebook.com\/logtime.eu\/\" \/>\n<meta property=\"article:modified_time\" content=\"2021-09-13T14:12:17+00:00\" \/>\n<meta name=\"twitter:card\" content=\"summary_large_image\" \/>\n<meta name=\"twitter:label1\" content=\"Timp estimat pentru citire\" \/>\n\t<meta name=\"twitter:data1\" content=\"4 minute\" \/>\n<script type=\"application\/ld+json\" class=\"yoast-schema-graph\">{\"@context\":\"https:\/\/schema.org\",\"@graph\":[{\"@type\":\"WebPage\",\"@id\":\"https:\/\/logdio.com\/ro\/software-de-planificare-a-rutelor-de-curierat\/\",\"url\":\"https:\/\/logdio.com\/ro\/software-de-planificare-a-rutelor-de-curierat\/\",\"name\":\"Software de planificare a rutelor de curierat - Logdio - delivery management tool\",\"isPartOf\":{\"@id\":\"https:\/\/logdio.com\/ro\/#website\"},\"datePublished\":\"2021-08-23T19:02:34+00:00\",\"dateModified\":\"2021-09-13T14:12:17+00:00\",\"description\":\"Spori\u021bi productivitatea curierilor cu software-ul de planificare a rutei Logdis. Solu\u021bie totul \u00eentr-o singur\u0103 pentru firmele de livrare.\",\"breadcrumb\":{\"@id\":\"https:\/\/logdio.com\/ro\/software-de-planificare-a-rutelor-de-curierat\/#breadcrumb\"},\"inLanguage\":\"ro-RO\",\"potentialAction\":[{\"@type\":\"ReadAction\",\"target\":[\"https:\/\/logdio.com\/ro\/software-de-planificare-a-rutelor-de-curierat\/\"]}]},{\"@type\":\"BreadcrumbList\",\"@id\":\"https:\/\/logdio.com\/ro\/software-de-planificare-a-rutelor-de-curierat\/#breadcrumb\",\"itemListElement\":[{\"@type\":\"ListItem\",\"position\":1,\"name\":\"Home\",\"item\":\"https:\/\/logdio.com\/ro\/pagina-de-destinatie\/\"},{\"@type\":\"ListItem\",\"position\":2,\"name\":\"Software de planificare a rutelor de curierat\"}]},{\"@type\":\"WebSite\",\"@id\":\"https:\/\/logdio.com\/ro\/#website\",\"url\":\"https:\/\/logdio.com\/ro\/\",\"name\":\"Logdio - delivery management tool\",\"description\":\"Next level delivery management software\",\"publisher\":{\"@id\":\"https:\/\/logdio.com\/ro\/#organization\"},\"potentialAction\":[{\"@type\":\"SearchAction\",\"target\":{\"@type\":\"EntryPoint\",\"urlTemplate\":\"https:\/\/logdio.com\/ro\/?s={search_term_string}\"},\"query-input\":{\"@type\":\"PropertyValueSpecification\",\"valueRequired\":true,\"valueName\":\"search_term_string\"}}],\"inLanguage\":\"ro-RO\"},{\"@type\":\"Organization\",\"@id\":\"https:\/\/logdio.com\/ro\/#organization\",\"name\":\"Logdio\",\"url\":\"https:\/\/logdio.com\/ro\/\",\"logo\":{\"@type\":\"ImageObject\",\"inLanguage\":\"ro-RO\",\"@id\":\"https:\/\/logdio.com\/ro\/#\/schema\/logo\/image\/\",\"url\":\"https:\/\/logdio.com\/wp-content\/uploads\/2021\/05\/Logdio.svg\",\"contentUrl\":\"https:\/\/logdio.com\/wp-content\/uploads\/2021\/05\/Logdio.svg\",\"width\":4.44919,\"height\":1.1285,\"caption\":\"Logdio\"},\"image\":{\"@id\":\"https:\/\/logdio.com\/ro\/#\/schema\/logo\/image\/\"},\"sameAs\":[\"https:\/\/www.facebook.com\/logtime.eu\/\",\"https:\/\/www.linkedin.com\/company\/logtime\"]}]}<\/script>\n<!-- \/ Yoast SEO plugin. -->","yoast_head_json":{"title":"Software de planificare a rutelor de curierat - Logdio - delivery management tool","description":"Spori\u021bi productivitatea curierilor cu software-ul de planificare a rutei Logdis. Solu\u021bie totul \u00eentr-o singur\u0103 pentru firmele de livrare.","robots":{"index":"index","follow":"follow","max-snippet":"max-snippet:-1","max-image-preview":"max-image-preview:large","max-video-preview":"max-video-preview:-1"},"canonical":"https:\/\/logdio.com\/ro\/software-de-planificare-a-rutelor-de-curierat\/","og_locale":"ro_RO","og_type":"article","og_title":"Software de planificare a rutelor de curierat - Logdio - delivery management tool","og_description":"Spori\u021bi productivitatea curierilor cu software-ul de planificare a rutei Logdis. Solu\u021bie totul \u00eentr-o singur\u0103 pentru firmele de livrare.","og_url":"https:\/\/logdio.com\/ro\/software-de-planificare-a-rutelor-de-curierat\/","og_site_name":"Logdio - delivery management tool","article_publisher":"https:\/\/www.facebook.com\/logtime.eu\/","article_modified_time":"2021-09-13T14:12:17+00:00","twitter_card":"summary_large_image","twitter_misc":{"Timp estimat pentru citire":"4 minute"},"schema":{"@context":"https:\/\/schema.org","@graph":[{"@type":"WebPage","@id":"https:\/\/logdio.com\/ro\/software-de-planificare-a-rutelor-de-curierat\/","url":"https:\/\/logdio.com\/ro\/software-de-planificare-a-rutelor-de-curierat\/","name":"Software de planificare a rutelor de curierat - Logdio - delivery management tool","isPartOf":{"@id":"https:\/\/logdio.com\/ro\/#website"},"datePublished":"2021-08-23T19:02:34+00:00","dateModified":"2021-09-13T14:12:17+00:00","description":"Spori\u021bi productivitatea curierilor cu software-ul de planificare a rutei Logdis. Solu\u021bie totul \u00eentr-o singur\u0103 pentru firmele de livrare.","breadcrumb":{"@id":"https:\/\/logdio.com\/ro\/software-de-planificare-a-rutelor-de-curierat\/#breadcrumb"},"inLanguage":"ro-RO","potentialAction":[{"@type":"ReadAction","target":["https:\/\/logdio.com\/ro\/software-de-planificare-a-rutelor-de-curierat\/"]}]},{"@type":"BreadcrumbList","@id":"https:\/\/logdio.com\/ro\/software-de-planificare-a-rutelor-de-curierat\/#breadcrumb","itemListElement":[{"@type":"ListItem","position":1,"name":"Home","item":"https:\/\/logdio.com\/ro\/pagina-de-destinatie\/"},{"@type":"ListItem","position":2,"name":"Software de planificare a rutelor de curierat"}]},{"@type":"WebSite","@id":"https:\/\/logdio.com\/ro\/#website","url":"https:\/\/logdio.com\/ro\/","name":"Logdio - delivery management tool","description":"Next level delivery management software","publisher":{"@id":"https:\/\/logdio.com\/ro\/#organization"},"potentialAction":[{"@type":"SearchAction","target":{"@type":"EntryPoint","urlTemplate":"https:\/\/logdio.com\/ro\/?s={search_term_string}"},"query-input":{"@type":"PropertyValueSpecification","valueRequired":true,"valueName":"search_term_string"}}],"inLanguage":"ro-RO"},{"@type":"Organization","@id":"https:\/\/logdio.com\/ro\/#organization","name":"Logdio","url":"https:\/\/logdio.com\/ro\/","logo":{"@type":"ImageObject","inLanguage":"ro-RO","@id":"https:\/\/logdio.com\/ro\/#\/schema\/logo\/image\/","url":"https:\/\/logdio.com\/wp-content\/uploads\/2021\/05\/Logdio.svg","contentUrl":"https:\/\/logdio.com\/wp-content\/uploads\/2021\/05\/Logdio.svg","width":4.44919,"height":1.1285,"caption":"Logdio"},"image":{"@id":"https:\/\/logdio.com\/ro\/#\/schema\/logo\/image\/"},"sameAs":["https:\/\/www.facebook.com\/logtime.eu\/","https:\/\/www.linkedin.com\/company\/logtime"]}]}},"_links":{"self":[{"href":"https:\/\/logdio.com\/ro\/wp-json\/wp\/v2\/pages\/7547","targetHints":{"allow":["GET"]}}],"collection":[{"href":"https:\/\/logdio.com\/ro\/wp-json\/wp\/v2\/pages"}],"about":[{"href":"https:\/\/logdio.com\/ro\/wp-json\/wp\/v2\/types\/page"}],"author":[{"embeddable":true,"href":"https:\/\/logdio.com\/ro\/wp-json\/wp\/v2\/users\/1"}],"replies":[{"embeddable":true,"href":"https:\/\/logdio.com\/ro\/wp-json\/wp\/v2\/comments?post=7547"}],"version-history":[{"count":4,"href":"https:\/\/logdio.com\/ro\/wp-json\/wp\/v2\/pages\/7547\/revisions"}],"predecessor-version":[{"id":13843,"href":"https:\/\/logdio.com\/ro\/wp-json\/wp\/v2\/pages\/7547\/revisions\/13843"}],"wp:attachment":[{"href":"https:\/\/logdio.com\/ro\/wp-json\/wp\/v2\/media?parent=7547"}],"curies":[{"name":"wp","href":"https:\/\/api.w.org\/{rel}","templated":true}]}}