{"id":7511,"date":"2021-08-23T22:01:53","date_gmt":"2021-08-23T19:01:53","guid":{"rendered":"https:\/\/logdio.com\/planificator-de-rute-de-livrare\/"},"modified":"2023-08-21T00:31:07","modified_gmt":"2023-08-20T21:31:07","slug":"planificator-de-rute-de-livrare","status":"publish","type":"page","link":"https:\/\/logdio.com\/ro\/planificator-de-rute-de-livrare\/","title":{"rendered":"Planificator de rute de livrare"},"content":{"rendered":"\t\t<div data-elementor-type=\"wp-page\" data-elementor-id=\"7511\" class=\"elementor elementor-7511 elementor-1056\" data-elementor-post-type=\"page\">\n\t\t\t\t\t\t<section class=\"has_ma_el_bg_slider elementor-section elementor-top-section elementor-element elementor-element-bb4cbd0 elementor-section-boxed elementor-section-height-default elementor-section-height-default jltma-glass-effect-no\" data-id=\"bb4cbd0\" data-element_type=\"section\" data-e-type=\"section\" data-settings=\"{&quot;jet_parallax_layout_list&quot;:[{&quot;jet_parallax_layout_image&quot;:{&quot;url&quot;:&quot;&quot;,&quot;id&quot;:&quot;&quot;,&quot;size&quot;:&quot;&quot;},&quot;_id&quot;:&quot;dcee667&quot;,&quot;jet_parallax_layout_image_tablet&quot;:{&quot;url&quot;:&quot;&quot;,&quot;id&quot;:&quot;&quot;,&quot;size&quot;:&quot;&quot;},&quot;jet_parallax_layout_image_mobile&quot;:{&quot;url&quot;:&quot;&quot;,&quot;id&quot;:&quot;&quot;,&quot;size&quot;:&quot;&quot;},&quot;jet_parallax_layout_speed&quot;:{&quot;unit&quot;:&quot;%&quot;,&quot;size&quot;:50,&quot;sizes&quot;:[]},&quot;jet_parallax_layout_type&quot;:&quot;scroll&quot;,&quot;jet_parallax_layout_direction&quot;:null,&quot;jet_parallax_layout_fx_direction&quot;:null,&quot;jet_parallax_layout_z_index&quot;:&quot;&quot;,&quot;jet_parallax_layout_bg_x&quot;:50,&quot;jet_parallax_layout_bg_x_tablet&quot;:&quot;&quot;,&quot;jet_parallax_layout_bg_x_mobile&quot;:&quot;&quot;,&quot;jet_parallax_layout_bg_y&quot;:50,&quot;jet_parallax_layout_bg_y_tablet&quot;:&quot;&quot;,&quot;jet_parallax_layout_bg_y_mobile&quot;:&quot;&quot;,&quot;jet_parallax_layout_bg_size&quot;:&quot;auto&quot;,&quot;jet_parallax_layout_bg_size_tablet&quot;:&quot;&quot;,&quot;jet_parallax_layout_bg_size_mobile&quot;:&quot;&quot;,&quot;jet_parallax_layout_animation_prop&quot;:&quot;transform&quot;,&quot;jet_parallax_layout_on&quot;:[&quot;desktop&quot;,&quot;tablet&quot;]}]}\">\n\t\t\t\t\t\t<div class=\"elementor-container elementor-column-gap-default\">\n\t\t\t\t\t<div class=\"has_ma_el_bg_slider elementor-column elementor-col-100 elementor-top-column elementor-element elementor-element-d8f9397 jltma-glass-effect-no\" data-id=\"d8f9397\" data-element_type=\"column\" data-e-type=\"column\">\n\t\t\t<div class=\"elementor-widget-wrap elementor-element-populated\">\n\t\t\t\t\t\t<div class=\"elementor-element elementor-element-ab71b3f jltma-glass-effect-no elementor-widget elementor-widget-heading\" data-id=\"ab71b3f\" data-element_type=\"widget\" data-e-type=\"widget\" data-widget_type=\"heading.default\">\n\t\t\t\t<div class=\"elementor-widget-container\">\n\t\t\t\t\t<h1 class=\"elementor-heading-title elementor-size-default\">Planificator de rute de livrare<\/h1>\t\t\t\t<\/div>\n\t\t\t\t<\/div>\n\t\t\t\t\t<\/div>\n\t\t<\/div>\n\t\t\t\t\t<\/div>\n\t\t<\/section>\n\t\t\t\t<section class=\"has_ma_el_bg_slider elementor-section elementor-top-section elementor-element elementor-element-9a53e57 elementor-section-boxed elementor-section-height-default elementor-section-height-default jltma-glass-effect-no\" data-id=\"9a53e57\" data-element_type=\"section\" data-e-type=\"section\" data-settings=\"{&quot;jet_parallax_layout_list&quot;:[{&quot;jet_parallax_layout_image&quot;:{&quot;url&quot;:&quot;&quot;,&quot;id&quot;:&quot;&quot;,&quot;size&quot;:&quot;&quot;},&quot;_id&quot;:&quot;c42d9be&quot;,&quot;jet_parallax_layout_image_tablet&quot;:{&quot;url&quot;:&quot;&quot;,&quot;id&quot;:&quot;&quot;,&quot;size&quot;:&quot;&quot;},&quot;jet_parallax_layout_image_mobile&quot;:{&quot;url&quot;:&quot;&quot;,&quot;id&quot;:&quot;&quot;,&quot;size&quot;:&quot;&quot;},&quot;jet_parallax_layout_speed&quot;:{&quot;unit&quot;:&quot;%&quot;,&quot;size&quot;:50,&quot;sizes&quot;:[]},&quot;jet_parallax_layout_type&quot;:&quot;scroll&quot;,&quot;jet_parallax_layout_direction&quot;:null,&quot;jet_parallax_layout_fx_direction&quot;:null,&quot;jet_parallax_layout_z_index&quot;:&quot;&quot;,&quot;jet_parallax_layout_bg_x&quot;:50,&quot;jet_parallax_layout_bg_x_tablet&quot;:&quot;&quot;,&quot;jet_parallax_layout_bg_x_mobile&quot;:&quot;&quot;,&quot;jet_parallax_layout_bg_y&quot;:50,&quot;jet_parallax_layout_bg_y_tablet&quot;:&quot;&quot;,&quot;jet_parallax_layout_bg_y_mobile&quot;:&quot;&quot;,&quot;jet_parallax_layout_bg_size&quot;:&quot;auto&quot;,&quot;jet_parallax_layout_bg_size_tablet&quot;:&quot;&quot;,&quot;jet_parallax_layout_bg_size_mobile&quot;:&quot;&quot;,&quot;jet_parallax_layout_animation_prop&quot;:&quot;transform&quot;,&quot;jet_parallax_layout_on&quot;:[&quot;desktop&quot;,&quot;tablet&quot;]}]}\">\n\t\t\t\t\t\t<div class=\"elementor-container elementor-column-gap-default\">\n\t\t\t\t\t<div class=\"has_ma_el_bg_slider elementor-column elementor-col-100 elementor-top-column elementor-element elementor-element-0f35f0a jltma-glass-effect-no\" data-id=\"0f35f0a\" data-element_type=\"column\" data-e-type=\"column\">\n\t\t\t<div class=\"elementor-widget-wrap elementor-element-populated\">\n\t\t\t\t\t\t<div class=\"elementor-element elementor-element-2972b23 jltma-glass-effect-no elementor-widget elementor-widget-text-editor\" data-id=\"2972b23\" data-element_type=\"widget\" data-e-type=\"widget\" data-widget_type=\"text-editor.default\">\n\t\t\t\t<div class=\"elementor-widget-container\">\n\t\t\t\t\t\t\t\t\t<p>Companiile care au propria livrare doresc s\u0103 livreze comenzile clien\u021bilor la timp \u0219i s\u0103 reduc\u0103 costurile de logistic\u0103. Sarcinile obi\u0219nuite ale unui serviciu de curierat arat\u0103 astfel: un logistician prime\u0219te comenzi \u0219i distribuie rute, un curier livreaz\u0103 comenzi \u0219i raporteaz\u0103 lucr\u0103rile. Algoritmul arat\u0103 simplu, dar logisticianul trebuie s\u0103 ia \u00een considerare intervalele de timp pentru livrare, timpul de \u00eent\u00e2lnire cu clientul, blocajele de trafic. De asemenea, trebuie s\u0103 controla\u021bi curierii \u0219i s\u0103 monitoriza\u021bi calitatea livr\u0103rii. Este dificil s\u0103 te descurci manual. Planificatorul de rute de livrare rezolv\u0103 problema.<\/p>\n<p>S\u0103 ne d\u0103m seama ce este planificatorul de rute de livrare, avantajele sale \u0219i ce software este potrivit pentru dvs. <\/p>\n<\/p>\n<h2><strong>Ce este un planificator de rute de livrare?<\/strong><\/h2>\n<p>Un planificator de rute de livrare este un software utilizat pentru optimizarea rutelor pentru livr\u0103ri. Serviciul de rutare distribuie automat sute de comenzi \u00een c\u00e2teva minute. Logisticianul petrece c\u00e2teva ore \u00een acest sens, distribuind trasee manual sau \u00eentr-un mod semi-automat. Timpul nu este singura durere.<\/p>\n<p>Pentru a planifica c\u0103l\u0103toriile de curierat la ora exact\u0103, logisticianul trebuie s\u0103 ia \u00een considerare repara\u021biile rutiere \u0219i prognoza aglomer\u0103rii traficului, s\u0103 compare mai multe rute \u0219i s\u0103 o aleag\u0103 pe cea mai bun\u0103. Dac\u0103 nu este planificat corect, curierul va sosi devreme sau t\u00e2rziu. Uneori companiile folosesc instrumente de planificare a rutelor de livrare care iau \u00een calcul congestia traficului sau ratele de congestie a traficului diminea\u021ba, seara \u0219i dup\u0103-amiaza. Av\u00e2nd \u00een vedere blocajele de trafic aici \u0219i acum, nu va fi posibil\u0103 planificarea traseului pentru m\u00e2ine. Dac\u0103 \u021bine\u021bi cont de coeficien\u021bi, va trebui s\u0103 planifica\u021bi \u00eent\u00e2rzierile. <\/p>\n<p>Algoritmul parcurge aproximativ un miliard de combina\u021bii \u00een c\u00e2teva minute \u0219i ofer\u0103 ruta optim\u0103. Un logistician nu poate face asta. Aceast\u0103 abordare reduce timpul logisticianului \u0219i reduce num\u0103rul de \u00eent\u00e2rzieri la zero.<\/p>\n<p>Cel mai bun lucru despre un planificator de rute pentru livr\u0103ri este c\u0103 nu se limiteaz\u0103 la o anumit\u0103 afacere. Programul poate fi utilizat de:<\/p>\n<ul>\n<li>companie de curierat<\/li>\n<li>Serviciu de livrare<\/li>\n<li>Express Mail<\/li>\n<li>Companie logistica<\/li>\n<li>Societate comercial\u0103<\/li>\n<li>Orice alt\u0103 organiza\u021bie<\/li>\n<\/ul>\n<p>Aceste companii pot ob\u021bine urm\u0103toarele dou\u0103 avantaje principale de la un planificator de rute de livrare: <\/p>\n<p><strong>Livrarea la timp<\/strong> loialitatea clientului \u0219i conversia la plata pentru comand\u0103 \u00een func\u021bie de rapiditatea \u0219i exactitatea livr\u0103rii. De exemplu, un client bancar emite o livrare a cardului de credit pentru a pl\u0103ti urgent tratamentul. Dac\u0103 curierul reprogrameaz\u0103 programarea, exist\u0103 riscul ca clientul s\u0103 anuleze livrarea \u0219i s\u0103 contacteze o alt\u0103 banc\u0103 &#8211; conversia la activarea cardului de credit va \u00eenceta. Un alt exemplu este livrarea hainelor cu garnitur\u0103. Cump\u0103r\u0103torul pl\u0103te\u0219te comanda numai dup\u0103 montare. <\/p>\n<p>Dac\u0103 planifica\u021bi traseul incorect, curierul va \u00eent\u00e2rzia. Algoritmul de rutare ia \u00een considerare nu numai blocajele de trafic \u0219i condi\u021biile rutiere, ci \u0219i parametrii de afaceri. Ca urmare, trece prin aproximativ un miliard de itera\u021bii posibile \u0219i d\u0103 rezultatul optim. Acest lucru reduce \u0219i elimin\u0103 \u00eent\u00e2rzierile, iar clien\u021bii pot alege \u00een continuare intervale de livrare restr\u00e2nse. <\/p>\n<p>Acestea nu sunt singurele op\u021biuni. Pute\u021bi lua \u00een considerare dimensiunile m\u0103rfurilor, programul de lucru al depozitului \u0219i alte caracteristici esen\u021biale pentru livrare cu o aplica\u021bie de planificare a livr\u0103rilor.<\/p>\n<\/p>\n<h3>Planificare rapid\u0103<\/h3>\n<p>\u00cen primul r\u00e2nd, logisticianul nu trebuie s\u0103 utilizeze servicii diferite &#8211; el \/ ea construie\u0219te rute \u0219i urm\u0103re\u0219te executarea comenzilor \u00eentr-o singur\u0103 fereastr\u0103. Acest lucru reduce deja timpul. \u00cen al doilea r\u00e2nd, logisticianul nu pierde timpul \u00een planificare. Serviciul calculeaz\u0103 automat rutele. <\/p>\n<p>Serviciul arat\u0103 ruta fiec\u0103rui curier sau vehicul, c\u00e2te comenzi au fost livrate \u0219i exist\u0103 \u00eenc\u0103lc\u0103ri. <\/p>\n<p>Logisticianul poate, de asemenea, corecta manual comenzile. Acest lucru este convenabil dac\u0103 au ap\u0103rut noi comenzi. \u00cen primul r\u00e2nd, serviciul distribuie toate comenzile c\u0103tre to\u021bi curierii. Dac\u0103 exist\u0103 o nou\u0103 solicitare, logisticianul adaug\u0103 un punct la sf\u00e2r\u0219itul traseului c\u0103tre curierul care este pe drum. Dac\u0103 redistribui\u021bi automat un traseu, toate traseele vor fi reconstruite; acest lucru este incomod.<\/p>\n<\/p>\n<h2><strong>Cum se economise\u0219te costul de livrare?<\/strong><\/h2>\n<p>O aplica\u021bie de planificare a rutelor de livrare calculeaz\u0103 multe rute, lu\u00e2nd \u00een considerare prognoza blocajelor de trafic, date despre rutele anterioare, modul \u00een care c\u0103l\u0103toresc curierii \u0219i ofer\u0103 cea mai bun\u0103 op\u021biune.<\/p>\n<p>De exemplu, trebuie s\u0103 livra\u021bi 750 de comenzi m\u00e2ine. Dou\u0103zeci de curieri livreaz\u0103 comenzi pe jos, zece curieri livreaz\u0103 cu transportul \u00een comun \u0219i cinci curieri cu ma\u0219ina. <\/p>\n<p>Logisticianul vede programul de lucru al curierilor \u0219i calendarul comenzilor \u00een aplica\u021bie. Tot ce ave\u021bi nevoie pentru a distribui comenzi este s\u0103 face\u021bi clic pe un buton. Serviciul de rutare \u00eencorporat va determina automat c\u00e2te comenzi pot livra angaja\u021bii la momentul potrivit. Dac\u0103 exist\u0103 mul\u021bi curieri pe jos, oferi\u021bi-v\u0103 s\u0103 livra\u021bi serviciul pe jos \u0219i nu suna\u021bi \u0219oferii pentru a nu risipi combustibil. Este mai ieftin a\u0219a.<\/p>\n<\/p>\n<h2><strong>Ce software de planificare a rutelor de livrare s\u0103 utiliza\u021bi?<\/strong><\/h2>\n<p>Acum este timpul s\u0103 c\u0103ut\u0103m serviciile potrivite. Aminti\u021bi-v\u0103 c\u0103 exist\u0103 o mul\u021bime de op\u021biuni aici, dar planificatorul de rute al \u0219oferului de livrare potrivit este cel care adaug\u0103 valoare real\u0103 afacerii dvs. Fiecare platform\u0103 nu ofer\u0103 servicii bune la pre\u021bul corect. De asemenea, poate fi dificil s\u0103 pl\u0103te\u0219ti un pre\u021b mai mare pentru o afacere nou\u0103. <\/p>\n<p>A\u0219adar, ave\u021bi nevoie de un pachet care s\u0103 \u00eendeplineasc\u0103 cerin\u021bele afacerii dvs. Iat\u0103 ce trebuie s\u0103 ave\u021bi \u00een vedere: <\/p>\n<ul>\n<li>Pre\u021buri rezonabile<\/li>\n<li>Caracteristici obligatorii \u00eentr-un sistem de expediere <\/li>\n<li>Solu\u021bii simple pentru toate tipurile de cerin\u021be de afaceri <\/li>\n<li>O perioad\u0103 de \u00eencercare gratuit\u0103: \u00censcrie\u021bi-v\u0103 pentru perioada de \u00eencercare gratuit\u0103 \u0219i vede\u021bi singur rezultatele! <\/li>\n<\/ul>\n<h2><strong>De ce s\u0103 alegi Logdio?<\/strong><\/h2>\n<p>Logdio v\u0103 ofer\u0103 experien\u021ba noastr\u0103 \u00een dezvoltarea \u0219i implementarea celui mai rapid planificator de rute pentru gestionarea proceselor de livrare, care sunt utilizate cu succes de mul\u021bi dintre clien\u021bii no\u0219tri.<\/p>\n<p>Logdio este un sistem de proiectare care v\u0103 permite s\u0103 v\u0103 implementa\u021bi propriul serviciu de livrare la o \u00eentreprindere, s\u0103 automatiza\u021bi munca \u0219i s\u0103 organiza\u021bi controlul complet al curierilor.<\/p>\n<p>Alege\u021bi func\u021bionalitatea necesar\u0103, determina\u021bi nivelul de personalizare a interfe\u021bei, include\u021bi \u00een ansamblu module \u0219i op\u021biuni suplimentare dezvoltate pentru afacerea dvs. Aplica\u021bia de planificare a rutelor de livrare Logdio din Marea Britanie va efectua un ciclu complet de automatizare \u0219i personalizare: de la analiza afacerii p\u00e2n\u0103 la implementare.<\/p>\n<p>Verifica\u021bi \u201eaplica\u021bia de planificare a rutelor de \u00eencercare gratuit\u0103 pentru \u0219oferii de livrare\u201d \u0219i contacta\u021bi pentru mai multe detalii. <\/p>\n\t\t\t\t\t\t\t\t<\/div>\n\t\t\t\t<\/div>\n\t\t\t\t\t<\/div>\n\t\t<\/div>\n\t\t\t\t\t<\/div>\n\t\t<\/section>\n\t\t\t\t<\/div>\n\t\t","protected":false},"excerpt":{"rendered":"<p>Companiile care au propria livrare doresc s\u0103 livreze comenzile clien\u021bilor la timp \u0219i s\u0103 reduc\u0103 costurile de logistic\u0103. Sarcinile obi\u0219nuite ale unui serviciu de curierat arat\u0103 astfel: un logistician prime\u0219te comenzi \u0219i distribuie rute, un curier livreaz\u0103 comenzi \u0219i raporteaz\u0103 lucr\u0103rile. Algoritmul arat\u0103 simplu, dar logisticianul trebuie s\u0103 ia \u00een considerare intervalele de timp pentru [&hellip;]<\/p>\n","protected":false},"author":1,"featured_media":0,"parent":0,"menu_order":0,"comment_status":"closed","ping_status":"closed","template":"elementor_header_footer","meta":{"footnotes":""},"class_list":["post-7511","page","type-page","status-publish","hentry"],"yoast_head":"<!-- This site is optimized with the Yoast SEO plugin v26.8 - https:\/\/yoast.com\/product\/yoast-seo-wordpress\/ -->\n<title>Planificator de rute de livrare - Logdio - delivery management tool<\/title>\n<meta name=\"description\" content=\"Stimula\u021bi-v\u0103 productivitatea cu Logdis, planificatorul de rute de livrare. Nu mai ave\u021bi nevoie de Google Maps. Oferim o aplica\u021bie u\u0219or de utilizat pentru firmele de livrare.\" \/>\n<meta name=\"robots\" content=\"index, follow, max-snippet:-1, max-image-preview:large, max-video-preview:-1\" \/>\n<link rel=\"canonical\" href=\"https:\/\/logdio.com\/ro\/planificator-de-rute-de-livrare\/\" \/>\n<meta property=\"og:locale\" content=\"ro_RO\" \/>\n<meta property=\"og:type\" content=\"article\" \/>\n<meta property=\"og:title\" content=\"Planificator de rute de livrare - Logdio - delivery management tool\" \/>\n<meta property=\"og:description\" content=\"Stimula\u021bi-v\u0103 productivitatea cu Logdis, planificatorul de rute de livrare. Nu mai ave\u021bi nevoie de Google Maps. Oferim o aplica\u021bie u\u0219or de utilizat pentru firmele de livrare.\" \/>\n<meta property=\"og:url\" content=\"https:\/\/logdio.com\/ro\/planificator-de-rute-de-livrare\/\" \/>\n<meta property=\"og:site_name\" content=\"Logdio - delivery management tool\" \/>\n<meta property=\"article:publisher\" content=\"https:\/\/www.facebook.com\/logtime.eu\/\" \/>\n<meta property=\"article:modified_time\" content=\"2023-08-20T21:31:07+00:00\" \/>\n<meta name=\"twitter:card\" content=\"summary_large_image\" \/>\n<meta name=\"twitter:label1\" content=\"Timp estimat pentru citire\" \/>\n\t<meta name=\"twitter:data1\" content=\"6 minute\" \/>\n<script type=\"application\/ld+json\" class=\"yoast-schema-graph\">{\"@context\":\"https:\/\/schema.org\",\"@graph\":[{\"@type\":\"WebPage\",\"@id\":\"https:\/\/logdio.com\/ro\/planificator-de-rute-de-livrare\/\",\"url\":\"https:\/\/logdio.com\/ro\/planificator-de-rute-de-livrare\/\",\"name\":\"Planificator de rute de livrare - Logdio - delivery management tool\",\"isPartOf\":{\"@id\":\"https:\/\/logdio.com\/ro\/#website\"},\"datePublished\":\"2021-08-23T19:01:53+00:00\",\"dateModified\":\"2023-08-20T21:31:07+00:00\",\"description\":\"Stimula\u021bi-v\u0103 productivitatea cu Logdis, planificatorul de rute de livrare. Nu mai ave\u021bi nevoie de Google Maps. Oferim o aplica\u021bie u\u0219or de utilizat pentru firmele de livrare.\",\"breadcrumb\":{\"@id\":\"https:\/\/logdio.com\/ro\/planificator-de-rute-de-livrare\/#breadcrumb\"},\"inLanguage\":\"ro-RO\",\"potentialAction\":[{\"@type\":\"ReadAction\",\"target\":[\"https:\/\/logdio.com\/ro\/planificator-de-rute-de-livrare\/\"]}]},{\"@type\":\"BreadcrumbList\",\"@id\":\"https:\/\/logdio.com\/ro\/planificator-de-rute-de-livrare\/#breadcrumb\",\"itemListElement\":[{\"@type\":\"ListItem\",\"position\":1,\"name\":\"Home\",\"item\":\"https:\/\/logdio.com\/ro\/pagina-de-destinatie\/\"},{\"@type\":\"ListItem\",\"position\":2,\"name\":\"Planificator de rute de livrare\"}]},{\"@type\":\"WebSite\",\"@id\":\"https:\/\/logdio.com\/ro\/#website\",\"url\":\"https:\/\/logdio.com\/ro\/\",\"name\":\"Logdio - delivery management tool\",\"description\":\"Next level delivery management software\",\"publisher\":{\"@id\":\"https:\/\/logdio.com\/ro\/#organization\"},\"potentialAction\":[{\"@type\":\"SearchAction\",\"target\":{\"@type\":\"EntryPoint\",\"urlTemplate\":\"https:\/\/logdio.com\/ro\/?s={search_term_string}\"},\"query-input\":{\"@type\":\"PropertyValueSpecification\",\"valueRequired\":true,\"valueName\":\"search_term_string\"}}],\"inLanguage\":\"ro-RO\"},{\"@type\":\"Organization\",\"@id\":\"https:\/\/logdio.com\/ro\/#organization\",\"name\":\"Logdio\",\"url\":\"https:\/\/logdio.com\/ro\/\",\"logo\":{\"@type\":\"ImageObject\",\"inLanguage\":\"ro-RO\",\"@id\":\"https:\/\/logdio.com\/ro\/#\/schema\/logo\/image\/\",\"url\":\"https:\/\/logdio.com\/wp-content\/uploads\/2021\/05\/Logdio.svg\",\"contentUrl\":\"https:\/\/logdio.com\/wp-content\/uploads\/2021\/05\/Logdio.svg\",\"width\":4.44919,\"height\":1.1285,\"caption\":\"Logdio\"},\"image\":{\"@id\":\"https:\/\/logdio.com\/ro\/#\/schema\/logo\/image\/\"},\"sameAs\":[\"https:\/\/www.facebook.com\/logtime.eu\/\",\"https:\/\/www.linkedin.com\/company\/logtime\"]}]}<\/script>\n<!-- \/ Yoast SEO plugin. -->","yoast_head_json":{"title":"Planificator de rute de livrare - Logdio - delivery management tool","description":"Stimula\u021bi-v\u0103 productivitatea cu Logdis, planificatorul de rute de livrare. Nu mai ave\u021bi nevoie de Google Maps. Oferim o aplica\u021bie u\u0219or de utilizat pentru firmele de livrare.","robots":{"index":"index","follow":"follow","max-snippet":"max-snippet:-1","max-image-preview":"max-image-preview:large","max-video-preview":"max-video-preview:-1"},"canonical":"https:\/\/logdio.com\/ro\/planificator-de-rute-de-livrare\/","og_locale":"ro_RO","og_type":"article","og_title":"Planificator de rute de livrare - Logdio - delivery management tool","og_description":"Stimula\u021bi-v\u0103 productivitatea cu Logdis, planificatorul de rute de livrare. Nu mai ave\u021bi nevoie de Google Maps. Oferim o aplica\u021bie u\u0219or de utilizat pentru firmele de livrare.","og_url":"https:\/\/logdio.com\/ro\/planificator-de-rute-de-livrare\/","og_site_name":"Logdio - delivery management tool","article_publisher":"https:\/\/www.facebook.com\/logtime.eu\/","article_modified_time":"2023-08-20T21:31:07+00:00","twitter_card":"summary_large_image","twitter_misc":{"Timp estimat pentru citire":"6 minute"},"schema":{"@context":"https:\/\/schema.org","@graph":[{"@type":"WebPage","@id":"https:\/\/logdio.com\/ro\/planificator-de-rute-de-livrare\/","url":"https:\/\/logdio.com\/ro\/planificator-de-rute-de-livrare\/","name":"Planificator de rute de livrare - Logdio - delivery management tool","isPartOf":{"@id":"https:\/\/logdio.com\/ro\/#website"},"datePublished":"2021-08-23T19:01:53+00:00","dateModified":"2023-08-20T21:31:07+00:00","description":"Stimula\u021bi-v\u0103 productivitatea cu Logdis, planificatorul de rute de livrare. Nu mai ave\u021bi nevoie de Google Maps. Oferim o aplica\u021bie u\u0219or de utilizat pentru firmele de livrare.","breadcrumb":{"@id":"https:\/\/logdio.com\/ro\/planificator-de-rute-de-livrare\/#breadcrumb"},"inLanguage":"ro-RO","potentialAction":[{"@type":"ReadAction","target":["https:\/\/logdio.com\/ro\/planificator-de-rute-de-livrare\/"]}]},{"@type":"BreadcrumbList","@id":"https:\/\/logdio.com\/ro\/planificator-de-rute-de-livrare\/#breadcrumb","itemListElement":[{"@type":"ListItem","position":1,"name":"Home","item":"https:\/\/logdio.com\/ro\/pagina-de-destinatie\/"},{"@type":"ListItem","position":2,"name":"Planificator de rute de livrare"}]},{"@type":"WebSite","@id":"https:\/\/logdio.com\/ro\/#website","url":"https:\/\/logdio.com\/ro\/","name":"Logdio - delivery management tool","description":"Next level delivery management software","publisher":{"@id":"https:\/\/logdio.com\/ro\/#organization"},"potentialAction":[{"@type":"SearchAction","target":{"@type":"EntryPoint","urlTemplate":"https:\/\/logdio.com\/ro\/?s={search_term_string}"},"query-input":{"@type":"PropertyValueSpecification","valueRequired":true,"valueName":"search_term_string"}}],"inLanguage":"ro-RO"},{"@type":"Organization","@id":"https:\/\/logdio.com\/ro\/#organization","name":"Logdio","url":"https:\/\/logdio.com\/ro\/","logo":{"@type":"ImageObject","inLanguage":"ro-RO","@id":"https:\/\/logdio.com\/ro\/#\/schema\/logo\/image\/","url":"https:\/\/logdio.com\/wp-content\/uploads\/2021\/05\/Logdio.svg","contentUrl":"https:\/\/logdio.com\/wp-content\/uploads\/2021\/05\/Logdio.svg","width":4.44919,"height":1.1285,"caption":"Logdio"},"image":{"@id":"https:\/\/logdio.com\/ro\/#\/schema\/logo\/image\/"},"sameAs":["https:\/\/www.facebook.com\/logtime.eu\/","https:\/\/www.linkedin.com\/company\/logtime"]}]}},"_links":{"self":[{"href":"https:\/\/logdio.com\/ro\/wp-json\/wp\/v2\/pages\/7511","targetHints":{"allow":["GET"]}}],"collection":[{"href":"https:\/\/logdio.com\/ro\/wp-json\/wp\/v2\/pages"}],"about":[{"href":"https:\/\/logdio.com\/ro\/wp-json\/wp\/v2\/types\/page"}],"author":[{"embeddable":true,"href":"https:\/\/logdio.com\/ro\/wp-json\/wp\/v2\/users\/1"}],"replies":[{"embeddable":true,"href":"https:\/\/logdio.com\/ro\/wp-json\/wp\/v2\/comments?post=7511"}],"version-history":[{"count":2,"href":"https:\/\/logdio.com\/ro\/wp-json\/wp\/v2\/pages\/7511\/revisions"}],"predecessor-version":[{"id":11627,"href":"https:\/\/logdio.com\/ro\/wp-json\/wp\/v2\/pages\/7511\/revisions\/11627"}],"wp:attachment":[{"href":"https:\/\/logdio.com\/ro\/wp-json\/wp\/v2\/media?parent=7511"}],"curies":[{"name":"wp","href":"https:\/\/api.w.org\/{rel}","templated":true}]}}