{"id":7496,"date":"2021-08-23T22:01:44","date_gmt":"2021-08-23T19:01:44","guid":{"rendered":"https:\/\/logdio.com\/software-de-planificare-a-rutei\/"},"modified":"2021-09-13T17:12:08","modified_gmt":"2021-09-13T14:12:08","slug":"software-de-planificare-a-rutei","status":"publish","type":"page","link":"https:\/\/logdio.com\/ro\/software-de-planificare-a-rutei\/","title":{"rendered":"Software de planificare a rutei"},"content":{"rendered":"\t\t<div data-elementor-type=\"wp-page\" data-elementor-id=\"7496\" class=\"elementor elementor-7496 elementor-1054\" data-elementor-post-type=\"page\">\n\t\t\t\t\t\t<section class=\"has_ma_el_bg_slider elementor-section elementor-top-section elementor-element elementor-element-aa63506 elementor-section-boxed elementor-section-height-default elementor-section-height-default jltma-glass-effect-no\" data-id=\"aa63506\" data-element_type=\"section\" data-e-type=\"section\" data-settings=\"{&quot;jet_parallax_layout_list&quot;:[{&quot;jet_parallax_layout_image&quot;:{&quot;url&quot;:&quot;&quot;,&quot;id&quot;:&quot;&quot;,&quot;size&quot;:&quot;&quot;},&quot;_id&quot;:&quot;7ffc1ed&quot;,&quot;jet_parallax_layout_image_tablet&quot;:{&quot;url&quot;:&quot;&quot;,&quot;id&quot;:&quot;&quot;,&quot;size&quot;:&quot;&quot;},&quot;jet_parallax_layout_image_mobile&quot;:{&quot;url&quot;:&quot;&quot;,&quot;id&quot;:&quot;&quot;,&quot;size&quot;:&quot;&quot;},&quot;jet_parallax_layout_speed&quot;:{&quot;unit&quot;:&quot;%&quot;,&quot;size&quot;:50,&quot;sizes&quot;:[]},&quot;jet_parallax_layout_type&quot;:&quot;scroll&quot;,&quot;jet_parallax_layout_direction&quot;:null,&quot;jet_parallax_layout_fx_direction&quot;:null,&quot;jet_parallax_layout_z_index&quot;:&quot;&quot;,&quot;jet_parallax_layout_bg_x&quot;:50,&quot;jet_parallax_layout_bg_x_tablet&quot;:&quot;&quot;,&quot;jet_parallax_layout_bg_x_mobile&quot;:&quot;&quot;,&quot;jet_parallax_layout_bg_y&quot;:50,&quot;jet_parallax_layout_bg_y_tablet&quot;:&quot;&quot;,&quot;jet_parallax_layout_bg_y_mobile&quot;:&quot;&quot;,&quot;jet_parallax_layout_bg_size&quot;:&quot;auto&quot;,&quot;jet_parallax_layout_bg_size_tablet&quot;:&quot;&quot;,&quot;jet_parallax_layout_bg_size_mobile&quot;:&quot;&quot;,&quot;jet_parallax_layout_animation_prop&quot;:&quot;transform&quot;,&quot;jet_parallax_layout_on&quot;:[&quot;desktop&quot;,&quot;tablet&quot;]}]}\">\n\t\t\t\t\t\t<div class=\"elementor-container elementor-column-gap-default\">\n\t\t\t\t\t<div class=\"has_ma_el_bg_slider elementor-column elementor-col-100 elementor-top-column elementor-element elementor-element-a5671ee jltma-glass-effect-no\" data-id=\"a5671ee\" data-element_type=\"column\" data-e-type=\"column\">\n\t\t\t<div class=\"elementor-widget-wrap elementor-element-populated\">\n\t\t\t\t\t\t<div class=\"elementor-element elementor-element-293514c jltma-glass-effect-no elementor-widget elementor-widget-heading\" data-id=\"293514c\" data-element_type=\"widget\" data-e-type=\"widget\" data-widget_type=\"heading.default\">\n\t\t\t\t<div class=\"elementor-widget-container\">\n\t\t\t\t\t<h1 class=\"elementor-heading-title elementor-size-default\">Software de planificare a rutei<\/h1>\t\t\t\t<\/div>\n\t\t\t\t<\/div>\n\t\t\t\t\t<\/div>\n\t\t<\/div>\n\t\t\t\t\t<\/div>\n\t\t<\/section>\n\t\t\t\t<section class=\"has_ma_el_bg_slider elementor-section elementor-top-section elementor-element elementor-element-8e5f6e9 elementor-section-boxed elementor-section-height-default elementor-section-height-default jltma-glass-effect-no\" data-id=\"8e5f6e9\" data-element_type=\"section\" data-e-type=\"section\" data-settings=\"{&quot;jet_parallax_layout_list&quot;:[{&quot;jet_parallax_layout_image&quot;:{&quot;url&quot;:&quot;&quot;,&quot;id&quot;:&quot;&quot;,&quot;size&quot;:&quot;&quot;},&quot;_id&quot;:&quot;80a7424&quot;,&quot;jet_parallax_layout_image_tablet&quot;:{&quot;url&quot;:&quot;&quot;,&quot;id&quot;:&quot;&quot;,&quot;size&quot;:&quot;&quot;},&quot;jet_parallax_layout_image_mobile&quot;:{&quot;url&quot;:&quot;&quot;,&quot;id&quot;:&quot;&quot;,&quot;size&quot;:&quot;&quot;},&quot;jet_parallax_layout_speed&quot;:{&quot;unit&quot;:&quot;%&quot;,&quot;size&quot;:50,&quot;sizes&quot;:[]},&quot;jet_parallax_layout_type&quot;:&quot;scroll&quot;,&quot;jet_parallax_layout_direction&quot;:null,&quot;jet_parallax_layout_fx_direction&quot;:null,&quot;jet_parallax_layout_z_index&quot;:&quot;&quot;,&quot;jet_parallax_layout_bg_x&quot;:50,&quot;jet_parallax_layout_bg_x_tablet&quot;:&quot;&quot;,&quot;jet_parallax_layout_bg_x_mobile&quot;:&quot;&quot;,&quot;jet_parallax_layout_bg_y&quot;:50,&quot;jet_parallax_layout_bg_y_tablet&quot;:&quot;&quot;,&quot;jet_parallax_layout_bg_y_mobile&quot;:&quot;&quot;,&quot;jet_parallax_layout_bg_size&quot;:&quot;auto&quot;,&quot;jet_parallax_layout_bg_size_tablet&quot;:&quot;&quot;,&quot;jet_parallax_layout_bg_size_mobile&quot;:&quot;&quot;,&quot;jet_parallax_layout_animation_prop&quot;:&quot;transform&quot;,&quot;jet_parallax_layout_on&quot;:[&quot;desktop&quot;,&quot;tablet&quot;]}]}\">\n\t\t\t\t\t\t<div class=\"elementor-container elementor-column-gap-default\">\n\t\t\t\t\t<div class=\"has_ma_el_bg_slider elementor-column elementor-col-100 elementor-top-column elementor-element elementor-element-d48a05b jltma-glass-effect-no\" data-id=\"d48a05b\" data-element_type=\"column\" data-e-type=\"column\">\n\t\t\t<div class=\"elementor-widget-wrap elementor-element-populated\">\n\t\t\t\t\t\t<div class=\"elementor-element elementor-element-0f9707f jltma-glass-effect-no elementor-widget elementor-widget-text-editor\" data-id=\"0f9707f\" data-element_type=\"widget\" data-e-type=\"widget\" data-widget_type=\"text-editor.default\">\n\t\t\t\t<div class=\"elementor-widget-container\">\n\t\t\t\t\t\t\t\t\t<p>Eficien\u021ba unei companii de transport \u0219i logistic\u0103 sau a unei flote de vehicule corporative depinde direct de calitatea \u0219i viteza de solu\u021bionare a problemelor de transport \u0219i logistic\u0103. Este necesar s\u0103 ne concentr\u0103m pe gestionarea rutelor, s\u0103 \u00eentocmim rapid documente \u00eenso\u021bitoare, s\u0103 monitoriz\u0103m implementarea sarcinilor de transport \u0219i s\u0103 analiz\u0103m calitatea muncii departamentului de transport.<\/p>\n<p>Rezolvarea acestor sarcini \u00een modul manual necesit\u0103 un personal impresionant de logisticieni \u0219i dispeceri. \u00cen acela\u0219i timp, erorile \u00een munc\u0103 nu sunt excluse. Un traseu construit incorect sau documente completate incorect poate duce la kilometri inactiv sau timp de nefunc\u021bionare a transportului, \u00eent\u00e2rzieri \u00een termenele de livrare \u0219i reclama\u021bii ale clien\u021bilor. O modalitate eficient\u0103 de a elimina astfel de dificult\u0103\u021bi este utilizarea software-ului de planificare a rutelor pentru planificarea automat\u0103 a rutelor \u0219i monitorizarea procesului de livrare. Un software de optimizare a rutelor v\u0103 ajut\u0103 s\u0103 economisi\u021bi timp \u0219i s\u0103 furniza\u021bi livr\u0103ri f\u0103r\u0103 erori. <\/p>\n<\/p>\n<h2><strong>Ce este optimizarea traseului?<\/strong><\/h2>\n<p>Un software de gestionare a rutelor este un sistem cu care este posibil s\u0103 planifica\u021bi livrarea \u0219i s\u0103 construi\u021bi \u00een mod eficient rute pentru transportul dvs. propriu sau angajat. Acesta ia \u00een considerare mai multe condi\u021bii, cum ar fi \u00eenc\u0103rcarea optim\u0103 a parcului de vehicule \u0219i livrarea \u00een timp util a bunurilor c\u0103tre clien\u021bi. \u00cen acela\u0219i timp, software-ul v\u0103 permite s\u0103 monitoriza\u021bi activitatea \u0219oferilor, dispecerilor \u0219i expeditorilor.<\/p>\n<p>Dup\u0103 instalarea software-ului de planificare a rutelor, func\u021bionarea parcului de vehicule va deveni ra\u021bional\u0103, iar costurile vor fi minime. \u0218i acesta nu este singurul avantaj al software-ului de optimizare a rutei. C\u00e2teva avantaje sunt:<\/p>\n<ul>\n<li>\u0219oferii f\u0103r\u0103 scrupule vor fi identifica\u021bi \u00een caz de \u00een\u0219el\u0103ciune;<\/li>\n<li>utilizarea ma\u0219inii \u00een scopuri personale va fi \u00eempiedicat\u0103;<\/li>\n<li>siguran\u021ba rutier\u0103 va cre\u0219te;<\/li>\n<li>costurile combustibilului vor fi reduse de trei ori din cauza absen\u021bei canalelor de scurgere;<\/li>\n<li>num\u0103rul de perioade de nefunc\u021bionare a transportului va fi redus.<\/li>\n<\/ul>\n<h2><strong>Cum func\u021bioneaz\u0103 optimizarea rutelor?<\/strong><\/h2>\n<p>Software-ul de gestionare a rutelor optimizeaz\u0103 rutele utiliz\u00e2nd monitorizarea prin satelit. Acest instrument bazat pe GLONASS \/ GPS este potrivit pentru afaceri \u00een flote mari, logistic\u0103 sau companii de transport. Cu ajutorul software-ului instalat pe un computer, tablet\u0103, dispozitiv mobil, utilizatorul are acces la informa\u021bii despre vehicul. Programul genereaz\u0103 rapoarte cu privire la parametrii monitoriza\u021bi ai vehiculului, care sunt salva\u021bi \u00een diferite formate \u0219i apoi folosi\u021bi pentru a analiza \u0219i optimiza func\u021bionarea parcului de vehicule. <\/p>\n<\/p>\n<h2><strong>Ce software s\u0103 utiliza\u021bi pentru optimizarea rutei?<\/strong><\/h2>\n<p>Este posibil s\u0103 v\u0103 g\u00e2ndi\u021bi c\u0103 software-ul de planificare a rutelor func\u021bioneaz\u0103 ca Google Maps, dar nu este adev\u0103rat. Aceast\u0103 aplica\u021bie ofer\u0103 pur \u0219i simplu indica\u021bii de la punctul &#8216;1&#8217; la punctul &#8216;2&#8217;. Este complicat s\u0103 seta\u021bi rute cu mai multe opriri. Utilizatorii trebuie s\u0103 introduc\u0103 adresele manual, care consum\u0103 mult timp \u0219i sunt predispuse la erori.<\/p>\n<p>Costul ini\u021bial sc\u0103zut este tentant, dar va ajunge s\u0103 v\u0103 coste bani pe termen lung. Deci, aplica\u021biile de navigare nu sunt o solu\u021bie ideal\u0103. Ar trebui s\u0103 utiliza\u021bi un software de optimizare a rutei, special conceput \u00een acest scop. <\/p>\n<\/p>\n<h2><strong>De ce s\u0103 alegi Logdio?<\/strong><\/h2>\n<p>Logdio este un software de planificare a livr\u0103rii conceput pentru companii cu un num\u0103r mare de comenzi, vehicule, precum \u0219i cu cerin\u021be complexe pentru procesul de livrare.<\/p>\n<p>Distribuie rapid \u0219i automat aplica\u021biile \u00eentre interpre\u021bi, \u021bin\u00e2nd cont de cerin\u021bele pentru fiecare transport. Software-ul efectueaz\u0103 \u00een mod independent planificarea transportului, simplific\u00e2nd munca personalului. Acum, logisticienii dvs. sunt versatili: pot lucra \u00een locuri necunoscute anterior \u0219i, prin urmare, cu mai multe centre de distribu\u021bie. Datorit\u0103 unei aplica\u021bii mobile cu func\u021bie de naviga\u021bie, driverele sunt interschimbabile, deoarece nu trebuie s\u0103 aib\u0103 cuno\u0219tin\u021be perfecte despre zona de livrare.<\/p>\n<\/p>\n<p>Asa de<a href=\"https:\/\/logdio.com\/ro\/\"> selecteaz\u0103-ne<\/a> pentru monitorizarea vehiculului \u0219i gestionarea traseului. Ne-ar pl\u0103cea s\u0103 v\u0103 oferim un serviciu de calitate.<\/p>\n<\/p><\/p>\n\t\t\t\t\t\t\t\t<\/div>\n\t\t\t\t<\/div>\n\t\t\t\t\t<\/div>\n\t\t<\/div>\n\t\t\t\t\t<\/div>\n\t\t<\/section>\n\t\t\t\t<\/div>\n\t\t","protected":false},"excerpt":{"rendered":"<p>Eficien\u021ba unei companii de transport \u0219i logistic\u0103 sau a unei flote de vehicule corporative depinde direct de calitatea \u0219i viteza de solu\u021bionare a problemelor de transport \u0219i logistic\u0103. Este necesar s\u0103 ne concentr\u0103m pe gestionarea rutelor, s\u0103 \u00eentocmim rapid documente \u00eenso\u021bitoare, s\u0103 monitoriz\u0103m implementarea sarcinilor de transport \u0219i s\u0103 analiz\u0103m calitatea muncii departamentului de transport. [&hellip;]<\/p>\n","protected":false},"author":1,"featured_media":0,"parent":0,"menu_order":0,"comment_status":"closed","ping_status":"closed","template":"elementor_header_footer","meta":{"footnotes":""},"class_list":["post-7496","page","type-page","status-publish","hentry"],"yoast_head":"<!-- This site is optimized with the Yoast SEO plugin v26.8 - https:\/\/yoast.com\/product\/yoast-seo-wordpress\/ -->\n<title>Software de planificare a rutei - Logdio - delivery management tool<\/title>\n<meta name=\"description\" content=\"Gata cu crearea rutei folosind foi de calcul, tabl\u0103 alb\u0103 \u0219i h\u0103r\u021bi Google. Crea\u021bi \u0219i optimiza\u021bi cu u\u0219urin\u021b\u0103 toate rutele pentru o zi.\" \/>\n<meta name=\"robots\" content=\"index, follow, max-snippet:-1, max-image-preview:large, max-video-preview:-1\" \/>\n<link rel=\"canonical\" href=\"https:\/\/logdio.com\/ro\/software-de-planificare-a-rutei\/\" \/>\n<meta property=\"og:locale\" content=\"ro_RO\" \/>\n<meta property=\"og:type\" content=\"article\" \/>\n<meta property=\"og:title\" content=\"Software de planificare a rutei - Logdio - delivery management tool\" \/>\n<meta property=\"og:description\" content=\"Gata cu crearea rutei folosind foi de calcul, tabl\u0103 alb\u0103 \u0219i h\u0103r\u021bi Google. Crea\u021bi \u0219i optimiza\u021bi cu u\u0219urin\u021b\u0103 toate rutele pentru o zi.\" \/>\n<meta property=\"og:url\" content=\"https:\/\/logdio.com\/ro\/software-de-planificare-a-rutei\/\" \/>\n<meta property=\"og:site_name\" content=\"Logdio - delivery management tool\" \/>\n<meta property=\"article:publisher\" content=\"https:\/\/www.facebook.com\/logtime.eu\/\" \/>\n<meta property=\"article:modified_time\" content=\"2021-09-13T14:12:08+00:00\" \/>\n<meta name=\"twitter:card\" content=\"summary_large_image\" \/>\n<meta name=\"twitter:label1\" content=\"Timp estimat pentru citire\" \/>\n\t<meta name=\"twitter:data1\" content=\"3 minute\" \/>\n<script type=\"application\/ld+json\" class=\"yoast-schema-graph\">{\"@context\":\"https:\/\/schema.org\",\"@graph\":[{\"@type\":\"WebPage\",\"@id\":\"https:\/\/logdio.com\/ro\/software-de-planificare-a-rutei\/\",\"url\":\"https:\/\/logdio.com\/ro\/software-de-planificare-a-rutei\/\",\"name\":\"Software de planificare a rutei - Logdio - delivery management tool\",\"isPartOf\":{\"@id\":\"https:\/\/logdio.com\/ro\/#website\"},\"datePublished\":\"2021-08-23T19:01:44+00:00\",\"dateModified\":\"2021-09-13T14:12:08+00:00\",\"description\":\"Gata cu crearea rutei folosind foi de calcul, tabl\u0103 alb\u0103 \u0219i h\u0103r\u021bi Google. Crea\u021bi \u0219i optimiza\u021bi cu u\u0219urin\u021b\u0103 toate rutele pentru o zi.\",\"breadcrumb\":{\"@id\":\"https:\/\/logdio.com\/ro\/software-de-planificare-a-rutei\/#breadcrumb\"},\"inLanguage\":\"ro-RO\",\"potentialAction\":[{\"@type\":\"ReadAction\",\"target\":[\"https:\/\/logdio.com\/ro\/software-de-planificare-a-rutei\/\"]}]},{\"@type\":\"BreadcrumbList\",\"@id\":\"https:\/\/logdio.com\/ro\/software-de-planificare-a-rutei\/#breadcrumb\",\"itemListElement\":[{\"@type\":\"ListItem\",\"position\":1,\"name\":\"Home\",\"item\":\"https:\/\/logdio.com\/ro\/pagina-de-destinatie\/\"},{\"@type\":\"ListItem\",\"position\":2,\"name\":\"Software de planificare a rutei\"}]},{\"@type\":\"WebSite\",\"@id\":\"https:\/\/logdio.com\/ro\/#website\",\"url\":\"https:\/\/logdio.com\/ro\/\",\"name\":\"Logdio - delivery management tool\",\"description\":\"Next level delivery management software\",\"publisher\":{\"@id\":\"https:\/\/logdio.com\/ro\/#organization\"},\"potentialAction\":[{\"@type\":\"SearchAction\",\"target\":{\"@type\":\"EntryPoint\",\"urlTemplate\":\"https:\/\/logdio.com\/ro\/?s={search_term_string}\"},\"query-input\":{\"@type\":\"PropertyValueSpecification\",\"valueRequired\":true,\"valueName\":\"search_term_string\"}}],\"inLanguage\":\"ro-RO\"},{\"@type\":\"Organization\",\"@id\":\"https:\/\/logdio.com\/ro\/#organization\",\"name\":\"Logdio\",\"url\":\"https:\/\/logdio.com\/ro\/\",\"logo\":{\"@type\":\"ImageObject\",\"inLanguage\":\"ro-RO\",\"@id\":\"https:\/\/logdio.com\/ro\/#\/schema\/logo\/image\/\",\"url\":\"https:\/\/logdio.com\/wp-content\/uploads\/2021\/05\/Logdio.svg\",\"contentUrl\":\"https:\/\/logdio.com\/wp-content\/uploads\/2021\/05\/Logdio.svg\",\"width\":4.44919,\"height\":1.1285,\"caption\":\"Logdio\"},\"image\":{\"@id\":\"https:\/\/logdio.com\/ro\/#\/schema\/logo\/image\/\"},\"sameAs\":[\"https:\/\/www.facebook.com\/logtime.eu\/\",\"https:\/\/www.linkedin.com\/company\/logtime\"]}]}<\/script>\n<!-- \/ Yoast SEO plugin. -->","yoast_head_json":{"title":"Software de planificare a rutei - Logdio - delivery management tool","description":"Gata cu crearea rutei folosind foi de calcul, tabl\u0103 alb\u0103 \u0219i h\u0103r\u021bi Google. Crea\u021bi \u0219i optimiza\u021bi cu u\u0219urin\u021b\u0103 toate rutele pentru o zi.","robots":{"index":"index","follow":"follow","max-snippet":"max-snippet:-1","max-image-preview":"max-image-preview:large","max-video-preview":"max-video-preview:-1"},"canonical":"https:\/\/logdio.com\/ro\/software-de-planificare-a-rutei\/","og_locale":"ro_RO","og_type":"article","og_title":"Software de planificare a rutei - Logdio - delivery management tool","og_description":"Gata cu crearea rutei folosind foi de calcul, tabl\u0103 alb\u0103 \u0219i h\u0103r\u021bi Google. Crea\u021bi \u0219i optimiza\u021bi cu u\u0219urin\u021b\u0103 toate rutele pentru o zi.","og_url":"https:\/\/logdio.com\/ro\/software-de-planificare-a-rutei\/","og_site_name":"Logdio - delivery management tool","article_publisher":"https:\/\/www.facebook.com\/logtime.eu\/","article_modified_time":"2021-09-13T14:12:08+00:00","twitter_card":"summary_large_image","twitter_misc":{"Timp estimat pentru citire":"3 minute"},"schema":{"@context":"https:\/\/schema.org","@graph":[{"@type":"WebPage","@id":"https:\/\/logdio.com\/ro\/software-de-planificare-a-rutei\/","url":"https:\/\/logdio.com\/ro\/software-de-planificare-a-rutei\/","name":"Software de planificare a rutei - Logdio - delivery management tool","isPartOf":{"@id":"https:\/\/logdio.com\/ro\/#website"},"datePublished":"2021-08-23T19:01:44+00:00","dateModified":"2021-09-13T14:12:08+00:00","description":"Gata cu crearea rutei folosind foi de calcul, tabl\u0103 alb\u0103 \u0219i h\u0103r\u021bi Google. Crea\u021bi \u0219i optimiza\u021bi cu u\u0219urin\u021b\u0103 toate rutele pentru o zi.","breadcrumb":{"@id":"https:\/\/logdio.com\/ro\/software-de-planificare-a-rutei\/#breadcrumb"},"inLanguage":"ro-RO","potentialAction":[{"@type":"ReadAction","target":["https:\/\/logdio.com\/ro\/software-de-planificare-a-rutei\/"]}]},{"@type":"BreadcrumbList","@id":"https:\/\/logdio.com\/ro\/software-de-planificare-a-rutei\/#breadcrumb","itemListElement":[{"@type":"ListItem","position":1,"name":"Home","item":"https:\/\/logdio.com\/ro\/pagina-de-destinatie\/"},{"@type":"ListItem","position":2,"name":"Software de planificare a rutei"}]},{"@type":"WebSite","@id":"https:\/\/logdio.com\/ro\/#website","url":"https:\/\/logdio.com\/ro\/","name":"Logdio - delivery management tool","description":"Next level delivery management software","publisher":{"@id":"https:\/\/logdio.com\/ro\/#organization"},"potentialAction":[{"@type":"SearchAction","target":{"@type":"EntryPoint","urlTemplate":"https:\/\/logdio.com\/ro\/?s={search_term_string}"},"query-input":{"@type":"PropertyValueSpecification","valueRequired":true,"valueName":"search_term_string"}}],"inLanguage":"ro-RO"},{"@type":"Organization","@id":"https:\/\/logdio.com\/ro\/#organization","name":"Logdio","url":"https:\/\/logdio.com\/ro\/","logo":{"@type":"ImageObject","inLanguage":"ro-RO","@id":"https:\/\/logdio.com\/ro\/#\/schema\/logo\/image\/","url":"https:\/\/logdio.com\/wp-content\/uploads\/2021\/05\/Logdio.svg","contentUrl":"https:\/\/logdio.com\/wp-content\/uploads\/2021\/05\/Logdio.svg","width":4.44919,"height":1.1285,"caption":"Logdio"},"image":{"@id":"https:\/\/logdio.com\/ro\/#\/schema\/logo\/image\/"},"sameAs":["https:\/\/www.facebook.com\/logtime.eu\/","https:\/\/www.linkedin.com\/company\/logtime"]}]}},"_links":{"self":[{"href":"https:\/\/logdio.com\/ro\/wp-json\/wp\/v2\/pages\/7496","targetHints":{"allow":["GET"]}}],"collection":[{"href":"https:\/\/logdio.com\/ro\/wp-json\/wp\/v2\/pages"}],"about":[{"href":"https:\/\/logdio.com\/ro\/wp-json\/wp\/v2\/types\/page"}],"author":[{"embeddable":true,"href":"https:\/\/logdio.com\/ro\/wp-json\/wp\/v2\/users\/1"}],"replies":[{"embeddable":true,"href":"https:\/\/logdio.com\/ro\/wp-json\/wp\/v2\/comments?post=7496"}],"version-history":[{"count":2,"href":"https:\/\/logdio.com\/ro\/wp-json\/wp\/v2\/pages\/7496\/revisions"}],"predecessor-version":[{"id":11604,"href":"https:\/\/logdio.com\/ro\/wp-json\/wp\/v2\/pages\/7496\/revisions\/11604"}],"wp:attachment":[{"href":"https:\/\/logdio.com\/ro\/wp-json\/wp\/v2\/media?parent=7496"}],"curies":[{"name":"wp","href":"https:\/\/api.w.org\/{rel}","templated":true}]}}