{"id":7491,"date":"2021-08-23T22:01:42","date_gmt":"2021-08-23T19:01:42","guid":{"rendered":"https:\/\/logdio.com\/dovada-de-livrare\/"},"modified":"2021-09-13T17:11:39","modified_gmt":"2021-09-13T14:11:39","slug":"dovada-de-livrare","status":"publish","type":"page","link":"https:\/\/logdio.com\/ro\/dovada-de-livrare\/","title":{"rendered":"Dovad\u0103 de livrare"},"content":{"rendered":"\t\t<div data-elementor-type=\"wp-page\" data-elementor-id=\"7491\" class=\"elementor elementor-7491 elementor-1053\" data-elementor-post-type=\"page\">\n\t\t\t\t\t\t<section class=\"has_ma_el_bg_slider elementor-section elementor-top-section elementor-element elementor-element-0fecb16 elementor-section-boxed elementor-section-height-default elementor-section-height-default jltma-glass-effect-no\" data-id=\"0fecb16\" data-element_type=\"section\" data-e-type=\"section\" data-settings=\"{&quot;jet_parallax_layout_list&quot;:[{&quot;jet_parallax_layout_image&quot;:{&quot;url&quot;:&quot;&quot;,&quot;id&quot;:&quot;&quot;,&quot;size&quot;:&quot;&quot;},&quot;_id&quot;:&quot;26d3bd4&quot;,&quot;jet_parallax_layout_image_tablet&quot;:{&quot;url&quot;:&quot;&quot;,&quot;id&quot;:&quot;&quot;,&quot;size&quot;:&quot;&quot;},&quot;jet_parallax_layout_image_mobile&quot;:{&quot;url&quot;:&quot;&quot;,&quot;id&quot;:&quot;&quot;,&quot;size&quot;:&quot;&quot;},&quot;jet_parallax_layout_speed&quot;:{&quot;unit&quot;:&quot;%&quot;,&quot;size&quot;:50,&quot;sizes&quot;:[]},&quot;jet_parallax_layout_type&quot;:&quot;scroll&quot;,&quot;jet_parallax_layout_direction&quot;:null,&quot;jet_parallax_layout_fx_direction&quot;:null,&quot;jet_parallax_layout_z_index&quot;:&quot;&quot;,&quot;jet_parallax_layout_bg_x&quot;:50,&quot;jet_parallax_layout_bg_x_tablet&quot;:&quot;&quot;,&quot;jet_parallax_layout_bg_x_mobile&quot;:&quot;&quot;,&quot;jet_parallax_layout_bg_y&quot;:50,&quot;jet_parallax_layout_bg_y_tablet&quot;:&quot;&quot;,&quot;jet_parallax_layout_bg_y_mobile&quot;:&quot;&quot;,&quot;jet_parallax_layout_bg_size&quot;:&quot;auto&quot;,&quot;jet_parallax_layout_bg_size_tablet&quot;:&quot;&quot;,&quot;jet_parallax_layout_bg_size_mobile&quot;:&quot;&quot;,&quot;jet_parallax_layout_animation_prop&quot;:&quot;transform&quot;,&quot;jet_parallax_layout_on&quot;:[&quot;desktop&quot;,&quot;tablet&quot;]}]}\">\n\t\t\t\t\t\t<div class=\"elementor-container elementor-column-gap-default\">\n\t\t\t\t\t<div class=\"has_ma_el_bg_slider elementor-column elementor-col-100 elementor-top-column elementor-element elementor-element-9bbe2b6 jltma-glass-effect-no\" data-id=\"9bbe2b6\" data-element_type=\"column\" data-e-type=\"column\">\n\t\t\t<div class=\"elementor-widget-wrap elementor-element-populated\">\n\t\t\t\t\t\t<div class=\"elementor-element elementor-element-93204c4 jltma-glass-effect-no elementor-widget elementor-widget-heading\" data-id=\"93204c4\" data-element_type=\"widget\" data-e-type=\"widget\" data-widget_type=\"heading.default\">\n\t\t\t\t<div class=\"elementor-widget-container\">\n\t\t\t\t\t<h1 class=\"elementor-heading-title elementor-size-default\">Dovad\u0103 de livrare<\/h1>\t\t\t\t<\/div>\n\t\t\t\t<\/div>\n\t\t\t\t\t<\/div>\n\t\t<\/div>\n\t\t\t\t\t<\/div>\n\t\t<\/section>\n\t\t\t\t<section class=\"has_ma_el_bg_slider elementor-section elementor-top-section elementor-element elementor-element-ffa49c8 elementor-section-boxed elementor-section-height-default elementor-section-height-default jltma-glass-effect-no\" data-id=\"ffa49c8\" data-element_type=\"section\" data-e-type=\"section\" data-settings=\"{&quot;jet_parallax_layout_list&quot;:[{&quot;jet_parallax_layout_image&quot;:{&quot;url&quot;:&quot;&quot;,&quot;id&quot;:&quot;&quot;,&quot;size&quot;:&quot;&quot;},&quot;_id&quot;:&quot;883b2bc&quot;,&quot;jet_parallax_layout_image_tablet&quot;:{&quot;url&quot;:&quot;&quot;,&quot;id&quot;:&quot;&quot;,&quot;size&quot;:&quot;&quot;},&quot;jet_parallax_layout_image_mobile&quot;:{&quot;url&quot;:&quot;&quot;,&quot;id&quot;:&quot;&quot;,&quot;size&quot;:&quot;&quot;},&quot;jet_parallax_layout_speed&quot;:{&quot;unit&quot;:&quot;%&quot;,&quot;size&quot;:50,&quot;sizes&quot;:[]},&quot;jet_parallax_layout_type&quot;:&quot;scroll&quot;,&quot;jet_parallax_layout_direction&quot;:null,&quot;jet_parallax_layout_fx_direction&quot;:null,&quot;jet_parallax_layout_z_index&quot;:&quot;&quot;,&quot;jet_parallax_layout_bg_x&quot;:50,&quot;jet_parallax_layout_bg_x_tablet&quot;:&quot;&quot;,&quot;jet_parallax_layout_bg_x_mobile&quot;:&quot;&quot;,&quot;jet_parallax_layout_bg_y&quot;:50,&quot;jet_parallax_layout_bg_y_tablet&quot;:&quot;&quot;,&quot;jet_parallax_layout_bg_y_mobile&quot;:&quot;&quot;,&quot;jet_parallax_layout_bg_size&quot;:&quot;auto&quot;,&quot;jet_parallax_layout_bg_size_tablet&quot;:&quot;&quot;,&quot;jet_parallax_layout_bg_size_mobile&quot;:&quot;&quot;,&quot;jet_parallax_layout_animation_prop&quot;:&quot;transform&quot;,&quot;jet_parallax_layout_on&quot;:[&quot;desktop&quot;,&quot;tablet&quot;]}]}\">\n\t\t\t\t\t\t<div class=\"elementor-container elementor-column-gap-default\">\n\t\t\t\t\t<div class=\"has_ma_el_bg_slider elementor-column elementor-col-100 elementor-top-column elementor-element elementor-element-bf6b3b9 jltma-glass-effect-no\" data-id=\"bf6b3b9\" data-element_type=\"column\" data-e-type=\"column\">\n\t\t\t<div class=\"elementor-widget-wrap elementor-element-populated\">\n\t\t\t\t\t\t<div class=\"elementor-element elementor-element-5d3d529 jltma-glass-effect-no elementor-widget elementor-widget-text-editor\" data-id=\"5d3d529\" data-element_type=\"widget\" data-e-type=\"widget\" data-widget_type=\"text-editor.default\">\n\t\t\t\t<div class=\"elementor-widget-container\">\n\t\t\t\t\t\t\t\t\t<p>\u00cen prezent, livr\u0103rile de comenzi sunt din ce \u00een ce mai rapide. Cre\u0219terea num\u0103rului de livr\u0103ri \u0219i a\u0219tept\u0103rile cresc\u00e2nde ale clien\u021bilor multiplic\u0103 presiunea asupra companiilor. Uneori clien\u021bii comand\u0103 un produs, dar acesta ajunge t\u00e2rziu sau deloc. Chiar \u0219i atunci c\u00e2nd livrarea se desf\u0103\u0219oar\u0103 f\u0103r\u0103 probleme, acestea primesc m\u0103rfuri deteriorate. \u00cen aceste situa\u021bii,<strong> Dovad\u0103 de livrare<\/strong> (cunoscut \u0219i sub numele de POD) ofer\u0103 lini\u0219te sufleteasc\u0103 clien\u021bilor dvs. c\u0103 au primit ceea ce au pl\u0103tit \u00een stare perfect\u0103.<\/p>\n<p>Deci, orice afacere a c\u0103rei reputa\u021bie depinde de viteza \u0219i calitatea livr\u0103rii unui produs sau serviciu ar trebui s\u0103 acorde o aten\u021bie special\u0103 dovezii livr\u0103rii. Acesta va satisface experien\u021ba de livrare at\u00e2t pentru client, c\u00e2t \u0219i pentru afacere.<\/p>\n<\/p>\n<h2><strong>Ce este dovada livr\u0103rii?<\/strong><\/h2>\n<p>Dovada livr\u0103rii este o confirmare a faptului c\u0103 comanda a ajuns \u00een loca\u021bia dorit\u0103 cu succes. Dac\u0103 ave\u021bi o afacere de livrare de alimente, logistic\u0103, B2B sau eCommerce, POD este cea mai bun\u0103 op\u021biune pentru dvs. Dar nu se limiteaz\u0103 doar la aceste dou\u0103 fluxuri; \u00eel pute\u021bi utiliza \u0219i pentru a ar\u0103ta c\u0103 serviciul a fost finalizat. De aceea, POD este, de asemenea, cunoscut sub numele de Dovad\u0103 de finalizare (POC).<\/p>\n<p>POD este disponibil \u00een dou\u0103 forme:<\/p>\n<h3><strong>1.<\/strong><strong> H\u00e2rtie POD:<\/strong> <\/h3>\n<p>Un POD pe h\u00e2rtie este un document fizic care func\u021bioneaz\u0103 ca chitan\u021b\u0103. Clien\u021bii semneaz\u0103 un POD pe h\u00e2rtie atunci c\u00e2nd primesc un produs sau un serviciu.<\/p>\n<h3><strong>2.<\/strong><strong> POD electronic:<\/strong> <\/h3>\n<p>\u00cen zilele noastre, clien\u021bii sunt mai familiariza\u021bi cu POD-ul electronic. Au trecut vremurile \u00een care companiile trebuiau s\u0103 a\u0219tepte ca \u0219oferii de livrare s\u0103 revin\u0103 cu POD-uri de h\u00e2rtie sau s\u0103 cheme clien\u021bii pentru a verifica starea livr\u0103rii. \u00cen dovada de livrare POD electronic\u0103, clien\u021bii furnizeaz\u0103 semne electronice \u00een timp ce primesc produsele lor. At\u00e2t clientul, c\u00e2t \u0219i expeditorul pot primi actualiz\u0103ri instantanee cu privire la livrare atunci c\u00e2nd sunt efectuate cu succes.<\/p>\n<p>H\u00e2rtia POD poate fi pierdut\u0103 sau deteriorat\u0103 cu u\u0219urin\u021b\u0103. Cu POD electronic, nu este necesar s\u0103 p\u0103stra\u021bi \u00eenregistr\u0103ri pe h\u00e2rtie pentru a confirma livrarea. A\u0219adar, a redus eforturile manuale \u0219i a f\u0103cut lucrurile mai simple.<\/p>\n<\/p>\n<h2><strong>De ce conteaza?<\/strong><\/h2>\n<p>POD conteaz\u0103 din mai multe motive:<\/p>\n<h3><strong>1.<\/strong><strong> Livrarea \u00een siguran\u021b\u0103 a documentelor importante<\/strong><\/h3>\n<p>C\u00e2nd dori\u021bi s\u0103 trimite\u021bi documente importante (certificat de c\u0103s\u0103torie original, certificat de na\u0219tere, pa\u0219aport), POD devine esen\u021bial. Cu ajutorul acestui instrument avansat, documentele dvs. vor fi livrate la locul potrivit \u0219i la autorit\u0103\u021bile competente. Deci, dac\u0103 documentele sunt pierdute, pute\u021bi urm\u0103ri cu u\u0219urin\u021b\u0103 locul \u00een care a ap\u0103rut eroarea.<\/p>\n<h3><strong>2.<\/strong><strong> Finalizeaz\u0103 lan\u021bul de custodie:<\/strong><\/h3>\n<p>Responsabilitatea este esen\u021bial\u0103 \u00een livr\u0103rile B2B, chiar \u0219i pachetul a ajuns la destina\u021bie. POD completeaz\u0103 lan\u021bul de custodie \u0219i se asigur\u0103 c\u0103 bunurile sunt livrate destinatarului potrivit. Acest serviciu este mai benefic atunci c\u00e2nd trebuie s\u0103 livra\u021bi produse c\u0103tre \u00eentreprinderi cu mai multe departamente.<\/p>\n<h3><strong>3.<\/strong><strong> Previne litigiile<\/strong> <\/h3>\n<p>POD ofer\u0103 interac\u021biune f\u0103r\u0103 contact dac\u0103 clien\u021bii nu sunt acas\u0103. Aceast\u0103 op\u021biune previne disputele dintre clien\u021bi \u0219i furnizori, deoarece \u0219oferul va face fotografia pentru a ar\u0103ta dovada c\u0103 articolul a ajuns la adresa cump\u0103r\u0103torului. POD permite primirea confirm\u0103rii faptului c\u0103 comanda a fost acceptat\u0103 de client din cauza semn\u0103turii electronice a clientului pe ecranul smartphone-ului curierului, precum \u0219i fotografierea faptului de livrare a comenzii. Utilizarea mecanismului de fotofixare v\u0103 va permite, de asemenea, s\u0103 rezolva\u021bi rapid situa\u021bia \u00een caz de deteriorare \/ c\u0103s\u0103torie de bunuri. \u00cen acest fel, POD p\u0103streaz\u0103 personalul de livrare protejat de feedback-ul negativ sau de acuza\u021biile false ale clien\u021bilor.<\/p>\n<h3><strong>4.<\/strong><strong> Reduce duplicatele, frauda \u0219i pl\u0103\u021bile \u00eent\u00e2rziate<\/strong><\/h3>\n<p>Mai mult, POD ajut\u0103 la reducerea incidentelor de fraud\u0103, a articolelor duplicate \u0219i a taxelor de plat\u0103 \u00eent\u00e2rziate percepute de v\u00e2nz\u0103tori pentru produsele care nu au fost \u00eenc\u0103 livrate.<\/p>\n<h3><strong>5.<\/strong><strong> \u00cembun\u0103t\u0103\u021be\u0219te trasabilitatea<\/strong><\/h3>\n<p>Un sistem electronic POD aduce transparen\u021b\u0103 prin \u00eembun\u0103t\u0103\u021birea trasabilit\u0103\u021bii livr\u0103rilor pe \u00eentregul lan\u021b de aprovizionare. Permite o urm\u0103rire \u00eembun\u0103t\u0103\u021bit\u0103 a progresului livr\u0103rii, facilit\u00e2nd identificarea problemelor relevante de livrare \u00eenainte ca acestea s\u0103 devin\u0103 datorii semnificative.<\/p>\n<h3><strong>6.<\/strong><strong> Cre\u0219te precizia stocului:<\/strong><\/h3>\n<p>Cu dovada livr\u0103rii, companiile r\u0103m\u00e2n organizate \u0219i \u021bin o eviden\u021b\u0103 a livr\u0103rilor \u0219i return\u0103rilor de succes. Acest lucru ajut\u0103 echipa depozitului s\u0103 gestioneze mai bine nivelurile stocului \u0219i s\u0103 m\u0103reasc\u0103 acurate\u021bea stocului.<\/p>\n<h3><strong>7.<\/strong><strong> Ajut\u0103 la monitorizarea progresului livr\u0103rii<\/strong><\/h3>\n<p>POD-ul electronic simplific\u0103 procesele de livrare oferind o func\u021bie de monitorizare a progresului livr\u0103rii. C\u00e2nd un \u0219ofer este \u00een afara terenului, ve\u021bi dovedi c\u0103 s-a oprit pentru a efectua livrarea. Deci, pute\u021bi \u00eembun\u0103t\u0103\u021bi opera\u021biunile generale \u00een afara terenului \u0219i pe teren cu POD electronic.<\/p>\n<h3><strong>8.<\/strong><strong> \u00cembun\u0103t\u0103\u021be\u0219te experien\u021ba clien\u021bilor<\/strong><\/h3>\n<p>Clien\u021bii au o gam\u0103 larg\u0103 de op\u021biuni de cump\u0103rare. Companiile care ofer\u0103 o experien\u021b\u0103 personalizat\u0103 \u0219i de \u00eencredere c\u00e2\u0219tig\u0103 cea mai mare parte din loialitatea clien\u021bilor lor. POD ajut\u0103 la \u00eembun\u0103t\u0103\u021birea serviciului pentru clien\u021bi \u0219i \u00eembun\u0103t\u0103\u021be\u0219te experien\u021bele clien\u021bilor. Pute\u021bi fideliza clien\u021bii, pute\u021bi \u00eembun\u0103t\u0103\u021bi imaginea de marc\u0103 a companiei dvs. \u0219i pute\u021bi cre\u0219te rata de p\u0103strare a clien\u021bilor.<\/p>\n<h3><strong>9.<\/strong><strong> Salveaza timp<\/strong><\/h3>\n<p>Tr\u0103im \u00een secolul 21 de mult timp \u0219i este inacceptabil pentru mul\u021bi cump\u0103r\u0103tori s\u0103 a\u0219tepte un curier \u00een timpul zilei. Pe baza informa\u021biilor din sistem pentru planificarea \u0219i controlul mi\u0219c\u0103rii curierilor, pute\u021bi informa automat clien\u021bii despre timpul de livrare!<\/p>\n<\/p>\n<h2><strong>De ce s\u0103 alege\u021bi sistemul Logdis POD?<\/strong><\/h2>\n<p>Problemele de livrare sunt probabil cel mai frecvent motiv pentru recenziile negative \u0219i negativitatea unui magazin. \u0218i invers, livrare rapid\u0103, nu este nevoie s\u0103 a\u0219tepta\u021bi un curier pe parcursul zilei, inform\u00e2nd despre progresul livr\u0103rii &#8211; crea\u021bi o impresie bun\u0103 \u0219i face\u021bi clientul obi\u0219nuit. Un astfel de client se va \u00eentoarce cu pl\u0103cere, va recomanda magazinul prietenilor \u0219i colegilor, va scrie recenzii pozitive online. Sistemul Logdis POD contribuie la atingerea acestui obiectiv.<\/p>\n<p>Vorbim despre serviciul online logdio.com, care simplific\u0103 foarte mult gestionarea curierilor \u0219i reduce timpul de a\u0219teptare al clientului. \u00cen plus, face ca informa\u021biile despre starea de livrare a fiec\u0103rei comenzi s\u0103 fie transparente, nu numai pentru managerul de livrare, ci, dac\u0103 se dore\u0219te, pentru clien\u021bi.<\/p>\n<p>Acest software con\u021bine toate informa\u021biile despre comenzi, clien\u021bi, bunuri, pl\u0103\u021bi etc. Sta\u021bia de lucru a administratorului v\u0103 permite s\u0103 vede\u021bi loca\u021bia curierilor \u0219i a comenzilor pe hart\u0103, pentru a primi o prognoz\u0103 despre ora sosirii curierului c\u0103tre client.<\/p>\n<p>Suntem interesa\u021bi de feedback, recomand\u0103ri \u0219i dorin\u021be care ne vor permite s\u0103 transform\u0103m serviciul \u00eentr-un instrument convenabil \u0219i valoros. Dac\u0103 sunte\u021bi interesat s\u0103 implementa\u021bi o dovad\u0103 de livrare POD \u00een afacerea dvs.,<a href=\"https:\/\/logdio.com\/ro\/dovada-de-livrare\/\"> cump\u0103ra\u021bi serviciile noastre<\/a> .<\/p><\/p>\n\t\t\t\t\t\t\t\t<\/div>\n\t\t\t\t<\/div>\n\t\t\t\t\t<\/div>\n\t\t<\/div>\n\t\t\t\t\t<\/div>\n\t\t<\/section>\n\t\t\t\t<\/div>\n\t\t","protected":false},"excerpt":{"rendered":"<p>Dovad\u0103 de livrare \u00cen prezent, livr\u0103rile de comenzi sunt din ce \u00een ce mai rapide. Cre\u0219terea num\u0103rului de livr\u0103ri \u0219i a\u0219tept\u0103rile cresc\u00e2nde ale clien\u021bilor multiplic\u0103 presiunea asupra companiilor. Uneori clien\u021bii comand\u0103 un produs, dar acesta ajunge t\u00e2rziu sau deloc. Chiar \u0219i atunci c\u00e2nd livrarea se desf\u0103\u0219oar\u0103 f\u0103r\u0103 probleme, acestea primesc m\u0103rfuri deteriorate. \u00cen aceste situa\u021bii, [&hellip;]<\/p>\n","protected":false},"author":1,"featured_media":0,"parent":0,"menu_order":0,"comment_status":"closed","ping_status":"closed","template":"elementor_header_footer","meta":{"footnotes":""},"class_list":["post-7491","page","type-page","status-publish","hentry"],"yoast_head":"<!-- This site is optimized with the Yoast SEO plugin v26.8 - https:\/\/yoast.com\/product\/yoast-seo-wordpress\/ -->\n<title>Dovad\u0103 de livrare - Logdio - delivery management tool<\/title>\n<meta name=\"description\" content=\"Furniza\u021bi dovada de livrare c\u0103tre clien\u021bi cu sistemul Logdis. Include fotografii \u0219i semn\u0103turi. Precum \u0219i coordonatele \u0219i datele de timp.\" \/>\n<meta name=\"robots\" content=\"index, follow, max-snippet:-1, max-image-preview:large, max-video-preview:-1\" \/>\n<link rel=\"canonical\" href=\"https:\/\/logdio.com\/ro\/dovada-de-livrare\/\" \/>\n<meta property=\"og:locale\" content=\"ro_RO\" \/>\n<meta property=\"og:type\" content=\"article\" \/>\n<meta property=\"og:title\" content=\"Dovad\u0103 de livrare - Logdio - delivery management tool\" \/>\n<meta property=\"og:description\" content=\"Furniza\u021bi dovada de livrare c\u0103tre clien\u021bi cu sistemul Logdis. Include fotografii \u0219i semn\u0103turi. Precum \u0219i coordonatele \u0219i datele de timp.\" \/>\n<meta property=\"og:url\" content=\"https:\/\/logdio.com\/ro\/dovada-de-livrare\/\" \/>\n<meta property=\"og:site_name\" content=\"Logdio - delivery management tool\" \/>\n<meta property=\"article:publisher\" content=\"https:\/\/www.facebook.com\/logtime.eu\/\" \/>\n<meta property=\"article:modified_time\" content=\"2021-09-13T14:11:39+00:00\" \/>\n<meta name=\"twitter:card\" content=\"summary_large_image\" \/>\n<meta name=\"twitter:label1\" content=\"Timp estimat pentru citire\" \/>\n\t<meta name=\"twitter:data1\" content=\"6 minute\" \/>\n<script type=\"application\/ld+json\" class=\"yoast-schema-graph\">{\"@context\":\"https:\/\/schema.org\",\"@graph\":[{\"@type\":\"WebPage\",\"@id\":\"https:\/\/logdio.com\/ro\/dovada-de-livrare\/\",\"url\":\"https:\/\/logdio.com\/ro\/dovada-de-livrare\/\",\"name\":\"Dovad\u0103 de livrare - Logdio - delivery management tool\",\"isPartOf\":{\"@id\":\"https:\/\/logdio.com\/ro\/#website\"},\"datePublished\":\"2021-08-23T19:01:42+00:00\",\"dateModified\":\"2021-09-13T14:11:39+00:00\",\"description\":\"Furniza\u021bi dovada de livrare c\u0103tre clien\u021bi cu sistemul Logdis. Include fotografii \u0219i semn\u0103turi. Precum \u0219i coordonatele \u0219i datele de timp.\",\"breadcrumb\":{\"@id\":\"https:\/\/logdio.com\/ro\/dovada-de-livrare\/#breadcrumb\"},\"inLanguage\":\"ro-RO\",\"potentialAction\":[{\"@type\":\"ReadAction\",\"target\":[\"https:\/\/logdio.com\/ro\/dovada-de-livrare\/\"]}]},{\"@type\":\"BreadcrumbList\",\"@id\":\"https:\/\/logdio.com\/ro\/dovada-de-livrare\/#breadcrumb\",\"itemListElement\":[{\"@type\":\"ListItem\",\"position\":1,\"name\":\"Home\",\"item\":\"https:\/\/logdio.com\/ro\/pagina-de-destinatie\/\"},{\"@type\":\"ListItem\",\"position\":2,\"name\":\"Dovad\u0103 de livrare\"}]},{\"@type\":\"WebSite\",\"@id\":\"https:\/\/logdio.com\/ro\/#website\",\"url\":\"https:\/\/logdio.com\/ro\/\",\"name\":\"Logdio - delivery management tool\",\"description\":\"Next level delivery management software\",\"publisher\":{\"@id\":\"https:\/\/logdio.com\/ro\/#organization\"},\"potentialAction\":[{\"@type\":\"SearchAction\",\"target\":{\"@type\":\"EntryPoint\",\"urlTemplate\":\"https:\/\/logdio.com\/ro\/?s={search_term_string}\"},\"query-input\":{\"@type\":\"PropertyValueSpecification\",\"valueRequired\":true,\"valueName\":\"search_term_string\"}}],\"inLanguage\":\"ro-RO\"},{\"@type\":\"Organization\",\"@id\":\"https:\/\/logdio.com\/ro\/#organization\",\"name\":\"Logdio\",\"url\":\"https:\/\/logdio.com\/ro\/\",\"logo\":{\"@type\":\"ImageObject\",\"inLanguage\":\"ro-RO\",\"@id\":\"https:\/\/logdio.com\/ro\/#\/schema\/logo\/image\/\",\"url\":\"https:\/\/logdio.com\/wp-content\/uploads\/2021\/05\/Logdio.svg\",\"contentUrl\":\"https:\/\/logdio.com\/wp-content\/uploads\/2021\/05\/Logdio.svg\",\"width\":4.44919,\"height\":1.1285,\"caption\":\"Logdio\"},\"image\":{\"@id\":\"https:\/\/logdio.com\/ro\/#\/schema\/logo\/image\/\"},\"sameAs\":[\"https:\/\/www.facebook.com\/logtime.eu\/\",\"https:\/\/www.linkedin.com\/company\/logtime\"]}]}<\/script>\n<!-- \/ Yoast SEO plugin. -->","yoast_head_json":{"title":"Dovad\u0103 de livrare - Logdio - delivery management tool","description":"Furniza\u021bi dovada de livrare c\u0103tre clien\u021bi cu sistemul Logdis. Include fotografii \u0219i semn\u0103turi. Precum \u0219i coordonatele \u0219i datele de timp.","robots":{"index":"index","follow":"follow","max-snippet":"max-snippet:-1","max-image-preview":"max-image-preview:large","max-video-preview":"max-video-preview:-1"},"canonical":"https:\/\/logdio.com\/ro\/dovada-de-livrare\/","og_locale":"ro_RO","og_type":"article","og_title":"Dovad\u0103 de livrare - Logdio - delivery management tool","og_description":"Furniza\u021bi dovada de livrare c\u0103tre clien\u021bi cu sistemul Logdis. Include fotografii \u0219i semn\u0103turi. Precum \u0219i coordonatele \u0219i datele de timp.","og_url":"https:\/\/logdio.com\/ro\/dovada-de-livrare\/","og_site_name":"Logdio - delivery management tool","article_publisher":"https:\/\/www.facebook.com\/logtime.eu\/","article_modified_time":"2021-09-13T14:11:39+00:00","twitter_card":"summary_large_image","twitter_misc":{"Timp estimat pentru citire":"6 minute"},"schema":{"@context":"https:\/\/schema.org","@graph":[{"@type":"WebPage","@id":"https:\/\/logdio.com\/ro\/dovada-de-livrare\/","url":"https:\/\/logdio.com\/ro\/dovada-de-livrare\/","name":"Dovad\u0103 de livrare - Logdio - delivery management tool","isPartOf":{"@id":"https:\/\/logdio.com\/ro\/#website"},"datePublished":"2021-08-23T19:01:42+00:00","dateModified":"2021-09-13T14:11:39+00:00","description":"Furniza\u021bi dovada de livrare c\u0103tre clien\u021bi cu sistemul Logdis. Include fotografii \u0219i semn\u0103turi. Precum \u0219i coordonatele \u0219i datele de timp.","breadcrumb":{"@id":"https:\/\/logdio.com\/ro\/dovada-de-livrare\/#breadcrumb"},"inLanguage":"ro-RO","potentialAction":[{"@type":"ReadAction","target":["https:\/\/logdio.com\/ro\/dovada-de-livrare\/"]}]},{"@type":"BreadcrumbList","@id":"https:\/\/logdio.com\/ro\/dovada-de-livrare\/#breadcrumb","itemListElement":[{"@type":"ListItem","position":1,"name":"Home","item":"https:\/\/logdio.com\/ro\/pagina-de-destinatie\/"},{"@type":"ListItem","position":2,"name":"Dovad\u0103 de livrare"}]},{"@type":"WebSite","@id":"https:\/\/logdio.com\/ro\/#website","url":"https:\/\/logdio.com\/ro\/","name":"Logdio - delivery management tool","description":"Next level delivery management software","publisher":{"@id":"https:\/\/logdio.com\/ro\/#organization"},"potentialAction":[{"@type":"SearchAction","target":{"@type":"EntryPoint","urlTemplate":"https:\/\/logdio.com\/ro\/?s={search_term_string}"},"query-input":{"@type":"PropertyValueSpecification","valueRequired":true,"valueName":"search_term_string"}}],"inLanguage":"ro-RO"},{"@type":"Organization","@id":"https:\/\/logdio.com\/ro\/#organization","name":"Logdio","url":"https:\/\/logdio.com\/ro\/","logo":{"@type":"ImageObject","inLanguage":"ro-RO","@id":"https:\/\/logdio.com\/ro\/#\/schema\/logo\/image\/","url":"https:\/\/logdio.com\/wp-content\/uploads\/2021\/05\/Logdio.svg","contentUrl":"https:\/\/logdio.com\/wp-content\/uploads\/2021\/05\/Logdio.svg","width":4.44919,"height":1.1285,"caption":"Logdio"},"image":{"@id":"https:\/\/logdio.com\/ro\/#\/schema\/logo\/image\/"},"sameAs":["https:\/\/www.facebook.com\/logtime.eu\/","https:\/\/www.linkedin.com\/company\/logtime"]}]}},"_links":{"self":[{"href":"https:\/\/logdio.com\/ro\/wp-json\/wp\/v2\/pages\/7491","targetHints":{"allow":["GET"]}}],"collection":[{"href":"https:\/\/logdio.com\/ro\/wp-json\/wp\/v2\/pages"}],"about":[{"href":"https:\/\/logdio.com\/ro\/wp-json\/wp\/v2\/types\/page"}],"author":[{"embeddable":true,"href":"https:\/\/logdio.com\/ro\/wp-json\/wp\/v2\/users\/1"}],"replies":[{"embeddable":true,"href":"https:\/\/logdio.com\/ro\/wp-json\/wp\/v2\/comments?post=7491"}],"version-history":[{"count":3,"href":"https:\/\/logdio.com\/ro\/wp-json\/wp\/v2\/pages\/7491\/revisions"}],"predecessor-version":[{"id":13823,"href":"https:\/\/logdio.com\/ro\/wp-json\/wp\/v2\/pages\/7491\/revisions\/13823"}],"wp:attachment":[{"href":"https:\/\/logdio.com\/ro\/wp-json\/wp\/v2\/media?parent=7491"}],"curies":[{"name":"wp","href":"https:\/\/api.w.org\/{rel}","templated":true}]}}