{"id":7462,"date":"2021-08-23T22:01:33","date_gmt":"2021-08-23T19:01:33","guid":{"rendered":"https:\/\/logdio.com\/alege-o-ora\/"},"modified":"2023-08-21T00:31:06","modified_gmt":"2023-08-20T21:31:06","slug":"alege-o-ora","status":"publish","type":"page","link":"https:\/\/logdio.com\/ro\/alege-o-ora\/","title":{"rendered":"Alege o or\u0103"},"content":{"rendered":"\t\t<div data-elementor-type=\"wp-page\" data-elementor-id=\"7462\" class=\"elementor elementor-7462 elementor-895\" data-elementor-post-type=\"page\">\n\t\t\t\t\t\t<section class=\"has_ma_el_bg_slider elementor-section elementor-top-section elementor-element elementor-element-8904ea7 elementor-section-full_width elementor-section-height-default elementor-section-height-default jltma-glass-effect-no\" data-id=\"8904ea7\" data-element_type=\"section\" data-e-type=\"section\" data-settings=\"{&quot;jet_parallax_layout_list&quot;:[{&quot;jet_parallax_layout_image&quot;:{&quot;url&quot;:&quot;&quot;,&quot;id&quot;:&quot;&quot;,&quot;size&quot;:&quot;&quot;},&quot;_id&quot;:&quot;2165b85&quot;,&quot;jet_parallax_layout_image_tablet&quot;:{&quot;url&quot;:&quot;&quot;,&quot;id&quot;:&quot;&quot;,&quot;size&quot;:&quot;&quot;},&quot;jet_parallax_layout_image_mobile&quot;:{&quot;url&quot;:&quot;&quot;,&quot;id&quot;:&quot;&quot;,&quot;size&quot;:&quot;&quot;},&quot;jet_parallax_layout_speed&quot;:{&quot;unit&quot;:&quot;%&quot;,&quot;size&quot;:50,&quot;sizes&quot;:[]},&quot;jet_parallax_layout_type&quot;:&quot;scroll&quot;,&quot;jet_parallax_layout_direction&quot;:null,&quot;jet_parallax_layout_fx_direction&quot;:null,&quot;jet_parallax_layout_z_index&quot;:&quot;&quot;,&quot;jet_parallax_layout_bg_x&quot;:50,&quot;jet_parallax_layout_bg_x_tablet&quot;:&quot;&quot;,&quot;jet_parallax_layout_bg_x_mobile&quot;:&quot;&quot;,&quot;jet_parallax_layout_bg_y&quot;:50,&quot;jet_parallax_layout_bg_y_tablet&quot;:&quot;&quot;,&quot;jet_parallax_layout_bg_y_mobile&quot;:&quot;&quot;,&quot;jet_parallax_layout_bg_size&quot;:&quot;auto&quot;,&quot;jet_parallax_layout_bg_size_tablet&quot;:&quot;&quot;,&quot;jet_parallax_layout_bg_size_mobile&quot;:&quot;&quot;,&quot;jet_parallax_layout_animation_prop&quot;:&quot;transform&quot;,&quot;jet_parallax_layout_on&quot;:[&quot;desktop&quot;,&quot;tablet&quot;]}],&quot;background_background&quot;:&quot;classic&quot;}\">\n\t\t\t\t\t\t<div class=\"elementor-container elementor-column-gap-default\">\n\t\t\t\t\t<div class=\"has_ma_el_bg_slider elementor-column elementor-col-100 elementor-top-column elementor-element elementor-element-d55fdcf jltma-glass-effect-no\" data-id=\"d55fdcf\" data-element_type=\"column\" data-e-type=\"column\">\n\t\t\t<div class=\"elementor-widget-wrap elementor-element-populated\">\n\t\t\t\t\t\t<div class=\"elementor-element elementor-element-bdd38ce jltma-glass-effect-no elementor-widget elementor-widget-heading\" data-id=\"bdd38ce\" data-element_type=\"widget\" data-e-type=\"widget\" data-widget_type=\"heading.default\">\n\t\t\t\t<div class=\"elementor-widget-container\">\n\t\t\t\t\t<h2 class=\"elementor-heading-title elementor-size-default\">Pur \u0219i simplu alege\u021bi momentul cel mai potrivit pentru dvs.<\/h2>\t\t\t\t<\/div>\n\t\t\t\t<\/div>\n\t\t\t\t<div class=\"elementor-element elementor-element-893da09 jltma-glass-effect-no elementor-widget elementor-widget-html\" data-id=\"893da09\" data-element_type=\"widget\" data-e-type=\"widget\" data-widget_type=\"html.default\">\n\t\t\t\t<div class=\"elementor-widget-container\">\n\t\t\t\t\t<!-- Calendly inline widget begin -->\n\n<div class=\"calendly-inline-widget\" data-url=\"https:\/\/calendly.com\/logdio\/60min\" style=\"min-width:320px;height:830px;\"><\/div>\n\n<script type=\"text\/javascript\" src=\"https:\/\/assets.calendly.com\/assets\/external\/widget.js\" async=\"\"><\/script>\n\n<!-- Calendly inline widget end -->\t\t\t\t<\/div>\n\t\t\t\t<\/div>\n\t\t\t\t\t<\/div>\n\t\t<\/div>\n\t\t\t\t\t<\/div>\n\t\t<\/section>\n\t\t\t\t<\/div>\n\t\t","protected":false},"excerpt":{"rendered":"<p>Pur \u0219i simplu alege\u021bi momentul cel mai potrivit pentru dvs.<\/p>\n","protected":false},"author":1,"featured_media":0,"parent":0,"menu_order":0,"comment_status":"closed","ping_status":"closed","template":"elementor_header_footer","meta":{"footnotes":""},"class_list":["post-7462","page","type-page","status-publish","hentry"],"yoast_head":"<!-- This site is optimized with the Yoast SEO plugin v26.8 - https:\/\/yoast.com\/product\/yoast-seo-wordpress\/ -->\n<title>Alege o or\u0103 - Logdio - delivery management tool<\/title>\n<meta name=\"description\" content=\"Logdio.com este un software de gestionare a livr\u0103rii la nivel superior. Mobil totul \u00eentr-o singur\u0103 solu\u021bie! Programa\u021bi un timp pentru consultare sau trimite\u021bi-ne un e-mail.\" \/>\n<meta name=\"robots\" content=\"index, follow, max-snippet:-1, max-image-preview:large, max-video-preview:-1\" \/>\n<link rel=\"canonical\" href=\"https:\/\/logdio.com\/ro\/alege-o-ora\/\" \/>\n<meta property=\"og:locale\" content=\"ro_RO\" \/>\n<meta property=\"og:type\" content=\"article\" \/>\n<meta property=\"og:title\" content=\"Alege o or\u0103 - Logdio - delivery management tool\" \/>\n<meta property=\"og:description\" content=\"Logdio.com este un software de gestionare a livr\u0103rii la nivel superior. Mobil totul \u00eentr-o singur\u0103 solu\u021bie! Programa\u021bi un timp pentru consultare sau trimite\u021bi-ne un e-mail.\" \/>\n<meta property=\"og:url\" content=\"https:\/\/logdio.com\/ro\/alege-o-ora\/\" \/>\n<meta property=\"og:site_name\" content=\"Logdio - delivery management tool\" \/>\n<meta property=\"article:publisher\" content=\"https:\/\/www.facebook.com\/logtime.eu\/\" \/>\n<meta property=\"article:modified_time\" content=\"2023-08-20T21:31:06+00:00\" \/>\n<meta name=\"twitter:card\" content=\"summary_large_image\" \/>\n<script type=\"application\/ld+json\" class=\"yoast-schema-graph\">{\"@context\":\"https:\/\/schema.org\",\"@graph\":[{\"@type\":\"WebPage\",\"@id\":\"https:\/\/logdio.com\/ro\/alege-o-ora\/\",\"url\":\"https:\/\/logdio.com\/ro\/alege-o-ora\/\",\"name\":\"Alege o or\u0103 - Logdio - delivery management tool\",\"isPartOf\":{\"@id\":\"https:\/\/logdio.com\/ro\/#website\"},\"datePublished\":\"2021-08-23T19:01:33+00:00\",\"dateModified\":\"2023-08-20T21:31:06+00:00\",\"description\":\"Logdio.com este un software de gestionare a livr\u0103rii la nivel superior. Mobil totul \u00eentr-o singur\u0103 solu\u021bie! Programa\u021bi un timp pentru consultare sau trimite\u021bi-ne un e-mail.\",\"breadcrumb\":{\"@id\":\"https:\/\/logdio.com\/ro\/alege-o-ora\/#breadcrumb\"},\"inLanguage\":\"ro-RO\",\"potentialAction\":[{\"@type\":\"ReadAction\",\"target\":[\"https:\/\/logdio.com\/ro\/alege-o-ora\/\"]}]},{\"@type\":\"BreadcrumbList\",\"@id\":\"https:\/\/logdio.com\/ro\/alege-o-ora\/#breadcrumb\",\"itemListElement\":[{\"@type\":\"ListItem\",\"position\":1,\"name\":\"Home\",\"item\":\"https:\/\/logdio.com\/ro\/pagina-de-destinatie\/\"},{\"@type\":\"ListItem\",\"position\":2,\"name\":\"Alege o or\u0103\"}]},{\"@type\":\"WebSite\",\"@id\":\"https:\/\/logdio.com\/ro\/#website\",\"url\":\"https:\/\/logdio.com\/ro\/\",\"name\":\"Logdio - delivery management tool\",\"description\":\"Next level delivery management software\",\"publisher\":{\"@id\":\"https:\/\/logdio.com\/ro\/#organization\"},\"potentialAction\":[{\"@type\":\"SearchAction\",\"target\":{\"@type\":\"EntryPoint\",\"urlTemplate\":\"https:\/\/logdio.com\/ro\/?s={search_term_string}\"},\"query-input\":{\"@type\":\"PropertyValueSpecification\",\"valueRequired\":true,\"valueName\":\"search_term_string\"}}],\"inLanguage\":\"ro-RO\"},{\"@type\":\"Organization\",\"@id\":\"https:\/\/logdio.com\/ro\/#organization\",\"name\":\"Logdio\",\"url\":\"https:\/\/logdio.com\/ro\/\",\"logo\":{\"@type\":\"ImageObject\",\"inLanguage\":\"ro-RO\",\"@id\":\"https:\/\/logdio.com\/ro\/#\/schema\/logo\/image\/\",\"url\":\"https:\/\/logdio.com\/wp-content\/uploads\/2021\/05\/Logdio.svg\",\"contentUrl\":\"https:\/\/logdio.com\/wp-content\/uploads\/2021\/05\/Logdio.svg\",\"width\":4.44919,\"height\":1.1285,\"caption\":\"Logdio\"},\"image\":{\"@id\":\"https:\/\/logdio.com\/ro\/#\/schema\/logo\/image\/\"},\"sameAs\":[\"https:\/\/www.facebook.com\/logtime.eu\/\",\"https:\/\/www.linkedin.com\/company\/logtime\"]}]}<\/script>\n<!-- \/ Yoast SEO plugin. -->","yoast_head_json":{"title":"Alege o or\u0103 - Logdio - delivery management tool","description":"Logdio.com este un software de gestionare a livr\u0103rii la nivel superior. Mobil totul \u00eentr-o singur\u0103 solu\u021bie! Programa\u021bi un timp pentru consultare sau trimite\u021bi-ne un e-mail.","robots":{"index":"index","follow":"follow","max-snippet":"max-snippet:-1","max-image-preview":"max-image-preview:large","max-video-preview":"max-video-preview:-1"},"canonical":"https:\/\/logdio.com\/ro\/alege-o-ora\/","og_locale":"ro_RO","og_type":"article","og_title":"Alege o or\u0103 - Logdio - delivery management tool","og_description":"Logdio.com este un software de gestionare a livr\u0103rii la nivel superior. Mobil totul \u00eentr-o singur\u0103 solu\u021bie! Programa\u021bi un timp pentru consultare sau trimite\u021bi-ne un e-mail.","og_url":"https:\/\/logdio.com\/ro\/alege-o-ora\/","og_site_name":"Logdio - delivery management tool","article_publisher":"https:\/\/www.facebook.com\/logtime.eu\/","article_modified_time":"2023-08-20T21:31:06+00:00","twitter_card":"summary_large_image","schema":{"@context":"https:\/\/schema.org","@graph":[{"@type":"WebPage","@id":"https:\/\/logdio.com\/ro\/alege-o-ora\/","url":"https:\/\/logdio.com\/ro\/alege-o-ora\/","name":"Alege o or\u0103 - Logdio - delivery management tool","isPartOf":{"@id":"https:\/\/logdio.com\/ro\/#website"},"datePublished":"2021-08-23T19:01:33+00:00","dateModified":"2023-08-20T21:31:06+00:00","description":"Logdio.com este un software de gestionare a livr\u0103rii la nivel superior. Mobil totul \u00eentr-o singur\u0103 solu\u021bie! Programa\u021bi un timp pentru consultare sau trimite\u021bi-ne un e-mail.","breadcrumb":{"@id":"https:\/\/logdio.com\/ro\/alege-o-ora\/#breadcrumb"},"inLanguage":"ro-RO","potentialAction":[{"@type":"ReadAction","target":["https:\/\/logdio.com\/ro\/alege-o-ora\/"]}]},{"@type":"BreadcrumbList","@id":"https:\/\/logdio.com\/ro\/alege-o-ora\/#breadcrumb","itemListElement":[{"@type":"ListItem","position":1,"name":"Home","item":"https:\/\/logdio.com\/ro\/pagina-de-destinatie\/"},{"@type":"ListItem","position":2,"name":"Alege o or\u0103"}]},{"@type":"WebSite","@id":"https:\/\/logdio.com\/ro\/#website","url":"https:\/\/logdio.com\/ro\/","name":"Logdio - delivery management tool","description":"Next level delivery management software","publisher":{"@id":"https:\/\/logdio.com\/ro\/#organization"},"potentialAction":[{"@type":"SearchAction","target":{"@type":"EntryPoint","urlTemplate":"https:\/\/logdio.com\/ro\/?s={search_term_string}"},"query-input":{"@type":"PropertyValueSpecification","valueRequired":true,"valueName":"search_term_string"}}],"inLanguage":"ro-RO"},{"@type":"Organization","@id":"https:\/\/logdio.com\/ro\/#organization","name":"Logdio","url":"https:\/\/logdio.com\/ro\/","logo":{"@type":"ImageObject","inLanguage":"ro-RO","@id":"https:\/\/logdio.com\/ro\/#\/schema\/logo\/image\/","url":"https:\/\/logdio.com\/wp-content\/uploads\/2021\/05\/Logdio.svg","contentUrl":"https:\/\/logdio.com\/wp-content\/uploads\/2021\/05\/Logdio.svg","width":4.44919,"height":1.1285,"caption":"Logdio"},"image":{"@id":"https:\/\/logdio.com\/ro\/#\/schema\/logo\/image\/"},"sameAs":["https:\/\/www.facebook.com\/logtime.eu\/","https:\/\/www.linkedin.com\/company\/logtime"]}]}},"_links":{"self":[{"href":"https:\/\/logdio.com\/ro\/wp-json\/wp\/v2\/pages\/7462","targetHints":{"allow":["GET"]}}],"collection":[{"href":"https:\/\/logdio.com\/ro\/wp-json\/wp\/v2\/pages"}],"about":[{"href":"https:\/\/logdio.com\/ro\/wp-json\/wp\/v2\/types\/page"}],"author":[{"embeddable":true,"href":"https:\/\/logdio.com\/ro\/wp-json\/wp\/v2\/users\/1"}],"replies":[{"embeddable":true,"href":"https:\/\/logdio.com\/ro\/wp-json\/wp\/v2\/comments?post=7462"}],"version-history":[{"count":2,"href":"https:\/\/logdio.com\/ro\/wp-json\/wp\/v2\/pages\/7462\/revisions"}],"predecessor-version":[{"id":11681,"href":"https:\/\/logdio.com\/ro\/wp-json\/wp\/v2\/pages\/7462\/revisions\/11681"}],"wp:attachment":[{"href":"https:\/\/logdio.com\/ro\/wp-json\/wp\/v2\/media?parent=7462"}],"curies":[{"name":"wp","href":"https:\/\/api.w.org\/{rel}","templated":true}]}}