{"id":7461,"date":"2021-08-23T22:01:33","date_gmt":"2021-08-23T19:01:33","guid":{"rendered":"https:\/\/logdio.com\/software-in-miscare\/"},"modified":"2021-09-13T17:11:49","modified_gmt":"2021-09-13T14:11:49","slug":"software-in-miscare","status":"publish","type":"page","link":"https:\/\/logdio.com\/ro\/software-in-miscare\/","title":{"rendered":"Software \u00een mi\u0219care"},"content":{"rendered":"\t\t<div data-elementor-type=\"wp-page\" data-elementor-id=\"7461\" class=\"elementor elementor-7461 elementor-1057\" data-elementor-post-type=\"page\">\n\t\t\t\t\t\t<section class=\"has_ma_el_bg_slider elementor-section elementor-top-section elementor-element elementor-element-4c6dc8e elementor-section-boxed elementor-section-height-default elementor-section-height-default jltma-glass-effect-no\" data-id=\"4c6dc8e\" data-element_type=\"section\" data-e-type=\"section\" data-settings=\"{&quot;jet_parallax_layout_list&quot;:[{&quot;jet_parallax_layout_image&quot;:{&quot;url&quot;:&quot;&quot;,&quot;id&quot;:&quot;&quot;,&quot;size&quot;:&quot;&quot;},&quot;_id&quot;:&quot;0cca513&quot;,&quot;jet_parallax_layout_image_tablet&quot;:{&quot;url&quot;:&quot;&quot;,&quot;id&quot;:&quot;&quot;,&quot;size&quot;:&quot;&quot;},&quot;jet_parallax_layout_image_mobile&quot;:{&quot;url&quot;:&quot;&quot;,&quot;id&quot;:&quot;&quot;,&quot;size&quot;:&quot;&quot;},&quot;jet_parallax_layout_speed&quot;:{&quot;unit&quot;:&quot;%&quot;,&quot;size&quot;:50,&quot;sizes&quot;:[]},&quot;jet_parallax_layout_type&quot;:&quot;scroll&quot;,&quot;jet_parallax_layout_direction&quot;:null,&quot;jet_parallax_layout_fx_direction&quot;:null,&quot;jet_parallax_layout_z_index&quot;:&quot;&quot;,&quot;jet_parallax_layout_bg_x&quot;:50,&quot;jet_parallax_layout_bg_x_tablet&quot;:&quot;&quot;,&quot;jet_parallax_layout_bg_x_mobile&quot;:&quot;&quot;,&quot;jet_parallax_layout_bg_y&quot;:50,&quot;jet_parallax_layout_bg_y_tablet&quot;:&quot;&quot;,&quot;jet_parallax_layout_bg_y_mobile&quot;:&quot;&quot;,&quot;jet_parallax_layout_bg_size&quot;:&quot;auto&quot;,&quot;jet_parallax_layout_bg_size_tablet&quot;:&quot;&quot;,&quot;jet_parallax_layout_bg_size_mobile&quot;:&quot;&quot;,&quot;jet_parallax_layout_animation_prop&quot;:&quot;transform&quot;,&quot;jet_parallax_layout_on&quot;:[&quot;desktop&quot;,&quot;tablet&quot;]}]}\">\n\t\t\t\t\t\t<div class=\"elementor-container elementor-column-gap-default\">\n\t\t\t\t\t<div class=\"has_ma_el_bg_slider elementor-column elementor-col-100 elementor-top-column elementor-element elementor-element-d0dcb32 jltma-glass-effect-no\" data-id=\"d0dcb32\" data-element_type=\"column\" data-e-type=\"column\">\n\t\t\t<div class=\"elementor-widget-wrap elementor-element-populated\">\n\t\t\t\t\t\t<div class=\"elementor-element elementor-element-39d830a jltma-glass-effect-no elementor-widget elementor-widget-heading\" data-id=\"39d830a\" data-element_type=\"widget\" data-e-type=\"widget\" data-widget_type=\"heading.default\">\n\t\t\t\t<div class=\"elementor-widget-container\">\n\t\t\t\t\t<h1 class=\"elementor-heading-title elementor-size-default\">Software \u00een mi\u0219care<\/h1>\t\t\t\t<\/div>\n\t\t\t\t<\/div>\n\t\t\t\t\t<\/div>\n\t\t<\/div>\n\t\t\t\t\t<\/div>\n\t\t<\/section>\n\t\t\t\t<section class=\"has_ma_el_bg_slider elementor-section elementor-top-section elementor-element elementor-element-dbf48eb elementor-section-boxed elementor-section-height-default elementor-section-height-default jltma-glass-effect-no\" data-id=\"dbf48eb\" data-element_type=\"section\" data-e-type=\"section\" data-settings=\"{&quot;jet_parallax_layout_list&quot;:[{&quot;jet_parallax_layout_image&quot;:{&quot;url&quot;:&quot;&quot;,&quot;id&quot;:&quot;&quot;,&quot;size&quot;:&quot;&quot;},&quot;_id&quot;:&quot;d626da6&quot;,&quot;jet_parallax_layout_image_tablet&quot;:{&quot;url&quot;:&quot;&quot;,&quot;id&quot;:&quot;&quot;,&quot;size&quot;:&quot;&quot;},&quot;jet_parallax_layout_image_mobile&quot;:{&quot;url&quot;:&quot;&quot;,&quot;id&quot;:&quot;&quot;,&quot;size&quot;:&quot;&quot;},&quot;jet_parallax_layout_speed&quot;:{&quot;unit&quot;:&quot;%&quot;,&quot;size&quot;:50,&quot;sizes&quot;:[]},&quot;jet_parallax_layout_type&quot;:&quot;scroll&quot;,&quot;jet_parallax_layout_direction&quot;:null,&quot;jet_parallax_layout_fx_direction&quot;:null,&quot;jet_parallax_layout_z_index&quot;:&quot;&quot;,&quot;jet_parallax_layout_bg_x&quot;:50,&quot;jet_parallax_layout_bg_x_tablet&quot;:&quot;&quot;,&quot;jet_parallax_layout_bg_x_mobile&quot;:&quot;&quot;,&quot;jet_parallax_layout_bg_y&quot;:50,&quot;jet_parallax_layout_bg_y_tablet&quot;:&quot;&quot;,&quot;jet_parallax_layout_bg_y_mobile&quot;:&quot;&quot;,&quot;jet_parallax_layout_bg_size&quot;:&quot;auto&quot;,&quot;jet_parallax_layout_bg_size_tablet&quot;:&quot;&quot;,&quot;jet_parallax_layout_bg_size_mobile&quot;:&quot;&quot;,&quot;jet_parallax_layout_animation_prop&quot;:&quot;transform&quot;,&quot;jet_parallax_layout_on&quot;:[&quot;desktop&quot;,&quot;tablet&quot;]}]}\">\n\t\t\t\t\t\t<div class=\"elementor-container elementor-column-gap-default\">\n\t\t\t\t\t<div class=\"has_ma_el_bg_slider elementor-column elementor-col-100 elementor-top-column elementor-element elementor-element-07ff841 jltma-glass-effect-no\" data-id=\"07ff841\" data-element_type=\"column\" data-e-type=\"column\">\n\t\t\t<div class=\"elementor-widget-wrap elementor-element-populated\">\n\t\t\t\t\t\t<div class=\"elementor-element elementor-element-6003307 jltma-glass-effect-no elementor-widget elementor-widget-text-editor\" data-id=\"6003307\" data-element_type=\"widget\" data-e-type=\"widget\" data-widget_type=\"text-editor.default\">\n\t\t\t\t<div class=\"elementor-widget-container\">\n\t\t\t\t\t\t\t\t\t<p>Mutarea nu este niciodat\u0103 o experien\u021b\u0103 grozav\u0103, oric\u00e2t de interesant ai \u00eencerca s\u0103 o faci. Ambalarea \u0219i transportul totul este cu adev\u0103rat nepl\u0103cut. Dar pentru o companie care se mut\u0103, nu este o experien\u021b\u0103 stresant\u0103, ci doar o alt\u0103 zi de munc\u0103. Deci, afacerea \u00een mi\u0219care are nevoie de software \u00een mi\u0219care care s\u0103-i sporeasc\u0103 eficien\u021ba. <\/p>\n<\/p>\n<h2><strong>Ce este software-ul \u00een mi\u0219care?<\/strong><\/h2>\n<p>Software-ul companiei de mutare este instrumentul de care are nevoie compania dvs. de mutare. Indiferent dac\u0103 conduce\u021bi o afacere individual sau ave\u021bi francize \u00een toat\u0103 \u021bara, mutarea software-ului v\u0103 poate maximiza v\u00e2nz\u0103rile, marketingul, opera\u021biunile \u0219i profiturile.<\/p>\n<p>Mai mult, software-ul inteligent de mutare v\u0103 ajut\u0103 s\u0103 optimiza\u021bi opera\u021biunile, s\u0103 ob\u021bine\u021bi mai multe victorii, s\u0103 v\u0103 dezvolta\u021bi responsabilitatea, s\u0103 cre\u0219te\u021bi calitatea serviciilor \u0219i s\u0103 atinge\u021bi poten\u021bialul maxim de profit.<\/p>\n<p>Acest software este capabil s\u0103 \u00eendeplineasc\u0103 urm\u0103toarele func\u021bii:<\/p>\n<ul>\n<li>Managementul comenzilor de locuri de munc\u0103<\/li>\n<li>Programarea program\u0103rilor<\/li>\n<li>Managementul contactelor<\/li>\n<li>Conturi de pl\u0103tit \u0219i de primit <\/li>\n<li>Ofertele de locuri de munc\u0103 \u0219i calculatorul estimator<\/li>\n<\/ul>\n<p>Aceste abilit\u0103\u021bi pot sprijini companiile de la \u00eenceput p\u00e2n\u0103 la \u00eencheierea postului. Software-ul \u00een mi\u0219care include, de asemenea, abilit\u0103\u021bi de marketing care v\u0103 ajut\u0103 s\u0103 construi\u021bi rela\u021bii cu clien\u021bii. <\/p>\n<\/p>\n<h2><strong>Ce software \u00een mi\u0219care s\u0103 folose\u0219ti?<\/strong> <\/h2>\n<p>Software-ul \u00een mi\u0219care cre\u0219te semnificativ capacitatea companiei de a oferi clien\u021bilor experien\u021be pl\u0103cute. Dar exist\u0103 o mul\u021bime de software pentru companii care se mut\u0103 pe pia\u021b\u0103 pentru companii care se mut\u0103. Alegerea celei mai bune op\u021biuni poate fi o sarcin\u0103 dificil\u0103. <\/p>\n<p>Aici v\u0103 vom sugera s\u0103 \u00eencerca\u021bi Lodgio. Indiferent dac\u0103 abia a\u021bi \u00eenceput sau sunte\u021bi un proprietar de afaceri cu experien\u021b\u0103, Logdio ofer\u0103 resurse \u0219i asisten\u021b\u0103 de specialitate pentru a v\u0103 asigura succesul.<\/p>\n<p>Compania de mutare CRM v\u0103 va permite s\u0103 v\u0103 ocupa\u021bi de toate sarcinile, cum ar fi expedierea, urm\u0103rirea GPS \u0219i \u00eenchiderea mi\u0219c\u0103rilor printr-un dispozitiv mobil. De asemenea, pute\u021bi \u00eencerca 14 zile de \u00eencercare gratuit\u0103 \u0219i pute\u021bi observa rezultatele. <\/p>\n<p>Dac\u0103 ave\u021bi \u00eentreb\u0103ri cu privire la software-ul \u00een mi\u0219care, nu ezita\u021bi s\u0103 ne contacta\u021bi. <\/p><\/p>\n\t\t\t\t\t\t\t\t<\/div>\n\t\t\t\t<\/div>\n\t\t\t\t\t<\/div>\n\t\t<\/div>\n\t\t\t\t\t<\/div>\n\t\t<\/section>\n\t\t\t\t<\/div>\n\t\t","protected":false},"excerpt":{"rendered":"<p>Mutarea nu este niciodat\u0103 o experien\u021b\u0103 grozav\u0103, oric\u00e2t de interesant ai \u00eencerca s\u0103 o faci. Ambalarea \u0219i transportul totul este cu adev\u0103rat nepl\u0103cut. Dar pentru o companie care se mut\u0103, nu este o experien\u021b\u0103 stresant\u0103, ci doar o alt\u0103 zi de munc\u0103. Deci, afacerea \u00een mi\u0219care are nevoie de software \u00een mi\u0219care care s\u0103-i sporeasc\u0103 [&hellip;]<\/p>\n","protected":false},"author":1,"featured_media":0,"parent":0,"menu_order":0,"comment_status":"closed","ping_status":"closed","template":"elementor_header_footer","meta":{"footnotes":""},"class_list":["post-7461","page","type-page","status-publish","hentry"],"yoast_head":"<!-- This site is optimized with the Yoast SEO plugin v26.8 - https:\/\/yoast.com\/product\/yoast-seo-wordpress\/ -->\n<title>Software \u00een mi\u0219care - Logdio - delivery management tool<\/title>\n<meta name=\"description\" content=\"Planificarea capacit\u0103\u021bii este un proces care identific\u0103 dac\u0103 ave\u021bi abilit\u0103\u021bi \u0219i materiale pentru a face munca.\" \/>\n<meta name=\"robots\" content=\"index, follow, max-snippet:-1, max-image-preview:large, max-video-preview:-1\" \/>\n<link rel=\"canonical\" href=\"https:\/\/logdio.com\/ro\/software-in-miscare\/\" \/>\n<meta property=\"og:locale\" content=\"ro_RO\" \/>\n<meta property=\"og:type\" content=\"article\" \/>\n<meta property=\"og:title\" content=\"Software \u00een mi\u0219care - Logdio - delivery management tool\" \/>\n<meta property=\"og:description\" content=\"Planificarea capacit\u0103\u021bii este un proces care identific\u0103 dac\u0103 ave\u021bi abilit\u0103\u021bi \u0219i materiale pentru a face munca.\" \/>\n<meta property=\"og:url\" content=\"https:\/\/logdio.com\/ro\/software-in-miscare\/\" \/>\n<meta property=\"og:site_name\" content=\"Logdio - delivery management tool\" \/>\n<meta property=\"article:publisher\" content=\"https:\/\/www.facebook.com\/logtime.eu\/\" \/>\n<meta property=\"article:modified_time\" content=\"2021-09-13T14:11:49+00:00\" \/>\n<meta name=\"twitter:card\" content=\"summary_large_image\" \/>\n<meta name=\"twitter:label1\" content=\"Timp estimat pentru citire\" \/>\n\t<meta name=\"twitter:data1\" content=\"2 minute\" \/>\n<script type=\"application\/ld+json\" class=\"yoast-schema-graph\">{\"@context\":\"https:\/\/schema.org\",\"@graph\":[{\"@type\":\"WebPage\",\"@id\":\"https:\/\/logdio.com\/ro\/software-in-miscare\/\",\"url\":\"https:\/\/logdio.com\/ro\/software-in-miscare\/\",\"name\":\"Software \u00een mi\u0219care - Logdio - delivery management tool\",\"isPartOf\":{\"@id\":\"https:\/\/logdio.com\/ro\/#website\"},\"datePublished\":\"2021-08-23T19:01:33+00:00\",\"dateModified\":\"2021-09-13T14:11:49+00:00\",\"description\":\"Planificarea capacit\u0103\u021bii este un proces care identific\u0103 dac\u0103 ave\u021bi abilit\u0103\u021bi \u0219i materiale pentru a face munca.\",\"breadcrumb\":{\"@id\":\"https:\/\/logdio.com\/ro\/software-in-miscare\/#breadcrumb\"},\"inLanguage\":\"ro-RO\",\"potentialAction\":[{\"@type\":\"ReadAction\",\"target\":[\"https:\/\/logdio.com\/ro\/software-in-miscare\/\"]}]},{\"@type\":\"BreadcrumbList\",\"@id\":\"https:\/\/logdio.com\/ro\/software-in-miscare\/#breadcrumb\",\"itemListElement\":[{\"@type\":\"ListItem\",\"position\":1,\"name\":\"Home\",\"item\":\"https:\/\/logdio.com\/ro\/pagina-de-destinatie\/\"},{\"@type\":\"ListItem\",\"position\":2,\"name\":\"Software \u00een mi\u0219care\"}]},{\"@type\":\"WebSite\",\"@id\":\"https:\/\/logdio.com\/ro\/#website\",\"url\":\"https:\/\/logdio.com\/ro\/\",\"name\":\"Logdio - delivery management tool\",\"description\":\"Next level delivery management software\",\"publisher\":{\"@id\":\"https:\/\/logdio.com\/ro\/#organization\"},\"potentialAction\":[{\"@type\":\"SearchAction\",\"target\":{\"@type\":\"EntryPoint\",\"urlTemplate\":\"https:\/\/logdio.com\/ro\/?s={search_term_string}\"},\"query-input\":{\"@type\":\"PropertyValueSpecification\",\"valueRequired\":true,\"valueName\":\"search_term_string\"}}],\"inLanguage\":\"ro-RO\"},{\"@type\":\"Organization\",\"@id\":\"https:\/\/logdio.com\/ro\/#organization\",\"name\":\"Logdio\",\"url\":\"https:\/\/logdio.com\/ro\/\",\"logo\":{\"@type\":\"ImageObject\",\"inLanguage\":\"ro-RO\",\"@id\":\"https:\/\/logdio.com\/ro\/#\/schema\/logo\/image\/\",\"url\":\"https:\/\/logdio.com\/wp-content\/uploads\/2021\/05\/Logdio.svg\",\"contentUrl\":\"https:\/\/logdio.com\/wp-content\/uploads\/2021\/05\/Logdio.svg\",\"width\":4.44919,\"height\":1.1285,\"caption\":\"Logdio\"},\"image\":{\"@id\":\"https:\/\/logdio.com\/ro\/#\/schema\/logo\/image\/\"},\"sameAs\":[\"https:\/\/www.facebook.com\/logtime.eu\/\",\"https:\/\/www.linkedin.com\/company\/logtime\"]}]}<\/script>\n<!-- \/ Yoast SEO plugin. -->","yoast_head_json":{"title":"Software \u00een mi\u0219care - Logdio - delivery management tool","description":"Planificarea capacit\u0103\u021bii este un proces care identific\u0103 dac\u0103 ave\u021bi abilit\u0103\u021bi \u0219i materiale pentru a face munca.","robots":{"index":"index","follow":"follow","max-snippet":"max-snippet:-1","max-image-preview":"max-image-preview:large","max-video-preview":"max-video-preview:-1"},"canonical":"https:\/\/logdio.com\/ro\/software-in-miscare\/","og_locale":"ro_RO","og_type":"article","og_title":"Software \u00een mi\u0219care - Logdio - delivery management tool","og_description":"Planificarea capacit\u0103\u021bii este un proces care identific\u0103 dac\u0103 ave\u021bi abilit\u0103\u021bi \u0219i materiale pentru a face munca.","og_url":"https:\/\/logdio.com\/ro\/software-in-miscare\/","og_site_name":"Logdio - delivery management tool","article_publisher":"https:\/\/www.facebook.com\/logtime.eu\/","article_modified_time":"2021-09-13T14:11:49+00:00","twitter_card":"summary_large_image","twitter_misc":{"Timp estimat pentru citire":"2 minute"},"schema":{"@context":"https:\/\/schema.org","@graph":[{"@type":"WebPage","@id":"https:\/\/logdio.com\/ro\/software-in-miscare\/","url":"https:\/\/logdio.com\/ro\/software-in-miscare\/","name":"Software \u00een mi\u0219care - Logdio - delivery management tool","isPartOf":{"@id":"https:\/\/logdio.com\/ro\/#website"},"datePublished":"2021-08-23T19:01:33+00:00","dateModified":"2021-09-13T14:11:49+00:00","description":"Planificarea capacit\u0103\u021bii este un proces care identific\u0103 dac\u0103 ave\u021bi abilit\u0103\u021bi \u0219i materiale pentru a face munca.","breadcrumb":{"@id":"https:\/\/logdio.com\/ro\/software-in-miscare\/#breadcrumb"},"inLanguage":"ro-RO","potentialAction":[{"@type":"ReadAction","target":["https:\/\/logdio.com\/ro\/software-in-miscare\/"]}]},{"@type":"BreadcrumbList","@id":"https:\/\/logdio.com\/ro\/software-in-miscare\/#breadcrumb","itemListElement":[{"@type":"ListItem","position":1,"name":"Home","item":"https:\/\/logdio.com\/ro\/pagina-de-destinatie\/"},{"@type":"ListItem","position":2,"name":"Software \u00een mi\u0219care"}]},{"@type":"WebSite","@id":"https:\/\/logdio.com\/ro\/#website","url":"https:\/\/logdio.com\/ro\/","name":"Logdio - delivery management tool","description":"Next level delivery management software","publisher":{"@id":"https:\/\/logdio.com\/ro\/#organization"},"potentialAction":[{"@type":"SearchAction","target":{"@type":"EntryPoint","urlTemplate":"https:\/\/logdio.com\/ro\/?s={search_term_string}"},"query-input":{"@type":"PropertyValueSpecification","valueRequired":true,"valueName":"search_term_string"}}],"inLanguage":"ro-RO"},{"@type":"Organization","@id":"https:\/\/logdio.com\/ro\/#organization","name":"Logdio","url":"https:\/\/logdio.com\/ro\/","logo":{"@type":"ImageObject","inLanguage":"ro-RO","@id":"https:\/\/logdio.com\/ro\/#\/schema\/logo\/image\/","url":"https:\/\/logdio.com\/wp-content\/uploads\/2021\/05\/Logdio.svg","contentUrl":"https:\/\/logdio.com\/wp-content\/uploads\/2021\/05\/Logdio.svg","width":4.44919,"height":1.1285,"caption":"Logdio"},"image":{"@id":"https:\/\/logdio.com\/ro\/#\/schema\/logo\/image\/"},"sameAs":["https:\/\/www.facebook.com\/logtime.eu\/","https:\/\/www.linkedin.com\/company\/logtime"]}]}},"_links":{"self":[{"href":"https:\/\/logdio.com\/ro\/wp-json\/wp\/v2\/pages\/7461","targetHints":{"allow":["GET"]}}],"collection":[{"href":"https:\/\/logdio.com\/ro\/wp-json\/wp\/v2\/pages"}],"about":[{"href":"https:\/\/logdio.com\/ro\/wp-json\/wp\/v2\/types\/page"}],"author":[{"embeddable":true,"href":"https:\/\/logdio.com\/ro\/wp-json\/wp\/v2\/users\/1"}],"replies":[{"embeddable":true,"href":"https:\/\/logdio.com\/ro\/wp-json\/wp\/v2\/comments?post=7461"}],"version-history":[{"count":2,"href":"https:\/\/logdio.com\/ro\/wp-json\/wp\/v2\/pages\/7461\/revisions"}],"predecessor-version":[{"id":11666,"href":"https:\/\/logdio.com\/ro\/wp-json\/wp\/v2\/pages\/7461\/revisions\/11666"}],"wp:attachment":[{"href":"https:\/\/logdio.com\/ro\/wp-json\/wp\/v2\/media?parent=7461"}],"curies":[{"name":"wp","href":"https:\/\/api.w.org\/{rel}","templated":true}]}}