{"id":7367,"date":"2021-08-23T21:57:37","date_gmt":"2021-08-23T18:57:37","guid":{"rendered":"https:\/\/logdio.com\/despre-noi\/"},"modified":"2023-08-21T00:34:53","modified_gmt":"2023-08-20T21:34:53","slug":"despre-noi","status":"publish","type":"page","link":"https:\/\/logdio.com\/ro\/despre-noi\/","title":{"rendered":"Despre noi"},"content":{"rendered":"\t\t<div data-elementor-type=\"wp-page\" data-elementor-id=\"7367\" class=\"elementor elementor-7367 elementor-25\" data-elementor-post-type=\"page\">\n\t\t\t\t\t\t<section class=\"has_ma_el_bg_slider elementor-section elementor-top-section elementor-element elementor-element-a8f2033 elementor-section-boxed elementor-section-height-default elementor-section-height-default jltma-glass-effect-no\" data-id=\"a8f2033\" data-element_type=\"section\" data-e-type=\"section\" data-settings=\"{&quot;jet_parallax_layout_list&quot;:[{&quot;jet_parallax_layout_image&quot;:{&quot;url&quot;:&quot;&quot;,&quot;id&quot;:&quot;&quot;,&quot;size&quot;:&quot;&quot;},&quot;_id&quot;:&quot;c7a9eeb&quot;,&quot;jet_parallax_layout_image_tablet&quot;:{&quot;url&quot;:&quot;&quot;,&quot;id&quot;:&quot;&quot;,&quot;size&quot;:&quot;&quot;},&quot;jet_parallax_layout_image_mobile&quot;:{&quot;url&quot;:&quot;&quot;,&quot;id&quot;:&quot;&quot;,&quot;size&quot;:&quot;&quot;},&quot;jet_parallax_layout_speed&quot;:{&quot;unit&quot;:&quot;%&quot;,&quot;size&quot;:50,&quot;sizes&quot;:[]},&quot;jet_parallax_layout_type&quot;:&quot;scroll&quot;,&quot;jet_parallax_layout_direction&quot;:null,&quot;jet_parallax_layout_fx_direction&quot;:null,&quot;jet_parallax_layout_z_index&quot;:&quot;&quot;,&quot;jet_parallax_layout_bg_x&quot;:50,&quot;jet_parallax_layout_bg_x_tablet&quot;:&quot;&quot;,&quot;jet_parallax_layout_bg_x_mobile&quot;:&quot;&quot;,&quot;jet_parallax_layout_bg_y&quot;:50,&quot;jet_parallax_layout_bg_y_tablet&quot;:&quot;&quot;,&quot;jet_parallax_layout_bg_y_mobile&quot;:&quot;&quot;,&quot;jet_parallax_layout_bg_size&quot;:&quot;auto&quot;,&quot;jet_parallax_layout_bg_size_tablet&quot;:&quot;&quot;,&quot;jet_parallax_layout_bg_size_mobile&quot;:&quot;&quot;,&quot;jet_parallax_layout_animation_prop&quot;:&quot;transform&quot;,&quot;jet_parallax_layout_on&quot;:[&quot;desktop&quot;,&quot;tablet&quot;]}]}\">\n\t\t\t\t\t\t<div class=\"elementor-container elementor-column-gap-default\">\n\t\t\t\t\t<div class=\"has_ma_el_bg_slider elementor-column elementor-col-100 elementor-top-column elementor-element elementor-element-7eff6e2 jltma-glass-effect-no\" data-id=\"7eff6e2\" data-element_type=\"column\" data-e-type=\"column\">\n\t\t\t<div class=\"elementor-widget-wrap elementor-element-populated\">\n\t\t\t\t\t\t<div class=\"elementor-element elementor-element-430a85f jltma-glass-effect-no elementor-widget elementor-widget-heading\" data-id=\"430a85f\" data-element_type=\"widget\" data-e-type=\"widget\" data-widget_type=\"heading.default\">\n\t\t\t\t<div class=\"elementor-widget-container\">\n\t\t\t\t\t<h1 class=\"elementor-heading-title elementor-size-default\">Despre Logtime<\/h1>\t\t\t\t<\/div>\n\t\t\t\t<\/div>\n\t\t\t\t<div class=\"elementor-element elementor-element-b127471 jltma-glass-effect-no elementor-widget elementor-widget-text-editor\" data-id=\"b127471\" data-element_type=\"widget\" data-e-type=\"widget\" data-widget_type=\"text-editor.default\">\n\t\t\t\t<div class=\"elementor-widget-container\">\n\t\t\t\t\t\t\t\t\t<p>Al\u0103tura\u021bi-v\u0103 peste 1000 de companii care \u00ee\u0219i accelereaz\u0103 sistemul de livrare cu Logdis<\/p>\n\t\t\t\t\t\t\t\t<\/div>\n\t\t\t\t<\/div>\n\t\t\t\t<div class=\"elementor-element elementor-element-41181d9 jltma-glass-effect-no elementor-widget elementor-widget-heading\" data-id=\"41181d9\" data-element_type=\"widget\" data-e-type=\"widget\" data-widget_type=\"heading.default\">\n\t\t\t\t<div class=\"elementor-widget-container\">\n\t\t\t\t\t<h2 class=\"elementor-heading-title elementor-size-default\">Cine suntem noi<\/h2>\t\t\t\t<\/div>\n\t\t\t\t<\/div>\n\t\t\t\t<div class=\"elementor-element elementor-element-2a65ef8 jltma-glass-effect-no elementor-widget elementor-widget-text-editor\" data-id=\"2a65ef8\" data-element_type=\"widget\" data-e-type=\"widget\" data-widget_type=\"text-editor.default\">\n\t\t\t\t<div class=\"elementor-widget-container\">\n\t\t\t\t\t\t\t\t\t<p>Logtime este o echip\u0103 experimentat\u0103 de profesioni\u0219ti cu \u00eenalt\u0103 calificare. Venim din ora\u0219e diferite, avem v\u00e2rste diferite, dar lucrul care ne une\u0219te este pasiunea pentru crearea de solu\u021bii B2B menite s\u0103-i ajute pe clien\u021bii no\u0219tri s\u0103 \u00ee\u0219i conduc\u0103 afacerile mai u\u0219or, mai eficient \u0219i mai profitabil. Domeniul principal al expertizei noastre sunt solu\u021biile care ajut\u0103 companiile s\u0103 \u00ee\u0219i gestioneze echipele pe teren. Suntem specializa\u021bi \u00een dezvoltarea sistemelor mobile de gestionare a sarcinilor, de gestionare a v\u00e2nz\u0103rilor \u0219i de livrare. Oferim solu\u021bii \u0219i servicii care \u00eembun\u0103t\u0103\u021besc gestionarea logisticii pentru diferite tipuri de companii, inclusiv afaceri cu ridicata \u0219i cu am\u0103nuntul, gestionarea de\u0219eurilor, servicii de urgen\u021b\u0103, servicii de curierat \u0219i orice alte \u00eentreprinderi legate de servicii care necesit\u0103 urm\u0103rire \u00een timp real a comenzilor de produse, livr\u0103ri, transport, transport servicii \u0219i oameni.<\/p>\n\t\t\t\t\t\t\t\t<\/div>\n\t\t\t\t<\/div>\n\t\t\t\t<div class=\"elementor-element elementor-element-3cc6940 jltma-glass-effect-no elementor-widget elementor-widget-heading\" data-id=\"3cc6940\" data-element_type=\"widget\" data-e-type=\"widget\" data-widget_type=\"heading.default\">\n\t\t\t\t<div class=\"elementor-widget-container\">\n\t\t\t\t\t<h2 class=\"elementor-heading-title elementor-size-default\">Misiunea noastr\u0103 este<\/h2>\t\t\t\t<\/div>\n\t\t\t\t<\/div>\n\t\t\t\t<div class=\"elementor-element elementor-element-bf56420 jltma-glass-effect-no elementor-widget elementor-widget-text-editor\" data-id=\"bf56420\" data-element_type=\"widget\" data-e-type=\"widget\" data-widget_type=\"text-editor.default\">\n\t\t\t\t<div class=\"elementor-widget-container\">\n\t\t\t\t\t\t\t\t\t<p>pentru a crea solu\u021bii IT de ultim\u0103 genera\u021bie disponibile pentru toate dimensiunile afacerilor. Facem tot posibilul pentru a construi solu\u021bii care s\u0103 aib\u0103 o utilizare maxim\u0103 \u0219i u\u0219or de utilizat. De obicei, clien\u021bii no\u0219tri nici m\u0103car nu au nevoie de manuale de utilizare. Aceste solu\u021bii sunt atent proiectate \u0219i personalizate pentru a satisface nevoile specifice ale fiec\u0103rui client. \u0218i \u00eei ajut\u0103 pe clien\u021bii no\u0219tri s\u0103 \u00ee\u0219i \u00eembun\u0103t\u0103\u021beasc\u0103 procesele de afaceri, s\u0103 creasc\u0103 v\u00e2nz\u0103rile, s\u0103 reduc\u0103 costurile opera\u021bionale \u0219i s\u0103 m\u0103reasc\u0103 profiturile.<\/p>\n\t\t\t\t\t\t\t\t<\/div>\n\t\t\t\t<\/div>\n\t\t\t\t<div class=\"elementor-element elementor-element-fba2d37 jltma-glass-effect-no elementor-widget elementor-widget-heading\" data-id=\"fba2d37\" data-element_type=\"widget\" data-e-type=\"widget\" data-widget_type=\"heading.default\">\n\t\t\t\t<div class=\"elementor-widget-container\">\n\t\t\t\t\t<h2 class=\"elementor-heading-title elementor-size-default\">Valorile noastre:<\/h2>\t\t\t\t<\/div>\n\t\t\t\t<\/div>\n\t\t\t\t<div class=\"elementor-element elementor-element-9a1a737 jltma-glass-effect-no elementor-widget elementor-widget-text-editor\" data-id=\"9a1a737\" data-element_type=\"widget\" data-e-type=\"widget\" data-widget_type=\"text-editor.default\">\n\t\t\t\t<div class=\"elementor-widget-container\">\n\t\t\t\t\t\t\t\t\t<p>Dezvolt\u0103m parteneriate pe termen lung cu to\u021bi clien\u021bii no\u0219tri, deoarece credem c\u0103 acesta este cel mai bun mod de a-i ajuta pe clien\u021bii no\u0219tri s\u0103 ob\u021bin\u0103 cea mai mare valoare din solu\u021biile noastre. Prin urmare, lucr\u0103m cu clien\u021bii no\u0219tri pentru a crea o valoare ad\u0103ugat\u0103 care \u00eei va pune \u00een fa\u021ba concuren\u021bilor lor. Aceste instrumente avansate au fost testate \u0219i dovedite pentru a oferi rezultate remarcabile. Toate solu\u021biile noastre ofer\u0103 rezultate m\u0103surabile \u0219i verificabile care \u00eembun\u0103t\u0103\u021besc eficien\u021ba \u0219i profitabilitatea clien\u021bilor no\u0219tri. \u0218i datorit\u0103 angajamentului nostru de a ajuta clien\u021bii no\u0219tri s\u0103 ob\u021bin\u0103 performan\u021be ridicate consistente, ne str\u0103duim constant s\u0103 \u00eembun\u0103t\u0103\u021bim calitatea serviciilor \u0219i solu\u021biilor noastre.<\/p>\n\t\t\t\t\t\t\t\t<\/div>\n\t\t\t\t<\/div>\n\t\t\t\t<div class=\"elementor-element elementor-element-96fafbc jltma-glass-effect-no elementor-widget elementor-widget-heading\" data-id=\"96fafbc\" data-element_type=\"widget\" data-e-type=\"widget\" data-widget_type=\"heading.default\">\n\t\t\t\t<div class=\"elementor-widget-container\">\n\t\t\t\t\t<h2 class=\"elementor-heading-title elementor-size-default\">\u00cencepe\u021bi s\u0103 ob\u021bine\u021bi beneficiile dvs. acum!<\/h2>\t\t\t\t<\/div>\n\t\t\t\t<\/div>\n\t\t\t\t<div class=\"elementor-element elementor-element-ba20ede jltma-glass-effect-no elementor-widget elementor-widget-text-editor\" data-id=\"ba20ede\" data-element_type=\"widget\" data-e-type=\"widget\" data-widget_type=\"text-editor.default\">\n\t\t\t\t<div class=\"elementor-widget-container\">\n\t\t\t\t\t\t\t\t\t<p>Contacta\u021bi-ne pentru mai multe informa\u021bii sau solicita\u021bi o demonstra\u021bie. Suntem bucuro\u0219i s\u0103 v\u0103 ajut\u0103m conduc\u00e2ndu-v\u0103 prin proces \u0219i oferindu-v\u0103 asisten\u021ba necesar\u0103. \u00cencepe\u021bi o \u00eencercare gratuit\u0103 \u0219i vede\u021bi-v\u0103 c\u00e2\u021bi bani \u0219i timp pute\u021bi economisi. Actioneaza acum!<\/p>\n\t\t\t\t\t\t\t\t<\/div>\n\t\t\t\t<\/div>\n\t\t\t\t\t<\/div>\n\t\t<\/div>\n\t\t\t\t\t<\/div>\n\t\t<\/section>\n\t\t\t\t<\/div>\n\t\t","protected":false},"excerpt":{"rendered":"<p>Despre Logtime Al\u0103tura\u021bi-v\u0103 peste 1000 de companii care \u00ee\u0219i accelereaz\u0103 sistemul de livrare cu Logdis Cine suntem noi Logtime este o echip\u0103 experimentat\u0103 de profesioni\u0219ti cu \u00eenalt\u0103 calificare. Venim din ora\u0219e diferite, avem v\u00e2rste diferite, dar lucrul care ne une\u0219te este pasiunea pentru crearea de solu\u021bii B2B menite s\u0103-i ajute pe clien\u021bii no\u0219tri s\u0103 \u00ee\u0219i [&hellip;]<\/p>\n","protected":false},"author":1,"featured_media":0,"parent":0,"menu_order":0,"comment_status":"closed","ping_status":"closed","template":"elementor_header_footer","meta":{"footnotes":""},"class_list":["post-7367","page","type-page","status-publish","hentry"],"yoast_head":"<!-- This site is optimized with the Yoast SEO plugin v26.8 - https:\/\/yoast.com\/product\/yoast-seo-wordpress\/ -->\n<title>Despre noi - Logdio - delivery management tool - totul \u00eentr-o singur\u0103 solu\u021bie!<\/title>\n<meta name=\"description\" content=\"Software de gestionare a livr\u0103rii Logdio. Solu\u021bie mobil\u0103 all-in-one pentru optimizarea rutei \u0219i urm\u0103rirea livr\u0103rii \u00een timp real. Face\u021bi clic aici pentru a afla mai multe despre noi.\" \/>\n<meta name=\"robots\" content=\"index, follow, max-snippet:-1, max-image-preview:large, max-video-preview:-1\" \/>\n<link rel=\"canonical\" href=\"https:\/\/logdio.com\/ro\/despre-noi\/\" \/>\n<meta property=\"og:locale\" content=\"ro_RO\" \/>\n<meta property=\"og:type\" content=\"article\" \/>\n<meta property=\"og:title\" content=\"Despre noi - Logdio - delivery management tool - totul \u00eentr-o singur\u0103 solu\u021bie!\" \/>\n<meta property=\"og:description\" content=\"Software de gestionare a livr\u0103rii Logdio. Solu\u021bie mobil\u0103 all-in-one pentru optimizarea rutei \u0219i urm\u0103rirea livr\u0103rii \u00een timp real. Face\u021bi clic aici pentru a afla mai multe despre noi.\" \/>\n<meta property=\"og:url\" content=\"https:\/\/logdio.com\/ro\/despre-noi\/\" \/>\n<meta property=\"og:site_name\" content=\"Logdio - delivery management tool\" \/>\n<meta property=\"article:publisher\" content=\"https:\/\/www.facebook.com\/logtime.eu\/\" \/>\n<meta property=\"article:modified_time\" content=\"2023-08-20T21:34:53+00:00\" \/>\n<meta name=\"twitter:card\" content=\"summary_large_image\" \/>\n<meta name=\"twitter:label1\" content=\"Timp estimat pentru citire\" \/>\n\t<meta name=\"twitter:data1\" content=\"2 minute\" \/>\n<script type=\"application\/ld+json\" class=\"yoast-schema-graph\">{\"@context\":\"https:\/\/schema.org\",\"@graph\":[{\"@type\":\"WebPage\",\"@id\":\"https:\/\/logdio.com\/ro\/despre-noi\/\",\"url\":\"https:\/\/logdio.com\/ro\/despre-noi\/\",\"name\":\"Despre noi - Logdio - delivery management tool - totul \u00eentr-o singur\u0103 solu\u021bie!\",\"isPartOf\":{\"@id\":\"https:\/\/logdio.com\/ro\/#website\"},\"datePublished\":\"2021-08-23T18:57:37+00:00\",\"dateModified\":\"2023-08-20T21:34:53+00:00\",\"description\":\"Software de gestionare a livr\u0103rii Logdio. Solu\u021bie mobil\u0103 all-in-one pentru optimizarea rutei \u0219i urm\u0103rirea livr\u0103rii \u00een timp real. Face\u021bi clic aici pentru a afla mai multe despre noi.\",\"breadcrumb\":{\"@id\":\"https:\/\/logdio.com\/ro\/despre-noi\/#breadcrumb\"},\"inLanguage\":\"ro-RO\",\"potentialAction\":[{\"@type\":\"ReadAction\",\"target\":[\"https:\/\/logdio.com\/ro\/despre-noi\/\"]}]},{\"@type\":\"BreadcrumbList\",\"@id\":\"https:\/\/logdio.com\/ro\/despre-noi\/#breadcrumb\",\"itemListElement\":[{\"@type\":\"ListItem\",\"position\":1,\"name\":\"Home\",\"item\":\"https:\/\/logdio.com\/ro\/pagina-de-destinatie\/\"},{\"@type\":\"ListItem\",\"position\":2,\"name\":\"Despre noi\"}]},{\"@type\":\"WebSite\",\"@id\":\"https:\/\/logdio.com\/ro\/#website\",\"url\":\"https:\/\/logdio.com\/ro\/\",\"name\":\"Logdio - delivery management tool\",\"description\":\"Next level delivery management software\",\"publisher\":{\"@id\":\"https:\/\/logdio.com\/ro\/#organization\"},\"potentialAction\":[{\"@type\":\"SearchAction\",\"target\":{\"@type\":\"EntryPoint\",\"urlTemplate\":\"https:\/\/logdio.com\/ro\/?s={search_term_string}\"},\"query-input\":{\"@type\":\"PropertyValueSpecification\",\"valueRequired\":true,\"valueName\":\"search_term_string\"}}],\"inLanguage\":\"ro-RO\"},{\"@type\":\"Organization\",\"@id\":\"https:\/\/logdio.com\/ro\/#organization\",\"name\":\"Logdio\",\"url\":\"https:\/\/logdio.com\/ro\/\",\"logo\":{\"@type\":\"ImageObject\",\"inLanguage\":\"ro-RO\",\"@id\":\"https:\/\/logdio.com\/ro\/#\/schema\/logo\/image\/\",\"url\":\"https:\/\/logdio.com\/wp-content\/uploads\/2021\/05\/Logdio.svg\",\"contentUrl\":\"https:\/\/logdio.com\/wp-content\/uploads\/2021\/05\/Logdio.svg\",\"width\":4.44919,\"height\":1.1285,\"caption\":\"Logdio\"},\"image\":{\"@id\":\"https:\/\/logdio.com\/ro\/#\/schema\/logo\/image\/\"},\"sameAs\":[\"https:\/\/www.facebook.com\/logtime.eu\/\",\"https:\/\/www.linkedin.com\/company\/logtime\"]}]}<\/script>\n<!-- \/ Yoast SEO plugin. -->","yoast_head_json":{"title":"Despre noi - Logdio - delivery management tool - totul \u00eentr-o singur\u0103 solu\u021bie!","description":"Software de gestionare a livr\u0103rii Logdio. Solu\u021bie mobil\u0103 all-in-one pentru optimizarea rutei \u0219i urm\u0103rirea livr\u0103rii \u00een timp real. Face\u021bi clic aici pentru a afla mai multe despre noi.","robots":{"index":"index","follow":"follow","max-snippet":"max-snippet:-1","max-image-preview":"max-image-preview:large","max-video-preview":"max-video-preview:-1"},"canonical":"https:\/\/logdio.com\/ro\/despre-noi\/","og_locale":"ro_RO","og_type":"article","og_title":"Despre noi - Logdio - delivery management tool - totul \u00eentr-o singur\u0103 solu\u021bie!","og_description":"Software de gestionare a livr\u0103rii Logdio. Solu\u021bie mobil\u0103 all-in-one pentru optimizarea rutei \u0219i urm\u0103rirea livr\u0103rii \u00een timp real. Face\u021bi clic aici pentru a afla mai multe despre noi.","og_url":"https:\/\/logdio.com\/ro\/despre-noi\/","og_site_name":"Logdio - delivery management tool","article_publisher":"https:\/\/www.facebook.com\/logtime.eu\/","article_modified_time":"2023-08-20T21:34:53+00:00","twitter_card":"summary_large_image","twitter_misc":{"Timp estimat pentru citire":"2 minute"},"schema":{"@context":"https:\/\/schema.org","@graph":[{"@type":"WebPage","@id":"https:\/\/logdio.com\/ro\/despre-noi\/","url":"https:\/\/logdio.com\/ro\/despre-noi\/","name":"Despre noi - Logdio - delivery management tool - totul \u00eentr-o singur\u0103 solu\u021bie!","isPartOf":{"@id":"https:\/\/logdio.com\/ro\/#website"},"datePublished":"2021-08-23T18:57:37+00:00","dateModified":"2023-08-20T21:34:53+00:00","description":"Software de gestionare a livr\u0103rii Logdio. Solu\u021bie mobil\u0103 all-in-one pentru optimizarea rutei \u0219i urm\u0103rirea livr\u0103rii \u00een timp real. Face\u021bi clic aici pentru a afla mai multe despre noi.","breadcrumb":{"@id":"https:\/\/logdio.com\/ro\/despre-noi\/#breadcrumb"},"inLanguage":"ro-RO","potentialAction":[{"@type":"ReadAction","target":["https:\/\/logdio.com\/ro\/despre-noi\/"]}]},{"@type":"BreadcrumbList","@id":"https:\/\/logdio.com\/ro\/despre-noi\/#breadcrumb","itemListElement":[{"@type":"ListItem","position":1,"name":"Home","item":"https:\/\/logdio.com\/ro\/pagina-de-destinatie\/"},{"@type":"ListItem","position":2,"name":"Despre noi"}]},{"@type":"WebSite","@id":"https:\/\/logdio.com\/ro\/#website","url":"https:\/\/logdio.com\/ro\/","name":"Logdio - delivery management tool","description":"Next level delivery management software","publisher":{"@id":"https:\/\/logdio.com\/ro\/#organization"},"potentialAction":[{"@type":"SearchAction","target":{"@type":"EntryPoint","urlTemplate":"https:\/\/logdio.com\/ro\/?s={search_term_string}"},"query-input":{"@type":"PropertyValueSpecification","valueRequired":true,"valueName":"search_term_string"}}],"inLanguage":"ro-RO"},{"@type":"Organization","@id":"https:\/\/logdio.com\/ro\/#organization","name":"Logdio","url":"https:\/\/logdio.com\/ro\/","logo":{"@type":"ImageObject","inLanguage":"ro-RO","@id":"https:\/\/logdio.com\/ro\/#\/schema\/logo\/image\/","url":"https:\/\/logdio.com\/wp-content\/uploads\/2021\/05\/Logdio.svg","contentUrl":"https:\/\/logdio.com\/wp-content\/uploads\/2021\/05\/Logdio.svg","width":4.44919,"height":1.1285,"caption":"Logdio"},"image":{"@id":"https:\/\/logdio.com\/ro\/#\/schema\/logo\/image\/"},"sameAs":["https:\/\/www.facebook.com\/logtime.eu\/","https:\/\/www.linkedin.com\/company\/logtime"]}]}},"_links":{"self":[{"href":"https:\/\/logdio.com\/ro\/wp-json\/wp\/v2\/pages\/7367","targetHints":{"allow":["GET"]}}],"collection":[{"href":"https:\/\/logdio.com\/ro\/wp-json\/wp\/v2\/pages"}],"about":[{"href":"https:\/\/logdio.com\/ro\/wp-json\/wp\/v2\/types\/page"}],"author":[{"embeddable":true,"href":"https:\/\/logdio.com\/ro\/wp-json\/wp\/v2\/users\/1"}],"replies":[{"embeddable":true,"href":"https:\/\/logdio.com\/ro\/wp-json\/wp\/v2\/comments?post=7367"}],"version-history":[{"count":2,"href":"https:\/\/logdio.com\/ro\/wp-json\/wp\/v2\/pages\/7367\/revisions"}],"predecessor-version":[{"id":11545,"href":"https:\/\/logdio.com\/ro\/wp-json\/wp\/v2\/pages\/7367\/revisions\/11545"}],"wp:attachment":[{"href":"https:\/\/logdio.com\/ro\/wp-json\/wp\/v2\/media?parent=7367"}],"curies":[{"name":"wp","href":"https:\/\/api.w.org\/{rel}","templated":true}]}}