{"id":5992,"date":"2021-05-03T09:53:33","date_gmt":"2021-05-03T06:53:33","guid":{"rendered":"https:\/\/logdio.com\/politica-de-confidentialitate\/"},"modified":"2023-08-21T00:35:20","modified_gmt":"2023-08-20T21:35:20","slug":"privacy-policy","status":"publish","type":"page","link":"https:\/\/logdio.com\/ro\/privacy-policy\/","title":{"rendered":"Politica de Confiden\u021bialitate"},"content":{"rendered":"\t\t<div data-elementor-type=\"wp-page\" data-elementor-id=\"5992\" class=\"elementor elementor-5992 elementor-3\" data-elementor-post-type=\"page\">\n\t\t\t\t\t\t<section class=\"has_ma_el_bg_slider elementor-section elementor-top-section elementor-element elementor-element-23def496 elementor-section-boxed elementor-section-height-default elementor-section-height-default jltma-glass-effect-no\" data-id=\"23def496\" data-element_type=\"section\" data-e-type=\"section\" data-settings=\"{&quot;jet_parallax_layout_list&quot;:[{&quot;jet_parallax_layout_image&quot;:{&quot;url&quot;:&quot;&quot;,&quot;id&quot;:&quot;&quot;,&quot;size&quot;:&quot;&quot;},&quot;_id&quot;:&quot;4322483&quot;,&quot;jet_parallax_layout_image_tablet&quot;:{&quot;url&quot;:&quot;&quot;,&quot;id&quot;:&quot;&quot;,&quot;size&quot;:&quot;&quot;},&quot;jet_parallax_layout_image_mobile&quot;:{&quot;url&quot;:&quot;&quot;,&quot;id&quot;:&quot;&quot;,&quot;size&quot;:&quot;&quot;},&quot;jet_parallax_layout_speed&quot;:{&quot;unit&quot;:&quot;%&quot;,&quot;size&quot;:50,&quot;sizes&quot;:[]},&quot;jet_parallax_layout_type&quot;:&quot;scroll&quot;,&quot;jet_parallax_layout_direction&quot;:null,&quot;jet_parallax_layout_fx_direction&quot;:null,&quot;jet_parallax_layout_z_index&quot;:&quot;&quot;,&quot;jet_parallax_layout_bg_x&quot;:50,&quot;jet_parallax_layout_bg_x_tablet&quot;:&quot;&quot;,&quot;jet_parallax_layout_bg_x_mobile&quot;:&quot;&quot;,&quot;jet_parallax_layout_bg_y&quot;:50,&quot;jet_parallax_layout_bg_y_tablet&quot;:&quot;&quot;,&quot;jet_parallax_layout_bg_y_mobile&quot;:&quot;&quot;,&quot;jet_parallax_layout_bg_size&quot;:&quot;auto&quot;,&quot;jet_parallax_layout_bg_size_tablet&quot;:&quot;&quot;,&quot;jet_parallax_layout_bg_size_mobile&quot;:&quot;&quot;,&quot;jet_parallax_layout_animation_prop&quot;:&quot;transform&quot;,&quot;jet_parallax_layout_on&quot;:[&quot;desktop&quot;,&quot;tablet&quot;]}]}\">\n\t\t\t\t\t\t<div class=\"elementor-container elementor-column-gap-default\">\n\t\t\t\t\t<div class=\"has_ma_el_bg_slider elementor-column elementor-col-100 elementor-top-column elementor-element elementor-element-562b08a1 jltma-glass-effect-no\" data-id=\"562b08a1\" data-element_type=\"column\" data-e-type=\"column\">\n\t\t\t<div class=\"elementor-widget-wrap elementor-element-populated\">\n\t\t\t\t\t\t<div class=\"elementor-element elementor-element-fdbc374 jltma-glass-effect-no elementor-widget elementor-widget-heading\" data-id=\"fdbc374\" data-element_type=\"widget\" data-e-type=\"widget\" data-widget_type=\"heading.default\">\n\t\t\t\t<div class=\"elementor-widget-container\">\n\t\t\t\t\t<h2 class=\"elementor-heading-title elementor-size-default\">Politica de Confiden\u021bialitate<\/h2>\t\t\t\t<\/div>\n\t\t\t\t<\/div>\n\t\t\t\t<div class=\"elementor-element elementor-element-71fb796b jltma-glass-effect-no elementor-widget elementor-widget-text-editor\" data-id=\"71fb796b\" data-element_type=\"widget\" data-e-type=\"widget\" data-widget_type=\"text-editor.default\">\n\t\t\t\t<div class=\"elementor-widget-container\">\n\t\t\t\t\t\t\t\t\t\n<p>La Logdio &#8211; Software de gestionare a livr\u0103rii, accesibil de la Logdio.com, una dintre priorit\u0103\u021bile noastre principale este confiden\u021bialitatea vizitatorilor no\u0219tri. Acest document privind politica de confiden\u021bialitate con\u021bine tipuri de informa\u021bii care sunt colectate \u0219i \u00eenregistrate de Logdio &#8211; Software de gestionare a livr\u0103rii \u0219i modul \u00een care le folosim.<\/p>\n<p>Dac\u0103 ave\u021bi \u00eentreb\u0103ri suplimentare sau ave\u021bi nevoie de mai multe informa\u021bii despre politica noastr\u0103 de confiden\u021bialitate, nu ezita\u021bi s\u0103 ne contacta\u021bi.<\/p>\n<p>Aceast\u0103 politic\u0103 de confiden\u021bialitate se aplic\u0103 numai activit\u0103\u021bilor noastre online \u0219i este valabil\u0103 pentru vizitatorii site-ului nostru web cu privire la informa\u021biile pe care le-au distribuit \u0219i \/ sau colectat \u00een Logdio &#8211; Software de gestionare a livr\u0103rii. Aceast\u0103 politic\u0103 nu se aplic\u0103 informa\u021biilor colectate offline sau prin alte canale dec\u00e2t acest site web. <\/p>\n<h2>Consim\u0163\u0103m\u00e2nt<\/h2>\n<p>Prin utilizarea site-ului nostru, sunte\u021bi de acord cu politica noastr\u0103 de confiden\u021bialitate \u0219i sunte\u021bi de acord cu termenii acesteia.<\/p>\n<h2>Informa\u021bii pe care le colect\u0103m<\/h2>\n<p>Informa\u021biile personale pe care vi se cere s\u0103 le furniza\u021bi \u0219i motivele pentru care vi se solicit\u0103 s\u0103 le furniza\u021bi, v\u0103 vor fi clarificate \u00een momentul \u00een care v\u0103 rug\u0103m s\u0103 furniza\u021bi informa\u021biile dvs. personale.<\/p>\n<p>Dac\u0103 ne contacta\u021bi direct, este posibil s\u0103 primim informa\u021bii suplimentare despre dvs., cum ar fi numele dvs., adresa de e-mail, num\u0103rul de telefon, con\u021binutul mesajului \u0219i \/ sau ata\u0219amentele pe care ni le pute\u021bi trimite \u0219i orice alte informa\u021bii pe care a\u021bi putea s\u0103 le furniza\u021bi.<\/p>\n<p>C\u00e2nd v\u0103 \u00eenregistra\u021bi pentru un cont, este posibil s\u0103 v\u0103 solicit\u0103m informa\u021biile de contact, inclusiv elemente precum numele, numele companiei, adresa, adresa de e-mail \u0219i num\u0103rul de telefon.<\/p>\n<h2>Cum folosim informa\u021biile dvs.<\/h2>\n<p>Folosim informa\u021biile pe care le colect\u0103m \u00een diferite moduri, inclusiv pentru:<\/p>\n<ul>\n<li>Furnizarea, operarea \u0219i \u00eentre\u021binerea site-ului nostru web<\/li>\n<li>\u00cembun\u0103t\u0103\u021bi\u021bi, personaliza\u021bi \u0219i extinde\u021bi site-ul nostru web<\/li>\n<li>\u00cen\u021belege\u021bi \u0219i analiza\u021bi modul \u00een care utiliza\u021bi site-ul nostru web<\/li>\n<li>Dezvolt\u0103 noi produse, servicii, caracteristici \u0219i func\u021bionalit\u0103\u021bi<\/li>\n<li>Comunica\u021bi cu dvs., fie direct, fie prin intermediul unuia dintre partenerii no\u0219tri, inclusiv pentru servicii pentru clien\u021bi, pentru a v\u0103 oferi actualiz\u0103ri \u0219i alte informa\u021bii referitoare la site-ul web \u0219i \u00een scopuri de marketing \u0219i de promovare<\/li>\n<li>V\u0103 trimitem e-mailuri<\/li>\n<li>G\u0103si\u021bi \u0219i preveni\u021bi frauda<\/li>\n<\/ul>\n<h2>Fi\u0219iere jurnal<\/h2>\n<p>Logdio &#8211; Software-ul de gestionare a livr\u0103rii urmeaz\u0103 o procedur\u0103 standard de utilizare a fi\u0219ierelor jurnal. Aceste fi\u0219iere \u00eenregistreaz\u0103 vizitatori c\u00e2nd acceseaz\u0103 site-uri web. Toate companiile de g\u0103zduire fac acest lucru \u0219i o parte din analiza serviciilor de g\u0103zduire. Informa\u021biile colectate de fi\u0219ierele jurnal includ adrese de protocol internet (IP), tip de browser, furnizor de servicii Internet (ISP), \u0219tampil\u0103 de dat\u0103 \u0219i or\u0103, pagini de trimitere \/ ie\u0219ire \u0219i, eventual, num\u0103rul de clicuri. Acestea nu sunt legate de nicio informa\u021bie care poate fi identificat\u0103 personal. Scopul informa\u021biilor este de a analiza tendin\u021bele, de a administra site-ul, de a urm\u0103ri mi\u0219carea utilizatorilor de pe site \u0219i de a culege informa\u021bii demografice.<\/p>\n<h2>Cookie-uri \u0219i semnalizatoare web<\/h2>\n<p>Ca orice alt site web, Logdio &#8211; Software-ul de gestionare a livr\u0103rii folose\u0219te \u201ecookie-uri\u201d. Aceste cookie-uri sunt utilizate pentru a stoca informa\u021bii, inclusiv preferin\u021bele vizitatorilor, \u0219i paginile de pe site-ul web pe care vizitatorul le-a accesat sau le-a vizitat. Informa\u021biile sunt utilizate pentru a optimiza experien\u021ba utilizatorilor prin personalizarea con\u021binutului paginii noastre web pe baza tipului de browser al vizitatorilor \u0219i \/ sau a altor informa\u021bii.<\/p>\n<h2>Politici de confiden\u021bialitate pentru partenerii de publicitate<\/h2>\n<p>Pute\u021bi consulta aceast\u0103 list\u0103 pentru a g\u0103si Politica de confiden\u021bialitate pentru fiecare dintre partenerii de publicitate ai Logdio &#8211; Software de gestionare a livr\u0103rilor.<\/p>\n<p>Serverele de publicitate ter\u021be sau re\u021belele publicitare utilizeaz\u0103 tehnologii precum cookie-uri, JavaScript sau Web Beacon-uri care sunt utilizate \u00een reclamele \u0219i linkurile respective care apar pe Logdio &#8211; Software de gestionare a livr\u0103rilor, care sunt trimise direct \u00een browserul utilizatorilor. Ei primesc automat adresa dvs. IP atunci c\u00e2nd se \u00eent\u00e2mpl\u0103 acest lucru. Aceste tehnologii sunt utilizate pentru a m\u0103sura eficien\u021ba campaniilor lor publicitare \u0219i \/ sau pentru a personaliza con\u021binutul publicitar pe care \u00eel vede\u021bi pe site-urile web pe care le vizita\u021bi.<\/p>\n<p>Re\u021bine\u021bi c\u0103 Logdio &#8211; Software-ul de gestionare a livr\u0103rii nu are acces sau control asupra acestor cookie-uri care sunt utilizate de agen\u021bii de publicitate ter\u021bi.<\/p>\n<h2>Politici de confiden\u021bialitate ale ter\u021bilor<\/h2>\n<p>Logdio &#8211; Politica de confiden\u021bialitate a software-ului de gestionare a livr\u0103rii nu se aplic\u0103 altor agen\u021bi de publicitate sau site-uri web. Astfel, v\u0103 sf\u0103tuim s\u0103 consulta\u021bi Politicile de confiden\u021bialitate respective ale acestor servere de anun\u021buri ter\u021be pentru informa\u021bii mai detaliate. Poate include practicile \u0219i instruc\u021biunile lor despre cum s\u0103 renun\u021be la anumite op\u021biuni.<\/p>\n<p>Pute\u021bi alege s\u0103 dezactiva\u021bi cookie-urile prin op\u021biunile individuale ale browserului. Pentru a afla informa\u021bii mai detaliate despre gestionarea cookie-urilor cu anumite browsere web, acestea pot fi g\u0103site pe site-urile web respective ale browserelor.<\/p>\n<h2>Drepturi de confiden\u021bialitate CCPA (Nu vinde\u021bi informa\u021biile mele personale)<\/h2>\n<p>Conform CCPA, printre alte drepturi, consumatorii din California au dreptul:<\/p>\n<p>Solicita\u021bi ca o companie care colecteaz\u0103 datele personale ale unui consumator s\u0103 dezv\u0103luie categoriile \u0219i anumite date personale pe care o companie le-a colectat despre consumatori.<\/p>\n<p>Solicita\u021bi ca o companie s\u0103 \u0219tearg\u0103 orice date personale despre consumatorul pe care o companie le-a colectat.<\/p>\n<p>Solicita\u021bi ca o companie care vinde datele personale ale unui consumator s\u0103 nu v\u00e2nd\u0103 datele personale ale consumatorului.<\/p>\n<p>Dac\u0103 face\u021bi o solicitare, avem o lun\u0103 pentru a v\u0103 r\u0103spunde. Dac\u0103 dori\u021bi s\u0103 v\u0103 exercita\u021bi oricare dintre aceste drepturi, v\u0103 rug\u0103m s\u0103 ne contacta\u021bi.<\/p>\n<h2>Drepturile de protec\u021bie a datelor GDPR<\/h2>\n<p>Dorim s\u0103 ne asigur\u0103m c\u0103 sunte\u021bi pe deplin con\u0219tien\u021bi de toate drepturile dvs. de protec\u021bie a datelor. Fiecare utilizator are dreptul la urm\u0103toarele:<\/p>\n<p>Dreptul de acces &#8211; Ave\u021bi dreptul de a solicita copii ale datelor dvs. personale. Este posibil s\u0103 v\u0103 tax\u0103m o mic\u0103 tax\u0103 pentru acest serviciu.<\/p>\n<p>Dreptul la rectificare &#8211; Ave\u021bi dreptul s\u0103 solicita\u021bi s\u0103 corect\u0103m orice informa\u021bie pe care o considera\u021bi inexact\u0103. De asemenea, ave\u021bi dreptul s\u0103 solicita\u021bi s\u0103 complet\u0103m informa\u021biile pe care le considera\u021bi incomplete.<\/p>\n<p>Dreptul la \u0219tergere &#8211; Ave\u021bi dreptul s\u0103 solicita\u021bi \u0219tergerea datelor dvs. personale, \u00een anumite condi\u021bii.<\/p>\n<p>Dreptul de a restric\u021biona prelucrarea &#8211; Ave\u021bi dreptul s\u0103 solicita\u021bi restric\u021bionarea prelucr\u0103rii datelor dvs. personale, \u00een anumite condi\u021bii.<\/p>\n<p>Dreptul de a v\u0103 opune prelucr\u0103rii &#8211; Ave\u021bi dreptul de a v\u0103 opune prelucr\u0103rii datelor dumneavoastr\u0103 cu caracter personal, \u00een anumite condi\u021bii.<\/p>\n<p>Dreptul la portabilitatea datelor &#8211; Ave\u021bi dreptul s\u0103 solicita\u021bi transferul datelor pe care le-am colectat c\u0103tre o alt\u0103 organiza\u021bie sau direct c\u0103tre dvs., \u00een anumite condi\u021bii.<\/p>\n<p>Dac\u0103 face\u021bi o solicitare, avem o lun\u0103 pentru a v\u0103 r\u0103spunde. Dac\u0103 dori\u021bi s\u0103 v\u0103 exercita\u021bi oricare dintre aceste drepturi, v\u0103 rug\u0103m s\u0103 ne contacta\u021bi.<\/p>\n<h2>Informa\u021bii pentru copii<\/h2>\n<p>O alt\u0103 parte a priorit\u0103\u021bii noastre este ad\u0103ugarea de protec\u021bie pentru copii \u00een timpul utiliz\u0103rii internetului. \u00cei \u00eencuraj\u0103m pe p\u0103rin\u021bi \u0219i tutori s\u0103 observe, s\u0103 participe \u0219i \/ sau s\u0103 monitorizeze \u0219i s\u0103 \u00eendrume activitatea lor online.<\/p>\n<p>Logdio &#8211; Software-ul de gestionare a livr\u0103rii nu colecteaz\u0103 cu bun\u0103 \u0219tiin\u021b\u0103 nicio informa\u021bie personal\u0103 de identificare de la copii cu v\u00e2rsta sub 13 ani. Dac\u0103 crede\u021bi c\u0103 copilul dvs. a furnizat acest tip de informa\u021bii pe site-ul nostru, v\u0103 \u00eencuraj\u0103m cu t\u0103rie s\u0103 ne contacta\u021bi imediat \u0219i vom depune toate eforturile pentru a elimina cu promptitudine aceste informa\u021bii din \u00eenregistr\u0103rile noastre.<\/p>\n\t\t\t\t\t\t\t\t<\/div>\n\t\t\t\t<\/div>\n\t\t\t\t\t<\/div>\n\t\t<\/div>\n\t\t\t\t\t<\/div>\n\t\t<\/section>\n\t\t\t\t<\/div>\n\t\t","protected":false},"excerpt":{"rendered":"<p>La Logdio &#8211; Software de gestionare a livr\u0103rii, accesibil de la Logdio.com, una dintre priorit\u0103\u021bile noastre principale este confiden\u021bialitatea vizitatorilor no\u0219tri. Acest document privind politica de confiden\u021bialitate con\u021bine tipuri de informa\u021bii care sunt colectate \u0219i \u00eenregistrate de Logdio &#8211; Software de gestionare a livr\u0103rii \u0219i modul \u00een care le folosim. Dac\u0103 ave\u021bi \u00eentreb\u0103ri suplimentare sau [&hellip;]<\/p>\n","protected":false},"author":1,"featured_media":0,"parent":0,"menu_order":0,"comment_status":"closed","ping_status":"closed","template":"elementor_header_footer","meta":{"footnotes":""},"class_list":["post-5992","page","type-page","status-publish","hentry"],"yoast_head":"<!-- This site is optimized with the Yoast SEO plugin v26.8 - https:\/\/yoast.com\/product\/yoast-seo-wordpress\/ -->\n<title>Politica de Confiden\u021bialitate - Logdio - delivery management tool<\/title>\n<meta name=\"description\" content=\"Logdio.com este un software de gestionare a livr\u0103rii la nivel superior care ofer\u0103 pre\u021buri corecte pentru a v\u0103 men\u021bine afacerea \u00een cre\u0219tere! Verifica\u021bi politica noastr\u0103 de confiden\u021bialitate\" \/>\n<meta name=\"robots\" content=\"index, follow, max-snippet:-1, max-image-preview:large, max-video-preview:-1\" \/>\n<link rel=\"canonical\" href=\"https:\/\/logdio.com\/ro\/privacy-policy\/\" \/>\n<meta property=\"og:locale\" content=\"ro_RO\" \/>\n<meta property=\"og:type\" content=\"article\" \/>\n<meta property=\"og:title\" content=\"Politica de Confiden\u021bialitate - Logdio - delivery management tool\" \/>\n<meta property=\"og:description\" content=\"Logdio.com este un software de gestionare a livr\u0103rii la nivel superior care ofer\u0103 pre\u021buri corecte pentru a v\u0103 men\u021bine afacerea \u00een cre\u0219tere! Verifica\u021bi politica noastr\u0103 de confiden\u021bialitate\" \/>\n<meta property=\"og:url\" content=\"https:\/\/logdio.com\/ro\/privacy-policy\/\" \/>\n<meta property=\"og:site_name\" content=\"Logdio - delivery management tool\" \/>\n<meta property=\"article:publisher\" content=\"https:\/\/www.facebook.com\/logtime.eu\/\" \/>\n<meta property=\"article:modified_time\" content=\"2023-08-20T21:35:20+00:00\" \/>\n<meta name=\"twitter:card\" content=\"summary_large_image\" \/>\n<meta name=\"twitter:label1\" content=\"Timp estimat pentru citire\" \/>\n\t<meta name=\"twitter:data1\" content=\"5 minute\" \/>\n<script type=\"application\/ld+json\" class=\"yoast-schema-graph\">{\"@context\":\"https:\/\/schema.org\",\"@graph\":[{\"@type\":\"WebPage\",\"@id\":\"https:\/\/logdio.com\/ro\/privacy-policy\/\",\"url\":\"https:\/\/logdio.com\/ro\/privacy-policy\/\",\"name\":\"Politica de Confiden\u021bialitate - Logdio - delivery management tool\",\"isPartOf\":{\"@id\":\"https:\/\/logdio.com\/ro\/#website\"},\"datePublished\":\"2021-05-03T06:53:33+00:00\",\"dateModified\":\"2023-08-20T21:35:20+00:00\",\"description\":\"Logdio.com este un software de gestionare a livr\u0103rii la nivel superior care ofer\u0103 pre\u021buri corecte pentru a v\u0103 men\u021bine afacerea \u00een cre\u0219tere! Verifica\u021bi politica noastr\u0103 de confiden\u021bialitate\",\"breadcrumb\":{\"@id\":\"https:\/\/logdio.com\/ro\/privacy-policy\/#breadcrumb\"},\"inLanguage\":\"ro-RO\",\"potentialAction\":[{\"@type\":\"ReadAction\",\"target\":[\"https:\/\/logdio.com\/ro\/privacy-policy\/\"]}]},{\"@type\":\"BreadcrumbList\",\"@id\":\"https:\/\/logdio.com\/ro\/privacy-policy\/#breadcrumb\",\"itemListElement\":[{\"@type\":\"ListItem\",\"position\":1,\"name\":\"Home\",\"item\":\"https:\/\/logdio.com\/ro\/pagina-de-destinatie\/\"},{\"@type\":\"ListItem\",\"position\":2,\"name\":\"Politica de Confiden\u021bialitate\"}]},{\"@type\":\"WebSite\",\"@id\":\"https:\/\/logdio.com\/ro\/#website\",\"url\":\"https:\/\/logdio.com\/ro\/\",\"name\":\"Logdio - delivery management tool\",\"description\":\"Next level delivery management software\",\"publisher\":{\"@id\":\"https:\/\/logdio.com\/ro\/#organization\"},\"potentialAction\":[{\"@type\":\"SearchAction\",\"target\":{\"@type\":\"EntryPoint\",\"urlTemplate\":\"https:\/\/logdio.com\/ro\/?s={search_term_string}\"},\"query-input\":{\"@type\":\"PropertyValueSpecification\",\"valueRequired\":true,\"valueName\":\"search_term_string\"}}],\"inLanguage\":\"ro-RO\"},{\"@type\":\"Organization\",\"@id\":\"https:\/\/logdio.com\/ro\/#organization\",\"name\":\"Logdio\",\"url\":\"https:\/\/logdio.com\/ro\/\",\"logo\":{\"@type\":\"ImageObject\",\"inLanguage\":\"ro-RO\",\"@id\":\"https:\/\/logdio.com\/ro\/#\/schema\/logo\/image\/\",\"url\":\"https:\/\/logdio.com\/wp-content\/uploads\/2021\/05\/Logdio.svg\",\"contentUrl\":\"https:\/\/logdio.com\/wp-content\/uploads\/2021\/05\/Logdio.svg\",\"width\":4.44919,\"height\":1.1285,\"caption\":\"Logdio\"},\"image\":{\"@id\":\"https:\/\/logdio.com\/ro\/#\/schema\/logo\/image\/\"},\"sameAs\":[\"https:\/\/www.facebook.com\/logtime.eu\/\",\"https:\/\/www.linkedin.com\/company\/logtime\"]}]}<\/script>\n<!-- \/ Yoast SEO plugin. -->","yoast_head_json":{"title":"Politica de Confiden\u021bialitate - Logdio - delivery management tool","description":"Logdio.com este un software de gestionare a livr\u0103rii la nivel superior care ofer\u0103 pre\u021buri corecte pentru a v\u0103 men\u021bine afacerea \u00een cre\u0219tere! Verifica\u021bi politica noastr\u0103 de confiden\u021bialitate","robots":{"index":"index","follow":"follow","max-snippet":"max-snippet:-1","max-image-preview":"max-image-preview:large","max-video-preview":"max-video-preview:-1"},"canonical":"https:\/\/logdio.com\/ro\/privacy-policy\/","og_locale":"ro_RO","og_type":"article","og_title":"Politica de Confiden\u021bialitate - Logdio - delivery management tool","og_description":"Logdio.com este un software de gestionare a livr\u0103rii la nivel superior care ofer\u0103 pre\u021buri corecte pentru a v\u0103 men\u021bine afacerea \u00een cre\u0219tere! Verifica\u021bi politica noastr\u0103 de confiden\u021bialitate","og_url":"https:\/\/logdio.com\/ro\/privacy-policy\/","og_site_name":"Logdio - delivery management tool","article_publisher":"https:\/\/www.facebook.com\/logtime.eu\/","article_modified_time":"2023-08-20T21:35:20+00:00","twitter_card":"summary_large_image","twitter_misc":{"Timp estimat pentru citire":"5 minute"},"schema":{"@context":"https:\/\/schema.org","@graph":[{"@type":"WebPage","@id":"https:\/\/logdio.com\/ro\/privacy-policy\/","url":"https:\/\/logdio.com\/ro\/privacy-policy\/","name":"Politica de Confiden\u021bialitate - Logdio - delivery management tool","isPartOf":{"@id":"https:\/\/logdio.com\/ro\/#website"},"datePublished":"2021-05-03T06:53:33+00:00","dateModified":"2023-08-20T21:35:20+00:00","description":"Logdio.com este un software de gestionare a livr\u0103rii la nivel superior care ofer\u0103 pre\u021buri corecte pentru a v\u0103 men\u021bine afacerea \u00een cre\u0219tere! Verifica\u021bi politica noastr\u0103 de confiden\u021bialitate","breadcrumb":{"@id":"https:\/\/logdio.com\/ro\/privacy-policy\/#breadcrumb"},"inLanguage":"ro-RO","potentialAction":[{"@type":"ReadAction","target":["https:\/\/logdio.com\/ro\/privacy-policy\/"]}]},{"@type":"BreadcrumbList","@id":"https:\/\/logdio.com\/ro\/privacy-policy\/#breadcrumb","itemListElement":[{"@type":"ListItem","position":1,"name":"Home","item":"https:\/\/logdio.com\/ro\/pagina-de-destinatie\/"},{"@type":"ListItem","position":2,"name":"Politica de Confiden\u021bialitate"}]},{"@type":"WebSite","@id":"https:\/\/logdio.com\/ro\/#website","url":"https:\/\/logdio.com\/ro\/","name":"Logdio - delivery management tool","description":"Next level delivery management software","publisher":{"@id":"https:\/\/logdio.com\/ro\/#organization"},"potentialAction":[{"@type":"SearchAction","target":{"@type":"EntryPoint","urlTemplate":"https:\/\/logdio.com\/ro\/?s={search_term_string}"},"query-input":{"@type":"PropertyValueSpecification","valueRequired":true,"valueName":"search_term_string"}}],"inLanguage":"ro-RO"},{"@type":"Organization","@id":"https:\/\/logdio.com\/ro\/#organization","name":"Logdio","url":"https:\/\/logdio.com\/ro\/","logo":{"@type":"ImageObject","inLanguage":"ro-RO","@id":"https:\/\/logdio.com\/ro\/#\/schema\/logo\/image\/","url":"https:\/\/logdio.com\/wp-content\/uploads\/2021\/05\/Logdio.svg","contentUrl":"https:\/\/logdio.com\/wp-content\/uploads\/2021\/05\/Logdio.svg","width":4.44919,"height":1.1285,"caption":"Logdio"},"image":{"@id":"https:\/\/logdio.com\/ro\/#\/schema\/logo\/image\/"},"sameAs":["https:\/\/www.facebook.com\/logtime.eu\/","https:\/\/www.linkedin.com\/company\/logtime"]}]}},"_links":{"self":[{"href":"https:\/\/logdio.com\/ro\/wp-json\/wp\/v2\/pages\/5992","targetHints":{"allow":["GET"]}}],"collection":[{"href":"https:\/\/logdio.com\/ro\/wp-json\/wp\/v2\/pages"}],"about":[{"href":"https:\/\/logdio.com\/ro\/wp-json\/wp\/v2\/types\/page"}],"author":[{"embeddable":true,"href":"https:\/\/logdio.com\/ro\/wp-json\/wp\/v2\/users\/1"}],"replies":[{"embeddable":true,"href":"https:\/\/logdio.com\/ro\/wp-json\/wp\/v2\/comments?post=5992"}],"version-history":[{"count":14,"href":"https:\/\/logdio.com\/ro\/wp-json\/wp\/v2\/pages\/5992\/revisions"}],"predecessor-version":[{"id":27340,"href":"https:\/\/logdio.com\/ro\/wp-json\/wp\/v2\/pages\/5992\/revisions\/27340"}],"wp:attachment":[{"href":"https:\/\/logdio.com\/ro\/wp-json\/wp\/v2\/media?parent=5992"}],"curies":[{"name":"wp","href":"https:\/\/api.w.org\/{rel}","templated":true}]}}