{"id":11325,"date":"2021-08-24T08:21:42","date_gmt":"2021-08-24T05:21:42","guid":{"rendered":"https:\/\/logdio.com\/planejador-de-rota-de-entrega\/"},"modified":"2023-08-21T00:31:07","modified_gmt":"2023-08-20T21:31:07","slug":"planejador-de-rota-de-entrega","status":"publish","type":"page","link":"https:\/\/logdio.com\/pt-pt\/planejador-de-rota-de-entrega\/","title":{"rendered":"Planificador de itiner\u00e1rios de entrega"},"content":{"rendered":"\t\t<div data-elementor-type=\"wp-page\" data-elementor-id=\"11325\" class=\"elementor elementor-11325 elementor-1056\" data-elementor-post-type=\"page\">\n\t\t\t\t\t\t<section class=\"has_ma_el_bg_slider elementor-section elementor-top-section elementor-element elementor-element-bb4cbd0 elementor-section-boxed elementor-section-height-default elementor-section-height-default jltma-glass-effect-no\" data-id=\"bb4cbd0\" data-element_type=\"section\" data-e-type=\"section\" data-settings=\"{&quot;jet_parallax_layout_list&quot;:[{&quot;jet_parallax_layout_image&quot;:{&quot;url&quot;:&quot;&quot;,&quot;id&quot;:&quot;&quot;,&quot;size&quot;:&quot;&quot;},&quot;_id&quot;:&quot;dcee667&quot;,&quot;jet_parallax_layout_image_tablet&quot;:{&quot;url&quot;:&quot;&quot;,&quot;id&quot;:&quot;&quot;,&quot;size&quot;:&quot;&quot;},&quot;jet_parallax_layout_image_mobile&quot;:{&quot;url&quot;:&quot;&quot;,&quot;id&quot;:&quot;&quot;,&quot;size&quot;:&quot;&quot;},&quot;jet_parallax_layout_speed&quot;:{&quot;unit&quot;:&quot;%&quot;,&quot;size&quot;:50,&quot;sizes&quot;:[]},&quot;jet_parallax_layout_type&quot;:&quot;scroll&quot;,&quot;jet_parallax_layout_direction&quot;:null,&quot;jet_parallax_layout_fx_direction&quot;:null,&quot;jet_parallax_layout_z_index&quot;:&quot;&quot;,&quot;jet_parallax_layout_bg_x&quot;:50,&quot;jet_parallax_layout_bg_x_tablet&quot;:&quot;&quot;,&quot;jet_parallax_layout_bg_x_mobile&quot;:&quot;&quot;,&quot;jet_parallax_layout_bg_y&quot;:50,&quot;jet_parallax_layout_bg_y_tablet&quot;:&quot;&quot;,&quot;jet_parallax_layout_bg_y_mobile&quot;:&quot;&quot;,&quot;jet_parallax_layout_bg_size&quot;:&quot;auto&quot;,&quot;jet_parallax_layout_bg_size_tablet&quot;:&quot;&quot;,&quot;jet_parallax_layout_bg_size_mobile&quot;:&quot;&quot;,&quot;jet_parallax_layout_animation_prop&quot;:&quot;transform&quot;,&quot;jet_parallax_layout_on&quot;:[&quot;desktop&quot;,&quot;tablet&quot;]}]}\">\n\t\t\t\t\t\t<div class=\"elementor-container elementor-column-gap-default\">\n\t\t\t\t\t<div class=\"has_ma_el_bg_slider elementor-column elementor-col-100 elementor-top-column elementor-element elementor-element-d8f9397 jltma-glass-effect-no\" data-id=\"d8f9397\" data-element_type=\"column\" data-e-type=\"column\">\n\t\t\t<div class=\"elementor-widget-wrap elementor-element-populated\">\n\t\t\t\t\t\t<div class=\"elementor-element elementor-element-ab71b3f jltma-glass-effect-no elementor-widget elementor-widget-heading\" data-id=\"ab71b3f\" data-element_type=\"widget\" data-e-type=\"widget\" data-widget_type=\"heading.default\">\n\t\t\t\t<div class=\"elementor-widget-container\">\n\t\t\t\t\t<h1 class=\"elementor-heading-title elementor-size-default\">Planificador de itiner\u00e1rios de entrega<\/h1>\t\t\t\t<\/div>\n\t\t\t\t<\/div>\n\t\t\t\t\t<\/div>\n\t\t<\/div>\n\t\t\t\t\t<\/div>\n\t\t<\/section>\n\t\t\t\t<section class=\"has_ma_el_bg_slider elementor-section elementor-top-section elementor-element elementor-element-9a53e57 elementor-section-boxed elementor-section-height-default elementor-section-height-default jltma-glass-effect-no\" data-id=\"9a53e57\" data-element_type=\"section\" data-e-type=\"section\" data-settings=\"{&quot;jet_parallax_layout_list&quot;:[{&quot;jet_parallax_layout_image&quot;:{&quot;url&quot;:&quot;&quot;,&quot;id&quot;:&quot;&quot;,&quot;size&quot;:&quot;&quot;},&quot;_id&quot;:&quot;c42d9be&quot;,&quot;jet_parallax_layout_image_tablet&quot;:{&quot;url&quot;:&quot;&quot;,&quot;id&quot;:&quot;&quot;,&quot;size&quot;:&quot;&quot;},&quot;jet_parallax_layout_image_mobile&quot;:{&quot;url&quot;:&quot;&quot;,&quot;id&quot;:&quot;&quot;,&quot;size&quot;:&quot;&quot;},&quot;jet_parallax_layout_speed&quot;:{&quot;unit&quot;:&quot;%&quot;,&quot;size&quot;:50,&quot;sizes&quot;:[]},&quot;jet_parallax_layout_type&quot;:&quot;scroll&quot;,&quot;jet_parallax_layout_direction&quot;:null,&quot;jet_parallax_layout_fx_direction&quot;:null,&quot;jet_parallax_layout_z_index&quot;:&quot;&quot;,&quot;jet_parallax_layout_bg_x&quot;:50,&quot;jet_parallax_layout_bg_x_tablet&quot;:&quot;&quot;,&quot;jet_parallax_layout_bg_x_mobile&quot;:&quot;&quot;,&quot;jet_parallax_layout_bg_y&quot;:50,&quot;jet_parallax_layout_bg_y_tablet&quot;:&quot;&quot;,&quot;jet_parallax_layout_bg_y_mobile&quot;:&quot;&quot;,&quot;jet_parallax_layout_bg_size&quot;:&quot;auto&quot;,&quot;jet_parallax_layout_bg_size_tablet&quot;:&quot;&quot;,&quot;jet_parallax_layout_bg_size_mobile&quot;:&quot;&quot;,&quot;jet_parallax_layout_animation_prop&quot;:&quot;transform&quot;,&quot;jet_parallax_layout_on&quot;:[&quot;desktop&quot;,&quot;tablet&quot;]}]}\">\n\t\t\t\t\t\t<div class=\"elementor-container elementor-column-gap-default\">\n\t\t\t\t\t<div class=\"has_ma_el_bg_slider elementor-column elementor-col-100 elementor-top-column elementor-element elementor-element-0f35f0a jltma-glass-effect-no\" data-id=\"0f35f0a\" data-element_type=\"column\" data-e-type=\"column\">\n\t\t\t<div class=\"elementor-widget-wrap elementor-element-populated\">\n\t\t\t\t\t\t<div class=\"elementor-element elementor-element-2972b23 jltma-glass-effect-no elementor-widget elementor-widget-text-editor\" data-id=\"2972b23\" data-element_type=\"widget\" data-e-type=\"widget\" data-widget_type=\"text-editor.default\">\n\t\t\t\t<div class=\"elementor-widget-container\">\n\t\t\t\t\t\t\t\t\t<p>As empresas que t\u00eam a sua pr\u00f3pria distribui\u00e7\u00e3o pretendem entregar as encomendas aos clientes a tempo e reduzir os custos log\u00edsticos. As tarefas habituais de um servi\u00e7o de correio s\u00e3o as seguintes: um operador log\u00edstico recebe as encomendas e distribui os itiner\u00e1rios, um estafeta entrega as encomendas e apresenta um relat\u00f3rio sobre o trabalho. O algoritmo parece simples, mas o operador log\u00edstico tem de ter em conta as janelas de tempo de entrega, o tempo de encontro com o cliente, os engarrafamentos. Tamb\u00e9m \u00e9 necess\u00e1rio controlar os correios e monitorizar a qualidade da entrega. \u00c9 dif\u00edcil lidar com isso manualmente. O planeador de rotas de entrega resolve o problema.<\/p>\n<p>Vamos descobrir o que \u00e9 um planeador de rotas de entrega, as suas vantagens e qual o software mais adequado para si.  <\/p>\n<\/p>\n<h2><strong>O que \u00e9 um planeador de rotas de entrega?<\/strong><\/h2>\n<p>Um planeador de itiner\u00e1rios de entrega \u00e9 um software utilizado para otimizar os itiner\u00e1rios das entregas. O servi\u00e7o de encaminhamento distribui automaticamente centenas de encomendas numa quest\u00e3o de minutos. O operador log\u00edstico passa v\u00e1rias horas a distribuir os itiner\u00e1rios \u00e0 m\u00e3o ou de forma semi-autom\u00e1tica. O tempo n\u00e3o \u00e9 a \u00fanica dor.<\/p>\n<p>Para planear as viagens de correio \u00e0 hora exacta, o operador log\u00edstico deve ter em conta as repara\u00e7\u00f5es das estradas e as previs\u00f5es de congestionamento do tr\u00e1fego, comparar v\u00e1rios itiner\u00e1rios e escolher o melhor. Se n\u00e3o for planeado corretamente, o estafeta chegar\u00e1 mais cedo ou mais tarde. Por vezes, as empresas utilizam ferramentas de planeamento de rotas de entrega que t\u00eam em conta o congestionamento do tr\u00e1fego ou as taxas de congestionamento do tr\u00e1fego de manh\u00e3, \u00e0 noite e \u00e0 tarde. Tendo em conta os engarrafamentos que se verificam aqui e agora, n\u00e3o ser\u00e1 poss\u00edvel planear o itiner\u00e1rio para amanh\u00e3. Se tiver em conta os coeficientes, ter\u00e1 de planear os atrasos.  <\/p>\n<p>O algoritmo analisa cerca de mil milh\u00f5es de combina\u00e7\u00f5es em poucos minutos e fornece a rota ideal. Um especialista em log\u00edstica n\u00e3o pode fazer isso. Esta abordagem reduz o tempo do operador log\u00edstico e reduz o n\u00famero de atrasos a zero.<\/p>\n<p>O melhor de um planeador de itiner\u00e1rios para entregas \u00e9 o facto de n\u00e3o estar limitado a uma empresa espec\u00edfica. O programa pode ser utilizado por:<\/p>\n<ul>\n<li>Empresa de correio r\u00e1pido<\/li>\n<li>Servi\u00e7o de entrega<\/li>\n<li>Correio expresso<\/li>\n<li>Empresa de log\u00edstica<\/li>\n<li>Empresa comercial<\/li>\n<li>Qualquer outra organiza\u00e7\u00e3o<\/li>\n<\/ul>\n<p>Estas empresas podem obter as seguintes duas vantagens principais de um planeador de itiner\u00e1rios de entrega:  <\/p>\n<p><strong>Entrega no prazo de<\/strong> fideliza\u00e7\u00e3o do cliente e convers\u00e3o em pagamento da encomenda em fun\u00e7\u00e3o da rapidez e da exatid\u00e3o da entrega. Por exemplo, um cliente banc\u00e1rio emite uma entrega de cart\u00e3o de cr\u00e9dito para pagar um tratamento com urg\u00eancia. Se o estafeta remarcar a marca\u00e7\u00e3o, existe o risco de o cliente cancelar a entrega e contactar outro banco &#8211; a convers\u00e3o para ativa\u00e7\u00e3o do cart\u00e3o de cr\u00e9dito cair\u00e1. Outro exemplo \u00e9 a entrega de roupa com encaixe. O comprador s\u00f3 paga a encomenda ap\u00f3s a montagem.  <\/p>\n<p>Se planear mal o itiner\u00e1rio, o estafeta chegar\u00e1 atrasado. O algoritmo de encaminhamento tem em conta n\u00e3o s\u00f3 os engarrafamentos e as condi\u00e7\u00f5es da estrada, mas tamb\u00e9m par\u00e2metros comerciais. Como resultado, passa por cerca de um bili\u00e3o de itera\u00e7\u00f5es poss\u00edveis e d\u00e1 o resultado \u00f3timo. Isto reduz e elimina os atrasos, e os clientes podem ainda escolher intervalos de entrega estreitos.  <\/p>\n<p>Estas n\u00e3o s\u00e3o as \u00fanicas op\u00e7\u00f5es. Pode ter em conta as dimens\u00f5es das mercadorias, o hor\u00e1rio de funcionamento do armaz\u00e9m e outras caracter\u00edsticas essenciais para a entrega com uma aplica\u00e7\u00e3o de planeamento de entregas.<\/p>\n<\/p>\n<h3>Planeamento r\u00e1pido<\/h3>\n<p>Em primeiro lugar, o operador log\u00edstico n\u00e3o precisa de utilizar servi\u00e7os diferentes &#8211; constr\u00f3i itiner\u00e1rios e acompanha a execu\u00e7\u00e3o das encomendas numa \u00fanica janela. Isto j\u00e1 est\u00e1 a encurtar o tempo. Em segundo lugar, o operador log\u00edstico n\u00e3o perde tempo a planear. O servi\u00e7o calcula automaticamente os itiner\u00e1rios.  <\/p>\n<p>O servi\u00e7o mostra o itiner\u00e1rio de cada estafeta ou ve\u00edculo, quantas encomendas foram entregues e se existem infrac\u00e7\u00f5es.  <\/p>\n<p>O operador log\u00edstico tamb\u00e9m pode corrigir manualmente as ordens. Isto \u00e9 conveniente se tiverem surgido novas encomendas. Em primeiro lugar, o servi\u00e7o distribui todas as encomendas por todos os estafetas. Se houver um novo pedido, o operador log\u00edstico acrescenta um ponto no final do itiner\u00e1rio para o estafeta que est\u00e1 a caminho. Se redistribuir uma rota automaticamente, todas as rotas ser\u00e3o reconstru\u00eddas, o que \u00e9 inconveniente.<\/p>\n<\/p>\n<h2><strong>Como poupar nos custos de entrega?<\/strong><\/h2>\n<p>Uma aplica\u00e7\u00e3o de planeamento de itiner\u00e1rios de entrega calcula v\u00e1rios itiner\u00e1rios, tendo em conta a previs\u00e3o de engarrafamentos, dados sobre itiner\u00e1rios anteriores, a forma como os estafetas se deslocam e oferece a melhor op\u00e7\u00e3o.<\/p>\n<p>Por exemplo, \u00e9 necess\u00e1rio entregar 750 encomendas amanh\u00e3. Vinte estafetas entregam as encomendas a p\u00e9, dez estafetas entregam as encomendas em transportes p\u00fablicos e cinco estafetas em autom\u00f3vel.  <\/p>\n<p>O operador log\u00edstico v\u00ea o hor\u00e1rio de trabalho dos estafetas e o calend\u00e1rio das encomendas na aplica\u00e7\u00e3o. Tudo o que precisa para distribuir encomendas \u00e9 clicar num bot\u00e3o. O servi\u00e7o de encaminhamento incorporado determinar\u00e1 automaticamente quantas encomendas os empregados podem entregar no momento certo. Se houver muitos estafetas a p\u00e9, ofere\u00e7a-se para entregar o servi\u00e7o a p\u00e9 e n\u00e3o chame os motoristas para que n\u00e3o gastem combust\u00edvel. \u00c9 mais barato assim.<\/p>\n<\/p>\n<h2><strong>Que software de planeamento de rotas de entrega utilizar?<\/strong><\/h2>\n<p>Agora \u00e9 altura de procurar os servi\u00e7os certos. Lembre-se de que existem muitas op\u00e7\u00f5es, mas o planeador de itiner\u00e1rios para motoristas de entregas certo \u00e9 aquele que acrescenta valor real ao seu neg\u00f3cio. Nem todas as plataformas est\u00e3o a oferecer bons servi\u00e7os ao pre\u00e7o certo. Al\u00e9m disso, pode ser dif\u00edcil pagar um pre\u00e7o mais elevado por uma nova empresa.  <\/p>\n<p>Por isso, \u00e9 necess\u00e1rio um pacote que satisfa\u00e7a as necessidades da sua empresa. Eis o que deve ter em conta:  <\/p>\n<ul>\n<li>Pre\u00e7os razo\u00e1veis<\/li>\n<li>Caracter\u00edsticas obrigat\u00f3rias num sistema de expedi\u00e7\u00e3o  <\/li>\n<li>Solu\u00e7\u00f5es simples para todos os tipos de necessidades empresariais  <\/li>\n<li>Um teste gratuito: Inscreva-se para o teste gratuito e veja os resultados voc\u00ea mesmo!  <\/li>\n<\/ul>\n<h2><strong>Porqu\u00ea escolher a Logdio?<\/strong><\/h2>\n<p>A Logdio oferece-lhe a nossa experi\u00eancia no desenvolvimento e implementa\u00e7\u00e3o do planeador de rotas mais r\u00e1pido para gerir processos de entrega, que s\u00e3o utilizados com sucesso por muitos dos nossos clientes.<\/p>\n<p>O Logdio \u00e9 um sistema de conce\u00e7\u00e3o que lhe permite implementar o seu pr\u00f3prio servi\u00e7o de entregas numa empresa, automatizar o trabalho e organizar o controlo total dos estafetas.<\/p>\n<p>Escolha a funcionalidade necess\u00e1ria, determine o n\u00edvel de personaliza\u00e7\u00e3o da interface, inclua no conjunto m\u00f3dulos adicionais e op\u00e7\u00f5es desenvolvidas para a sua empresa. A aplica\u00e7\u00e3o de planeamento de rotas de entrega da Logdio no Reino Unido realizar\u00e1 um ciclo completo de automatiza\u00e7\u00e3o e personaliza\u00e7\u00e3o: desde a an\u00e1lise do neg\u00f3cio at\u00e9 \u00e0 implementa\u00e7\u00e3o.<\/p>\n<p>Consulte a aplica\u00e7\u00e3o de planeamento de percursos de avalia\u00e7\u00e3o gratuita para motoristas de entregas e contacte-nos para obter mais informa\u00e7\u00f5es.  <\/p>\n\t\t\t\t\t\t\t\t<\/div>\n\t\t\t\t<\/div>\n\t\t\t\t\t<\/div>\n\t\t<\/div>\n\t\t\t\t\t<\/div>\n\t\t<\/section>\n\t\t\t\t<\/div>\n\t\t","protected":false},"excerpt":{"rendered":"<p>As empresas que t\u00eam a sua pr\u00f3pria distribui\u00e7\u00e3o pretendem entregar as encomendas aos clientes a tempo e reduzir os custos log\u00edsticos. As tarefas habituais de um servi\u00e7o de correio s\u00e3o as seguintes: um operador log\u00edstico recebe as encomendas e distribui os itiner\u00e1rios, um estafeta entrega as encomendas e apresenta um relat\u00f3rio sobre o trabalho. O [&hellip;]<\/p>\n","protected":false},"author":1,"featured_media":0,"parent":0,"menu_order":0,"comment_status":"closed","ping_status":"closed","template":"elementor_header_footer","meta":{"footnotes":""},"class_list":["post-11325","page","type-page","status-publish","hentry"],"yoast_head":"<!-- This site is optimized with the Yoast SEO plugin v26.8 - https:\/\/yoast.com\/product\/yoast-seo-wordpress\/ -->\n<title>Planificador de itiner\u00e1rios de entrega - Logdio - delivery management tool<\/title>\n<meta name=\"description\" content=\"Aumente a sua produtividade com o planeador de rotas de entrega Logdis. J\u00e1 n\u00e3o precisa de usar o Google Maps. Fornecemos uma aplica\u00e7\u00e3o f\u00e1cil de utilizar para empresas de entregas.\" \/>\n<meta name=\"robots\" content=\"index, follow, max-snippet:-1, max-image-preview:large, max-video-preview:-1\" \/>\n<link rel=\"canonical\" href=\"https:\/\/logdio.com\/pt-pt\/planejador-de-rota-de-entrega\/\" \/>\n<meta property=\"og:locale\" content=\"pt_PT\" \/>\n<meta property=\"og:type\" content=\"article\" \/>\n<meta property=\"og:title\" content=\"Planificador de itiner\u00e1rios de entrega - Logdio - delivery management tool\" \/>\n<meta property=\"og:description\" content=\"Aumente a sua produtividade com o planeador de rotas de entrega Logdis. J\u00e1 n\u00e3o precisa de usar o Google Maps. Fornecemos uma aplica\u00e7\u00e3o f\u00e1cil de utilizar para empresas de entregas.\" \/>\n<meta property=\"og:url\" content=\"https:\/\/logdio.com\/pt-pt\/planejador-de-rota-de-entrega\/\" \/>\n<meta property=\"og:site_name\" content=\"Logdio - delivery management tool\" \/>\n<meta property=\"article:publisher\" content=\"https:\/\/www.facebook.com\/logtime.eu\/\" \/>\n<meta property=\"article:modified_time\" content=\"2023-08-20T21:31:07+00:00\" \/>\n<meta name=\"twitter:card\" content=\"summary_large_image\" \/>\n<meta name=\"twitter:label1\" content=\"Tempo estimado de leitura\" \/>\n\t<meta name=\"twitter:data1\" content=\"6 minutos\" \/>\n<script type=\"application\/ld+json\" class=\"yoast-schema-graph\">{\"@context\":\"https:\/\/schema.org\",\"@graph\":[{\"@type\":\"WebPage\",\"@id\":\"https:\/\/logdio.com\/pt-pt\/planejador-de-rota-de-entrega\/\",\"url\":\"https:\/\/logdio.com\/pt-pt\/planejador-de-rota-de-entrega\/\",\"name\":\"Planificador de itiner\u00e1rios de entrega - Logdio - delivery management tool\",\"isPartOf\":{\"@id\":\"https:\/\/logdio.com\/pt-pt\/#website\"},\"datePublished\":\"2021-08-24T05:21:42+00:00\",\"dateModified\":\"2023-08-20T21:31:07+00:00\",\"description\":\"Aumente a sua produtividade com o planeador de rotas de entrega Logdis. J\u00e1 n\u00e3o precisa de usar o Google Maps. Fornecemos uma aplica\u00e7\u00e3o f\u00e1cil de utilizar para empresas de entregas.\",\"breadcrumb\":{\"@id\":\"https:\/\/logdio.com\/pt-pt\/planejador-de-rota-de-entrega\/#breadcrumb\"},\"inLanguage\":\"pt-PT\",\"potentialAction\":[{\"@type\":\"ReadAction\",\"target\":[\"https:\/\/logdio.com\/pt-pt\/planejador-de-rota-de-entrega\/\"]}]},{\"@type\":\"BreadcrumbList\",\"@id\":\"https:\/\/logdio.com\/pt-pt\/planejador-de-rota-de-entrega\/#breadcrumb\",\"itemListElement\":[{\"@type\":\"ListItem\",\"position\":1,\"name\":\"Home\",\"item\":\"https:\/\/logdio.com\/pt-pt\/pagina-de-desembarque\/\"},{\"@type\":\"ListItem\",\"position\":2,\"name\":\"Planificador de itiner\u00e1rios de entrega\"}]},{\"@type\":\"WebSite\",\"@id\":\"https:\/\/logdio.com\/pt-pt\/#website\",\"url\":\"https:\/\/logdio.com\/pt-pt\/\",\"name\":\"Logdio - delivery management tool\",\"description\":\"Next level delivery management software\",\"publisher\":{\"@id\":\"https:\/\/logdio.com\/pt-pt\/#organization\"},\"potentialAction\":[{\"@type\":\"SearchAction\",\"target\":{\"@type\":\"EntryPoint\",\"urlTemplate\":\"https:\/\/logdio.com\/pt-pt\/?s={search_term_string}\"},\"query-input\":{\"@type\":\"PropertyValueSpecification\",\"valueRequired\":true,\"valueName\":\"search_term_string\"}}],\"inLanguage\":\"pt-PT\"},{\"@type\":\"Organization\",\"@id\":\"https:\/\/logdio.com\/pt-pt\/#organization\",\"name\":\"Logdio\",\"url\":\"https:\/\/logdio.com\/pt-pt\/\",\"logo\":{\"@type\":\"ImageObject\",\"inLanguage\":\"pt-PT\",\"@id\":\"https:\/\/logdio.com\/pt-pt\/#\/schema\/logo\/image\/\",\"url\":\"https:\/\/logdio.com\/wp-content\/uploads\/2021\/05\/Logdio.svg\",\"contentUrl\":\"https:\/\/logdio.com\/wp-content\/uploads\/2021\/05\/Logdio.svg\",\"width\":4.44919,\"height\":1.1285,\"caption\":\"Logdio\"},\"image\":{\"@id\":\"https:\/\/logdio.com\/pt-pt\/#\/schema\/logo\/image\/\"},\"sameAs\":[\"https:\/\/www.facebook.com\/logtime.eu\/\",\"https:\/\/www.linkedin.com\/company\/logtime\"]}]}<\/script>\n<!-- \/ Yoast SEO plugin. -->","yoast_head_json":{"title":"Planificador de itiner\u00e1rios de entrega - Logdio - delivery management tool","description":"Aumente a sua produtividade com o planeador de rotas de entrega Logdis. J\u00e1 n\u00e3o precisa de usar o Google Maps. Fornecemos uma aplica\u00e7\u00e3o f\u00e1cil de utilizar para empresas de entregas.","robots":{"index":"index","follow":"follow","max-snippet":"max-snippet:-1","max-image-preview":"max-image-preview:large","max-video-preview":"max-video-preview:-1"},"canonical":"https:\/\/logdio.com\/pt-pt\/planejador-de-rota-de-entrega\/","og_locale":"pt_PT","og_type":"article","og_title":"Planificador de itiner\u00e1rios de entrega - Logdio - delivery management tool","og_description":"Aumente a sua produtividade com o planeador de rotas de entrega Logdis. J\u00e1 n\u00e3o precisa de usar o Google Maps. Fornecemos uma aplica\u00e7\u00e3o f\u00e1cil de utilizar para empresas de entregas.","og_url":"https:\/\/logdio.com\/pt-pt\/planejador-de-rota-de-entrega\/","og_site_name":"Logdio - delivery management tool","article_publisher":"https:\/\/www.facebook.com\/logtime.eu\/","article_modified_time":"2023-08-20T21:31:07+00:00","twitter_card":"summary_large_image","twitter_misc":{"Tempo estimado de leitura":"6 minutos"},"schema":{"@context":"https:\/\/schema.org","@graph":[{"@type":"WebPage","@id":"https:\/\/logdio.com\/pt-pt\/planejador-de-rota-de-entrega\/","url":"https:\/\/logdio.com\/pt-pt\/planejador-de-rota-de-entrega\/","name":"Planificador de itiner\u00e1rios de entrega - Logdio - delivery management tool","isPartOf":{"@id":"https:\/\/logdio.com\/pt-pt\/#website"},"datePublished":"2021-08-24T05:21:42+00:00","dateModified":"2023-08-20T21:31:07+00:00","description":"Aumente a sua produtividade com o planeador de rotas de entrega Logdis. J\u00e1 n\u00e3o precisa de usar o Google Maps. Fornecemos uma aplica\u00e7\u00e3o f\u00e1cil de utilizar para empresas de entregas.","breadcrumb":{"@id":"https:\/\/logdio.com\/pt-pt\/planejador-de-rota-de-entrega\/#breadcrumb"},"inLanguage":"pt-PT","potentialAction":[{"@type":"ReadAction","target":["https:\/\/logdio.com\/pt-pt\/planejador-de-rota-de-entrega\/"]}]},{"@type":"BreadcrumbList","@id":"https:\/\/logdio.com\/pt-pt\/planejador-de-rota-de-entrega\/#breadcrumb","itemListElement":[{"@type":"ListItem","position":1,"name":"Home","item":"https:\/\/logdio.com\/pt-pt\/pagina-de-desembarque\/"},{"@type":"ListItem","position":2,"name":"Planificador de itiner\u00e1rios de entrega"}]},{"@type":"WebSite","@id":"https:\/\/logdio.com\/pt-pt\/#website","url":"https:\/\/logdio.com\/pt-pt\/","name":"Logdio - delivery management tool","description":"Next level delivery management software","publisher":{"@id":"https:\/\/logdio.com\/pt-pt\/#organization"},"potentialAction":[{"@type":"SearchAction","target":{"@type":"EntryPoint","urlTemplate":"https:\/\/logdio.com\/pt-pt\/?s={search_term_string}"},"query-input":{"@type":"PropertyValueSpecification","valueRequired":true,"valueName":"search_term_string"}}],"inLanguage":"pt-PT"},{"@type":"Organization","@id":"https:\/\/logdio.com\/pt-pt\/#organization","name":"Logdio","url":"https:\/\/logdio.com\/pt-pt\/","logo":{"@type":"ImageObject","inLanguage":"pt-PT","@id":"https:\/\/logdio.com\/pt-pt\/#\/schema\/logo\/image\/","url":"https:\/\/logdio.com\/wp-content\/uploads\/2021\/05\/Logdio.svg","contentUrl":"https:\/\/logdio.com\/wp-content\/uploads\/2021\/05\/Logdio.svg","width":4.44919,"height":1.1285,"caption":"Logdio"},"image":{"@id":"https:\/\/logdio.com\/pt-pt\/#\/schema\/logo\/image\/"},"sameAs":["https:\/\/www.facebook.com\/logtime.eu\/","https:\/\/www.linkedin.com\/company\/logtime"]}]}},"_links":{"self":[{"href":"https:\/\/logdio.com\/pt-pt\/wp-json\/wp\/v2\/pages\/11325","targetHints":{"allow":["GET"]}}],"collection":[{"href":"https:\/\/logdio.com\/pt-pt\/wp-json\/wp\/v2\/pages"}],"about":[{"href":"https:\/\/logdio.com\/pt-pt\/wp-json\/wp\/v2\/types\/page"}],"author":[{"embeddable":true,"href":"https:\/\/logdio.com\/pt-pt\/wp-json\/wp\/v2\/users\/1"}],"replies":[{"embeddable":true,"href":"https:\/\/logdio.com\/pt-pt\/wp-json\/wp\/v2\/comments?post=11325"}],"version-history":[{"count":5,"href":"https:\/\/logdio.com\/pt-pt\/wp-json\/wp\/v2\/pages\/11325\/revisions"}],"predecessor-version":[{"id":27100,"href":"https:\/\/logdio.com\/pt-pt\/wp-json\/wp\/v2\/pages\/11325\/revisions\/27100"}],"wp:attachment":[{"href":"https:\/\/logdio.com\/pt-pt\/wp-json\/wp\/v2\/media?parent=11325"}],"curies":[{"name":"wp","href":"https:\/\/api.w.org\/{rel}","templated":true}]}}