{"id":11321,"date":"2021-08-24T08:21:41","date_gmt":"2021-08-24T05:21:41","guid":{"rendered":"https:\/\/logdio.com\/software-de-planagem-de-rotas\/"},"modified":"2021-09-13T17:11:43","modified_gmt":"2021-09-13T14:11:43","slug":"software-de-planagem-de-rotas","status":"publish","type":"page","link":"https:\/\/logdio.com\/pt-pt\/software-de-planagem-de-rotas\/","title":{"rendered":"Software de planagem de rotas"},"content":{"rendered":"\t\t<div data-elementor-type=\"wp-page\" data-elementor-id=\"11321\" class=\"elementor elementor-11321 elementor-1054\" data-elementor-post-type=\"page\">\n\t\t\t\t\t\t<section class=\"has_ma_el_bg_slider elementor-section elementor-top-section elementor-element elementor-element-aa63506 elementor-section-boxed elementor-section-height-default elementor-section-height-default jltma-glass-effect-no\" data-id=\"aa63506\" data-element_type=\"section\" data-e-type=\"section\" data-settings=\"{&quot;jet_parallax_layout_list&quot;:[{&quot;jet_parallax_layout_image&quot;:{&quot;url&quot;:&quot;&quot;,&quot;id&quot;:&quot;&quot;,&quot;size&quot;:&quot;&quot;},&quot;_id&quot;:&quot;7ffc1ed&quot;,&quot;jet_parallax_layout_image_tablet&quot;:{&quot;url&quot;:&quot;&quot;,&quot;id&quot;:&quot;&quot;,&quot;size&quot;:&quot;&quot;},&quot;jet_parallax_layout_image_mobile&quot;:{&quot;url&quot;:&quot;&quot;,&quot;id&quot;:&quot;&quot;,&quot;size&quot;:&quot;&quot;},&quot;jet_parallax_layout_speed&quot;:{&quot;unit&quot;:&quot;%&quot;,&quot;size&quot;:50,&quot;sizes&quot;:[]},&quot;jet_parallax_layout_type&quot;:&quot;scroll&quot;,&quot;jet_parallax_layout_direction&quot;:null,&quot;jet_parallax_layout_fx_direction&quot;:null,&quot;jet_parallax_layout_z_index&quot;:&quot;&quot;,&quot;jet_parallax_layout_bg_x&quot;:50,&quot;jet_parallax_layout_bg_x_tablet&quot;:&quot;&quot;,&quot;jet_parallax_layout_bg_x_mobile&quot;:&quot;&quot;,&quot;jet_parallax_layout_bg_y&quot;:50,&quot;jet_parallax_layout_bg_y_tablet&quot;:&quot;&quot;,&quot;jet_parallax_layout_bg_y_mobile&quot;:&quot;&quot;,&quot;jet_parallax_layout_bg_size&quot;:&quot;auto&quot;,&quot;jet_parallax_layout_bg_size_tablet&quot;:&quot;&quot;,&quot;jet_parallax_layout_bg_size_mobile&quot;:&quot;&quot;,&quot;jet_parallax_layout_animation_prop&quot;:&quot;transform&quot;,&quot;jet_parallax_layout_on&quot;:[&quot;desktop&quot;,&quot;tablet&quot;]}]}\">\n\t\t\t\t\t\t<div class=\"elementor-container elementor-column-gap-default\">\n\t\t\t\t\t<div class=\"has_ma_el_bg_slider elementor-column elementor-col-100 elementor-top-column elementor-element elementor-element-a5671ee jltma-glass-effect-no\" data-id=\"a5671ee\" data-element_type=\"column\" data-e-type=\"column\">\n\t\t\t<div class=\"elementor-widget-wrap elementor-element-populated\">\n\t\t\t\t\t\t<div class=\"elementor-element elementor-element-293514c jltma-glass-effect-no elementor-widget elementor-widget-heading\" data-id=\"293514c\" data-element_type=\"widget\" data-e-type=\"widget\" data-widget_type=\"heading.default\">\n\t\t\t\t<div class=\"elementor-widget-container\">\n\t\t\t\t\t<h1 class=\"elementor-heading-title elementor-size-default\">Software de planagem de rotas<\/h1>\t\t\t\t<\/div>\n\t\t\t\t<\/div>\n\t\t\t\t\t<\/div>\n\t\t<\/div>\n\t\t\t\t\t<\/div>\n\t\t<\/section>\n\t\t\t\t<section class=\"has_ma_el_bg_slider elementor-section elementor-top-section elementor-element elementor-element-8e5f6e9 elementor-section-boxed elementor-section-height-default elementor-section-height-default jltma-glass-effect-no\" data-id=\"8e5f6e9\" data-element_type=\"section\" data-e-type=\"section\" data-settings=\"{&quot;jet_parallax_layout_list&quot;:[{&quot;jet_parallax_layout_image&quot;:{&quot;url&quot;:&quot;&quot;,&quot;id&quot;:&quot;&quot;,&quot;size&quot;:&quot;&quot;},&quot;_id&quot;:&quot;80a7424&quot;,&quot;jet_parallax_layout_image_tablet&quot;:{&quot;url&quot;:&quot;&quot;,&quot;id&quot;:&quot;&quot;,&quot;size&quot;:&quot;&quot;},&quot;jet_parallax_layout_image_mobile&quot;:{&quot;url&quot;:&quot;&quot;,&quot;id&quot;:&quot;&quot;,&quot;size&quot;:&quot;&quot;},&quot;jet_parallax_layout_speed&quot;:{&quot;unit&quot;:&quot;%&quot;,&quot;size&quot;:50,&quot;sizes&quot;:[]},&quot;jet_parallax_layout_type&quot;:&quot;scroll&quot;,&quot;jet_parallax_layout_direction&quot;:null,&quot;jet_parallax_layout_fx_direction&quot;:null,&quot;jet_parallax_layout_z_index&quot;:&quot;&quot;,&quot;jet_parallax_layout_bg_x&quot;:50,&quot;jet_parallax_layout_bg_x_tablet&quot;:&quot;&quot;,&quot;jet_parallax_layout_bg_x_mobile&quot;:&quot;&quot;,&quot;jet_parallax_layout_bg_y&quot;:50,&quot;jet_parallax_layout_bg_y_tablet&quot;:&quot;&quot;,&quot;jet_parallax_layout_bg_y_mobile&quot;:&quot;&quot;,&quot;jet_parallax_layout_bg_size&quot;:&quot;auto&quot;,&quot;jet_parallax_layout_bg_size_tablet&quot;:&quot;&quot;,&quot;jet_parallax_layout_bg_size_mobile&quot;:&quot;&quot;,&quot;jet_parallax_layout_animation_prop&quot;:&quot;transform&quot;,&quot;jet_parallax_layout_on&quot;:[&quot;desktop&quot;,&quot;tablet&quot;]}]}\">\n\t\t\t\t\t\t<div class=\"elementor-container elementor-column-gap-default\">\n\t\t\t\t\t<div class=\"has_ma_el_bg_slider elementor-column elementor-col-100 elementor-top-column elementor-element elementor-element-d48a05b jltma-glass-effect-no\" data-id=\"d48a05b\" data-element_type=\"column\" data-e-type=\"column\">\n\t\t\t<div class=\"elementor-widget-wrap elementor-element-populated\">\n\t\t\t\t\t\t<div class=\"elementor-element elementor-element-0f9707f jltma-glass-effect-no elementor-widget elementor-widget-text-editor\" data-id=\"0f9707f\" data-element_type=\"widget\" data-e-type=\"widget\" data-widget_type=\"text-editor.default\">\n\t\t\t\t<div class=\"elementor-widget-container\">\n\t\t\t\t\t\t\t\t\t<p>A efici\u00eancia de uma empresa de transportes e log\u00edstica ou de uma frota de ve\u00edculos corporativos depende diretamente da qualidade e rapidez na resolu\u00e7\u00e3o dos problemas de transporte e log\u00edstica. \u00c9 necess\u00e1rio concentrar-se na gest\u00e3o das rotas, elaborar rapidamente documentos de acompanhamento, monitorizar a implementa\u00e7\u00e3o das atribui\u00e7\u00f5es de transportes e analisar a qualidade do trabalho do departamento de transportes.<\/p>\n<p>A resolu\u00e7\u00e3o destas tarefas em modo manual requer uma impressionante equipa de log\u00edstica e despachantes. Ao mesmo tempo, n\u00e3o se excluem erros no trabalho. Uma rota mal constru\u00edda ou documentos preenchidos incorretamente pode levar a quilometragem inativa ou tempo de inatividade de transporte, atrasos nos prazos de entrega e reclama\u00e7\u00f5es dos clientes. Uma forma eficaz de eliminar tais dificuldades \u00e9 usar o Software de Planeamento de Rotas para o planeamento de rotas automatizado e monitorizar o processo de entrega. Um software de otimiza\u00e7\u00e3o de rotas ajuda-o a economizar tempo e a fornecer entregas isentas de erros.  <\/p>\n<\/p>\n<h2><strong>O que \u00e9 a otimiza\u00e7\u00e3o de rotas?<\/strong><\/h2>\n<p>Um software de gest\u00e3o de rotas \u00e9 um sistema com o qual \u00e9 poss\u00edvel planear a entrega e efetivamente construir rotas para o seu pr\u00f3prio ou contratado transporte. Considera v\u00e1rias condi\u00e7\u00f5es, como o carregamento ideal da frota de ve\u00edculos e entrega oportuna de bens aos clientes. Ao mesmo tempo, o software permite-lhe monitorizar o trabalho de motoristas, despachantes e transit\u00e1rios.<\/p>\n<p>Tendo instalado o Software de Planeamento de Rotas, o funcionamento da frota de ve\u00edculos tornar-se-\u00e1 racional, e os custos ser\u00e3o m\u00ednimos. E esta n\u00e3o \u00e9 a \u00fanica vantagem do software de otimiza\u00e7\u00e3o de encaminhamento. Algumas vantagens s\u00e3o:<\/p>\n<ul>\n<li>Condutores sem escr\u00fapulos ser\u00e3o identificados em caso de fraude;<\/li>\n<li>a utiliza\u00e7\u00e3o do autom\u00f3vel para fins pessoais ser\u00e1 impedida;<\/li>\n<li>a seguran\u00e7a rodovi\u00e1ria aumentar\u00e1;<\/li>\n<li>os custos dos combust\u00edveis ser\u00e3o reduzidos tr\u00eas vezes devido \u00e0 aus\u00eancia de drenagens;<\/li>\n<li>o n\u00famero de tempo de inatividade do transporte ser\u00e1 reduzido.<\/li>\n<\/ul>\n<h2><strong>Como funciona a otimiza\u00e7\u00e3o de rotas?<\/strong><\/h2>\n<p>O software de gest\u00e3o de rotas otimiza as rotas utilizando a monitoriza\u00e7\u00e3o por sat\u00e9lite. Esta ferramenta baseada em GLONASS\/GPS \u00e9 adequada para fazer neg\u00f3cios em grandes frotas, log\u00edstica ou empresas de camionagem. Com a ajuda de software instalado num PC, tablet, dispositivo m\u00f3vel, o utilizador obt\u00e9m acesso a informa\u00e7\u00f5es sobre o ve\u00edculo. O programa gera relat\u00f3rios sobre os par\u00e2metros monitorizados do ve\u00edculo, que s\u00e3o guardados em diferentes formatos, e depois usados para analisar e otimizar o funcionamento da frota do ve\u00edculo.  <\/p>\n<\/p>\n<h2><strong>Que software usar para otimiza\u00e7\u00e3o de rotas?<\/strong><\/h2>\n<p>Pode estar a pensar que o software de planeamento de rotas funciona como o Google Maps, mas n\u00e3o \u00e9 verdade. Esta aplica\u00e7\u00e3o simplesmente fornece dire\u00e7\u00f5es do ponto &#8216;1&#8217; ao ponto &#8216;2&#8217;. \u00c9 complicado definir rotas multi-stop. Os utilizadores t\u00eam de introduzir os endere\u00e7os manualmente, o que \u00e9 demorado e propenso a erros.<\/p>\n<p>O baixo custo inicial \u00e9 tentador, mas vai custar-lhe dinheiro a longo prazo. Assim, as aplica\u00e7\u00f5es de navega\u00e7\u00e3o n\u00e3o s\u00e3o a solu\u00e7\u00e3o ideal. Deve utilizar o software de otimiza\u00e7\u00e3o de rotas especialmente concebido para este fim.  <\/p>\n<\/p>\n<h2><strong>Porqu\u00ea escolher o Logdio?<\/strong><\/h2>\n<p>O Logdio \u00e9 um software de planeamento de entregas projetado para empresas com um grande n\u00famero de encomendas, ve\u00edculos, bem como com requisitos complexos para o processo de entrega.<\/p>\n<p>Distribui de forma r\u00e1pida e autom\u00e1tica aplica\u00e7\u00f5es entre artistas int\u00e9rpretes e executantes, tendo em conta os requisitos para cada remessa. O software realiza de forma independente o planeamento do transporte, simplificando o trabalho do pessoal. Agora os seus log\u00edsticos s\u00e3o vers\u00e1teis: podem trabalhar em locais anteriormente desconhecidos e, portanto, com v\u00e1rios centros de distribui\u00e7\u00e3o. Devido a uma aplica\u00e7\u00e3o m\u00f3vel com uma fun\u00e7\u00e3o de navega\u00e7\u00e3o, os condutores s\u00e3o permut\u00e1veis, uma vez que n\u00e3o precisam de ter um conhecimento perfeito da \u00e1rea de entrega.<\/p>\n<\/p>\n<p>Por <a href=\"https:\/\/logdio.com\/pt-pt\/\">isso, selecione-nos<\/a> para monitoriza\u00e7\u00e3o de ve\u00edculos e gest\u00e3o de rotas. Gostar\u00edamos de lhe prestar um servi\u00e7o de qualidade.<\/p>\n<\/p><\/p>\n\t\t\t\t\t\t\t\t<\/div>\n\t\t\t\t<\/div>\n\t\t\t\t\t<\/div>\n\t\t<\/div>\n\t\t\t\t\t<\/div>\n\t\t<\/section>\n\t\t\t\t<\/div>\n\t\t","protected":false},"excerpt":{"rendered":"<p>A efici\u00eancia de uma empresa de transportes e log\u00edstica ou de uma frota de ve\u00edculos corporativos depende diretamente da qualidade e rapidez na resolu\u00e7\u00e3o dos problemas de transporte e log\u00edstica. \u00c9 necess\u00e1rio concentrar-se na gest\u00e3o das rotas, elaborar rapidamente documentos de acompanhamento, monitorizar a implementa\u00e7\u00e3o das atribui\u00e7\u00f5es de transportes e analisar a qualidade do trabalho [&hellip;]<\/p>\n","protected":false},"author":1,"featured_media":0,"parent":0,"menu_order":0,"comment_status":"closed","ping_status":"closed","template":"elementor_header_footer","meta":{"footnotes":""},"class_list":["post-11321","page","type-page","status-publish","hentry"],"yoast_head":"<!-- This site is optimized with the Yoast SEO plugin v26.8 - https:\/\/yoast.com\/product\/yoast-seo-wordpress\/ -->\n<title>Software de planagem de rotas - Logdio - delivery management tool<\/title>\n<meta name=\"description\" content=\"N\u00e3o h\u00e1 mais cria\u00e7\u00e3o de rotas usando folhas de c\u00e1lculo, quadros e mapas do Google. Crie e otimize todas as rotas para o dia com facilidade.\" \/>\n<meta name=\"robots\" content=\"index, follow, max-snippet:-1, max-image-preview:large, max-video-preview:-1\" \/>\n<link rel=\"canonical\" href=\"https:\/\/logdio.com\/pt-pt\/software-de-planagem-de-rotas\/\" \/>\n<meta property=\"og:locale\" content=\"pt_PT\" \/>\n<meta property=\"og:type\" content=\"article\" \/>\n<meta property=\"og:title\" content=\"Software de planagem de rotas - Logdio - delivery management tool\" \/>\n<meta property=\"og:description\" content=\"N\u00e3o h\u00e1 mais cria\u00e7\u00e3o de rotas usando folhas de c\u00e1lculo, quadros e mapas do Google. Crie e otimize todas as rotas para o dia com facilidade.\" \/>\n<meta property=\"og:url\" content=\"https:\/\/logdio.com\/pt-pt\/software-de-planagem-de-rotas\/\" \/>\n<meta property=\"og:site_name\" content=\"Logdio - delivery management tool\" \/>\n<meta property=\"article:publisher\" content=\"https:\/\/www.facebook.com\/logtime.eu\/\" \/>\n<meta property=\"article:modified_time\" content=\"2021-09-13T14:11:43+00:00\" \/>\n<meta name=\"twitter:card\" content=\"summary_large_image\" \/>\n<meta name=\"twitter:label1\" content=\"Tempo estimado de leitura\" \/>\n\t<meta name=\"twitter:data1\" content=\"4 minutos\" \/>\n<script type=\"application\/ld+json\" class=\"yoast-schema-graph\">{\"@context\":\"https:\/\/schema.org\",\"@graph\":[{\"@type\":\"WebPage\",\"@id\":\"https:\/\/logdio.com\/pt-pt\/software-de-planagem-de-rotas\/\",\"url\":\"https:\/\/logdio.com\/pt-pt\/software-de-planagem-de-rotas\/\",\"name\":\"Software de planagem de rotas - Logdio - delivery management tool\",\"isPartOf\":{\"@id\":\"https:\/\/logdio.com\/pt-pt\/#website\"},\"datePublished\":\"2021-08-24T05:21:41+00:00\",\"dateModified\":\"2021-09-13T14:11:43+00:00\",\"description\":\"N\u00e3o h\u00e1 mais cria\u00e7\u00e3o de rotas usando folhas de c\u00e1lculo, quadros e mapas do Google. Crie e otimize todas as rotas para o dia com facilidade.\",\"breadcrumb\":{\"@id\":\"https:\/\/logdio.com\/pt-pt\/software-de-planagem-de-rotas\/#breadcrumb\"},\"inLanguage\":\"pt-PT\",\"potentialAction\":[{\"@type\":\"ReadAction\",\"target\":[\"https:\/\/logdio.com\/pt-pt\/software-de-planagem-de-rotas\/\"]}]},{\"@type\":\"BreadcrumbList\",\"@id\":\"https:\/\/logdio.com\/pt-pt\/software-de-planagem-de-rotas\/#breadcrumb\",\"itemListElement\":[{\"@type\":\"ListItem\",\"position\":1,\"name\":\"Home\",\"item\":\"https:\/\/logdio.com\/pt-pt\/pagina-de-desembarque\/\"},{\"@type\":\"ListItem\",\"position\":2,\"name\":\"Software de planagem de rotas\"}]},{\"@type\":\"WebSite\",\"@id\":\"https:\/\/logdio.com\/pt-pt\/#website\",\"url\":\"https:\/\/logdio.com\/pt-pt\/\",\"name\":\"Logdio - delivery management tool\",\"description\":\"Next level delivery management software\",\"publisher\":{\"@id\":\"https:\/\/logdio.com\/pt-pt\/#organization\"},\"potentialAction\":[{\"@type\":\"SearchAction\",\"target\":{\"@type\":\"EntryPoint\",\"urlTemplate\":\"https:\/\/logdio.com\/pt-pt\/?s={search_term_string}\"},\"query-input\":{\"@type\":\"PropertyValueSpecification\",\"valueRequired\":true,\"valueName\":\"search_term_string\"}}],\"inLanguage\":\"pt-PT\"},{\"@type\":\"Organization\",\"@id\":\"https:\/\/logdio.com\/pt-pt\/#organization\",\"name\":\"Logdio\",\"url\":\"https:\/\/logdio.com\/pt-pt\/\",\"logo\":{\"@type\":\"ImageObject\",\"inLanguage\":\"pt-PT\",\"@id\":\"https:\/\/logdio.com\/pt-pt\/#\/schema\/logo\/image\/\",\"url\":\"https:\/\/logdio.com\/wp-content\/uploads\/2021\/05\/Logdio.svg\",\"contentUrl\":\"https:\/\/logdio.com\/wp-content\/uploads\/2021\/05\/Logdio.svg\",\"width\":4.44919,\"height\":1.1285,\"caption\":\"Logdio\"},\"image\":{\"@id\":\"https:\/\/logdio.com\/pt-pt\/#\/schema\/logo\/image\/\"},\"sameAs\":[\"https:\/\/www.facebook.com\/logtime.eu\/\",\"https:\/\/www.linkedin.com\/company\/logtime\"]}]}<\/script>\n<!-- \/ Yoast SEO plugin. -->","yoast_head_json":{"title":"Software de planagem de rotas - Logdio - delivery management tool","description":"N\u00e3o h\u00e1 mais cria\u00e7\u00e3o de rotas usando folhas de c\u00e1lculo, quadros e mapas do Google. Crie e otimize todas as rotas para o dia com facilidade.","robots":{"index":"index","follow":"follow","max-snippet":"max-snippet:-1","max-image-preview":"max-image-preview:large","max-video-preview":"max-video-preview:-1"},"canonical":"https:\/\/logdio.com\/pt-pt\/software-de-planagem-de-rotas\/","og_locale":"pt_PT","og_type":"article","og_title":"Software de planagem de rotas - Logdio - delivery management tool","og_description":"N\u00e3o h\u00e1 mais cria\u00e7\u00e3o de rotas usando folhas de c\u00e1lculo, quadros e mapas do Google. Crie e otimize todas as rotas para o dia com facilidade.","og_url":"https:\/\/logdio.com\/pt-pt\/software-de-planagem-de-rotas\/","og_site_name":"Logdio - delivery management tool","article_publisher":"https:\/\/www.facebook.com\/logtime.eu\/","article_modified_time":"2021-09-13T14:11:43+00:00","twitter_card":"summary_large_image","twitter_misc":{"Tempo estimado de leitura":"4 minutos"},"schema":{"@context":"https:\/\/schema.org","@graph":[{"@type":"WebPage","@id":"https:\/\/logdio.com\/pt-pt\/software-de-planagem-de-rotas\/","url":"https:\/\/logdio.com\/pt-pt\/software-de-planagem-de-rotas\/","name":"Software de planagem de rotas - Logdio - delivery management tool","isPartOf":{"@id":"https:\/\/logdio.com\/pt-pt\/#website"},"datePublished":"2021-08-24T05:21:41+00:00","dateModified":"2021-09-13T14:11:43+00:00","description":"N\u00e3o h\u00e1 mais cria\u00e7\u00e3o de rotas usando folhas de c\u00e1lculo, quadros e mapas do Google. Crie e otimize todas as rotas para o dia com facilidade.","breadcrumb":{"@id":"https:\/\/logdio.com\/pt-pt\/software-de-planagem-de-rotas\/#breadcrumb"},"inLanguage":"pt-PT","potentialAction":[{"@type":"ReadAction","target":["https:\/\/logdio.com\/pt-pt\/software-de-planagem-de-rotas\/"]}]},{"@type":"BreadcrumbList","@id":"https:\/\/logdio.com\/pt-pt\/software-de-planagem-de-rotas\/#breadcrumb","itemListElement":[{"@type":"ListItem","position":1,"name":"Home","item":"https:\/\/logdio.com\/pt-pt\/pagina-de-desembarque\/"},{"@type":"ListItem","position":2,"name":"Software de planagem de rotas"}]},{"@type":"WebSite","@id":"https:\/\/logdio.com\/pt-pt\/#website","url":"https:\/\/logdio.com\/pt-pt\/","name":"Logdio - delivery management tool","description":"Next level delivery management software","publisher":{"@id":"https:\/\/logdio.com\/pt-pt\/#organization"},"potentialAction":[{"@type":"SearchAction","target":{"@type":"EntryPoint","urlTemplate":"https:\/\/logdio.com\/pt-pt\/?s={search_term_string}"},"query-input":{"@type":"PropertyValueSpecification","valueRequired":true,"valueName":"search_term_string"}}],"inLanguage":"pt-PT"},{"@type":"Organization","@id":"https:\/\/logdio.com\/pt-pt\/#organization","name":"Logdio","url":"https:\/\/logdio.com\/pt-pt\/","logo":{"@type":"ImageObject","inLanguage":"pt-PT","@id":"https:\/\/logdio.com\/pt-pt\/#\/schema\/logo\/image\/","url":"https:\/\/logdio.com\/wp-content\/uploads\/2021\/05\/Logdio.svg","contentUrl":"https:\/\/logdio.com\/wp-content\/uploads\/2021\/05\/Logdio.svg","width":4.44919,"height":1.1285,"caption":"Logdio"},"image":{"@id":"https:\/\/logdio.com\/pt-pt\/#\/schema\/logo\/image\/"},"sameAs":["https:\/\/www.facebook.com\/logtime.eu\/","https:\/\/www.linkedin.com\/company\/logtime"]}]}},"_links":{"self":[{"href":"https:\/\/logdio.com\/pt-pt\/wp-json\/wp\/v2\/pages\/11321","targetHints":{"allow":["GET"]}}],"collection":[{"href":"https:\/\/logdio.com\/pt-pt\/wp-json\/wp\/v2\/pages"}],"about":[{"href":"https:\/\/logdio.com\/pt-pt\/wp-json\/wp\/v2\/types\/page"}],"author":[{"embeddable":true,"href":"https:\/\/logdio.com\/pt-pt\/wp-json\/wp\/v2\/users\/1"}],"replies":[{"embeddable":true,"href":"https:\/\/logdio.com\/pt-pt\/wp-json\/wp\/v2\/comments?post=11321"}],"version-history":[{"count":3,"href":"https:\/\/logdio.com\/pt-pt\/wp-json\/wp\/v2\/pages\/11321\/revisions"}],"predecessor-version":[{"id":11602,"href":"https:\/\/logdio.com\/pt-pt\/wp-json\/wp\/v2\/pages\/11321\/revisions\/11602"}],"wp:attachment":[{"href":"https:\/\/logdio.com\/pt-pt\/wp-json\/wp\/v2\/media?parent=11321"}],"curies":[{"name":"wp","href":"https:\/\/api.w.org\/{rel}","templated":true}]}}