{"id":10809,"date":"2021-08-24T08:17:46","date_gmt":"2021-08-24T05:17:46","guid":{"rendered":"https:\/\/logdio.com\/comprovativo-de-entrega\/"},"modified":"2021-09-13T17:11:43","modified_gmt":"2021-09-13T14:11:43","slug":"comprovativo-de-entrega","status":"publish","type":"page","link":"https:\/\/logdio.com\/pt-pt\/comprovativo-de-entrega\/","title":{"rendered":"Comprovativo de entrega"},"content":{"rendered":"\t\t<div data-elementor-type=\"wp-page\" data-elementor-id=\"10809\" class=\"elementor elementor-10809 elementor-1053\" data-elementor-post-type=\"page\">\n\t\t\t\t\t\t<section class=\"has_ma_el_bg_slider elementor-section elementor-top-section elementor-element elementor-element-0fecb16 elementor-section-boxed elementor-section-height-default elementor-section-height-default jltma-glass-effect-no\" data-id=\"0fecb16\" data-element_type=\"section\" data-e-type=\"section\" data-settings=\"{&quot;jet_parallax_layout_list&quot;:[{&quot;jet_parallax_layout_image&quot;:{&quot;url&quot;:&quot;&quot;,&quot;id&quot;:&quot;&quot;,&quot;size&quot;:&quot;&quot;},&quot;_id&quot;:&quot;26d3bd4&quot;,&quot;jet_parallax_layout_image_tablet&quot;:{&quot;url&quot;:&quot;&quot;,&quot;id&quot;:&quot;&quot;,&quot;size&quot;:&quot;&quot;},&quot;jet_parallax_layout_image_mobile&quot;:{&quot;url&quot;:&quot;&quot;,&quot;id&quot;:&quot;&quot;,&quot;size&quot;:&quot;&quot;},&quot;jet_parallax_layout_speed&quot;:{&quot;unit&quot;:&quot;%&quot;,&quot;size&quot;:50,&quot;sizes&quot;:[]},&quot;jet_parallax_layout_type&quot;:&quot;scroll&quot;,&quot;jet_parallax_layout_direction&quot;:null,&quot;jet_parallax_layout_fx_direction&quot;:null,&quot;jet_parallax_layout_z_index&quot;:&quot;&quot;,&quot;jet_parallax_layout_bg_x&quot;:50,&quot;jet_parallax_layout_bg_x_tablet&quot;:&quot;&quot;,&quot;jet_parallax_layout_bg_x_mobile&quot;:&quot;&quot;,&quot;jet_parallax_layout_bg_y&quot;:50,&quot;jet_parallax_layout_bg_y_tablet&quot;:&quot;&quot;,&quot;jet_parallax_layout_bg_y_mobile&quot;:&quot;&quot;,&quot;jet_parallax_layout_bg_size&quot;:&quot;auto&quot;,&quot;jet_parallax_layout_bg_size_tablet&quot;:&quot;&quot;,&quot;jet_parallax_layout_bg_size_mobile&quot;:&quot;&quot;,&quot;jet_parallax_layout_animation_prop&quot;:&quot;transform&quot;,&quot;jet_parallax_layout_on&quot;:[&quot;desktop&quot;,&quot;tablet&quot;]}]}\">\n\t\t\t\t\t\t<div class=\"elementor-container elementor-column-gap-default\">\n\t\t\t\t\t<div class=\"has_ma_el_bg_slider elementor-column elementor-col-100 elementor-top-column elementor-element elementor-element-9bbe2b6 jltma-glass-effect-no\" data-id=\"9bbe2b6\" data-element_type=\"column\" data-e-type=\"column\">\n\t\t\t<div class=\"elementor-widget-wrap elementor-element-populated\">\n\t\t\t\t\t\t<div class=\"elementor-element elementor-element-93204c4 jltma-glass-effect-no elementor-widget elementor-widget-heading\" data-id=\"93204c4\" data-element_type=\"widget\" data-e-type=\"widget\" data-widget_type=\"heading.default\">\n\t\t\t\t<div class=\"elementor-widget-container\">\n\t\t\t\t\t<h1 class=\"elementor-heading-title elementor-size-default\">Comprovativo de Entrega<\/h1>\t\t\t\t<\/div>\n\t\t\t\t<\/div>\n\t\t\t\t\t<\/div>\n\t\t<\/div>\n\t\t\t\t\t<\/div>\n\t\t<\/section>\n\t\t\t\t<section class=\"has_ma_el_bg_slider elementor-section elementor-top-section elementor-element elementor-element-ffa49c8 elementor-section-boxed elementor-section-height-default elementor-section-height-default jltma-glass-effect-no\" data-id=\"ffa49c8\" data-element_type=\"section\" data-e-type=\"section\" data-settings=\"{&quot;jet_parallax_layout_list&quot;:[{&quot;jet_parallax_layout_image&quot;:{&quot;url&quot;:&quot;&quot;,&quot;id&quot;:&quot;&quot;,&quot;size&quot;:&quot;&quot;},&quot;_id&quot;:&quot;883b2bc&quot;,&quot;jet_parallax_layout_image_tablet&quot;:{&quot;url&quot;:&quot;&quot;,&quot;id&quot;:&quot;&quot;,&quot;size&quot;:&quot;&quot;},&quot;jet_parallax_layout_image_mobile&quot;:{&quot;url&quot;:&quot;&quot;,&quot;id&quot;:&quot;&quot;,&quot;size&quot;:&quot;&quot;},&quot;jet_parallax_layout_speed&quot;:{&quot;unit&quot;:&quot;%&quot;,&quot;size&quot;:50,&quot;sizes&quot;:[]},&quot;jet_parallax_layout_type&quot;:&quot;scroll&quot;,&quot;jet_parallax_layout_direction&quot;:null,&quot;jet_parallax_layout_fx_direction&quot;:null,&quot;jet_parallax_layout_z_index&quot;:&quot;&quot;,&quot;jet_parallax_layout_bg_x&quot;:50,&quot;jet_parallax_layout_bg_x_tablet&quot;:&quot;&quot;,&quot;jet_parallax_layout_bg_x_mobile&quot;:&quot;&quot;,&quot;jet_parallax_layout_bg_y&quot;:50,&quot;jet_parallax_layout_bg_y_tablet&quot;:&quot;&quot;,&quot;jet_parallax_layout_bg_y_mobile&quot;:&quot;&quot;,&quot;jet_parallax_layout_bg_size&quot;:&quot;auto&quot;,&quot;jet_parallax_layout_bg_size_tablet&quot;:&quot;&quot;,&quot;jet_parallax_layout_bg_size_mobile&quot;:&quot;&quot;,&quot;jet_parallax_layout_animation_prop&quot;:&quot;transform&quot;,&quot;jet_parallax_layout_on&quot;:[&quot;desktop&quot;,&quot;tablet&quot;]}]}\">\n\t\t\t\t\t\t<div class=\"elementor-container elementor-column-gap-default\">\n\t\t\t\t\t<div class=\"has_ma_el_bg_slider elementor-column elementor-col-100 elementor-top-column elementor-element elementor-element-bf6b3b9 jltma-glass-effect-no\" data-id=\"bf6b3b9\" data-element_type=\"column\" data-e-type=\"column\">\n\t\t\t<div class=\"elementor-widget-wrap elementor-element-populated\">\n\t\t\t\t\t\t<div class=\"elementor-element elementor-element-5d3d529 jltma-glass-effect-no elementor-widget elementor-widget-text-editor\" data-id=\"5d3d529\" data-element_type=\"widget\" data-e-type=\"widget\" data-widget_type=\"text-editor.default\">\n\t\t\t\t<div class=\"elementor-widget-container\">\n\t\t\t\t\t\t\t\t\t<p>Hoje em dia as entregas de encomendas est\u00e3o a ficar cada vez mais r\u00e1pidas. O aumento do n\u00famero de entregas e as expectativas crescentes dos clientes multiplicam a press\u00e3o sobre as empresas. \u00c0s vezes os clientes encomendam um produto, mas chega tarde ou n\u00e3o. Mesmo quando a entrega corre sem problemas, recebem bens danificados. Nestas situa\u00e7\u00f5es, <strong>a Prova de Entrega<\/strong> (tamb\u00e9m conhecida como POD) proporciona tranquilidade aos seus clientes de que receberam o que pagaram em perfeitas condi\u00e7\u00f5es.<\/p>\n<p>Assim, qualquer empresa cuja reputa\u00e7\u00e3o depende da rapidez e qualidade da entrega de um produto ou servi\u00e7o deve prestar especial aten\u00e7\u00e3o \u00e0 Prova de Entrega. Ir\u00e1 satisfazer a experi\u00eancia de entrega tanto para o cliente como para o neg\u00f3cio.<\/p>\n<\/p>\n<h2><strong>O que \u00e9 a prova da entrega?<\/strong><\/h2>\n<p>A prova de entrega \u00e9 um reconhecimento de que a encomenda chegou ao local pretendido com sucesso. Se voc\u00ea tem um neg\u00f3cio de entrega de comida, log\u00edstica, B2B ou eCommerce, POD \u00e9 a melhor op\u00e7\u00e3o para voc\u00ea. Mas n\u00e3o se limita apenas a estes dois riachos; tamb\u00e9m pode us\u00e1-lo para mostrar que o servi\u00e7o foi conclu\u00eddo. \u00c9 por isso que o POD tamb\u00e9m \u00e9 conhecido como Prova de Conclus\u00e3o (POC).<\/p>\n<p>O POD est\u00e1 dispon\u00edvel em duas formas:<\/p>\n<h3><strong>1. <\/strong> <strong>C\u00c1PSULA de papel:<\/strong> <\/h3>\n<p>Um POD de papel \u00e9 um documento f\u00edsico que funciona como recibo. Os clientes assinam um POD de papel quando recebem um produto ou um servi\u00e7o.<\/p>\n<h3><strong>2. <\/strong> <strong>POD eletr\u00f3nico:<\/strong> <\/h3>\n<p>Hoje em dia, os clientes est\u00e3o mais familiarizados com o POD eletr\u00f3nico. Longe v\u00e3o os dias em que as empresas tiveram de esperar que os condutores de entregas regressassem com PODs em papel ou ligassem aos clientes para verificar o estado da entrega. Na prova electr\u00f3nica de entrega do POD, os clientes fornecem sinais eletr\u00f3nicos enquanto recebem os seus produtos. Tanto o cliente como o remetente podem receber atualiza\u00e7\u00f5es instant\u00e2neas sobre a entrega quando s\u00e3o feitas com sucesso.<\/p>\n<p>O POD de papel pode perder-se ou ficar danificado facilmente. Com o POD eletr\u00f3nico, n\u00e3o h\u00e1 necessidade de manter registos em papel para confirmar a entrega. Por isso, reduziu os esfor\u00e7os manuais e tornou as coisas mais simples.<\/p>\n<\/p>\n<h2><strong>O que importa?<\/strong><\/h2>\n<p>Pod importa por v\u00e1rias raz\u00f5es:<\/p>\n<h3><strong>1. <\/strong> <strong>Entrega segura de documentos importantes<\/strong><\/h3>\n<p>Quando pretende enviar documentos importantes (certid\u00e3o de casamento original, certid\u00e3o de nascimento, passaporte), o POD torna-se essencial. Com a ajuda desta ferramenta avan\u00e7ada, os seus documentos ser\u00e3o entregues no local certo e nas autoridades competentes. Assim, se os documentos forem perdidos, pode rastrear facilmente onde ocorreu o erro.<\/p>\n<h3><strong>2. <\/strong> <strong>Completa a Cadeia de Cust\u00f3dia:<\/strong><\/h3>\n<p>A responsabilidade \u00e9 essencial nas entregas B2B, mesmo que o pacote chegou ao seu destino. A POD completa a cadeia de cust\u00f3dia e assegura-se de que as mercadorias s\u00e3o entregues ao destinat\u00e1rio certo. Este servi\u00e7o \u00e9 mais ben\u00e9fico quando \u00e9 necess\u00e1rio entregar produtos a empresas multi-departamdas.<\/p>\n<h3><strong>3. <\/strong> <strong>Previne lit\u00edgios<\/strong> <\/h3>\n<p>O POD fornece intera\u00e7\u00e3o sem contacto se os clientes n\u00e3o estiverem em casa. Esta op\u00e7\u00e3o impede disputas entre clientes e fornecedores porque o condutor vai tirar a foto para mostrar provas de que o item chegou \u00e0 morada do comprador. O POD permite receber a confirma\u00e7\u00e3o de que a encomenda foi aceite pelo cliente devido \u00e0 assinatura eletr\u00f3nica do cliente no ecr\u00e3 do smartphone do estafeta, bem como fotografar o facto de entregar a encomenda. A utiliza\u00e7\u00e3o do mecanismo de fotofixa\u00e7\u00e3o tamb\u00e9m lhe permitir\u00e1 resolver rapidamente a situa\u00e7\u00e3o em caso de danos\/casamento de bens. Desta forma, o POD mant\u00e9m o pessoal de entrega protegido contra coment\u00e1rios negativos ou alega\u00e7\u00f5es falsas do cliente.<\/p>\n<h3><strong>4. <\/strong> <strong>Reduz duplicados, fraudes e pagamentos em atraso<\/strong><\/h3>\n<p>Al\u00e9m disso, o POD ajuda a reduzir os incidentes de fraude, itens duplicados e taxas de pagamento tardias cobradas pelos vendedores pelos produtos ainda n\u00e3o entregues.<\/p>\n<h3><strong>5. <\/strong> <strong>Aumenta a rastreabilidade<\/strong><\/h3>\n<p>Um sistema eletr\u00f3nico de POD proporciona transpar\u00eancia, aumentando a rastreabilidade do envio em toda a sua cadeia de fornecimento. Permite um acompanhamento melhorado do progresso da entrega, facilitando \u00e0s empresas identificar os problemas de entrega relevantes antes de se tornarem passivos significativos.<\/p>\n<h3><strong>6. <\/strong> <strong>Aumenta a precis\u00e3o das exist\u00eancias:<\/strong><\/h3>\n<p>Com a prova de entrega, as empresas mant\u00eam-se organizadas e mant\u00eam um registo de entregas e devolu\u00e7\u00f5es bem-sucedidas. Isto ajuda a equipa de armaz\u00e9ns a gerir melhor os n\u00edveis de stock e a aumentar a precis\u00e3o das a\u00e7\u00f5es.<\/p>\n<h3><strong>7. <\/strong> <strong>Ajuda a monitorizar o progresso da entrega<\/strong><\/h3>\n<p>O POD Eletr\u00f3nico simplifica os processos de entrega oferecendo uma funcionalidade de progress\u00e3o da entrega de monitoriza\u00e7\u00e3o. Quando um motorista estiver no campo, vai provar que parou para fazer a entrega. Assim, pode melhorar as opera\u00e7\u00f5es gerais fora do campo e no campo com POD eletr\u00f3nico.<\/p>\n<h3><strong>8. <\/strong> <strong>Melhora a experi\u00eancia do cliente<\/strong><\/h3>\n<p>Os clientes t\u00eam uma vasta gama de op\u00e7\u00f5es de compra. As empresas que oferecem uma experi\u00eancia personalizada e fi\u00e1vel ganham a parte do le\u00e3o da lealdade dos seus clientes. O POD ajuda a melhorar o atendimento ao cliente e a melhorar as experi\u00eancias do cliente. Pode construir a fideliza\u00e7\u00e3o do cliente, melhorar a imagem de marca da sua empresa e aumentar a taxa de reten\u00e7\u00e3o de clientes.<\/p>\n<h3><strong>9. <\/strong> <strong>Poupa tempo<\/strong><\/h3>\n<p>Vivemos no s\u00e9culo XXI h\u00e1 muito tempo, e \u00e9 inaceit\u00e1vel que muitos compradores esperem por um mensageiro durante o dia. Com base em informa\u00e7\u00f5es do sistema de planeamento e controlo do movimento dos correios, pode informar automaticamente os clientes sobre o prazo de entrega!<\/p>\n<\/p>\n<h2><strong>Porqu\u00ea escolher o sistema Logdis POD?<\/strong><\/h2>\n<p>As quest\u00f5es de entrega s\u00e3o talvez a raz\u00e3o mais comum para cr\u00edticas negativas e negatividade sobre uma loja. E vice-versa, entrega r\u00e1pida, n\u00e3o h\u00e1 necessidade de esperar por um estafeta durante o dia, informando sobre o progresso da entrega &#8211; criar uma boa impress\u00e3o e fazer do cliente um regular. Tal cliente ter\u00e1 todo o gosto em regressar, recomendar a loja a amigos e colegas, escrever coment\u00e1rios positivos online. O sistema LOGdis POD contribui para alcan\u00e7ar este objetivo.<\/p>\n<p>Estamos a falar do servi\u00e7o online logdio.com, o que simplifica muito a gest\u00e3o dos correios e reduz o tempo de espera do cliente. Al\u00e9m disso, torna transparente a informa\u00e7\u00e3o sobre o estado de entrega de cada encomenda, n\u00e3o s\u00f3 para o gestor de entregas mas, se desejar, para os clientes.<\/p>\n<p>Este software cont\u00e9m toda a informa\u00e7\u00e3o sobre encomendas, clientes, bens, pagamentos, etc. A esta\u00e7\u00e3o de trabalho do administrador permite-lhe ver a localiza\u00e7\u00e3o dos correios e encomendas no mapa, para receber uma previs\u00e3o sobre a hora de chegada do estafeta ao cliente.<\/p>\n<p>Estamos interessados em feedback, recomenda\u00e7\u00f5es e desejos que nos permitir\u00e3o fazer do servi\u00e7o uma ferramenta conveniente e valiosa. Se estiver interessado em implementar um POD comprovativo de entrega no seu neg\u00f3cio, <a href=\"https:\/\/logdio.com\/pt-pt\/comprovativo-de-entrega\/\">compre os nossos servi\u00e7os.<\/a><\/p><\/p>\n\t\t\t\t\t\t\t\t<\/div>\n\t\t\t\t<\/div>\n\t\t\t\t\t<\/div>\n\t\t<\/div>\n\t\t\t\t\t<\/div>\n\t\t<\/section>\n\t\t\t\t<\/div>\n\t\t","protected":false},"excerpt":{"rendered":"<p>Comprovativo de Entrega Hoje em dia as entregas de encomendas est\u00e3o a ficar cada vez mais r\u00e1pidas. O aumento do n\u00famero de entregas e as expectativas crescentes dos clientes multiplicam a press\u00e3o sobre as empresas. \u00c0s vezes os clientes encomendam um produto, mas chega tarde ou n\u00e3o. Mesmo quando a entrega corre sem problemas, recebem [&hellip;]<\/p>\n","protected":false},"author":1,"featured_media":0,"parent":0,"menu_order":0,"comment_status":"closed","ping_status":"closed","template":"elementor_header_footer","meta":{"footnotes":""},"class_list":["post-10809","page","type-page","status-publish","hentry"],"yoast_head":"<!-- This site is optimized with the Yoast SEO plugin v26.8 - https:\/\/yoast.com\/product\/yoast-seo-wordpress\/ -->\n<title>Comprovativo de entrega - Logdio - delivery management tool<\/title>\n<meta name=\"description\" content=\"Fornecer comprovativo de entrega aos clientes com sistema Logdis. Inclui fotos e assinaturas. Bem como coordenadas e dados de tempo.\" \/>\n<meta name=\"robots\" content=\"index, follow, max-snippet:-1, max-image-preview:large, max-video-preview:-1\" \/>\n<link rel=\"canonical\" href=\"https:\/\/logdio.com\/pt-pt\/comprovativo-de-entrega\/\" \/>\n<meta property=\"og:locale\" content=\"pt_PT\" \/>\n<meta property=\"og:type\" content=\"article\" \/>\n<meta property=\"og:title\" content=\"Comprovativo de entrega - Logdio - delivery management tool\" \/>\n<meta property=\"og:description\" content=\"Fornecer comprovativo de entrega aos clientes com sistema Logdis. Inclui fotos e assinaturas. Bem como coordenadas e dados de tempo.\" \/>\n<meta property=\"og:url\" content=\"https:\/\/logdio.com\/pt-pt\/comprovativo-de-entrega\/\" \/>\n<meta property=\"og:site_name\" content=\"Logdio - delivery management tool\" \/>\n<meta property=\"article:publisher\" content=\"https:\/\/www.facebook.com\/logtime.eu\/\" \/>\n<meta property=\"article:modified_time\" content=\"2021-09-13T14:11:43+00:00\" \/>\n<meta name=\"twitter:card\" content=\"summary_large_image\" \/>\n<meta name=\"twitter:label1\" content=\"Tempo estimado de leitura\" \/>\n\t<meta name=\"twitter:data1\" content=\"6 minutos\" \/>\n<script type=\"application\/ld+json\" class=\"yoast-schema-graph\">{\"@context\":\"https:\/\/schema.org\",\"@graph\":[{\"@type\":\"WebPage\",\"@id\":\"https:\/\/logdio.com\/pt-pt\/comprovativo-de-entrega\/\",\"url\":\"https:\/\/logdio.com\/pt-pt\/comprovativo-de-entrega\/\",\"name\":\"Comprovativo de entrega - Logdio - delivery management tool\",\"isPartOf\":{\"@id\":\"https:\/\/logdio.com\/pt-pt\/#website\"},\"datePublished\":\"2021-08-24T05:17:46+00:00\",\"dateModified\":\"2021-09-13T14:11:43+00:00\",\"description\":\"Fornecer comprovativo de entrega aos clientes com sistema Logdis. Inclui fotos e assinaturas. Bem como coordenadas e dados de tempo.\",\"breadcrumb\":{\"@id\":\"https:\/\/logdio.com\/pt-pt\/comprovativo-de-entrega\/#breadcrumb\"},\"inLanguage\":\"pt-PT\",\"potentialAction\":[{\"@type\":\"ReadAction\",\"target\":[\"https:\/\/logdio.com\/pt-pt\/comprovativo-de-entrega\/\"]}]},{\"@type\":\"BreadcrumbList\",\"@id\":\"https:\/\/logdio.com\/pt-pt\/comprovativo-de-entrega\/#breadcrumb\",\"itemListElement\":[{\"@type\":\"ListItem\",\"position\":1,\"name\":\"Home\",\"item\":\"https:\/\/logdio.com\/pt-pt\/pagina-de-desembarque\/\"},{\"@type\":\"ListItem\",\"position\":2,\"name\":\"Comprovativo de entrega\"}]},{\"@type\":\"WebSite\",\"@id\":\"https:\/\/logdio.com\/pt-pt\/#website\",\"url\":\"https:\/\/logdio.com\/pt-pt\/\",\"name\":\"Logdio - delivery management tool\",\"description\":\"Next level delivery management software\",\"publisher\":{\"@id\":\"https:\/\/logdio.com\/pt-pt\/#organization\"},\"potentialAction\":[{\"@type\":\"SearchAction\",\"target\":{\"@type\":\"EntryPoint\",\"urlTemplate\":\"https:\/\/logdio.com\/pt-pt\/?s={search_term_string}\"},\"query-input\":{\"@type\":\"PropertyValueSpecification\",\"valueRequired\":true,\"valueName\":\"search_term_string\"}}],\"inLanguage\":\"pt-PT\"},{\"@type\":\"Organization\",\"@id\":\"https:\/\/logdio.com\/pt-pt\/#organization\",\"name\":\"Logdio\",\"url\":\"https:\/\/logdio.com\/pt-pt\/\",\"logo\":{\"@type\":\"ImageObject\",\"inLanguage\":\"pt-PT\",\"@id\":\"https:\/\/logdio.com\/pt-pt\/#\/schema\/logo\/image\/\",\"url\":\"https:\/\/logdio.com\/wp-content\/uploads\/2021\/05\/Logdio.svg\",\"contentUrl\":\"https:\/\/logdio.com\/wp-content\/uploads\/2021\/05\/Logdio.svg\",\"width\":4.44919,\"height\":1.1285,\"caption\":\"Logdio\"},\"image\":{\"@id\":\"https:\/\/logdio.com\/pt-pt\/#\/schema\/logo\/image\/\"},\"sameAs\":[\"https:\/\/www.facebook.com\/logtime.eu\/\",\"https:\/\/www.linkedin.com\/company\/logtime\"]}]}<\/script>\n<!-- \/ Yoast SEO plugin. -->","yoast_head_json":{"title":"Comprovativo de entrega - Logdio - delivery management tool","description":"Fornecer comprovativo de entrega aos clientes com sistema Logdis. Inclui fotos e assinaturas. Bem como coordenadas e dados de tempo.","robots":{"index":"index","follow":"follow","max-snippet":"max-snippet:-1","max-image-preview":"max-image-preview:large","max-video-preview":"max-video-preview:-1"},"canonical":"https:\/\/logdio.com\/pt-pt\/comprovativo-de-entrega\/","og_locale":"pt_PT","og_type":"article","og_title":"Comprovativo de entrega - Logdio - delivery management tool","og_description":"Fornecer comprovativo de entrega aos clientes com sistema Logdis. Inclui fotos e assinaturas. Bem como coordenadas e dados de tempo.","og_url":"https:\/\/logdio.com\/pt-pt\/comprovativo-de-entrega\/","og_site_name":"Logdio - delivery management tool","article_publisher":"https:\/\/www.facebook.com\/logtime.eu\/","article_modified_time":"2021-09-13T14:11:43+00:00","twitter_card":"summary_large_image","twitter_misc":{"Tempo estimado de leitura":"6 minutos"},"schema":{"@context":"https:\/\/schema.org","@graph":[{"@type":"WebPage","@id":"https:\/\/logdio.com\/pt-pt\/comprovativo-de-entrega\/","url":"https:\/\/logdio.com\/pt-pt\/comprovativo-de-entrega\/","name":"Comprovativo de entrega - Logdio - delivery management tool","isPartOf":{"@id":"https:\/\/logdio.com\/pt-pt\/#website"},"datePublished":"2021-08-24T05:17:46+00:00","dateModified":"2021-09-13T14:11:43+00:00","description":"Fornecer comprovativo de entrega aos clientes com sistema Logdis. Inclui fotos e assinaturas. Bem como coordenadas e dados de tempo.","breadcrumb":{"@id":"https:\/\/logdio.com\/pt-pt\/comprovativo-de-entrega\/#breadcrumb"},"inLanguage":"pt-PT","potentialAction":[{"@type":"ReadAction","target":["https:\/\/logdio.com\/pt-pt\/comprovativo-de-entrega\/"]}]},{"@type":"BreadcrumbList","@id":"https:\/\/logdio.com\/pt-pt\/comprovativo-de-entrega\/#breadcrumb","itemListElement":[{"@type":"ListItem","position":1,"name":"Home","item":"https:\/\/logdio.com\/pt-pt\/pagina-de-desembarque\/"},{"@type":"ListItem","position":2,"name":"Comprovativo de entrega"}]},{"@type":"WebSite","@id":"https:\/\/logdio.com\/pt-pt\/#website","url":"https:\/\/logdio.com\/pt-pt\/","name":"Logdio - delivery management tool","description":"Next level delivery management software","publisher":{"@id":"https:\/\/logdio.com\/pt-pt\/#organization"},"potentialAction":[{"@type":"SearchAction","target":{"@type":"EntryPoint","urlTemplate":"https:\/\/logdio.com\/pt-pt\/?s={search_term_string}"},"query-input":{"@type":"PropertyValueSpecification","valueRequired":true,"valueName":"search_term_string"}}],"inLanguage":"pt-PT"},{"@type":"Organization","@id":"https:\/\/logdio.com\/pt-pt\/#organization","name":"Logdio","url":"https:\/\/logdio.com\/pt-pt\/","logo":{"@type":"ImageObject","inLanguage":"pt-PT","@id":"https:\/\/logdio.com\/pt-pt\/#\/schema\/logo\/image\/","url":"https:\/\/logdio.com\/wp-content\/uploads\/2021\/05\/Logdio.svg","contentUrl":"https:\/\/logdio.com\/wp-content\/uploads\/2021\/05\/Logdio.svg","width":4.44919,"height":1.1285,"caption":"Logdio"},"image":{"@id":"https:\/\/logdio.com\/pt-pt\/#\/schema\/logo\/image\/"},"sameAs":["https:\/\/www.facebook.com\/logtime.eu\/","https:\/\/www.linkedin.com\/company\/logtime"]}]}},"_links":{"self":[{"href":"https:\/\/logdio.com\/pt-pt\/wp-json\/wp\/v2\/pages\/10809","targetHints":{"allow":["GET"]}}],"collection":[{"href":"https:\/\/logdio.com\/pt-pt\/wp-json\/wp\/v2\/pages"}],"about":[{"href":"https:\/\/logdio.com\/pt-pt\/wp-json\/wp\/v2\/types\/page"}],"author":[{"embeddable":true,"href":"https:\/\/logdio.com\/pt-pt\/wp-json\/wp\/v2\/users\/1"}],"replies":[{"embeddable":true,"href":"https:\/\/logdio.com\/pt-pt\/wp-json\/wp\/v2\/comments?post=10809"}],"version-history":[{"count":6,"href":"https:\/\/logdio.com\/pt-pt\/wp-json\/wp\/v2\/pages\/10809\/revisions"}],"predecessor-version":[{"id":13827,"href":"https:\/\/logdio.com\/pt-pt\/wp-json\/wp\/v2\/pages\/10809\/revisions\/13827"}],"wp:attachment":[{"href":"https:\/\/logdio.com\/pt-pt\/wp-json\/wp\/v2\/media?parent=10809"}],"curies":[{"name":"wp","href":"https:\/\/api.w.org\/{rel}","templated":true}]}}