{"id":10808,"date":"2021-08-24T08:17:44","date_gmt":"2021-08-24T05:17:44","guid":{"rendered":"https:\/\/logdio.com\/software-de-planeamento-de-rotas-de-correio\/"},"modified":"2021-09-13T17:12:26","modified_gmt":"2021-09-13T14:12:26","slug":"software-de-planeamento-de-rotas-de-correio","status":"publish","type":"page","link":"https:\/\/logdio.com\/pt-pt\/software-de-planeamento-de-rotas-de-correio\/","title":{"rendered":"Software de planeamento de rotas de correio"},"content":{"rendered":"\t\t<div data-elementor-type=\"wp-page\" data-elementor-id=\"10808\" class=\"elementor elementor-10808 elementor-1055\" data-elementor-post-type=\"page\">\n\t\t\t\t\t\t<section class=\"has_ma_el_bg_slider elementor-section elementor-top-section elementor-element elementor-element-a6afc90 elementor-section-boxed elementor-section-height-default elementor-section-height-default jltma-glass-effect-no\" data-id=\"a6afc90\" data-element_type=\"section\" data-e-type=\"section\" data-settings=\"{&quot;jet_parallax_layout_list&quot;:[{&quot;jet_parallax_layout_image&quot;:{&quot;url&quot;:&quot;&quot;,&quot;id&quot;:&quot;&quot;,&quot;size&quot;:&quot;&quot;},&quot;_id&quot;:&quot;1632b6e&quot;,&quot;jet_parallax_layout_image_tablet&quot;:{&quot;url&quot;:&quot;&quot;,&quot;id&quot;:&quot;&quot;,&quot;size&quot;:&quot;&quot;},&quot;jet_parallax_layout_image_mobile&quot;:{&quot;url&quot;:&quot;&quot;,&quot;id&quot;:&quot;&quot;,&quot;size&quot;:&quot;&quot;},&quot;jet_parallax_layout_speed&quot;:{&quot;unit&quot;:&quot;%&quot;,&quot;size&quot;:50,&quot;sizes&quot;:[]},&quot;jet_parallax_layout_type&quot;:&quot;scroll&quot;,&quot;jet_parallax_layout_direction&quot;:null,&quot;jet_parallax_layout_fx_direction&quot;:null,&quot;jet_parallax_layout_z_index&quot;:&quot;&quot;,&quot;jet_parallax_layout_bg_x&quot;:50,&quot;jet_parallax_layout_bg_x_tablet&quot;:&quot;&quot;,&quot;jet_parallax_layout_bg_x_mobile&quot;:&quot;&quot;,&quot;jet_parallax_layout_bg_y&quot;:50,&quot;jet_parallax_layout_bg_y_tablet&quot;:&quot;&quot;,&quot;jet_parallax_layout_bg_y_mobile&quot;:&quot;&quot;,&quot;jet_parallax_layout_bg_size&quot;:&quot;auto&quot;,&quot;jet_parallax_layout_bg_size_tablet&quot;:&quot;&quot;,&quot;jet_parallax_layout_bg_size_mobile&quot;:&quot;&quot;,&quot;jet_parallax_layout_animation_prop&quot;:&quot;transform&quot;,&quot;jet_parallax_layout_on&quot;:[&quot;desktop&quot;,&quot;tablet&quot;]}]}\">\n\t\t\t\t\t\t<div class=\"elementor-container elementor-column-gap-default\">\n\t\t\t\t\t<div class=\"has_ma_el_bg_slider elementor-column elementor-col-100 elementor-top-column elementor-element elementor-element-9dbd7a5 jltma-glass-effect-no\" data-id=\"9dbd7a5\" data-element_type=\"column\" data-e-type=\"column\">\n\t\t\t<div class=\"elementor-widget-wrap elementor-element-populated\">\n\t\t\t\t\t\t<div class=\"elementor-element elementor-element-096e315 jltma-glass-effect-no elementor-widget elementor-widget-heading\" data-id=\"096e315\" data-element_type=\"widget\" data-e-type=\"widget\" data-widget_type=\"heading.default\">\n\t\t\t\t<div class=\"elementor-widget-container\">\n\t\t\t\t\t<h1 class=\"elementor-heading-title elementor-size-default\">Software de planeamento de rotas de correio<\/h1>\t\t\t\t<\/div>\n\t\t\t\t<\/div>\n\t\t\t\t\t<\/div>\n\t\t<\/div>\n\t\t\t\t\t<\/div>\n\t\t<\/section>\n\t\t\t\t<section class=\"has_ma_el_bg_slider elementor-section elementor-top-section elementor-element elementor-element-8cd51f7 elementor-section-boxed elementor-section-height-default elementor-section-height-default jltma-glass-effect-no\" data-id=\"8cd51f7\" data-element_type=\"section\" data-e-type=\"section\" data-settings=\"{&quot;jet_parallax_layout_list&quot;:[{&quot;jet_parallax_layout_image&quot;:{&quot;url&quot;:&quot;&quot;,&quot;id&quot;:&quot;&quot;,&quot;size&quot;:&quot;&quot;},&quot;_id&quot;:&quot;30d0d76&quot;,&quot;jet_parallax_layout_image_tablet&quot;:{&quot;url&quot;:&quot;&quot;,&quot;id&quot;:&quot;&quot;,&quot;size&quot;:&quot;&quot;},&quot;jet_parallax_layout_image_mobile&quot;:{&quot;url&quot;:&quot;&quot;,&quot;id&quot;:&quot;&quot;,&quot;size&quot;:&quot;&quot;},&quot;jet_parallax_layout_speed&quot;:{&quot;unit&quot;:&quot;%&quot;,&quot;size&quot;:50,&quot;sizes&quot;:[]},&quot;jet_parallax_layout_type&quot;:&quot;scroll&quot;,&quot;jet_parallax_layout_direction&quot;:null,&quot;jet_parallax_layout_fx_direction&quot;:null,&quot;jet_parallax_layout_z_index&quot;:&quot;&quot;,&quot;jet_parallax_layout_bg_x&quot;:50,&quot;jet_parallax_layout_bg_x_tablet&quot;:&quot;&quot;,&quot;jet_parallax_layout_bg_x_mobile&quot;:&quot;&quot;,&quot;jet_parallax_layout_bg_y&quot;:50,&quot;jet_parallax_layout_bg_y_tablet&quot;:&quot;&quot;,&quot;jet_parallax_layout_bg_y_mobile&quot;:&quot;&quot;,&quot;jet_parallax_layout_bg_size&quot;:&quot;auto&quot;,&quot;jet_parallax_layout_bg_size_tablet&quot;:&quot;&quot;,&quot;jet_parallax_layout_bg_size_mobile&quot;:&quot;&quot;,&quot;jet_parallax_layout_animation_prop&quot;:&quot;transform&quot;,&quot;jet_parallax_layout_on&quot;:[&quot;desktop&quot;,&quot;tablet&quot;]}]}\">\n\t\t\t\t\t\t<div class=\"elementor-container elementor-column-gap-default\">\n\t\t\t\t\t<div class=\"has_ma_el_bg_slider elementor-column elementor-col-100 elementor-top-column elementor-element elementor-element-0dc1596 jltma-glass-effect-no\" data-id=\"0dc1596\" data-element_type=\"column\" data-e-type=\"column\">\n\t\t\t<div class=\"elementor-widget-wrap elementor-element-populated\">\n\t\t\t\t\t\t<div class=\"elementor-element elementor-element-89bcbea jltma-glass-effect-no elementor-widget elementor-widget-text-editor\" data-id=\"89bcbea\" data-element_type=\"widget\" data-e-type=\"widget\" data-widget_type=\"text-editor.default\">\n\t\t\t\t<div class=\"elementor-widget-container\">\n\t\t\t\t\t\t\t\t\t<p>Gere uma for\u00e7a de vendas de campo, gere uma frota de ve\u00edculos de entrega (entrega de encomendas ou entrega de bens), ou gere a log\u00edstica para uma empresa que recolhe e entrega mercadorias porta a porta? Est\u00e1 de alguma forma interessado em otimizar o transporte do seu neg\u00f3cio? O software de correio \u00e9 a forma mais segura de melhorar a efici\u00eancia operacional do seu neg\u00f3cio.<\/p>\n<p>O planejador certo da rota do correio reduzir\u00e1 o tempo de inatividade e aumentar\u00e1 drasticamente a produtividade. \u00c9 por isso que se est\u00e1 a tornar popular a n\u00edvel global.<\/p>\n<\/p>\n<h2><strong>O que \u00e9 o software de correio?<\/strong><\/h2>\n<p>O software de correio \u00e9 um sistema de gest\u00e3o de correio que determina os planos de viagem mais demorados com base em fatores externos como o congestionamento do tr\u00e1fego, a hora do dia e o tempo. Utiliza algoritmos avan\u00e7ados para determinar a rota mais eficiente para o utilizador. Analisar\u00e1 os requisitos para o transporte de mercadorias, a capacidade de transporte do ve\u00edculo, o hor\u00e1rio de trabalho e o resto dos condutores e sugerir\u00e1 os ajustes de movimento ideais.<\/p>\n<p>De acordo com uma estimativa, o software de gest\u00e3o de correio reduz a quilometragem di\u00e1ria dos ve\u00edculos em 10-20%. Aumenta a utiliza\u00e7\u00e3o eficiente da frota de ve\u00edculos. Algumas funcionalidades mais s\u00e3o:  <\/p>\n<p><strong>Integra\u00e7\u00e3o com sistemas de rastreio GPS\/Glonass com base<\/strong> em informa\u00e7\u00f5es recebidas de dispositivos Android ou um localizador GPS, recebe informa\u00e7\u00f5es sobre a localiza\u00e7\u00e3o do ve\u00edculo. O servi\u00e7o acompanha o movimento ao longo da rota de entrega de bens e regista desvios no tempo e na geografia. A informa\u00e7\u00e3o \u00e9 transmitida ao expedidor para o processamento e tomada de decis\u00f5es apropriadas.<\/p>\n<\/p>\n<h3>Custos reduzidos<\/h3>\n<p>Qualquer software de gest\u00e3o de correio, se usado com sabedoria, pode reduzir drasticamente os tempos de viagem. Isto, por sua vez, reduz exponencialmente os custos dos correios. As rotas otimizadas podem ajud\u00e1-lo a reduzir os custos de duas maneiras principais:<\/p>\n<h3>Reduziu o consumo de combust\u00edvel<\/h3>\n<p>  Uma vez que a frota passa menos tempo na estrada, o consumo de combust\u00edvel \u00e9 reportado como sendo menor. Isto significa que menos consumo leva a custos mais baixos.<\/p>\n<h3>Custos de manuten\u00e7\u00e3o reduzidos<\/h3>\n<p>  Uma vez que os ve\u00edculos n\u00e3o passam muito tempo na estrada, o seu desgaste normal \u00e9 reduzido. Isto resulta em custos de manuten\u00e7\u00e3o mais baixos.<\/p>\n<h3>Aumentar a produtividade<\/h3>\n<p>O planejador da rota do correio poupa tempo e recursos. Trata de tarefas complexas para si. N\u00e3o precisas de perder tempo a planear rotas. Isto aumenta a produtividade global da frota, permitindo que os postos de trabalho sejam conclu\u00eddos de forma mais r\u00e1pida e pontual.<\/p>\n<h3>Aumento da satisfa\u00e7\u00e3o do cliente<\/h3>\n<p>\u00c9 um facto conhecido que os compradores satisfeitos s\u00e3o o invent\u00e1rio de compras. Bem, se puder oferecer os seus servi\u00e7os a tempo, os seus clientes ficar\u00e3o satisfeitos consigo. O sistema de gest\u00e3o de correio garante que o controlador certo chega ao cliente certo no momento certo sem retorno.<\/p>\n<h3>Ajuda a sobrestimar recursos<\/h3>\n<p>\u00c9 poss\u00edvel que esteja a utilizar mais recursos do que o necess\u00e1rio para prestar ou prestar servi\u00e7os. Uma ferramenta de otimiza\u00e7\u00e3o de correio ajuda a redefinir o n\u00famero de ve\u00edculos necess\u00e1rios para operar. Pode beneficiar de quantidades reduzidas e, por sua vez, de custos reduzidos.<\/p>\n<p>Agora sabe o que \u00e9 o software Courier e por que \u00e9 importante. Agora pode estar a pensar em qual software \u00e9 o melhor para o seu neg\u00f3cio?  <\/p>\n<\/p>\n<h2>Que software de gest\u00e3o de correio escolher?<\/h2>\n<p>H\u00e1 muitos recursos que oferecem listas e sele\u00e7\u00f5es de programas para otimizar os correios. H\u00e1 muitos fatores a ter em conta, tais como pre\u00e7os, funcionalidades oferecidas, p\u00fablico-alvo e outros par\u00e2metros.<\/p>\n<p>Ao escolher um software de gest\u00e3o de correio, especifique quais as fun\u00e7\u00f5es inclu\u00eddas no pre\u00e7o e que s\u00e3o fornecidas por uma taxa adicional. D\u00ea prefer\u00eancia a esses sistemas, o pre\u00e7o que tamb\u00e9m inclui suporte t\u00e9cnico e atualiza\u00e7\u00f5es.<\/p>\n<\/p>\n<h2><strong>Porqu\u00ea escolher o Logdio?<\/strong><\/h2>\n<p>Em Logdio, \u00e9 implementada a fun\u00e7\u00e3o de construir a rota ideal para o estafeta e calcular o tempo tendo em conta os engarrafamentos. As tarefas para o estafeta s\u00e3o distribu\u00eddas de acordo com as prioridades e o tempo de entrega. Existe uma fun\u00e7\u00e3o de rastreador de GPS para os correios (pode rastrear a localiza\u00e7\u00e3o do estafeta no mapa em tempo real). O software tem uma interface amig\u00e1vel. Tamb\u00e9m \u00e9 poss\u00edvel transferir encomendas para outro estafeta (por exemplo, em caso de avaria de carro). O melhor de Logdio \u00e9 que \u00e9 acess\u00edvel. N\u00e3o tens de pagar muito por usares este software produtivo. Ent\u00e3o, \u00e9 a melhor solu\u00e7\u00e3o para o trabalho.  <\/p>\n\t\t\t\t\t\t\t\t<\/div>\n\t\t\t\t<\/div>\n\t\t\t\t\t<\/div>\n\t\t<\/div>\n\t\t\t\t\t<\/div>\n\t\t<\/section>\n\t\t\t\t<\/div>\n\t\t","protected":false},"excerpt":{"rendered":"<p>Software de planeamento de rotas de correio Gere uma for\u00e7a de vendas de campo, gere uma frota de ve\u00edculos de entrega (entrega de encomendas ou entrega de bens), ou gere a log\u00edstica para uma empresa que recolhe e entrega mercadorias porta a porta? Est\u00e1 de alguma forma interessado em otimizar o transporte do seu neg\u00f3cio? [&hellip;]<\/p>\n","protected":false},"author":1,"featured_media":0,"parent":0,"menu_order":0,"comment_status":"closed","ping_status":"closed","template":"elementor_header_footer","meta":{"footnotes":""},"class_list":["post-10808","page","type-page","status-publish","hentry"],"yoast_head":"<!-- This site is optimized with the Yoast SEO plugin v26.8 - https:\/\/yoast.com\/product\/yoast-seo-wordpress\/ -->\n<title>Software de planeamento de rotas de correio - Logdio - delivery management tool<\/title>\n<meta name=\"description\" content=\"Aumentar a produtividade dos correios com o software de planeamento de rotas logdis. Tudo numa solu\u00e7\u00e3o para as empresas de entregas.\" \/>\n<meta name=\"robots\" content=\"index, follow, max-snippet:-1, max-image-preview:large, max-video-preview:-1\" \/>\n<link rel=\"canonical\" href=\"https:\/\/logdio.com\/pt-pt\/software-de-planeamento-de-rotas-de-correio\/\" \/>\n<meta property=\"og:locale\" content=\"pt_PT\" \/>\n<meta property=\"og:type\" content=\"article\" \/>\n<meta property=\"og:title\" content=\"Software de planeamento de rotas de correio - Logdio - delivery management tool\" \/>\n<meta property=\"og:description\" content=\"Aumentar a produtividade dos correios com o software de planeamento de rotas logdis. Tudo numa solu\u00e7\u00e3o para as empresas de entregas.\" \/>\n<meta property=\"og:url\" content=\"https:\/\/logdio.com\/pt-pt\/software-de-planeamento-de-rotas-de-correio\/\" \/>\n<meta property=\"og:site_name\" content=\"Logdio - delivery management tool\" \/>\n<meta property=\"article:publisher\" content=\"https:\/\/www.facebook.com\/logtime.eu\/\" \/>\n<meta property=\"article:modified_time\" content=\"2021-09-13T14:12:26+00:00\" \/>\n<meta name=\"twitter:card\" content=\"summary_large_image\" \/>\n<meta name=\"twitter:label1\" content=\"Tempo estimado de leitura\" \/>\n\t<meta name=\"twitter:data1\" content=\"4 minutos\" \/>\n<script type=\"application\/ld+json\" class=\"yoast-schema-graph\">{\"@context\":\"https:\/\/schema.org\",\"@graph\":[{\"@type\":\"WebPage\",\"@id\":\"https:\/\/logdio.com\/pt-pt\/software-de-planeamento-de-rotas-de-correio\/\",\"url\":\"https:\/\/logdio.com\/pt-pt\/software-de-planeamento-de-rotas-de-correio\/\",\"name\":\"Software de planeamento de rotas de correio - Logdio - delivery management tool\",\"isPartOf\":{\"@id\":\"https:\/\/logdio.com\/pt-pt\/#website\"},\"datePublished\":\"2021-08-24T05:17:44+00:00\",\"dateModified\":\"2021-09-13T14:12:26+00:00\",\"description\":\"Aumentar a produtividade dos correios com o software de planeamento de rotas logdis. Tudo numa solu\u00e7\u00e3o para as empresas de entregas.\",\"breadcrumb\":{\"@id\":\"https:\/\/logdio.com\/pt-pt\/software-de-planeamento-de-rotas-de-correio\/#breadcrumb\"},\"inLanguage\":\"pt-PT\",\"potentialAction\":[{\"@type\":\"ReadAction\",\"target\":[\"https:\/\/logdio.com\/pt-pt\/software-de-planeamento-de-rotas-de-correio\/\"]}]},{\"@type\":\"BreadcrumbList\",\"@id\":\"https:\/\/logdio.com\/pt-pt\/software-de-planeamento-de-rotas-de-correio\/#breadcrumb\",\"itemListElement\":[{\"@type\":\"ListItem\",\"position\":1,\"name\":\"Home\",\"item\":\"https:\/\/logdio.com\/pt-pt\/pagina-de-desembarque\/\"},{\"@type\":\"ListItem\",\"position\":2,\"name\":\"Software de planeamento de rotas de correio\"}]},{\"@type\":\"WebSite\",\"@id\":\"https:\/\/logdio.com\/pt-pt\/#website\",\"url\":\"https:\/\/logdio.com\/pt-pt\/\",\"name\":\"Logdio - delivery management tool\",\"description\":\"Next level delivery management software\",\"publisher\":{\"@id\":\"https:\/\/logdio.com\/pt-pt\/#organization\"},\"potentialAction\":[{\"@type\":\"SearchAction\",\"target\":{\"@type\":\"EntryPoint\",\"urlTemplate\":\"https:\/\/logdio.com\/pt-pt\/?s={search_term_string}\"},\"query-input\":{\"@type\":\"PropertyValueSpecification\",\"valueRequired\":true,\"valueName\":\"search_term_string\"}}],\"inLanguage\":\"pt-PT\"},{\"@type\":\"Organization\",\"@id\":\"https:\/\/logdio.com\/pt-pt\/#organization\",\"name\":\"Logdio\",\"url\":\"https:\/\/logdio.com\/pt-pt\/\",\"logo\":{\"@type\":\"ImageObject\",\"inLanguage\":\"pt-PT\",\"@id\":\"https:\/\/logdio.com\/pt-pt\/#\/schema\/logo\/image\/\",\"url\":\"https:\/\/logdio.com\/wp-content\/uploads\/2021\/05\/Logdio.svg\",\"contentUrl\":\"https:\/\/logdio.com\/wp-content\/uploads\/2021\/05\/Logdio.svg\",\"width\":4.44919,\"height\":1.1285,\"caption\":\"Logdio\"},\"image\":{\"@id\":\"https:\/\/logdio.com\/pt-pt\/#\/schema\/logo\/image\/\"},\"sameAs\":[\"https:\/\/www.facebook.com\/logtime.eu\/\",\"https:\/\/www.linkedin.com\/company\/logtime\"]}]}<\/script>\n<!-- \/ Yoast SEO plugin. -->","yoast_head_json":{"title":"Software de planeamento de rotas de correio - Logdio - delivery management tool","description":"Aumentar a produtividade dos correios com o software de planeamento de rotas logdis. Tudo numa solu\u00e7\u00e3o para as empresas de entregas.","robots":{"index":"index","follow":"follow","max-snippet":"max-snippet:-1","max-image-preview":"max-image-preview:large","max-video-preview":"max-video-preview:-1"},"canonical":"https:\/\/logdio.com\/pt-pt\/software-de-planeamento-de-rotas-de-correio\/","og_locale":"pt_PT","og_type":"article","og_title":"Software de planeamento de rotas de correio - Logdio - delivery management tool","og_description":"Aumentar a produtividade dos correios com o software de planeamento de rotas logdis. Tudo numa solu\u00e7\u00e3o para as empresas de entregas.","og_url":"https:\/\/logdio.com\/pt-pt\/software-de-planeamento-de-rotas-de-correio\/","og_site_name":"Logdio - delivery management tool","article_publisher":"https:\/\/www.facebook.com\/logtime.eu\/","article_modified_time":"2021-09-13T14:12:26+00:00","twitter_card":"summary_large_image","twitter_misc":{"Tempo estimado de leitura":"4 minutos"},"schema":{"@context":"https:\/\/schema.org","@graph":[{"@type":"WebPage","@id":"https:\/\/logdio.com\/pt-pt\/software-de-planeamento-de-rotas-de-correio\/","url":"https:\/\/logdio.com\/pt-pt\/software-de-planeamento-de-rotas-de-correio\/","name":"Software de planeamento de rotas de correio - Logdio - delivery management tool","isPartOf":{"@id":"https:\/\/logdio.com\/pt-pt\/#website"},"datePublished":"2021-08-24T05:17:44+00:00","dateModified":"2021-09-13T14:12:26+00:00","description":"Aumentar a produtividade dos correios com o software de planeamento de rotas logdis. Tudo numa solu\u00e7\u00e3o para as empresas de entregas.","breadcrumb":{"@id":"https:\/\/logdio.com\/pt-pt\/software-de-planeamento-de-rotas-de-correio\/#breadcrumb"},"inLanguage":"pt-PT","potentialAction":[{"@type":"ReadAction","target":["https:\/\/logdio.com\/pt-pt\/software-de-planeamento-de-rotas-de-correio\/"]}]},{"@type":"BreadcrumbList","@id":"https:\/\/logdio.com\/pt-pt\/software-de-planeamento-de-rotas-de-correio\/#breadcrumb","itemListElement":[{"@type":"ListItem","position":1,"name":"Home","item":"https:\/\/logdio.com\/pt-pt\/pagina-de-desembarque\/"},{"@type":"ListItem","position":2,"name":"Software de planeamento de rotas de correio"}]},{"@type":"WebSite","@id":"https:\/\/logdio.com\/pt-pt\/#website","url":"https:\/\/logdio.com\/pt-pt\/","name":"Logdio - delivery management tool","description":"Next level delivery management software","publisher":{"@id":"https:\/\/logdio.com\/pt-pt\/#organization"},"potentialAction":[{"@type":"SearchAction","target":{"@type":"EntryPoint","urlTemplate":"https:\/\/logdio.com\/pt-pt\/?s={search_term_string}"},"query-input":{"@type":"PropertyValueSpecification","valueRequired":true,"valueName":"search_term_string"}}],"inLanguage":"pt-PT"},{"@type":"Organization","@id":"https:\/\/logdio.com\/pt-pt\/#organization","name":"Logdio","url":"https:\/\/logdio.com\/pt-pt\/","logo":{"@type":"ImageObject","inLanguage":"pt-PT","@id":"https:\/\/logdio.com\/pt-pt\/#\/schema\/logo\/image\/","url":"https:\/\/logdio.com\/wp-content\/uploads\/2021\/05\/Logdio.svg","contentUrl":"https:\/\/logdio.com\/wp-content\/uploads\/2021\/05\/Logdio.svg","width":4.44919,"height":1.1285,"caption":"Logdio"},"image":{"@id":"https:\/\/logdio.com\/pt-pt\/#\/schema\/logo\/image\/"},"sameAs":["https:\/\/www.facebook.com\/logtime.eu\/","https:\/\/www.linkedin.com\/company\/logtime"]}]}},"_links":{"self":[{"href":"https:\/\/logdio.com\/pt-pt\/wp-json\/wp\/v2\/pages\/10808","targetHints":{"allow":["GET"]}}],"collection":[{"href":"https:\/\/logdio.com\/pt-pt\/wp-json\/wp\/v2\/pages"}],"about":[{"href":"https:\/\/logdio.com\/pt-pt\/wp-json\/wp\/v2\/types\/page"}],"author":[{"embeddable":true,"href":"https:\/\/logdio.com\/pt-pt\/wp-json\/wp\/v2\/users\/1"}],"replies":[{"embeddable":true,"href":"https:\/\/logdio.com\/pt-pt\/wp-json\/wp\/v2\/comments?post=10808"}],"version-history":[{"count":4,"href":"https:\/\/logdio.com\/pt-pt\/wp-json\/wp\/v2\/pages\/10808\/revisions"}],"predecessor-version":[{"id":13845,"href":"https:\/\/logdio.com\/pt-pt\/wp-json\/wp\/v2\/pages\/10808\/revisions\/13845"}],"wp:attachment":[{"href":"https:\/\/logdio.com\/pt-pt\/wp-json\/wp\/v2\/media?parent=10808"}],"curies":[{"name":"wp","href":"https:\/\/api.w.org\/{rel}","templated":true}]}}