{"id":10048,"date":"2021-05-03T09:53:33","date_gmt":"2021-05-03T06:53:33","guid":{"rendered":"https:\/\/logdio.com\/politica-de-privacidade\/"},"modified":"2023-08-21T00:35:20","modified_gmt":"2023-08-20T21:35:20","slug":"privacy-policy","status":"publish","type":"page","link":"https:\/\/logdio.com\/pt-pt\/privacy-policy\/","title":{"rendered":"Pol\u00edtica de Privacidade"},"content":{"rendered":"\t\t<div data-elementor-type=\"wp-page\" data-elementor-id=\"10048\" class=\"elementor elementor-10048 elementor-3\" data-elementor-post-type=\"page\">\n\t\t\t\t\t\t<section class=\"has_ma_el_bg_slider elementor-section elementor-top-section elementor-element elementor-element-23def496 elementor-section-boxed elementor-section-height-default elementor-section-height-default jltma-glass-effect-no\" data-id=\"23def496\" data-element_type=\"section\" data-e-type=\"section\" data-settings=\"{&quot;jet_parallax_layout_list&quot;:[{&quot;jet_parallax_layout_image&quot;:{&quot;url&quot;:&quot;&quot;,&quot;id&quot;:&quot;&quot;,&quot;size&quot;:&quot;&quot;},&quot;_id&quot;:&quot;4322483&quot;,&quot;jet_parallax_layout_image_tablet&quot;:{&quot;url&quot;:&quot;&quot;,&quot;id&quot;:&quot;&quot;,&quot;size&quot;:&quot;&quot;},&quot;jet_parallax_layout_image_mobile&quot;:{&quot;url&quot;:&quot;&quot;,&quot;id&quot;:&quot;&quot;,&quot;size&quot;:&quot;&quot;},&quot;jet_parallax_layout_speed&quot;:{&quot;unit&quot;:&quot;%&quot;,&quot;size&quot;:50,&quot;sizes&quot;:[]},&quot;jet_parallax_layout_type&quot;:&quot;scroll&quot;,&quot;jet_parallax_layout_direction&quot;:null,&quot;jet_parallax_layout_fx_direction&quot;:null,&quot;jet_parallax_layout_z_index&quot;:&quot;&quot;,&quot;jet_parallax_layout_bg_x&quot;:50,&quot;jet_parallax_layout_bg_x_tablet&quot;:&quot;&quot;,&quot;jet_parallax_layout_bg_x_mobile&quot;:&quot;&quot;,&quot;jet_parallax_layout_bg_y&quot;:50,&quot;jet_parallax_layout_bg_y_tablet&quot;:&quot;&quot;,&quot;jet_parallax_layout_bg_y_mobile&quot;:&quot;&quot;,&quot;jet_parallax_layout_bg_size&quot;:&quot;auto&quot;,&quot;jet_parallax_layout_bg_size_tablet&quot;:&quot;&quot;,&quot;jet_parallax_layout_bg_size_mobile&quot;:&quot;&quot;,&quot;jet_parallax_layout_animation_prop&quot;:&quot;transform&quot;,&quot;jet_parallax_layout_on&quot;:[&quot;desktop&quot;,&quot;tablet&quot;]}]}\">\n\t\t\t\t\t\t<div class=\"elementor-container elementor-column-gap-default\">\n\t\t\t\t\t<div class=\"has_ma_el_bg_slider elementor-column elementor-col-100 elementor-top-column elementor-element elementor-element-562b08a1 jltma-glass-effect-no\" data-id=\"562b08a1\" data-element_type=\"column\" data-e-type=\"column\">\n\t\t\t<div class=\"elementor-widget-wrap elementor-element-populated\">\n\t\t\t\t\t\t<div class=\"elementor-element elementor-element-fdbc374 jltma-glass-effect-no elementor-widget elementor-widget-heading\" data-id=\"fdbc374\" data-element_type=\"widget\" data-e-type=\"widget\" data-widget_type=\"heading.default\">\n\t\t\t\t<div class=\"elementor-widget-container\">\n\t\t\t\t\t<h2 class=\"elementor-heading-title elementor-size-default\">Pol\u00edtica de Privacidade<\/h2>\t\t\t\t<\/div>\n\t\t\t\t<\/div>\n\t\t\t\t<div class=\"elementor-element elementor-element-71fb796b jltma-glass-effect-no elementor-widget elementor-widget-text-editor\" data-id=\"71fb796b\" data-element_type=\"widget\" data-e-type=\"widget\" data-widget_type=\"text-editor.default\">\n\t\t\t\t<div class=\"elementor-widget-container\">\n\t\t\t\t\t\t\t\t\t\n<p>Na Logdio &#8211; Software de gest\u00e3o de entregas, acess\u00edvel a partir de Logdio.com, uma das nossas principais prioridades \u00e9 a privacidade dos nossos visitantes. Este documento de Pol\u00edtica de Privacidade cont\u00e9m tipos de informa\u00e7\u00e3o que s\u00e3o recolhidas e gravadas pelo Software de gest\u00e3o de Entregas Da Logdio e como a utilizamos.<\/p>\n<p>Se tiver d\u00favidas adicionais ou necessitar de mais informa\u00e7\u00f5es sobre a nossa Pol\u00edtica de Privacidade, n\u00e3o hesite em contactar-nos.<\/p>\n<p>Esta Pol\u00edtica de Privacidade aplica-se apenas \u00e0s nossas atividades online e \u00e9 v\u00e1lida para os visitantes do nosso website no que diz respeito \u00e0 informa\u00e7\u00e3o que partilhavam e\/ou recolhem no Software de Gest\u00e3o de Entregas. Esta pol\u00edtica n\u00e3o \u00e9 aplic\u00e1vel a qualquer informa\u00e7\u00e3o recolhida offline ou atrav\u00e9s de canais que n\u00e3o este website.  <\/p>\n<h2>Consentimento<\/h2>\n<p>Ao utilizar o nosso website, voc\u00ea concorda com a nossa Pol\u00edtica de Privacidade e concorda com os seus termos.<\/p>\n<h2>Informa\u00e7\u00e3o que recolhemos<\/h2>\n<p>As informa\u00e7\u00f5es pessoais que lhe s\u00e3o solicitadas, e as raz\u00f5es pelas quais lhe \u00e9 pedido que as forne\u00e7a, ser\u00e3o esclarecidas no momento em que lhe pedimos que forne\u00e7a as suas informa\u00e7\u00f5es pessoais.<\/p>\n<p>Se nos contactar diretamente, poderemos receber informa\u00e7\u00f5es adicionais sobre si, como o seu nome, endere\u00e7o de e-mail, n\u00famero de telefone, o conte\u00fado da mensagem e\/ou anexos que nos possa enviar, bem como qualquer outra informa\u00e7\u00e3o que possa optar por fornecer.<\/p>\n<p>Quando se registar para uma Conta, poderemos solicitar os seus dados de contacto, incluindo itens como nome, nome da empresa, endere\u00e7o, endere\u00e7o de e-mail e n\u00famero de telefone.<\/p>\n<h2>Como usamos a sua informa\u00e7\u00e3o<\/h2>\n<p>Utilizamos a informa\u00e7\u00e3o que recolhemos de v\u00e1rias formas, incluindo:<\/p>\n<ul>\n<li>Fornecer, operar e manter o nosso website<\/li>\n<li>Melhorar, personalizar e expandir o nosso website<\/li>\n<li>Compreender e analisar como utiliza o nosso website<\/li>\n<li>Desenvolver novos produtos, servi\u00e7os, funcionalidades e funcionalidades<\/li>\n<li>Comunique consigo, diretamente ou atrav\u00e9s de um dos nossos parceiros, incluindo para atendimento ao cliente, para lhe fornecer atualiza\u00e7\u00f5es e outras informa\u00e7\u00f5es relacionadas com o website, e para fins de marketing e promo\u00e7\u00e3o<\/li>\n<li>Enviar-lhe e-mails<\/li>\n<li>Encontrar e prevenir fraudes<\/li>\n<\/ul>\n<h2>Ficheiros de registo<\/h2>\n<p>Logdio &#8211; O software de gest\u00e3o de entregas segue um procedimento padr\u00e3o de utiliza\u00e7\u00e3o de ficheiros de registo. Estes ficheiros registam os visitantes quando visitam websites. Todas as empresas de acolhimento fazem isso e fazem parte da an\u00e1lise dos servi\u00e7os de hospedagem. As informa\u00e7\u00f5es recolhidas por ficheiros de registo incluem endere\u00e7os de protocolo de internet (IP), tipo de navegador, Fornecedor de Servi\u00e7os de Internet (ISP), data e hora, p\u00e1ginas de referram\u00eancia\/sa\u00edda e, possivelmente, o n\u00famero de cliques. Estes n\u00e3o est\u00e3o ligados a qualquer informa\u00e7\u00e3o que seja pessoalmente identific\u00e1vel. O objetivo da informa\u00e7\u00e3o \u00e9 analisar tend\u00eancias, administrar o site, rastrear o movimento dos utilizadores no site e recolher informa\u00e7\u00f5es demogr\u00e1ficas.<\/p>\n<h2>Cookies e Web Beacons<\/h2>\n<p>Como qualquer outro website, o Logdio &#8211; Software de gest\u00e3o de entregas utiliza &#8216;cookies&#8217;. Estes cookies s\u00e3o utilizados para armazenar informa\u00e7\u00f5es, incluindo as prefer\u00eancias dos visitantes, e as p\u00e1ginas no site a que o visitante acedeu ou visitou. A informa\u00e7\u00e3o \u00e9 usada para otimizar a experi\u00eancia dos utilizadores, personalizando o conte\u00fado da nossa p\u00e1gina web com base no tipo de navegador e\/ou outras informa\u00e7\u00f5es dos visitantes.<\/p>\n<h2>Pol\u00edticas de Privacidade dos Parceiros publicit\u00e1rios<\/h2>\n<p>Pode consultar esta lista para encontrar a Pol\u00edtica de Privacidade para cada um dos parceiros publicit\u00e1rios do software de gest\u00e3o de entregas Logdio .<\/p>\n<p>Servidores de an\u00fancios de terceiros ou redes de an\u00fancios utilizam tecnologias como cookies, JavaScript ou Web Beacons que s\u00e3o utilizados nos seus respetivos an\u00fancios e links que aparecem no software de gest\u00e3o de entregas Logdio &#8211; que s\u00e3o enviados diretamente para o navegador dos utilizadores. Recebem automaticamente o seu endere\u00e7o IP quando isto ocorre. Estas tecnologias s\u00e3o usadas para medir a efic\u00e1cia das suas campanhas publicit\u00e1rias e\/ou para personalizar os conte\u00fados publicit\u00e1rios que v\u00ea nos websites que visita.<\/p>\n<p>Note que o software de gest\u00e3o de entregas Logdio &#8211; n\u00e3o tem acesso ou controlo sobre estes cookies que s\u00e3o usados por anunciantes de terceiros.<\/p>\n<h2>Pol\u00edticas de Privacidade de Terceiros<\/h2>\n<p>Logdio &#8211; A Pol\u00edtica de Privacidade do software de gest\u00e3o de entregas n\u00e3o se aplica a outros anunciantes ou websites. Assim, aconselhamos que consulte as respetivas Pol\u00edticas de Privacidade destes servidores de an\u00fancios de terceiros para obter informa\u00e7\u00f5es mais detalhadas. Pode incluir as suas pr\u00e1ticas e instru\u00e7\u00f5es sobre como excluir determinadas op\u00e7\u00f5es.<\/p>\n<p>Pode optar por desativar os cookies atrav\u00e9s das suas op\u00e7\u00f5es individuais de navegador. Para saber informa\u00e7\u00f5es mais detalhadas sobre a gest\u00e3o de cookies com navegadores web espec\u00edficos, pode ser encontrado nos respetivos sites dos navegadores.<\/p>\n<h2>Direitos de Privacidade CCPA (N\u00e3o Vender As Minhas Informa\u00e7\u00f5es Pessoais)<\/h2>\n<p>Ao abrigo do CCPA, entre outros direitos, os consumidores da Calif\u00f3rnia t\u00eam o direito de:<\/p>\n<p>Solicita-se que uma empresa que recolhe os dados pessoais de um consumidor divulgue as categorias e pe\u00e7as espec\u00edficas de dados pessoais que uma empresa recolheu sobre os consumidores.<\/p>\n<p>Solicito que uma empresa elimine quaisquer dados pessoais sobre o consumidor que uma empresa tenha recolhido.<\/p>\n<p>Solicito que uma empresa que venda os dados pessoais de um consumidor, n\u00e3o venda os dados pessoais do consumidor.<\/p>\n<p>Se fizer um pedido, temos um m\u00eas para lhe responder. Se quiser exercer algum destes direitos, contacte-nos.<\/p>\n<h2>Direitos de Prote\u00e7\u00e3o de Dados do RGPD<\/h2>\n<p>Gostar\u00edamos de ter a certeza de que est\u00e1 plenamente ciente de todos os seus direitos de prote\u00e7\u00e3o de dados. Cada utilizador tem direito ao seguinte:<\/p>\n<p>Direito de acesso \u2013 Tem o direito de solicitar c\u00f3pias dos seus dados pessoais. Podemos cobrar-lhe uma pequena taxa por este servi\u00e7o.<\/p>\n<p>O direito \u00e0 retifica\u00e7\u00e3o \u2013 Tem o direito de solicitar que corrijamos qualquer informa\u00e7\u00e3o que assesse que seja imprecisa. Tamb\u00e9m tem o direito de solicitar que completemos a informa\u00e7\u00e3o que acredita estar incompleta.<\/p>\n<p>O direito de apagamento \u2013 Tem o direito de solicitar que apaguemos os seus dados pessoais, sob determinadas condi\u00e7\u00f5es.<\/p>\n<p>O direito de restringir o tratamento \u2013 Tem o direito de solicitar que restringamos o tratamento dos seus dados pessoais, sob determinadas condi\u00e7\u00f5es.<\/p>\n<p>Direito de oposi\u00e7\u00e3o ao tratamento \u2013 Tem o direito de se opor ao tratamento dos seus dados pessoais, sob determinadas condi\u00e7\u00f5es.<\/p>\n<p>Direito \u00e0 portabilidade dos dados \u2013 Tem o direito de solicitar que transfiramos os dados que recolhemos para outra organiza\u00e7\u00e3o, ou diretamente para si, sob determinadas condi\u00e7\u00f5es.<\/p>\n<p>Se fizer um pedido, temos um m\u00eas para lhe responder. Se quiser exercer algum destes direitos, contacte-nos.<\/p>\n<h2>Informa\u00e7\u00e3o infantil<\/h2>\n<p>Outra parte da nossa prioridade \u00e9 adicionar prote\u00e7\u00e3o \u00e0s crian\u00e7as durante a utiliza\u00e7\u00e3o da internet. Encorajamos os pais e encarregados de seguran\u00e7a a observar, participar e\/ou monitorizar e orientar a sua atividade online.<\/p>\n<p>Logdio &#8211; O software de gest\u00e3o de entregas n\u00e3o recolhe conscientemente nenhuma Informa\u00e7\u00e3o Pessoal Identific\u00e1vel de crian\u00e7as menores de 13 anos. Se voc\u00ea acha que o seu filho forneceu este tipo de informa\u00e7\u00e3o no nosso site, n\u00f3s o encorajamos a entrar em contato conosco imediatamente e faremos os nossos melhores esfor\u00e7os para remover prontamente tais informa\u00e7\u00f5es dos nossos registos.<\/p>\n\t\t\t\t\t\t\t\t<\/div>\n\t\t\t\t<\/div>\n\t\t\t\t\t<\/div>\n\t\t<\/div>\n\t\t\t\t\t<\/div>\n\t\t<\/section>\n\t\t\t\t<\/div>\n\t\t","protected":false},"excerpt":{"rendered":"<p>Na Logdio &#8211; Software de gest\u00e3o de entregas, acess\u00edvel a partir de Logdio.com, uma das nossas principais prioridades \u00e9 a privacidade dos nossos visitantes. Este documento de Pol\u00edtica de Privacidade cont\u00e9m tipos de informa\u00e7\u00e3o que s\u00e3o recolhidas e gravadas pelo Software de gest\u00e3o de Entregas Da Logdio e como a utilizamos. Se tiver d\u00favidas adicionais [&hellip;]<\/p>\n","protected":false},"author":1,"featured_media":0,"parent":0,"menu_order":0,"comment_status":"closed","ping_status":"closed","template":"elementor_header_footer","meta":{"footnotes":""},"class_list":["post-10048","page","type-page","status-publish","hentry"],"yoast_head":"<!-- This site is optimized with the Yoast SEO plugin v26.8 - https:\/\/yoast.com\/product\/yoast-seo-wordpress\/ -->\n<title>Pol\u00edtica de Privacidade - Logdio - delivery management tool<\/title>\n<meta name=\"description\" content=\"Logdio.com \u00e9 o pr\u00f3ximo software de gest\u00e3o de entregas de n\u00edvel que oferece pre\u00e7os justos para manter o seu neg\u00f3cio em crescimento! Consulte a nossa pol\u00edtica de privacidade\" \/>\n<meta name=\"robots\" content=\"index, follow, max-snippet:-1, max-image-preview:large, max-video-preview:-1\" \/>\n<link rel=\"canonical\" href=\"https:\/\/logdio.com\/pt-pt\/privacy-policy\/\" \/>\n<meta property=\"og:locale\" content=\"pt_PT\" \/>\n<meta property=\"og:type\" content=\"article\" \/>\n<meta property=\"og:title\" content=\"Pol\u00edtica de Privacidade - Logdio - delivery management tool\" \/>\n<meta property=\"og:description\" content=\"Logdio.com \u00e9 o pr\u00f3ximo software de gest\u00e3o de entregas de n\u00edvel que oferece pre\u00e7os justos para manter o seu neg\u00f3cio em crescimento! Consulte a nossa pol\u00edtica de privacidade\" \/>\n<meta property=\"og:url\" content=\"https:\/\/logdio.com\/pt-pt\/privacy-policy\/\" \/>\n<meta property=\"og:site_name\" content=\"Logdio - delivery management tool\" \/>\n<meta property=\"article:publisher\" content=\"https:\/\/www.facebook.com\/logtime.eu\/\" \/>\n<meta property=\"article:modified_time\" content=\"2023-08-20T21:35:20+00:00\" \/>\n<meta name=\"twitter:card\" content=\"summary_large_image\" \/>\n<meta name=\"twitter:label1\" content=\"Tempo estimado de leitura\" \/>\n\t<meta name=\"twitter:data1\" content=\"5 minutos\" \/>\n<script type=\"application\/ld+json\" class=\"yoast-schema-graph\">{\"@context\":\"https:\/\/schema.org\",\"@graph\":[{\"@type\":\"WebPage\",\"@id\":\"https:\/\/logdio.com\/pt-pt\/privacy-policy\/\",\"url\":\"https:\/\/logdio.com\/pt-pt\/privacy-policy\/\",\"name\":\"Pol\u00edtica de Privacidade - Logdio - delivery management tool\",\"isPartOf\":{\"@id\":\"https:\/\/logdio.com\/pt-pt\/#website\"},\"datePublished\":\"2021-05-03T06:53:33+00:00\",\"dateModified\":\"2023-08-20T21:35:20+00:00\",\"description\":\"Logdio.com \u00e9 o pr\u00f3ximo software de gest\u00e3o de entregas de n\u00edvel que oferece pre\u00e7os justos para manter o seu neg\u00f3cio em crescimento! Consulte a nossa pol\u00edtica de privacidade\",\"breadcrumb\":{\"@id\":\"https:\/\/logdio.com\/pt-pt\/privacy-policy\/#breadcrumb\"},\"inLanguage\":\"pt-PT\",\"potentialAction\":[{\"@type\":\"ReadAction\",\"target\":[\"https:\/\/logdio.com\/pt-pt\/privacy-policy\/\"]}]},{\"@type\":\"BreadcrumbList\",\"@id\":\"https:\/\/logdio.com\/pt-pt\/privacy-policy\/#breadcrumb\",\"itemListElement\":[{\"@type\":\"ListItem\",\"position\":1,\"name\":\"Home\",\"item\":\"https:\/\/logdio.com\/pt-pt\/pagina-de-desembarque\/\"},{\"@type\":\"ListItem\",\"position\":2,\"name\":\"Pol\u00edtica de Privacidade\"}]},{\"@type\":\"WebSite\",\"@id\":\"https:\/\/logdio.com\/pt-pt\/#website\",\"url\":\"https:\/\/logdio.com\/pt-pt\/\",\"name\":\"Logdio - delivery management tool\",\"description\":\"Next level delivery management software\",\"publisher\":{\"@id\":\"https:\/\/logdio.com\/pt-pt\/#organization\"},\"potentialAction\":[{\"@type\":\"SearchAction\",\"target\":{\"@type\":\"EntryPoint\",\"urlTemplate\":\"https:\/\/logdio.com\/pt-pt\/?s={search_term_string}\"},\"query-input\":{\"@type\":\"PropertyValueSpecification\",\"valueRequired\":true,\"valueName\":\"search_term_string\"}}],\"inLanguage\":\"pt-PT\"},{\"@type\":\"Organization\",\"@id\":\"https:\/\/logdio.com\/pt-pt\/#organization\",\"name\":\"Logdio\",\"url\":\"https:\/\/logdio.com\/pt-pt\/\",\"logo\":{\"@type\":\"ImageObject\",\"inLanguage\":\"pt-PT\",\"@id\":\"https:\/\/logdio.com\/pt-pt\/#\/schema\/logo\/image\/\",\"url\":\"https:\/\/logdio.com\/wp-content\/uploads\/2021\/05\/Logdio.svg\",\"contentUrl\":\"https:\/\/logdio.com\/wp-content\/uploads\/2021\/05\/Logdio.svg\",\"width\":4.44919,\"height\":1.1285,\"caption\":\"Logdio\"},\"image\":{\"@id\":\"https:\/\/logdio.com\/pt-pt\/#\/schema\/logo\/image\/\"},\"sameAs\":[\"https:\/\/www.facebook.com\/logtime.eu\/\",\"https:\/\/www.linkedin.com\/company\/logtime\"]}]}<\/script>\n<!-- \/ Yoast SEO plugin. -->","yoast_head_json":{"title":"Pol\u00edtica de Privacidade - Logdio - delivery management tool","description":"Logdio.com \u00e9 o pr\u00f3ximo software de gest\u00e3o de entregas de n\u00edvel que oferece pre\u00e7os justos para manter o seu neg\u00f3cio em crescimento! Consulte a nossa pol\u00edtica de privacidade","robots":{"index":"index","follow":"follow","max-snippet":"max-snippet:-1","max-image-preview":"max-image-preview:large","max-video-preview":"max-video-preview:-1"},"canonical":"https:\/\/logdio.com\/pt-pt\/privacy-policy\/","og_locale":"pt_PT","og_type":"article","og_title":"Pol\u00edtica de Privacidade - Logdio - delivery management tool","og_description":"Logdio.com \u00e9 o pr\u00f3ximo software de gest\u00e3o de entregas de n\u00edvel que oferece pre\u00e7os justos para manter o seu neg\u00f3cio em crescimento! Consulte a nossa pol\u00edtica de privacidade","og_url":"https:\/\/logdio.com\/pt-pt\/privacy-policy\/","og_site_name":"Logdio - delivery management tool","article_publisher":"https:\/\/www.facebook.com\/logtime.eu\/","article_modified_time":"2023-08-20T21:35:20+00:00","twitter_card":"summary_large_image","twitter_misc":{"Tempo estimado de leitura":"5 minutos"},"schema":{"@context":"https:\/\/schema.org","@graph":[{"@type":"WebPage","@id":"https:\/\/logdio.com\/pt-pt\/privacy-policy\/","url":"https:\/\/logdio.com\/pt-pt\/privacy-policy\/","name":"Pol\u00edtica de Privacidade - Logdio - delivery management tool","isPartOf":{"@id":"https:\/\/logdio.com\/pt-pt\/#website"},"datePublished":"2021-05-03T06:53:33+00:00","dateModified":"2023-08-20T21:35:20+00:00","description":"Logdio.com \u00e9 o pr\u00f3ximo software de gest\u00e3o de entregas de n\u00edvel que oferece pre\u00e7os justos para manter o seu neg\u00f3cio em crescimento! Consulte a nossa pol\u00edtica de privacidade","breadcrumb":{"@id":"https:\/\/logdio.com\/pt-pt\/privacy-policy\/#breadcrumb"},"inLanguage":"pt-PT","potentialAction":[{"@type":"ReadAction","target":["https:\/\/logdio.com\/pt-pt\/privacy-policy\/"]}]},{"@type":"BreadcrumbList","@id":"https:\/\/logdio.com\/pt-pt\/privacy-policy\/#breadcrumb","itemListElement":[{"@type":"ListItem","position":1,"name":"Home","item":"https:\/\/logdio.com\/pt-pt\/pagina-de-desembarque\/"},{"@type":"ListItem","position":2,"name":"Pol\u00edtica de Privacidade"}]},{"@type":"WebSite","@id":"https:\/\/logdio.com\/pt-pt\/#website","url":"https:\/\/logdio.com\/pt-pt\/","name":"Logdio - delivery management tool","description":"Next level delivery management software","publisher":{"@id":"https:\/\/logdio.com\/pt-pt\/#organization"},"potentialAction":[{"@type":"SearchAction","target":{"@type":"EntryPoint","urlTemplate":"https:\/\/logdio.com\/pt-pt\/?s={search_term_string}"},"query-input":{"@type":"PropertyValueSpecification","valueRequired":true,"valueName":"search_term_string"}}],"inLanguage":"pt-PT"},{"@type":"Organization","@id":"https:\/\/logdio.com\/pt-pt\/#organization","name":"Logdio","url":"https:\/\/logdio.com\/pt-pt\/","logo":{"@type":"ImageObject","inLanguage":"pt-PT","@id":"https:\/\/logdio.com\/pt-pt\/#\/schema\/logo\/image\/","url":"https:\/\/logdio.com\/wp-content\/uploads\/2021\/05\/Logdio.svg","contentUrl":"https:\/\/logdio.com\/wp-content\/uploads\/2021\/05\/Logdio.svg","width":4.44919,"height":1.1285,"caption":"Logdio"},"image":{"@id":"https:\/\/logdio.com\/pt-pt\/#\/schema\/logo\/image\/"},"sameAs":["https:\/\/www.facebook.com\/logtime.eu\/","https:\/\/www.linkedin.com\/company\/logtime"]}]}},"_links":{"self":[{"href":"https:\/\/logdio.com\/pt-pt\/wp-json\/wp\/v2\/pages\/10048","targetHints":{"allow":["GET"]}}],"collection":[{"href":"https:\/\/logdio.com\/pt-pt\/wp-json\/wp\/v2\/pages"}],"about":[{"href":"https:\/\/logdio.com\/pt-pt\/wp-json\/wp\/v2\/types\/page"}],"author":[{"embeddable":true,"href":"https:\/\/logdio.com\/pt-pt\/wp-json\/wp\/v2\/users\/1"}],"replies":[{"embeddable":true,"href":"https:\/\/logdio.com\/pt-pt\/wp-json\/wp\/v2\/comments?post=10048"}],"version-history":[{"count":18,"href":"https:\/\/logdio.com\/pt-pt\/wp-json\/wp\/v2\/pages\/10048\/revisions"}],"predecessor-version":[{"id":27319,"href":"https:\/\/logdio.com\/pt-pt\/wp-json\/wp\/v2\/pages\/10048\/revisions\/27319"}],"wp:attachment":[{"href":"https:\/\/logdio.com\/pt-pt\/wp-json\/wp\/v2\/media?parent=10048"}],"curies":[{"name":"wp","href":"https:\/\/api.w.org\/{rel}","templated":true}]}}