{"id":10647,"date":"2021-08-24T08:16:54","date_gmt":"2021-08-24T05:16:54","guid":{"rendered":"https:\/\/logdio.com\/quem-somos\/"},"modified":"2023-08-21T00:34:53","modified_gmt":"2023-08-20T21:34:53","slug":"quem-somos","status":"publish","type":"page","link":"https:\/\/logdio.com\/pt-br\/quem-somos\/","title":{"rendered":"Quem somos"},"content":{"rendered":"\t\t<div data-elementor-type=\"wp-page\" data-elementor-id=\"10647\" class=\"elementor elementor-10647 elementor-25\" data-elementor-post-type=\"page\">\n\t\t\t\t\t\t<section class=\"has_ma_el_bg_slider elementor-section elementor-top-section elementor-element elementor-element-a8f2033 elementor-section-boxed elementor-section-height-default elementor-section-height-default jltma-glass-effect-no\" data-id=\"a8f2033\" data-element_type=\"section\" data-e-type=\"section\" data-settings=\"{&quot;jet_parallax_layout_list&quot;:[{&quot;jet_parallax_layout_image&quot;:{&quot;url&quot;:&quot;&quot;,&quot;id&quot;:&quot;&quot;,&quot;size&quot;:&quot;&quot;},&quot;_id&quot;:&quot;c7a9eeb&quot;,&quot;jet_parallax_layout_image_tablet&quot;:{&quot;url&quot;:&quot;&quot;,&quot;id&quot;:&quot;&quot;,&quot;size&quot;:&quot;&quot;},&quot;jet_parallax_layout_image_mobile&quot;:{&quot;url&quot;:&quot;&quot;,&quot;id&quot;:&quot;&quot;,&quot;size&quot;:&quot;&quot;},&quot;jet_parallax_layout_speed&quot;:{&quot;unit&quot;:&quot;%&quot;,&quot;size&quot;:50,&quot;sizes&quot;:[]},&quot;jet_parallax_layout_type&quot;:&quot;scroll&quot;,&quot;jet_parallax_layout_direction&quot;:null,&quot;jet_parallax_layout_fx_direction&quot;:null,&quot;jet_parallax_layout_z_index&quot;:&quot;&quot;,&quot;jet_parallax_layout_bg_x&quot;:50,&quot;jet_parallax_layout_bg_x_tablet&quot;:&quot;&quot;,&quot;jet_parallax_layout_bg_x_mobile&quot;:&quot;&quot;,&quot;jet_parallax_layout_bg_y&quot;:50,&quot;jet_parallax_layout_bg_y_tablet&quot;:&quot;&quot;,&quot;jet_parallax_layout_bg_y_mobile&quot;:&quot;&quot;,&quot;jet_parallax_layout_bg_size&quot;:&quot;auto&quot;,&quot;jet_parallax_layout_bg_size_tablet&quot;:&quot;&quot;,&quot;jet_parallax_layout_bg_size_mobile&quot;:&quot;&quot;,&quot;jet_parallax_layout_animation_prop&quot;:&quot;transform&quot;,&quot;jet_parallax_layout_on&quot;:[&quot;desktop&quot;,&quot;tablet&quot;]}]}\">\n\t\t\t\t\t\t<div class=\"elementor-container elementor-column-gap-default\">\n\t\t\t\t\t<div class=\"has_ma_el_bg_slider elementor-column elementor-col-100 elementor-top-column elementor-element elementor-element-7eff6e2 jltma-glass-effect-no\" data-id=\"7eff6e2\" data-element_type=\"column\" data-e-type=\"column\">\n\t\t\t<div class=\"elementor-widget-wrap elementor-element-populated\">\n\t\t\t\t\t\t<div class=\"elementor-element elementor-element-430a85f jltma-glass-effect-no elementor-widget elementor-widget-heading\" data-id=\"430a85f\" data-element_type=\"widget\" data-e-type=\"widget\" data-widget_type=\"heading.default\">\n\t\t\t\t<div class=\"elementor-widget-container\">\n\t\t\t\t\t<h1 class=\"elementor-heading-title elementor-size-default\">Sobre o Logtime<\/h1>\t\t\t\t<\/div>\n\t\t\t\t<\/div>\n\t\t\t\t<div class=\"elementor-element elementor-element-b127471 jltma-glass-effect-no elementor-widget elementor-widget-text-editor\" data-id=\"b127471\" data-element_type=\"widget\" data-e-type=\"widget\" data-widget_type=\"text-editor.default\">\n\t\t\t\t<div class=\"elementor-widget-container\">\n\t\t\t\t\t\t\t\t\t<p>Junte-se a mais de 1000 empresas acelerando o seu sistema de entrega com a Logdis<\/p>\n\t\t\t\t\t\t\t\t<\/div>\n\t\t\t\t<\/div>\n\t\t\t\t<div class=\"elementor-element elementor-element-41181d9 jltma-glass-effect-no elementor-widget elementor-widget-heading\" data-id=\"41181d9\" data-element_type=\"widget\" data-e-type=\"widget\" data-widget_type=\"heading.default\">\n\t\t\t\t<div class=\"elementor-widget-container\">\n\t\t\t\t\t<h2 class=\"elementor-heading-title elementor-size-default\">Quem somos<\/h2>\t\t\t\t<\/div>\n\t\t\t\t<\/div>\n\t\t\t\t<div class=\"elementor-element elementor-element-2a65ef8 jltma-glass-effect-no elementor-widget elementor-widget-text-editor\" data-id=\"2a65ef8\" data-element_type=\"widget\" data-e-type=\"widget\" data-widget_type=\"text-editor.default\">\n\t\t\t\t<div class=\"elementor-widget-container\">\n\t\t\t\t\t\t\t\t\t<p>Logtime \u00e9 uma equipa experiente de profissionais altamente qualificados. Somos de diferentes cidades, somos de idades diferentes, mas o que nos une \u00e9 a paix\u00e3o por criar solu\u00e7\u00f5es B2B destinadas a ajudar os nossos clientes a gerir os seus neg\u00f3cios de forma mais f\u00e1cil, eficiente e rent\u00e1vel. A principal \u00e1rea da nossa experi\u00eancia s\u00e3o as solu\u00e7\u00f5es que ajudam as empresas a gerir as suas equipas em campo. Especializamo-nos no desenvolvimento de sistemas m\u00f3veis de gest\u00e3o de tarefas, gest\u00e3o de vendas e gest\u00e3o de entregas. Fornecemos solu\u00e7\u00f5es e servi\u00e7os que melhoram a gest\u00e3o log\u00edstica para v\u00e1rios tipos de neg\u00f3cios, incluindo empresas grossistas e retalhistas, gest\u00e3o de res\u00edduos, servi\u00e7os de emerg\u00eancia, servi\u00e7os de correio e quaisquer outras empresas relacionadas com servi\u00e7os que exijam o rastreio em tempo real de encomendas de produtos, entregas, fretes, servi\u00e7os de campo e pessoas.<\/p>\n\t\t\t\t\t\t\t\t<\/div>\n\t\t\t\t<\/div>\n\t\t\t\t<div class=\"elementor-element elementor-element-3cc6940 jltma-glass-effect-no elementor-widget elementor-widget-heading\" data-id=\"3cc6940\" data-element_type=\"widget\" data-e-type=\"widget\" data-widget_type=\"heading.default\">\n\t\t\t\t<div class=\"elementor-widget-container\">\n\t\t\t\t\t<h2 class=\"elementor-heading-title elementor-size-default\">A nossa miss\u00e3o \u00e9<\/h2>\t\t\t\t<\/div>\n\t\t\t\t<\/div>\n\t\t\t\t<div class=\"elementor-element elementor-element-bf56420 jltma-glass-effect-no elementor-widget elementor-widget-text-editor\" data-id=\"bf56420\" data-element_type=\"widget\" data-e-type=\"widget\" data-widget_type=\"text-editor.default\">\n\t\t\t\t<div class=\"elementor-widget-container\">\n\t\t\t\t\t\t\t\t\t<p>para criar solu\u00e7\u00f5es de TI de ponta dispon\u00edveis para todos os tamanhos das empresas. Fazemos o nosso melhor para construir solu\u00e7\u00f5es que tenham a m\u00e1xima usabilidade e sejam f\u00e1ceis de utilizar. Normalmente, os nossos clientes nem precisam de manuais de utilizadores. Estas solu\u00e7\u00f5es s\u00e3o cuidadosamente concebidas e personalizadas para atender \u00e0s necessidades espec\u00edficas de cada cliente. E ajudam os nossos clientes a melhorar os seus processos de neg\u00f3cio, aumentar as vendas, reduzir os custos operacionais e aumentar os lucros.<\/p>\n\t\t\t\t\t\t\t\t<\/div>\n\t\t\t\t<\/div>\n\t\t\t\t<div class=\"elementor-element elementor-element-fba2d37 jltma-glass-effect-no elementor-widget elementor-widget-heading\" data-id=\"fba2d37\" data-element_type=\"widget\" data-e-type=\"widget\" data-widget_type=\"heading.default\">\n\t\t\t\t<div class=\"elementor-widget-container\">\n\t\t\t\t\t<h2 class=\"elementor-heading-title elementor-size-default\">Os nossos valores:<\/h2>\t\t\t\t<\/div>\n\t\t\t\t<\/div>\n\t\t\t\t<div class=\"elementor-element elementor-element-9a1a737 jltma-glass-effect-no elementor-widget elementor-widget-text-editor\" data-id=\"9a1a737\" data-element_type=\"widget\" data-e-type=\"widget\" data-widget_type=\"text-editor.default\">\n\t\t\t\t<div class=\"elementor-widget-container\">\n\t\t\t\t\t\t\t\t\t<p>Desenvolvemos parcerias de longo prazo com todos os nossos clientes porque acreditamos que esta \u00e9 a melhor forma de ajudar os nossos clientes a tirar o m\u00e1ximo valor das nossas solu\u00e7\u00f5es. Por isso, trabalhamos com os nossos clientes para criar uma mais-valia que os coloque \u00e0 frente dos seus concorrentes. Estas ferramentas avan\u00e7adas foram testadas e comprovadas para apresentar resultados excelentes. Todas as nossas solu\u00e7\u00f5es fornecem resultados mensur\u00e1veis e verific\u00e1veis que melhoram a efici\u00eancia e rentabilidade dos nossos clientes. E devido ao nosso compromisso de ajudar os nossos clientes a alcan\u00e7ar um desempenho consistente de alto desempenho, esfor\u00e7amo-nos constantemente por melhorar a qualidade dos nossos servi\u00e7os e solu\u00e7\u00f5es.<\/p>\n\t\t\t\t\t\t\t\t<\/div>\n\t\t\t\t<\/div>\n\t\t\t\t<div class=\"elementor-element elementor-element-96fafbc jltma-glass-effect-no elementor-widget elementor-widget-heading\" data-id=\"96fafbc\" data-element_type=\"widget\" data-e-type=\"widget\" data-widget_type=\"heading.default\">\n\t\t\t\t<div class=\"elementor-widget-container\">\n\t\t\t\t\t<h2 class=\"elementor-heading-title elementor-size-default\">Comece a receber os seus benef\u00edcios agora!<\/h2>\t\t\t\t<\/div>\n\t\t\t\t<\/div>\n\t\t\t\t<div class=\"elementor-element elementor-element-ba20ede jltma-glass-effect-no elementor-widget elementor-widget-text-editor\" data-id=\"ba20ede\" data-element_type=\"widget\" data-e-type=\"widget\" data-widget_type=\"text-editor.default\">\n\t\t\t\t<div class=\"elementor-widget-container\">\n\t\t\t\t\t\t\t\t\t<p>Contacte-nos para mais informa\u00e7\u00f5es ou solicite uma demonstra\u00e7\u00e3o. Estamos felizes em ajud\u00e1-lo ao conduzi-lo atrav\u00e9s do processo e fornecendo todo o apoio necess\u00e1rio necess\u00e1rio. Comece um julgamento gratuito e veja a si mesmo quanto dinheiro e tempo pode economizar. Aja agora!<\/p>\n\t\t\t\t\t\t\t\t<\/div>\n\t\t\t\t<\/div>\n\t\t\t\t\t<\/div>\n\t\t<\/div>\n\t\t\t\t\t<\/div>\n\t\t<\/section>\n\t\t\t\t<\/div>\n\t\t","protected":false},"excerpt":{"rendered":"<p>Sobre o Logtime Junte-se a mais de 1000 empresas acelerando o seu sistema de entrega com a Logdis Quem somos Logtime \u00e9 uma equipa experiente de profissionais altamente qualificados. Somos de diferentes cidades, somos de idades diferentes, mas o que nos une \u00e9 a paix\u00e3o por criar solu\u00e7\u00f5es B2B destinadas a ajudar os nossos clientes [&hellip;]<\/p>\n","protected":false},"author":1,"featured_media":0,"parent":0,"menu_order":0,"comment_status":"closed","ping_status":"closed","template":"elementor_header_footer","meta":{"footnotes":""},"class_list":["post-10647","page","type-page","status-publish","hentry"],"yoast_head":"<!-- This site is optimized with the Yoast SEO plugin v26.8 - https:\/\/yoast.com\/product\/yoast-seo-wordpress\/ -->\n<title>Quem somos - Logdio - delivery management tool - tudo em uma solu\u00e7\u00e3o!<\/title>\n<meta name=\"description\" content=\"Software de gest\u00e3o de entrega de logdio. M\u00f3vel tudo numa solu\u00e7\u00e3o para otimiza\u00e7\u00e3o de rotas e rastreio de entrega em tempo real. Clique aqui para saber mais sobre n\u00f3s.\" \/>\n<meta name=\"robots\" content=\"index, follow, max-snippet:-1, max-image-preview:large, max-video-preview:-1\" \/>\n<link rel=\"canonical\" href=\"https:\/\/logdio.com\/pt-br\/quem-somos\/\" \/>\n<meta property=\"og:locale\" content=\"pt_BR\" \/>\n<meta property=\"og:type\" content=\"article\" \/>\n<meta property=\"og:title\" content=\"Quem somos - Logdio - delivery management tool - tudo em uma solu\u00e7\u00e3o!\" \/>\n<meta property=\"og:description\" content=\"Software de gest\u00e3o de entrega de logdio. M\u00f3vel tudo numa solu\u00e7\u00e3o para otimiza\u00e7\u00e3o de rotas e rastreio de entrega em tempo real. Clique aqui para saber mais sobre n\u00f3s.\" \/>\n<meta property=\"og:url\" content=\"https:\/\/logdio.com\/pt-br\/quem-somos\/\" \/>\n<meta property=\"og:site_name\" content=\"Logdio - delivery management tool\" \/>\n<meta property=\"article:publisher\" content=\"https:\/\/www.facebook.com\/logtime.eu\/\" \/>\n<meta property=\"article:modified_time\" content=\"2023-08-20T21:34:53+00:00\" \/>\n<meta name=\"twitter:card\" content=\"summary_large_image\" \/>\n<meta name=\"twitter:label1\" content=\"Est. tempo de leitura\" \/>\n\t<meta name=\"twitter:data1\" content=\"2 minutos\" \/>\n<script type=\"application\/ld+json\" class=\"yoast-schema-graph\">{\"@context\":\"https:\/\/schema.org\",\"@graph\":[{\"@type\":\"WebPage\",\"@id\":\"https:\/\/logdio.com\/pt-br\/quem-somos\/\",\"url\":\"https:\/\/logdio.com\/pt-br\/quem-somos\/\",\"name\":\"Quem somos - Logdio - delivery management tool - tudo em uma solu\u00e7\u00e3o!\",\"isPartOf\":{\"@id\":\"https:\/\/logdio.com\/pt-br\/#website\"},\"datePublished\":\"2021-08-24T05:16:54+00:00\",\"dateModified\":\"2023-08-20T21:34:53+00:00\",\"description\":\"Software de gest\u00e3o de entrega de logdio. M\u00f3vel tudo numa solu\u00e7\u00e3o para otimiza\u00e7\u00e3o de rotas e rastreio de entrega em tempo real. Clique aqui para saber mais sobre n\u00f3s.\",\"breadcrumb\":{\"@id\":\"https:\/\/logdio.com\/pt-br\/quem-somos\/#breadcrumb\"},\"inLanguage\":\"pt-BR\",\"potentialAction\":[{\"@type\":\"ReadAction\",\"target\":[\"https:\/\/logdio.com\/pt-br\/quem-somos\/\"]}]},{\"@type\":\"BreadcrumbList\",\"@id\":\"https:\/\/logdio.com\/pt-br\/quem-somos\/#breadcrumb\",\"itemListElement\":[{\"@type\":\"ListItem\",\"position\":1,\"name\":\"Home\",\"item\":\"https:\/\/logdio.com\/pt-br\/pagina-de-desembarque\/\"},{\"@type\":\"ListItem\",\"position\":2,\"name\":\"Quem somos\"}]},{\"@type\":\"WebSite\",\"@id\":\"https:\/\/logdio.com\/pt-br\/#website\",\"url\":\"https:\/\/logdio.com\/pt-br\/\",\"name\":\"Logdio - delivery management tool\",\"description\":\"Next level delivery management software\",\"publisher\":{\"@id\":\"https:\/\/logdio.com\/pt-br\/#organization\"},\"potentialAction\":[{\"@type\":\"SearchAction\",\"target\":{\"@type\":\"EntryPoint\",\"urlTemplate\":\"https:\/\/logdio.com\/pt-br\/?s={search_term_string}\"},\"query-input\":{\"@type\":\"PropertyValueSpecification\",\"valueRequired\":true,\"valueName\":\"search_term_string\"}}],\"inLanguage\":\"pt-BR\"},{\"@type\":\"Organization\",\"@id\":\"https:\/\/logdio.com\/pt-br\/#organization\",\"name\":\"Logdio\",\"url\":\"https:\/\/logdio.com\/pt-br\/\",\"logo\":{\"@type\":\"ImageObject\",\"inLanguage\":\"pt-BR\",\"@id\":\"https:\/\/logdio.com\/pt-br\/#\/schema\/logo\/image\/\",\"url\":\"https:\/\/logdio.com\/wp-content\/uploads\/2021\/05\/Logdio.svg\",\"contentUrl\":\"https:\/\/logdio.com\/wp-content\/uploads\/2021\/05\/Logdio.svg\",\"width\":4.44919,\"height\":1.1285,\"caption\":\"Logdio\"},\"image\":{\"@id\":\"https:\/\/logdio.com\/pt-br\/#\/schema\/logo\/image\/\"},\"sameAs\":[\"https:\/\/www.facebook.com\/logtime.eu\/\",\"https:\/\/www.linkedin.com\/company\/logtime\"]}]}<\/script>\n<!-- \/ Yoast SEO plugin. -->","yoast_head_json":{"title":"Quem somos - Logdio - delivery management tool - tudo em uma solu\u00e7\u00e3o!","description":"Software de gest\u00e3o de entrega de logdio. M\u00f3vel tudo numa solu\u00e7\u00e3o para otimiza\u00e7\u00e3o de rotas e rastreio de entrega em tempo real. Clique aqui para saber mais sobre n\u00f3s.","robots":{"index":"index","follow":"follow","max-snippet":"max-snippet:-1","max-image-preview":"max-image-preview:large","max-video-preview":"max-video-preview:-1"},"canonical":"https:\/\/logdio.com\/pt-br\/quem-somos\/","og_locale":"pt_BR","og_type":"article","og_title":"Quem somos - Logdio - delivery management tool - tudo em uma solu\u00e7\u00e3o!","og_description":"Software de gest\u00e3o de entrega de logdio. M\u00f3vel tudo numa solu\u00e7\u00e3o para otimiza\u00e7\u00e3o de rotas e rastreio de entrega em tempo real. Clique aqui para saber mais sobre n\u00f3s.","og_url":"https:\/\/logdio.com\/pt-br\/quem-somos\/","og_site_name":"Logdio - delivery management tool","article_publisher":"https:\/\/www.facebook.com\/logtime.eu\/","article_modified_time":"2023-08-20T21:34:53+00:00","twitter_card":"summary_large_image","twitter_misc":{"Est. tempo de leitura":"2 minutos"},"schema":{"@context":"https:\/\/schema.org","@graph":[{"@type":"WebPage","@id":"https:\/\/logdio.com\/pt-br\/quem-somos\/","url":"https:\/\/logdio.com\/pt-br\/quem-somos\/","name":"Quem somos - Logdio - delivery management tool - tudo em uma solu\u00e7\u00e3o!","isPartOf":{"@id":"https:\/\/logdio.com\/pt-br\/#website"},"datePublished":"2021-08-24T05:16:54+00:00","dateModified":"2023-08-20T21:34:53+00:00","description":"Software de gest\u00e3o de entrega de logdio. M\u00f3vel tudo numa solu\u00e7\u00e3o para otimiza\u00e7\u00e3o de rotas e rastreio de entrega em tempo real. Clique aqui para saber mais sobre n\u00f3s.","breadcrumb":{"@id":"https:\/\/logdio.com\/pt-br\/quem-somos\/#breadcrumb"},"inLanguage":"pt-BR","potentialAction":[{"@type":"ReadAction","target":["https:\/\/logdio.com\/pt-br\/quem-somos\/"]}]},{"@type":"BreadcrumbList","@id":"https:\/\/logdio.com\/pt-br\/quem-somos\/#breadcrumb","itemListElement":[{"@type":"ListItem","position":1,"name":"Home","item":"https:\/\/logdio.com\/pt-br\/pagina-de-desembarque\/"},{"@type":"ListItem","position":2,"name":"Quem somos"}]},{"@type":"WebSite","@id":"https:\/\/logdio.com\/pt-br\/#website","url":"https:\/\/logdio.com\/pt-br\/","name":"Logdio - delivery management tool","description":"Next level delivery management software","publisher":{"@id":"https:\/\/logdio.com\/pt-br\/#organization"},"potentialAction":[{"@type":"SearchAction","target":{"@type":"EntryPoint","urlTemplate":"https:\/\/logdio.com\/pt-br\/?s={search_term_string}"},"query-input":{"@type":"PropertyValueSpecification","valueRequired":true,"valueName":"search_term_string"}}],"inLanguage":"pt-BR"},{"@type":"Organization","@id":"https:\/\/logdio.com\/pt-br\/#organization","name":"Logdio","url":"https:\/\/logdio.com\/pt-br\/","logo":{"@type":"ImageObject","inLanguage":"pt-BR","@id":"https:\/\/logdio.com\/pt-br\/#\/schema\/logo\/image\/","url":"https:\/\/logdio.com\/wp-content\/uploads\/2021\/05\/Logdio.svg","contentUrl":"https:\/\/logdio.com\/wp-content\/uploads\/2021\/05\/Logdio.svg","width":4.44919,"height":1.1285,"caption":"Logdio"},"image":{"@id":"https:\/\/logdio.com\/pt-br\/#\/schema\/logo\/image\/"},"sameAs":["https:\/\/www.facebook.com\/logtime.eu\/","https:\/\/www.linkedin.com\/company\/logtime"]}]}},"_links":{"self":[{"href":"https:\/\/logdio.com\/pt-br\/wp-json\/wp\/v2\/pages\/10647","targetHints":{"allow":["GET"]}}],"collection":[{"href":"https:\/\/logdio.com\/pt-br\/wp-json\/wp\/v2\/pages"}],"about":[{"href":"https:\/\/logdio.com\/pt-br\/wp-json\/wp\/v2\/types\/page"}],"author":[{"embeddable":true,"href":"https:\/\/logdio.com\/pt-br\/wp-json\/wp\/v2\/users\/1"}],"replies":[{"embeddable":true,"href":"https:\/\/logdio.com\/pt-br\/wp-json\/wp\/v2\/comments?post=10647"}],"version-history":[{"count":3,"href":"https:\/\/logdio.com\/pt-br\/wp-json\/wp\/v2\/pages\/10647\/revisions"}],"predecessor-version":[{"id":11550,"href":"https:\/\/logdio.com\/pt-br\/wp-json\/wp\/v2\/pages\/10647\/revisions\/11550"}],"wp:attachment":[{"href":"https:\/\/logdio.com\/pt-br\/wp-json\/wp\/v2\/media?parent=10647"}],"curies":[{"name":"wp","href":"https:\/\/api.w.org\/{rel}","templated":true}]}}