{"id":7535,"date":"2021-08-23T22:02:09","date_gmt":"2021-08-23T19:02:09","guid":{"rendered":"https:\/\/logdio.com\/planowanie-trasy-dostawy\/"},"modified":"2023-08-21T00:31:07","modified_gmt":"2023-08-20T21:31:07","slug":"planowanie-trasy-dostawy","status":"publish","type":"page","link":"https:\/\/logdio.com\/pl\/planowanie-trasy-dostawy\/","title":{"rendered":"Planowanie trasy dostawy"},"content":{"rendered":"\t\t<div data-elementor-type=\"wp-page\" data-elementor-id=\"7535\" class=\"elementor elementor-7535 elementor-1056\" data-elementor-post-type=\"page\">\n\t\t\t\t\t\t<section class=\"has_ma_el_bg_slider elementor-section elementor-top-section elementor-element elementor-element-bb4cbd0 elementor-section-boxed elementor-section-height-default elementor-section-height-default jltma-glass-effect-no\" data-id=\"bb4cbd0\" data-element_type=\"section\" data-e-type=\"section\" data-settings=\"{&quot;jet_parallax_layout_list&quot;:[{&quot;jet_parallax_layout_image&quot;:{&quot;url&quot;:&quot;&quot;,&quot;id&quot;:&quot;&quot;,&quot;size&quot;:&quot;&quot;},&quot;_id&quot;:&quot;dcee667&quot;,&quot;jet_parallax_layout_image_tablet&quot;:{&quot;url&quot;:&quot;&quot;,&quot;id&quot;:&quot;&quot;,&quot;size&quot;:&quot;&quot;},&quot;jet_parallax_layout_image_mobile&quot;:{&quot;url&quot;:&quot;&quot;,&quot;id&quot;:&quot;&quot;,&quot;size&quot;:&quot;&quot;},&quot;jet_parallax_layout_speed&quot;:{&quot;unit&quot;:&quot;%&quot;,&quot;size&quot;:50,&quot;sizes&quot;:[]},&quot;jet_parallax_layout_type&quot;:&quot;scroll&quot;,&quot;jet_parallax_layout_direction&quot;:null,&quot;jet_parallax_layout_fx_direction&quot;:null,&quot;jet_parallax_layout_z_index&quot;:&quot;&quot;,&quot;jet_parallax_layout_bg_x&quot;:50,&quot;jet_parallax_layout_bg_x_tablet&quot;:&quot;&quot;,&quot;jet_parallax_layout_bg_x_mobile&quot;:&quot;&quot;,&quot;jet_parallax_layout_bg_y&quot;:50,&quot;jet_parallax_layout_bg_y_tablet&quot;:&quot;&quot;,&quot;jet_parallax_layout_bg_y_mobile&quot;:&quot;&quot;,&quot;jet_parallax_layout_bg_size&quot;:&quot;auto&quot;,&quot;jet_parallax_layout_bg_size_tablet&quot;:&quot;&quot;,&quot;jet_parallax_layout_bg_size_mobile&quot;:&quot;&quot;,&quot;jet_parallax_layout_animation_prop&quot;:&quot;transform&quot;,&quot;jet_parallax_layout_on&quot;:[&quot;desktop&quot;,&quot;tablet&quot;]}]}\">\n\t\t\t\t\t\t<div class=\"elementor-container elementor-column-gap-default\">\n\t\t\t\t\t<div class=\"has_ma_el_bg_slider elementor-column elementor-col-100 elementor-top-column elementor-element elementor-element-d8f9397 jltma-glass-effect-no\" data-id=\"d8f9397\" data-element_type=\"column\" data-e-type=\"column\">\n\t\t\t<div class=\"elementor-widget-wrap elementor-element-populated\">\n\t\t\t\t\t\t<div class=\"elementor-element elementor-element-ab71b3f jltma-glass-effect-no elementor-widget elementor-widget-heading\" data-id=\"ab71b3f\" data-element_type=\"widget\" data-e-type=\"widget\" data-widget_type=\"heading.default\">\n\t\t\t\t<div class=\"elementor-widget-container\">\n\t\t\t\t\t<h1 class=\"elementor-heading-title elementor-size-default\">Planowanie trasy dostawy<\/h1>\t\t\t\t<\/div>\n\t\t\t\t<\/div>\n\t\t\t\t\t<\/div>\n\t\t<\/div>\n\t\t\t\t\t<\/div>\n\t\t<\/section>\n\t\t\t\t<section class=\"has_ma_el_bg_slider elementor-section elementor-top-section elementor-element elementor-element-9a53e57 elementor-section-boxed elementor-section-height-default elementor-section-height-default jltma-glass-effect-no\" data-id=\"9a53e57\" data-element_type=\"section\" data-e-type=\"section\" data-settings=\"{&quot;jet_parallax_layout_list&quot;:[{&quot;jet_parallax_layout_image&quot;:{&quot;url&quot;:&quot;&quot;,&quot;id&quot;:&quot;&quot;,&quot;size&quot;:&quot;&quot;},&quot;_id&quot;:&quot;c42d9be&quot;,&quot;jet_parallax_layout_image_tablet&quot;:{&quot;url&quot;:&quot;&quot;,&quot;id&quot;:&quot;&quot;,&quot;size&quot;:&quot;&quot;},&quot;jet_parallax_layout_image_mobile&quot;:{&quot;url&quot;:&quot;&quot;,&quot;id&quot;:&quot;&quot;,&quot;size&quot;:&quot;&quot;},&quot;jet_parallax_layout_speed&quot;:{&quot;unit&quot;:&quot;%&quot;,&quot;size&quot;:50,&quot;sizes&quot;:[]},&quot;jet_parallax_layout_type&quot;:&quot;scroll&quot;,&quot;jet_parallax_layout_direction&quot;:null,&quot;jet_parallax_layout_fx_direction&quot;:null,&quot;jet_parallax_layout_z_index&quot;:&quot;&quot;,&quot;jet_parallax_layout_bg_x&quot;:50,&quot;jet_parallax_layout_bg_x_tablet&quot;:&quot;&quot;,&quot;jet_parallax_layout_bg_x_mobile&quot;:&quot;&quot;,&quot;jet_parallax_layout_bg_y&quot;:50,&quot;jet_parallax_layout_bg_y_tablet&quot;:&quot;&quot;,&quot;jet_parallax_layout_bg_y_mobile&quot;:&quot;&quot;,&quot;jet_parallax_layout_bg_size&quot;:&quot;auto&quot;,&quot;jet_parallax_layout_bg_size_tablet&quot;:&quot;&quot;,&quot;jet_parallax_layout_bg_size_mobile&quot;:&quot;&quot;,&quot;jet_parallax_layout_animation_prop&quot;:&quot;transform&quot;,&quot;jet_parallax_layout_on&quot;:[&quot;desktop&quot;,&quot;tablet&quot;]}]}\">\n\t\t\t\t\t\t<div class=\"elementor-container elementor-column-gap-default\">\n\t\t\t\t\t<div class=\"has_ma_el_bg_slider elementor-column elementor-col-100 elementor-top-column elementor-element elementor-element-0f35f0a jltma-glass-effect-no\" data-id=\"0f35f0a\" data-element_type=\"column\" data-e-type=\"column\">\n\t\t\t<div class=\"elementor-widget-wrap elementor-element-populated\">\n\t\t\t\t\t\t<div class=\"elementor-element elementor-element-2972b23 jltma-glass-effect-no elementor-widget elementor-widget-text-editor\" data-id=\"2972b23\" data-element_type=\"widget\" data-e-type=\"widget\" data-widget_type=\"text-editor.default\">\n\t\t\t\t<div class=\"elementor-widget-container\">\n\t\t\t\t\t\t\t\t\t<p>Firmy posiadaj\u0105ce w\u0142asne dostawy chc\u0105 dostarcza\u0107 zam\u00f3wienia do klient\u00f3w na czas i obni\u017cy\u0107 koszty logistyczne. Zwyk\u0142e zadania firmy kurierskiej wygl\u0105daj\u0105 nast\u0119puj\u0105co: logistyk przyjmuje zlecenia i rozdziela trasy, kurier dostarcza zlecenia i raportuje prac\u0119. Algorytm wygl\u0105da prosto, ale logistyk musi bra\u0107 pod uwag\u0119 okna czasowe dostaw, czas na spotkanie z klientem, korki. Nale\u017cy r\u00f3wnie\u017c kontrolowa\u0107 kurier\u00f3w i monitorowa\u0107 jako\u015b\u0107 dostaw. Trudno jest poradzi\u0107 sobie z tym r\u0119cznie. Planowanie trasy dostawy rozwi\u0105zuje ten problem.<\/p>\n<p>Dowiedzmy si\u0119, czym jest planer tras dostaw, jakie s\u0105 jego zalety i kt\u00f3re oprogramowanie jest dla Ciebie odpowiednie.  <\/p>\n<\/p>\n<h2><strong>Co to jest planista tras dostaw?<\/strong><\/h2>\n<p>Planer tras dostaw to oprogramowanie, kt\u00f3re s\u0142u\u017cy do optymalizacji tras dla dostaw. Us\u0142uga routingu automatycznie dystrybuuje setki zlece\u0144 w ci\u0105gu kilku minut. Logistyk sp\u0119dza nad tym kilka godzin, rozdzielaj\u0105c trasy r\u0119cznie lub w trybie p\u00f3\u0142automatycznym. Czas nie jest jedynym b\u00f3lem.<\/p>\n<p>Aby zaplanowa\u0107 podr\u00f3\u017ce kurierskie na dok\u0142adny czas, logistyk musi wzi\u0105\u0107 pod uwag\u0119 remonty dr\u00f3g i prognoz\u0119 nat\u0119\u017cenia ruchu, por\u00f3wna\u0107 kilka tras i wybra\u0107 najlepsz\u0105. Je\u015bli nie zostanie to odpowiednio zaplanowane, kurier przyjedzie wcze\u015bniej lub p\u00f3\u017aniej. Czasami firmy korzystaj\u0105 z narz\u0119dzi do planowania tras dostaw, kt\u00f3re uwzgl\u0119dniaj\u0105 zatory drogowe lub wska\u017aniki zat\u0142oczenia w godzinach porannych, wieczornych i popo\u0142udniowych. Bior\u0105c pod uwag\u0119 korki tu i teraz, nie b\u0119dzie mo\u017cliwe zaplanowanie trasy na jutro. Je\u015bli we\u017amiemy pod uwag\u0119 wsp\u00f3\u0142czynniki, trzeba b\u0119dzie zaplanowa\u0107 op\u00f3\u017anienia.  <\/p>\n<p>Algorytm przechodzi przez oko\u0142o miliard kombinacji w ci\u0105gu kilku minut i podaje optymaln\u0105 tras\u0119. Logistyk nie mo\u017ce tego zrobi\u0107. Takie podej\u015bcie skraca czas pracy logistyka i redukuje liczb\u0119 op\u00f3\u017anie\u0144 do zera.<\/p>\n<p>Najlepsz\u0105 rzecz\u0105 w planowaniu trasy dla dostaw jest to, \u017ce nie jest ona ograniczona do konkretnej firmy. Program mo\u017ce by\u0107 wykorzystywany przez:<\/p>\n<ul>\n<li>Firma kurierska<\/li>\n<li>Serwis dostawczy<\/li>\n<li>Poczta ekspresowa<\/li>\n<li>Firma logistyczna<\/li>\n<li>Przedsi\u0119biorstwo handlowe<\/li>\n<li>Ka\u017cda inna organizacja<\/li>\n<\/ul>\n<p>Przedsi\u0119biorstwa te mog\u0105 uzyska\u0107 nast\u0119puj\u0105ce dwie g\u0142\u00f3wne korzy\u015bci z systemu planowania tras dostaw:  <\/p>\n<p><strong>Dostawa na czas<\/strong> lojalno\u015bci klienta i zamiana na zap\u0142at\u0119 za zam\u00f3wienie w zale\u017cno\u015bci od szybko\u015bci i dok\u0142adno\u015bci dostawy. Przyk\u0142adowo, klient banku wydaje przesy\u0142k\u0119 z kart\u0105 kredytow\u0105, aby pilnie zap\u0142aci\u0107 za leczenie. Je\u015bli kurier prze\u0142o\u017cy termin spotkania, istnieje ryzyko, \u017ce klient zrezygnuje z dostawy i skontaktuje si\u0119 z innym bankiem &#8211; spadnie konwersja na aktywacj\u0119 karty kredytowej. Innym przyk\u0142adem jest dostawa ubra\u0144 z przymiark\u0105. Kupuj\u0105cy p\u0142aci za zam\u00f3wienie dopiero po monta\u017cu.  <\/p>\n<p>Je\u015bli \u017ale zaplanujesz tras\u0119, kurier b\u0119dzie si\u0119 sp\u00f3\u017ania\u0142. Algorytm wyznaczania tras uwzgl\u0119dnia nie tylko korki i warunki drogowe, ale tak\u017ce parametry biznesowe. W rezultacie przechodzi przez oko\u0142o miliard mo\u017cliwych iteracji i daje optymalny wynik. Pozwala to ograniczy\u0107 i wyeliminowa\u0107 op\u00f3\u017anienia, a klienci nadal mog\u0105 wybiera\u0107 w\u0105skie przedzia\u0142y czasowe dostaw.  <\/p>\n<p>To nie s\u0105 jedyne mo\u017cliwo\u015bci. Mo\u017cesz wzi\u0105\u0107 pod uwag\u0119 wymiary towar\u00f3w, godziny pracy magazynu i inne istotne cechy dostawy za pomoc\u0105 aplikacji do planowania dostaw.<\/p>\n<\/p>\n<h3>Szybkie planowanie<\/h3>\n<p>Po pierwsze, logistyk nie musi korzysta\u0107 z r\u00f3\u017cnych serwis\u00f3w &#8211; w jednym oknie buduje trasy i \u015bledzi realizacj\u0119 zlece\u0144. To ju\u017c skraca czas. Po drugie, logistyk nie traci czasu na planowanie. Us\u0142uga ta automatycznie wyznacza trasy.  <\/p>\n<p>Serwis pokazuje tras\u0119 ka\u017cdego kuriera lub pojazdu, ile zam\u00f3wie\u0144 zosta\u0142o dostarczonych i czy s\u0105 jakie\u015b naruszenia.  <\/p>\n<p>Logistyk mo\u017ce r\u00f3wnie\u017c r\u0119cznie korygowa\u0107 zam\u00f3wienia. Jest to wygodne, je\u015bli pojawi\u0142y si\u0119 nowe zam\u00f3wienia. Po pierwsze, serwis rozdziela wszystkie zlecenia do wszystkich kurier\u00f3w. Je\u015bli pojawi si\u0119 nowe zlecenie, logistyk dodaje punkt na ko\u0144cu trasy do kuriera, kt\u00f3ry jest w drodze. Je\u015bli redystrybuujesz jedn\u0105 tras\u0119 automatycznie, wszystkie trasy zostan\u0105 przebudowane; jest to niewygodne.<\/p>\n<\/p>\n<h2><strong>Jak zaoszcz\u0119dzi\u0107 na kosztach dostawy?<\/strong><\/h2>\n<p>Aplikacja do planowania tras dostaw oblicza wiele tras, bior\u0105c pod uwag\u0119 prognoz\u0119 kork\u00f3w, dane o poprzednich trasach, spos\u00f3b poruszania si\u0119 kurier\u00f3w i proponuje najlepsz\u0105 opcj\u0119.<\/p>\n<p>Na przyk\u0142ad, musisz dostarczy\u0107 jutro 750 zam\u00f3wie\u0144. Dwudziestu kurier\u00f3w dostarcza zam\u00f3wienia pieszo, dziesi\u0119ciu kurier\u00f3w komunikacj\u0105 miejsk\u0105, a pi\u0119ciu kurier\u00f3w samochodem.  <\/p>\n<p>Logistyk widzi w aplikacji harmonogram pracy kurier\u00f3w i kalendarz zlece\u0144. Wszystko, czego potrzebujesz do dystrybucji zam\u00f3wie\u0144, to klikni\u0119cie przycisku. Wbudowana us\u0142uga routingu automatycznie okre\u015bli, ile zam\u00f3wie\u0144 pracownicy mog\u0105 dostarczy\u0107 w odpowiednim czasie. Je\u015bli jest wielu pieszych kurier\u00f3w, zaproponuj, \u017ce dostarczysz us\u0142ug\u0119 pieszo i nie wzywaj kierowc\u00f3w, aby nie marnowali paliwa. W ten spos\u00f3b jest taniej.<\/p>\n<\/p>\n<h2><strong>Jakiego oprogramowania do planowania tras dostaw u\u017cywa\u0107?<\/strong><\/h2>\n<p>Teraz nadszed\u0142 czas, aby poszuka\u0107 odpowiednich us\u0142ug. Pami\u0119taj, \u017ce istnieje wiele opcji, ale w\u0142a\u015bciwy planer trasy dla kierowc\u00f3w dostawczych to ten, kt\u00f3ry wnosi prawdziw\u0105 warto\u015b\u0107 dodan\u0105 do Twojego biznesu. Ka\u017cda platforma nie oferuje dobrych us\u0142ug w odpowiedniej cenie. R\u00f3wnie\u017c zap\u0142acenie wy\u017cszej ceny za nowy biznes mo\u017ce by\u0107 wyzwaniem.  <\/p>\n<p>Potrzebujesz wi\u0119c pakietu, kt\u00f3ry spe\u0142ni Twoje wymagania biznesowe. Oto, co nale\u017cy wzi\u0105\u0107 pod uwag\u0119:  <\/p>\n<ul>\n<li>Rozs\u0105dne ceny<\/li>\n<li>Cechy niezb\u0119dne w systemie dyspozytorskim  <\/li>\n<li>Proste rozwi\u0105zania dla wszystkich rodzaj\u00f3w wymaga\u0144 biznesowych  <\/li>\n<li>Bezp\u0142atna pr\u00f3ba: Zapisz si\u0119 na bezp\u0142atn\u0105 wersj\u0119 pr\u00f3bn\u0105 i przekonaj si\u0119 sam o rezultatach!  <\/li>\n<\/ul>\n<h2><strong>Dlaczego warto wybra\u0107 Logdio?<\/strong><\/h2>\n<p>Logdio oferuje Pa\u0144stwu nasze do\u015bwiadczenie w opracowywaniu i wdra\u017caniu najszybszych system\u00f3w planowania tras do zarz\u0105dzania procesami dostaw, kt\u00f3re s\u0105 z powodzeniem stosowane przez wielu naszych klient\u00f3w.<\/p>\n<p>Logdio to system projektowy, kt\u00f3ry pozwala na wdro\u017cenie w\u0142asnej us\u0142ugi kurierskiej w przedsi\u0119biorstwie, zautomatyzowanie pracy i zorganizowanie pe\u0142nej kontroli nad kurierami.<\/p>\n<p>Wybierz wymagan\u0105 funkcjonalno\u015b\u0107, okre\u015bl poziom personalizacji interfejsu, w\u0142\u0105cz do monta\u017cu dodatkowe modu\u0142y i opcje opracowane dla Twojego biznesu. Logdio delivery route planner app UK przeprowadzi pe\u0142en cykl automatyzacji i dostosowania do potrzeb klienta: od analizy biznesowej po wdro\u017cenie.<\/p>\n<p>Sprawd\u017a darmow\u0105 wersj\u0119 pr\u00f3bn\u0105&#8221; aplikacji do planowania trasy dla kierowc\u00f3w dostawczych&#8221; i skontaktuj si\u0119, aby uzyska\u0107 wi\u0119cej szczeg\u00f3\u0142\u00f3w.  <\/p>\n\t\t\t\t\t\t\t\t<\/div>\n\t\t\t\t<\/div>\n\t\t\t\t\t<\/div>\n\t\t<\/div>\n\t\t\t\t\t<\/div>\n\t\t<\/section>\n\t\t\t\t<\/div>\n\t\t","protected":false},"excerpt":{"rendered":"<p>Firmy posiadaj\u0105ce w\u0142asne dostawy chc\u0105 dostarcza\u0107 zam\u00f3wienia do klient\u00f3w na czas i obni\u017cy\u0107 koszty logistyczne. Zwyk\u0142e zadania firmy kurierskiej wygl\u0105daj\u0105 nast\u0119puj\u0105co: logistyk przyjmuje zlecenia i rozdziela trasy, kurier dostarcza zlecenia i raportuje prac\u0119. Algorytm wygl\u0105da prosto, ale logistyk musi bra\u0107 pod uwag\u0119 okna czasowe dostaw, czas na spotkanie z klientem, korki. Nale\u017cy r\u00f3wnie\u017c kontrolowa\u0107 kurier\u00f3w [&hellip;]<\/p>\n","protected":false},"author":1,"featured_media":0,"parent":0,"menu_order":0,"comment_status":"closed","ping_status":"closed","template":"elementor_header_footer","meta":{"footnotes":""},"class_list":["post-7535","page","type-page","status-publish","hentry"],"yoast_head":"<!-- This site is optimized with the Yoast SEO plugin v26.8 - https:\/\/yoast.com\/product\/yoast-seo-wordpress\/ -->\n<title>Planowanie trasy dostawy - Logdio - delivery management tool<\/title>\n<meta name=\"description\" content=\"Zwi\u0119ksz swoj\u0105 produktywno\u015b\u0107 dzi\u0119ki narz\u0119dziu do planowania tras dostaw Logdis. Mapy Google nie s\u0105 ju\u017c potrzebne. Zapewniamy \u0142atw\u0105 w u\u017cyciu aplikacj\u0119 dla firm kurierskich.\" \/>\n<meta name=\"robots\" content=\"index, follow, max-snippet:-1, max-image-preview:large, max-video-preview:-1\" \/>\n<link rel=\"canonical\" href=\"https:\/\/logdio.com\/pl\/planowanie-trasy-dostawy\/\" \/>\n<meta property=\"og:locale\" content=\"pl_PL\" \/>\n<meta property=\"og:type\" content=\"article\" \/>\n<meta property=\"og:title\" content=\"Planowanie trasy dostawy - Logdio - delivery management tool\" \/>\n<meta property=\"og:description\" content=\"Zwi\u0119ksz swoj\u0105 produktywno\u015b\u0107 dzi\u0119ki narz\u0119dziu do planowania tras dostaw Logdis. Mapy Google nie s\u0105 ju\u017c potrzebne. Zapewniamy \u0142atw\u0105 w u\u017cyciu aplikacj\u0119 dla firm kurierskich.\" \/>\n<meta property=\"og:url\" content=\"https:\/\/logdio.com\/pl\/planowanie-trasy-dostawy\/\" \/>\n<meta property=\"og:site_name\" content=\"Logdio - delivery management tool\" \/>\n<meta property=\"article:publisher\" content=\"https:\/\/www.facebook.com\/logtime.eu\/\" \/>\n<meta property=\"article:modified_time\" content=\"2023-08-20T21:31:07+00:00\" \/>\n<meta name=\"twitter:card\" content=\"summary_large_image\" \/>\n<meta name=\"twitter:label1\" content=\"Szacowany czas czytania\" \/>\n\t<meta name=\"twitter:data1\" content=\"5 minut\" \/>\n<script type=\"application\/ld+json\" class=\"yoast-schema-graph\">{\"@context\":\"https:\/\/schema.org\",\"@graph\":[{\"@type\":\"WebPage\",\"@id\":\"https:\/\/logdio.com\/pl\/planowanie-trasy-dostawy\/\",\"url\":\"https:\/\/logdio.com\/pl\/planowanie-trasy-dostawy\/\",\"name\":\"Planowanie trasy dostawy - Logdio - delivery management tool\",\"isPartOf\":{\"@id\":\"https:\/\/logdio.com\/pl\/#website\"},\"datePublished\":\"2021-08-23T19:02:09+00:00\",\"dateModified\":\"2023-08-20T21:31:07+00:00\",\"description\":\"Zwi\u0119ksz swoj\u0105 produktywno\u015b\u0107 dzi\u0119ki narz\u0119dziu do planowania tras dostaw Logdis. Mapy Google nie s\u0105 ju\u017c potrzebne. Zapewniamy \u0142atw\u0105 w u\u017cyciu aplikacj\u0119 dla firm kurierskich.\",\"breadcrumb\":{\"@id\":\"https:\/\/logdio.com\/pl\/planowanie-trasy-dostawy\/#breadcrumb\"},\"inLanguage\":\"pl-PL\",\"potentialAction\":[{\"@type\":\"ReadAction\",\"target\":[\"https:\/\/logdio.com\/pl\/planowanie-trasy-dostawy\/\"]}]},{\"@type\":\"BreadcrumbList\",\"@id\":\"https:\/\/logdio.com\/pl\/planowanie-trasy-dostawy\/#breadcrumb\",\"itemListElement\":[{\"@type\":\"ListItem\",\"position\":1,\"name\":\"Home\",\"item\":\"https:\/\/logdio.com\/pl\/landing-page\/\"},{\"@type\":\"ListItem\",\"position\":2,\"name\":\"Planowanie trasy dostawy\"}]},{\"@type\":\"WebSite\",\"@id\":\"https:\/\/logdio.com\/pl\/#website\",\"url\":\"https:\/\/logdio.com\/pl\/\",\"name\":\"Logdio - delivery management tool\",\"description\":\"Next level delivery management software\",\"publisher\":{\"@id\":\"https:\/\/logdio.com\/pl\/#organization\"},\"potentialAction\":[{\"@type\":\"SearchAction\",\"target\":{\"@type\":\"EntryPoint\",\"urlTemplate\":\"https:\/\/logdio.com\/pl\/?s={search_term_string}\"},\"query-input\":{\"@type\":\"PropertyValueSpecification\",\"valueRequired\":true,\"valueName\":\"search_term_string\"}}],\"inLanguage\":\"pl-PL\"},{\"@type\":\"Organization\",\"@id\":\"https:\/\/logdio.com\/pl\/#organization\",\"name\":\"Logdio\",\"url\":\"https:\/\/logdio.com\/pl\/\",\"logo\":{\"@type\":\"ImageObject\",\"inLanguage\":\"pl-PL\",\"@id\":\"https:\/\/logdio.com\/pl\/#\/schema\/logo\/image\/\",\"url\":\"https:\/\/logdio.com\/wp-content\/uploads\/2021\/05\/Logdio.svg\",\"contentUrl\":\"https:\/\/logdio.com\/wp-content\/uploads\/2021\/05\/Logdio.svg\",\"width\":4.44919,\"height\":1.1285,\"caption\":\"Logdio\"},\"image\":{\"@id\":\"https:\/\/logdio.com\/pl\/#\/schema\/logo\/image\/\"},\"sameAs\":[\"https:\/\/www.facebook.com\/logtime.eu\/\",\"https:\/\/www.linkedin.com\/company\/logtime\"]}]}<\/script>\n<!-- \/ Yoast SEO plugin. -->","yoast_head_json":{"title":"Planowanie trasy dostawy - Logdio - delivery management tool","description":"Zwi\u0119ksz swoj\u0105 produktywno\u015b\u0107 dzi\u0119ki narz\u0119dziu do planowania tras dostaw Logdis. Mapy Google nie s\u0105 ju\u017c potrzebne. Zapewniamy \u0142atw\u0105 w u\u017cyciu aplikacj\u0119 dla firm kurierskich.","robots":{"index":"index","follow":"follow","max-snippet":"max-snippet:-1","max-image-preview":"max-image-preview:large","max-video-preview":"max-video-preview:-1"},"canonical":"https:\/\/logdio.com\/pl\/planowanie-trasy-dostawy\/","og_locale":"pl_PL","og_type":"article","og_title":"Planowanie trasy dostawy - Logdio - delivery management tool","og_description":"Zwi\u0119ksz swoj\u0105 produktywno\u015b\u0107 dzi\u0119ki narz\u0119dziu do planowania tras dostaw Logdis. Mapy Google nie s\u0105 ju\u017c potrzebne. Zapewniamy \u0142atw\u0105 w u\u017cyciu aplikacj\u0119 dla firm kurierskich.","og_url":"https:\/\/logdio.com\/pl\/planowanie-trasy-dostawy\/","og_site_name":"Logdio - delivery management tool","article_publisher":"https:\/\/www.facebook.com\/logtime.eu\/","article_modified_time":"2023-08-20T21:31:07+00:00","twitter_card":"summary_large_image","twitter_misc":{"Szacowany czas czytania":"5 minut"},"schema":{"@context":"https:\/\/schema.org","@graph":[{"@type":"WebPage","@id":"https:\/\/logdio.com\/pl\/planowanie-trasy-dostawy\/","url":"https:\/\/logdio.com\/pl\/planowanie-trasy-dostawy\/","name":"Planowanie trasy dostawy - Logdio - delivery management tool","isPartOf":{"@id":"https:\/\/logdio.com\/pl\/#website"},"datePublished":"2021-08-23T19:02:09+00:00","dateModified":"2023-08-20T21:31:07+00:00","description":"Zwi\u0119ksz swoj\u0105 produktywno\u015b\u0107 dzi\u0119ki narz\u0119dziu do planowania tras dostaw Logdis. Mapy Google nie s\u0105 ju\u017c potrzebne. Zapewniamy \u0142atw\u0105 w u\u017cyciu aplikacj\u0119 dla firm kurierskich.","breadcrumb":{"@id":"https:\/\/logdio.com\/pl\/planowanie-trasy-dostawy\/#breadcrumb"},"inLanguage":"pl-PL","potentialAction":[{"@type":"ReadAction","target":["https:\/\/logdio.com\/pl\/planowanie-trasy-dostawy\/"]}]},{"@type":"BreadcrumbList","@id":"https:\/\/logdio.com\/pl\/planowanie-trasy-dostawy\/#breadcrumb","itemListElement":[{"@type":"ListItem","position":1,"name":"Home","item":"https:\/\/logdio.com\/pl\/landing-page\/"},{"@type":"ListItem","position":2,"name":"Planowanie trasy dostawy"}]},{"@type":"WebSite","@id":"https:\/\/logdio.com\/pl\/#website","url":"https:\/\/logdio.com\/pl\/","name":"Logdio - delivery management tool","description":"Next level delivery management software","publisher":{"@id":"https:\/\/logdio.com\/pl\/#organization"},"potentialAction":[{"@type":"SearchAction","target":{"@type":"EntryPoint","urlTemplate":"https:\/\/logdio.com\/pl\/?s={search_term_string}"},"query-input":{"@type":"PropertyValueSpecification","valueRequired":true,"valueName":"search_term_string"}}],"inLanguage":"pl-PL"},{"@type":"Organization","@id":"https:\/\/logdio.com\/pl\/#organization","name":"Logdio","url":"https:\/\/logdio.com\/pl\/","logo":{"@type":"ImageObject","inLanguage":"pl-PL","@id":"https:\/\/logdio.com\/pl\/#\/schema\/logo\/image\/","url":"https:\/\/logdio.com\/wp-content\/uploads\/2021\/05\/Logdio.svg","contentUrl":"https:\/\/logdio.com\/wp-content\/uploads\/2021\/05\/Logdio.svg","width":4.44919,"height":1.1285,"caption":"Logdio"},"image":{"@id":"https:\/\/logdio.com\/pl\/#\/schema\/logo\/image\/"},"sameAs":["https:\/\/www.facebook.com\/logtime.eu\/","https:\/\/www.linkedin.com\/company\/logtime"]}]}},"_links":{"self":[{"href":"https:\/\/logdio.com\/pl\/wp-json\/wp\/v2\/pages\/7535","targetHints":{"allow":["GET"]}}],"collection":[{"href":"https:\/\/logdio.com\/pl\/wp-json\/wp\/v2\/pages"}],"about":[{"href":"https:\/\/logdio.com\/pl\/wp-json\/wp\/v2\/types\/page"}],"author":[{"embeddable":true,"href":"https:\/\/logdio.com\/pl\/wp-json\/wp\/v2\/users\/1"}],"replies":[{"embeddable":true,"href":"https:\/\/logdio.com\/pl\/wp-json\/wp\/v2\/comments?post=7535"}],"version-history":[{"count":3,"href":"https:\/\/logdio.com\/pl\/wp-json\/wp\/v2\/pages\/7535\/revisions"}],"predecessor-version":[{"id":11623,"href":"https:\/\/logdio.com\/pl\/wp-json\/wp\/v2\/pages\/7535\/revisions\/11623"}],"wp:attachment":[{"href":"https:\/\/logdio.com\/pl\/wp-json\/wp\/v2\/media?parent=7535"}],"curies":[{"name":"wp","href":"https:\/\/api.w.org\/{rel}","templated":true}]}}