{"id":7516,"date":"2021-08-23T22:01:56","date_gmt":"2021-08-23T19:01:56","guid":{"rendered":"https:\/\/logdio.com\/oprogramowanie-do-planowania-trasy\/"},"modified":"2021-09-13T17:12:54","modified_gmt":"2021-09-13T14:12:54","slug":"oprogramowanie-do-planowania-trasy","status":"publish","type":"page","link":"https:\/\/logdio.com\/pl\/oprogramowanie-do-planowania-trasy\/","title":{"rendered":"Oprogramowanie do planowania trasy"},"content":{"rendered":"\t\t<div data-elementor-type=\"wp-page\" data-elementor-id=\"7516\" class=\"elementor elementor-7516 elementor-1054\" data-elementor-post-type=\"page\">\n\t\t\t\t\t\t<section class=\"has_ma_el_bg_slider elementor-section elementor-top-section elementor-element elementor-element-aa63506 elementor-section-boxed elementor-section-height-default elementor-section-height-default jltma-glass-effect-no\" data-id=\"aa63506\" data-element_type=\"section\" data-e-type=\"section\" data-settings=\"{&quot;jet_parallax_layout_list&quot;:[{&quot;jet_parallax_layout_image&quot;:{&quot;url&quot;:&quot;&quot;,&quot;id&quot;:&quot;&quot;,&quot;size&quot;:&quot;&quot;},&quot;_id&quot;:&quot;7ffc1ed&quot;,&quot;jet_parallax_layout_image_tablet&quot;:{&quot;url&quot;:&quot;&quot;,&quot;id&quot;:&quot;&quot;,&quot;size&quot;:&quot;&quot;},&quot;jet_parallax_layout_image_mobile&quot;:{&quot;url&quot;:&quot;&quot;,&quot;id&quot;:&quot;&quot;,&quot;size&quot;:&quot;&quot;},&quot;jet_parallax_layout_speed&quot;:{&quot;unit&quot;:&quot;%&quot;,&quot;size&quot;:50,&quot;sizes&quot;:[]},&quot;jet_parallax_layout_type&quot;:&quot;scroll&quot;,&quot;jet_parallax_layout_direction&quot;:null,&quot;jet_parallax_layout_fx_direction&quot;:null,&quot;jet_parallax_layout_z_index&quot;:&quot;&quot;,&quot;jet_parallax_layout_bg_x&quot;:50,&quot;jet_parallax_layout_bg_x_tablet&quot;:&quot;&quot;,&quot;jet_parallax_layout_bg_x_mobile&quot;:&quot;&quot;,&quot;jet_parallax_layout_bg_y&quot;:50,&quot;jet_parallax_layout_bg_y_tablet&quot;:&quot;&quot;,&quot;jet_parallax_layout_bg_y_mobile&quot;:&quot;&quot;,&quot;jet_parallax_layout_bg_size&quot;:&quot;auto&quot;,&quot;jet_parallax_layout_bg_size_tablet&quot;:&quot;&quot;,&quot;jet_parallax_layout_bg_size_mobile&quot;:&quot;&quot;,&quot;jet_parallax_layout_animation_prop&quot;:&quot;transform&quot;,&quot;jet_parallax_layout_on&quot;:[&quot;desktop&quot;,&quot;tablet&quot;]}]}\">\n\t\t\t\t\t\t<div class=\"elementor-container elementor-column-gap-default\">\n\t\t\t\t\t<div class=\"has_ma_el_bg_slider elementor-column elementor-col-100 elementor-top-column elementor-element elementor-element-a5671ee jltma-glass-effect-no\" data-id=\"a5671ee\" data-element_type=\"column\" data-e-type=\"column\">\n\t\t\t<div class=\"elementor-widget-wrap elementor-element-populated\">\n\t\t\t\t\t\t<div class=\"elementor-element elementor-element-293514c jltma-glass-effect-no elementor-widget elementor-widget-heading\" data-id=\"293514c\" data-element_type=\"widget\" data-e-type=\"widget\" data-widget_type=\"heading.default\">\n\t\t\t\t<div class=\"elementor-widget-container\">\n\t\t\t\t\t<h1 class=\"elementor-heading-title elementor-size-default\">Oprogramowanie do planowania trasy<\/h1>\t\t\t\t<\/div>\n\t\t\t\t<\/div>\n\t\t\t\t\t<\/div>\n\t\t<\/div>\n\t\t\t\t\t<\/div>\n\t\t<\/section>\n\t\t\t\t<section class=\"has_ma_el_bg_slider elementor-section elementor-top-section elementor-element elementor-element-8e5f6e9 elementor-section-boxed elementor-section-height-default elementor-section-height-default jltma-glass-effect-no\" data-id=\"8e5f6e9\" data-element_type=\"section\" data-e-type=\"section\" data-settings=\"{&quot;jet_parallax_layout_list&quot;:[{&quot;jet_parallax_layout_image&quot;:{&quot;url&quot;:&quot;&quot;,&quot;id&quot;:&quot;&quot;,&quot;size&quot;:&quot;&quot;},&quot;_id&quot;:&quot;80a7424&quot;,&quot;jet_parallax_layout_image_tablet&quot;:{&quot;url&quot;:&quot;&quot;,&quot;id&quot;:&quot;&quot;,&quot;size&quot;:&quot;&quot;},&quot;jet_parallax_layout_image_mobile&quot;:{&quot;url&quot;:&quot;&quot;,&quot;id&quot;:&quot;&quot;,&quot;size&quot;:&quot;&quot;},&quot;jet_parallax_layout_speed&quot;:{&quot;unit&quot;:&quot;%&quot;,&quot;size&quot;:50,&quot;sizes&quot;:[]},&quot;jet_parallax_layout_type&quot;:&quot;scroll&quot;,&quot;jet_parallax_layout_direction&quot;:null,&quot;jet_parallax_layout_fx_direction&quot;:null,&quot;jet_parallax_layout_z_index&quot;:&quot;&quot;,&quot;jet_parallax_layout_bg_x&quot;:50,&quot;jet_parallax_layout_bg_x_tablet&quot;:&quot;&quot;,&quot;jet_parallax_layout_bg_x_mobile&quot;:&quot;&quot;,&quot;jet_parallax_layout_bg_y&quot;:50,&quot;jet_parallax_layout_bg_y_tablet&quot;:&quot;&quot;,&quot;jet_parallax_layout_bg_y_mobile&quot;:&quot;&quot;,&quot;jet_parallax_layout_bg_size&quot;:&quot;auto&quot;,&quot;jet_parallax_layout_bg_size_tablet&quot;:&quot;&quot;,&quot;jet_parallax_layout_bg_size_mobile&quot;:&quot;&quot;,&quot;jet_parallax_layout_animation_prop&quot;:&quot;transform&quot;,&quot;jet_parallax_layout_on&quot;:[&quot;desktop&quot;,&quot;tablet&quot;]}]}\">\n\t\t\t\t\t\t<div class=\"elementor-container elementor-column-gap-default\">\n\t\t\t\t\t<div class=\"has_ma_el_bg_slider elementor-column elementor-col-100 elementor-top-column elementor-element elementor-element-d48a05b jltma-glass-effect-no\" data-id=\"d48a05b\" data-element_type=\"column\" data-e-type=\"column\">\n\t\t\t<div class=\"elementor-widget-wrap elementor-element-populated\">\n\t\t\t\t\t\t<div class=\"elementor-element elementor-element-0f9707f jltma-glass-effect-no elementor-widget elementor-widget-text-editor\" data-id=\"0f9707f\" data-element_type=\"widget\" data-e-type=\"widget\" data-widget_type=\"text-editor.default\">\n\t\t\t\t<div class=\"elementor-widget-container\">\n\t\t\t\t\t\t\t\t\t<p>Wydajno\u015b\u0107 firmy transportowo-logistycznej lub firmowej floty pojazd\u00f3w zale\u017cy bezpo\u015brednio od jako\u015bci i szybko\u015bci rozwi\u0105zywania problem\u00f3w transportowych i logistycznych. Nale\u017cy skupi\u0107 si\u0119 na zarz\u0105dzaniu trasami, szybko sporz\u0105dza\u0107 dokumenty towarzysz\u0105ce, monitorowa\u0107 realizacj\u0119 zlece\u0144 transportowych i analizowa\u0107 jako\u015b\u0107 pracy dzia\u0142u transportu.<\/p>\n<p>Rozwi\u0105zywanie tych zada\u0144 w trybie r\u0119cznym wymaga imponuj\u0105cego sztabu logistyk\u00f3w i dyspozytor\u00f3w. Jednocze\u015bnie nie s\u0105 wykluczone b\u0142\u0119dy w pracy. Nieprawid\u0142owo skonstruowana trasa lub nieprawid\u0142owo wype\u0142nione dokumenty mog\u0105 prowadzi\u0107 do przestoj\u00f3w w pracy lub transporcie, op\u00f3\u017anie\u0144 w dostawach i reklamacji klient\u00f3w. Skutecznym sposobem na wyeliminowanie takich trudno\u015bci jest zastosowanie oprogramowania do planowania tras, kt\u00f3re umo\u017cliwia automatyczne planowanie tras i monitorowanie procesu dostawy. Oprogramowanie do optymalizacji tras pomaga zaoszcz\u0119dzi\u0107 czas i zapewni\u0107 bezb\u0142\u0119dne dostawy.  <\/p>\n<\/p>\n<h2><strong>Co to jest optymalizacja trasy?<\/strong><\/h2>\n<p>Oprogramowanie do zarz\u0105dzania trasami to system, dzi\u0119ki kt\u00f3remu mo\u017cna planowa\u0107 dostawy i efektywnie budowa\u0107 trasy dla w\u0142asnego lub wynaj\u0119tego transportu. Uwzgl\u0119dnia on kilka warunk\u00f3w, takich jak optymalne za\u0142adowanie floty pojazd\u00f3w i terminowe dostarczenie towar\u00f3w do klient\u00f3w. Jednocze\u015bnie oprogramowanie pozwala na monitorowanie pracy kierowc\u00f3w, dyspozytor\u00f3w i spedytor\u00f3w.<\/p>\n<p>Po zainstalowaniu oprogramowania do planowania tras eksploatacja floty pojazd\u00f3w stanie si\u0119 racjonalna, a koszty b\u0119d\u0105 minimalne. I to nie jest jedyna zaleta oprogramowania do optymalizacji tras. Kilka innych zalet to:<\/p>\n<ul>\n<li>Kierowcy pozbawieni skrupu\u0142\u00f3w b\u0119d\u0105 identyfikowani w przypadku jakichkolwiek oszustw;<\/li>\n<li>korzystanie z samochodu do cel\u00f3w osobistych b\u0119dzie uniemo\u017cliwione;<\/li>\n<li>zwi\u0119kszy si\u0119 bezpiecze\u0144stwo na drogach;<\/li>\n<li>koszty paliwa zostan\u0105 zmniejszone trzykrotnie z powodu braku kanalizacji;<\/li>\n<li>zmniejszy si\u0119 ilo\u015b\u0107 przestoj\u00f3w w transporcie.<\/li>\n<\/ul>\n<h2><strong>Jak dzia\u0142a optymalizacja trasy?<\/strong><\/h2>\n<p>Oprogramowanie do zarz\u0105dzania trasami optymalizuje trasy dzi\u0119ki wykorzystaniu monitoringu satelitarnego. To narz\u0119dzie oparte na GLONASS\/GPS jest odpowiednie do prowadzenia dzia\u0142alno\u015bci w du\u017cych flotach, logistyce lub firmach transportowych. Za pomoc\u0105 oprogramowania zainstalowanego na komputerze, tablecie, urz\u0105dzeniu mobilnym, u\u017cytkownik uzyskuje dost\u0119p do informacji o poje\u017adzie. Program generuje raporty o monitorowanych parametrach pojazdu, kt\u00f3re zapisywane s\u0105 w r\u00f3\u017cnych formatach, a nast\u0119pnie wykorzystywane do analizy i optymalizacji pracy floty pojazd\u00f3w.  <\/p>\n<\/p>\n<h2><strong>Jakiego oprogramowania u\u017cy\u0107 do optymalizacji trasy?<\/strong><\/h2>\n<p>By\u0107 mo\u017ce my\u015blisz, \u017ce oprogramowanie do planowania trasy dzia\u0142a jak Google Maps, ale to nieprawda. Ta aplikacja po prostu zapewnia wskaz\u00f3wki z punktu &#8222;1&#8221; do punktu &#8222;2&#8221;. Ustawianie tras z wieloma przesiadkami jest skomplikowane. U\u017cytkownicy musz\u0105 wprowadza\u0107 adresy r\u0119cznie, co jest czasoch\u0142onne i podatne na b\u0142\u0119dy.<\/p>\n<p>Niski koszt pocz\u0105tkowy jest kusz\u0105cy, ale w ko\u0144cu b\u0119dzie Ci\u0119 to kosztowa\u0107 na d\u0142u\u017csz\u0105 met\u0119. Aplikacje nawigacyjne nie s\u0105 wi\u0119c idealnym rozwi\u0105zaniem. Warto skorzysta\u0107 z oprogramowania do optymalizacji tras, kt\u00f3re jest specjalnie do tego celu przeznaczone.  <\/p>\n<\/p>\n<h2><strong>Dlaczego warto wybra\u0107 Logdio?<\/strong><\/h2>\n<p>Logdio to oprogramowanie do planowania dostaw przeznaczone dla firm z du\u017c\u0105 liczb\u0105 zam\u00f3wie\u0144, pojazd\u00f3w, a tak\u017ce o z\u0142o\u017conych wymaganiach dotycz\u0105cych procesu dostaw.<\/p>\n<p>Szybko i automatycznie rozdziela aplikacje pomi\u0119dzy wykonawc\u00f3w, bior\u0105c pod uwag\u0119 wymagania dla ka\u017cdej przesy\u0142ki. Oprogramowanie samodzielnie przeprowadza planowanie transportu, upraszczaj\u0105c prac\u0119 personelu. Teraz Twoi logistycy s\u0105 wszechstronni: mog\u0105 pracowa\u0107 w nieznanych wcze\u015bniej miejscach, a tym samym w kilku centrach dystrybucji. Dzi\u0119ki aplikacji mobilnej z funkcj\u0105 nawigacji kierowcy s\u0105 wymienni, poniewa\u017c nie musz\u0105 doskonale zna\u0107 obszaru dostawy.<\/p>\n<\/p>\n<p>Dlatego <a href=\"https:\/\/logdio.com\/pl\/\">wybierz nas<\/a> do monitorowania pojazd\u00f3w i zarz\u0105dzania trasami. Chcieliby\u015bmy zapewni\u0107 Pa\u0144stwu wysok\u0105 jako\u015b\u0107 us\u0142ug.<\/p>\n<\/p><\/p>\n\t\t\t\t\t\t\t\t<\/div>\n\t\t\t\t<\/div>\n\t\t\t\t\t<\/div>\n\t\t<\/div>\n\t\t\t\t\t<\/div>\n\t\t<\/section>\n\t\t\t\t<\/div>\n\t\t","protected":false},"excerpt":{"rendered":"<p>Wydajno\u015b\u0107 firmy transportowo-logistycznej lub firmowej floty pojazd\u00f3w zale\u017cy bezpo\u015brednio od jako\u015bci i szybko\u015bci rozwi\u0105zywania problem\u00f3w transportowych i logistycznych. Nale\u017cy skupi\u0107 si\u0119 na zarz\u0105dzaniu trasami, szybko sporz\u0105dza\u0107 dokumenty towarzysz\u0105ce, monitorowa\u0107 realizacj\u0119 zlece\u0144 transportowych i analizowa\u0107 jako\u015b\u0107 pracy dzia\u0142u transportu. Rozwi\u0105zywanie tych zada\u0144 w trybie r\u0119cznym wymaga imponuj\u0105cego sztabu logistyk\u00f3w i dyspozytor\u00f3w. Jednocze\u015bnie nie s\u0105 wykluczone b\u0142\u0119dy [&hellip;]<\/p>\n","protected":false},"author":1,"featured_media":0,"parent":0,"menu_order":0,"comment_status":"closed","ping_status":"closed","template":"elementor_header_footer","meta":{"footnotes":""},"class_list":["post-7516","page","type-page","status-publish","hentry"],"yoast_head":"<!-- This site is optimized with the Yoast SEO plugin v26.8 - https:\/\/yoast.com\/product\/yoast-seo-wordpress\/ -->\n<title>Oprogramowanie do planowania trasy - Logdio - delivery management tool<\/title>\n<meta name=\"description\" content=\"Koniec z tworzeniem tras przy u\u017cyciu arkuszy kalkulacyjnych, tablic i map Google. \u0141atwe tworzenie i optymalizacja wszystkich tras na dany dzie\u0144.\" \/>\n<meta name=\"robots\" content=\"index, follow, max-snippet:-1, max-image-preview:large, max-video-preview:-1\" \/>\n<link rel=\"canonical\" href=\"https:\/\/logdio.com\/pl\/oprogramowanie-do-planowania-trasy\/\" \/>\n<meta property=\"og:locale\" content=\"pl_PL\" \/>\n<meta property=\"og:type\" content=\"article\" \/>\n<meta property=\"og:title\" content=\"Oprogramowanie do planowania trasy - Logdio - delivery management tool\" \/>\n<meta property=\"og:description\" content=\"Koniec z tworzeniem tras przy u\u017cyciu arkuszy kalkulacyjnych, tablic i map Google. \u0141atwe tworzenie i optymalizacja wszystkich tras na dany dzie\u0144.\" \/>\n<meta property=\"og:url\" content=\"https:\/\/logdio.com\/pl\/oprogramowanie-do-planowania-trasy\/\" \/>\n<meta property=\"og:site_name\" content=\"Logdio - delivery management tool\" \/>\n<meta property=\"article:publisher\" content=\"https:\/\/www.facebook.com\/logtime.eu\/\" \/>\n<meta property=\"article:modified_time\" content=\"2021-09-13T14:12:54+00:00\" \/>\n<meta name=\"twitter:card\" content=\"summary_large_image\" \/>\n<meta name=\"twitter:label1\" content=\"Szacowany czas czytania\" \/>\n\t<meta name=\"twitter:data1\" content=\"3 minuty\" \/>\n<script type=\"application\/ld+json\" class=\"yoast-schema-graph\">{\"@context\":\"https:\/\/schema.org\",\"@graph\":[{\"@type\":\"WebPage\",\"@id\":\"https:\/\/logdio.com\/pl\/oprogramowanie-do-planowania-trasy\/\",\"url\":\"https:\/\/logdio.com\/pl\/oprogramowanie-do-planowania-trasy\/\",\"name\":\"Oprogramowanie do planowania trasy - Logdio - delivery management tool\",\"isPartOf\":{\"@id\":\"https:\/\/logdio.com\/pl\/#website\"},\"datePublished\":\"2021-08-23T19:01:56+00:00\",\"dateModified\":\"2021-09-13T14:12:54+00:00\",\"description\":\"Koniec z tworzeniem tras przy u\u017cyciu arkuszy kalkulacyjnych, tablic i map Google. \u0141atwe tworzenie i optymalizacja wszystkich tras na dany dzie\u0144.\",\"breadcrumb\":{\"@id\":\"https:\/\/logdio.com\/pl\/oprogramowanie-do-planowania-trasy\/#breadcrumb\"},\"inLanguage\":\"pl-PL\",\"potentialAction\":[{\"@type\":\"ReadAction\",\"target\":[\"https:\/\/logdio.com\/pl\/oprogramowanie-do-planowania-trasy\/\"]}]},{\"@type\":\"BreadcrumbList\",\"@id\":\"https:\/\/logdio.com\/pl\/oprogramowanie-do-planowania-trasy\/#breadcrumb\",\"itemListElement\":[{\"@type\":\"ListItem\",\"position\":1,\"name\":\"Home\",\"item\":\"https:\/\/logdio.com\/pl\/landing-page\/\"},{\"@type\":\"ListItem\",\"position\":2,\"name\":\"Oprogramowanie do planowania trasy\"}]},{\"@type\":\"WebSite\",\"@id\":\"https:\/\/logdio.com\/pl\/#website\",\"url\":\"https:\/\/logdio.com\/pl\/\",\"name\":\"Logdio - delivery management tool\",\"description\":\"Next level delivery management software\",\"publisher\":{\"@id\":\"https:\/\/logdio.com\/pl\/#organization\"},\"potentialAction\":[{\"@type\":\"SearchAction\",\"target\":{\"@type\":\"EntryPoint\",\"urlTemplate\":\"https:\/\/logdio.com\/pl\/?s={search_term_string}\"},\"query-input\":{\"@type\":\"PropertyValueSpecification\",\"valueRequired\":true,\"valueName\":\"search_term_string\"}}],\"inLanguage\":\"pl-PL\"},{\"@type\":\"Organization\",\"@id\":\"https:\/\/logdio.com\/pl\/#organization\",\"name\":\"Logdio\",\"url\":\"https:\/\/logdio.com\/pl\/\",\"logo\":{\"@type\":\"ImageObject\",\"inLanguage\":\"pl-PL\",\"@id\":\"https:\/\/logdio.com\/pl\/#\/schema\/logo\/image\/\",\"url\":\"https:\/\/logdio.com\/wp-content\/uploads\/2021\/05\/Logdio.svg\",\"contentUrl\":\"https:\/\/logdio.com\/wp-content\/uploads\/2021\/05\/Logdio.svg\",\"width\":4.44919,\"height\":1.1285,\"caption\":\"Logdio\"},\"image\":{\"@id\":\"https:\/\/logdio.com\/pl\/#\/schema\/logo\/image\/\"},\"sameAs\":[\"https:\/\/www.facebook.com\/logtime.eu\/\",\"https:\/\/www.linkedin.com\/company\/logtime\"]}]}<\/script>\n<!-- \/ Yoast SEO plugin. -->","yoast_head_json":{"title":"Oprogramowanie do planowania trasy - Logdio - delivery management tool","description":"Koniec z tworzeniem tras przy u\u017cyciu arkuszy kalkulacyjnych, tablic i map Google. \u0141atwe tworzenie i optymalizacja wszystkich tras na dany dzie\u0144.","robots":{"index":"index","follow":"follow","max-snippet":"max-snippet:-1","max-image-preview":"max-image-preview:large","max-video-preview":"max-video-preview:-1"},"canonical":"https:\/\/logdio.com\/pl\/oprogramowanie-do-planowania-trasy\/","og_locale":"pl_PL","og_type":"article","og_title":"Oprogramowanie do planowania trasy - Logdio - delivery management tool","og_description":"Koniec z tworzeniem tras przy u\u017cyciu arkuszy kalkulacyjnych, tablic i map Google. \u0141atwe tworzenie i optymalizacja wszystkich tras na dany dzie\u0144.","og_url":"https:\/\/logdio.com\/pl\/oprogramowanie-do-planowania-trasy\/","og_site_name":"Logdio - delivery management tool","article_publisher":"https:\/\/www.facebook.com\/logtime.eu\/","article_modified_time":"2021-09-13T14:12:54+00:00","twitter_card":"summary_large_image","twitter_misc":{"Szacowany czas czytania":"3 minuty"},"schema":{"@context":"https:\/\/schema.org","@graph":[{"@type":"WebPage","@id":"https:\/\/logdio.com\/pl\/oprogramowanie-do-planowania-trasy\/","url":"https:\/\/logdio.com\/pl\/oprogramowanie-do-planowania-trasy\/","name":"Oprogramowanie do planowania trasy - Logdio - delivery management tool","isPartOf":{"@id":"https:\/\/logdio.com\/pl\/#website"},"datePublished":"2021-08-23T19:01:56+00:00","dateModified":"2021-09-13T14:12:54+00:00","description":"Koniec z tworzeniem tras przy u\u017cyciu arkuszy kalkulacyjnych, tablic i map Google. \u0141atwe tworzenie i optymalizacja wszystkich tras na dany dzie\u0144.","breadcrumb":{"@id":"https:\/\/logdio.com\/pl\/oprogramowanie-do-planowania-trasy\/#breadcrumb"},"inLanguage":"pl-PL","potentialAction":[{"@type":"ReadAction","target":["https:\/\/logdio.com\/pl\/oprogramowanie-do-planowania-trasy\/"]}]},{"@type":"BreadcrumbList","@id":"https:\/\/logdio.com\/pl\/oprogramowanie-do-planowania-trasy\/#breadcrumb","itemListElement":[{"@type":"ListItem","position":1,"name":"Home","item":"https:\/\/logdio.com\/pl\/landing-page\/"},{"@type":"ListItem","position":2,"name":"Oprogramowanie do planowania trasy"}]},{"@type":"WebSite","@id":"https:\/\/logdio.com\/pl\/#website","url":"https:\/\/logdio.com\/pl\/","name":"Logdio - delivery management tool","description":"Next level delivery management software","publisher":{"@id":"https:\/\/logdio.com\/pl\/#organization"},"potentialAction":[{"@type":"SearchAction","target":{"@type":"EntryPoint","urlTemplate":"https:\/\/logdio.com\/pl\/?s={search_term_string}"},"query-input":{"@type":"PropertyValueSpecification","valueRequired":true,"valueName":"search_term_string"}}],"inLanguage":"pl-PL"},{"@type":"Organization","@id":"https:\/\/logdio.com\/pl\/#organization","name":"Logdio","url":"https:\/\/logdio.com\/pl\/","logo":{"@type":"ImageObject","inLanguage":"pl-PL","@id":"https:\/\/logdio.com\/pl\/#\/schema\/logo\/image\/","url":"https:\/\/logdio.com\/wp-content\/uploads\/2021\/05\/Logdio.svg","contentUrl":"https:\/\/logdio.com\/wp-content\/uploads\/2021\/05\/Logdio.svg","width":4.44919,"height":1.1285,"caption":"Logdio"},"image":{"@id":"https:\/\/logdio.com\/pl\/#\/schema\/logo\/image\/"},"sameAs":["https:\/\/www.facebook.com\/logtime.eu\/","https:\/\/www.linkedin.com\/company\/logtime"]}]}},"_links":{"self":[{"href":"https:\/\/logdio.com\/pl\/wp-json\/wp\/v2\/pages\/7516","targetHints":{"allow":["GET"]}}],"collection":[{"href":"https:\/\/logdio.com\/pl\/wp-json\/wp\/v2\/pages"}],"about":[{"href":"https:\/\/logdio.com\/pl\/wp-json\/wp\/v2\/types\/page"}],"author":[{"embeddable":true,"href":"https:\/\/logdio.com\/pl\/wp-json\/wp\/v2\/users\/1"}],"replies":[{"embeddable":true,"href":"https:\/\/logdio.com\/pl\/wp-json\/wp\/v2\/comments?post=7516"}],"version-history":[{"count":2,"href":"https:\/\/logdio.com\/pl\/wp-json\/wp\/v2\/pages\/7516\/revisions"}],"predecessor-version":[{"id":11817,"href":"https:\/\/logdio.com\/pl\/wp-json\/wp\/v2\/pages\/7516\/revisions\/11817"}],"wp:attachment":[{"href":"https:\/\/logdio.com\/pl\/wp-json\/wp\/v2\/media?parent=7516"}],"curies":[{"name":"wp","href":"https:\/\/api.w.org\/{rel}","templated":true}]}}