{"id":7502,"date":"2021-08-23T22:01:48","date_gmt":"2021-08-23T19:01:48","guid":{"rendered":"https:\/\/logdio.com\/oprogramowanie-do-planowania-tras-kurierskich\/"},"modified":"2023-02-27T10:24:51","modified_gmt":"2023-02-27T07:24:51","slug":"oprogramowanie-do-planowania-tras-kurierskich","status":"publish","type":"page","link":"https:\/\/logdio.com\/pl\/oprogramowanie-do-planowania-tras-kurierskich\/","title":{"rendered":"Oprogramowanie do planowania tras kurierskich"},"content":{"rendered":"\t\t<div data-elementor-type=\"wp-page\" data-elementor-id=\"7502\" class=\"elementor elementor-7502 elementor-1055\" data-elementor-post-type=\"page\">\n\t\t\t\t\t\t<section class=\"has_ma_el_bg_slider elementor-section elementor-top-section elementor-element elementor-element-a6afc90 elementor-section-boxed elementor-section-height-default elementor-section-height-default jltma-glass-effect-no\" data-id=\"a6afc90\" data-element_type=\"section\" data-e-type=\"section\" data-settings=\"{&quot;jet_parallax_layout_list&quot;:[{&quot;jet_parallax_layout_image&quot;:{&quot;url&quot;:&quot;&quot;,&quot;id&quot;:&quot;&quot;,&quot;size&quot;:&quot;&quot;},&quot;_id&quot;:&quot;1632b6e&quot;,&quot;jet_parallax_layout_image_tablet&quot;:{&quot;url&quot;:&quot;&quot;,&quot;id&quot;:&quot;&quot;,&quot;size&quot;:&quot;&quot;},&quot;jet_parallax_layout_image_mobile&quot;:{&quot;url&quot;:&quot;&quot;,&quot;id&quot;:&quot;&quot;,&quot;size&quot;:&quot;&quot;},&quot;jet_parallax_layout_speed&quot;:{&quot;unit&quot;:&quot;%&quot;,&quot;size&quot;:50,&quot;sizes&quot;:[]},&quot;jet_parallax_layout_type&quot;:&quot;scroll&quot;,&quot;jet_parallax_layout_direction&quot;:null,&quot;jet_parallax_layout_fx_direction&quot;:null,&quot;jet_parallax_layout_z_index&quot;:&quot;&quot;,&quot;jet_parallax_layout_bg_x&quot;:50,&quot;jet_parallax_layout_bg_x_tablet&quot;:&quot;&quot;,&quot;jet_parallax_layout_bg_x_mobile&quot;:&quot;&quot;,&quot;jet_parallax_layout_bg_y&quot;:50,&quot;jet_parallax_layout_bg_y_tablet&quot;:&quot;&quot;,&quot;jet_parallax_layout_bg_y_mobile&quot;:&quot;&quot;,&quot;jet_parallax_layout_bg_size&quot;:&quot;auto&quot;,&quot;jet_parallax_layout_bg_size_tablet&quot;:&quot;&quot;,&quot;jet_parallax_layout_bg_size_mobile&quot;:&quot;&quot;,&quot;jet_parallax_layout_animation_prop&quot;:&quot;transform&quot;,&quot;jet_parallax_layout_on&quot;:[&quot;desktop&quot;,&quot;tablet&quot;]}]}\">\n\t\t\t\t\t\t<div class=\"elementor-container elementor-column-gap-default\">\n\t\t\t\t\t<div class=\"has_ma_el_bg_slider elementor-column elementor-col-100 elementor-top-column elementor-element elementor-element-9dbd7a5 jltma-glass-effect-no\" data-id=\"9dbd7a5\" data-element_type=\"column\" data-e-type=\"column\">\n\t\t\t<div class=\"elementor-widget-wrap elementor-element-populated\">\n\t\t\t\t\t\t<div class=\"elementor-element elementor-element-096e315 jltma-glass-effect-no elementor-widget elementor-widget-heading\" data-id=\"096e315\" data-element_type=\"widget\" data-e-type=\"widget\" data-widget_type=\"heading.default\">\n\t\t\t\t<div class=\"elementor-widget-container\">\n\t\t\t\t\t<h1 class=\"elementor-heading-title elementor-size-default\">Program do planowania trasy dla kurier\u00f3w<\/h1>\t\t\t\t<\/div>\n\t\t\t\t<\/div>\n\t\t\t\t\t<\/div>\n\t\t<\/div>\n\t\t\t\t\t<\/div>\n\t\t<\/section>\n\t\t\t\t<section class=\"has_ma_el_bg_slider elementor-section elementor-top-section elementor-element elementor-element-8cd51f7 elementor-section-boxed elementor-section-height-default elementor-section-height-default jltma-glass-effect-no\" data-id=\"8cd51f7\" data-element_type=\"section\" data-e-type=\"section\" data-settings=\"{&quot;jet_parallax_layout_list&quot;:[{&quot;jet_parallax_layout_image&quot;:{&quot;url&quot;:&quot;&quot;,&quot;id&quot;:&quot;&quot;,&quot;size&quot;:&quot;&quot;},&quot;_id&quot;:&quot;30d0d76&quot;,&quot;jet_parallax_layout_image_tablet&quot;:{&quot;url&quot;:&quot;&quot;,&quot;id&quot;:&quot;&quot;,&quot;size&quot;:&quot;&quot;},&quot;jet_parallax_layout_image_mobile&quot;:{&quot;url&quot;:&quot;&quot;,&quot;id&quot;:&quot;&quot;,&quot;size&quot;:&quot;&quot;},&quot;jet_parallax_layout_speed&quot;:{&quot;unit&quot;:&quot;%&quot;,&quot;size&quot;:50,&quot;sizes&quot;:[]},&quot;jet_parallax_layout_type&quot;:&quot;scroll&quot;,&quot;jet_parallax_layout_direction&quot;:null,&quot;jet_parallax_layout_fx_direction&quot;:null,&quot;jet_parallax_layout_z_index&quot;:&quot;&quot;,&quot;jet_parallax_layout_bg_x&quot;:50,&quot;jet_parallax_layout_bg_x_tablet&quot;:&quot;&quot;,&quot;jet_parallax_layout_bg_x_mobile&quot;:&quot;&quot;,&quot;jet_parallax_layout_bg_y&quot;:50,&quot;jet_parallax_layout_bg_y_tablet&quot;:&quot;&quot;,&quot;jet_parallax_layout_bg_y_mobile&quot;:&quot;&quot;,&quot;jet_parallax_layout_bg_size&quot;:&quot;auto&quot;,&quot;jet_parallax_layout_bg_size_tablet&quot;:&quot;&quot;,&quot;jet_parallax_layout_bg_size_mobile&quot;:&quot;&quot;,&quot;jet_parallax_layout_animation_prop&quot;:&quot;transform&quot;,&quot;jet_parallax_layout_on&quot;:[&quot;desktop&quot;,&quot;tablet&quot;]}]}\">\n\t\t\t\t\t\t<div class=\"elementor-container elementor-column-gap-default\">\n\t\t\t\t\t<div class=\"has_ma_el_bg_slider elementor-column elementor-col-100 elementor-top-column elementor-element elementor-element-0dc1596 jltma-glass-effect-no\" data-id=\"0dc1596\" data-element_type=\"column\" data-e-type=\"column\">\n\t\t\t<div class=\"elementor-widget-wrap elementor-element-populated\">\n\t\t\t\t\t\t<div class=\"elementor-element elementor-element-89bcbea jltma-glass-effect-no elementor-widget elementor-widget-text-editor\" data-id=\"89bcbea\" data-element_type=\"widget\" data-e-type=\"widget\" data-widget_type=\"text-editor.default\">\n\t\t\t\t<div class=\"elementor-widget-container\">\n\t\t\t\t\t\t\t\t\t<p>\u00a0<\/p><h2>Top 7 Oprogramowanie do planowania tras<\/h2><p>\u00a0<\/p><p>Je\u015bli szukasz najlepszego programu do planowania trasy dla kurier\u00f3w to trafi\u0142e\u015b we w\u0142a\u015bciwe miejsce. Oto siedem najlepszych aplikacji do optymalizacji czasu dostawy. Wi\u0119kszo\u015b\u0107 z nich jest darmowa, ale zaawansowane funkcje mog\u0105 wi\u0105za\u0107 si\u0119 z niewielk\u0105 op\u0142at\u0105 abonamentow\u0105. Jest to niewielka cena do zap\u0142acenia, gdy chcesz nadal mie\u0107 udane liczne dostawy.<\/p><p><strong>Nasz Top Pick:<\/strong><\/p><p><strong>\u00a0<\/strong><\/p><h2>Logdio \u00a0program do planowania trasy dla kurier\u00f3w<\/h2><div><img fetchpriority=\"high\" decoding=\"async\" class=\"alignnone size-full wp-image-26729\" src=\"https:\/\/logdio.com\/wp-content\/uploads\/2023\/02\/logdio1.jpg\" alt=\"\" width=\"762\" height=\"354\" srcset=\"https:\/\/logdio.com\/wp-content\/uploads\/2023\/02\/logdio1.jpg 762w, https:\/\/logdio.com\/wp-content\/uploads\/2023\/02\/logdio1-300x139.jpg 300w\" sizes=\"(max-width: 762px) 100vw, 762px\" \/><br \/><a href=\"https:\/\/play.google.com\/store\/apps\/details?id=lt.logtime.logdis&amp;hl=en&amp;gl=US\">https:\/\/play.google.com\/store\/apps\/details?id=lt.logtime.logdis&amp;hl=en&amp;gl=US<\/a><\/div><p>\u00a0<\/p><p>W por\u00f3wnaniu z innymi aplikacjami, ta jest najbardziej wszechstronna ze wszystkich. Posiada wiele funkcji, kt\u00f3re sprawiaj\u0105, \u017ce warto j\u0105 subskrybowa\u0107. Logdio oferuje automatyczn\u0105 optymalizacj\u0119 trasy, dow\u00f3d dostawy, raporty do pobrania, us\u0142ugi API i wiele innych. Jest to jedyne oprogramowanie, kt\u00f3rego potrzebujesz, aby zapewni\u0107, \u017ce kurierzy wykonuj\u0105 swoj\u0105 prac\u0119 ze zoptymalizowanymi trasami i nie maj\u0105 problem\u00f3w z ich dostaw\u0105.<\/p><p>Mo\u017cesz znale\u017a\u0107 te funkcje w drogich lub dostosowanych us\u0142ugach na skal\u0119 przedsi\u0119biorstwa. Ale Logdio udost\u0119pnia je za mniej ni\u017c 1 euro rocznie. Jedn\u0105 z rzeczy, kt\u00f3re wyr\u00f3\u017cniaj\u0105 Logdio jest to, \u017ce obejmuj\u0105 one prawie wszystkie us\u0142ugi zwi\u0105zane z dostawami lub us\u0142ugami typu point-to-point. Od us\u0142ug serwisowych, regularnych dostaw, sprzedawc\u00f3w detalicznych i e-commerce, a nawet us\u0142ug zwi\u0105zanych z gospodark\u0105 odpadami.<\/p><p>Logdio dzia\u0142a na dw\u00f3ch poziomach, aplikacja na urz\u0105dzeniu kurier\u00f3w i us\u0142uga zarz\u0105dzania i monitorowania dla administracji. Logdio dostarcza wielu informacji dla kierownictwa. Kierownictwo mo\u017ce zobaczy\u0107 stan i lokalizacj\u0119 pojazdu, a tak\u017ce mo\u017ce otrzymywa\u0107 aktualizacje w czasie rzeczywistym dotycz\u0105ce dostaw, a nawet masowego wysy\u0142ania i pobierania raport\u00f3w i adres\u00f3w.<\/p><p>Aktualizacja w czasie rzeczywistym jest r\u00f3wnie\u017c pomocna w przypadku, gdy szukasz planera trasy dla kurier\u00f3w Warszawa lub Londyn. Miasto, kt\u00f3re przekracza rzek\u0119 cz\u0119sto powoduje problemy dla kurier\u00f3w, poniewa\u017c mog\u0105 si\u0119 zgubi\u0107 lub musz\u0105 podj\u0105\u0107 d\u0142ug\u0105 tras\u0119. Firma mo\u017ce r\u00f3wnie\u017c \u0142atwo wyci\u0105gn\u0105\u0107 dane za pomoc\u0105 Logdio API do dalszej analizy trasy swojej floty i og\u00f3lnego zarz\u0105dzania.<\/p><p>Podsumowuj\u0105c, Logdio obejmuje obie strony us\u0142ugi dostawy. Kurier otrzyma zoptymalizowan\u0105 tras\u0119 i lepsze godziny pracy, a kierownictwo mo\u017ce mie\u0107 lepsz\u0105 kontrol\u0119 i zrozumienie sytuacji na miejscu. I w\u0142a\u015bnie dlatego Logdio zas\u0142uguje na miano najlepszego planera tras dla kurier\u00f3w.<\/p><p>W tej cyfrowej erze kurier jest jedn\u0105 z najbardziej wyj\u0105tkowych prac, jakie ka\u017cdy mo\u017ce mie\u0107. Termin przesun\u0105\u0142 si\u0119 z dostarczania poczty i paczek do prawie wszystkiego. Technicznie, tw\u00f3j kierowca Lyft lub Uber jest r\u00f3wnie\u017c kurierem. Dlatego musz\u0105 dobrze zna\u0107 swoj\u0105 tras\u0119 dostawy. Musz\u0105 zna\u0107 wszystkie skr\u00f3ty, aby uzyska\u0107 najlepszy czas dostawy, aby \u015bmiga\u0107 w g\u00f3r\u0119 swojej oceny i zapewni\u0107 najlepsz\u0105 obs\u0142ug\u0119 swoim klientom.<\/p><p>Aby sprosta\u0107 tym oczekiwaniom, kurier cz\u0119sto ma w telefonie aplikacj\u0119 mapow\u0105 lub planer trasy. Aplikacje te zoptymalizuj\u0105 ich tras\u0119 i przystanki tak, aby taktowa\u0142y jak najkr\u00f3tszy czas. Je\u015bli jeste\u015b kurierem, mo\u017ce znasz ju\u017c niekt\u00f3re z tych aplikacji.<\/p><p>\u00a0<\/p><h3>NUNAV Courier<\/h3><p><img decoding=\"async\" class=\"alignnone size-full wp-image-26747\" src=\"https:\/\/logdio.com\/wp-content\/uploads\/2023\/02\/999.jpg\" alt=\"\" width=\"892\" height=\"357\" srcset=\"https:\/\/logdio.com\/wp-content\/uploads\/2023\/02\/999.jpg 892w, https:\/\/logdio.com\/wp-content\/uploads\/2023\/02\/999-300x120.jpg 300w, https:\/\/logdio.com\/wp-content\/uploads\/2023\/02\/999-768x307.jpg 768w\" sizes=\"(max-width: 892px) 100vw, 892px\" \/><\/p><p>https:\/\/play.google.com\/store\/apps\/details?id=tr.com.ussal.smartrouteplanner&hl=pl&gl=US<\/p><p>NUNAV Courier oferuje bardzo usprawniony pulpit, dzi\u0119ki czemu kurierzy mog\u0105 znale\u017a\u0107 najlepsz\u0105 tras\u0119. Ale jedn\u0105 z jego najlepszych funkcji jest planowanie trasy. Kierownik musi tylko wprowadzi\u0107 adres i pozwoli\u0107 SI znale\u017a\u0107 najlepsz\u0105 tras\u0119. Mo\u017cna r\u00f3wnie\u017c wprowadzi\u0107 kilka innych zmiennych, takich jak posiadanie kilku przystank\u00f3w i pozwoli\u0107 SI na wyznaczenie najlepszej trasy.<\/p><p>Wiele firm korzystaj\u0105cych z NUNAV courier wspomina, \u017ce funkcja planowania skraca czas szkolenia nawet o 70%. W\u0142a\u015bnie dlatego s\u0105 one zaliczane do najlepszych program\u00f3w do planowania tras dla kurier\u00f3w.<\/p><p><a href=\"https:\/\/play.google.com\/store\/apps\/detailsid=com.nunav.logistics&amp;hl=en_US&amp;gl=US\">https:\/\/play.google.com\/store\/apps\/detailsid=com.nunav.logistics&amp;hl=en_US&amp;gl=US<\/a><\/p><h3>Routin Planer Trasy<\/h3><div><img decoding=\"async\" class=\"alignnone size-full wp-image-26766\" src=\"https:\/\/logdio.com\/wp-content\/uploads\/2023\/02\/sdfsfsdf.jpg\" alt=\"\" width=\"950\" height=\"408\" srcset=\"https:\/\/logdio.com\/wp-content\/uploads\/2023\/02\/sdfsfsdf.jpg 950w, https:\/\/logdio.com\/wp-content\/uploads\/2023\/02\/sdfsfsdf-300x129.jpg 300w, https:\/\/logdio.com\/wp-content\/uploads\/2023\/02\/sdfsfsdf-768x330.jpg 768w\" sizes=\"(max-width: 950px) 100vw, 950px\" \/><\/div><p>Chyba jeden z najprostszych w\u015br\u00f3d wszystkich. Wystarczy ustawi\u0107 miejsca docelowe, doda\u0107 przystanki i klikn\u0105\u0107 optymalizuj, aby AI znalaz\u0142a dla Ciebie najlepsz\u0105 tras\u0119. Ten planer trasy dla kurier\u00f3w app pozwala r\u00f3wnie\u017c na masowe przesy\u0142anie. Dlatego nie musisz r\u0119cznie wprowadza\u0107 adres\u00f3w docelowych.<\/p><p>Chocia\u017c jest to przede wszystkim oprogramowanie do planowania tras dla kurier\u00f3w, inne zawody, takie jak us\u0142ugi internetowe i instalacja, r\u00f3wnie\u017c mog\u0105 korzysta\u0107 z tej aplikacji. Wszystkie funkcje s\u0105 dost\u0119pne, aby zapewni\u0107, \u017ce kurierzy b\u0119dzie zegar w najkr\u00f3tszym czasie dla wszystkich swoich dostaw.<\/p><p>\u00a0<\/p><p>Inne aplikacje do planowania trasy, kt\u00f3re powiniene\u015b wypr\u00f3bowa\u0107<\/p><p><a href=\"https:\/\/play.google.com\/store\/apps\/details?id=tr.com.ussal.smartrouteplanner&amp;hl=pl&amp;gl=US\">https:\/\/play.google.com\/store\/apps\/details?id=tr.com.ussal.smartrouteplanner&amp;hl=pl&amp;gl=US<\/a><\/p><h3>Google Maps<\/h3><p>Wszystkie smartfony z systemem android maj\u0105 t\u0119 aplikacj\u0119 jako cz\u0119\u015b\u0107 podstawowych aplikacji Google. Jest to podstawowa aplikacja, kt\u00f3ra wykonuje swoj\u0105 prac\u0119 dobrze. Mo\u017cesz nie by\u0107 w stanie zrobi\u0107 masowe przesy\u0142anie do Map, ale Google zapewnia regularne i w czasie rzeczywistym aktualizacji na ruchu, stan pogody, i wiele innych. Poniewa\u017c jest to \u017ar\u00f3d\u0142o dla wielu innych aplikacji do planowania tras, Mapy Google mog\u0105 by\u0107 dla Ciebie alternatyw\u0105 do planowania trasy dostawy. W ko\u0144cu ta aplikacja jest darmowa.<\/p><p>\u00a0<\/p><h3>Onfleet<\/h3><p>Kurierzy, kt\u00f3rzy korzystaj\u0105 z Onfleet, ciesz\u0105 si\u0119 przede wszystkim z funkcji zaplanowanych dostaw. To pomo\u017ce im na lepsze zarz\u0105dzanie czasem i tras\u0105. Oczywi\u015bcie, aplikacja zapewnia r\u00f3wnie\u017c najlepsz\u0105 dost\u0119pn\u0105 tras\u0119. Ale poniewa\u017c ruch drogowy mo\u017ce si\u0119 zmienia\u0107 z czasem, aplikacja b\u0119dzie automatycznie aktualizowa\u0107 go, aby znale\u017a\u0107 najlepsz\u0105 mo\u017cliw\u0105 tras\u0119.<\/p><p>Aplikacja zapewnia r\u00f3wnie\u017c us\u0142ugi mi\u0119dzyplatformowe. Mo\u017cesz wi\u0119c prze\u0142\u0105cza\u0107 urz\u0105dzenia bez obaw o utrat\u0119 jakichkolwiek dat. Powiedzmy, \u017ce u\u017cywasz aplikacji do programu planowania tras dla kurier\u00f3w w Polsce. Nie musisz pobiera\u0107 kolejnej aplikacji, gdy przeprowadzisz si\u0119 do innego kraju.<\/p><p>\u00a0<\/p><h3>RouteXL<\/h3><p>Pracujesz z wieloma punktami dostaw, ale nie masz bud\u017cetu na abonament? RouteXL jest w\u0142a\u015bnie dla ciebie. Zapewnia do dwudziestu miejsc docelowych w ci\u0105gu dnia dla zoptymalizowanej trasy, podzielonych adres\u00f3w i masowego przesy\u0142ania dla tych adres\u00f3w. RouteXL ma r\u00f3wnie\u017c p\u0142atn\u0105 wersj\u0119 z dodatkowymi funkcjami.<\/p><p>\u00a0<\/p><h3>OptimoRoute Driver<\/h3><p>Ta aplikacja obejmuje zar\u00f3wno planowanie trasy, jak i zarz\u0105dzanie flot\u0105. Dzia\u0142a \u015bwietnie niezale\u017cnie od tego, czy jeste\u015b kurierem, czy zarz\u0105dzasz kilkoma kurierami. Dzi\u0119ki zarz\u0105dzaniu dyspozycj\u0105 i zespo\u0142em mo\u017cesz mie\u0107 aktualizacj\u0119 na \u017cywo lokalizacji floty i dzieli\u0107 si\u0119 ni\u0105 z klientami. Jest to jednak nieco kosztowne, poniewa\u017c kosztuje abonament dla ka\u017cdego kierowcy.<\/p><p>\u00a0<\/p><p>Mo\u017cesz pobra\u0107 wszystkie te aplikacje, aby por\u00f3wna\u0107 ich us\u0142ugi od razu. Ale b\u0119dziesz wiedzia\u0142, \u017ce nasz najlepszy wyb\u00f3r jest najlepszy. Jako najbardziej wszechstronny, Logdio przewy\u017csza swoich konkurent\u00f3w. Nie zapominaj, \u017ce dzia\u0142a r\u00f3wnie\u017c na poziomie mened\u017cerskim. Dzi\u0119ki wszystkim ich us\u0142ugom, powiniene\u015b ju\u017c wiedzie\u0107, kt\u00f3r\u0105 aplikacj\u0119 powiniene\u015b mie\u0107.<\/p>\t\t\t\t\t\t\t\t<\/div>\n\t\t\t\t<\/div>\n\t\t\t\t\t<\/div>\n\t\t<\/div>\n\t\t\t\t\t<\/div>\n\t\t<\/section>\n\t\t\t\t<\/div>\n\t\t","protected":false},"excerpt":{"rendered":"<p>Program do planowania trasy dla kurier\u00f3w \u00a0 Top 7 Oprogramowanie do planowania tras \u00a0 Je\u015bli szukasz najlepszego programu do planowania trasy dla kurier\u00f3w to trafi\u0142e\u015b we w\u0142a\u015bciwe miejsce. Oto siedem najlepszych aplikacji do optymalizacji czasu dostawy. Wi\u0119kszo\u015b\u0107 z nich jest darmowa, ale zaawansowane funkcje mog\u0105 wi\u0105za\u0107 si\u0119 z niewielk\u0105 op\u0142at\u0105 abonamentow\u0105. Jest to niewielka cena [&hellip;]<\/p>\n","protected":false},"author":1,"featured_media":0,"parent":0,"menu_order":0,"comment_status":"closed","ping_status":"closed","template":"elementor_header_footer","meta":{"footnotes":""},"class_list":["post-7502","page","type-page","status-publish","hentry"],"yoast_head":"<!-- This site is optimized with the Yoast SEO plugin v26.8 - https:\/\/yoast.com\/product\/yoast-seo-wordpress\/ -->\n<title>Oprogramowanie do planowania tras kurierskich - Logdio - delivery management tool<\/title>\n<meta name=\"description\" content=\"Zwi\u0119ksz wydajno\u015b\u0107 pracy kurier\u00f3w dzi\u0119ki oprogramowaniu Logdis do planowania tras. Wszystko w jednym rozwi\u0105zaniu dla firm dostawczych.\" \/>\n<meta name=\"robots\" content=\"index, follow, max-snippet:-1, max-image-preview:large, max-video-preview:-1\" \/>\n<link rel=\"canonical\" href=\"https:\/\/logdio.com\/pl\/oprogramowanie-do-planowania-tras-kurierskich\/\" \/>\n<meta property=\"og:locale\" content=\"pl_PL\" \/>\n<meta property=\"og:type\" content=\"article\" \/>\n<meta property=\"og:title\" content=\"Oprogramowanie do planowania tras kurierskich - Logdio - delivery management tool\" \/>\n<meta property=\"og:description\" content=\"Zwi\u0119ksz wydajno\u015b\u0107 pracy kurier\u00f3w dzi\u0119ki oprogramowaniu Logdis do planowania tras. Wszystko w jednym rozwi\u0105zaniu dla firm dostawczych.\" \/>\n<meta property=\"og:url\" content=\"https:\/\/logdio.com\/pl\/oprogramowanie-do-planowania-tras-kurierskich\/\" \/>\n<meta property=\"og:site_name\" content=\"Logdio - delivery management tool\" \/>\n<meta property=\"article:publisher\" content=\"https:\/\/www.facebook.com\/logtime.eu\/\" \/>\n<meta property=\"article:modified_time\" content=\"2023-02-27T07:24:51+00:00\" \/>\n<meta property=\"og:image\" content=\"https:\/\/logdio.com\/wp-content\/uploads\/2023\/02\/logdio1.jpg\" \/>\n<meta name=\"twitter:card\" content=\"summary_large_image\" \/>\n<meta name=\"twitter:label1\" content=\"Szacowany czas czytania\" \/>\n\t<meta name=\"twitter:data1\" content=\"7 minut\" \/>\n<script type=\"application\/ld+json\" class=\"yoast-schema-graph\">{\"@context\":\"https:\/\/schema.org\",\"@graph\":[{\"@type\":\"WebPage\",\"@id\":\"https:\/\/logdio.com\/pl\/oprogramowanie-do-planowania-tras-kurierskich\/\",\"url\":\"https:\/\/logdio.com\/pl\/oprogramowanie-do-planowania-tras-kurierskich\/\",\"name\":\"Oprogramowanie do planowania tras kurierskich - Logdio - delivery management tool\",\"isPartOf\":{\"@id\":\"https:\/\/logdio.com\/pl\/#website\"},\"primaryImageOfPage\":{\"@id\":\"https:\/\/logdio.com\/pl\/oprogramowanie-do-planowania-tras-kurierskich\/#primaryimage\"},\"image\":{\"@id\":\"https:\/\/logdio.com\/pl\/oprogramowanie-do-planowania-tras-kurierskich\/#primaryimage\"},\"thumbnailUrl\":\"https:\/\/logdio.com\/wp-content\/uploads\/2023\/02\/logdio1.jpg\",\"datePublished\":\"2021-08-23T19:01:48+00:00\",\"dateModified\":\"2023-02-27T07:24:51+00:00\",\"description\":\"Zwi\u0119ksz wydajno\u015b\u0107 pracy kurier\u00f3w dzi\u0119ki oprogramowaniu Logdis do planowania tras. Wszystko w jednym rozwi\u0105zaniu dla firm dostawczych.\",\"breadcrumb\":{\"@id\":\"https:\/\/logdio.com\/pl\/oprogramowanie-do-planowania-tras-kurierskich\/#breadcrumb\"},\"inLanguage\":\"pl-PL\",\"potentialAction\":[{\"@type\":\"ReadAction\",\"target\":[\"https:\/\/logdio.com\/pl\/oprogramowanie-do-planowania-tras-kurierskich\/\"]}]},{\"@type\":\"ImageObject\",\"inLanguage\":\"pl-PL\",\"@id\":\"https:\/\/logdio.com\/pl\/oprogramowanie-do-planowania-tras-kurierskich\/#primaryimage\",\"url\":\"https:\/\/logdio.com\/wp-content\/uploads\/2023\/02\/logdio1.jpg\",\"contentUrl\":\"https:\/\/logdio.com\/wp-content\/uploads\/2023\/02\/logdio1.jpg\"},{\"@type\":\"BreadcrumbList\",\"@id\":\"https:\/\/logdio.com\/pl\/oprogramowanie-do-planowania-tras-kurierskich\/#breadcrumb\",\"itemListElement\":[{\"@type\":\"ListItem\",\"position\":1,\"name\":\"Home\",\"item\":\"https:\/\/logdio.com\/pl\/landing-page\/\"},{\"@type\":\"ListItem\",\"position\":2,\"name\":\"Oprogramowanie do planowania tras kurierskich\"}]},{\"@type\":\"WebSite\",\"@id\":\"https:\/\/logdio.com\/pl\/#website\",\"url\":\"https:\/\/logdio.com\/pl\/\",\"name\":\"Logdio - delivery management tool\",\"description\":\"Next level delivery management software\",\"publisher\":{\"@id\":\"https:\/\/logdio.com\/pl\/#organization\"},\"potentialAction\":[{\"@type\":\"SearchAction\",\"target\":{\"@type\":\"EntryPoint\",\"urlTemplate\":\"https:\/\/logdio.com\/pl\/?s={search_term_string}\"},\"query-input\":{\"@type\":\"PropertyValueSpecification\",\"valueRequired\":true,\"valueName\":\"search_term_string\"}}],\"inLanguage\":\"pl-PL\"},{\"@type\":\"Organization\",\"@id\":\"https:\/\/logdio.com\/pl\/#organization\",\"name\":\"Logdio\",\"url\":\"https:\/\/logdio.com\/pl\/\",\"logo\":{\"@type\":\"ImageObject\",\"inLanguage\":\"pl-PL\",\"@id\":\"https:\/\/logdio.com\/pl\/#\/schema\/logo\/image\/\",\"url\":\"https:\/\/logdio.com\/wp-content\/uploads\/2021\/05\/Logdio.svg\",\"contentUrl\":\"https:\/\/logdio.com\/wp-content\/uploads\/2021\/05\/Logdio.svg\",\"width\":4.44919,\"height\":1.1285,\"caption\":\"Logdio\"},\"image\":{\"@id\":\"https:\/\/logdio.com\/pl\/#\/schema\/logo\/image\/\"},\"sameAs\":[\"https:\/\/www.facebook.com\/logtime.eu\/\",\"https:\/\/www.linkedin.com\/company\/logtime\"]}]}<\/script>\n<!-- \/ Yoast SEO plugin. -->","yoast_head_json":{"title":"Oprogramowanie do planowania tras kurierskich - Logdio - delivery management tool","description":"Zwi\u0119ksz wydajno\u015b\u0107 pracy kurier\u00f3w dzi\u0119ki oprogramowaniu Logdis do planowania tras. Wszystko w jednym rozwi\u0105zaniu dla firm dostawczych.","robots":{"index":"index","follow":"follow","max-snippet":"max-snippet:-1","max-image-preview":"max-image-preview:large","max-video-preview":"max-video-preview:-1"},"canonical":"https:\/\/logdio.com\/pl\/oprogramowanie-do-planowania-tras-kurierskich\/","og_locale":"pl_PL","og_type":"article","og_title":"Oprogramowanie do planowania tras kurierskich - Logdio - delivery management tool","og_description":"Zwi\u0119ksz wydajno\u015b\u0107 pracy kurier\u00f3w dzi\u0119ki oprogramowaniu Logdis do planowania tras. Wszystko w jednym rozwi\u0105zaniu dla firm dostawczych.","og_url":"https:\/\/logdio.com\/pl\/oprogramowanie-do-planowania-tras-kurierskich\/","og_site_name":"Logdio - delivery management tool","article_publisher":"https:\/\/www.facebook.com\/logtime.eu\/","article_modified_time":"2023-02-27T07:24:51+00:00","og_image":[{"url":"https:\/\/logdio.com\/wp-content\/uploads\/2023\/02\/logdio1.jpg","type":"","width":"","height":""}],"twitter_card":"summary_large_image","twitter_misc":{"Szacowany czas czytania":"7 minut"},"schema":{"@context":"https:\/\/schema.org","@graph":[{"@type":"WebPage","@id":"https:\/\/logdio.com\/pl\/oprogramowanie-do-planowania-tras-kurierskich\/","url":"https:\/\/logdio.com\/pl\/oprogramowanie-do-planowania-tras-kurierskich\/","name":"Oprogramowanie do planowania tras kurierskich - Logdio - delivery management tool","isPartOf":{"@id":"https:\/\/logdio.com\/pl\/#website"},"primaryImageOfPage":{"@id":"https:\/\/logdio.com\/pl\/oprogramowanie-do-planowania-tras-kurierskich\/#primaryimage"},"image":{"@id":"https:\/\/logdio.com\/pl\/oprogramowanie-do-planowania-tras-kurierskich\/#primaryimage"},"thumbnailUrl":"https:\/\/logdio.com\/wp-content\/uploads\/2023\/02\/logdio1.jpg","datePublished":"2021-08-23T19:01:48+00:00","dateModified":"2023-02-27T07:24:51+00:00","description":"Zwi\u0119ksz wydajno\u015b\u0107 pracy kurier\u00f3w dzi\u0119ki oprogramowaniu Logdis do planowania tras. Wszystko w jednym rozwi\u0105zaniu dla firm dostawczych.","breadcrumb":{"@id":"https:\/\/logdio.com\/pl\/oprogramowanie-do-planowania-tras-kurierskich\/#breadcrumb"},"inLanguage":"pl-PL","potentialAction":[{"@type":"ReadAction","target":["https:\/\/logdio.com\/pl\/oprogramowanie-do-planowania-tras-kurierskich\/"]}]},{"@type":"ImageObject","inLanguage":"pl-PL","@id":"https:\/\/logdio.com\/pl\/oprogramowanie-do-planowania-tras-kurierskich\/#primaryimage","url":"https:\/\/logdio.com\/wp-content\/uploads\/2023\/02\/logdio1.jpg","contentUrl":"https:\/\/logdio.com\/wp-content\/uploads\/2023\/02\/logdio1.jpg"},{"@type":"BreadcrumbList","@id":"https:\/\/logdio.com\/pl\/oprogramowanie-do-planowania-tras-kurierskich\/#breadcrumb","itemListElement":[{"@type":"ListItem","position":1,"name":"Home","item":"https:\/\/logdio.com\/pl\/landing-page\/"},{"@type":"ListItem","position":2,"name":"Oprogramowanie do planowania tras kurierskich"}]},{"@type":"WebSite","@id":"https:\/\/logdio.com\/pl\/#website","url":"https:\/\/logdio.com\/pl\/","name":"Logdio - delivery management tool","description":"Next level delivery management software","publisher":{"@id":"https:\/\/logdio.com\/pl\/#organization"},"potentialAction":[{"@type":"SearchAction","target":{"@type":"EntryPoint","urlTemplate":"https:\/\/logdio.com\/pl\/?s={search_term_string}"},"query-input":{"@type":"PropertyValueSpecification","valueRequired":true,"valueName":"search_term_string"}}],"inLanguage":"pl-PL"},{"@type":"Organization","@id":"https:\/\/logdio.com\/pl\/#organization","name":"Logdio","url":"https:\/\/logdio.com\/pl\/","logo":{"@type":"ImageObject","inLanguage":"pl-PL","@id":"https:\/\/logdio.com\/pl\/#\/schema\/logo\/image\/","url":"https:\/\/logdio.com\/wp-content\/uploads\/2021\/05\/Logdio.svg","contentUrl":"https:\/\/logdio.com\/wp-content\/uploads\/2021\/05\/Logdio.svg","width":4.44919,"height":1.1285,"caption":"Logdio"},"image":{"@id":"https:\/\/logdio.com\/pl\/#\/schema\/logo\/image\/"},"sameAs":["https:\/\/www.facebook.com\/logtime.eu\/","https:\/\/www.linkedin.com\/company\/logtime"]}]}},"_links":{"self":[{"href":"https:\/\/logdio.com\/pl\/wp-json\/wp\/v2\/pages\/7502","targetHints":{"allow":["GET"]}}],"collection":[{"href":"https:\/\/logdio.com\/pl\/wp-json\/wp\/v2\/pages"}],"about":[{"href":"https:\/\/logdio.com\/pl\/wp-json\/wp\/v2\/types\/page"}],"author":[{"embeddable":true,"href":"https:\/\/logdio.com\/pl\/wp-json\/wp\/v2\/users\/1"}],"replies":[{"embeddable":true,"href":"https:\/\/logdio.com\/pl\/wp-json\/wp\/v2\/comments?post=7502"}],"version-history":[{"count":9,"href":"https:\/\/logdio.com\/pl\/wp-json\/wp\/v2\/pages\/7502\/revisions"}],"predecessor-version":[{"id":26791,"href":"https:\/\/logdio.com\/pl\/wp-json\/wp\/v2\/pages\/7502\/revisions\/26791"}],"wp:attachment":[{"href":"https:\/\/logdio.com\/pl\/wp-json\/wp\/v2\/media?parent=7502"}],"curies":[{"name":"wp","href":"https:\/\/api.w.org\/{rel}","templated":true}]}}