{"id":7490,"date":"2021-08-23T22:01:42","date_gmt":"2021-08-23T19:01:42","guid":{"rendered":"https:\/\/logdio.com\/dowod-dostawy\/"},"modified":"2021-09-13T17:12:11","modified_gmt":"2021-09-13T14:12:11","slug":"dowod-dostawy","status":"publish","type":"page","link":"https:\/\/logdio.com\/pl\/dowod-dostawy\/","title":{"rendered":"Dow\u00f3d dostawy"},"content":{"rendered":"\t\t<div data-elementor-type=\"wp-page\" data-elementor-id=\"7490\" class=\"elementor elementor-7490 elementor-1053\" data-elementor-post-type=\"page\">\n\t\t\t\t\t\t<section class=\"has_ma_el_bg_slider elementor-section elementor-top-section elementor-element elementor-element-0fecb16 elementor-section-boxed elementor-section-height-default elementor-section-height-default jltma-glass-effect-no\" data-id=\"0fecb16\" data-element_type=\"section\" data-e-type=\"section\" data-settings=\"{&quot;jet_parallax_layout_list&quot;:[{&quot;jet_parallax_layout_image&quot;:{&quot;url&quot;:&quot;&quot;,&quot;id&quot;:&quot;&quot;,&quot;size&quot;:&quot;&quot;},&quot;_id&quot;:&quot;26d3bd4&quot;,&quot;jet_parallax_layout_image_tablet&quot;:{&quot;url&quot;:&quot;&quot;,&quot;id&quot;:&quot;&quot;,&quot;size&quot;:&quot;&quot;},&quot;jet_parallax_layout_image_mobile&quot;:{&quot;url&quot;:&quot;&quot;,&quot;id&quot;:&quot;&quot;,&quot;size&quot;:&quot;&quot;},&quot;jet_parallax_layout_speed&quot;:{&quot;unit&quot;:&quot;%&quot;,&quot;size&quot;:50,&quot;sizes&quot;:[]},&quot;jet_parallax_layout_type&quot;:&quot;scroll&quot;,&quot;jet_parallax_layout_direction&quot;:null,&quot;jet_parallax_layout_fx_direction&quot;:null,&quot;jet_parallax_layout_z_index&quot;:&quot;&quot;,&quot;jet_parallax_layout_bg_x&quot;:50,&quot;jet_parallax_layout_bg_x_tablet&quot;:&quot;&quot;,&quot;jet_parallax_layout_bg_x_mobile&quot;:&quot;&quot;,&quot;jet_parallax_layout_bg_y&quot;:50,&quot;jet_parallax_layout_bg_y_tablet&quot;:&quot;&quot;,&quot;jet_parallax_layout_bg_y_mobile&quot;:&quot;&quot;,&quot;jet_parallax_layout_bg_size&quot;:&quot;auto&quot;,&quot;jet_parallax_layout_bg_size_tablet&quot;:&quot;&quot;,&quot;jet_parallax_layout_bg_size_mobile&quot;:&quot;&quot;,&quot;jet_parallax_layout_animation_prop&quot;:&quot;transform&quot;,&quot;jet_parallax_layout_on&quot;:[&quot;desktop&quot;,&quot;tablet&quot;]}]}\">\n\t\t\t\t\t\t<div class=\"elementor-container elementor-column-gap-default\">\n\t\t\t\t\t<div class=\"has_ma_el_bg_slider elementor-column elementor-col-100 elementor-top-column elementor-element elementor-element-9bbe2b6 jltma-glass-effect-no\" data-id=\"9bbe2b6\" data-element_type=\"column\" data-e-type=\"column\">\n\t\t\t<div class=\"elementor-widget-wrap elementor-element-populated\">\n\t\t\t\t\t\t<div class=\"elementor-element elementor-element-93204c4 jltma-glass-effect-no elementor-widget elementor-widget-heading\" data-id=\"93204c4\" data-element_type=\"widget\" data-e-type=\"widget\" data-widget_type=\"heading.default\">\n\t\t\t\t<div class=\"elementor-widget-container\">\n\t\t\t\t\t<h1 class=\"elementor-heading-title elementor-size-default\">Dow\u00f3d dostawy<\/h1>\t\t\t\t<\/div>\n\t\t\t\t<\/div>\n\t\t\t\t\t<\/div>\n\t\t<\/div>\n\t\t\t\t\t<\/div>\n\t\t<\/section>\n\t\t\t\t<section class=\"has_ma_el_bg_slider elementor-section elementor-top-section elementor-element elementor-element-ffa49c8 elementor-section-boxed elementor-section-height-default elementor-section-height-default jltma-glass-effect-no\" data-id=\"ffa49c8\" data-element_type=\"section\" data-e-type=\"section\" data-settings=\"{&quot;jet_parallax_layout_list&quot;:[{&quot;jet_parallax_layout_image&quot;:{&quot;url&quot;:&quot;&quot;,&quot;id&quot;:&quot;&quot;,&quot;size&quot;:&quot;&quot;},&quot;_id&quot;:&quot;883b2bc&quot;,&quot;jet_parallax_layout_image_tablet&quot;:{&quot;url&quot;:&quot;&quot;,&quot;id&quot;:&quot;&quot;,&quot;size&quot;:&quot;&quot;},&quot;jet_parallax_layout_image_mobile&quot;:{&quot;url&quot;:&quot;&quot;,&quot;id&quot;:&quot;&quot;,&quot;size&quot;:&quot;&quot;},&quot;jet_parallax_layout_speed&quot;:{&quot;unit&quot;:&quot;%&quot;,&quot;size&quot;:50,&quot;sizes&quot;:[]},&quot;jet_parallax_layout_type&quot;:&quot;scroll&quot;,&quot;jet_parallax_layout_direction&quot;:null,&quot;jet_parallax_layout_fx_direction&quot;:null,&quot;jet_parallax_layout_z_index&quot;:&quot;&quot;,&quot;jet_parallax_layout_bg_x&quot;:50,&quot;jet_parallax_layout_bg_x_tablet&quot;:&quot;&quot;,&quot;jet_parallax_layout_bg_x_mobile&quot;:&quot;&quot;,&quot;jet_parallax_layout_bg_y&quot;:50,&quot;jet_parallax_layout_bg_y_tablet&quot;:&quot;&quot;,&quot;jet_parallax_layout_bg_y_mobile&quot;:&quot;&quot;,&quot;jet_parallax_layout_bg_size&quot;:&quot;auto&quot;,&quot;jet_parallax_layout_bg_size_tablet&quot;:&quot;&quot;,&quot;jet_parallax_layout_bg_size_mobile&quot;:&quot;&quot;,&quot;jet_parallax_layout_animation_prop&quot;:&quot;transform&quot;,&quot;jet_parallax_layout_on&quot;:[&quot;desktop&quot;,&quot;tablet&quot;]}]}\">\n\t\t\t\t\t\t<div class=\"elementor-container elementor-column-gap-default\">\n\t\t\t\t\t<div class=\"has_ma_el_bg_slider elementor-column elementor-col-100 elementor-top-column elementor-element elementor-element-bf6b3b9 jltma-glass-effect-no\" data-id=\"bf6b3b9\" data-element_type=\"column\" data-e-type=\"column\">\n\t\t\t<div class=\"elementor-widget-wrap elementor-element-populated\">\n\t\t\t\t\t\t<div class=\"elementor-element elementor-element-5d3d529 jltma-glass-effect-no elementor-widget elementor-widget-text-editor\" data-id=\"5d3d529\" data-element_type=\"widget\" data-e-type=\"widget\" data-widget_type=\"text-editor.default\">\n\t\t\t\t<div class=\"elementor-widget-container\">\n\t\t\t\t\t\t\t\t\t<p>W dzisiejszych czasach dostawy zam\u00f3wie\u0144 s\u0105 coraz szybsze. Wzrost liczby dostaw i rosn\u0105ce oczekiwania klient\u00f3w zwielokrotniaj\u0105 presj\u0119 wywieran\u0105 na firmy. Zdarza si\u0119, \u017ce klienci zamawiaj\u0105 produkt, ale dociera on do nich z op\u00f3\u017anieniem lub wcale. Nawet je\u015bli dostawa przebiega bezproblemowo, otrzymuj\u0105 uszkodzony towar. W takich sytuacjach <strong>Dow\u00f3d Dostawy<\/strong> (znany r\u00f3wnie\u017c jako POD) zapewnia klientom spok\u00f3j ducha, \u017ce otrzymali to, za co zap\u0142acili w idealnym stanie.<\/p>\n<p>Dlatego ka\u017cda firma, kt\u00f3rej reputacja zale\u017cy od szybko\u015bci i jako\u015bci dostarczenia produktu lub us\u0142ugi, powinna zwr\u00f3ci\u0107 szczeg\u00f3ln\u0105 uwag\u0119 na Dow\u00f3d Dostawy. B\u0119dzie to satysfakcjonuj\u0105ce do\u015bwiadczenie w zakresie dostaw zar\u00f3wno dla klienta, jak i dla firmy.<\/p>\n<\/p>\n<h2><strong>Co to jest dow\u00f3d dostawy?<\/strong><\/h2>\n<p>Dow\u00f3d dostawy jest potwierdzeniem, \u017ce zam\u00f3wienie dotar\u0142o z powodzeniem do \u017c\u0105danego miejsca. Je\u015bli prowadzisz dzia\u0142alno\u015b\u0107 zwi\u0105zan\u0105 z dostaw\u0105 \u017cywno\u015bci, logistyk\u0105, B2B lub eCommerce, POD jest dla Ciebie najlepszym rozwi\u0105zaniem. Ale to nie jest ograniczone tylko do tych dw\u00f3ch strumieni; mo\u017cna r\u00f3wnie\u017c u\u017cy\u0107 go do wykazania, \u017ce us\u0142uga zosta\u0142a zako\u0144czona. Dlatego te\u017c POD znany jest r\u00f3wnie\u017c jako Dow\u00f3d Uko\u0144czenia (POC).<\/p>\n<p>POD jest dost\u0119pny w dw\u00f3ch formach:<\/p>\n<h3><strong>1. <\/strong><strong>Papier POD: <\/strong> <\/h3>\n<p>Papierowy POD jest fizycznym dokumentem, kt\u00f3ry dzia\u0142a jak pokwitowanie. Klienci podpisuj\u0105 papierowy POD, gdy otrzymuj\u0105 produkt lub us\u0142ug\u0119.<\/p>\n<h3><strong>2. <\/strong><strong>Elektroniczny POD: <\/strong> <\/h3>\n<p>W dzisiejszych czasach klienci s\u0105 bardziej zaznajomieni z elektronicznym POD. Min\u0119\u0142y ju\u017c czasy, kiedy firmy musia\u0142y czeka\u0107 na powr\u00f3t kierowc\u00f3w z papierowymi POD-ami lub dzwoni\u0107 do klient\u00f3w, aby sprawdzi\u0107 status dostawy. W elektronicznym dowodzie dostawy POD, klienci przekazuj\u0105 elektroniczne znaki podczas odbioru swoich produkt\u00f3w. Zar\u00f3wno klient, jak i nadawca mog\u0105 otrzymywa\u0107 natychmiastowe aktualizacje na temat dostawy, gdy zostanie ona pomy\u015blnie zrealizowana.<\/p>\n<p>Papierowy POD mo\u017ce zosta\u0107 zgubiony lub \u0142atwo ulec uszkodzeniu. Z elektronicznym POD, nie ma potrzeby prowadzenia papierowej dokumentacji potwierdzaj\u0105cej dostaw\u0119. Dzi\u0119ki temu mo\u017cna ograniczy\u0107 r\u0119czny wysi\u0142ek i uczyni\u0107 rzeczy bardziej prostymi.<\/p>\n<\/p>\n<h2><strong>Dlaczego to ma znaczenie?<\/strong><\/h2>\n<p>POD ma znaczenie z kilku powod\u00f3w:<\/p>\n<h3><strong>1. <\/strong><strong>Bezpieczne dostarczanie wa\u017cnych dokument\u00f3w<\/strong><\/h3>\n<p>Kiedy chcesz wys\u0142a\u0107 wa\u017cne dokumenty (oryginalny akt ma\u0142\u017ce\u0144stwa, akt urodzenia, paszport), POD staje si\u0119 niezb\u0119dny. Z pomoc\u0105 tego zaawansowanego narz\u0119dzia, Twoje dokumenty zostan\u0105 dostarczone do w\u0142a\u015bciwego miejsca i w\u0142a\u015bciwych organ\u00f3w. Tak wi\u0119c, je\u015bli dokumenty zostan\u0105 utracone, mo\u017cna \u0142atwo wy\u015bledzi\u0107, gdzie wyst\u0105pi\u0142 b\u0142\u0105d.<\/p>\n<h3><strong>2. <\/strong><strong>Wype\u0142nia \u0142a\u0144cuch dowodowy:<\/strong><\/h3>\n<p>Odpowiedzialno\u015b\u0107 jest niezb\u0119dna w dostawach B2B, nawet je\u015bli paczka dotar\u0142a do miejsca przeznaczenia. POD uzupe\u0142nia \u0142a\u0144cuch dowodowy i zapewnia, \u017ce towary s\u0105 dostarczane do w\u0142a\u015bciwego odbiorcy. Us\u0142uga ta jest bardziej korzystna, gdy trzeba dostarczy\u0107 produkty do firm wielooddzia\u0142owych.<\/p>\n<h3><strong>3. <\/strong><strong>Zapobiega sporom <\/strong> <\/h3>\n<p>POD zapewnia bezdotykow\u0105 interakcj\u0119, gdy klient\u00f3w nie ma w domu. Ta opcja zapobiega sporom mi\u0119dzy klientami a dostawcami, poniewa\u017c kierowca zrobi zdj\u0119cie, aby udowodni\u0107, \u017ce przedmiot rzeczywi\u015bcie dotar\u0142 pod adres kupuj\u0105cego. POD umo\u017cliwia otrzymanie potwierdzenia faktu przyj\u0119cia zam\u00f3wienia przez klienta poprzez z\u0142o\u017cenie przez niego podpisu elektronicznego na ekranie smartfona kuriera, a tak\u017ce sfotografowanie faktu dostarczenia zam\u00f3wienia. Zastosowanie mechanizmu fotoutrwalania pozwoli Ci r\u00f3wnie\u017c na szybkie rozwi\u0105zanie sytuacji w przypadku uszkodzenia\/przeniesienia towaru. W ten spos\u00f3b firma POD chroni personel dostawczy przed negatywnymi opiniami lub fa\u0142szywymi zarzutami klient\u00f3w.<\/p>\n<h3><strong>4. <\/strong><strong>Zmniejszenie liczby duplikat\u00f3w, oszustw i op\u00f3\u017anie\u0144 w p\u0142atno\u015bciach<\/strong><\/h3>\n<p>Ponadto, POD pomaga ograniczy\u0107 przypadki oszustw, duplikat\u00f3w przedmiot\u00f3w oraz op\u0142at za op\u00f3\u017anienia w p\u0142atno\u015bciach pobieranych przez sprzedawc\u00f3w za niedostarczone jeszcze produkty.<\/p>\n<h3><strong>5. <\/strong><strong>Zwi\u0119ksza identyfikowalno\u015b\u0107<\/strong><\/h3>\n<p>Elektroniczny system POD zapewnia przejrzysto\u015b\u0107 poprzez zwi\u0119kszenie mo\u017cliwo\u015bci \u015bledzenia przesy\u0142ek w ca\u0142ym \u0142a\u0144cuchu dostaw. Umo\u017cliwia on lepsze \u015bledzenie post\u0119p\u00f3w w realizacji dostaw, u\u0142atwiaj\u0105c firmom identyfikacj\u0119 istotnych problem\u00f3w z dostawami, zanim stan\u0105 si\u0119 one powa\u017cnymi zobowi\u0105zaniami.<\/p>\n<h3><strong>6. <\/strong><strong>Zwi\u0119ksza dok\u0142adno\u015b\u0107 zapas\u00f3w:<\/strong><\/h3>\n<p>Dzi\u0119ki dowodom dostawy firmy s\u0105 zorganizowane i prowadz\u0105 rejestr udanych dostaw i zwrot\u00f3w. Pomaga to zespo\u0142owi magazynowemu lepiej zarz\u0105dza\u0107 poziomem zapas\u00f3w i zwi\u0119kszy\u0107 ich dok\u0142adno\u015b\u0107.<\/p>\n<h3><strong>7. <\/strong><strong>Pomaga monitorowa\u0107 post\u0119py w dostawie<\/strong><\/h3>\n<p>Elektroniczny POD upraszcza proces dostawy, oferuj\u0105c funkcj\u0119 monitorowania post\u0119pu dostawy. Kiedy kierowca jest w terenie, udowodnisz, \u017ce zatrzyma\u0142 si\u0119, aby dokona\u0107 dostawy. Tak wi\u0119c, mo\u017cna poprawi\u0107 og\u00f3lne dzia\u0142ania poza boiskiem i na boisku z elektronicznym POD.<\/p>\n<h3><strong>8. <\/strong><strong>Poprawia do\u015bwiadczenia klient\u00f3w<\/strong><\/h3>\n<p>Klienci maj\u0105 szeroki wachlarz mo\u017cliwo\u015bci zakupu. Firmy, kt\u00f3re oferuj\u0105 spersonalizowane i niezawodne do\u015bwiadczenie, zdobywaj\u0105 lwi\u0105 cz\u0119\u015b\u0107 lojalno\u015bci swoich klient\u00f3w. POD przyczynia si\u0119 do poprawy obs\u0142ugi klienta i zwi\u0119ksza jego do\u015bwiadczenie. Mo\u017cesz zbudowa\u0107 lojalno\u015b\u0107 klient\u00f3w, poprawi\u0107 wizerunek marki swojej firmy i zwi\u0119kszy\u0107 wska\u017anik utrzymania klient\u00f3w.<\/p>\n<h3><strong>9. <\/strong><strong>Oszcz\u0119dno\u015b\u0107 czasu<\/strong><\/h3>\n<p>Od d\u0142u\u017cszego czasu \u017cyjemy w XXI wieku i dla wielu kupuj\u0105cych nie do przyj\u0119cia jest czekanie na kuriera w ci\u0105gu dnia. Na podstawie informacji z systemu planowania i kontroli ruchu kurier\u00f3w, mo\u017cesz automatycznie informowa\u0107 klient\u00f3w o czasie dostawy!<\/p>\n<\/p>\n<h2><strong>Dlaczego warto wybra\u0107 system Logdis POD?<\/strong><\/h2>\n<p>Problemy z dostaw\u0105 s\u0105 chyba najcz\u0119stszym powodem negatywnych opinii i negatywnego nastawienia do sklepu. I odwrotnie, szybka dostawa, brak konieczno\u015bci czekania na kuriera w ci\u0105gu dnia, informowanie o post\u0119pach w dostawie &#8211; tworz\u0105 dobre wra\u017cenie i sprawiaj\u0105, \u017ce klient staje si\u0119 sta\u0142ym bywalcem. Taki klient b\u0119dzie ch\u0119tnie wraca\u0142, poleca\u0142 sklep znajomym i wsp\u00f3\u0142pracownikom, pisa\u0142 pozytywne opinie w sieci. System Logdis POD przyczynia si\u0119 do osi\u0105gni\u0119cia tego celu.<\/p>\n<p>Mowa o serwisie online logdio.com, kt\u00f3ry znacznie upraszcza zarz\u0105dzanie kurierami i skraca czas oczekiwania klienta. Ponadto, informacje o statusie dostawy ka\u017cdego zam\u00f3wienia s\u0105 przejrzyste nie tylko dla kierownika dostawy, ale tak\u017ce dla klient\u00f3w, je\u015bli sobie tego \u017cycz\u0105.<\/p>\n<p>Oprogramowanie to zawiera wszystkie informacje o zam\u00f3wieniach, klientach, towarach, p\u0142atno\u015bciach itp. Stanowisko administratora pozwala zobaczy\u0107 na mapie lokalizacj\u0119 kurier\u00f3w i zlece\u0144, otrzyma\u0107 prognoz\u0119 o czasie dotarcia kuriera do klienta.<\/p>\n<p>Jeste\u015bmy zainteresowani opiniami, rekomendacjami i \u017cyczeniami, kt\u00f3re pozwol\u0105 nam uczyni\u0107 serwis wygodnym i warto\u015bciowym narz\u0119dziem. Je\u015bli jeste\u015b zainteresowany wdro\u017ceniem POD proof of delivery w swojej firmie, <a href=\"https:\/\/logdio.com\/pl\/dowod-dostawy\/\">wykup nasze us\u0142ugi<\/a>.<\/p><\/p>\n\t\t\t\t\t\t\t\t<\/div>\n\t\t\t\t<\/div>\n\t\t\t\t\t<\/div>\n\t\t<\/div>\n\t\t\t\t\t<\/div>\n\t\t<\/section>\n\t\t\t\t<\/div>\n\t\t","protected":false},"excerpt":{"rendered":"<p>Dow\u00f3d dostawy W dzisiejszych czasach dostawy zam\u00f3wie\u0144 s\u0105 coraz szybsze. Wzrost liczby dostaw i rosn\u0105ce oczekiwania klient\u00f3w zwielokrotniaj\u0105 presj\u0119 wywieran\u0105 na firmy. Zdarza si\u0119, \u017ce klienci zamawiaj\u0105 produkt, ale dociera on do nich z op\u00f3\u017anieniem lub wcale. Nawet je\u015bli dostawa przebiega bezproblemowo, otrzymuj\u0105 uszkodzony towar. W takich sytuacjach Dow\u00f3d Dostawy (znany r\u00f3wnie\u017c jako POD) zapewnia [&hellip;]<\/p>\n","protected":false},"author":1,"featured_media":0,"parent":0,"menu_order":0,"comment_status":"closed","ping_status":"closed","template":"elementor_header_footer","meta":{"footnotes":""},"class_list":["post-7490","page","type-page","status-publish","hentry"],"yoast_head":"<!-- This site is optimized with the Yoast SEO plugin v26.8 - https:\/\/yoast.com\/product\/yoast-seo-wordpress\/ -->\n<title>Dow\u00f3d dostawy - Logdio - delivery management tool<\/title>\n<meta name=\"description\" content=\"Dostarczanie dowod\u00f3w dostawy do klient\u00f3w za pomoc\u0105 systemu Logdis. Zawiera zdj\u0119cia i podpisy. Jak r\u00f3wnie\u017c dane dotycz\u0105ce wsp\u00f3\u0142rz\u0119dnych i czasu.\" \/>\n<meta name=\"robots\" content=\"index, follow, max-snippet:-1, max-image-preview:large, max-video-preview:-1\" \/>\n<link rel=\"canonical\" href=\"https:\/\/logdio.com\/pl\/dowod-dostawy\/\" \/>\n<meta property=\"og:locale\" content=\"pl_PL\" \/>\n<meta property=\"og:type\" content=\"article\" \/>\n<meta property=\"og:title\" content=\"Dow\u00f3d dostawy - Logdio - delivery management tool\" \/>\n<meta property=\"og:description\" content=\"Dostarczanie dowod\u00f3w dostawy do klient\u00f3w za pomoc\u0105 systemu Logdis. Zawiera zdj\u0119cia i podpisy. Jak r\u00f3wnie\u017c dane dotycz\u0105ce wsp\u00f3\u0142rz\u0119dnych i czasu.\" \/>\n<meta property=\"og:url\" content=\"https:\/\/logdio.com\/pl\/dowod-dostawy\/\" \/>\n<meta property=\"og:site_name\" content=\"Logdio - delivery management tool\" \/>\n<meta property=\"article:publisher\" content=\"https:\/\/www.facebook.com\/logtime.eu\/\" \/>\n<meta property=\"article:modified_time\" content=\"2021-09-13T14:12:11+00:00\" \/>\n<meta name=\"twitter:card\" content=\"summary_large_image\" \/>\n<meta name=\"twitter:label1\" content=\"Szacowany czas czytania\" \/>\n\t<meta name=\"twitter:data1\" content=\"5 minut\" \/>\n<script type=\"application\/ld+json\" class=\"yoast-schema-graph\">{\"@context\":\"https:\/\/schema.org\",\"@graph\":[{\"@type\":\"WebPage\",\"@id\":\"https:\/\/logdio.com\/pl\/dowod-dostawy\/\",\"url\":\"https:\/\/logdio.com\/pl\/dowod-dostawy\/\",\"name\":\"Dow\u00f3d dostawy - Logdio - delivery management tool\",\"isPartOf\":{\"@id\":\"https:\/\/logdio.com\/pl\/#website\"},\"datePublished\":\"2021-08-23T19:01:42+00:00\",\"dateModified\":\"2021-09-13T14:12:11+00:00\",\"description\":\"Dostarczanie dowod\u00f3w dostawy do klient\u00f3w za pomoc\u0105 systemu Logdis. Zawiera zdj\u0119cia i podpisy. Jak r\u00f3wnie\u017c dane dotycz\u0105ce wsp\u00f3\u0142rz\u0119dnych i czasu.\",\"breadcrumb\":{\"@id\":\"https:\/\/logdio.com\/pl\/dowod-dostawy\/#breadcrumb\"},\"inLanguage\":\"pl-PL\",\"potentialAction\":[{\"@type\":\"ReadAction\",\"target\":[\"https:\/\/logdio.com\/pl\/dowod-dostawy\/\"]}]},{\"@type\":\"BreadcrumbList\",\"@id\":\"https:\/\/logdio.com\/pl\/dowod-dostawy\/#breadcrumb\",\"itemListElement\":[{\"@type\":\"ListItem\",\"position\":1,\"name\":\"Home\",\"item\":\"https:\/\/logdio.com\/pl\/landing-page\/\"},{\"@type\":\"ListItem\",\"position\":2,\"name\":\"Dow\u00f3d dostawy\"}]},{\"@type\":\"WebSite\",\"@id\":\"https:\/\/logdio.com\/pl\/#website\",\"url\":\"https:\/\/logdio.com\/pl\/\",\"name\":\"Logdio - delivery management tool\",\"description\":\"Next level delivery management software\",\"publisher\":{\"@id\":\"https:\/\/logdio.com\/pl\/#organization\"},\"potentialAction\":[{\"@type\":\"SearchAction\",\"target\":{\"@type\":\"EntryPoint\",\"urlTemplate\":\"https:\/\/logdio.com\/pl\/?s={search_term_string}\"},\"query-input\":{\"@type\":\"PropertyValueSpecification\",\"valueRequired\":true,\"valueName\":\"search_term_string\"}}],\"inLanguage\":\"pl-PL\"},{\"@type\":\"Organization\",\"@id\":\"https:\/\/logdio.com\/pl\/#organization\",\"name\":\"Logdio\",\"url\":\"https:\/\/logdio.com\/pl\/\",\"logo\":{\"@type\":\"ImageObject\",\"inLanguage\":\"pl-PL\",\"@id\":\"https:\/\/logdio.com\/pl\/#\/schema\/logo\/image\/\",\"url\":\"https:\/\/logdio.com\/wp-content\/uploads\/2021\/05\/Logdio.svg\",\"contentUrl\":\"https:\/\/logdio.com\/wp-content\/uploads\/2021\/05\/Logdio.svg\",\"width\":4.44919,\"height\":1.1285,\"caption\":\"Logdio\"},\"image\":{\"@id\":\"https:\/\/logdio.com\/pl\/#\/schema\/logo\/image\/\"},\"sameAs\":[\"https:\/\/www.facebook.com\/logtime.eu\/\",\"https:\/\/www.linkedin.com\/company\/logtime\"]}]}<\/script>\n<!-- \/ Yoast SEO plugin. -->","yoast_head_json":{"title":"Dow\u00f3d dostawy - Logdio - delivery management tool","description":"Dostarczanie dowod\u00f3w dostawy do klient\u00f3w za pomoc\u0105 systemu Logdis. Zawiera zdj\u0119cia i podpisy. Jak r\u00f3wnie\u017c dane dotycz\u0105ce wsp\u00f3\u0142rz\u0119dnych i czasu.","robots":{"index":"index","follow":"follow","max-snippet":"max-snippet:-1","max-image-preview":"max-image-preview:large","max-video-preview":"max-video-preview:-1"},"canonical":"https:\/\/logdio.com\/pl\/dowod-dostawy\/","og_locale":"pl_PL","og_type":"article","og_title":"Dow\u00f3d dostawy - Logdio - delivery management tool","og_description":"Dostarczanie dowod\u00f3w dostawy do klient\u00f3w za pomoc\u0105 systemu Logdis. Zawiera zdj\u0119cia i podpisy. Jak r\u00f3wnie\u017c dane dotycz\u0105ce wsp\u00f3\u0142rz\u0119dnych i czasu.","og_url":"https:\/\/logdio.com\/pl\/dowod-dostawy\/","og_site_name":"Logdio - delivery management tool","article_publisher":"https:\/\/www.facebook.com\/logtime.eu\/","article_modified_time":"2021-09-13T14:12:11+00:00","twitter_card":"summary_large_image","twitter_misc":{"Szacowany czas czytania":"5 minut"},"schema":{"@context":"https:\/\/schema.org","@graph":[{"@type":"WebPage","@id":"https:\/\/logdio.com\/pl\/dowod-dostawy\/","url":"https:\/\/logdio.com\/pl\/dowod-dostawy\/","name":"Dow\u00f3d dostawy - Logdio - delivery management tool","isPartOf":{"@id":"https:\/\/logdio.com\/pl\/#website"},"datePublished":"2021-08-23T19:01:42+00:00","dateModified":"2021-09-13T14:12:11+00:00","description":"Dostarczanie dowod\u00f3w dostawy do klient\u00f3w za pomoc\u0105 systemu Logdis. Zawiera zdj\u0119cia i podpisy. Jak r\u00f3wnie\u017c dane dotycz\u0105ce wsp\u00f3\u0142rz\u0119dnych i czasu.","breadcrumb":{"@id":"https:\/\/logdio.com\/pl\/dowod-dostawy\/#breadcrumb"},"inLanguage":"pl-PL","potentialAction":[{"@type":"ReadAction","target":["https:\/\/logdio.com\/pl\/dowod-dostawy\/"]}]},{"@type":"BreadcrumbList","@id":"https:\/\/logdio.com\/pl\/dowod-dostawy\/#breadcrumb","itemListElement":[{"@type":"ListItem","position":1,"name":"Home","item":"https:\/\/logdio.com\/pl\/landing-page\/"},{"@type":"ListItem","position":2,"name":"Dow\u00f3d dostawy"}]},{"@type":"WebSite","@id":"https:\/\/logdio.com\/pl\/#website","url":"https:\/\/logdio.com\/pl\/","name":"Logdio - delivery management tool","description":"Next level delivery management software","publisher":{"@id":"https:\/\/logdio.com\/pl\/#organization"},"potentialAction":[{"@type":"SearchAction","target":{"@type":"EntryPoint","urlTemplate":"https:\/\/logdio.com\/pl\/?s={search_term_string}"},"query-input":{"@type":"PropertyValueSpecification","valueRequired":true,"valueName":"search_term_string"}}],"inLanguage":"pl-PL"},{"@type":"Organization","@id":"https:\/\/logdio.com\/pl\/#organization","name":"Logdio","url":"https:\/\/logdio.com\/pl\/","logo":{"@type":"ImageObject","inLanguage":"pl-PL","@id":"https:\/\/logdio.com\/pl\/#\/schema\/logo\/image\/","url":"https:\/\/logdio.com\/wp-content\/uploads\/2021\/05\/Logdio.svg","contentUrl":"https:\/\/logdio.com\/wp-content\/uploads\/2021\/05\/Logdio.svg","width":4.44919,"height":1.1285,"caption":"Logdio"},"image":{"@id":"https:\/\/logdio.com\/pl\/#\/schema\/logo\/image\/"},"sameAs":["https:\/\/www.facebook.com\/logtime.eu\/","https:\/\/www.linkedin.com\/company\/logtime"]}]}},"_links":{"self":[{"href":"https:\/\/logdio.com\/pl\/wp-json\/wp\/v2\/pages\/7490","targetHints":{"allow":["GET"]}}],"collection":[{"href":"https:\/\/logdio.com\/pl\/wp-json\/wp\/v2\/pages"}],"about":[{"href":"https:\/\/logdio.com\/pl\/wp-json\/wp\/v2\/types\/page"}],"author":[{"embeddable":true,"href":"https:\/\/logdio.com\/pl\/wp-json\/wp\/v2\/users\/1"}],"replies":[{"embeddable":true,"href":"https:\/\/logdio.com\/pl\/wp-json\/wp\/v2\/comments?post=7490"}],"version-history":[{"count":5,"href":"https:\/\/logdio.com\/pl\/wp-json\/wp\/v2\/pages\/7490\/revisions"}],"predecessor-version":[{"id":13837,"href":"https:\/\/logdio.com\/pl\/wp-json\/wp\/v2\/pages\/7490\/revisions\/13837"}],"wp:attachment":[{"href":"https:\/\/logdio.com\/pl\/wp-json\/wp\/v2\/media?parent=7490"}],"curies":[{"name":"wp","href":"https:\/\/api.w.org\/{rel}","templated":true}]}}