{"id":7466,"date":"2021-08-23T22:01:35","date_gmt":"2021-08-23T19:01:35","guid":{"rendered":"https:\/\/logdio.com\/moving-software\/"},"modified":"2021-09-13T17:11:52","modified_gmt":"2021-09-13T14:11:52","slug":"moving-software","status":"publish","type":"page","link":"https:\/\/logdio.com\/pl\/moving-software\/","title":{"rendered":"Moving Software"},"content":{"rendered":"\t\t<div data-elementor-type=\"wp-page\" data-elementor-id=\"7466\" class=\"elementor elementor-7466 elementor-1057\" data-elementor-post-type=\"page\">\n\t\t\t\t\t\t<section class=\"has_ma_el_bg_slider elementor-section elementor-top-section elementor-element elementor-element-4c6dc8e elementor-section-boxed elementor-section-height-default elementor-section-height-default jltma-glass-effect-no\" data-id=\"4c6dc8e\" data-element_type=\"section\" data-e-type=\"section\" data-settings=\"{&quot;jet_parallax_layout_list&quot;:[{&quot;jet_parallax_layout_image&quot;:{&quot;url&quot;:&quot;&quot;,&quot;id&quot;:&quot;&quot;,&quot;size&quot;:&quot;&quot;},&quot;_id&quot;:&quot;0cca513&quot;,&quot;jet_parallax_layout_image_tablet&quot;:{&quot;url&quot;:&quot;&quot;,&quot;id&quot;:&quot;&quot;,&quot;size&quot;:&quot;&quot;},&quot;jet_parallax_layout_image_mobile&quot;:{&quot;url&quot;:&quot;&quot;,&quot;id&quot;:&quot;&quot;,&quot;size&quot;:&quot;&quot;},&quot;jet_parallax_layout_speed&quot;:{&quot;unit&quot;:&quot;%&quot;,&quot;size&quot;:50,&quot;sizes&quot;:[]},&quot;jet_parallax_layout_type&quot;:&quot;scroll&quot;,&quot;jet_parallax_layout_direction&quot;:null,&quot;jet_parallax_layout_fx_direction&quot;:null,&quot;jet_parallax_layout_z_index&quot;:&quot;&quot;,&quot;jet_parallax_layout_bg_x&quot;:50,&quot;jet_parallax_layout_bg_x_tablet&quot;:&quot;&quot;,&quot;jet_parallax_layout_bg_x_mobile&quot;:&quot;&quot;,&quot;jet_parallax_layout_bg_y&quot;:50,&quot;jet_parallax_layout_bg_y_tablet&quot;:&quot;&quot;,&quot;jet_parallax_layout_bg_y_mobile&quot;:&quot;&quot;,&quot;jet_parallax_layout_bg_size&quot;:&quot;auto&quot;,&quot;jet_parallax_layout_bg_size_tablet&quot;:&quot;&quot;,&quot;jet_parallax_layout_bg_size_mobile&quot;:&quot;&quot;,&quot;jet_parallax_layout_animation_prop&quot;:&quot;transform&quot;,&quot;jet_parallax_layout_on&quot;:[&quot;desktop&quot;,&quot;tablet&quot;]}]}\">\n\t\t\t\t\t\t<div class=\"elementor-container elementor-column-gap-default\">\n\t\t\t\t\t<div class=\"has_ma_el_bg_slider elementor-column elementor-col-100 elementor-top-column elementor-element elementor-element-d0dcb32 jltma-glass-effect-no\" data-id=\"d0dcb32\" data-element_type=\"column\" data-e-type=\"column\">\n\t\t\t<div class=\"elementor-widget-wrap elementor-element-populated\">\n\t\t\t\t\t\t<div class=\"elementor-element elementor-element-39d830a jltma-glass-effect-no elementor-widget elementor-widget-heading\" data-id=\"39d830a\" data-element_type=\"widget\" data-e-type=\"widget\" data-widget_type=\"heading.default\">\n\t\t\t\t<div class=\"elementor-widget-container\">\n\t\t\t\t\t<h1 class=\"elementor-heading-title elementor-size-default\">Moving Software<\/h1>\t\t\t\t<\/div>\n\t\t\t\t<\/div>\n\t\t\t\t\t<\/div>\n\t\t<\/div>\n\t\t\t\t\t<\/div>\n\t\t<\/section>\n\t\t\t\t<section class=\"has_ma_el_bg_slider elementor-section elementor-top-section elementor-element elementor-element-dbf48eb elementor-section-boxed elementor-section-height-default elementor-section-height-default jltma-glass-effect-no\" data-id=\"dbf48eb\" data-element_type=\"section\" data-e-type=\"section\" data-settings=\"{&quot;jet_parallax_layout_list&quot;:[{&quot;jet_parallax_layout_image&quot;:{&quot;url&quot;:&quot;&quot;,&quot;id&quot;:&quot;&quot;,&quot;size&quot;:&quot;&quot;},&quot;_id&quot;:&quot;d626da6&quot;,&quot;jet_parallax_layout_image_tablet&quot;:{&quot;url&quot;:&quot;&quot;,&quot;id&quot;:&quot;&quot;,&quot;size&quot;:&quot;&quot;},&quot;jet_parallax_layout_image_mobile&quot;:{&quot;url&quot;:&quot;&quot;,&quot;id&quot;:&quot;&quot;,&quot;size&quot;:&quot;&quot;},&quot;jet_parallax_layout_speed&quot;:{&quot;unit&quot;:&quot;%&quot;,&quot;size&quot;:50,&quot;sizes&quot;:[]},&quot;jet_parallax_layout_type&quot;:&quot;scroll&quot;,&quot;jet_parallax_layout_direction&quot;:null,&quot;jet_parallax_layout_fx_direction&quot;:null,&quot;jet_parallax_layout_z_index&quot;:&quot;&quot;,&quot;jet_parallax_layout_bg_x&quot;:50,&quot;jet_parallax_layout_bg_x_tablet&quot;:&quot;&quot;,&quot;jet_parallax_layout_bg_x_mobile&quot;:&quot;&quot;,&quot;jet_parallax_layout_bg_y&quot;:50,&quot;jet_parallax_layout_bg_y_tablet&quot;:&quot;&quot;,&quot;jet_parallax_layout_bg_y_mobile&quot;:&quot;&quot;,&quot;jet_parallax_layout_bg_size&quot;:&quot;auto&quot;,&quot;jet_parallax_layout_bg_size_tablet&quot;:&quot;&quot;,&quot;jet_parallax_layout_bg_size_mobile&quot;:&quot;&quot;,&quot;jet_parallax_layout_animation_prop&quot;:&quot;transform&quot;,&quot;jet_parallax_layout_on&quot;:[&quot;desktop&quot;,&quot;tablet&quot;]}]}\">\n\t\t\t\t\t\t<div class=\"elementor-container elementor-column-gap-default\">\n\t\t\t\t\t<div class=\"has_ma_el_bg_slider elementor-column elementor-col-100 elementor-top-column elementor-element elementor-element-07ff841 jltma-glass-effect-no\" data-id=\"07ff841\" data-element_type=\"column\" data-e-type=\"column\">\n\t\t\t<div class=\"elementor-widget-wrap elementor-element-populated\">\n\t\t\t\t\t\t<div class=\"elementor-element elementor-element-6003307 jltma-glass-effect-no elementor-widget elementor-widget-text-editor\" data-id=\"6003307\" data-element_type=\"widget\" data-e-type=\"widget\" data-widget_type=\"text-editor.default\">\n\t\t\t\t<div class=\"elementor-widget-container\">\n\t\t\t\t\t\t\t\t\t<p>Przeprowadzka nigdy nie jest wspania\u0142ym do\u015bwiadczeniem, bez wzgl\u0119du na to, jak interesuj\u0105ce starasz si\u0119 j\u0105 uczyni\u0107. Pakowanie i przewo\u017cenie wszystkiego jest naprawd\u0119 nieprzyjemne. Ale dla firmy przeprowadzkowej nie jest to stresuj\u0105ce do\u015bwiadczenie, ale po prostu kolejny dzie\u0144 w pracy. Tak wi\u0119c, firma przeprowadzkowa potrzebuje oprogramowania do przeprowadzek, kt\u00f3re zwi\u0119ksza jej wydajno\u015b\u0107.  <\/p>\n<\/p>\n<h2><strong>Czym jest oprogramowanie do przenoszenia?<\/strong><\/h2>\n<p>Oprogramowanie dla firm przeprowadzkowych to narz\u0119dzie, kt\u00f3rego potrzebuje Twoja firma. Niezale\u017cnie od tego, czy prowadzisz firm\u0119 indywidualnie, czy masz franczyz\u0119 w ca\u0142ym kraju, oprogramowanie do przeprowadzek mo\u017ce zmaksymalizowa\u0107 sprzeda\u017c, marketing, operacje i zyski.<\/p>\n<p>Co wi\u0119cej, inteligentne oprogramowanie do przeprowadzek pomaga zoptymalizowa\u0107 dzia\u0142ania, zdoby\u0107 wi\u0119cej zwyci\u0119stw, zbudowa\u0107 odpowiedzialno\u015b\u0107, podnie\u015b\u0107 jako\u015b\u0107 us\u0142ug i osi\u0105gn\u0105\u0107 pe\u0142en potencja\u0142 zysku.<\/p>\n<p>To oprogramowanie jest w stanie wykonywa\u0107 nast\u0119puj\u0105ce funkcje:<\/p>\n<ul>\n<li>Zarz\u0105dzanie zleceniami pracy<\/li>\n<li>Planowanie termin\u00f3w<\/li>\n<li>Zarz\u0105dzanie kontaktami<\/li>\n<li>Zobowi\u0105zania i nale\u017cno\u015bci  <\/li>\n<li>Materia\u0142y eksploatacyjne i kalkulator szacunkowy<\/li>\n<\/ul>\n<p>Te umiej\u0119tno\u015bci mog\u0105 wspiera\u0107 firmy od pocz\u0105tku do ko\u0144ca pracy. Oprogramowanie do przeprowadzek zawiera r\u00f3wnie\u017c zdolno\u015bci marketingowe, kt\u00f3re pomagaj\u0105 budowa\u0107 relacje z klientami.  <\/p>\n<\/p>\n<h2><strong>Jakiego oprogramowania do przeprowadzek u\u017cy\u0107?<\/strong> <\/h2>\n<p>Przeniesienie oprogramowania znacznie zwi\u0119ksza zdolno\u015b\u0107 firmy do dostarczania przyjemnych do\u015bwiadcze\u0144 dla swoich klient\u00f3w. Ale s\u0105 tony oprogramowania dla firm przeprowadzkowych na rynku dla firm przeprowadzkowych. Wyb\u00f3r najlepszej opcji mo\u017ce by\u0107 trudnym zadaniem.  <\/p>\n<p>Tutaj zaproponujemy Ci Lodgio. Niezale\u017cnie od tego, czy dopiero zaczynasz, czy jeste\u015b do\u015bwiadczonym w\u0142a\u015bcicielem firmy, Logdio oferuje zasoby i wsparcie ekspert\u00f3w, aby zapewni\u0107 Ci sukces.<\/p>\n<p>Firma przeprowadzkowa CRM pozwoli Ci obs\u0142ugiwa\u0107 wszystkie zadania, takie jak wysy\u0142anie, \u015bledzenie GPS i zamykanie ruch\u00f3w za po\u015brednictwem urz\u0105dzenia mobilnego. Mo\u017cna r\u00f3wnie\u017c spr\u00f3bowa\u0107 14 dni darmowego okresu pr\u00f3bnego i zauwa\u017cy\u0107 wyniki.  <\/p>\n<p>Je\u015bli masz jakiekolwiek pytania dotycz\u0105ce oprogramowania do przeprowadzek, skontaktuj si\u0119 z nami.  <\/p><\/p>\n\t\t\t\t\t\t\t\t<\/div>\n\t\t\t\t<\/div>\n\t\t\t\t\t<\/div>\n\t\t<\/div>\n\t\t\t\t\t<\/div>\n\t\t<\/section>\n\t\t\t\t<\/div>\n\t\t","protected":false},"excerpt":{"rendered":"<p>Przeprowadzka nigdy nie jest wspania\u0142ym do\u015bwiadczeniem, bez wzgl\u0119du na to, jak interesuj\u0105ce starasz si\u0119 j\u0105 uczyni\u0107. Pakowanie i przewo\u017cenie wszystkiego jest naprawd\u0119 nieprzyjemne. Ale dla firmy przeprowadzkowej nie jest to stresuj\u0105ce do\u015bwiadczenie, ale po prostu kolejny dzie\u0144 w pracy. Tak wi\u0119c, firma przeprowadzkowa potrzebuje oprogramowania do przeprowadzek, kt\u00f3re zwi\u0119ksza jej wydajno\u015b\u0107. Czym jest oprogramowanie do [&hellip;]<\/p>\n","protected":false},"author":1,"featured_media":0,"parent":0,"menu_order":0,"comment_status":"closed","ping_status":"closed","template":"elementor_header_footer","meta":{"footnotes":""},"class_list":["post-7466","page","type-page","status-publish","hentry"],"yoast_head":"<!-- This site is optimized with the Yoast SEO plugin v26.8 - https:\/\/yoast.com\/product\/yoast-seo-wordpress\/ -->\n<title>Moving Software - Logdio - delivery management tool<\/title>\n<meta name=\"description\" content=\"Planowanie zdolno\u015bci produkcyjnych to proces, kt\u00f3ry okre\u015bla, czy posiadasz umiej\u0119tno\u015bci i zasoby do wykonania pracy.\" \/>\n<meta name=\"robots\" content=\"index, follow, max-snippet:-1, max-image-preview:large, max-video-preview:-1\" \/>\n<link rel=\"canonical\" href=\"https:\/\/logdio.com\/pl\/moving-software\/\" \/>\n<meta property=\"og:locale\" content=\"pl_PL\" \/>\n<meta property=\"og:type\" content=\"article\" \/>\n<meta property=\"og:title\" content=\"Moving Software - Logdio - delivery management tool\" \/>\n<meta property=\"og:description\" content=\"Planowanie zdolno\u015bci produkcyjnych to proces, kt\u00f3ry okre\u015bla, czy posiadasz umiej\u0119tno\u015bci i zasoby do wykonania pracy.\" \/>\n<meta property=\"og:url\" content=\"https:\/\/logdio.com\/pl\/moving-software\/\" \/>\n<meta property=\"og:site_name\" content=\"Logdio - delivery management tool\" \/>\n<meta property=\"article:publisher\" content=\"https:\/\/www.facebook.com\/logtime.eu\/\" \/>\n<meta property=\"article:modified_time\" content=\"2021-09-13T14:11:52+00:00\" \/>\n<meta name=\"twitter:card\" content=\"summary_large_image\" \/>\n<meta name=\"twitter:label1\" content=\"Szacowany czas czytania\" \/>\n\t<meta name=\"twitter:data1\" content=\"2 minuty\" \/>\n<script type=\"application\/ld+json\" class=\"yoast-schema-graph\">{\"@context\":\"https:\/\/schema.org\",\"@graph\":[{\"@type\":\"WebPage\",\"@id\":\"https:\/\/logdio.com\/pl\/moving-software\/\",\"url\":\"https:\/\/logdio.com\/pl\/moving-software\/\",\"name\":\"Moving Software - Logdio - delivery management tool\",\"isPartOf\":{\"@id\":\"https:\/\/logdio.com\/pl\/#website\"},\"datePublished\":\"2021-08-23T19:01:35+00:00\",\"dateModified\":\"2021-09-13T14:11:52+00:00\",\"description\":\"Planowanie zdolno\u015bci produkcyjnych to proces, kt\u00f3ry okre\u015bla, czy posiadasz umiej\u0119tno\u015bci i zasoby do wykonania pracy.\",\"breadcrumb\":{\"@id\":\"https:\/\/logdio.com\/pl\/moving-software\/#breadcrumb\"},\"inLanguage\":\"pl-PL\",\"potentialAction\":[{\"@type\":\"ReadAction\",\"target\":[\"https:\/\/logdio.com\/pl\/moving-software\/\"]}]},{\"@type\":\"BreadcrumbList\",\"@id\":\"https:\/\/logdio.com\/pl\/moving-software\/#breadcrumb\",\"itemListElement\":[{\"@type\":\"ListItem\",\"position\":1,\"name\":\"Home\",\"item\":\"https:\/\/logdio.com\/pl\/landing-page\/\"},{\"@type\":\"ListItem\",\"position\":2,\"name\":\"Moving Software\"}]},{\"@type\":\"WebSite\",\"@id\":\"https:\/\/logdio.com\/pl\/#website\",\"url\":\"https:\/\/logdio.com\/pl\/\",\"name\":\"Logdio - delivery management tool\",\"description\":\"Next level delivery management software\",\"publisher\":{\"@id\":\"https:\/\/logdio.com\/pl\/#organization\"},\"potentialAction\":[{\"@type\":\"SearchAction\",\"target\":{\"@type\":\"EntryPoint\",\"urlTemplate\":\"https:\/\/logdio.com\/pl\/?s={search_term_string}\"},\"query-input\":{\"@type\":\"PropertyValueSpecification\",\"valueRequired\":true,\"valueName\":\"search_term_string\"}}],\"inLanguage\":\"pl-PL\"},{\"@type\":\"Organization\",\"@id\":\"https:\/\/logdio.com\/pl\/#organization\",\"name\":\"Logdio\",\"url\":\"https:\/\/logdio.com\/pl\/\",\"logo\":{\"@type\":\"ImageObject\",\"inLanguage\":\"pl-PL\",\"@id\":\"https:\/\/logdio.com\/pl\/#\/schema\/logo\/image\/\",\"url\":\"https:\/\/logdio.com\/wp-content\/uploads\/2021\/05\/Logdio.svg\",\"contentUrl\":\"https:\/\/logdio.com\/wp-content\/uploads\/2021\/05\/Logdio.svg\",\"width\":4.44919,\"height\":1.1285,\"caption\":\"Logdio\"},\"image\":{\"@id\":\"https:\/\/logdio.com\/pl\/#\/schema\/logo\/image\/\"},\"sameAs\":[\"https:\/\/www.facebook.com\/logtime.eu\/\",\"https:\/\/www.linkedin.com\/company\/logtime\"]}]}<\/script>\n<!-- \/ Yoast SEO plugin. -->","yoast_head_json":{"title":"Moving Software - Logdio - delivery management tool","description":"Planowanie zdolno\u015bci produkcyjnych to proces, kt\u00f3ry okre\u015bla, czy posiadasz umiej\u0119tno\u015bci i zasoby do wykonania pracy.","robots":{"index":"index","follow":"follow","max-snippet":"max-snippet:-1","max-image-preview":"max-image-preview:large","max-video-preview":"max-video-preview:-1"},"canonical":"https:\/\/logdio.com\/pl\/moving-software\/","og_locale":"pl_PL","og_type":"article","og_title":"Moving Software - Logdio - delivery management tool","og_description":"Planowanie zdolno\u015bci produkcyjnych to proces, kt\u00f3ry okre\u015bla, czy posiadasz umiej\u0119tno\u015bci i zasoby do wykonania pracy.","og_url":"https:\/\/logdio.com\/pl\/moving-software\/","og_site_name":"Logdio - delivery management tool","article_publisher":"https:\/\/www.facebook.com\/logtime.eu\/","article_modified_time":"2021-09-13T14:11:52+00:00","twitter_card":"summary_large_image","twitter_misc":{"Szacowany czas czytania":"2 minuty"},"schema":{"@context":"https:\/\/schema.org","@graph":[{"@type":"WebPage","@id":"https:\/\/logdio.com\/pl\/moving-software\/","url":"https:\/\/logdio.com\/pl\/moving-software\/","name":"Moving Software - Logdio - delivery management tool","isPartOf":{"@id":"https:\/\/logdio.com\/pl\/#website"},"datePublished":"2021-08-23T19:01:35+00:00","dateModified":"2021-09-13T14:11:52+00:00","description":"Planowanie zdolno\u015bci produkcyjnych to proces, kt\u00f3ry okre\u015bla, czy posiadasz umiej\u0119tno\u015bci i zasoby do wykonania pracy.","breadcrumb":{"@id":"https:\/\/logdio.com\/pl\/moving-software\/#breadcrumb"},"inLanguage":"pl-PL","potentialAction":[{"@type":"ReadAction","target":["https:\/\/logdio.com\/pl\/moving-software\/"]}]},{"@type":"BreadcrumbList","@id":"https:\/\/logdio.com\/pl\/moving-software\/#breadcrumb","itemListElement":[{"@type":"ListItem","position":1,"name":"Home","item":"https:\/\/logdio.com\/pl\/landing-page\/"},{"@type":"ListItem","position":2,"name":"Moving Software"}]},{"@type":"WebSite","@id":"https:\/\/logdio.com\/pl\/#website","url":"https:\/\/logdio.com\/pl\/","name":"Logdio - delivery management tool","description":"Next level delivery management software","publisher":{"@id":"https:\/\/logdio.com\/pl\/#organization"},"potentialAction":[{"@type":"SearchAction","target":{"@type":"EntryPoint","urlTemplate":"https:\/\/logdio.com\/pl\/?s={search_term_string}"},"query-input":{"@type":"PropertyValueSpecification","valueRequired":true,"valueName":"search_term_string"}}],"inLanguage":"pl-PL"},{"@type":"Organization","@id":"https:\/\/logdio.com\/pl\/#organization","name":"Logdio","url":"https:\/\/logdio.com\/pl\/","logo":{"@type":"ImageObject","inLanguage":"pl-PL","@id":"https:\/\/logdio.com\/pl\/#\/schema\/logo\/image\/","url":"https:\/\/logdio.com\/wp-content\/uploads\/2021\/05\/Logdio.svg","contentUrl":"https:\/\/logdio.com\/wp-content\/uploads\/2021\/05\/Logdio.svg","width":4.44919,"height":1.1285,"caption":"Logdio"},"image":{"@id":"https:\/\/logdio.com\/pl\/#\/schema\/logo\/image\/"},"sameAs":["https:\/\/www.facebook.com\/logtime.eu\/","https:\/\/www.linkedin.com\/company\/logtime"]}]}},"_links":{"self":[{"href":"https:\/\/logdio.com\/pl\/wp-json\/wp\/v2\/pages\/7466","targetHints":{"allow":["GET"]}}],"collection":[{"href":"https:\/\/logdio.com\/pl\/wp-json\/wp\/v2\/pages"}],"about":[{"href":"https:\/\/logdio.com\/pl\/wp-json\/wp\/v2\/types\/page"}],"author":[{"embeddable":true,"href":"https:\/\/logdio.com\/pl\/wp-json\/wp\/v2\/users\/1"}],"replies":[{"embeddable":true,"href":"https:\/\/logdio.com\/pl\/wp-json\/wp\/v2\/comments?post=7466"}],"version-history":[{"count":2,"href":"https:\/\/logdio.com\/pl\/wp-json\/wp\/v2\/pages\/7466\/revisions"}],"predecessor-version":[{"id":11659,"href":"https:\/\/logdio.com\/pl\/wp-json\/wp\/v2\/pages\/7466\/revisions\/11659"}],"wp:attachment":[{"href":"https:\/\/logdio.com\/pl\/wp-json\/wp\/v2\/media?parent=7466"}],"curies":[{"name":"wp","href":"https:\/\/api.w.org\/{rel}","templated":true}]}}