{"id":7361,"date":"2021-08-23T21:57:06","date_gmt":"2021-08-23T18:57:06","guid":{"rendered":"https:\/\/logdio.com\/o-nas\/"},"modified":"2023-08-21T00:34:54","modified_gmt":"2023-08-20T21:34:54","slug":"o-nas","status":"publish","type":"page","link":"https:\/\/logdio.com\/pl\/o-nas\/","title":{"rendered":"O nas"},"content":{"rendered":"\t\t<div data-elementor-type=\"wp-page\" data-elementor-id=\"7361\" class=\"elementor elementor-7361 elementor-25\" data-elementor-post-type=\"page\">\n\t\t\t\t\t\t<section class=\"has_ma_el_bg_slider elementor-section elementor-top-section elementor-element elementor-element-a8f2033 elementor-section-boxed elementor-section-height-default elementor-section-height-default jltma-glass-effect-no\" data-id=\"a8f2033\" data-element_type=\"section\" data-e-type=\"section\" data-settings=\"{&quot;jet_parallax_layout_list&quot;:[{&quot;jet_parallax_layout_image&quot;:{&quot;url&quot;:&quot;&quot;,&quot;id&quot;:&quot;&quot;,&quot;size&quot;:&quot;&quot;},&quot;_id&quot;:&quot;c7a9eeb&quot;,&quot;jet_parallax_layout_image_tablet&quot;:{&quot;url&quot;:&quot;&quot;,&quot;id&quot;:&quot;&quot;,&quot;size&quot;:&quot;&quot;},&quot;jet_parallax_layout_image_mobile&quot;:{&quot;url&quot;:&quot;&quot;,&quot;id&quot;:&quot;&quot;,&quot;size&quot;:&quot;&quot;},&quot;jet_parallax_layout_speed&quot;:{&quot;unit&quot;:&quot;%&quot;,&quot;size&quot;:50,&quot;sizes&quot;:[]},&quot;jet_parallax_layout_type&quot;:&quot;scroll&quot;,&quot;jet_parallax_layout_direction&quot;:null,&quot;jet_parallax_layout_fx_direction&quot;:null,&quot;jet_parallax_layout_z_index&quot;:&quot;&quot;,&quot;jet_parallax_layout_bg_x&quot;:50,&quot;jet_parallax_layout_bg_x_tablet&quot;:&quot;&quot;,&quot;jet_parallax_layout_bg_x_mobile&quot;:&quot;&quot;,&quot;jet_parallax_layout_bg_y&quot;:50,&quot;jet_parallax_layout_bg_y_tablet&quot;:&quot;&quot;,&quot;jet_parallax_layout_bg_y_mobile&quot;:&quot;&quot;,&quot;jet_parallax_layout_bg_size&quot;:&quot;auto&quot;,&quot;jet_parallax_layout_bg_size_tablet&quot;:&quot;&quot;,&quot;jet_parallax_layout_bg_size_mobile&quot;:&quot;&quot;,&quot;jet_parallax_layout_animation_prop&quot;:&quot;transform&quot;,&quot;jet_parallax_layout_on&quot;:[&quot;desktop&quot;,&quot;tablet&quot;]}]}\">\n\t\t\t\t\t\t<div class=\"elementor-container elementor-column-gap-default\">\n\t\t\t\t\t<div class=\"has_ma_el_bg_slider elementor-column elementor-col-100 elementor-top-column elementor-element elementor-element-7eff6e2 jltma-glass-effect-no\" data-id=\"7eff6e2\" data-element_type=\"column\" data-e-type=\"column\">\n\t\t\t<div class=\"elementor-widget-wrap elementor-element-populated\">\n\t\t\t\t\t\t<div class=\"elementor-element elementor-element-430a85f jltma-glass-effect-no elementor-widget elementor-widget-heading\" data-id=\"430a85f\" data-element_type=\"widget\" data-e-type=\"widget\" data-widget_type=\"heading.default\">\n\t\t\t\t<div class=\"elementor-widget-container\">\n\t\t\t\t\t<h1 class=\"elementor-heading-title elementor-size-default\">Informacje o Logtime<\/h1>\t\t\t\t<\/div>\n\t\t\t\t<\/div>\n\t\t\t\t<div class=\"elementor-element elementor-element-b127471 jltma-glass-effect-no elementor-widget elementor-widget-text-editor\" data-id=\"b127471\" data-element_type=\"widget\" data-e-type=\"widget\" data-widget_type=\"text-editor.default\">\n\t\t\t\t<div class=\"elementor-widget-container\">\n\t\t\t\t\t\t\t\t\t<p>Do\u0142\u0105cz do ponad 1000 firm, kt\u00f3re przyspieszaj\u0105 sw\u00f3j system dostaw dzi\u0119ki Logdis<\/p>\n\t\t\t\t\t\t\t\t<\/div>\n\t\t\t\t<\/div>\n\t\t\t\t<div class=\"elementor-element elementor-element-41181d9 jltma-glass-effect-no elementor-widget elementor-widget-heading\" data-id=\"41181d9\" data-element_type=\"widget\" data-e-type=\"widget\" data-widget_type=\"heading.default\">\n\t\t\t\t<div class=\"elementor-widget-container\">\n\t\t\t\t\t<h2 class=\"elementor-heading-title elementor-size-default\">Kim jeste\u015bmy<\/h2>\t\t\t\t<\/div>\n\t\t\t\t<\/div>\n\t\t\t\t<div class=\"elementor-element elementor-element-2a65ef8 jltma-glass-effect-no elementor-widget elementor-widget-text-editor\" data-id=\"2a65ef8\" data-element_type=\"widget\" data-e-type=\"widget\" data-widget_type=\"text-editor.default\">\n\t\t\t\t<div class=\"elementor-widget-container\">\n\t\t\t\t\t\t\t\t\t<p>Logtime to do\u015bwiadczony zesp\u00f3\u0142 wysoko wykwalifikowanych profesjonalist\u00f3w. Pochodzimy z r\u00f3\u017cnych miast, jeste\u015bmy w r\u00f3\u017cnym wieku, ale \u0142\u0105czy nas pasja do tworzenia rozwi\u0105za\u0144 B2B, kt\u00f3re maj\u0105 pom\u00f3c naszym klientom prowadzi\u0107 biznes \u0142atwiej, efektywniej i z wi\u0119kszym zyskiem. G\u0142\u00f3wnym obszarem naszej specjalizacji s\u0105 rozwi\u0105zania, kt\u00f3re pomagaj\u0105 firmom zarz\u0105dza\u0107 zespo\u0142ami w terenie. Specjalizujemy si\u0119 w tworzeniu mobilnych system\u00f3w zarz\u0105dzania zadaniami, zarz\u0105dzania sprzeda\u017c\u0105 oraz zarz\u0105dzania dostawami. Dostarczamy rozwi\u0105zania i us\u0142ugi, kt\u00f3re usprawniaj\u0105 zarz\u0105dzanie logistyk\u0105 dla r\u00f3\u017cnego rodzaju przedsi\u0119biorstw, w tym firm hurtowych i detalicznych, firm zajmuj\u0105cych si\u0119 gospodark\u0105 odpadami, s\u0142u\u017cb ratowniczych, firm kurierskich i wszelkich innych firm zwi\u0105zanych z us\u0142ugami, kt\u00f3re wymagaj\u0105 \u015bledzenia w czasie rzeczywistym zam\u00f3wie\u0144 produkt\u00f3w, dostaw, \u0142adunk\u00f3w, us\u0142ug terenowych i ludzi.<\/p>\n\t\t\t\t\t\t\t\t<\/div>\n\t\t\t\t<\/div>\n\t\t\t\t<div class=\"elementor-element elementor-element-3cc6940 jltma-glass-effect-no elementor-widget elementor-widget-heading\" data-id=\"3cc6940\" data-element_type=\"widget\" data-e-type=\"widget\" data-widget_type=\"heading.default\">\n\t\t\t\t<div class=\"elementor-widget-container\">\n\t\t\t\t\t<h2 class=\"elementor-heading-title elementor-size-default\">Nasz\u0105 misj\u0105 jest<\/h2>\t\t\t\t<\/div>\n\t\t\t\t<\/div>\n\t\t\t\t<div class=\"elementor-element elementor-element-bf56420 jltma-glass-effect-no elementor-widget elementor-widget-text-editor\" data-id=\"bf56420\" data-element_type=\"widget\" data-e-type=\"widget\" data-widget_type=\"text-editor.default\">\n\t\t\t\t<div class=\"elementor-widget-container\">\n\t\t\t\t\t\t\t\t\t<p>w celu tworzenia najnowocze\u015bniejszych rozwi\u0105za\u0144 informatycznych dost\u0119pnych dla firm ka\u017cdej wielko\u015bci. Dok\u0142adamy wszelkich stara\u0144, aby budowa\u0107 rozwi\u0105zania, kt\u00f3re maj\u0105 maksymaln\u0105 u\u017cyteczno\u015b\u0107 i s\u0105 przyjazne dla u\u017cytkownika. Zazwyczaj nasi klienci nie potrzebuj\u0105 nawet instrukcji obs\u0142ugi. Rozwi\u0105zania te s\u0105 starannie projektowane i dostosowywane do specyficznych potrzeb ka\u017cdego klienta. Pomagaj\u0105 one naszym klientom usprawni\u0107 procesy biznesowe, zwi\u0119kszy\u0107 sprzeda\u017c, obni\u017cy\u0107 koszty operacyjne i zwi\u0119kszy\u0107 zyski.<\/p>\n\t\t\t\t\t\t\t\t<\/div>\n\t\t\t\t<\/div>\n\t\t\t\t<div class=\"elementor-element elementor-element-fba2d37 jltma-glass-effect-no elementor-widget elementor-widget-heading\" data-id=\"fba2d37\" data-element_type=\"widget\" data-e-type=\"widget\" data-widget_type=\"heading.default\">\n\t\t\t\t<div class=\"elementor-widget-container\">\n\t\t\t\t\t<h2 class=\"elementor-heading-title elementor-size-default\">Nasze warto\u015bci:<\/h2>\t\t\t\t<\/div>\n\t\t\t\t<\/div>\n\t\t\t\t<div class=\"elementor-element elementor-element-9a1a737 jltma-glass-effect-no elementor-widget elementor-widget-text-editor\" data-id=\"9a1a737\" data-element_type=\"widget\" data-e-type=\"widget\" data-widget_type=\"text-editor.default\">\n\t\t\t\t<div class=\"elementor-widget-container\">\n\t\t\t\t\t\t\t\t\t<p>Rozwijamy d\u0142ugoterminowe partnerstwo ze wszystkimi naszymi klientami, poniewa\u017c wierzymy, \u017ce jest to najlepszy spos\u00f3b, aby pom\u00f3c naszym klientom uzyska\u0107 najwi\u0119ksz\u0105 warto\u015b\u0107 z naszych rozwi\u0105za\u0144. Dlatego wsp\u00f3\u0142pracujemy z naszymi klientami, aby stworzy\u0107 warto\u015b\u0107 dodan\u0105, kt\u00f3ra pozwoli im wyprzedzi\u0107 konkurencj\u0119. Te zaawansowane narz\u0119dzia zosta\u0142y przetestowane i sprawdzone, aby zapewni\u0107 doskona\u0142e wyniki. Wszystkie nasze rozwi\u0105zania zapewniaj\u0105 wymierne i weryfikowalne rezultaty, kt\u00f3re poprawiaj\u0105 wydajno\u015b\u0107 i rentowno\u015b\u0107 naszych klient\u00f3w. A dzi\u0119ki naszemu zaanga\u017cowaniu w pomoc naszym klientom w osi\u0105ganiu sta\u0142ej, wysokiej wydajno\u015bci, nieustannie d\u0105\u017cymy do poprawy jako\u015bci naszych us\u0142ug i rozwi\u0105za\u0144.<\/p>\n\t\t\t\t\t\t\t\t<\/div>\n\t\t\t\t<\/div>\n\t\t\t\t<div class=\"elementor-element elementor-element-96fafbc jltma-glass-effect-no elementor-widget elementor-widget-heading\" data-id=\"96fafbc\" data-element_type=\"widget\" data-e-type=\"widget\" data-widget_type=\"heading.default\">\n\t\t\t\t<div class=\"elementor-widget-container\">\n\t\t\t\t\t<h2 class=\"elementor-heading-title elementor-size-default\">Zacznij otrzymywa\u0107 swoje \u015bwiadczenia ju\u017c teraz!<\/h2>\t\t\t\t<\/div>\n\t\t\t\t<\/div>\n\t\t\t\t<div class=\"elementor-element elementor-element-ba20ede jltma-glass-effect-no elementor-widget elementor-widget-text-editor\" data-id=\"ba20ede\" data-element_type=\"widget\" data-e-type=\"widget\" data-widget_type=\"text-editor.default\">\n\t\t\t\t<div class=\"elementor-widget-container\">\n\t\t\t\t\t\t\t\t\t<p>Skontaktuj si\u0119 z nami, aby uzyska\u0107 wi\u0119cej informacji lub zam\u00f3wi\u0107 demo. Ch\u0119tnie pomo\u017cemy, przeprowadzaj\u0105c Ci\u0119 przez ten proces i zapewniaj\u0105c wszelkie niezb\u0119dne wsparcie. Rozpocznij bezp\u0142atny okres pr\u00f3bny i przekonaj si\u0119, jak wiele pieni\u0119dzy i czasu mo\u017cesz zaoszcz\u0119dzi\u0107. Dzia\u0142aj ju\u017c teraz!<\/p>\n\t\t\t\t\t\t\t\t<\/div>\n\t\t\t\t<\/div>\n\t\t\t\t\t<\/div>\n\t\t<\/div>\n\t\t\t\t\t<\/div>\n\t\t<\/section>\n\t\t\t\t<\/div>\n\t\t","protected":false},"excerpt":{"rendered":"<p>Informacje o Logtime Do\u0142\u0105cz do ponad 1000 firm, kt\u00f3re przyspieszaj\u0105 sw\u00f3j system dostaw dzi\u0119ki Logdis Kim jeste\u015bmy Logtime to do\u015bwiadczony zesp\u00f3\u0142 wysoko wykwalifikowanych profesjonalist\u00f3w. Pochodzimy z r\u00f3\u017cnych miast, jeste\u015bmy w r\u00f3\u017cnym wieku, ale \u0142\u0105czy nas pasja do tworzenia rozwi\u0105za\u0144 B2B, kt\u00f3re maj\u0105 pom\u00f3c naszym klientom prowadzi\u0107 biznes \u0142atwiej, efektywniej i z wi\u0119kszym zyskiem. G\u0142\u00f3wnym obszarem [&hellip;]<\/p>\n","protected":false},"author":1,"featured_media":0,"parent":0,"menu_order":0,"comment_status":"closed","ping_status":"closed","template":"elementor_header_footer","meta":{"footnotes":""},"class_list":["post-7361","page","type-page","status-publish","hentry"],"yoast_head":"<!-- This site is optimized with the Yoast SEO plugin v26.8 - https:\/\/yoast.com\/product\/yoast-seo-wordpress\/ -->\n<title>O nas - Logdio - delivery management tool - wszystko w jednym rozwi\u0105zaniu!<\/title>\n<meta name=\"description\" content=\"Oprogramowanie do zarz\u0105dzania dostawami Logdio. Mobilne rozwi\u0105zanie typu &quot;wszystko w jednym&quot; do optymalizacji tras i \u015bledzenia dostaw w czasie rzeczywistym. Kliknij tutaj, aby dowiedzie\u0107 si\u0119 wi\u0119cej o nas.\" \/>\n<meta name=\"robots\" content=\"index, follow, max-snippet:-1, max-image-preview:large, max-video-preview:-1\" \/>\n<link rel=\"canonical\" href=\"https:\/\/logdio.com\/pl\/o-nas\/\" \/>\n<meta property=\"og:locale\" content=\"pl_PL\" \/>\n<meta property=\"og:type\" content=\"article\" \/>\n<meta property=\"og:title\" content=\"O nas - Logdio - delivery management tool - wszystko w jednym rozwi\u0105zaniu!\" \/>\n<meta property=\"og:description\" content=\"Oprogramowanie do zarz\u0105dzania dostawami Logdio. Mobilne rozwi\u0105zanie typu &quot;wszystko w jednym&quot; do optymalizacji tras i \u015bledzenia dostaw w czasie rzeczywistym. Kliknij tutaj, aby dowiedzie\u0107 si\u0119 wi\u0119cej o nas.\" \/>\n<meta property=\"og:url\" content=\"https:\/\/logdio.com\/pl\/o-nas\/\" \/>\n<meta property=\"og:site_name\" content=\"Logdio - delivery management tool\" \/>\n<meta property=\"article:publisher\" content=\"https:\/\/www.facebook.com\/logtime.eu\/\" \/>\n<meta property=\"article:modified_time\" content=\"2023-08-20T21:34:54+00:00\" \/>\n<meta name=\"twitter:card\" content=\"summary_large_image\" \/>\n<meta name=\"twitter:label1\" content=\"Szacowany czas czytania\" \/>\n\t<meta name=\"twitter:data1\" content=\"2 minuty\" \/>\n<script type=\"application\/ld+json\" class=\"yoast-schema-graph\">{\"@context\":\"https:\/\/schema.org\",\"@graph\":[{\"@type\":\"WebPage\",\"@id\":\"https:\/\/logdio.com\/pl\/o-nas\/\",\"url\":\"https:\/\/logdio.com\/pl\/o-nas\/\",\"name\":\"O nas - Logdio - delivery management tool - wszystko w jednym rozwi\u0105zaniu!\",\"isPartOf\":{\"@id\":\"https:\/\/logdio.com\/pl\/#website\"},\"datePublished\":\"2021-08-23T18:57:06+00:00\",\"dateModified\":\"2023-08-20T21:34:54+00:00\",\"description\":\"Oprogramowanie do zarz\u0105dzania dostawami Logdio. Mobilne rozwi\u0105zanie typu \\\"wszystko w jednym\\\" do optymalizacji tras i \u015bledzenia dostaw w czasie rzeczywistym. Kliknij tutaj, aby dowiedzie\u0107 si\u0119 wi\u0119cej o nas.\",\"breadcrumb\":{\"@id\":\"https:\/\/logdio.com\/pl\/o-nas\/#breadcrumb\"},\"inLanguage\":\"pl-PL\",\"potentialAction\":[{\"@type\":\"ReadAction\",\"target\":[\"https:\/\/logdio.com\/pl\/o-nas\/\"]}]},{\"@type\":\"BreadcrumbList\",\"@id\":\"https:\/\/logdio.com\/pl\/o-nas\/#breadcrumb\",\"itemListElement\":[{\"@type\":\"ListItem\",\"position\":1,\"name\":\"Home\",\"item\":\"https:\/\/logdio.com\/pl\/landing-page\/\"},{\"@type\":\"ListItem\",\"position\":2,\"name\":\"O nas\"}]},{\"@type\":\"WebSite\",\"@id\":\"https:\/\/logdio.com\/pl\/#website\",\"url\":\"https:\/\/logdio.com\/pl\/\",\"name\":\"Logdio - delivery management tool\",\"description\":\"Next level delivery management software\",\"publisher\":{\"@id\":\"https:\/\/logdio.com\/pl\/#organization\"},\"potentialAction\":[{\"@type\":\"SearchAction\",\"target\":{\"@type\":\"EntryPoint\",\"urlTemplate\":\"https:\/\/logdio.com\/pl\/?s={search_term_string}\"},\"query-input\":{\"@type\":\"PropertyValueSpecification\",\"valueRequired\":true,\"valueName\":\"search_term_string\"}}],\"inLanguage\":\"pl-PL\"},{\"@type\":\"Organization\",\"@id\":\"https:\/\/logdio.com\/pl\/#organization\",\"name\":\"Logdio\",\"url\":\"https:\/\/logdio.com\/pl\/\",\"logo\":{\"@type\":\"ImageObject\",\"inLanguage\":\"pl-PL\",\"@id\":\"https:\/\/logdio.com\/pl\/#\/schema\/logo\/image\/\",\"url\":\"https:\/\/logdio.com\/wp-content\/uploads\/2021\/05\/Logdio.svg\",\"contentUrl\":\"https:\/\/logdio.com\/wp-content\/uploads\/2021\/05\/Logdio.svg\",\"width\":4.44919,\"height\":1.1285,\"caption\":\"Logdio\"},\"image\":{\"@id\":\"https:\/\/logdio.com\/pl\/#\/schema\/logo\/image\/\"},\"sameAs\":[\"https:\/\/www.facebook.com\/logtime.eu\/\",\"https:\/\/www.linkedin.com\/company\/logtime\"]}]}<\/script>\n<!-- \/ Yoast SEO plugin. -->","yoast_head_json":{"title":"O nas - Logdio - delivery management tool - wszystko w jednym rozwi\u0105zaniu!","description":"Oprogramowanie do zarz\u0105dzania dostawami Logdio. Mobilne rozwi\u0105zanie typu \"wszystko w jednym\" do optymalizacji tras i \u015bledzenia dostaw w czasie rzeczywistym. Kliknij tutaj, aby dowiedzie\u0107 si\u0119 wi\u0119cej o nas.","robots":{"index":"index","follow":"follow","max-snippet":"max-snippet:-1","max-image-preview":"max-image-preview:large","max-video-preview":"max-video-preview:-1"},"canonical":"https:\/\/logdio.com\/pl\/o-nas\/","og_locale":"pl_PL","og_type":"article","og_title":"O nas - Logdio - delivery management tool - wszystko w jednym rozwi\u0105zaniu!","og_description":"Oprogramowanie do zarz\u0105dzania dostawami Logdio. Mobilne rozwi\u0105zanie typu \"wszystko w jednym\" do optymalizacji tras i \u015bledzenia dostaw w czasie rzeczywistym. Kliknij tutaj, aby dowiedzie\u0107 si\u0119 wi\u0119cej o nas.","og_url":"https:\/\/logdio.com\/pl\/o-nas\/","og_site_name":"Logdio - delivery management tool","article_publisher":"https:\/\/www.facebook.com\/logtime.eu\/","article_modified_time":"2023-08-20T21:34:54+00:00","twitter_card":"summary_large_image","twitter_misc":{"Szacowany czas czytania":"2 minuty"},"schema":{"@context":"https:\/\/schema.org","@graph":[{"@type":"WebPage","@id":"https:\/\/logdio.com\/pl\/o-nas\/","url":"https:\/\/logdio.com\/pl\/o-nas\/","name":"O nas - Logdio - delivery management tool - wszystko w jednym rozwi\u0105zaniu!","isPartOf":{"@id":"https:\/\/logdio.com\/pl\/#website"},"datePublished":"2021-08-23T18:57:06+00:00","dateModified":"2023-08-20T21:34:54+00:00","description":"Oprogramowanie do zarz\u0105dzania dostawami Logdio. Mobilne rozwi\u0105zanie typu \"wszystko w jednym\" do optymalizacji tras i \u015bledzenia dostaw w czasie rzeczywistym. Kliknij tutaj, aby dowiedzie\u0107 si\u0119 wi\u0119cej o nas.","breadcrumb":{"@id":"https:\/\/logdio.com\/pl\/o-nas\/#breadcrumb"},"inLanguage":"pl-PL","potentialAction":[{"@type":"ReadAction","target":["https:\/\/logdio.com\/pl\/o-nas\/"]}]},{"@type":"BreadcrumbList","@id":"https:\/\/logdio.com\/pl\/o-nas\/#breadcrumb","itemListElement":[{"@type":"ListItem","position":1,"name":"Home","item":"https:\/\/logdio.com\/pl\/landing-page\/"},{"@type":"ListItem","position":2,"name":"O nas"}]},{"@type":"WebSite","@id":"https:\/\/logdio.com\/pl\/#website","url":"https:\/\/logdio.com\/pl\/","name":"Logdio - delivery management tool","description":"Next level delivery management software","publisher":{"@id":"https:\/\/logdio.com\/pl\/#organization"},"potentialAction":[{"@type":"SearchAction","target":{"@type":"EntryPoint","urlTemplate":"https:\/\/logdio.com\/pl\/?s={search_term_string}"},"query-input":{"@type":"PropertyValueSpecification","valueRequired":true,"valueName":"search_term_string"}}],"inLanguage":"pl-PL"},{"@type":"Organization","@id":"https:\/\/logdio.com\/pl\/#organization","name":"Logdio","url":"https:\/\/logdio.com\/pl\/","logo":{"@type":"ImageObject","inLanguage":"pl-PL","@id":"https:\/\/logdio.com\/pl\/#\/schema\/logo\/image\/","url":"https:\/\/logdio.com\/wp-content\/uploads\/2021\/05\/Logdio.svg","contentUrl":"https:\/\/logdio.com\/wp-content\/uploads\/2021\/05\/Logdio.svg","width":4.44919,"height":1.1285,"caption":"Logdio"},"image":{"@id":"https:\/\/logdio.com\/pl\/#\/schema\/logo\/image\/"},"sameAs":["https:\/\/www.facebook.com\/logtime.eu\/","https:\/\/www.linkedin.com\/company\/logtime"]}]}},"_links":{"self":[{"href":"https:\/\/logdio.com\/pl\/wp-json\/wp\/v2\/pages\/7361","targetHints":{"allow":["GET"]}}],"collection":[{"href":"https:\/\/logdio.com\/pl\/wp-json\/wp\/v2\/pages"}],"about":[{"href":"https:\/\/logdio.com\/pl\/wp-json\/wp\/v2\/types\/page"}],"author":[{"embeddable":true,"href":"https:\/\/logdio.com\/pl\/wp-json\/wp\/v2\/users\/1"}],"replies":[{"embeddable":true,"href":"https:\/\/logdio.com\/pl\/wp-json\/wp\/v2\/comments?post=7361"}],"version-history":[{"count":2,"href":"https:\/\/logdio.com\/pl\/wp-json\/wp\/v2\/pages\/7361\/revisions"}],"predecessor-version":[{"id":11541,"href":"https:\/\/logdio.com\/pl\/wp-json\/wp\/v2\/pages\/7361\/revisions\/11541"}],"wp:attachment":[{"href":"https:\/\/logdio.com\/pl\/wp-json\/wp\/v2\/media?parent=7361"}],"curies":[{"name":"wp","href":"https:\/\/api.w.org\/{rel}","templated":true}]}}