{"id":6003,"date":"2021-05-03T09:53:33","date_gmt":"2021-05-03T06:53:33","guid":{"rendered":"https:\/\/logdio.com\/polityka-prywatnosci\/"},"modified":"2023-08-21T00:35:20","modified_gmt":"2023-08-20T21:35:20","slug":"privacy-policy","status":"publish","type":"page","link":"https:\/\/logdio.com\/pl\/privacy-policy\/","title":{"rendered":"Polityka prywatno\u015bci"},"content":{"rendered":"\t\t<div data-elementor-type=\"wp-page\" data-elementor-id=\"6003\" class=\"elementor elementor-6003 elementor-3\" data-elementor-post-type=\"page\">\n\t\t\t\t\t\t<section class=\"has_ma_el_bg_slider elementor-section elementor-top-section elementor-element elementor-element-23def496 elementor-section-boxed elementor-section-height-default elementor-section-height-default jltma-glass-effect-no\" data-id=\"23def496\" data-element_type=\"section\" data-e-type=\"section\" data-settings=\"{&quot;jet_parallax_layout_list&quot;:[{&quot;jet_parallax_layout_image&quot;:{&quot;url&quot;:&quot;&quot;,&quot;id&quot;:&quot;&quot;,&quot;size&quot;:&quot;&quot;},&quot;_id&quot;:&quot;4322483&quot;,&quot;jet_parallax_layout_image_tablet&quot;:{&quot;url&quot;:&quot;&quot;,&quot;id&quot;:&quot;&quot;,&quot;size&quot;:&quot;&quot;},&quot;jet_parallax_layout_image_mobile&quot;:{&quot;url&quot;:&quot;&quot;,&quot;id&quot;:&quot;&quot;,&quot;size&quot;:&quot;&quot;},&quot;jet_parallax_layout_speed&quot;:{&quot;unit&quot;:&quot;%&quot;,&quot;size&quot;:50,&quot;sizes&quot;:[]},&quot;jet_parallax_layout_type&quot;:&quot;scroll&quot;,&quot;jet_parallax_layout_direction&quot;:null,&quot;jet_parallax_layout_fx_direction&quot;:null,&quot;jet_parallax_layout_z_index&quot;:&quot;&quot;,&quot;jet_parallax_layout_bg_x&quot;:50,&quot;jet_parallax_layout_bg_x_tablet&quot;:&quot;&quot;,&quot;jet_parallax_layout_bg_x_mobile&quot;:&quot;&quot;,&quot;jet_parallax_layout_bg_y&quot;:50,&quot;jet_parallax_layout_bg_y_tablet&quot;:&quot;&quot;,&quot;jet_parallax_layout_bg_y_mobile&quot;:&quot;&quot;,&quot;jet_parallax_layout_bg_size&quot;:&quot;auto&quot;,&quot;jet_parallax_layout_bg_size_tablet&quot;:&quot;&quot;,&quot;jet_parallax_layout_bg_size_mobile&quot;:&quot;&quot;,&quot;jet_parallax_layout_animation_prop&quot;:&quot;transform&quot;,&quot;jet_parallax_layout_on&quot;:[&quot;desktop&quot;,&quot;tablet&quot;]}]}\">\n\t\t\t\t\t\t<div class=\"elementor-container elementor-column-gap-default\">\n\t\t\t\t\t<div class=\"has_ma_el_bg_slider elementor-column elementor-col-100 elementor-top-column elementor-element elementor-element-562b08a1 jltma-glass-effect-no\" data-id=\"562b08a1\" data-element_type=\"column\" data-e-type=\"column\">\n\t\t\t<div class=\"elementor-widget-wrap elementor-element-populated\">\n\t\t\t\t\t\t<div class=\"elementor-element elementor-element-fdbc374 jltma-glass-effect-no elementor-widget elementor-widget-heading\" data-id=\"fdbc374\" data-element_type=\"widget\" data-e-type=\"widget\" data-widget_type=\"heading.default\">\n\t\t\t\t<div class=\"elementor-widget-container\">\n\t\t\t\t\t<h2 class=\"elementor-heading-title elementor-size-default\">Polityka prywatno\u015bci<\/h2>\t\t\t\t<\/div>\n\t\t\t\t<\/div>\n\t\t\t\t<div class=\"elementor-element elementor-element-71fb796b jltma-glass-effect-no elementor-widget elementor-widget-text-editor\" data-id=\"71fb796b\" data-element_type=\"widget\" data-e-type=\"widget\" data-widget_type=\"text-editor.default\">\n\t\t\t\t<div class=\"elementor-widget-container\">\n\t\t\t\t\t\t\t\t\t\n<p>W Logdio &#8211; oprogramowaniu do zarz\u0105dzania dostawami, dost\u0119pnym na Logdio.com, jednym z naszych g\u0142\u00f3wnych priorytet\u00f3w jest prywatno\u015b\u0107 naszych go\u015bci. Niniejszy dokument dotycz\u0105cy polityki prywatno\u015bci zawiera rodzaje informacji, kt\u00f3re s\u0105 gromadzone i zapisywane przez Logdio &#8211; oprogramowanie do zarz\u0105dzania dostawami oraz spos\u00f3b ich wykorzystania.<\/p>\n<p>Je\u015bli masz dodatkowe pytania lub potrzebujesz wi\u0119cej informacji na temat naszej Polityki Prywatno\u015bci, nie wahaj si\u0119 z nami skontaktowa\u0107.<\/p>\n<p>Niniejsza polityka prywatno\u015bci dotyczy wy\u0142\u0105cznie naszej dzia\u0142alno\u015bci online i obowi\u0105zuje osoby odwiedzaj\u0105ce nasz\u0105 stron\u0119 internetow\u0105 w odniesieniu do informacji, kt\u00f3re udost\u0119pniaj\u0105 i\/lub gromadz\u0105 w Logdio &#8211; oprogramowaniu do zarz\u0105dzania dostawami. Niniejsza polityka nie ma zastosowania do \u017cadnych informacji zebranych offline lub za po\u015brednictwem kana\u0142\u00f3w innych ni\u017c ta strona internetowa.  <\/p>\n<h2>Zgoda<\/h2>\n<p>Korzystaj\u0105c z naszej strony internetowej, niniejszym wyra\u017casz zgod\u0119 na nasz\u0105 Polityk\u0119 Prywatno\u015bci i akceptujesz jej warunki.<\/p>\n<h2>Informacje, kt\u00f3re gromadzimy<\/h2>\n<p>Dane osobowe, o kt\u00f3rych podanie u\u017cytkownik jest proszony, oraz powody, dla kt\u00f3rych jest on proszony o ich podanie, zostan\u0105 mu wyja\u015bnione w momencie, w kt\u00f3rym zostanie poproszony o podanie danych osobowych.<\/p>\n<p>Je\u015bli skontaktuj\u0105 si\u0119 Pa\u0144stwo z nami bezpo\u015brednio, mo\u017cemy otrzyma\u0107 dodatkowe informacje na Pa\u0144stwa temat, takie jak imi\u0119 i nazwisko, adres e-mail, numer telefonu, tre\u015b\u0107 wiadomo\u015bci i\/lub za\u0142\u0105cznik\u00f3w, kt\u00f3re mog\u0105 Pa\u0144stwo do nas wys\u0142a\u0107, oraz wszelkie inne informacje, kt\u00f3re zdecyduj\u0105 si\u0119 Pa\u0144stwo poda\u0107.<\/p>\n<p>Podczas rejestracji Konta mo\u017cemy poprosi\u0107 o podanie danych kontaktowych, takich jak imi\u0119 i nazwisko, nazwa firmy, adres, adres e-mail i numer telefonu.<\/p>\n<h2>Jak wykorzystujemy informacje o u\u017cytkowniku<\/h2>\n<p>Gromadzone przez nas informacje wykorzystujemy na r\u00f3\u017cne sposoby, w tym do:<\/p>\n<ul>\n<li>Zapewnienie, obs\u0142uga i utrzymanie naszej strony internetowej<\/li>\n<li>Ulepsza\u0107, personalizowa\u0107 i rozwija\u0107 nasz\u0105 stron\u0119 internetow\u0105<\/li>\n<li>Zrozumienie i analiza sposobu korzystania z naszej strony internetowej<\/li>\n<li>Opracowywanie nowych produkt\u00f3w, us\u0142ug, cech i funkcjonalno\u015bci<\/li>\n<li>komunikowa\u0107 si\u0119 z u\u017cytkownikiem, bezpo\u015brednio lub za po\u015brednictwem jednego z naszych partner\u00f3w, w tym w celu obs\u0142ugi klienta, dostarczania aktualizacji i innych informacji zwi\u0105zanych z witryn\u0105 internetow\u0105 oraz w celach marketingowych i promocyjnych<\/li>\n<li>Wysy\u0142aj e-maile<\/li>\n<li>Wykrywanie i zapobieganie oszustwom<\/li>\n<\/ul>\n<h2>Pliki dziennika<\/h2>\n<p>Logdio &#8211; oprogramowanie do zarz\u0105dzania dostawami stosuje standardow\u0105 procedur\u0119 korzystania z plik\u00f3w dziennika. Pliki te rejestruj\u0105 odwiedzaj\u0105cych, gdy odwiedzaj\u0105 oni strony internetowe. Wszystkie firmy hostingowe robi\u0105 to i cz\u0119\u015b\u0107 analityki us\u0142ug hostingowych. Informacje zbierane przez pliki dziennika obejmuj\u0105 adresy protoko\u0142u internetowego (IP), typ przegl\u0105darki, dostawc\u0119 us\u0142ug internetowych (ISP), znacznik daty i czasu, strony odsy\u0142aj\u0105ce\/wycofuj\u0105ce oraz ewentualnie liczb\u0119 klikni\u0119\u0107. Nie s\u0105 one powi\u0105zane z \u017cadnymi informacjami, kt\u00f3re mo\u017cna by zidentyfikowa\u0107 osobi\u015bcie. Celem tych informacji jest analizowanie trend\u00f3w, administrowanie stron\u0105, \u015bledzenie ruchu u\u017cytkownik\u00f3w na stronie oraz zbieranie informacji demograficznych.<\/p>\n<h2>Pliki cookie i sygnalizatory WWW<\/h2>\n<p>Jak ka\u017cda inna strona internetowa, Logdio &#8211; oprogramowanie do zarz\u0105dzania dostawami u\u017cywa plik\u00f3w &#8222;cookies&#8221;. Te pliki cookie s\u0105 wykorzystywane do przechowywania informacji, w tym preferencji odwiedzaj\u0105cych oraz stron w witrynie, do kt\u00f3rych odwiedzaj\u0105cy uzyska\u0142 dost\u0119p lub kt\u00f3re odwiedzi\u0142. Informacje te s\u0105 wykorzystywane do optymalizacji do\u015bwiadcze\u0144 u\u017cytkownik\u00f3w poprzez dostosowywanie zawarto\u015bci naszej strony internetowej w oparciu o typ przegl\u0105darki odwiedzaj\u0105cego i\/lub inne informacje.<\/p>\n<h2>Partnerzy reklamowi Polityka prywatno\u015bci<\/h2>\n<p>Mo\u017cesz sprawdzi\u0107 t\u0119 list\u0119, aby znale\u017a\u0107 Polityk\u0119 Prywatno\u015bci dla ka\u017cdego z partner\u00f3w reklamowych Logdio &#8211; Oprogramowanie do zarz\u0105dzania dostawami.<\/p>\n<p>Zewn\u0119trzne serwery reklamowe lub sieci reklamowe wykorzystuj\u0105 technologie takie jak pliki cookie, JavaScript lub sygnalizatory WWW, kt\u00f3re s\u0105 u\u017cywane w ich odpowiednich reklamach i linkach, kt\u00f3re pojawiaj\u0105 si\u0119 na Logdio &#8211; Oprogramowanie do zarz\u0105dzania dostawami, kt\u00f3re s\u0105 wysy\u0142ane bezpo\u015brednio do przegl\u0105darki u\u017cytkownika. W takim przypadku automatycznie otrzymuj\u0105 Tw\u00f3j adres IP. Technologie te s\u0105 wykorzystywane do pomiaru skuteczno\u015bci ich kampanii reklamowych i\/lub do personalizacji tre\u015bci reklamowych, kt\u00f3re u\u017cytkownik widzi na odwiedzanych przez siebie stronach internetowych.<\/p>\n<p>Nale\u017cy pami\u0119ta\u0107, \u017ce Logdio &#8211; oprogramowanie do zarz\u0105dzania dostawami nie ma dost\u0119pu ani kontroli nad tymi plikami cookie, kt\u00f3re s\u0105 u\u017cywane przez zewn\u0119trznych reklamodawc\u00f3w.<\/p>\n<h2>Polityki prywatno\u015bci stron trzecich<\/h2>\n<p>Polityka prywatno\u015bci Logdio &#8211; oprogramowanie do zarz\u0105dzania dostawami nie ma zastosowania do innych reklamodawc\u00f3w lub witryn internetowych. W zwi\u0105zku z tym zalecamy zapoznanie si\u0119 z polityk\u0105 prywatno\u015bci tych zewn\u0119trznych serwer\u00f3w reklamowych w celu uzyskania bardziej szczeg\u00f3\u0142owych informacji. Mo\u017ce ona zawiera\u0107 ich praktyki oraz instrukcje dotycz\u0105ce sposobu rezygnacji z niekt\u00f3rych opcji.<\/p>\n<p>U\u017cytkownik mo\u017ce wy\u0142\u0105czy\u0107 obs\u0142ug\u0119 plik\u00f3w cookie poprzez indywidualne opcje przegl\u0105darki internetowej. Bardziej szczeg\u00f3\u0142owe informacje na temat zarz\u0105dzania plikami cookie w poszczeg\u00f3lnych przegl\u0105darkach internetowych mo\u017cna znale\u017a\u0107 na stronach internetowych tych przegl\u0105darek.<\/p>\n<h2>Prawa prywatno\u015bci CCPA (Nie sprzedawaj moich danych osobowych)<\/h2>\n<p>Zgodnie z CCPA, w\u015br\u00f3d innych praw, kalifornijscy konsumenci maj\u0105 prawo do:<\/p>\n<p>\u017b\u0105danie, aby przedsi\u0119biorstwo, kt\u00f3re gromadzi dane osobowe konsument\u00f3w, ujawni\u0142o kategorie i konkretne cz\u0119\u015bci danych osobowych, kt\u00f3re przedsi\u0119biorstwo zgromadzi\u0142o na temat konsument\u00f3w.<\/p>\n<p>Za\u017c\u0105da\u0107 od przedsi\u0119biorcy usuni\u0119cia wszelkich danych osobowych konsumenta, kt\u00f3re zosta\u0142y przez niego zgromadzone.<\/p>\n<p>\u017b\u0105danie, aby firma, kt\u00f3ra sprzedaje dane osobowe konsumenta, nie sprzedawa\u0142a danych osobowych konsumenta.<\/p>\n<p>Je\u015bli z\u0142o\u017cysz wniosek, mamy jeden miesi\u0105c na udzielenie odpowiedzi. Je\u015bli chc\u0105 Pa\u0144stwo skorzysta\u0107 z kt\u00f3regokolwiek z tych praw, prosimy o kontakt.<\/p>\n<h2>GDPR Prawa ochrony danych<\/h2>\n<p>Chcieliby\u015bmy si\u0119 upewni\u0107, \u017ce s\u0105 Pa\u0144stwo w pe\u0142ni \u015bwiadomi wszystkich swoich praw w zakresie ochrony danych osobowych. Ka\u017cdy u\u017cytkownik ma prawo do nast\u0119puj\u0105cych rzeczy:<\/p>\n<p>Prawo do dost\u0119pu &#8211; Masz prawo za\u017c\u0105da\u0107 kopii swoich danych osobowych. Za t\u0119 us\u0142ug\u0119 mo\u017cemy pobra\u0107 niewielk\u0105 op\u0142at\u0119.<\/p>\n<p>Prawo do sprostowania &#8211; U\u017cytkownik ma prawo za\u017c\u0105da\u0107 od nas skorygowania wszelkich informacji, kt\u00f3re uwa\u017ca za niedok\u0142adne. Pacjent ma r\u00f3wnie\u017c prawo do za\u017c\u0105dania od nas uzupe\u0142nienia informacji, kt\u00f3re uwa\u017ca za niekompletne.<\/p>\n<p>Prawo do usuni\u0119cia danych &#8211; pod pewnymi warunkami maj\u0105 Pa\u0144stwo prawo za\u017c\u0105da\u0107 od nas usuni\u0119cia Pa\u0144stwa danych osobowych.<\/p>\n<p>Prawo do ograniczenia przetwarzania &#8211; Masz prawo za\u017c\u0105da\u0107, aby\u015bmy ograniczyli przetwarzanie Twoich danych osobowych, pod pewnymi warunkami.<\/p>\n<p>Prawo do sprzeciwu wobec przetwarzania &#8211; Pod pewnymi warunkami maj\u0105 Pa\u0144stwo prawo do sprzeciwu wobec przetwarzania przez nas Pa\u0144stwa danych osobowych.<\/p>\n<p>Prawo do przenoszenia danych &#8211; Masz prawo za\u017c\u0105da\u0107, aby\u015bmy przekazali zebrane przez nas dane do innej organizacji lub bezpo\u015brednio do Ciebie, pod pewnymi warunkami.<\/p>\n<p>Je\u015bli z\u0142o\u017cysz wniosek, mamy jeden miesi\u0105c na udzielenie odpowiedzi. Je\u015bli chc\u0105 Pa\u0144stwo skorzysta\u0107 z kt\u00f3regokolwiek z tych praw, prosimy o kontakt.<\/p>\n<h2>Informacje dla dzieci<\/h2>\n<p>Kolejn\u0105 cz\u0119\u015bci\u0105 naszego priorytetu jest dodanie ochrony dla dzieci podczas korzystania z Internetu. Zach\u0119camy rodzic\u00f3w i opiekun\u00f3w do obserwowania, uczestniczenia i\/lub monitorowania i kierowania ich aktywno\u015bci\u0105 online.<\/p>\n<p>Logdio &#8211; Oprogramowanie do zarz\u0105dzania dostawami nie zbiera \u015bwiadomie \u017cadnych Danych osobowych od dzieci poni\u017cej 13 roku \u017cycia. Je\u015bli uwa\u017casz, \u017ce Twoje dziecko poda\u0142o tego rodzaju informacje na naszej stronie internetowej, gor\u0105co zach\u0119camy do natychmiastowego kontaktu z nami, a my do\u0142o\u017cymy wszelkich stara\u0144, aby niezw\u0142ocznie usun\u0105\u0107 takie informacje z naszych rejestr\u00f3w.<\/p>\n\t\t\t\t\t\t\t\t<\/div>\n\t\t\t\t<\/div>\n\t\t\t\t\t<\/div>\n\t\t<\/div>\n\t\t\t\t\t<\/div>\n\t\t<\/section>\n\t\t\t\t<\/div>\n\t\t","protected":false},"excerpt":{"rendered":"<p>W Logdio &#8211; oprogramowaniu do zarz\u0105dzania dostawami, dost\u0119pnym na Logdio.com, jednym z naszych g\u0142\u00f3wnych priorytet\u00f3w jest prywatno\u015b\u0107 naszych go\u015bci. Niniejszy dokument dotycz\u0105cy polityki prywatno\u015bci zawiera rodzaje informacji, kt\u00f3re s\u0105 gromadzone i zapisywane przez Logdio &#8211; oprogramowanie do zarz\u0105dzania dostawami oraz spos\u00f3b ich wykorzystania. Je\u015bli masz dodatkowe pytania lub potrzebujesz wi\u0119cej informacji na temat naszej Polityki [&hellip;]<\/p>\n","protected":false},"author":1,"featured_media":0,"parent":0,"menu_order":0,"comment_status":"closed","ping_status":"closed","template":"elementor_header_footer","meta":{"footnotes":""},"class_list":["post-6003","page","type-page","status-publish","hentry"],"yoast_head":"<!-- This site is optimized with the Yoast SEO plugin v26.8 - https:\/\/yoast.com\/product\/yoast-seo-wordpress\/ -->\n<title>Polityka prywatno\u015bci - Logdio - delivery management tool<\/title>\n<meta name=\"description\" content=\"Logdio.com to oprogramowanie do zarz\u0105dzania dostawami nast\u0119pnego poziomu, kt\u00f3re oferuje uczciwe ceny, aby Twoja firma mog\u0142a si\u0119 rozwija\u0107! Sprawd\u017a nasz\u0105 polityk\u0119 prywatno\u015bci\" \/>\n<meta name=\"robots\" content=\"index, follow, max-snippet:-1, max-image-preview:large, max-video-preview:-1\" \/>\n<link rel=\"canonical\" href=\"https:\/\/logdio.com\/pl\/privacy-policy\/\" \/>\n<meta property=\"og:locale\" content=\"pl_PL\" \/>\n<meta property=\"og:type\" content=\"article\" \/>\n<meta property=\"og:title\" content=\"Polityka prywatno\u015bci - Logdio - delivery management tool\" \/>\n<meta property=\"og:description\" content=\"Logdio.com to oprogramowanie do zarz\u0105dzania dostawami nast\u0119pnego poziomu, kt\u00f3re oferuje uczciwe ceny, aby Twoja firma mog\u0142a si\u0119 rozwija\u0107! Sprawd\u017a nasz\u0105 polityk\u0119 prywatno\u015bci\" \/>\n<meta property=\"og:url\" content=\"https:\/\/logdio.com\/pl\/privacy-policy\/\" \/>\n<meta property=\"og:site_name\" content=\"Logdio - delivery management tool\" \/>\n<meta property=\"article:publisher\" content=\"https:\/\/www.facebook.com\/logtime.eu\/\" \/>\n<meta property=\"article:modified_time\" content=\"2023-08-20T21:35:20+00:00\" \/>\n<meta name=\"twitter:card\" content=\"summary_large_image\" \/>\n<meta name=\"twitter:label1\" content=\"Szacowany czas czytania\" \/>\n\t<meta name=\"twitter:data1\" content=\"5 minut\" \/>\n<script type=\"application\/ld+json\" class=\"yoast-schema-graph\">{\"@context\":\"https:\/\/schema.org\",\"@graph\":[{\"@type\":\"WebPage\",\"@id\":\"https:\/\/logdio.com\/pl\/privacy-policy\/\",\"url\":\"https:\/\/logdio.com\/pl\/privacy-policy\/\",\"name\":\"Polityka prywatno\u015bci - Logdio - delivery management tool\",\"isPartOf\":{\"@id\":\"https:\/\/logdio.com\/pl\/#website\"},\"datePublished\":\"2021-05-03T06:53:33+00:00\",\"dateModified\":\"2023-08-20T21:35:20+00:00\",\"description\":\"Logdio.com to oprogramowanie do zarz\u0105dzania dostawami nast\u0119pnego poziomu, kt\u00f3re oferuje uczciwe ceny, aby Twoja firma mog\u0142a si\u0119 rozwija\u0107! Sprawd\u017a nasz\u0105 polityk\u0119 prywatno\u015bci\",\"breadcrumb\":{\"@id\":\"https:\/\/logdio.com\/pl\/privacy-policy\/#breadcrumb\"},\"inLanguage\":\"pl-PL\",\"potentialAction\":[{\"@type\":\"ReadAction\",\"target\":[\"https:\/\/logdio.com\/pl\/privacy-policy\/\"]}]},{\"@type\":\"BreadcrumbList\",\"@id\":\"https:\/\/logdio.com\/pl\/privacy-policy\/#breadcrumb\",\"itemListElement\":[{\"@type\":\"ListItem\",\"position\":1,\"name\":\"Home\",\"item\":\"https:\/\/logdio.com\/pl\/landing-page\/\"},{\"@type\":\"ListItem\",\"position\":2,\"name\":\"Polityka prywatno\u015bci\"}]},{\"@type\":\"WebSite\",\"@id\":\"https:\/\/logdio.com\/pl\/#website\",\"url\":\"https:\/\/logdio.com\/pl\/\",\"name\":\"Logdio - delivery management tool\",\"description\":\"Next level delivery management software\",\"publisher\":{\"@id\":\"https:\/\/logdio.com\/pl\/#organization\"},\"potentialAction\":[{\"@type\":\"SearchAction\",\"target\":{\"@type\":\"EntryPoint\",\"urlTemplate\":\"https:\/\/logdio.com\/pl\/?s={search_term_string}\"},\"query-input\":{\"@type\":\"PropertyValueSpecification\",\"valueRequired\":true,\"valueName\":\"search_term_string\"}}],\"inLanguage\":\"pl-PL\"},{\"@type\":\"Organization\",\"@id\":\"https:\/\/logdio.com\/pl\/#organization\",\"name\":\"Logdio\",\"url\":\"https:\/\/logdio.com\/pl\/\",\"logo\":{\"@type\":\"ImageObject\",\"inLanguage\":\"pl-PL\",\"@id\":\"https:\/\/logdio.com\/pl\/#\/schema\/logo\/image\/\",\"url\":\"https:\/\/logdio.com\/wp-content\/uploads\/2021\/05\/Logdio.svg\",\"contentUrl\":\"https:\/\/logdio.com\/wp-content\/uploads\/2021\/05\/Logdio.svg\",\"width\":4.44919,\"height\":1.1285,\"caption\":\"Logdio\"},\"image\":{\"@id\":\"https:\/\/logdio.com\/pl\/#\/schema\/logo\/image\/\"},\"sameAs\":[\"https:\/\/www.facebook.com\/logtime.eu\/\",\"https:\/\/www.linkedin.com\/company\/logtime\"]}]}<\/script>\n<!-- \/ Yoast SEO plugin. -->","yoast_head_json":{"title":"Polityka prywatno\u015bci - Logdio - delivery management tool","description":"Logdio.com to oprogramowanie do zarz\u0105dzania dostawami nast\u0119pnego poziomu, kt\u00f3re oferuje uczciwe ceny, aby Twoja firma mog\u0142a si\u0119 rozwija\u0107! Sprawd\u017a nasz\u0105 polityk\u0119 prywatno\u015bci","robots":{"index":"index","follow":"follow","max-snippet":"max-snippet:-1","max-image-preview":"max-image-preview:large","max-video-preview":"max-video-preview:-1"},"canonical":"https:\/\/logdio.com\/pl\/privacy-policy\/","og_locale":"pl_PL","og_type":"article","og_title":"Polityka prywatno\u015bci - Logdio - delivery management tool","og_description":"Logdio.com to oprogramowanie do zarz\u0105dzania dostawami nast\u0119pnego poziomu, kt\u00f3re oferuje uczciwe ceny, aby Twoja firma mog\u0142a si\u0119 rozwija\u0107! Sprawd\u017a nasz\u0105 polityk\u0119 prywatno\u015bci","og_url":"https:\/\/logdio.com\/pl\/privacy-policy\/","og_site_name":"Logdio - delivery management tool","article_publisher":"https:\/\/www.facebook.com\/logtime.eu\/","article_modified_time":"2023-08-20T21:35:20+00:00","twitter_card":"summary_large_image","twitter_misc":{"Szacowany czas czytania":"5 minut"},"schema":{"@context":"https:\/\/schema.org","@graph":[{"@type":"WebPage","@id":"https:\/\/logdio.com\/pl\/privacy-policy\/","url":"https:\/\/logdio.com\/pl\/privacy-policy\/","name":"Polityka prywatno\u015bci - Logdio - delivery management tool","isPartOf":{"@id":"https:\/\/logdio.com\/pl\/#website"},"datePublished":"2021-05-03T06:53:33+00:00","dateModified":"2023-08-20T21:35:20+00:00","description":"Logdio.com to oprogramowanie do zarz\u0105dzania dostawami nast\u0119pnego poziomu, kt\u00f3re oferuje uczciwe ceny, aby Twoja firma mog\u0142a si\u0119 rozwija\u0107! Sprawd\u017a nasz\u0105 polityk\u0119 prywatno\u015bci","breadcrumb":{"@id":"https:\/\/logdio.com\/pl\/privacy-policy\/#breadcrumb"},"inLanguage":"pl-PL","potentialAction":[{"@type":"ReadAction","target":["https:\/\/logdio.com\/pl\/privacy-policy\/"]}]},{"@type":"BreadcrumbList","@id":"https:\/\/logdio.com\/pl\/privacy-policy\/#breadcrumb","itemListElement":[{"@type":"ListItem","position":1,"name":"Home","item":"https:\/\/logdio.com\/pl\/landing-page\/"},{"@type":"ListItem","position":2,"name":"Polityka prywatno\u015bci"}]},{"@type":"WebSite","@id":"https:\/\/logdio.com\/pl\/#website","url":"https:\/\/logdio.com\/pl\/","name":"Logdio - delivery management tool","description":"Next level delivery management software","publisher":{"@id":"https:\/\/logdio.com\/pl\/#organization"},"potentialAction":[{"@type":"SearchAction","target":{"@type":"EntryPoint","urlTemplate":"https:\/\/logdio.com\/pl\/?s={search_term_string}"},"query-input":{"@type":"PropertyValueSpecification","valueRequired":true,"valueName":"search_term_string"}}],"inLanguage":"pl-PL"},{"@type":"Organization","@id":"https:\/\/logdio.com\/pl\/#organization","name":"Logdio","url":"https:\/\/logdio.com\/pl\/","logo":{"@type":"ImageObject","inLanguage":"pl-PL","@id":"https:\/\/logdio.com\/pl\/#\/schema\/logo\/image\/","url":"https:\/\/logdio.com\/wp-content\/uploads\/2021\/05\/Logdio.svg","contentUrl":"https:\/\/logdio.com\/wp-content\/uploads\/2021\/05\/Logdio.svg","width":4.44919,"height":1.1285,"caption":"Logdio"},"image":{"@id":"https:\/\/logdio.com\/pl\/#\/schema\/logo\/image\/"},"sameAs":["https:\/\/www.facebook.com\/logtime.eu\/","https:\/\/www.linkedin.com\/company\/logtime"]}]}},"_links":{"self":[{"href":"https:\/\/logdio.com\/pl\/wp-json\/wp\/v2\/pages\/6003","targetHints":{"allow":["GET"]}}],"collection":[{"href":"https:\/\/logdio.com\/pl\/wp-json\/wp\/v2\/pages"}],"about":[{"href":"https:\/\/logdio.com\/pl\/wp-json\/wp\/v2\/types\/page"}],"author":[{"embeddable":true,"href":"https:\/\/logdio.com\/pl\/wp-json\/wp\/v2\/users\/1"}],"replies":[{"embeddable":true,"href":"https:\/\/logdio.com\/pl\/wp-json\/wp\/v2\/comments?post=6003"}],"version-history":[{"count":12,"href":"https:\/\/logdio.com\/pl\/wp-json\/wp\/v2\/pages\/6003\/revisions"}],"predecessor-version":[{"id":27359,"href":"https:\/\/logdio.com\/pl\/wp-json\/wp\/v2\/pages\/6003\/revisions\/27359"}],"wp:attachment":[{"href":"https:\/\/logdio.com\/pl\/wp-json\/wp\/v2\/media?parent=6003"}],"curies":[{"name":"wp","href":"https:\/\/api.w.org\/{rel}","templated":true}]}}