{"id":1496,"date":"2021-08-16T12:56:58","date_gmt":"2021-08-16T09:56:58","guid":{"rendered":"https:\/\/logdio.com\/marsruto-planavimo-programine-iranga\/"},"modified":"2021-10-04T13:56:08","modified_gmt":"2021-10-04T10:56:08","slug":"marsruto-planavimo-programine-iranga","status":"publish","type":"page","link":"https:\/\/logdio.com\/lt\/marsruto-planavimo-programine-iranga\/","title":{"rendered":"Mar\u0161ruto planavimo programin\u0117 \u012franga"},"content":{"rendered":"\t\t<div data-elementor-type=\"wp-page\" data-elementor-id=\"1496\" class=\"elementor elementor-1496 elementor-1054\" data-elementor-post-type=\"page\">\n\t\t\t\t\t\t<section class=\"has_ma_el_bg_slider elementor-section elementor-top-section elementor-element elementor-element-aa63506 elementor-section-boxed elementor-section-height-default elementor-section-height-default jltma-glass-effect-no\" data-id=\"aa63506\" data-element_type=\"section\" data-e-type=\"section\" data-settings=\"{&quot;jet_parallax_layout_list&quot;:[{&quot;jet_parallax_layout_image&quot;:{&quot;url&quot;:&quot;&quot;,&quot;id&quot;:&quot;&quot;,&quot;size&quot;:&quot;&quot;},&quot;_id&quot;:&quot;7ffc1ed&quot;,&quot;jet_parallax_layout_image_tablet&quot;:{&quot;url&quot;:&quot;&quot;,&quot;id&quot;:&quot;&quot;,&quot;size&quot;:&quot;&quot;},&quot;jet_parallax_layout_image_mobile&quot;:{&quot;url&quot;:&quot;&quot;,&quot;id&quot;:&quot;&quot;,&quot;size&quot;:&quot;&quot;},&quot;jet_parallax_layout_speed&quot;:{&quot;unit&quot;:&quot;%&quot;,&quot;size&quot;:50,&quot;sizes&quot;:[]},&quot;jet_parallax_layout_type&quot;:&quot;scroll&quot;,&quot;jet_parallax_layout_direction&quot;:null,&quot;jet_parallax_layout_fx_direction&quot;:null,&quot;jet_parallax_layout_z_index&quot;:&quot;&quot;,&quot;jet_parallax_layout_bg_x&quot;:50,&quot;jet_parallax_layout_bg_x_tablet&quot;:&quot;&quot;,&quot;jet_parallax_layout_bg_x_mobile&quot;:&quot;&quot;,&quot;jet_parallax_layout_bg_y&quot;:50,&quot;jet_parallax_layout_bg_y_tablet&quot;:&quot;&quot;,&quot;jet_parallax_layout_bg_y_mobile&quot;:&quot;&quot;,&quot;jet_parallax_layout_bg_size&quot;:&quot;auto&quot;,&quot;jet_parallax_layout_bg_size_tablet&quot;:&quot;&quot;,&quot;jet_parallax_layout_bg_size_mobile&quot;:&quot;&quot;,&quot;jet_parallax_layout_animation_prop&quot;:&quot;transform&quot;,&quot;jet_parallax_layout_on&quot;:[&quot;desktop&quot;,&quot;tablet&quot;]}]}\">\n\t\t\t\t\t\t<div class=\"elementor-container elementor-column-gap-default\">\n\t\t\t\t\t<div class=\"has_ma_el_bg_slider elementor-column elementor-col-100 elementor-top-column elementor-element elementor-element-a5671ee jltma-glass-effect-no\" data-id=\"a5671ee\" data-element_type=\"column\" data-e-type=\"column\">\n\t\t\t<div class=\"elementor-widget-wrap elementor-element-populated\">\n\t\t\t\t\t\t<div class=\"elementor-element elementor-element-293514c jltma-glass-effect-no elementor-widget elementor-widget-heading\" data-id=\"293514c\" data-element_type=\"widget\" data-e-type=\"widget\" data-widget_type=\"heading.default\">\n\t\t\t\t<div class=\"elementor-widget-container\">\n\t\t\t\t\t<h1 class=\"elementor-heading-title elementor-size-default\">Mar\u0161ruto planavimo programin\u0117 \u012franga<\/h1>\t\t\t\t<\/div>\n\t\t\t\t<\/div>\n\t\t\t\t\t<\/div>\n\t\t<\/div>\n\t\t\t\t\t<\/div>\n\t\t<\/section>\n\t\t\t\t<section class=\"has_ma_el_bg_slider elementor-section elementor-top-section elementor-element elementor-element-8e5f6e9 elementor-section-boxed elementor-section-height-default elementor-section-height-default jltma-glass-effect-no\" data-id=\"8e5f6e9\" data-element_type=\"section\" data-e-type=\"section\" data-settings=\"{&quot;jet_parallax_layout_list&quot;:[{&quot;jet_parallax_layout_image&quot;:{&quot;url&quot;:&quot;&quot;,&quot;id&quot;:&quot;&quot;,&quot;size&quot;:&quot;&quot;},&quot;_id&quot;:&quot;80a7424&quot;,&quot;jet_parallax_layout_image_tablet&quot;:{&quot;url&quot;:&quot;&quot;,&quot;id&quot;:&quot;&quot;,&quot;size&quot;:&quot;&quot;},&quot;jet_parallax_layout_image_mobile&quot;:{&quot;url&quot;:&quot;&quot;,&quot;id&quot;:&quot;&quot;,&quot;size&quot;:&quot;&quot;},&quot;jet_parallax_layout_speed&quot;:{&quot;unit&quot;:&quot;%&quot;,&quot;size&quot;:50,&quot;sizes&quot;:[]},&quot;jet_parallax_layout_type&quot;:&quot;scroll&quot;,&quot;jet_parallax_layout_direction&quot;:null,&quot;jet_parallax_layout_fx_direction&quot;:null,&quot;jet_parallax_layout_z_index&quot;:&quot;&quot;,&quot;jet_parallax_layout_bg_x&quot;:50,&quot;jet_parallax_layout_bg_x_tablet&quot;:&quot;&quot;,&quot;jet_parallax_layout_bg_x_mobile&quot;:&quot;&quot;,&quot;jet_parallax_layout_bg_y&quot;:50,&quot;jet_parallax_layout_bg_y_tablet&quot;:&quot;&quot;,&quot;jet_parallax_layout_bg_y_mobile&quot;:&quot;&quot;,&quot;jet_parallax_layout_bg_size&quot;:&quot;auto&quot;,&quot;jet_parallax_layout_bg_size_tablet&quot;:&quot;&quot;,&quot;jet_parallax_layout_bg_size_mobile&quot;:&quot;&quot;,&quot;jet_parallax_layout_animation_prop&quot;:&quot;transform&quot;,&quot;jet_parallax_layout_on&quot;:[&quot;desktop&quot;,&quot;tablet&quot;]}]}\">\n\t\t\t\t\t\t<div class=\"elementor-container elementor-column-gap-default\">\n\t\t\t\t\t<div class=\"has_ma_el_bg_slider elementor-column elementor-col-100 elementor-top-column elementor-element elementor-element-d48a05b jltma-glass-effect-no\" data-id=\"d48a05b\" data-element_type=\"column\" data-e-type=\"column\">\n\t\t\t<div class=\"elementor-widget-wrap elementor-element-populated\">\n\t\t\t\t\t\t<div class=\"elementor-element elementor-element-0f9707f jltma-glass-effect-no elementor-widget elementor-widget-text-editor\" data-id=\"0f9707f\" data-element_type=\"widget\" data-e-type=\"widget\" data-widget_type=\"text-editor.default\">\n\t\t\t\t<div class=\"elementor-widget-container\">\n\t\t\t\t\t\t\t\t\t<p>Transporto ir logistikos \u012fmon\u0117s ar \u012fmon\u0117s transporto priemoni\u0173 parko efektyvumas tiesiogiai priklauso nuo transporto ir logistikos problem\u0173 sprendimo kokyb\u0117s ir grei\u010dio. B\u016btina sutelkti d\u0117mes\u012f \u012f mar\u0161rut\u0173 valdym\u0105, greitai parengti lydimuosius dokumentus, steb\u0117ti transporto u\u017eduo\u010di\u0173 vykdym\u0105 ir analizuoti transporto skyriaus darbo kokyb\u0119.<\/p>\n<p>\u0160ioms u\u017eduotims spr\u0119sti rankiniu b\u016bdu reikia \u012fsp\u016bdingo logistikos specialist\u0173 ir dispe\u010deri\u0173 personalo. Kartu neatmetama galimyb\u0117, kad darbe pasitaikys klaid\u0173. D\u0117l neteisingai sudaryto mar\u0161ruto ar neteisingai u\u017epildyt\u0173 dokument\u0173 gali tekti nuva\u017eiuoti tu\u0161\u010di\u0105 kilometra\u017e\u0105 arba patirti transporto prastovas, v\u0117luoti pristatyti krovinius ir sulaukti klient\u0173 nusiskundim\u0173. Veiksmingas b\u016bdas pa\u0161alinti tokius sunkumus &#8211; naudoti mar\u0161rut\u0173 planavimo programin\u0119 \u012frang\u0105, skirt\u0105 automatizuotam mar\u0161rut\u0173 planavimui ir pristatymo proceso steb\u0117senai. Mar\u0161ruto optimizavimo programin\u0117 \u012franga padeda taupyti laik\u0105 ir u\u017etikrinti pristatym\u0105 be klaid\u0173.<\/p>\n<p><strong>Kas yra mar\u0161ruto optimizavimas?<\/strong><\/p>\n<p>Mar\u0161rut\u0173 valdymo programin\u0117 \u012franga &#8211; tai sistema, su kuria galima planuoti pristatym\u0105 ir veiksmingai sudaryti mar\u0161rutus nuosavam arba samdomam transportui. Ji atsi\u017evelgia \u012f kelet\u0105 s\u0105lyg\u0173, pavyzd\u017eiui, optimal\u0173 transporto priemoni\u0173 parko pakrovim\u0105 ir savalaik\u012f preki\u0173 pristatym\u0105 klientams. Kartu \u0161i programin\u0117 \u012franga leid\u017eia steb\u0117ti vairuotoj\u0173, dispe\u010deri\u0173 ir ekspeditori\u0173 darb\u0105.<\/p>\n<p>\u012ediegus mar\u0161rut\u0173 planavimo programin\u0119 \u012frang\u0105, transporto priemoni\u0173 parko valdymas taps racionalus, o i\u0161laidos bus minimalios. Ir tai ne vienintelis mar\u0161rut\u0173 optimizavimo programin\u0117s \u012frangos privalumas. Keletas kit\u0173 privalum\u0173:<\/p>\n<ul>\n<li>nes\u0105\u017einingi vairuotojai bus i\u0161ai\u0161kinti, jei bus suk\u010diaujama;<\/li>\n<li>nebus leid\u017eiama naudoti automobilio asmeniniais tikslais;<\/li>\n<li>padid\u0117s keli\u0173 eismo saugumas;<\/li>\n<li>kuro s\u0105naudos suma\u017e\u0117s tris kartus, nes nebus kanalizacijos;<\/li>\n<li>suma\u017e\u0117s transporto prastov\u0173 skai\u010dius.<\/li>\n<\/ul>\n<p><strong>Kaip veikia mar\u0161ruto optimizavimas?<\/strong><\/p>\n<p>Mar\u0161rut\u0173 valdymo programin\u0117 \u012franga optimizuoja mar\u0161rutus naudodama palydovin\u0119 steb\u0117sen\u0105. \u0160is GLONASS\/GPS pagr\u012fstas \u012frankis tinka dideliems automobili\u0173 parkams, logistikos ar krovini\u0173 ve\u017eimo \u012fmon\u0117ms. Naudodamasis programine \u012franga, \u012fdiegta kompiuteryje, plan\u0161etiniame kompiuteryje, mobiliajame \u012frenginyje, naudotojas gauna prieig\u0105 prie informacijos apie transporto priemon\u0119. Programa generuoja ataskaitas apie stebimus transporto priemon\u0117s parametrus, kurios i\u0161saugomos \u012fvairiais formatais ir v\u0117liau naudojamos transporto priemoni\u0173 parko veiklai analizuoti ir optimizuoti.<\/p>\n<p><strong>Koki\u0105 programin\u0119 \u012frang\u0105 naudoti mar\u0161rutams optimizuoti?<\/strong><\/p>\n<p>Galb\u016bt manote, kad mar\u0161ruto planavimo programin\u0117 \u012franga veikia kaip &#8222;Google Maps&#8221;, ta\u010diau tai netiesa. \u0160i programa tiesiog pateikia nurodymus i\u0161 ta\u0161ko &#8222;1&#8221; \u012f ta\u0161k\u0105 &#8222;2&#8221;. Sud\u0117tinga nustatyti keli\u0173 stoteli\u0173 mar\u0161rutus. Naudotojai turi \u012fvesti adresus rankiniu b\u016bdu, o tai atima daug laiko ir yra link\u0119 daryti klaidas.<\/p>\n<p>Nedidel\u0117 pradin\u0117 kaina vilioja, ta\u010diau ilgainiui ji jums kainuos brangiai. Taigi navigacijos programos n\u0117ra idealus sprendimas. Tur\u0117tum\u0117te naudoti specialiai \u0161iam tikslui sukurt\u0105 mar\u0161ruto optimizavimo programin\u0119 \u012frang\u0105.<\/p>\n<p><strong>Kod\u0117l verta rinktis &#8222;Logdio&#8221;?<\/strong><\/p>\n<p>&#8222;Logdio&#8221; yra pristatymo planavimo programin\u0117 \u012franga, skirta \u012fmon\u0117ms, turin\u010dioms daug u\u017esakym\u0173, transporto priemoni\u0173 ir sud\u0117ting\u0173 pristatymo proceso reikalavim\u0173.<\/p>\n<p>Ji greitai ir automati\u0161kai paskirsto programas tarp atlik\u0117j\u0173, atsi\u017evelgdama \u012f kiekvienos siuntos reikalavimus. Programin\u0117 \u012franga savaranki\u0161kai atlieka perve\u017eim\u0173 planavim\u0105, supaprastindama personalo darb\u0105. Dabar j\u016bs\u0173 logistikos specialistai yra universal\u016bs: jie gali dirbti anks\u010diau nepa\u017e\u012fstamose vietose, taigi ir su keliais paskirstymo centrais. D\u0117l mobiliosios programos su navigacijos funkcija vairuotojai gali b\u016bti kei\u010diami, nes jiems neb\u016btina puikiai i\u0161manyti pristatymo teritorijos.<\/p>\n<p>Taigi <a href=\"https:\/\/logdio.com\/lt\/\">pasirinkite mus <\/a>transporto priemoni\u0173 steb\u0117jimui ir mar\u0161rut\u0173 valdymui. Nor\u0117tume suteikti jums kokybi\u0161kas paslaugas.<\/p>\n\t\t\t\t\t\t\t\t<\/div>\n\t\t\t\t<\/div>\n\t\t\t\t\t<\/div>\n\t\t<\/div>\n\t\t\t\t\t<\/div>\n\t\t<\/section>\n\t\t\t\t<\/div>\n\t\t","protected":false},"excerpt":{"rendered":"<p>Transporto ir logistikos \u012fmon\u0117s ar \u012fmon\u0117s transporto priemoni\u0173 parko efektyvumas tiesiogiai priklauso nuo transporto ir logistikos problem\u0173 sprendimo kokyb\u0117s ir grei\u010dio. B\u016btina sutelkti d\u0117mes\u012f \u012f mar\u0161rut\u0173 valdym\u0105, greitai parengti lydimuosius dokumentus, steb\u0117ti transporto u\u017eduo\u010di\u0173 vykdym\u0105 ir analizuoti transporto skyriaus darbo kokyb\u0119. \u0160ioms u\u017eduotims spr\u0119sti rankiniu b\u016bdu reikia \u012fsp\u016bdingo logistikos specialist\u0173 ir dispe\u010deri\u0173 personalo. Kartu neatmetama [&hellip;]<\/p>\n","protected":false},"author":1,"featured_media":0,"parent":0,"menu_order":0,"comment_status":"closed","ping_status":"closed","template":"elementor_header_footer","meta":{"footnotes":""},"class_list":["post-1496","page","type-page","status-publish","hentry"],"yoast_head":"<!-- This site is optimized with the Yoast SEO plugin v26.8 - https:\/\/yoast.com\/product\/yoast-seo-wordpress\/ -->\n<title>Mar\u0161ruto planavimo programin\u0117 \u012franga - Logdio - delivery management tool<\/title>\n<meta name=\"description\" content=\"Nebereikia kurti mar\u0161ruto naudojant skai\u010diuokles, lenteles ir \u201eGoogle\u201c \u017eem\u0117lapius. Lengvai sukurkite ir optimizuokite visus dienos mar\u0161rutus.\" \/>\n<meta name=\"robots\" content=\"index, follow, max-snippet:-1, max-image-preview:large, max-video-preview:-1\" \/>\n<link rel=\"canonical\" href=\"https:\/\/logdio.com\/lt\/marsruto-planavimo-programine-iranga\/\" \/>\n<meta property=\"og:locale\" content=\"lt_LT\" \/>\n<meta property=\"og:type\" content=\"article\" \/>\n<meta property=\"og:title\" content=\"Mar\u0161ruto planavimo programin\u0117 \u012franga - Logdio - delivery management tool\" \/>\n<meta property=\"og:description\" content=\"Nebereikia kurti mar\u0161ruto naudojant skai\u010diuokles, lenteles ir \u201eGoogle\u201c \u017eem\u0117lapius. Lengvai sukurkite ir optimizuokite visus dienos mar\u0161rutus.\" \/>\n<meta property=\"og:url\" content=\"https:\/\/logdio.com\/lt\/marsruto-planavimo-programine-iranga\/\" \/>\n<meta property=\"og:site_name\" content=\"Logdio - delivery management tool\" \/>\n<meta property=\"article:publisher\" content=\"https:\/\/www.facebook.com\/logtime.eu\/\" \/>\n<meta property=\"article:modified_time\" content=\"2021-10-04T10:56:08+00:00\" \/>\n<meta name=\"twitter:card\" content=\"summary_large_image\" \/>\n<meta name=\"twitter:label1\" content=\"Est. reading time\" \/>\n\t<meta name=\"twitter:data1\" content=\"3 minut\u0117s\" \/>\n<script type=\"application\/ld+json\" class=\"yoast-schema-graph\">{\"@context\":\"https:\/\/schema.org\",\"@graph\":[{\"@type\":\"WebPage\",\"@id\":\"https:\/\/logdio.com\/lt\/marsruto-planavimo-programine-iranga\/\",\"url\":\"https:\/\/logdio.com\/lt\/marsruto-planavimo-programine-iranga\/\",\"name\":\"Mar\u0161ruto planavimo programin\u0117 \u012franga - Logdio - delivery management tool\",\"isPartOf\":{\"@id\":\"https:\/\/logdio.com\/lt\/#website\"},\"datePublished\":\"2021-08-16T09:56:58+00:00\",\"dateModified\":\"2021-10-04T10:56:08+00:00\",\"description\":\"Nebereikia kurti mar\u0161ruto naudojant skai\u010diuokles, lenteles ir \u201eGoogle\u201c \u017eem\u0117lapius. Lengvai sukurkite ir optimizuokite visus dienos mar\u0161rutus.\",\"breadcrumb\":{\"@id\":\"https:\/\/logdio.com\/lt\/marsruto-planavimo-programine-iranga\/#breadcrumb\"},\"inLanguage\":\"lt-LT\",\"potentialAction\":[{\"@type\":\"ReadAction\",\"target\":[\"https:\/\/logdio.com\/lt\/marsruto-planavimo-programine-iranga\/\"]}]},{\"@type\":\"BreadcrumbList\",\"@id\":\"https:\/\/logdio.com\/lt\/marsruto-planavimo-programine-iranga\/#breadcrumb\",\"itemListElement\":[{\"@type\":\"ListItem\",\"position\":1,\"name\":\"Home\",\"item\":\"https:\/\/logdio.com\/lt\/\"},{\"@type\":\"ListItem\",\"position\":2,\"name\":\"Mar\u0161ruto planavimo programin\u0117 \u012franga\"}]},{\"@type\":\"WebSite\",\"@id\":\"https:\/\/logdio.com\/lt\/#website\",\"url\":\"https:\/\/logdio.com\/lt\/\",\"name\":\"Logdio - delivery management tool\",\"description\":\"Next level delivery management software\",\"publisher\":{\"@id\":\"https:\/\/logdio.com\/lt\/#organization\"},\"potentialAction\":[{\"@type\":\"SearchAction\",\"target\":{\"@type\":\"EntryPoint\",\"urlTemplate\":\"https:\/\/logdio.com\/lt\/?s={search_term_string}\"},\"query-input\":{\"@type\":\"PropertyValueSpecification\",\"valueRequired\":true,\"valueName\":\"search_term_string\"}}],\"inLanguage\":\"lt-LT\"},{\"@type\":\"Organization\",\"@id\":\"https:\/\/logdio.com\/lt\/#organization\",\"name\":\"Logdio\",\"url\":\"https:\/\/logdio.com\/lt\/\",\"logo\":{\"@type\":\"ImageObject\",\"inLanguage\":\"lt-LT\",\"@id\":\"https:\/\/logdio.com\/lt\/#\/schema\/logo\/image\/\",\"url\":\"https:\/\/logdio.com\/wp-content\/uploads\/2021\/05\/Logdio.svg\",\"contentUrl\":\"https:\/\/logdio.com\/wp-content\/uploads\/2021\/05\/Logdio.svg\",\"width\":4.44919,\"height\":1.1285,\"caption\":\"Logdio\"},\"image\":{\"@id\":\"https:\/\/logdio.com\/lt\/#\/schema\/logo\/image\/\"},\"sameAs\":[\"https:\/\/www.facebook.com\/logtime.eu\/\",\"https:\/\/www.linkedin.com\/company\/logtime\"]}]}<\/script>\n<!-- \/ Yoast SEO plugin. -->","yoast_head_json":{"title":"Mar\u0161ruto planavimo programin\u0117 \u012franga - Logdio - delivery management tool","description":"Nebereikia kurti mar\u0161ruto naudojant skai\u010diuokles, lenteles ir \u201eGoogle\u201c \u017eem\u0117lapius. Lengvai sukurkite ir optimizuokite visus dienos mar\u0161rutus.","robots":{"index":"index","follow":"follow","max-snippet":"max-snippet:-1","max-image-preview":"max-image-preview:large","max-video-preview":"max-video-preview:-1"},"canonical":"https:\/\/logdio.com\/lt\/marsruto-planavimo-programine-iranga\/","og_locale":"lt_LT","og_type":"article","og_title":"Mar\u0161ruto planavimo programin\u0117 \u012franga - Logdio - delivery management tool","og_description":"Nebereikia kurti mar\u0161ruto naudojant skai\u010diuokles, lenteles ir \u201eGoogle\u201c \u017eem\u0117lapius. Lengvai sukurkite ir optimizuokite visus dienos mar\u0161rutus.","og_url":"https:\/\/logdio.com\/lt\/marsruto-planavimo-programine-iranga\/","og_site_name":"Logdio - delivery management tool","article_publisher":"https:\/\/www.facebook.com\/logtime.eu\/","article_modified_time":"2021-10-04T10:56:08+00:00","twitter_card":"summary_large_image","twitter_misc":{"Est. reading time":"3 minut\u0117s"},"schema":{"@context":"https:\/\/schema.org","@graph":[{"@type":"WebPage","@id":"https:\/\/logdio.com\/lt\/marsruto-planavimo-programine-iranga\/","url":"https:\/\/logdio.com\/lt\/marsruto-planavimo-programine-iranga\/","name":"Mar\u0161ruto planavimo programin\u0117 \u012franga - Logdio - delivery management tool","isPartOf":{"@id":"https:\/\/logdio.com\/lt\/#website"},"datePublished":"2021-08-16T09:56:58+00:00","dateModified":"2021-10-04T10:56:08+00:00","description":"Nebereikia kurti mar\u0161ruto naudojant skai\u010diuokles, lenteles ir \u201eGoogle\u201c \u017eem\u0117lapius. Lengvai sukurkite ir optimizuokite visus dienos mar\u0161rutus.","breadcrumb":{"@id":"https:\/\/logdio.com\/lt\/marsruto-planavimo-programine-iranga\/#breadcrumb"},"inLanguage":"lt-LT","potentialAction":[{"@type":"ReadAction","target":["https:\/\/logdio.com\/lt\/marsruto-planavimo-programine-iranga\/"]}]},{"@type":"BreadcrumbList","@id":"https:\/\/logdio.com\/lt\/marsruto-planavimo-programine-iranga\/#breadcrumb","itemListElement":[{"@type":"ListItem","position":1,"name":"Home","item":"https:\/\/logdio.com\/lt\/"},{"@type":"ListItem","position":2,"name":"Mar\u0161ruto planavimo programin\u0117 \u012franga"}]},{"@type":"WebSite","@id":"https:\/\/logdio.com\/lt\/#website","url":"https:\/\/logdio.com\/lt\/","name":"Logdio - delivery management tool","description":"Next level delivery management software","publisher":{"@id":"https:\/\/logdio.com\/lt\/#organization"},"potentialAction":[{"@type":"SearchAction","target":{"@type":"EntryPoint","urlTemplate":"https:\/\/logdio.com\/lt\/?s={search_term_string}"},"query-input":{"@type":"PropertyValueSpecification","valueRequired":true,"valueName":"search_term_string"}}],"inLanguage":"lt-LT"},{"@type":"Organization","@id":"https:\/\/logdio.com\/lt\/#organization","name":"Logdio","url":"https:\/\/logdio.com\/lt\/","logo":{"@type":"ImageObject","inLanguage":"lt-LT","@id":"https:\/\/logdio.com\/lt\/#\/schema\/logo\/image\/","url":"https:\/\/logdio.com\/wp-content\/uploads\/2021\/05\/Logdio.svg","contentUrl":"https:\/\/logdio.com\/wp-content\/uploads\/2021\/05\/Logdio.svg","width":4.44919,"height":1.1285,"caption":"Logdio"},"image":{"@id":"https:\/\/logdio.com\/lt\/#\/schema\/logo\/image\/"},"sameAs":["https:\/\/www.facebook.com\/logtime.eu\/","https:\/\/www.linkedin.com\/company\/logtime"]}]}},"_links":{"self":[{"href":"https:\/\/logdio.com\/lt\/wp-json\/wp\/v2\/pages\/1496","targetHints":{"allow":["GET"]}}],"collection":[{"href":"https:\/\/logdio.com\/lt\/wp-json\/wp\/v2\/pages"}],"about":[{"href":"https:\/\/logdio.com\/lt\/wp-json\/wp\/v2\/types\/page"}],"author":[{"embeddable":true,"href":"https:\/\/logdio.com\/lt\/wp-json\/wp\/v2\/users\/1"}],"replies":[{"embeddable":true,"href":"https:\/\/logdio.com\/lt\/wp-json\/wp\/v2\/comments?post=1496"}],"version-history":[{"count":10,"href":"https:\/\/logdio.com\/lt\/wp-json\/wp\/v2\/pages\/1496\/revisions"}],"predecessor-version":[{"id":14017,"href":"https:\/\/logdio.com\/lt\/wp-json\/wp\/v2\/pages\/1496\/revisions\/14017"}],"wp:attachment":[{"href":"https:\/\/logdio.com\/lt\/wp-json\/wp\/v2\/media?parent=1496"}],"curies":[{"name":"wp","href":"https:\/\/api.w.org\/{rel}","templated":true}]}}