{"id":1482,"date":"2021-05-03T09:53:33","date_gmt":"2021-05-03T06:53:33","guid":{"rendered":"https:\/\/logdio.com\/privatumo-politika\/"},"modified":"2023-08-21T00:35:20","modified_gmt":"2023-08-20T21:35:20","slug":"privacy-policy","status":"publish","type":"page","link":"https:\/\/logdio.com\/lt\/privacy-policy\/","title":{"rendered":"Privatumo politika"},"content":{"rendered":"\t\t<div data-elementor-type=\"wp-page\" data-elementor-id=\"1482\" class=\"elementor elementor-1482 elementor-3\" data-elementor-post-type=\"page\">\n\t\t\t\t\t\t<section class=\"has_ma_el_bg_slider elementor-section elementor-top-section elementor-element elementor-element-23def496 elementor-section-boxed elementor-section-height-default elementor-section-height-default jltma-glass-effect-no\" data-id=\"23def496\" data-element_type=\"section\" data-e-type=\"section\" data-settings=\"{&quot;jet_parallax_layout_list&quot;:[{&quot;jet_parallax_layout_image&quot;:{&quot;url&quot;:&quot;&quot;,&quot;id&quot;:&quot;&quot;,&quot;size&quot;:&quot;&quot;},&quot;_id&quot;:&quot;4322483&quot;,&quot;jet_parallax_layout_image_tablet&quot;:{&quot;url&quot;:&quot;&quot;,&quot;id&quot;:&quot;&quot;,&quot;size&quot;:&quot;&quot;},&quot;jet_parallax_layout_image_mobile&quot;:{&quot;url&quot;:&quot;&quot;,&quot;id&quot;:&quot;&quot;,&quot;size&quot;:&quot;&quot;},&quot;jet_parallax_layout_speed&quot;:{&quot;unit&quot;:&quot;%&quot;,&quot;size&quot;:50,&quot;sizes&quot;:[]},&quot;jet_parallax_layout_type&quot;:&quot;scroll&quot;,&quot;jet_parallax_layout_direction&quot;:null,&quot;jet_parallax_layout_fx_direction&quot;:null,&quot;jet_parallax_layout_z_index&quot;:&quot;&quot;,&quot;jet_parallax_layout_bg_x&quot;:50,&quot;jet_parallax_layout_bg_x_tablet&quot;:&quot;&quot;,&quot;jet_parallax_layout_bg_x_mobile&quot;:&quot;&quot;,&quot;jet_parallax_layout_bg_y&quot;:50,&quot;jet_parallax_layout_bg_y_tablet&quot;:&quot;&quot;,&quot;jet_parallax_layout_bg_y_mobile&quot;:&quot;&quot;,&quot;jet_parallax_layout_bg_size&quot;:&quot;auto&quot;,&quot;jet_parallax_layout_bg_size_tablet&quot;:&quot;&quot;,&quot;jet_parallax_layout_bg_size_mobile&quot;:&quot;&quot;,&quot;jet_parallax_layout_animation_prop&quot;:&quot;transform&quot;,&quot;jet_parallax_layout_on&quot;:[&quot;desktop&quot;,&quot;tablet&quot;]}]}\">\n\t\t\t\t\t\t<div class=\"elementor-container elementor-column-gap-default\">\n\t\t\t\t\t<div class=\"has_ma_el_bg_slider elementor-column elementor-col-100 elementor-top-column elementor-element elementor-element-562b08a1 jltma-glass-effect-no\" data-id=\"562b08a1\" data-element_type=\"column\" data-e-type=\"column\">\n\t\t\t<div class=\"elementor-widget-wrap elementor-element-populated\">\n\t\t\t\t\t\t<div class=\"elementor-element elementor-element-fdbc374 jltma-glass-effect-no elementor-widget elementor-widget-heading\" data-id=\"fdbc374\" data-element_type=\"widget\" data-e-type=\"widget\" data-widget_type=\"heading.default\">\n\t\t\t\t<div class=\"elementor-widget-container\">\n\t\t\t\t\t<h2 class=\"elementor-heading-title elementor-size-default\">Privatumo politika<\/h2>\t\t\t\t<\/div>\n\t\t\t\t<\/div>\n\t\t\t\t<div class=\"elementor-element elementor-element-71fb796b jltma-glass-effect-no elementor-widget elementor-widget-text-editor\" data-id=\"71fb796b\" data-element_type=\"widget\" data-e-type=\"widget\" data-widget_type=\"text-editor.default\">\n\t\t\t\t<div class=\"elementor-widget-container\">\n\t\t\t\t\t\t\t\t\t\n<p>\u201eLogdio\u201c &#8211; pristatymo valdymo programin\u0117 \u012franga, prieinama i\u0161 \u201eLogdio.com\u201c, vienas i\u0161 pagrindini\u0173 m\u016bs\u0173 prioritet\u0173 yra lankytoj\u0173 privatumas. \u0160iame privatumo politikos dokumente yra informacijos, kuri\u0105 renka ir \u012fra\u0161o \u201eLogdio &#8211; Delivery\u201c valdymo programin\u0117 \u012franga, r\u016b\u0161ys ir kaip mes j\u0105 naudojame.<\/p>\n<p>Jei turite papildom\u0173 klausim\u0173 ar norite gauti daugiau informacijos apie m\u016bs\u0173 privatumo politik\u0105, nedvejodami susisiekite su mumis.<\/p>\n<p>\u0160i privatumo politika taikoma tik m\u016bs\u0173 internetinei veiklai ir galioja m\u016bs\u0173 svetain\u0117s lankytojams d\u0117l informacijos, kuri\u0105 jie bendrino ir (arba) rinko \u201eLogdio &#8211; Delivery\u201c valdymo programin\u0117je \u012frangoje. \u0160i politika netaikoma jokiai informacijai, surinktai neprisijungus arba kitais kanalais nei \u0161i svetain\u0117. <\/p>\n<h2>Sutikimas<\/h2>\n<p>Naudodamiesi m\u016bs\u0173 svetaine j\u016bs sutinkate su m\u016bs\u0173 privatumo politika ir sutinkate su jos s\u0105lygomis.<\/p>\n<h2>Informacija, kuri\u0105 renkame<\/h2>\n<p>Asmenin\u0117 informacija, kurios j\u016bs\u0173 pra\u0161oma pateikti, ir prie\u017eastys, kod\u0117l j\u016bs\u0173 pra\u0161oma j\u0105 pateikti, jums bus ai\u0161kiai pasakyta, kai mes pra\u0161ome pateikti j\u016bs\u0173 asmenin\u0119 informacij\u0105.<\/p>\n<p>Jei tiesiogiai susisieksite su mumis, galime gauti papildomos informacijos apie jus, pavyzd\u017eiui, j\u016bs\u0173 vard\u0105, el. Pa\u0161to adres\u0105, telefono numer\u012f, prane\u0161imo turin\u012f ir (arba) priedus, kuriuos galite atsi\u0173sti, ir bet koki\u0105 kit\u0105 informacij\u0105, kuri\u0105 galite pasirinkti.<\/p>\n<p>Kai registruojat\u0117s gauti paskyr\u0105, galime papra\u0161yti j\u016bs\u0173 kontaktin\u0117s informacijos, \u012fskaitant tokius duomenis kaip vardas, \u012fmon\u0117s pavadinimas, adresas, el. Pa\u0161to adresas ir telefono numeris.<\/p>\n<h2>Kaip mes naudojame j\u016bs\u0173 informacij\u0105<\/h2>\n<p>Surinkt\u0105 informacij\u0105 naudojame \u012fvairiais b\u016bdais, \u012fskaitant:<\/p>\n<ul>\n<li>Teikite, valdykite ir pri\u017ei\u016br\u0117kite m\u016bs\u0173 svetain\u0119<\/li>\n<li>Patobulinkite, suasmeninkite ir i\u0161pl\u0117skite m\u016bs\u0173 svetain\u0119<\/li>\n<li>Supraskite ir analizuokite, kaip naudojat\u0117s m\u016bs\u0173 svetaine<\/li>\n<li>Kurkite naujus produktus, paslaugas, funkcijas ir funkcionalum\u0105<\/li>\n<li>Bendraukite su jumis tiesiogiai arba per vien\u0105 i\u0161 m\u016bs\u0173 partneri\u0173, \u012fskaitant klient\u0173 aptarnavim\u0105, kad gal\u0117tume suteikti jums atnaujinim\u0173 ir kitos informacijos, susijusios su svetaine, ir rinkodaros bei reklamos tikslais<\/li>\n<li>Si\u0173sti jums el<\/li>\n<li>Raskite suk\u010diavim\u0105 ir u\u017ekirskite jam keli\u0105<\/li>\n<\/ul>\n<h2>\u017durnalo failai<\/h2>\n<p>\u201eLogdio\u201c &#8211; pristatymo valdymo programin\u0117 \u012franga laikosi standartin\u0117s \u017eurnalo fail\u0173 naudojimo proced\u016bros. \u0160ie failai registruoja lankytojus, kai jie lankosi svetain\u0117se. Tai daro visos prieglobos \u012fmon\u0117s ir dalis prieglobos paslaug\u0173 analiz\u0117s. \u012e \u017eurnalo failus surinkta informacija apima interneto protokolo (IP) adresus, nar\u0161ykl\u0117s tip\u0105, interneto paslaug\u0173 teik\u0117j\u0105 (IPT), dat\u0105 ir laiko \u017eym\u0119, nukreipimo\/i\u0161\u0117jimo puslapius ir galb\u016bt paspaudim\u0173 skai\u010di\u0173. Jie n\u0117ra susieti su jokia informacija, kuri\u0105 galima identifikuoti. Informacijos tikslas yra analizuoti tendencijas, administruoti svetain\u0119, steb\u0117ti vartotoj\u0173 jud\u0117jim\u0105 svetain\u0117je ir rinkti demografin\u0119 informacij\u0105.<\/p>\n<h2>Slapukai ir \u017einiatinklio \u0161vyturiai<\/h2>\n<p>Kaip ir bet kuri kita svetain\u0117, \u201eLogdio &#8211; Delivery\u201c valdymo programin\u0117 \u012franga naudoja \u201eslapukus\u201c. \u0160ie slapukai naudojami informacijai, \u012fskaitant lankytoj\u0173 pageidavimus, ir svetain\u0117s puslapiams, kuriuos lankytojas pasiek\u0117 ar aplank\u0117, saugoti. Informacija naudojama siekiant optimizuoti naudotoj\u0173 patirt\u012f, pritaikant m\u016bs\u0173 tinklalapio turin\u012f pagal lankytoj\u0173 nar\u0161ykl\u0117s tip\u0105 ir (arba) kit\u0105 informacij\u0105.<\/p>\n<h2>Reklamavimo partneri\u0173 privatumo politika<\/h2>\n<p>\u0160iame s\u0105ra\u0161e galite rasti kiekvieno \u201eLogdio &#8211; Delivery\u201c valdymo programin\u0117s \u012frangos reklamos partnerio privatumo politik\u0105.<\/p>\n<p>Tre\u010di\u0173j\u0173 \u0161ali\u0173 skelbim\u0173 serveriai ar skelbim\u0173 tinklai naudoja tokias technologijas kaip slapukai, \u201eJavaScript\u201c ar \u017einiatinklio \u0161vyturiai, kurie naudojami atitinkamuose skelbimuose ir nuorodose, kurios rodomos \u201eLogdio &#8211; Delivery\u201c valdymo programin\u0117je \u012frangoje ir siun\u010diamos tiesiai \u012f vartotoj\u0173 nar\u0161ykl\u0119. Tokiu atveju jie automati\u0161kai gauna j\u016bs\u0173 IP adres\u0105. \u0160ios technologijos naudojamos j\u0173 reklamos kampanij\u0173 efektyvumui \u012fvertinti ir (arba) lankomose svetain\u0117se matomam reklamos turiniui suasmeninti.<\/p>\n<p>Atminkite, kad \u201eLogdio\u201c &#8211; pristatymo valdymo programin\u0117 \u012franga neturi prieigos prie \u0161i\u0173 slapuk\u0173, kuriuos naudoja tre\u010di\u0173j\u0173 \u0161ali\u0173 reklamuotojai, ir j\u0173 nekontroliuoja.<\/p>\n<h2>Tre\u010di\u0173j\u0173 \u0161ali\u0173 privatumo politika<\/h2>\n<p>\u201eLogdio\u201c &#8211; pristatymo valdymo programin\u0117s \u012frangos privatumo politika netaikoma kitiems reklamuotojams ar svetain\u0117ms. Taigi, nor\u0117dami gauti i\u0161samesn\u0117s informacijos, patariame perskaityti atitinkam\u0105 \u0161i\u0173 tre\u010di\u0173j\u0173 \u0161ali\u0173 skelbim\u0173 serveri\u0173 privatumo politik\u0105. Tai gali apimti j\u0173 praktik\u0105 ir nurodymus, kaip atsisakyti tam tikr\u0173 parink\u010di\u0173.<\/p>\n<p>Slapukus galite i\u0161jungti naudodami individualias nar\u0161ykl\u0117s parinktis. Nor\u0117dami su\u017einoti i\u0161samesn\u0117s informacijos apie slapuk\u0173 valdym\u0105 naudojant konkre\u010dias interneto nar\u0161ykles, j\u0105 galite rasti atitinkamose nar\u0161ykli\u0173 svetain\u0117se.<\/p>\n<h2>CCPA privatumo teis\u0117s (neparduokite mano asmenin\u0117s informacijos)<\/h2>\n<p>Pagal CCPA, be kit\u0173 teisi\u0173, Kalifornijos vartotojai turi teis\u0119:<\/p>\n<p>Pra\u0161yti, kad \u012fmon\u0117, kuri renka vartotojo asmens duomenis, atskleist\u0173 kategorijas ir konkre\u010dius asmens duomen\u0173, kuriuos \u012fmon\u0117 surinko apie vartotojus, kategorijas.<\/p>\n<p>Pra\u0161yti, kad \u012fmon\u0117 i\u0161trint\u0173 visus asmens surinktus duomenis apie vartotoj\u0105.<\/p>\n<p>Pra\u0161yti \u012fmon\u0117s, kuri parduoda vartotojo asmens duomenis, o ne parduoti vartotojo asmens duomenis.<\/p>\n<p>Jei pateiksite u\u017eklaus\u0105, turime vien\u0105 m\u0117nes\u012f jums atsakyti. Jei norite pasinaudoti \u0161ia teise, susisiekite su mumis.<\/p>\n<h2>BDAR duomen\u0173 apsaugos teis\u0117s<\/h2>\n<p>Norime \u012fsitikinti, kad esate visi\u0161kai susipa\u017ein\u0119 su visomis savo duomen\u0173 apsaugos teis\u0117mis. Kiekvienas vartotojas turi teis\u0119 \u012f \u0161iuos dalykus:<\/p>\n<p>Teis\u0117 susipa\u017einti &#8211; J\u016bs turite teis\u0119 pra\u0161yti savo asmens duomen\u0173 kopij\u0173. U\u017e \u0161i\u0105 paslaug\u0105 galime imti nedidel\u012f mokest\u012f.<\/p>\n<p>Teis\u0117 \u012f i\u0161taisym\u0105 &#8211; J\u016bs turite teis\u0119 reikalauti, kad mes i\u0161taisytume bet koki\u0105, j\u016bs\u0173 manymu, netiksli\u0105 informacij\u0105. J\u016bs taip pat turite teis\u0119 pra\u0161yti, kad mes u\u017epildytume informacij\u0105, kuri, j\u016bs\u0173 manymu, yra nei\u0161sami.<\/p>\n<p>Teis\u0117 i\u0161trinti &#8211; tam tikromis s\u0105lygomis turite teis\u0119 reikalauti, kad mes i\u0161trintume j\u016bs\u0173 asmens duomenis.<\/p>\n<p>Teis\u0117 apriboti tvarkym\u0105 &#8211; J\u016bs turite teis\u0119 reikalauti, kad tam tikromis s\u0105lygomis mes apribotume j\u016bs\u0173 asmens duomen\u0173 tvarkym\u0105.<\/p>\n<p>Teis\u0117 prie\u0161tarauti tvarkymui &#8211; J\u016bs turite teis\u0119 tam tikromis s\u0105lygomis prie\u0161tarauti, kad mes tvarkytume j\u016bs\u0173 asmens duomenis.<\/p>\n<p>Teis\u0117 \u012f duomen\u0173 perkeliamum\u0105 &#8211; J\u016bs turite teis\u0119 reikalauti, kad tam tikromis s\u0105lygomis perduotume surinktus duomenis kitai organizacijai arba tiesiogiai jums.<\/p>\n<p>Jei pateiksite u\u017eklaus\u0105, turime vien\u0105 m\u0117nes\u012f jums atsakyti. Jei norite pasinaudoti \u0161ia teise, susisiekite su mumis.<\/p>\n<h2>Informacija vaikams<\/h2>\n<p>Kita m\u016bs\u0173 prioriteto dalis &#8211; vaik\u0173 apsaugos naudojimas internetu. Mes skatiname t\u0117vus ir glob\u0117jus steb\u0117ti, dalyvauti ir (arba) steb\u0117ti ir vadovauti savo internetinei veiklai.<\/p>\n<p>\u201eLogdio\u201c &#8211; pristatymo valdymo programin\u0117 \u012franga s\u0105moningai nerenka jokios asmenin\u0117s identifikavimo informacijos i\u0161 vaik\u0173 iki 13 met\u0173. Jei manote, kad j\u016bs\u0173 vaikas pateik\u0117 toki\u0105 informacij\u0105 m\u016bs\u0173 svetain\u0117je, primygtinai raginame nedelsiant susisiekti su mumis ir mes padarysime visk\u0105, kad tokia informacija b\u016bt\u0173 nedelsiant pa\u0161alinta i\u0161 m\u016bs\u0173 \u012fra\u0161\u0173.<\/p>\n\t\t\t\t\t\t\t\t<\/div>\n\t\t\t\t<\/div>\n\t\t\t\t\t<\/div>\n\t\t<\/div>\n\t\t\t\t\t<\/div>\n\t\t<\/section>\n\t\t\t\t<\/div>\n\t\t","protected":false},"excerpt":{"rendered":"<p>\u201eLogdio\u201c &#8211; pristatymo valdymo programin\u0117 \u012franga, prieinama i\u0161 \u201eLogdio.com\u201c, vienas i\u0161 pagrindini\u0173 m\u016bs\u0173 prioritet\u0173 yra lankytoj\u0173 privatumas. \u0160iame privatumo politikos dokumente yra informacijos, kuri\u0105 renka ir \u012fra\u0161o \u201eLogdio &#8211; Delivery\u201c valdymo programin\u0117 \u012franga, r\u016b\u0161ys ir kaip mes j\u0105 naudojame. Jei turite papildom\u0173 klausim\u0173 ar norite gauti daugiau informacijos apie m\u016bs\u0173 privatumo politik\u0105, nedvejodami susisiekite su [&hellip;]<\/p>\n","protected":false},"author":1,"featured_media":0,"parent":0,"menu_order":0,"comment_status":"closed","ping_status":"closed","template":"elementor_header_footer","meta":{"footnotes":""},"class_list":["post-1482","page","type-page","status-publish","hentry"],"yoast_head":"<!-- This site is optimized with the Yoast SEO plugin v26.8 - https:\/\/yoast.com\/product\/yoast-seo-wordpress\/ -->\n<title>Privatumo politika - Logdio - delivery management tool<\/title>\n<meta name=\"description\" content=\"\u201eLogdio.com\u201c yra kito lygio pristatymo valdymo programin\u0117 \u012franga, si\u016blanti teisingas kainas, kad j\u016bs\u0173 verslas augt\u0173! Patikrinkite m\u016bs\u0173 privatumo politik\u0105\" \/>\n<meta name=\"robots\" content=\"index, follow, max-snippet:-1, max-image-preview:large, max-video-preview:-1\" \/>\n<link rel=\"canonical\" href=\"https:\/\/logdio.com\/lt\/privacy-policy\/\" \/>\n<meta property=\"og:locale\" content=\"lt_LT\" \/>\n<meta property=\"og:type\" content=\"article\" \/>\n<meta property=\"og:title\" content=\"Privatumo politika - Logdio - delivery management tool\" \/>\n<meta property=\"og:description\" content=\"\u201eLogdio.com\u201c yra kito lygio pristatymo valdymo programin\u0117 \u012franga, si\u016blanti teisingas kainas, kad j\u016bs\u0173 verslas augt\u0173! Patikrinkite m\u016bs\u0173 privatumo politik\u0105\" \/>\n<meta property=\"og:url\" content=\"https:\/\/logdio.com\/lt\/privacy-policy\/\" \/>\n<meta property=\"og:site_name\" content=\"Logdio - delivery management tool\" \/>\n<meta property=\"article:publisher\" content=\"https:\/\/www.facebook.com\/logtime.eu\/\" \/>\n<meta property=\"article:modified_time\" content=\"2023-08-20T21:35:20+00:00\" \/>\n<meta name=\"twitter:card\" content=\"summary_large_image\" \/>\n<meta name=\"twitter:label1\" content=\"Est. reading time\" \/>\n\t<meta name=\"twitter:data1\" content=\"5 minut\u0117s\" \/>\n<script type=\"application\/ld+json\" class=\"yoast-schema-graph\">{\"@context\":\"https:\/\/schema.org\",\"@graph\":[{\"@type\":\"WebPage\",\"@id\":\"https:\/\/logdio.com\/lt\/privacy-policy\/\",\"url\":\"https:\/\/logdio.com\/lt\/privacy-policy\/\",\"name\":\"Privatumo politika - Logdio - delivery management tool\",\"isPartOf\":{\"@id\":\"https:\/\/logdio.com\/lt\/#website\"},\"datePublished\":\"2021-05-03T06:53:33+00:00\",\"dateModified\":\"2023-08-20T21:35:20+00:00\",\"description\":\"\u201eLogdio.com\u201c yra kito lygio pristatymo valdymo programin\u0117 \u012franga, si\u016blanti teisingas kainas, kad j\u016bs\u0173 verslas augt\u0173! Patikrinkite m\u016bs\u0173 privatumo politik\u0105\",\"breadcrumb\":{\"@id\":\"https:\/\/logdio.com\/lt\/privacy-policy\/#breadcrumb\"},\"inLanguage\":\"lt-LT\",\"potentialAction\":[{\"@type\":\"ReadAction\",\"target\":[\"https:\/\/logdio.com\/lt\/privacy-policy\/\"]}]},{\"@type\":\"BreadcrumbList\",\"@id\":\"https:\/\/logdio.com\/lt\/privacy-policy\/#breadcrumb\",\"itemListElement\":[{\"@type\":\"ListItem\",\"position\":1,\"name\":\"Home\",\"item\":\"https:\/\/logdio.com\/lt\/\"},{\"@type\":\"ListItem\",\"position\":2,\"name\":\"Privatumo politika\"}]},{\"@type\":\"WebSite\",\"@id\":\"https:\/\/logdio.com\/lt\/#website\",\"url\":\"https:\/\/logdio.com\/lt\/\",\"name\":\"Logdio - delivery management tool\",\"description\":\"Next level delivery management software\",\"publisher\":{\"@id\":\"https:\/\/logdio.com\/lt\/#organization\"},\"potentialAction\":[{\"@type\":\"SearchAction\",\"target\":{\"@type\":\"EntryPoint\",\"urlTemplate\":\"https:\/\/logdio.com\/lt\/?s={search_term_string}\"},\"query-input\":{\"@type\":\"PropertyValueSpecification\",\"valueRequired\":true,\"valueName\":\"search_term_string\"}}],\"inLanguage\":\"lt-LT\"},{\"@type\":\"Organization\",\"@id\":\"https:\/\/logdio.com\/lt\/#organization\",\"name\":\"Logdio\",\"url\":\"https:\/\/logdio.com\/lt\/\",\"logo\":{\"@type\":\"ImageObject\",\"inLanguage\":\"lt-LT\",\"@id\":\"https:\/\/logdio.com\/lt\/#\/schema\/logo\/image\/\",\"url\":\"https:\/\/logdio.com\/wp-content\/uploads\/2021\/05\/Logdio.svg\",\"contentUrl\":\"https:\/\/logdio.com\/wp-content\/uploads\/2021\/05\/Logdio.svg\",\"width\":4.44919,\"height\":1.1285,\"caption\":\"Logdio\"},\"image\":{\"@id\":\"https:\/\/logdio.com\/lt\/#\/schema\/logo\/image\/\"},\"sameAs\":[\"https:\/\/www.facebook.com\/logtime.eu\/\",\"https:\/\/www.linkedin.com\/company\/logtime\"]}]}<\/script>\n<!-- \/ Yoast SEO plugin. -->","yoast_head_json":{"title":"Privatumo politika - Logdio - delivery management tool","description":"\u201eLogdio.com\u201c yra kito lygio pristatymo valdymo programin\u0117 \u012franga, si\u016blanti teisingas kainas, kad j\u016bs\u0173 verslas augt\u0173! Patikrinkite m\u016bs\u0173 privatumo politik\u0105","robots":{"index":"index","follow":"follow","max-snippet":"max-snippet:-1","max-image-preview":"max-image-preview:large","max-video-preview":"max-video-preview:-1"},"canonical":"https:\/\/logdio.com\/lt\/privacy-policy\/","og_locale":"lt_LT","og_type":"article","og_title":"Privatumo politika - Logdio - delivery management tool","og_description":"\u201eLogdio.com\u201c yra kito lygio pristatymo valdymo programin\u0117 \u012franga, si\u016blanti teisingas kainas, kad j\u016bs\u0173 verslas augt\u0173! Patikrinkite m\u016bs\u0173 privatumo politik\u0105","og_url":"https:\/\/logdio.com\/lt\/privacy-policy\/","og_site_name":"Logdio - delivery management tool","article_publisher":"https:\/\/www.facebook.com\/logtime.eu\/","article_modified_time":"2023-08-20T21:35:20+00:00","twitter_card":"summary_large_image","twitter_misc":{"Est. reading time":"5 minut\u0117s"},"schema":{"@context":"https:\/\/schema.org","@graph":[{"@type":"WebPage","@id":"https:\/\/logdio.com\/lt\/privacy-policy\/","url":"https:\/\/logdio.com\/lt\/privacy-policy\/","name":"Privatumo politika - Logdio - delivery management tool","isPartOf":{"@id":"https:\/\/logdio.com\/lt\/#website"},"datePublished":"2021-05-03T06:53:33+00:00","dateModified":"2023-08-20T21:35:20+00:00","description":"\u201eLogdio.com\u201c yra kito lygio pristatymo valdymo programin\u0117 \u012franga, si\u016blanti teisingas kainas, kad j\u016bs\u0173 verslas augt\u0173! Patikrinkite m\u016bs\u0173 privatumo politik\u0105","breadcrumb":{"@id":"https:\/\/logdio.com\/lt\/privacy-policy\/#breadcrumb"},"inLanguage":"lt-LT","potentialAction":[{"@type":"ReadAction","target":["https:\/\/logdio.com\/lt\/privacy-policy\/"]}]},{"@type":"BreadcrumbList","@id":"https:\/\/logdio.com\/lt\/privacy-policy\/#breadcrumb","itemListElement":[{"@type":"ListItem","position":1,"name":"Home","item":"https:\/\/logdio.com\/lt\/"},{"@type":"ListItem","position":2,"name":"Privatumo politika"}]},{"@type":"WebSite","@id":"https:\/\/logdio.com\/lt\/#website","url":"https:\/\/logdio.com\/lt\/","name":"Logdio - delivery management tool","description":"Next level delivery management software","publisher":{"@id":"https:\/\/logdio.com\/lt\/#organization"},"potentialAction":[{"@type":"SearchAction","target":{"@type":"EntryPoint","urlTemplate":"https:\/\/logdio.com\/lt\/?s={search_term_string}"},"query-input":{"@type":"PropertyValueSpecification","valueRequired":true,"valueName":"search_term_string"}}],"inLanguage":"lt-LT"},{"@type":"Organization","@id":"https:\/\/logdio.com\/lt\/#organization","name":"Logdio","url":"https:\/\/logdio.com\/lt\/","logo":{"@type":"ImageObject","inLanguage":"lt-LT","@id":"https:\/\/logdio.com\/lt\/#\/schema\/logo\/image\/","url":"https:\/\/logdio.com\/wp-content\/uploads\/2021\/05\/Logdio.svg","contentUrl":"https:\/\/logdio.com\/wp-content\/uploads\/2021\/05\/Logdio.svg","width":4.44919,"height":1.1285,"caption":"Logdio"},"image":{"@id":"https:\/\/logdio.com\/lt\/#\/schema\/logo\/image\/"},"sameAs":["https:\/\/www.facebook.com\/logtime.eu\/","https:\/\/www.linkedin.com\/company\/logtime"]}]}},"_links":{"self":[{"href":"https:\/\/logdio.com\/lt\/wp-json\/wp\/v2\/pages\/1482","targetHints":{"allow":["GET"]}}],"collection":[{"href":"https:\/\/logdio.com\/lt\/wp-json\/wp\/v2\/pages"}],"about":[{"href":"https:\/\/logdio.com\/lt\/wp-json\/wp\/v2\/types\/page"}],"author":[{"embeddable":true,"href":"https:\/\/logdio.com\/lt\/wp-json\/wp\/v2\/users\/1"}],"replies":[{"embeddable":true,"href":"https:\/\/logdio.com\/lt\/wp-json\/wp\/v2\/comments?post=1482"}],"version-history":[{"count":16,"href":"https:\/\/logdio.com\/lt\/wp-json\/wp\/v2\/pages\/1482\/revisions"}],"predecessor-version":[{"id":27352,"href":"https:\/\/logdio.com\/lt\/wp-json\/wp\/v2\/pages\/1482\/revisions\/27352"}],"wp:attachment":[{"href":"https:\/\/logdio.com\/lt\/wp-json\/wp\/v2\/media?parent=1482"}],"curies":[{"name":"wp","href":"https:\/\/api.w.org\/{rel}","templated":true}]}}