{"id":1480,"date":"2021-08-16T12:56:27","date_gmt":"2021-08-16T09:56:27","guid":{"rendered":"https:\/\/logdio.com\/pristatymo-patvirtinimas\/"},"modified":"2021-10-08T11:09:45","modified_gmt":"2021-10-08T08:09:45","slug":"pristatymo-patvirtinimas","status":"publish","type":"page","link":"https:\/\/logdio.com\/lt\/pristatymo-patvirtinimas\/","title":{"rendered":"Pristatymo patvirtinimas"},"content":{"rendered":"\t\t<div data-elementor-type=\"wp-page\" data-elementor-id=\"1480\" class=\"elementor elementor-1480 elementor-1053\" data-elementor-post-type=\"page\">\n\t\t\t\t\t\t<section class=\"has_ma_el_bg_slider elementor-section elementor-top-section elementor-element elementor-element-0fecb16 elementor-section-boxed elementor-section-height-default elementor-section-height-default jltma-glass-effect-no\" data-id=\"0fecb16\" data-element_type=\"section\" data-e-type=\"section\" data-settings=\"{&quot;jet_parallax_layout_list&quot;:[{&quot;jet_parallax_layout_image&quot;:{&quot;url&quot;:&quot;&quot;,&quot;id&quot;:&quot;&quot;,&quot;size&quot;:&quot;&quot;},&quot;_id&quot;:&quot;26d3bd4&quot;,&quot;jet_parallax_layout_image_tablet&quot;:{&quot;url&quot;:&quot;&quot;,&quot;id&quot;:&quot;&quot;,&quot;size&quot;:&quot;&quot;},&quot;jet_parallax_layout_image_mobile&quot;:{&quot;url&quot;:&quot;&quot;,&quot;id&quot;:&quot;&quot;,&quot;size&quot;:&quot;&quot;},&quot;jet_parallax_layout_speed&quot;:{&quot;unit&quot;:&quot;%&quot;,&quot;size&quot;:50,&quot;sizes&quot;:[]},&quot;jet_parallax_layout_type&quot;:&quot;scroll&quot;,&quot;jet_parallax_layout_direction&quot;:null,&quot;jet_parallax_layout_fx_direction&quot;:null,&quot;jet_parallax_layout_z_index&quot;:&quot;&quot;,&quot;jet_parallax_layout_bg_x&quot;:50,&quot;jet_parallax_layout_bg_x_tablet&quot;:&quot;&quot;,&quot;jet_parallax_layout_bg_x_mobile&quot;:&quot;&quot;,&quot;jet_parallax_layout_bg_y&quot;:50,&quot;jet_parallax_layout_bg_y_tablet&quot;:&quot;&quot;,&quot;jet_parallax_layout_bg_y_mobile&quot;:&quot;&quot;,&quot;jet_parallax_layout_bg_size&quot;:&quot;auto&quot;,&quot;jet_parallax_layout_bg_size_tablet&quot;:&quot;&quot;,&quot;jet_parallax_layout_bg_size_mobile&quot;:&quot;&quot;,&quot;jet_parallax_layout_animation_prop&quot;:&quot;transform&quot;,&quot;jet_parallax_layout_on&quot;:[&quot;desktop&quot;,&quot;tablet&quot;]}]}\">\n\t\t\t\t\t\t<div class=\"elementor-container elementor-column-gap-default\">\n\t\t\t\t\t<div class=\"has_ma_el_bg_slider elementor-column elementor-col-100 elementor-top-column elementor-element elementor-element-9bbe2b6 jltma-glass-effect-no\" data-id=\"9bbe2b6\" data-element_type=\"column\" data-e-type=\"column\">\n\t\t\t<div class=\"elementor-widget-wrap elementor-element-populated\">\n\t\t\t\t\t\t<div class=\"elementor-element elementor-element-93204c4 jltma-glass-effect-no elementor-widget elementor-widget-heading\" data-id=\"93204c4\" data-element_type=\"widget\" data-e-type=\"widget\" data-widget_type=\"heading.default\">\n\t\t\t\t<div class=\"elementor-widget-container\">\n\t\t\t\t\t<h1 class=\"elementor-heading-title elementor-size-default\">Pristatymo patvirtinimas<\/h1>\t\t\t\t<\/div>\n\t\t\t\t<\/div>\n\t\t\t\t\t<\/div>\n\t\t<\/div>\n\t\t\t\t\t<\/div>\n\t\t<\/section>\n\t\t\t\t<section class=\"has_ma_el_bg_slider elementor-section elementor-top-section elementor-element elementor-element-ffa49c8 elementor-section-boxed elementor-section-height-default elementor-section-height-default jltma-glass-effect-no\" data-id=\"ffa49c8\" data-element_type=\"section\" data-e-type=\"section\" data-settings=\"{&quot;jet_parallax_layout_list&quot;:[{&quot;jet_parallax_layout_image&quot;:{&quot;url&quot;:&quot;&quot;,&quot;id&quot;:&quot;&quot;,&quot;size&quot;:&quot;&quot;},&quot;_id&quot;:&quot;883b2bc&quot;,&quot;jet_parallax_layout_image_tablet&quot;:{&quot;url&quot;:&quot;&quot;,&quot;id&quot;:&quot;&quot;,&quot;size&quot;:&quot;&quot;},&quot;jet_parallax_layout_image_mobile&quot;:{&quot;url&quot;:&quot;&quot;,&quot;id&quot;:&quot;&quot;,&quot;size&quot;:&quot;&quot;},&quot;jet_parallax_layout_speed&quot;:{&quot;unit&quot;:&quot;%&quot;,&quot;size&quot;:50,&quot;sizes&quot;:[]},&quot;jet_parallax_layout_type&quot;:&quot;scroll&quot;,&quot;jet_parallax_layout_direction&quot;:null,&quot;jet_parallax_layout_fx_direction&quot;:null,&quot;jet_parallax_layout_z_index&quot;:&quot;&quot;,&quot;jet_parallax_layout_bg_x&quot;:50,&quot;jet_parallax_layout_bg_x_tablet&quot;:&quot;&quot;,&quot;jet_parallax_layout_bg_x_mobile&quot;:&quot;&quot;,&quot;jet_parallax_layout_bg_y&quot;:50,&quot;jet_parallax_layout_bg_y_tablet&quot;:&quot;&quot;,&quot;jet_parallax_layout_bg_y_mobile&quot;:&quot;&quot;,&quot;jet_parallax_layout_bg_size&quot;:&quot;auto&quot;,&quot;jet_parallax_layout_bg_size_tablet&quot;:&quot;&quot;,&quot;jet_parallax_layout_bg_size_mobile&quot;:&quot;&quot;,&quot;jet_parallax_layout_animation_prop&quot;:&quot;transform&quot;,&quot;jet_parallax_layout_on&quot;:[&quot;desktop&quot;,&quot;tablet&quot;]}]}\">\n\t\t\t\t\t\t<div class=\"elementor-container elementor-column-gap-default\">\n\t\t\t\t\t<div class=\"has_ma_el_bg_slider elementor-column elementor-col-100 elementor-top-column elementor-element elementor-element-bf6b3b9 jltma-glass-effect-no\" data-id=\"bf6b3b9\" data-element_type=\"column\" data-e-type=\"column\">\n\t\t\t<div class=\"elementor-widget-wrap elementor-element-populated\">\n\t\t\t\t\t\t<div class=\"elementor-element elementor-element-5d3d529 jltma-glass-effect-no elementor-widget elementor-widget-text-editor\" data-id=\"5d3d529\" data-element_type=\"widget\" data-e-type=\"widget\" data-widget_type=\"text-editor.default\">\n\t\t\t\t<div class=\"elementor-widget-container\">\n\t\t\t\t\t\t\t\t\t<p>\u0160iuo metu u\u017esakym\u0173 pristatymas vyksta vis grei\u010diau. Padid\u0117j\u0119s pristatym\u0173 skai\u010dius ir did\u0117jantys klient\u0173 l\u016bkes\u010diai padidina spaudim\u0105 \u012fmon\u0117ms. Kartais klientai u\u017esako produkt\u0105, ta\u010diau jis atvyksta v\u0117lai arba visai ne. Net jei pristatymas vyksta skland\u017eiai, jie gauna pa\u017eeistas prekes. \u0160iose situacijose,<strong> Pristatymo patvirtinimas<\/strong> (taip pat \u017einomas kaip POD) suteikia j\u016bs\u0173 klientams ramyb\u0119, kad jie gavo tai, u\u017e k\u0105 sumok\u0117jo, puikios b\u016bkl\u0117s.<\/p>\n<p>Taigi, bet kuri \u012fmon\u0117, kurios reputacija priklauso nuo produkto ar paslaugos pristatymo grei\u010dio ir kokyb\u0117s, tur\u0117t\u0173 atkreipti ypating\u0105 d\u0117mes\u012f \u012f pristatymo \u012frodym\u0105. Tai patenkins tiek kliento, tiek verslo pristatymo patirt\u012f.<\/p>\n<\/p>\n<h2><strong>Kas yra pristatymo \u012frodymas?<\/strong><\/h2>\n<p>Pristatymo \u012frodymas yra patvirtinimas, kad u\u017esakymas s\u0117kmingai pasiektas norimoje vietoje. Jei turite maisto pristatymo, logistikos, B2B ar el. Prekybos versl\u0105, POD yra geriausias pasirinkimas. Ta\u010diau tai neapsiriboja tik \u0161iais dviem srautais; taip pat galite j\u012f naudoti nor\u0117dami parodyti, kad paslauga buvo baigta. \u0160tai kod\u0117l POD taip pat \u017einomas kaip u\u017ebaigimo \u012frodymas (POC).<\/p>\n<p>POD yra dviej\u0173 form\u0173:<\/p>\n<h3><strong>1.<\/strong><strong> Popierinis POD:<\/strong> <\/h3>\n<p>Popierinis POD yra fizinis dokumentas, veikiantis kaip kvitas. Klientai pasira\u0161o popierin\u012f POD, kai gauna produkt\u0105 ar paslaug\u0105.<\/p>\n<h3><strong>2.<\/strong><strong> Elektroninis POD:<\/strong> <\/h3>\n<p>\u0160iais laikais klientai yra labiau susipa\u017ein\u0119 su elektroniniu POD. Pra\u0117jo tie laikai, kai \u012fmon\u0117s tur\u0117jo laukti, kol pristatymo vairuotojai gr\u012f\u0161 su popieriniais POD, arba paskambinti klientams, kad patikrint\u0173 pristatymo b\u016bsen\u0105. Pateikdami elektronin\u012f POD pristatymo \u012frodym\u0105, klientai, gaudami savo gaminius, pateikia elektroninius \u017eenklus. Tiek klientas, tiek siunt\u0117jas gali gauti greit\u0173 pristatymo atnaujinim\u0173, kai jie s\u0117kmingai \u012fvykdyti.<\/p>\n<p>Popierinis POD gali b\u016bti pamestas arba lengvai sugadintas. Naudojant elektronin\u012f POD, neb\u016btina tvarkyti popierini\u0173 \u012fra\u0161\u0173, kad b\u016bt\u0173 patvirtintas pristatymas. Taigi tai suma\u017eina rankines pastangas ir daro dalykus paprastesnius.<\/p>\n<\/p>\n<h2><strong>Kod\u0117l tai svarbu?<\/strong><\/h2>\n<p>POD yra svarbus d\u0117l keli\u0173 prie\u017eas\u010di\u0173:<\/p>\n<h3><strong>1.<\/strong><strong> Saugus svarbi\u0173 dokument\u0173 pristatymas<\/strong><\/h3>\n<p>Kai norite i\u0161si\u0173sti svarbius dokumentus (santuokos liudijimo original\u0105, gimimo liudijim\u0105, pas\u0105), POD tampa b\u016btinas. Naudodami \u0161\u012f pa\u017eang\u0173 \u012frank\u012f, j\u016bs\u0173 dokumentai bus pristatyti \u012f reikiam\u0105 viet\u0105 ir atitinkamas institucijas. Taigi, jei dokumentai prarandami, galite lengvai atsekti, kur \u012fvyko klaida.<\/p>\n<h3><strong>2.<\/strong><strong> Baigia prie\u017ei\u016bros grandin\u0119:<\/strong><\/h3>\n<p>Pristatant B2B b\u016btina atskaitomyb\u0117, net jei pakuot\u0117 pasiek\u0117 paskirties viet\u0105. POD u\u017ebaigia gamybos grandin\u0119 ir u\u017etikrina, kad prek\u0117s b\u016bt\u0173 pristatytos tinkamam gav\u0117jui. \u0160i paslauga yra naudingesn\u0117, kai reikia pristatyti produktus keli\u0173 padalini\u0173 \u012fmon\u0117ms.<\/p>\n<h3><strong>3.<\/strong><strong> U\u017ekerta keli\u0105 gin\u010dams<\/strong> <\/h3>\n<p>POD teikia bekontakt\u0119 s\u0105veik\u0105, jei klientai n\u0117ra namuose. \u0160i parinktis u\u017ekerta keli\u0105 gin\u010dams tarp klient\u0173 ir tiek\u0117j\u0173, nes vairuotojas padarys nuotrauk\u0105, kad \u012frodyt\u0173, jog prek\u0117 pasiek\u0117 pirk\u0117jo adres\u0105. POD leid\u017eia gauti patvirtinim\u0105 apie tai, kad klientas pri\u0117m\u0117 u\u017esakym\u0105 d\u0117l kliento elektroninio para\u0161o kurjerio i\u0161maniojo telefono ekrane, taip pat nufotografuoti u\u017esakymo pristatymo fakt\u0105. Naudojant fotofiksacijos mechanizm\u0105, taip pat gal\u0117site greitai i\u0161spr\u0119sti situacij\u0105 sugadinus\/susituokus prek\u0117ms. Tokiu b\u016bdu POD apsaugo pristatymo personal\u0105 nuo neigiam\u0173 atsiliepim\u0173 ar melaging\u0173 klient\u0173 kaltinim\u0173.<\/p>\n<h3><strong>4.<\/strong><strong> Suma\u017eina dublikatus, suk\u010diavim\u0105 ir pav\u0117luotus mok\u0117jimus<\/strong><\/h3>\n<p>Be to, POD padeda suma\u017einti suk\u010diavimo atvejus, pasikartojan\u010dias prekes ir pav\u0117luoto mok\u0117jimo mokes\u010dius, kuriuos pardav\u0117jai ima u\u017e vis tiek nepristatytus produktus.<\/p>\n<h3><strong>5.<\/strong><strong> Pagerina atsekamum\u0105<\/strong><\/h3>\n<p>Elektronin\u0117 POD sistema suteikia skaidrumo, nes padidina siuntos atsekamum\u0105 visoje tiekimo grandin\u0117je. Tai leid\u017eia geriau sekti pristatymo eig\u0105, tod\u0117l \u012fmon\u0117ms nesunku nustatyti atitinkamas pristatymo problemas, kol jos netampa svarbiais \u012fsipareigojimais.<\/p>\n<h3><strong>6.<\/strong><strong> Padidina atsarg\u0173 tikslum\u0105:<\/strong><\/h3>\n<p>Pateikusios pristatymo \u012frodym\u0105, \u012fmon\u0117s i\u0161lieka organizuotos ir saugo s\u0117kming\u0173 pristatym\u0173 ir gr\u0105\u017einimo \u012fra\u0161us. Tai padeda sand\u0117lio komandai geriau valdyti atsarg\u0173 lyg\u012f ir padidinti atsarg\u0173 tikslum\u0105.<\/p>\n<h3><strong>7.<\/strong><strong> Padeda steb\u0117ti pristatymo eig\u0105<\/strong><\/h3>\n<p>Elektroninis POD supaprastina pristatymo procesus, nes si\u016blo pristatymo eigos steb\u0117jimo funkcij\u0105. Kai vairuotojas yra lauke, j\u016bs \u012frodysite, kad jis sustojo pristatyti. Taigi, naudodami elektronin\u012f POD, galite pagerinti bendr\u0105 veikl\u0105 lauke ir lauke.<\/p>\n<h3><strong>8.<\/strong><strong> Pagerina klient\u0173 patirt\u012f<\/strong><\/h3>\n<p>Klientai turi daugyb\u0119 pirkimo galimybi\u0173. \u012emon\u0117s, si\u016blan\u010dios individualizuot\u0105 ir patikim\u0105 patirt\u012f, u\u017edirba li\u016bto dal\u012f savo klient\u0173 lojalumo. POD padeda pagerinti klient\u0173 aptarnavim\u0105 ir pagerina klient\u0173 patirt\u012f. Galite sukurti klient\u0173 lojalum\u0105, pagerinti \u012fmon\u0117s prek\u0117s \u017eenklo \u012fvaizd\u012f ir padidinti klient\u0173 i\u0161laikymo rodikl\u012f.<\/p>\n<h3><strong>9.<\/strong><strong> Taupo laik\u0105<\/strong><\/h3>\n<p>Mes jau seniai gyvename XXI am\u017eiuje, ir daugeliui pirk\u0117j\u0173 nepriimtina dien\u0105 laukti kurjerio. Remdamiesi kurjeri\u0173 jud\u0117jimo planavimo ir valdymo sistemos informacija, galite automati\u0161kai informuoti klientus apie pristatymo laik\u0105!<\/p>\n<\/p>\n<h2><strong>Kod\u0117l verta rinktis \u201eLogdis POD\u201c sistem\u0105?<\/strong><\/h2>\n<p>Pristatymo problemos yra bene da\u017eniausia neigiam\u0173 atsiliepim\u0173 apie parduotuv\u0119 prie\u017eastis. Ir atvirk\u0161\u010diai, greitas pristatymas, nereikia laukti kurjerio per dien\u0105, informuojant apie pristatymo eig\u0105 &#8211; sukurkite ger\u0105 \u012fsp\u016bd\u012f ir padarykite klient\u0105 nuolatiniu. Toks klientas mielai gr\u012f\u0161, rekomenduos parduotuv\u0119 draugams ir kolegoms, ra\u0161ys teigiamus atsiliepimus internete. \u201eLogdis POD\u201c sistema padeda pasiekti \u0161\u012f tiksl\u0105.<\/p>\n<p>Mes kalbame apie internetin\u0119 paslaug\u0105 logdio.com, kuri labai supaprastina kurjeri\u0173 valdym\u0105 ir sutrumpina kliento laukimo laik\u0105. Be to, informacija apie kiekvieno u\u017esakymo pristatymo b\u016bsen\u0105 tampa skaidri ne tik pristatymo vadybininkui, bet, jei pageidaujama, ir klientams.<\/p>\n<p>\u0160ioje programin\u0117je \u012frangoje yra visa informacija apie u\u017esakymus, klientus, prekes, mok\u0117jimus ir kt. Administratoriaus darbo vieta leid\u017eia \u017eem\u0117lapyje matyti kurjeri\u0173 ir u\u017esakym\u0173 viet\u0105, gauti prognoz\u0119 apie kurjerio atvykimo \u012f klient\u0105 laik\u0105.<\/p>\n<p>Mus domina atsiliepimai, rekomendacijos ir pageidavimai, kurie leis paslaug\u0105 paversti patogia ir vertinga priemone. Jei norite savo versle \u012fdiegti POD pristatymo \u012frodym\u0105,<a href=\"https:\/\/logdio.com\/lt\/pristatymo-patvirtinimas\/\"> pirkti m\u016bs\u0173 paslaugas<\/a> .<\/p><\/p>\n\t\t\t\t\t\t\t\t<\/div>\n\t\t\t\t<\/div>\n\t\t\t\t\t<\/div>\n\t\t<\/div>\n\t\t\t\t\t<\/div>\n\t\t<\/section>\n\t\t\t\t<\/div>\n\t\t","protected":false},"excerpt":{"rendered":"<p>Pristatymo patvirtinimas \u0160iuo metu u\u017esakym\u0173 pristatymas vyksta vis grei\u010diau. Padid\u0117j\u0119s pristatym\u0173 skai\u010dius ir did\u0117jantys klient\u0173 l\u016bkes\u010diai padidina spaudim\u0105 \u012fmon\u0117ms. Kartais klientai u\u017esako produkt\u0105, ta\u010diau jis atvyksta v\u0117lai arba visai ne. Net jei pristatymas vyksta skland\u017eiai, jie gauna pa\u017eeistas prekes. \u0160iose situacijose, Pristatymo patvirtinimas (taip pat \u017einomas kaip POD) suteikia j\u016bs\u0173 klientams ramyb\u0119, kad jie gavo [&hellip;]<\/p>\n","protected":false},"author":1,"featured_media":0,"parent":0,"menu_order":0,"comment_status":"closed","ping_status":"closed","template":"elementor_header_footer","meta":{"footnotes":""},"class_list":["post-1480","page","type-page","status-publish","hentry"],"yoast_head":"<!-- This site is optimized with the Yoast SEO plugin v26.8 - https:\/\/yoast.com\/product\/yoast-seo-wordpress\/ -->\n<title>Pristatymo patvirtinimas - Logdio - delivery management tool<\/title>\n<meta name=\"description\" content=\"Pateikite pristatymo \u012frodym\u0105 klientams, turintiems \u201eLogdis\u201c sistem\u0105. Jame yra nuotraukos ir para\u0161ai. Taip pat koordinat\u0117s ir laiko duomenys.\" \/>\n<meta name=\"robots\" content=\"index, follow, max-snippet:-1, max-image-preview:large, max-video-preview:-1\" \/>\n<link rel=\"canonical\" href=\"https:\/\/logdio.com\/lt\/pristatymo-patvirtinimas\/\" \/>\n<meta property=\"og:locale\" content=\"lt_LT\" \/>\n<meta property=\"og:type\" content=\"article\" \/>\n<meta property=\"og:title\" content=\"Pristatymo patvirtinimas - Logdio - delivery management tool\" \/>\n<meta property=\"og:description\" content=\"Pateikite pristatymo \u012frodym\u0105 klientams, turintiems \u201eLogdis\u201c sistem\u0105. Jame yra nuotraukos ir para\u0161ai. Taip pat koordinat\u0117s ir laiko duomenys.\" \/>\n<meta property=\"og:url\" content=\"https:\/\/logdio.com\/lt\/pristatymo-patvirtinimas\/\" \/>\n<meta property=\"og:site_name\" content=\"Logdio - delivery management tool\" \/>\n<meta property=\"article:publisher\" content=\"https:\/\/www.facebook.com\/logtime.eu\/\" \/>\n<meta property=\"article:modified_time\" content=\"2021-10-08T08:09:45+00:00\" \/>\n<meta name=\"twitter:card\" content=\"summary_large_image\" \/>\n<meta name=\"twitter:label1\" content=\"Est. reading time\" \/>\n\t<meta name=\"twitter:data1\" content=\"4 minut\u0117s\" \/>\n<script type=\"application\/ld+json\" class=\"yoast-schema-graph\">{\"@context\":\"https:\/\/schema.org\",\"@graph\":[{\"@type\":\"WebPage\",\"@id\":\"https:\/\/logdio.com\/lt\/pristatymo-patvirtinimas\/\",\"url\":\"https:\/\/logdio.com\/lt\/pristatymo-patvirtinimas\/\",\"name\":\"Pristatymo patvirtinimas - Logdio - delivery management tool\",\"isPartOf\":{\"@id\":\"https:\/\/logdio.com\/lt\/#website\"},\"datePublished\":\"2021-08-16T09:56:27+00:00\",\"dateModified\":\"2021-10-08T08:09:45+00:00\",\"description\":\"Pateikite pristatymo \u012frodym\u0105 klientams, turintiems \u201eLogdis\u201c sistem\u0105. Jame yra nuotraukos ir para\u0161ai. Taip pat koordinat\u0117s ir laiko duomenys.\",\"breadcrumb\":{\"@id\":\"https:\/\/logdio.com\/lt\/pristatymo-patvirtinimas\/#breadcrumb\"},\"inLanguage\":\"lt-LT\",\"potentialAction\":[{\"@type\":\"ReadAction\",\"target\":[\"https:\/\/logdio.com\/lt\/pristatymo-patvirtinimas\/\"]}]},{\"@type\":\"BreadcrumbList\",\"@id\":\"https:\/\/logdio.com\/lt\/pristatymo-patvirtinimas\/#breadcrumb\",\"itemListElement\":[{\"@type\":\"ListItem\",\"position\":1,\"name\":\"Home\",\"item\":\"https:\/\/logdio.com\/lt\/\"},{\"@type\":\"ListItem\",\"position\":2,\"name\":\"Pristatymo patvirtinimas\"}]},{\"@type\":\"WebSite\",\"@id\":\"https:\/\/logdio.com\/lt\/#website\",\"url\":\"https:\/\/logdio.com\/lt\/\",\"name\":\"Logdio - delivery management tool\",\"description\":\"Next level delivery management software\",\"publisher\":{\"@id\":\"https:\/\/logdio.com\/lt\/#organization\"},\"potentialAction\":[{\"@type\":\"SearchAction\",\"target\":{\"@type\":\"EntryPoint\",\"urlTemplate\":\"https:\/\/logdio.com\/lt\/?s={search_term_string}\"},\"query-input\":{\"@type\":\"PropertyValueSpecification\",\"valueRequired\":true,\"valueName\":\"search_term_string\"}}],\"inLanguage\":\"lt-LT\"},{\"@type\":\"Organization\",\"@id\":\"https:\/\/logdio.com\/lt\/#organization\",\"name\":\"Logdio\",\"url\":\"https:\/\/logdio.com\/lt\/\",\"logo\":{\"@type\":\"ImageObject\",\"inLanguage\":\"lt-LT\",\"@id\":\"https:\/\/logdio.com\/lt\/#\/schema\/logo\/image\/\",\"url\":\"https:\/\/logdio.com\/wp-content\/uploads\/2021\/05\/Logdio.svg\",\"contentUrl\":\"https:\/\/logdio.com\/wp-content\/uploads\/2021\/05\/Logdio.svg\",\"width\":4.44919,\"height\":1.1285,\"caption\":\"Logdio\"},\"image\":{\"@id\":\"https:\/\/logdio.com\/lt\/#\/schema\/logo\/image\/\"},\"sameAs\":[\"https:\/\/www.facebook.com\/logtime.eu\/\",\"https:\/\/www.linkedin.com\/company\/logtime\"]}]}<\/script>\n<!-- \/ Yoast SEO plugin. -->","yoast_head_json":{"title":"Pristatymo patvirtinimas - Logdio - delivery management tool","description":"Pateikite pristatymo \u012frodym\u0105 klientams, turintiems \u201eLogdis\u201c sistem\u0105. Jame yra nuotraukos ir para\u0161ai. Taip pat koordinat\u0117s ir laiko duomenys.","robots":{"index":"index","follow":"follow","max-snippet":"max-snippet:-1","max-image-preview":"max-image-preview:large","max-video-preview":"max-video-preview:-1"},"canonical":"https:\/\/logdio.com\/lt\/pristatymo-patvirtinimas\/","og_locale":"lt_LT","og_type":"article","og_title":"Pristatymo patvirtinimas - Logdio - delivery management tool","og_description":"Pateikite pristatymo \u012frodym\u0105 klientams, turintiems \u201eLogdis\u201c sistem\u0105. Jame yra nuotraukos ir para\u0161ai. Taip pat koordinat\u0117s ir laiko duomenys.","og_url":"https:\/\/logdio.com\/lt\/pristatymo-patvirtinimas\/","og_site_name":"Logdio - delivery management tool","article_publisher":"https:\/\/www.facebook.com\/logtime.eu\/","article_modified_time":"2021-10-08T08:09:45+00:00","twitter_card":"summary_large_image","twitter_misc":{"Est. reading time":"4 minut\u0117s"},"schema":{"@context":"https:\/\/schema.org","@graph":[{"@type":"WebPage","@id":"https:\/\/logdio.com\/lt\/pristatymo-patvirtinimas\/","url":"https:\/\/logdio.com\/lt\/pristatymo-patvirtinimas\/","name":"Pristatymo patvirtinimas - Logdio - delivery management tool","isPartOf":{"@id":"https:\/\/logdio.com\/lt\/#website"},"datePublished":"2021-08-16T09:56:27+00:00","dateModified":"2021-10-08T08:09:45+00:00","description":"Pateikite pristatymo \u012frodym\u0105 klientams, turintiems \u201eLogdis\u201c sistem\u0105. Jame yra nuotraukos ir para\u0161ai. Taip pat koordinat\u0117s ir laiko duomenys.","breadcrumb":{"@id":"https:\/\/logdio.com\/lt\/pristatymo-patvirtinimas\/#breadcrumb"},"inLanguage":"lt-LT","potentialAction":[{"@type":"ReadAction","target":["https:\/\/logdio.com\/lt\/pristatymo-patvirtinimas\/"]}]},{"@type":"BreadcrumbList","@id":"https:\/\/logdio.com\/lt\/pristatymo-patvirtinimas\/#breadcrumb","itemListElement":[{"@type":"ListItem","position":1,"name":"Home","item":"https:\/\/logdio.com\/lt\/"},{"@type":"ListItem","position":2,"name":"Pristatymo patvirtinimas"}]},{"@type":"WebSite","@id":"https:\/\/logdio.com\/lt\/#website","url":"https:\/\/logdio.com\/lt\/","name":"Logdio - delivery management tool","description":"Next level delivery management software","publisher":{"@id":"https:\/\/logdio.com\/lt\/#organization"},"potentialAction":[{"@type":"SearchAction","target":{"@type":"EntryPoint","urlTemplate":"https:\/\/logdio.com\/lt\/?s={search_term_string}"},"query-input":{"@type":"PropertyValueSpecification","valueRequired":true,"valueName":"search_term_string"}}],"inLanguage":"lt-LT"},{"@type":"Organization","@id":"https:\/\/logdio.com\/lt\/#organization","name":"Logdio","url":"https:\/\/logdio.com\/lt\/","logo":{"@type":"ImageObject","inLanguage":"lt-LT","@id":"https:\/\/logdio.com\/lt\/#\/schema\/logo\/image\/","url":"https:\/\/logdio.com\/wp-content\/uploads\/2021\/05\/Logdio.svg","contentUrl":"https:\/\/logdio.com\/wp-content\/uploads\/2021\/05\/Logdio.svg","width":4.44919,"height":1.1285,"caption":"Logdio"},"image":{"@id":"https:\/\/logdio.com\/lt\/#\/schema\/logo\/image\/"},"sameAs":["https:\/\/www.facebook.com\/logtime.eu\/","https:\/\/www.linkedin.com\/company\/logtime"]}]}},"_links":{"self":[{"href":"https:\/\/logdio.com\/lt\/wp-json\/wp\/v2\/pages\/1480","targetHints":{"allow":["GET"]}}],"collection":[{"href":"https:\/\/logdio.com\/lt\/wp-json\/wp\/v2\/pages"}],"about":[{"href":"https:\/\/logdio.com\/lt\/wp-json\/wp\/v2\/types\/page"}],"author":[{"embeddable":true,"href":"https:\/\/logdio.com\/lt\/wp-json\/wp\/v2\/users\/1"}],"replies":[{"embeddable":true,"href":"https:\/\/logdio.com\/lt\/wp-json\/wp\/v2\/comments?post=1480"}],"version-history":[{"count":10,"href":"https:\/\/logdio.com\/lt\/wp-json\/wp\/v2\/pages\/1480\/revisions"}],"predecessor-version":[{"id":14062,"href":"https:\/\/logdio.com\/lt\/wp-json\/wp\/v2\/pages\/1480\/revisions\/14062"}],"wp:attachment":[{"href":"https:\/\/logdio.com\/lt\/wp-json\/wp\/v2\/media?parent=1480"}],"curies":[{"name":"wp","href":"https:\/\/api.w.org\/{rel}","templated":true}]}}