{"id":1458,"date":"2021-08-16T12:54:10","date_gmt":"2021-08-16T09:54:10","guid":{"rendered":"https:\/\/logdio.com\/judanti-programine-iranga\/"},"modified":"2021-10-04T13:54:00","modified_gmt":"2021-10-04T10:54:00","slug":"judanti-programine-iranga","status":"publish","type":"page","link":"https:\/\/logdio.com\/lt\/judanti-programine-iranga\/","title":{"rendered":"Kraustymosi programin\u0117 \u012franga"},"content":{"rendered":"\t\t<div data-elementor-type=\"wp-page\" data-elementor-id=\"1458\" class=\"elementor elementor-1458 elementor-1057\" data-elementor-post-type=\"page\">\n\t\t\t\t\t\t<section class=\"has_ma_el_bg_slider elementor-section elementor-top-section elementor-element elementor-element-4c6dc8e elementor-section-boxed elementor-section-height-default elementor-section-height-default jltma-glass-effect-no\" data-id=\"4c6dc8e\" data-element_type=\"section\" data-e-type=\"section\" data-settings=\"{&quot;jet_parallax_layout_list&quot;:[{&quot;jet_parallax_layout_image&quot;:{&quot;url&quot;:&quot;&quot;,&quot;id&quot;:&quot;&quot;,&quot;size&quot;:&quot;&quot;},&quot;_id&quot;:&quot;0cca513&quot;,&quot;jet_parallax_layout_image_tablet&quot;:{&quot;url&quot;:&quot;&quot;,&quot;id&quot;:&quot;&quot;,&quot;size&quot;:&quot;&quot;},&quot;jet_parallax_layout_image_mobile&quot;:{&quot;url&quot;:&quot;&quot;,&quot;id&quot;:&quot;&quot;,&quot;size&quot;:&quot;&quot;},&quot;jet_parallax_layout_speed&quot;:{&quot;unit&quot;:&quot;%&quot;,&quot;size&quot;:50,&quot;sizes&quot;:[]},&quot;jet_parallax_layout_type&quot;:&quot;scroll&quot;,&quot;jet_parallax_layout_direction&quot;:null,&quot;jet_parallax_layout_fx_direction&quot;:null,&quot;jet_parallax_layout_z_index&quot;:&quot;&quot;,&quot;jet_parallax_layout_bg_x&quot;:50,&quot;jet_parallax_layout_bg_x_tablet&quot;:&quot;&quot;,&quot;jet_parallax_layout_bg_x_mobile&quot;:&quot;&quot;,&quot;jet_parallax_layout_bg_y&quot;:50,&quot;jet_parallax_layout_bg_y_tablet&quot;:&quot;&quot;,&quot;jet_parallax_layout_bg_y_mobile&quot;:&quot;&quot;,&quot;jet_parallax_layout_bg_size&quot;:&quot;auto&quot;,&quot;jet_parallax_layout_bg_size_tablet&quot;:&quot;&quot;,&quot;jet_parallax_layout_bg_size_mobile&quot;:&quot;&quot;,&quot;jet_parallax_layout_animation_prop&quot;:&quot;transform&quot;,&quot;jet_parallax_layout_on&quot;:[&quot;desktop&quot;,&quot;tablet&quot;]}]}\">\n\t\t\t\t\t\t<div class=\"elementor-container elementor-column-gap-default\">\n\t\t\t\t\t<div class=\"has_ma_el_bg_slider elementor-column elementor-col-100 elementor-top-column elementor-element elementor-element-d0dcb32 jltma-glass-effect-no\" data-id=\"d0dcb32\" data-element_type=\"column\" data-e-type=\"column\">\n\t\t\t<div class=\"elementor-widget-wrap elementor-element-populated\">\n\t\t\t\t\t\t<div class=\"elementor-element elementor-element-39d830a jltma-glass-effect-no elementor-widget elementor-widget-heading\" data-id=\"39d830a\" data-element_type=\"widget\" data-e-type=\"widget\" data-widget_type=\"heading.default\">\n\t\t\t\t<div class=\"elementor-widget-container\">\n\t\t\t\t\t<h1 class=\"elementor-heading-title elementor-size-default\">Kraustymosi programin\u0117 \u012franga<\/h1>\t\t\t\t<\/div>\n\t\t\t\t<\/div>\n\t\t\t\t\t<\/div>\n\t\t<\/div>\n\t\t\t\t\t<\/div>\n\t\t<\/section>\n\t\t\t\t<section class=\"has_ma_el_bg_slider elementor-section elementor-top-section elementor-element elementor-element-dbf48eb elementor-section-boxed elementor-section-height-default elementor-section-height-default jltma-glass-effect-no\" data-id=\"dbf48eb\" data-element_type=\"section\" data-e-type=\"section\" data-settings=\"{&quot;jet_parallax_layout_list&quot;:[{&quot;jet_parallax_layout_image&quot;:{&quot;url&quot;:&quot;&quot;,&quot;id&quot;:&quot;&quot;,&quot;size&quot;:&quot;&quot;},&quot;_id&quot;:&quot;d626da6&quot;,&quot;jet_parallax_layout_image_tablet&quot;:{&quot;url&quot;:&quot;&quot;,&quot;id&quot;:&quot;&quot;,&quot;size&quot;:&quot;&quot;},&quot;jet_parallax_layout_image_mobile&quot;:{&quot;url&quot;:&quot;&quot;,&quot;id&quot;:&quot;&quot;,&quot;size&quot;:&quot;&quot;},&quot;jet_parallax_layout_speed&quot;:{&quot;unit&quot;:&quot;%&quot;,&quot;size&quot;:50,&quot;sizes&quot;:[]},&quot;jet_parallax_layout_type&quot;:&quot;scroll&quot;,&quot;jet_parallax_layout_direction&quot;:null,&quot;jet_parallax_layout_fx_direction&quot;:null,&quot;jet_parallax_layout_z_index&quot;:&quot;&quot;,&quot;jet_parallax_layout_bg_x&quot;:50,&quot;jet_parallax_layout_bg_x_tablet&quot;:&quot;&quot;,&quot;jet_parallax_layout_bg_x_mobile&quot;:&quot;&quot;,&quot;jet_parallax_layout_bg_y&quot;:50,&quot;jet_parallax_layout_bg_y_tablet&quot;:&quot;&quot;,&quot;jet_parallax_layout_bg_y_mobile&quot;:&quot;&quot;,&quot;jet_parallax_layout_bg_size&quot;:&quot;auto&quot;,&quot;jet_parallax_layout_bg_size_tablet&quot;:&quot;&quot;,&quot;jet_parallax_layout_bg_size_mobile&quot;:&quot;&quot;,&quot;jet_parallax_layout_animation_prop&quot;:&quot;transform&quot;,&quot;jet_parallax_layout_on&quot;:[&quot;desktop&quot;,&quot;tablet&quot;]}]}\">\n\t\t\t\t\t\t<div class=\"elementor-container elementor-column-gap-default\">\n\t\t\t\t\t<div class=\"has_ma_el_bg_slider elementor-column elementor-col-100 elementor-top-column elementor-element elementor-element-07ff841 jltma-glass-effect-no\" data-id=\"07ff841\" data-element_type=\"column\" data-e-type=\"column\">\n\t\t\t<div class=\"elementor-widget-wrap elementor-element-populated\">\n\t\t\t\t\t\t<div class=\"elementor-element elementor-element-6003307 jltma-glass-effect-no elementor-widget elementor-widget-text-editor\" data-id=\"6003307\" data-element_type=\"widget\" data-e-type=\"widget\" data-widget_type=\"text-editor.default\">\n\t\t\t\t<div class=\"elementor-widget-container\">\n\t\t\t\t\t\t\t\t\t<p>Persikraustymas niekada neb\u016bna puiki patirtis, kad ir kaip stengtum\u0117t\u0117s j\u0105 paversti \u012fdomia. Visk\u0105 pakuoti ir ve\u017eti tikrai nemalonu. Ta\u010diau perkraustymo \u012fmonei tai n\u0117ra stresas, o tik dar viena darbo diena. Taigi, perkraustymo \u012fmonei reikalinga perkraustymo programin\u0117 \u012franga, kuri didina jos efektyvum\u0105.<\/p>\n<p><strong>Kas yra kraustymosi programin\u0117 \u012franga?<\/strong><\/p>\n<p>Perkraustymo \u012fmon\u0117s programin\u0117 \u012franga &#8211; tai \u012frankis, kurio reikia j\u016bs\u0173 perkraustymo \u012fmonei. Nesvarbu, ar versl\u0105 vykdote individualiai, ar turite fran\u0161izi\u0173 visoje \u0161alyje, perkraustymo programin\u0117 \u012franga gali maksimaliai padidinti pardavimus, rinkodar\u0105, operacijas ir peln\u0105.<\/p>\n<p>Be to, i\u0161manioji perkraustymo programin\u0117 \u012franga padeda optimizuoti veikl\u0105, pasiekti daugiau laim\u0117jim\u0173, didinti atskaitomyb\u0119, gerinti paslaug\u0173 kokyb\u0119 ir i\u0161naudoti vis\u0105 pelno potencial\u0105.<\/p>\n<p>\u0160i programin\u0117 \u012franga gali atlikti \u0161ias funkcijas:<\/p>\n<ul>\n<li>U\u017esakym\u0173 valdymas<\/li>\n<li>Paskyr\u0173 planavimas<\/li>\n<li>Kontakt\u0173 valdymas<\/li>\n<li>Mok\u0117tinos ir gautinos sumos<\/li>\n<li>Darbo reikmenys ir s\u0105matos skai\u010diuokl\u0117<\/li>\n<\/ul>\n<p>\u0160ie geb\u0117jimai gali pad\u0117ti \u012fmon\u0117ms nuo darbo prad\u017eios iki pabaigos. Perkraustymo programin\u0117 \u012franga taip pat apima rinkodaros geb\u0117jimus, kurie padeda u\u017emegzti ry\u0161ius su klientais.<\/p>\n<p><strong>Koki\u0105 programin\u0119 \u012frang\u0105 naudoti? <\/strong><\/p>\n<p>Perk\u0117limo programin\u0117 \u012franga gerokai padidina verslo galimybes suteikti klientams maloni\u0105 patirt\u012f. Ta\u010diau rinkoje yra daugyb\u0117 perkraustymo \u012fmon\u0117ms skirtos programin\u0117s \u012frangos, skirtos perkraustymo \u012fmon\u0117ms. I\u0161sirinkti geriausi\u0105 variant\u0105 gali b\u016bti sud\u0117tinga u\u017eduotis.<\/p>\n<p>Si\u016blome i\u0161bandyti &#8222;Lodgio&#8221;. Nesvarbu, ar tik pradedate, ar esate patyr\u0119s verslo savininkas, &#8222;Logdio&#8221; si\u016blo i\u0161teklius ir ekspert\u0173 pagalb\u0105, kad u\u017etikrint\u0173 j\u016bs\u0173 s\u0117km\u0119.<\/p>\n<p>Perkraustymo \u012fmon\u0117s CRM suteiks galimyb\u0119 visas u\u017eduotis, tokias kaip siuntimas, GPS steb\u0117jimas ir jud\u0117jimo u\u017ebaigimas, atlikti mobiliuoju \u012frenginiu. Taip pat galite i\u0161bandyti 14 dien\u0173 nemokam\u0105 bandom\u0105j\u0105 versij\u0105 ir pasteb\u0117ti rezultatus.<\/p>\n<p>Jei turite klausim\u0173 apie judan\u010di\u0105 programin\u0119 \u012frang\u0105, nedvejodami susisiekite su mumis.<\/p>\n\t\t\t\t\t\t\t\t<\/div>\n\t\t\t\t<\/div>\n\t\t\t\t\t<\/div>\n\t\t<\/div>\n\t\t\t\t\t<\/div>\n\t\t<\/section>\n\t\t\t\t<\/div>\n\t\t","protected":false},"excerpt":{"rendered":"<p>Persikraustymas niekada neb\u016bna puiki patirtis, kad ir kaip stengtum\u0117t\u0117s j\u0105 paversti \u012fdomia. Visk\u0105 pakuoti ir ve\u017eti tikrai nemalonu. Ta\u010diau perkraustymo \u012fmonei tai n\u0117ra stresas, o tik dar viena darbo diena. Taigi, perkraustymo \u012fmonei reikalinga perkraustymo programin\u0117 \u012franga, kuri didina jos efektyvum\u0105. Kas yra kraustymosi programin\u0117 \u012franga? Perkraustymo \u012fmon\u0117s programin\u0117 \u012franga &#8211; tai \u012frankis, kurio reikia [&hellip;]<\/p>\n","protected":false},"author":1,"featured_media":0,"parent":0,"menu_order":0,"comment_status":"closed","ping_status":"closed","template":"elementor_header_footer","meta":{"footnotes":""},"class_list":["post-1458","page","type-page","status-publish","hentry"],"yoast_head":"<!-- This site is optimized with the Yoast SEO plugin v26.8 - https:\/\/yoast.com\/product\/yoast-seo-wordpress\/ -->\n<title>Kraustymosi programin\u0117 \u012franga - Logdio - delivery management tool<\/title>\n<meta name=\"description\" content=\"Paj\u0117gum\u0173 planavimas yra procesas, kurio metu nustatoma, ar turite \u012fg\u016bd\u017ei\u0173 ir med\u017eiag\u0173 darbui atlikti.\" \/>\n<meta name=\"robots\" content=\"index, follow, max-snippet:-1, max-image-preview:large, max-video-preview:-1\" \/>\n<link rel=\"canonical\" href=\"https:\/\/logdio.com\/lt\/judanti-programine-iranga\/\" \/>\n<meta property=\"og:locale\" content=\"lt_LT\" \/>\n<meta property=\"og:type\" content=\"article\" \/>\n<meta property=\"og:title\" content=\"Kraustymosi programin\u0117 \u012franga - Logdio - delivery management tool\" \/>\n<meta property=\"og:description\" content=\"Paj\u0117gum\u0173 planavimas yra procesas, kurio metu nustatoma, ar turite \u012fg\u016bd\u017ei\u0173 ir med\u017eiag\u0173 darbui atlikti.\" \/>\n<meta property=\"og:url\" content=\"https:\/\/logdio.com\/lt\/judanti-programine-iranga\/\" \/>\n<meta property=\"og:site_name\" content=\"Logdio - delivery management tool\" \/>\n<meta property=\"article:publisher\" content=\"https:\/\/www.facebook.com\/logtime.eu\/\" \/>\n<meta property=\"article:modified_time\" content=\"2021-10-04T10:54:00+00:00\" \/>\n<meta name=\"twitter:card\" content=\"summary_large_image\" \/>\n<meta name=\"twitter:label1\" content=\"Est. reading time\" \/>\n\t<meta name=\"twitter:data1\" content=\"2 minut\u0117s\" \/>\n<script type=\"application\/ld+json\" class=\"yoast-schema-graph\">{\"@context\":\"https:\/\/schema.org\",\"@graph\":[{\"@type\":\"WebPage\",\"@id\":\"https:\/\/logdio.com\/lt\/judanti-programine-iranga\/\",\"url\":\"https:\/\/logdio.com\/lt\/judanti-programine-iranga\/\",\"name\":\"Kraustymosi programin\u0117 \u012franga - Logdio - delivery management tool\",\"isPartOf\":{\"@id\":\"https:\/\/logdio.com\/lt\/#website\"},\"datePublished\":\"2021-08-16T09:54:10+00:00\",\"dateModified\":\"2021-10-04T10:54:00+00:00\",\"description\":\"Paj\u0117gum\u0173 planavimas yra procesas, kurio metu nustatoma, ar turite \u012fg\u016bd\u017ei\u0173 ir med\u017eiag\u0173 darbui atlikti.\",\"breadcrumb\":{\"@id\":\"https:\/\/logdio.com\/lt\/judanti-programine-iranga\/#breadcrumb\"},\"inLanguage\":\"lt-LT\",\"potentialAction\":[{\"@type\":\"ReadAction\",\"target\":[\"https:\/\/logdio.com\/lt\/judanti-programine-iranga\/\"]}]},{\"@type\":\"BreadcrumbList\",\"@id\":\"https:\/\/logdio.com\/lt\/judanti-programine-iranga\/#breadcrumb\",\"itemListElement\":[{\"@type\":\"ListItem\",\"position\":1,\"name\":\"Home\",\"item\":\"https:\/\/logdio.com\/lt\/\"},{\"@type\":\"ListItem\",\"position\":2,\"name\":\"Kraustymosi programin\u0117 \u012franga\"}]},{\"@type\":\"WebSite\",\"@id\":\"https:\/\/logdio.com\/lt\/#website\",\"url\":\"https:\/\/logdio.com\/lt\/\",\"name\":\"Logdio - delivery management tool\",\"description\":\"Next level delivery management software\",\"publisher\":{\"@id\":\"https:\/\/logdio.com\/lt\/#organization\"},\"potentialAction\":[{\"@type\":\"SearchAction\",\"target\":{\"@type\":\"EntryPoint\",\"urlTemplate\":\"https:\/\/logdio.com\/lt\/?s={search_term_string}\"},\"query-input\":{\"@type\":\"PropertyValueSpecification\",\"valueRequired\":true,\"valueName\":\"search_term_string\"}}],\"inLanguage\":\"lt-LT\"},{\"@type\":\"Organization\",\"@id\":\"https:\/\/logdio.com\/lt\/#organization\",\"name\":\"Logdio\",\"url\":\"https:\/\/logdio.com\/lt\/\",\"logo\":{\"@type\":\"ImageObject\",\"inLanguage\":\"lt-LT\",\"@id\":\"https:\/\/logdio.com\/lt\/#\/schema\/logo\/image\/\",\"url\":\"https:\/\/logdio.com\/wp-content\/uploads\/2021\/05\/Logdio.svg\",\"contentUrl\":\"https:\/\/logdio.com\/wp-content\/uploads\/2021\/05\/Logdio.svg\",\"width\":4.44919,\"height\":1.1285,\"caption\":\"Logdio\"},\"image\":{\"@id\":\"https:\/\/logdio.com\/lt\/#\/schema\/logo\/image\/\"},\"sameAs\":[\"https:\/\/www.facebook.com\/logtime.eu\/\",\"https:\/\/www.linkedin.com\/company\/logtime\"]}]}<\/script>\n<!-- \/ Yoast SEO plugin. -->","yoast_head_json":{"title":"Kraustymosi programin\u0117 \u012franga - Logdio - delivery management tool","description":"Paj\u0117gum\u0173 planavimas yra procesas, kurio metu nustatoma, ar turite \u012fg\u016bd\u017ei\u0173 ir med\u017eiag\u0173 darbui atlikti.","robots":{"index":"index","follow":"follow","max-snippet":"max-snippet:-1","max-image-preview":"max-image-preview:large","max-video-preview":"max-video-preview:-1"},"canonical":"https:\/\/logdio.com\/lt\/judanti-programine-iranga\/","og_locale":"lt_LT","og_type":"article","og_title":"Kraustymosi programin\u0117 \u012franga - Logdio - delivery management tool","og_description":"Paj\u0117gum\u0173 planavimas yra procesas, kurio metu nustatoma, ar turite \u012fg\u016bd\u017ei\u0173 ir med\u017eiag\u0173 darbui atlikti.","og_url":"https:\/\/logdio.com\/lt\/judanti-programine-iranga\/","og_site_name":"Logdio - delivery management tool","article_publisher":"https:\/\/www.facebook.com\/logtime.eu\/","article_modified_time":"2021-10-04T10:54:00+00:00","twitter_card":"summary_large_image","twitter_misc":{"Est. reading time":"2 minut\u0117s"},"schema":{"@context":"https:\/\/schema.org","@graph":[{"@type":"WebPage","@id":"https:\/\/logdio.com\/lt\/judanti-programine-iranga\/","url":"https:\/\/logdio.com\/lt\/judanti-programine-iranga\/","name":"Kraustymosi programin\u0117 \u012franga - Logdio - delivery management tool","isPartOf":{"@id":"https:\/\/logdio.com\/lt\/#website"},"datePublished":"2021-08-16T09:54:10+00:00","dateModified":"2021-10-04T10:54:00+00:00","description":"Paj\u0117gum\u0173 planavimas yra procesas, kurio metu nustatoma, ar turite \u012fg\u016bd\u017ei\u0173 ir med\u017eiag\u0173 darbui atlikti.","breadcrumb":{"@id":"https:\/\/logdio.com\/lt\/judanti-programine-iranga\/#breadcrumb"},"inLanguage":"lt-LT","potentialAction":[{"@type":"ReadAction","target":["https:\/\/logdio.com\/lt\/judanti-programine-iranga\/"]}]},{"@type":"BreadcrumbList","@id":"https:\/\/logdio.com\/lt\/judanti-programine-iranga\/#breadcrumb","itemListElement":[{"@type":"ListItem","position":1,"name":"Home","item":"https:\/\/logdio.com\/lt\/"},{"@type":"ListItem","position":2,"name":"Kraustymosi programin\u0117 \u012franga"}]},{"@type":"WebSite","@id":"https:\/\/logdio.com\/lt\/#website","url":"https:\/\/logdio.com\/lt\/","name":"Logdio - delivery management tool","description":"Next level delivery management software","publisher":{"@id":"https:\/\/logdio.com\/lt\/#organization"},"potentialAction":[{"@type":"SearchAction","target":{"@type":"EntryPoint","urlTemplate":"https:\/\/logdio.com\/lt\/?s={search_term_string}"},"query-input":{"@type":"PropertyValueSpecification","valueRequired":true,"valueName":"search_term_string"}}],"inLanguage":"lt-LT"},{"@type":"Organization","@id":"https:\/\/logdio.com\/lt\/#organization","name":"Logdio","url":"https:\/\/logdio.com\/lt\/","logo":{"@type":"ImageObject","inLanguage":"lt-LT","@id":"https:\/\/logdio.com\/lt\/#\/schema\/logo\/image\/","url":"https:\/\/logdio.com\/wp-content\/uploads\/2021\/05\/Logdio.svg","contentUrl":"https:\/\/logdio.com\/wp-content\/uploads\/2021\/05\/Logdio.svg","width":4.44919,"height":1.1285,"caption":"Logdio"},"image":{"@id":"https:\/\/logdio.com\/lt\/#\/schema\/logo\/image\/"},"sameAs":["https:\/\/www.facebook.com\/logtime.eu\/","https:\/\/www.linkedin.com\/company\/logtime"]}]}},"_links":{"self":[{"href":"https:\/\/logdio.com\/lt\/wp-json\/wp\/v2\/pages\/1458","targetHints":{"allow":["GET"]}}],"collection":[{"href":"https:\/\/logdio.com\/lt\/wp-json\/wp\/v2\/pages"}],"about":[{"href":"https:\/\/logdio.com\/lt\/wp-json\/wp\/v2\/types\/page"}],"author":[{"embeddable":true,"href":"https:\/\/logdio.com\/lt\/wp-json\/wp\/v2\/users\/1"}],"replies":[{"embeddable":true,"href":"https:\/\/logdio.com\/lt\/wp-json\/wp\/v2\/comments?post=1458"}],"version-history":[{"count":9,"href":"https:\/\/logdio.com\/lt\/wp-json\/wp\/v2\/pages\/1458\/revisions"}],"predecessor-version":[{"id":14008,"href":"https:\/\/logdio.com\/lt\/wp-json\/wp\/v2\/pages\/1458\/revisions\/14008"}],"wp:attachment":[{"href":"https:\/\/logdio.com\/lt\/wp-json\/wp\/v2\/media?parent=1458"}],"curies":[{"name":"wp","href":"https:\/\/api.w.org\/{rel}","templated":true}]}}