{"id":1265,"date":"2021-08-16T12:51:20","date_gmt":"2021-08-16T09:51:20","guid":{"rendered":"https:\/\/logdio.com\/pristatymo-marsruto-planuotojas\/"},"modified":"2023-08-21T00:31:07","modified_gmt":"2023-08-20T21:31:07","slug":"pristatymo-marsruto-planuotojas","status":"publish","type":"page","link":"https:\/\/logdio.com\/lt\/pristatymo-marsruto-planuotojas\/","title":{"rendered":"Pristatymo mar\u0161ruto planuotojas"},"content":{"rendered":"\t\t<div data-elementor-type=\"wp-page\" data-elementor-id=\"1265\" class=\"elementor elementor-1265 elementor-1056\" data-elementor-post-type=\"page\">\n\t\t\t\t\t\t<section class=\"has_ma_el_bg_slider elementor-section elementor-top-section elementor-element elementor-element-bb4cbd0 elementor-section-boxed elementor-section-height-default elementor-section-height-default jltma-glass-effect-no\" data-id=\"bb4cbd0\" data-element_type=\"section\" data-e-type=\"section\" data-settings=\"{&quot;jet_parallax_layout_list&quot;:[{&quot;jet_parallax_layout_image&quot;:{&quot;url&quot;:&quot;&quot;,&quot;id&quot;:&quot;&quot;,&quot;size&quot;:&quot;&quot;},&quot;_id&quot;:&quot;dcee667&quot;,&quot;jet_parallax_layout_image_tablet&quot;:{&quot;url&quot;:&quot;&quot;,&quot;id&quot;:&quot;&quot;,&quot;size&quot;:&quot;&quot;},&quot;jet_parallax_layout_image_mobile&quot;:{&quot;url&quot;:&quot;&quot;,&quot;id&quot;:&quot;&quot;,&quot;size&quot;:&quot;&quot;},&quot;jet_parallax_layout_speed&quot;:{&quot;unit&quot;:&quot;%&quot;,&quot;size&quot;:50,&quot;sizes&quot;:[]},&quot;jet_parallax_layout_type&quot;:&quot;scroll&quot;,&quot;jet_parallax_layout_direction&quot;:null,&quot;jet_parallax_layout_fx_direction&quot;:null,&quot;jet_parallax_layout_z_index&quot;:&quot;&quot;,&quot;jet_parallax_layout_bg_x&quot;:50,&quot;jet_parallax_layout_bg_x_tablet&quot;:&quot;&quot;,&quot;jet_parallax_layout_bg_x_mobile&quot;:&quot;&quot;,&quot;jet_parallax_layout_bg_y&quot;:50,&quot;jet_parallax_layout_bg_y_tablet&quot;:&quot;&quot;,&quot;jet_parallax_layout_bg_y_mobile&quot;:&quot;&quot;,&quot;jet_parallax_layout_bg_size&quot;:&quot;auto&quot;,&quot;jet_parallax_layout_bg_size_tablet&quot;:&quot;&quot;,&quot;jet_parallax_layout_bg_size_mobile&quot;:&quot;&quot;,&quot;jet_parallax_layout_animation_prop&quot;:&quot;transform&quot;,&quot;jet_parallax_layout_on&quot;:[&quot;desktop&quot;,&quot;tablet&quot;]}]}\">\n\t\t\t\t\t\t<div class=\"elementor-container elementor-column-gap-default\">\n\t\t\t\t\t<div class=\"has_ma_el_bg_slider elementor-column elementor-col-100 elementor-top-column elementor-element elementor-element-d8f9397 jltma-glass-effect-no\" data-id=\"d8f9397\" data-element_type=\"column\" data-e-type=\"column\">\n\t\t\t<div class=\"elementor-widget-wrap elementor-element-populated\">\n\t\t\t\t\t\t<div class=\"elementor-element elementor-element-ab71b3f jltma-glass-effect-no elementor-widget elementor-widget-heading\" data-id=\"ab71b3f\" data-element_type=\"widget\" data-e-type=\"widget\" data-widget_type=\"heading.default\">\n\t\t\t\t<div class=\"elementor-widget-container\">\n\t\t\t\t\t<h1 class=\"elementor-heading-title elementor-size-default\">Pristatymo mar\u0161ruto planuotojas<\/h1>\t\t\t\t<\/div>\n\t\t\t\t<\/div>\n\t\t\t\t\t<\/div>\n\t\t<\/div>\n\t\t\t\t\t<\/div>\n\t\t<\/section>\n\t\t\t\t<section class=\"has_ma_el_bg_slider elementor-section elementor-top-section elementor-element elementor-element-9a53e57 elementor-section-boxed elementor-section-height-default elementor-section-height-default jltma-glass-effect-no\" data-id=\"9a53e57\" data-element_type=\"section\" data-e-type=\"section\" data-settings=\"{&quot;jet_parallax_layout_list&quot;:[{&quot;jet_parallax_layout_image&quot;:{&quot;url&quot;:&quot;&quot;,&quot;id&quot;:&quot;&quot;,&quot;size&quot;:&quot;&quot;},&quot;_id&quot;:&quot;c42d9be&quot;,&quot;jet_parallax_layout_image_tablet&quot;:{&quot;url&quot;:&quot;&quot;,&quot;id&quot;:&quot;&quot;,&quot;size&quot;:&quot;&quot;},&quot;jet_parallax_layout_image_mobile&quot;:{&quot;url&quot;:&quot;&quot;,&quot;id&quot;:&quot;&quot;,&quot;size&quot;:&quot;&quot;},&quot;jet_parallax_layout_speed&quot;:{&quot;unit&quot;:&quot;%&quot;,&quot;size&quot;:50,&quot;sizes&quot;:[]},&quot;jet_parallax_layout_type&quot;:&quot;scroll&quot;,&quot;jet_parallax_layout_direction&quot;:null,&quot;jet_parallax_layout_fx_direction&quot;:null,&quot;jet_parallax_layout_z_index&quot;:&quot;&quot;,&quot;jet_parallax_layout_bg_x&quot;:50,&quot;jet_parallax_layout_bg_x_tablet&quot;:&quot;&quot;,&quot;jet_parallax_layout_bg_x_mobile&quot;:&quot;&quot;,&quot;jet_parallax_layout_bg_y&quot;:50,&quot;jet_parallax_layout_bg_y_tablet&quot;:&quot;&quot;,&quot;jet_parallax_layout_bg_y_mobile&quot;:&quot;&quot;,&quot;jet_parallax_layout_bg_size&quot;:&quot;auto&quot;,&quot;jet_parallax_layout_bg_size_tablet&quot;:&quot;&quot;,&quot;jet_parallax_layout_bg_size_mobile&quot;:&quot;&quot;,&quot;jet_parallax_layout_animation_prop&quot;:&quot;transform&quot;,&quot;jet_parallax_layout_on&quot;:[&quot;desktop&quot;,&quot;tablet&quot;]}]}\">\n\t\t\t\t\t\t<div class=\"elementor-container elementor-column-gap-default\">\n\t\t\t\t\t<div class=\"has_ma_el_bg_slider elementor-column elementor-col-100 elementor-top-column elementor-element elementor-element-0f35f0a jltma-glass-effect-no\" data-id=\"0f35f0a\" data-element_type=\"column\" data-e-type=\"column\">\n\t\t\t<div class=\"elementor-widget-wrap elementor-element-populated\">\n\t\t\t\t\t\t<div class=\"elementor-element elementor-element-2972b23 jltma-glass-effect-no elementor-widget elementor-widget-text-editor\" data-id=\"2972b23\" data-element_type=\"widget\" data-e-type=\"widget\" data-widget_type=\"text-editor.default\">\n\t\t\t\t<div class=\"elementor-widget-container\">\n\t\t\t\t\t\t\t\t\t<p>\u012emon\u0117s, turin\u010dios savo pristatym\u0105, nori laiku pristatyti u\u017esakymus klientams ir suma\u017einti logistikos i\u0161laidas. \u012eprastos kurjeri\u0173 tarnybos u\u017eduotys atrodo taip: logistikas gauna u\u017esakymus ir platina mar\u0161rutus, kurjeris pristato u\u017esakymus ir ataskaitas apie darb\u0105. Algoritmas atrodo paprastas, ta\u010diau logistikas turi atsi\u017evelgti \u012f pristatymo laiko langus, laik\u0105 susitikti su klientu, sp\u016bstis. Taip pat turite kontroliuoti kurjerius ir steb\u0117ti pristatymo kokyb\u0119. Sunku su tuo susitvarkyti rankiniu b\u016bdu. Pristatymo mar\u0161ruto planuotojas i\u0161sprend\u017eia problem\u0105.<\/p>\n<p>I\u0161siai\u0161kinkime, kas yra pristatymo mar\u0161ruto planavimo priemon\u0117, jos prana\u0161umai ir kokia programin\u0117 \u012franga jums tinka. <\/p>\n<\/p>\n<h2><strong>Kas yra pristatymo mar\u0161ruto planuotojas?<\/strong><\/h2>\n<p>Pristatymo mar\u0161ruto planuotojas yra programin\u0117 \u012franga, naudojama optimizuoti pristatymo mar\u0161rutus. Mar\u0161rutavimo tarnyba per kelias minutes automati\u0161kai paskirsto \u0161imtus u\u017esakym\u0173. Logistikas tam skiria kelias valandas, paskirstydamas mar\u0161rutus ranka arba pusiau automatiniu re\u017eimu. Laikas n\u0117ra vienintelis skausmas.<\/p>\n<p>Nor\u0117dami suplanuoti kurjeri\u0173 keliones iki tikslaus laiko, logistikas turi atsi\u017evelgti \u012f keli\u0173 remont\u0105 ir eismo sp\u016bs\u010di\u0173 prognoz\u0119, palyginti kelis mar\u0161rutus ir pasirinkti geriausi\u0105. Jei jis nebuvo tinkamai suplanuotas, kurjeris atvyks anksti arba v\u0117lai. Kartais \u012fmon\u0117s naudoja pristatymo mar\u0161ruto planavimo \u012frankius, kurie atsi\u017evelgia \u012f eismo sp\u016bstis arba sp\u016bstis ryte, vakare ir po piet\u0173. Atsi\u017evelgiant \u012f sp\u016bstis \u010dia ir dabar, rytojaus mar\u0161ruto planuoti nepavyks. Jei atsi\u017evelgsite \u012f koeficientus, tur\u0117site planuoti v\u0117lavim\u0105. <\/p>\n<p>Algoritmas per kelias minutes praeina apie milijard\u0105 derini\u0173 ir pateikia optimal\u0173 mar\u0161rut\u0105. Logistikas to padaryti negali. \u0160is metodas sutrumpina logistiko laik\u0105 ir suma\u017eina v\u0117lavim\u0173 skai\u010di\u0173 iki nulio.<\/p>\n<p>Geriausias pristatymo mar\u0161ruto planuotojas yra tas, kad jis neapsiriboja konkre\u010dia veikla. Program\u0105 gali naudoti:<\/p>\n<ul>\n<li>Kurjeri\u0173 kompanija<\/li>\n<li>Pristatymo paslauga<\/li>\n<li>Greitasis pa\u0161tas<\/li>\n<li>Logistikos \u012fmon\u0117<\/li>\n<li>Prekybos \u012fmon\u0117<\/li>\n<li>Bet kuri kita organizacija<\/li>\n<\/ul>\n<p>\u0160ios \u012fmon\u0117s gali gauti \u0161iuos du pagrindinius pristatymo mar\u0161ruto planavimo prana\u0161umus: <\/p>\n<p><strong>Pristatymas laiku<\/strong> kliento lojalumas ir konvertavimas \u012f u\u017esakymo apmok\u0117jim\u0105, atsi\u017evelgiant \u012f pristatymo greit\u012f ir tikslum\u0105. Pavyzd\u017eiui, banko klientas i\u0161duoda kredito kortel\u0119, kad gal\u0117t\u0173 skubiai sumok\u0117ti u\u017e gydym\u0105. Jei kurjeris perkelia susitikim\u0105, yra rizika, kad klientas at\u0161auks pristatym\u0105 ir susisieks su kitu banku &#8211; konversija \u012f kredito kortel\u0117s aktyvavim\u0105 suma\u017e\u0117s. Kitas pavyzdys &#8211; drabu\u017ei\u0173 pristatymas su apkaustais. Pirk\u0117jas sumoka u\u017e u\u017esakym\u0105 tik sumontav\u0119s. <\/p>\n<p>Neteisingai suplanav\u0119 mar\u0161rut\u0105, kurjeris v\u0117luos. Mar\u0161ruto algoritmas atsi\u017evelgia ne tik \u012f kam\u0161\u010dius ir kelio s\u0105lygas, bet ir \u012f verslo parametrus. D\u0117l to jis praeina apie milijard\u0105 galim\u0173 pakartojim\u0173 ir duoda optimal\u0173 rezultat\u0105. Tai suma\u017eina ir pa\u0161alina v\u0117lavimus, o klientai vis tiek gali pasirinkti siaurus pristatymo intervalus. <\/p>\n<p>Tai ne vieninteliai variantai. Naudodami pristatymo planavimo program\u0105 galite apsvarstyti preki\u0173 matmenis, sand\u0117lio darbo laik\u0105 ir kitas esmines pristatymo funkcijas.<\/p>\n<\/p>\n<h3>Greitas planavimas<\/h3>\n<p>Pirma, logistikui nereikia naudotis skirtingomis paslaugomis &#8211; jis\/ji kuria mar\u0161rutus ir seka u\u017esakym\u0173 vykdym\u0105 viename lange. Tai jau trumpina laik\u0105. Antra, logistikas negai\u0161ta laiko planuodamas. Paslauga automati\u0161kai apskai\u010diuoja mar\u0161rutus. <\/p>\n<p>Paslauga rodo kiekvieno kurjerio ar transporto priemon\u0117s mar\u0161rut\u0105, kiek u\u017esakym\u0173 buvo pristatyta ir ar n\u0117ra pa\u017eeidim\u0173. <\/p>\n<p>Logistikas taip pat gali rankiniu b\u016bdu taisyti u\u017esakymus. Tai patogu, jei atsirado nauj\u0173 u\u017esakym\u0173. Pirma, tarnyba visus u\u017esakymus paskirsto visiems kurjeriams. Jei yra nauja u\u017eklausa, logistikas mar\u0161ruto pabaigoje prideda ta\u0161k\u0105 pakeliui esan\u010diam kurjeriui. Jei automati\u0161kai perskirstysite vien\u0105 mar\u0161rut\u0105, visi mar\u0161rutai bus atstatyti; tai nepatogu.<\/p>\n<\/p>\n<h2><strong>Kaip sutaupyti pristatymo kain\u0105?<\/strong><\/h2>\n<p>Pristatymo mar\u0161ruto planavimo programa apskai\u010diuoja daugyb\u0119 mar\u0161rut\u0173, atsi\u017evelgdama \u012f sp\u016bs\u010di\u0173 prognoz\u0119, ankstesni\u0173 mar\u0161rut\u0173 duomenis, kurjeri\u0173 kelioni\u0173 b\u016bd\u0105 ir si\u016blo geriausi\u0105 variant\u0105.<\/p>\n<p>Pavyzd\u017eiui, rytoj turite pristatyti 750 u\u017esakym\u0173. Dvide\u0161imt kurjeri\u0173 pristato u\u017esakymus p\u0117s\u010diomis, de\u0161imt kurjeri\u0173 &#8211; vie\u0161uoju transportu, o penki &#8211; kurjeriais. <\/p>\n<p>Logistikas program\u0117l\u0117je mato kurjeri\u0173 darbo grafik\u0105 ir u\u017esakym\u0173 kalendori\u0173. Viskas, ko jums reikia paskirstyti u\u017esakymus, yra spustel\u0117ti mygtuk\u0105. Integruota mar\u0161rutizavimo paslauga automati\u0161kai nustatys, kiek u\u017esakym\u0173 darbuotojai gali pristatyti tinkamu laiku. Jei p\u0117s\u010diomis yra daug kurjeri\u0173, pasi\u016blykite paslaug\u0105 teikti p\u0117s\u010diomis, o ne skambinkite vairuotojams, kad jie ne\u0161vaistyt\u0173 degal\u0173. Taip pigiau.<\/p>\n<\/p>\n<h2><strong>Koki\u0105 pristatymo mar\u0161ruto planavimo programin\u0119 \u012frang\u0105 naudoti?<\/strong><\/h2>\n<p>Dabar at\u0117jo laikas ie\u0161koti tinkam\u0173 paslaug\u0173. Atminkite, kad \u010dia yra daug variant\u0173, ta\u010diau tinkamas pristatymo vairuotojo mar\u0161ruto planuotojas yra tas, kuris j\u016bs\u0173 verslui suteikia tikros vert\u0117s. Kiekviena platforma nesi\u016blo ger\u0173 paslaug\u0173 u\u017e tinkam\u0105 kain\u0105. Be to, gali b\u016bti sunku sumok\u0117ti didesn\u0119 kain\u0105 u\u017e nauj\u0105 versl\u0105. <\/p>\n<p>Taigi, jums reikia paketo, atitinkan\u010dio j\u016bs\u0173 verslo reikalavimus. \u0160tai k\u0105 reikia apsvarstyti: <\/p>\n<ul>\n<li>Protingos kainos<\/li>\n<li>Privalomos funkcijos siuntimo sistemoje <\/li>\n<li>Paprasti sprendimai \u012fvairiems verslo reikalavimams <\/li>\n<li>Nemokamas bandymas: u\u017esiregistruokite nemokamam bandymui ir pamatysite rezultatus! <\/li>\n<\/ul>\n<h2><strong>Kod\u0117l verta rinktis \u201eLogdio\u201c?<\/strong><\/h2>\n<p>\u201eLogdio\u201c si\u016blo jums m\u016bs\u0173 patirt\u012f kuriant ir \u012fgyvendinant grei\u010diausi\u0105 mar\u0161ruto planavimo priemon\u0119 pristatymo procesams valdyti, kuria s\u0117kmingai naudojasi daugelis m\u016bs\u0173 klient\u0173.<\/p>\n<p>\u201eLogdio\u201c yra projektavimo sistema, leid\u017eianti \u012fmon\u0117je \u012fdiegti savo pristatymo paslaug\u0105, automatizuoti darb\u0105 ir organizuoti visi\u0161k\u0105 kurjeri\u0173 kontrol\u0119.<\/p>\n<p>Pasirinkite reikiam\u0105 funkcionalum\u0105, nustatykite s\u0105sajos suasmeninimo lyg\u012f, \u012ftraukite \u012f surinkim\u0105 papildomus modulius ir parinktis, sukurtas j\u016bs\u0173 verslui. \u201eLogdio\u201c pristatymo mar\u0161ruto planavimo programa JK atliks vis\u0105 automatizavimo ir pritaikymo cikl\u0105: nuo verslo analiz\u0117s iki diegimo.<\/p>\n<p>Patikrinkite nemokam\u0105 bandom\u0105j\u0105 mar\u0161ruto planavimo program\u0105 pristatymo vairuotojams ir susisiekite, kad gautum\u0117te daugiau informacijos. <\/p>\n\t\t\t\t\t\t\t\t<\/div>\n\t\t\t\t<\/div>\n\t\t\t\t\t<\/div>\n\t\t<\/div>\n\t\t\t\t\t<\/div>\n\t\t<\/section>\n\t\t\t\t<\/div>\n\t\t","protected":false},"excerpt":{"rendered":"<p>\u012emon\u0117s, turin\u010dios savo pristatym\u0105, nori laiku pristatyti u\u017esakymus klientams ir suma\u017einti logistikos i\u0161laidas. \u012eprastos kurjeri\u0173 tarnybos u\u017eduotys atrodo taip: logistikas gauna u\u017esakymus ir platina mar\u0161rutus, kurjeris pristato u\u017esakymus ir ataskaitas apie darb\u0105. Algoritmas atrodo paprastas, ta\u010diau logistikas turi atsi\u017evelgti \u012f pristatymo laiko langus, laik\u0105 susitikti su klientu, sp\u016bstis. Taip pat turite kontroliuoti kurjerius ir steb\u0117ti [&hellip;]<\/p>\n","protected":false},"author":1,"featured_media":0,"parent":0,"menu_order":0,"comment_status":"closed","ping_status":"closed","template":"elementor_header_footer","meta":{"footnotes":""},"class_list":["post-1265","page","type-page","status-publish","hentry"],"yoast_head":"<!-- This site is optimized with the Yoast SEO plugin v26.8 - https:\/\/yoast.com\/product\/yoast-seo-wordpress\/ -->\n<title>Pristatymo mar\u0161ruto planuotojas - Logdio - delivery management tool<\/title>\n<meta name=\"description\" content=\"Padidinkite savo produktyvum\u0105 naudodami &quot;Logdis&quot; pristatymo mar\u0161rut\u0173 planuokl\u012f. Daugiau nebereikia &quot;Google&quot; \u017eem\u0117lapi\u0173. Pristatymo \u012fmon\u0117ms teikiame lengvai naudojam\u0105 program\u0117l\u0119.\" \/>\n<meta name=\"robots\" content=\"index, follow, max-snippet:-1, max-image-preview:large, max-video-preview:-1\" \/>\n<link rel=\"canonical\" href=\"https:\/\/logdio.com\/lt\/pristatymo-marsruto-planuotojas\/\" \/>\n<meta property=\"og:locale\" content=\"lt_LT\" \/>\n<meta property=\"og:type\" content=\"article\" \/>\n<meta property=\"og:title\" content=\"Pristatymo mar\u0161ruto planuotojas - Logdio - delivery management tool\" \/>\n<meta property=\"og:description\" content=\"Padidinkite savo produktyvum\u0105 naudodami &quot;Logdis&quot; pristatymo mar\u0161rut\u0173 planuokl\u012f. Daugiau nebereikia &quot;Google&quot; \u017eem\u0117lapi\u0173. Pristatymo \u012fmon\u0117ms teikiame lengvai naudojam\u0105 program\u0117l\u0119.\" \/>\n<meta property=\"og:url\" content=\"https:\/\/logdio.com\/lt\/pristatymo-marsruto-planuotojas\/\" \/>\n<meta property=\"og:site_name\" content=\"Logdio - delivery management tool\" \/>\n<meta property=\"article:publisher\" content=\"https:\/\/www.facebook.com\/logtime.eu\/\" \/>\n<meta property=\"article:modified_time\" content=\"2023-08-20T21:31:07+00:00\" \/>\n<meta name=\"twitter:card\" content=\"summary_large_image\" \/>\n<meta name=\"twitter:label1\" content=\"Est. reading time\" \/>\n\t<meta name=\"twitter:data1\" content=\"3 minut\u0117s\" \/>\n<script type=\"application\/ld+json\" class=\"yoast-schema-graph\">{\"@context\":\"https:\/\/schema.org\",\"@graph\":[{\"@type\":\"WebPage\",\"@id\":\"https:\/\/logdio.com\/lt\/pristatymo-marsruto-planuotojas\/\",\"url\":\"https:\/\/logdio.com\/lt\/pristatymo-marsruto-planuotojas\/\",\"name\":\"Pristatymo mar\u0161ruto planuotojas - Logdio - delivery management tool\",\"isPartOf\":{\"@id\":\"https:\/\/logdio.com\/lt\/#website\"},\"datePublished\":\"2021-08-16T09:51:20+00:00\",\"dateModified\":\"2023-08-20T21:31:07+00:00\",\"description\":\"Padidinkite savo produktyvum\u0105 naudodami \\\"Logdis\\\" pristatymo mar\u0161rut\u0173 planuokl\u012f. Daugiau nebereikia \\\"Google\\\" \u017eem\u0117lapi\u0173. Pristatymo \u012fmon\u0117ms teikiame lengvai naudojam\u0105 program\u0117l\u0119.\",\"breadcrumb\":{\"@id\":\"https:\/\/logdio.com\/lt\/pristatymo-marsruto-planuotojas\/#breadcrumb\"},\"inLanguage\":\"lt-LT\",\"potentialAction\":[{\"@type\":\"ReadAction\",\"target\":[\"https:\/\/logdio.com\/lt\/pristatymo-marsruto-planuotojas\/\"]}]},{\"@type\":\"BreadcrumbList\",\"@id\":\"https:\/\/logdio.com\/lt\/pristatymo-marsruto-planuotojas\/#breadcrumb\",\"itemListElement\":[{\"@type\":\"ListItem\",\"position\":1,\"name\":\"Home\",\"item\":\"https:\/\/logdio.com\/lt\/\"},{\"@type\":\"ListItem\",\"position\":2,\"name\":\"Pristatymo mar\u0161ruto planuotojas\"}]},{\"@type\":\"WebSite\",\"@id\":\"https:\/\/logdio.com\/lt\/#website\",\"url\":\"https:\/\/logdio.com\/lt\/\",\"name\":\"Logdio - delivery management tool\",\"description\":\"Next level delivery management software\",\"publisher\":{\"@id\":\"https:\/\/logdio.com\/lt\/#organization\"},\"potentialAction\":[{\"@type\":\"SearchAction\",\"target\":{\"@type\":\"EntryPoint\",\"urlTemplate\":\"https:\/\/logdio.com\/lt\/?s={search_term_string}\"},\"query-input\":{\"@type\":\"PropertyValueSpecification\",\"valueRequired\":true,\"valueName\":\"search_term_string\"}}],\"inLanguage\":\"lt-LT\"},{\"@type\":\"Organization\",\"@id\":\"https:\/\/logdio.com\/lt\/#organization\",\"name\":\"Logdio\",\"url\":\"https:\/\/logdio.com\/lt\/\",\"logo\":{\"@type\":\"ImageObject\",\"inLanguage\":\"lt-LT\",\"@id\":\"https:\/\/logdio.com\/lt\/#\/schema\/logo\/image\/\",\"url\":\"https:\/\/logdio.com\/wp-content\/uploads\/2021\/05\/Logdio.svg\",\"contentUrl\":\"https:\/\/logdio.com\/wp-content\/uploads\/2021\/05\/Logdio.svg\",\"width\":4.44919,\"height\":1.1285,\"caption\":\"Logdio\"},\"image\":{\"@id\":\"https:\/\/logdio.com\/lt\/#\/schema\/logo\/image\/\"},\"sameAs\":[\"https:\/\/www.facebook.com\/logtime.eu\/\",\"https:\/\/www.linkedin.com\/company\/logtime\"]}]}<\/script>\n<!-- \/ Yoast SEO plugin. -->","yoast_head_json":{"title":"Pristatymo mar\u0161ruto planuotojas - Logdio - delivery management tool","description":"Padidinkite savo produktyvum\u0105 naudodami \"Logdis\" pristatymo mar\u0161rut\u0173 planuokl\u012f. Daugiau nebereikia \"Google\" \u017eem\u0117lapi\u0173. Pristatymo \u012fmon\u0117ms teikiame lengvai naudojam\u0105 program\u0117l\u0119.","robots":{"index":"index","follow":"follow","max-snippet":"max-snippet:-1","max-image-preview":"max-image-preview:large","max-video-preview":"max-video-preview:-1"},"canonical":"https:\/\/logdio.com\/lt\/pristatymo-marsruto-planuotojas\/","og_locale":"lt_LT","og_type":"article","og_title":"Pristatymo mar\u0161ruto planuotojas - Logdio - delivery management tool","og_description":"Padidinkite savo produktyvum\u0105 naudodami \"Logdis\" pristatymo mar\u0161rut\u0173 planuokl\u012f. Daugiau nebereikia \"Google\" \u017eem\u0117lapi\u0173. Pristatymo \u012fmon\u0117ms teikiame lengvai naudojam\u0105 program\u0117l\u0119.","og_url":"https:\/\/logdio.com\/lt\/pristatymo-marsruto-planuotojas\/","og_site_name":"Logdio - delivery management tool","article_publisher":"https:\/\/www.facebook.com\/logtime.eu\/","article_modified_time":"2023-08-20T21:31:07+00:00","twitter_card":"summary_large_image","twitter_misc":{"Est. reading time":"3 minut\u0117s"},"schema":{"@context":"https:\/\/schema.org","@graph":[{"@type":"WebPage","@id":"https:\/\/logdio.com\/lt\/pristatymo-marsruto-planuotojas\/","url":"https:\/\/logdio.com\/lt\/pristatymo-marsruto-planuotojas\/","name":"Pristatymo mar\u0161ruto planuotojas - Logdio - delivery management tool","isPartOf":{"@id":"https:\/\/logdio.com\/lt\/#website"},"datePublished":"2021-08-16T09:51:20+00:00","dateModified":"2023-08-20T21:31:07+00:00","description":"Padidinkite savo produktyvum\u0105 naudodami \"Logdis\" pristatymo mar\u0161rut\u0173 planuokl\u012f. Daugiau nebereikia \"Google\" \u017eem\u0117lapi\u0173. Pristatymo \u012fmon\u0117ms teikiame lengvai naudojam\u0105 program\u0117l\u0119.","breadcrumb":{"@id":"https:\/\/logdio.com\/lt\/pristatymo-marsruto-planuotojas\/#breadcrumb"},"inLanguage":"lt-LT","potentialAction":[{"@type":"ReadAction","target":["https:\/\/logdio.com\/lt\/pristatymo-marsruto-planuotojas\/"]}]},{"@type":"BreadcrumbList","@id":"https:\/\/logdio.com\/lt\/pristatymo-marsruto-planuotojas\/#breadcrumb","itemListElement":[{"@type":"ListItem","position":1,"name":"Home","item":"https:\/\/logdio.com\/lt\/"},{"@type":"ListItem","position":2,"name":"Pristatymo mar\u0161ruto planuotojas"}]},{"@type":"WebSite","@id":"https:\/\/logdio.com\/lt\/#website","url":"https:\/\/logdio.com\/lt\/","name":"Logdio - delivery management tool","description":"Next level delivery management software","publisher":{"@id":"https:\/\/logdio.com\/lt\/#organization"},"potentialAction":[{"@type":"SearchAction","target":{"@type":"EntryPoint","urlTemplate":"https:\/\/logdio.com\/lt\/?s={search_term_string}"},"query-input":{"@type":"PropertyValueSpecification","valueRequired":true,"valueName":"search_term_string"}}],"inLanguage":"lt-LT"},{"@type":"Organization","@id":"https:\/\/logdio.com\/lt\/#organization","name":"Logdio","url":"https:\/\/logdio.com\/lt\/","logo":{"@type":"ImageObject","inLanguage":"lt-LT","@id":"https:\/\/logdio.com\/lt\/#\/schema\/logo\/image\/","url":"https:\/\/logdio.com\/wp-content\/uploads\/2021\/05\/Logdio.svg","contentUrl":"https:\/\/logdio.com\/wp-content\/uploads\/2021\/05\/Logdio.svg","width":4.44919,"height":1.1285,"caption":"Logdio"},"image":{"@id":"https:\/\/logdio.com\/lt\/#\/schema\/logo\/image\/"},"sameAs":["https:\/\/www.facebook.com\/logtime.eu\/","https:\/\/www.linkedin.com\/company\/logtime"]}]}},"_links":{"self":[{"href":"https:\/\/logdio.com\/lt\/wp-json\/wp\/v2\/pages\/1265","targetHints":{"allow":["GET"]}}],"collection":[{"href":"https:\/\/logdio.com\/lt\/wp-json\/wp\/v2\/pages"}],"about":[{"href":"https:\/\/logdio.com\/lt\/wp-json\/wp\/v2\/types\/page"}],"author":[{"embeddable":true,"href":"https:\/\/logdio.com\/lt\/wp-json\/wp\/v2\/users\/1"}],"replies":[{"embeddable":true,"href":"https:\/\/logdio.com\/lt\/wp-json\/wp\/v2\/comments?post=1265"}],"version-history":[{"count":9,"href":"https:\/\/logdio.com\/lt\/wp-json\/wp\/v2\/pages\/1265\/revisions"}],"predecessor-version":[{"id":27087,"href":"https:\/\/logdio.com\/lt\/wp-json\/wp\/v2\/pages\/1265\/revisions\/27087"}],"wp:attachment":[{"href":"https:\/\/logdio.com\/lt\/wp-json\/wp\/v2\/media?parent=1265"}],"curies":[{"name":"wp","href":"https:\/\/api.w.org\/{rel}","templated":true}]}}