{"id":1249,"date":"2021-08-16T12:50:12","date_gmt":"2021-08-16T09:50:12","guid":{"rendered":"https:\/\/logdio.com\/kurjeriu-marsrutu-planavimo-programine-iranga\/"},"modified":"2021-10-04T13:56:13","modified_gmt":"2021-10-04T10:56:13","slug":"kurjeriu-marsrutu-planavimo-programine-iranga","status":"publish","type":"page","link":"https:\/\/logdio.com\/lt\/kurjeriu-marsrutu-planavimo-programine-iranga\/","title":{"rendered":"Kurjeri\u0173 mar\u0161rut\u0173 planavimo programin\u0117 \u012franga"},"content":{"rendered":"\t\t<div data-elementor-type=\"wp-page\" data-elementor-id=\"1249\" class=\"elementor elementor-1249 elementor-1055\" data-elementor-post-type=\"page\">\n\t\t\t\t\t\t<section class=\"has_ma_el_bg_slider elementor-section elementor-top-section elementor-element elementor-element-a6afc90 elementor-section-boxed elementor-section-height-default elementor-section-height-default jltma-glass-effect-no\" data-id=\"a6afc90\" data-element_type=\"section\" data-e-type=\"section\" data-settings=\"{&quot;jet_parallax_layout_list&quot;:[{&quot;jet_parallax_layout_image&quot;:{&quot;url&quot;:&quot;&quot;,&quot;id&quot;:&quot;&quot;,&quot;size&quot;:&quot;&quot;},&quot;_id&quot;:&quot;1632b6e&quot;,&quot;jet_parallax_layout_image_tablet&quot;:{&quot;url&quot;:&quot;&quot;,&quot;id&quot;:&quot;&quot;,&quot;size&quot;:&quot;&quot;},&quot;jet_parallax_layout_image_mobile&quot;:{&quot;url&quot;:&quot;&quot;,&quot;id&quot;:&quot;&quot;,&quot;size&quot;:&quot;&quot;},&quot;jet_parallax_layout_speed&quot;:{&quot;unit&quot;:&quot;%&quot;,&quot;size&quot;:50,&quot;sizes&quot;:[]},&quot;jet_parallax_layout_type&quot;:&quot;scroll&quot;,&quot;jet_parallax_layout_direction&quot;:null,&quot;jet_parallax_layout_fx_direction&quot;:null,&quot;jet_parallax_layout_z_index&quot;:&quot;&quot;,&quot;jet_parallax_layout_bg_x&quot;:50,&quot;jet_parallax_layout_bg_x_tablet&quot;:&quot;&quot;,&quot;jet_parallax_layout_bg_x_mobile&quot;:&quot;&quot;,&quot;jet_parallax_layout_bg_y&quot;:50,&quot;jet_parallax_layout_bg_y_tablet&quot;:&quot;&quot;,&quot;jet_parallax_layout_bg_y_mobile&quot;:&quot;&quot;,&quot;jet_parallax_layout_bg_size&quot;:&quot;auto&quot;,&quot;jet_parallax_layout_bg_size_tablet&quot;:&quot;&quot;,&quot;jet_parallax_layout_bg_size_mobile&quot;:&quot;&quot;,&quot;jet_parallax_layout_animation_prop&quot;:&quot;transform&quot;,&quot;jet_parallax_layout_on&quot;:[&quot;desktop&quot;,&quot;tablet&quot;]}]}\">\n\t\t\t\t\t\t<div class=\"elementor-container elementor-column-gap-default\">\n\t\t\t\t\t<div class=\"has_ma_el_bg_slider elementor-column elementor-col-100 elementor-top-column elementor-element elementor-element-9dbd7a5 jltma-glass-effect-no\" data-id=\"9dbd7a5\" data-element_type=\"column\" data-e-type=\"column\">\n\t\t\t<div class=\"elementor-widget-wrap elementor-element-populated\">\n\t\t\t\t\t\t<div class=\"elementor-element elementor-element-096e315 jltma-glass-effect-no elementor-widget elementor-widget-heading\" data-id=\"096e315\" data-element_type=\"widget\" data-e-type=\"widget\" data-widget_type=\"heading.default\">\n\t\t\t\t<div class=\"elementor-widget-container\">\n\t\t\t\t\t<h1 class=\"elementor-heading-title elementor-size-default\">Kurjeri\u0173 mar\u0161rut\u0173 planavimo programin\u0117 \u012franga<\/h1>\t\t\t\t<\/div>\n\t\t\t\t<\/div>\n\t\t\t\t\t<\/div>\n\t\t<\/div>\n\t\t\t\t\t<\/div>\n\t\t<\/section>\n\t\t\t\t<section class=\"has_ma_el_bg_slider elementor-section elementor-top-section elementor-element elementor-element-8cd51f7 elementor-section-boxed elementor-section-height-default elementor-section-height-default jltma-glass-effect-no\" data-id=\"8cd51f7\" data-element_type=\"section\" data-e-type=\"section\" data-settings=\"{&quot;jet_parallax_layout_list&quot;:[{&quot;jet_parallax_layout_image&quot;:{&quot;url&quot;:&quot;&quot;,&quot;id&quot;:&quot;&quot;,&quot;size&quot;:&quot;&quot;},&quot;_id&quot;:&quot;30d0d76&quot;,&quot;jet_parallax_layout_image_tablet&quot;:{&quot;url&quot;:&quot;&quot;,&quot;id&quot;:&quot;&quot;,&quot;size&quot;:&quot;&quot;},&quot;jet_parallax_layout_image_mobile&quot;:{&quot;url&quot;:&quot;&quot;,&quot;id&quot;:&quot;&quot;,&quot;size&quot;:&quot;&quot;},&quot;jet_parallax_layout_speed&quot;:{&quot;unit&quot;:&quot;%&quot;,&quot;size&quot;:50,&quot;sizes&quot;:[]},&quot;jet_parallax_layout_type&quot;:&quot;scroll&quot;,&quot;jet_parallax_layout_direction&quot;:null,&quot;jet_parallax_layout_fx_direction&quot;:null,&quot;jet_parallax_layout_z_index&quot;:&quot;&quot;,&quot;jet_parallax_layout_bg_x&quot;:50,&quot;jet_parallax_layout_bg_x_tablet&quot;:&quot;&quot;,&quot;jet_parallax_layout_bg_x_mobile&quot;:&quot;&quot;,&quot;jet_parallax_layout_bg_y&quot;:50,&quot;jet_parallax_layout_bg_y_tablet&quot;:&quot;&quot;,&quot;jet_parallax_layout_bg_y_mobile&quot;:&quot;&quot;,&quot;jet_parallax_layout_bg_size&quot;:&quot;auto&quot;,&quot;jet_parallax_layout_bg_size_tablet&quot;:&quot;&quot;,&quot;jet_parallax_layout_bg_size_mobile&quot;:&quot;&quot;,&quot;jet_parallax_layout_animation_prop&quot;:&quot;transform&quot;,&quot;jet_parallax_layout_on&quot;:[&quot;desktop&quot;,&quot;tablet&quot;]}]}\">\n\t\t\t\t\t\t<div class=\"elementor-container elementor-column-gap-default\">\n\t\t\t\t\t<div class=\"has_ma_el_bg_slider elementor-column elementor-col-100 elementor-top-column elementor-element elementor-element-0dc1596 jltma-glass-effect-no\" data-id=\"0dc1596\" data-element_type=\"column\" data-e-type=\"column\">\n\t\t\t<div class=\"elementor-widget-wrap elementor-element-populated\">\n\t\t\t\t\t\t<div class=\"elementor-element elementor-element-89bcbea jltma-glass-effect-no elementor-widget elementor-widget-text-editor\" data-id=\"89bcbea\" data-element_type=\"widget\" data-e-type=\"widget\" data-widget_type=\"text-editor.default\">\n\t\t\t\t<div class=\"elementor-widget-container\">\n\t\t\t\t\t\t\t\t\t<p>Vadovaujate lauko pardavim\u0173 tarnybai, valdote pristatymo transporto priemoni\u0173 park\u0105 (siunt\u0173 pristatymas ar preki\u0173 pristatymas) arba vadovaujate \u012fmon\u0117s, kuri renka ir pristato prekes nuo dur\u0173 iki dur\u0173, logistikai? Jus kaip nors domina, kaip optimizuoti savo verslo transportavim\u0105? Kurjeri\u0173 programin\u0117 \u012franga yra patikimiausias b\u016bdas pagerinti j\u016bs\u0173 verslo veiklos efektyvum\u0105.<\/p>\n<p>Tinkamas kurjeri\u0173 mar\u0161rut\u0173 planavimo \u012frankis pad\u0117s suma\u017einti prastovas ir gerokai padidinti na\u0161um\u0105. Tod\u0117l jis tampa populiarus visame pasaulyje.<\/p>\n<p><strong>Kas yra kurjeri\u0173 programin\u0117 \u012franga?<\/strong><\/p>\n<p>Kurjeri\u0173 programin\u0117 \u012franga &#8211; tai kurjeri\u0173 valdymo sistema, kuri, atsi\u017evelgdama \u012f i\u0161orinius veiksnius, pavyzd\u017eiui, eismo sp\u016bstis, paros laik\u0105 ir oro s\u0105lygas, nustato daugiausiai laiko reikalaujan\u010dius kelion\u0117s planus. Ji naudoja pa\u017eangius algoritmus, kad nustatyt\u0173 efektyviausi\u0105 mar\u0161rut\u0105 naudotojui. Ji i\u0161analizuoja krovini\u0173 ve\u017eimo reikalavimus, transporto priemon\u0117s keliam\u0105j\u0105 gali\u0105, darbo grafik\u0105 ir vairuotoj\u0173 poils\u012f ir pasi\u016blo optimalius jud\u0117jimo pakeitimus.<\/p>\n<p>Apytiksliais skai\u010diavimais, kurjeri\u0173 valdymo programin\u0117 \u012franga suma\u017eina kasdien\u0119 transporto priemoni\u0173 rid\u0105 10-20 %. Tai padidina efektyv\u0173 transporto priemoni\u0173 parko naudojim\u0105. Dar keletas funkcij\u0173:<\/p>\n<p><strong>Integracija su GPS \/ Glonass sekimo sistemomis pagal <\/strong>informacij\u0105, gaunam\u0105 i\u0161 &#8222;Android&#8221; \u012frengini\u0173 arba GPS sekiklio, gaunama informacija apie transporto priemon\u0117s buvimo viet\u0105. Paslauga stebi jud\u0117jim\u0105 preki\u0173 pristatymo mar\u0161rutu ir fiksuoja nuokrypius laike ir geografijoje. Informacija perduodama dispe\u010deriui, kad jis j\u0105 apdorot\u0173 ir priimt\u0173 atitinkamus sprendimus.<\/p>\n<p><strong>Suma\u017eintos i\u0161laidos<\/strong><\/p>\n<p>Bet kokia kurjeri\u0173 valdymo programin\u0117 \u012franga, jei ji naudojama protingai, gali gerokai sutrumpinti kelion\u0117s laik\u0105. Tai savo ruo\u017etu eksponenti\u0161kai suma\u017eina kurjeri\u0173 i\u0161laidas. Optimizuoti mar\u0161rutai gali pad\u0117ti suma\u017einti i\u0161laidas dviem pagrindiniais b\u016bdais:<\/p>\n<p><strong>Suma\u017e\u0117jo degal\u0173 s\u0105naudos<\/strong><\/p>\n<p>Kadangi transporto priemoni\u0173 parkas kelyje praleid\u017eia ma\u017eiau laiko, degal\u0173 sunaudojama ma\u017eiau. Tai rei\u0161kia, kad ma\u017eesnis sunaudojimas lemia ma\u017eesnes i\u0161laidas.<\/p>\n<p><strong>Ma\u017eesn\u0117s technin\u0117s prie\u017ei\u016bros i\u0161laidos<\/strong><\/p>\n<p>Kadangi transporto priemon\u0117s kelyje praleid\u017eia nedaug laiko, jos ma\u017eiau d\u0117visi. D\u0117l to suma\u017e\u0117ja technin\u0117s prie\u017ei\u016bros i\u0161laidos.<\/p>\n<p><strong>Didinti na\u0161um\u0105<\/strong><\/p>\n<p>Kurjeri\u0173 mar\u0161rut\u0173 planuotojas taupo laik\u0105 ir i\u0161teklius. Jis u\u017e jus atlieka sud\u0117tingas u\u017eduotis. Jums nereikia gai\u0161ti laiko planuojant mar\u0161rutus. Taip padid\u0117ja bendras parko produktyvumas, tod\u0117l darbai atliekami grei\u010diau ir laiku.<\/p>\n<p><strong>Didesnis klient\u0173 pasitenkinimas<\/strong><\/p>\n<p>\u017dinomas faktas, kad patenkinti pirk\u0117jai perka inventori\u0173. Na, o jei savo paslaugas gal\u0117site pasi\u016blyti laiku, klientai bus jumis patenkinti. Kurjeri\u0173 valdymo sistema u\u017etikrina, kad reikiamas vairuotojas atvykt\u0173 pas reikiam\u0105 klient\u0105 reikiamu laiku ir be joki\u0173 gr\u012f\u017eim\u0173.<\/p>\n<p><strong>Padeda pervertinti i\u0161teklius<\/strong><\/p>\n<p>Gali b\u016bti, kad naudojate daugiau i\u0161tekli\u0173, nei i\u0161 tikr\u0173j\u0173 reikia paslaugoms teikti ar teikti. Kurjeri\u0173 optimizavimo priemon\u0117 padeda i\u0161 naujo nustatyti, kiek transporto priemoni\u0173 reikia veiklai vykdyti. Galite pasinaudoti ma\u017eesniu kiekiu, o kartu ir ma\u017eesn\u0117mis i\u0161laidomis.<\/p>\n<p>Dabar jau \u017einote, kas yra kurjerio programin\u0117 \u012franga ir kod\u0117l ji svarbi. Dabar galb\u016bt galvojate, kokia programin\u0117 \u012franga tinka j\u016bs\u0173 verslui?<\/p>\n<p><strong>Koki\u0105 kurjeri\u0173 valdymo programin\u0119 \u012frang\u0105 pasirinkti?<\/strong><\/p>\n<p>Yra daug \u0161altini\u0173, kuriuose pateikiami kurjeri\u0173 optimizavimo program\u0173 s\u0105ra\u0161ai ir pasirinkimai. Reikia atsi\u017evelgti \u012f daugel\u012f veiksni\u0173, pavyzd\u017eiui, kain\u0105, si\u016blomas funkcijas, tikslin\u0119 auditorij\u0105 ir kitus parametrus.<\/p>\n<p>Rinkdamiesi kurjeri\u0173 valdymo programin\u0119 \u012frang\u0105, nurodykite, kurios funkcijos \u012feina \u012f kain\u0105, o kurios teikiamos u\u017e papildom\u0105 mokest\u012f. Pirmenyb\u0119 teikite toms sistemoms, \u012f kuri\u0173 kain\u0105 taip pat \u012fskai\u010diuota technin\u0117 pagalba ir atnaujinimai.<\/p>\n<p><strong>Kod\u0117l verta rinktis &#8222;Logdio&#8221;?<\/strong><\/p>\n<p>&#8222;Logdio&#8221; \u012fdiegta optimalaus kurjerio mar\u0161ruto sudarymo ir laiko apskai\u010diavimo atsi\u017evelgiant \u012f eismo sp\u016bstis funkcija. U\u017eduotys kurjeriui paskirstomos pagal prioritetus ir pristatymo laik\u0105. Yra kurjeriams skirta GPS sekimo funkcija (kurjerio buvimo viet\u0105 galima steb\u0117ti \u017eem\u0117lapyje realiuoju laiku). Programin\u0117 \u012franga turi patogi\u0105 s\u0105saj\u0105. Taip pat galima perduoti u\u017esakymus kitam kurjeriui (pavyzd\u017eiui, sugedus automobiliui). Geriausia, kad &#8222;Logdio&#8221; yra nebrangi. U\u017e naudojim\u0105si \u0161ia produktyvia programine \u012franga nereikia mok\u0117ti<\/p>\n\t\t\t\t\t\t\t\t<\/div>\n\t\t\t\t<\/div>\n\t\t\t\t\t<\/div>\n\t\t<\/div>\n\t\t\t\t\t<\/div>\n\t\t<\/section>\n\t\t\t\t<\/div>\n\t\t","protected":false},"excerpt":{"rendered":"<p>Kurjeri\u0173 mar\u0161rut\u0173 planavimo programin\u0117 \u012franga Vadovaujate lauko pardavim\u0173 tarnybai, valdote pristatymo transporto priemoni\u0173 park\u0105 (siunt\u0173 pristatymas ar preki\u0173 pristatymas) arba vadovaujate \u012fmon\u0117s, kuri renka ir pristato prekes nuo dur\u0173 iki dur\u0173, logistikai? Jus kaip nors domina, kaip optimizuoti savo verslo transportavim\u0105? Kurjeri\u0173 programin\u0117 \u012franga yra patikimiausias b\u016bdas pagerinti j\u016bs\u0173 verslo veiklos efektyvum\u0105. Tinkamas kurjeri\u0173 mar\u0161rut\u0173 [&hellip;]<\/p>\n","protected":false},"author":1,"featured_media":0,"parent":0,"menu_order":0,"comment_status":"closed","ping_status":"closed","template":"elementor_header_footer","meta":{"footnotes":""},"class_list":["post-1249","page","type-page","status-publish","hentry"],"yoast_head":"<!-- This site is optimized with the Yoast SEO plugin v26.8 - https:\/\/yoast.com\/product\/yoast-seo-wordpress\/ -->\n<title>Kurjeri\u0173 mar\u0161rut\u0173 planavimo programin\u0117 \u012franga - Logdio - delivery management tool<\/title>\n<meta name=\"description\" content=\"Padidinkite kurjeri\u0173 produktyvum\u0105 naudodami \u201eLogdis\u201c mar\u0161ruto planavimo programin\u0119 \u012frang\u0105. Viskas viename sprendime pristatymo \u012fmon\u0117ms.\" \/>\n<meta name=\"robots\" content=\"index, follow, max-snippet:-1, max-image-preview:large, max-video-preview:-1\" \/>\n<link rel=\"canonical\" href=\"https:\/\/logdio.com\/lt\/kurjeriu-marsrutu-planavimo-programine-iranga\/\" \/>\n<meta property=\"og:locale\" content=\"lt_LT\" \/>\n<meta property=\"og:type\" content=\"article\" \/>\n<meta property=\"og:title\" content=\"Kurjeri\u0173 mar\u0161rut\u0173 planavimo programin\u0117 \u012franga - Logdio - delivery management tool\" \/>\n<meta property=\"og:description\" content=\"Padidinkite kurjeri\u0173 produktyvum\u0105 naudodami \u201eLogdis\u201c mar\u0161ruto planavimo programin\u0119 \u012frang\u0105. Viskas viename sprendime pristatymo \u012fmon\u0117ms.\" \/>\n<meta property=\"og:url\" content=\"https:\/\/logdio.com\/lt\/kurjeriu-marsrutu-planavimo-programine-iranga\/\" \/>\n<meta property=\"og:site_name\" content=\"Logdio - delivery management tool\" \/>\n<meta property=\"article:publisher\" content=\"https:\/\/www.facebook.com\/logtime.eu\/\" \/>\n<meta property=\"article:modified_time\" content=\"2021-10-04T10:56:13+00:00\" \/>\n<meta name=\"twitter:card\" content=\"summary_large_image\" \/>\n<meta name=\"twitter:label1\" content=\"Est. reading time\" \/>\n\t<meta name=\"twitter:data1\" content=\"3 minut\u0117s\" \/>\n<script type=\"application\/ld+json\" class=\"yoast-schema-graph\">{\"@context\":\"https:\/\/schema.org\",\"@graph\":[{\"@type\":\"WebPage\",\"@id\":\"https:\/\/logdio.com\/lt\/kurjeriu-marsrutu-planavimo-programine-iranga\/\",\"url\":\"https:\/\/logdio.com\/lt\/kurjeriu-marsrutu-planavimo-programine-iranga\/\",\"name\":\"Kurjeri\u0173 mar\u0161rut\u0173 planavimo programin\u0117 \u012franga - Logdio - delivery management tool\",\"isPartOf\":{\"@id\":\"https:\/\/logdio.com\/lt\/#website\"},\"datePublished\":\"2021-08-16T09:50:12+00:00\",\"dateModified\":\"2021-10-04T10:56:13+00:00\",\"description\":\"Padidinkite kurjeri\u0173 produktyvum\u0105 naudodami \u201eLogdis\u201c mar\u0161ruto planavimo programin\u0119 \u012frang\u0105. Viskas viename sprendime pristatymo \u012fmon\u0117ms.\",\"breadcrumb\":{\"@id\":\"https:\/\/logdio.com\/lt\/kurjeriu-marsrutu-planavimo-programine-iranga\/#breadcrumb\"},\"inLanguage\":\"lt-LT\",\"potentialAction\":[{\"@type\":\"ReadAction\",\"target\":[\"https:\/\/logdio.com\/lt\/kurjeriu-marsrutu-planavimo-programine-iranga\/\"]}]},{\"@type\":\"BreadcrumbList\",\"@id\":\"https:\/\/logdio.com\/lt\/kurjeriu-marsrutu-planavimo-programine-iranga\/#breadcrumb\",\"itemListElement\":[{\"@type\":\"ListItem\",\"position\":1,\"name\":\"Home\",\"item\":\"https:\/\/logdio.com\/lt\/\"},{\"@type\":\"ListItem\",\"position\":2,\"name\":\"Kurjeri\u0173 mar\u0161rut\u0173 planavimo programin\u0117 \u012franga\"}]},{\"@type\":\"WebSite\",\"@id\":\"https:\/\/logdio.com\/lt\/#website\",\"url\":\"https:\/\/logdio.com\/lt\/\",\"name\":\"Logdio - delivery management tool\",\"description\":\"Next level delivery management software\",\"publisher\":{\"@id\":\"https:\/\/logdio.com\/lt\/#organization\"},\"potentialAction\":[{\"@type\":\"SearchAction\",\"target\":{\"@type\":\"EntryPoint\",\"urlTemplate\":\"https:\/\/logdio.com\/lt\/?s={search_term_string}\"},\"query-input\":{\"@type\":\"PropertyValueSpecification\",\"valueRequired\":true,\"valueName\":\"search_term_string\"}}],\"inLanguage\":\"lt-LT\"},{\"@type\":\"Organization\",\"@id\":\"https:\/\/logdio.com\/lt\/#organization\",\"name\":\"Logdio\",\"url\":\"https:\/\/logdio.com\/lt\/\",\"logo\":{\"@type\":\"ImageObject\",\"inLanguage\":\"lt-LT\",\"@id\":\"https:\/\/logdio.com\/lt\/#\/schema\/logo\/image\/\",\"url\":\"https:\/\/logdio.com\/wp-content\/uploads\/2021\/05\/Logdio.svg\",\"contentUrl\":\"https:\/\/logdio.com\/wp-content\/uploads\/2021\/05\/Logdio.svg\",\"width\":4.44919,\"height\":1.1285,\"caption\":\"Logdio\"},\"image\":{\"@id\":\"https:\/\/logdio.com\/lt\/#\/schema\/logo\/image\/\"},\"sameAs\":[\"https:\/\/www.facebook.com\/logtime.eu\/\",\"https:\/\/www.linkedin.com\/company\/logtime\"]}]}<\/script>\n<!-- \/ Yoast SEO plugin. -->","yoast_head_json":{"title":"Kurjeri\u0173 mar\u0161rut\u0173 planavimo programin\u0117 \u012franga - Logdio - delivery management tool","description":"Padidinkite kurjeri\u0173 produktyvum\u0105 naudodami \u201eLogdis\u201c mar\u0161ruto planavimo programin\u0119 \u012frang\u0105. Viskas viename sprendime pristatymo \u012fmon\u0117ms.","robots":{"index":"index","follow":"follow","max-snippet":"max-snippet:-1","max-image-preview":"max-image-preview:large","max-video-preview":"max-video-preview:-1"},"canonical":"https:\/\/logdio.com\/lt\/kurjeriu-marsrutu-planavimo-programine-iranga\/","og_locale":"lt_LT","og_type":"article","og_title":"Kurjeri\u0173 mar\u0161rut\u0173 planavimo programin\u0117 \u012franga - Logdio - delivery management tool","og_description":"Padidinkite kurjeri\u0173 produktyvum\u0105 naudodami \u201eLogdis\u201c mar\u0161ruto planavimo programin\u0119 \u012frang\u0105. Viskas viename sprendime pristatymo \u012fmon\u0117ms.","og_url":"https:\/\/logdio.com\/lt\/kurjeriu-marsrutu-planavimo-programine-iranga\/","og_site_name":"Logdio - delivery management tool","article_publisher":"https:\/\/www.facebook.com\/logtime.eu\/","article_modified_time":"2021-10-04T10:56:13+00:00","twitter_card":"summary_large_image","twitter_misc":{"Est. reading time":"3 minut\u0117s"},"schema":{"@context":"https:\/\/schema.org","@graph":[{"@type":"WebPage","@id":"https:\/\/logdio.com\/lt\/kurjeriu-marsrutu-planavimo-programine-iranga\/","url":"https:\/\/logdio.com\/lt\/kurjeriu-marsrutu-planavimo-programine-iranga\/","name":"Kurjeri\u0173 mar\u0161rut\u0173 planavimo programin\u0117 \u012franga - Logdio - delivery management tool","isPartOf":{"@id":"https:\/\/logdio.com\/lt\/#website"},"datePublished":"2021-08-16T09:50:12+00:00","dateModified":"2021-10-04T10:56:13+00:00","description":"Padidinkite kurjeri\u0173 produktyvum\u0105 naudodami \u201eLogdis\u201c mar\u0161ruto planavimo programin\u0119 \u012frang\u0105. Viskas viename sprendime pristatymo \u012fmon\u0117ms.","breadcrumb":{"@id":"https:\/\/logdio.com\/lt\/kurjeriu-marsrutu-planavimo-programine-iranga\/#breadcrumb"},"inLanguage":"lt-LT","potentialAction":[{"@type":"ReadAction","target":["https:\/\/logdio.com\/lt\/kurjeriu-marsrutu-planavimo-programine-iranga\/"]}]},{"@type":"BreadcrumbList","@id":"https:\/\/logdio.com\/lt\/kurjeriu-marsrutu-planavimo-programine-iranga\/#breadcrumb","itemListElement":[{"@type":"ListItem","position":1,"name":"Home","item":"https:\/\/logdio.com\/lt\/"},{"@type":"ListItem","position":2,"name":"Kurjeri\u0173 mar\u0161rut\u0173 planavimo programin\u0117 \u012franga"}]},{"@type":"WebSite","@id":"https:\/\/logdio.com\/lt\/#website","url":"https:\/\/logdio.com\/lt\/","name":"Logdio - delivery management tool","description":"Next level delivery management software","publisher":{"@id":"https:\/\/logdio.com\/lt\/#organization"},"potentialAction":[{"@type":"SearchAction","target":{"@type":"EntryPoint","urlTemplate":"https:\/\/logdio.com\/lt\/?s={search_term_string}"},"query-input":{"@type":"PropertyValueSpecification","valueRequired":true,"valueName":"search_term_string"}}],"inLanguage":"lt-LT"},{"@type":"Organization","@id":"https:\/\/logdio.com\/lt\/#organization","name":"Logdio","url":"https:\/\/logdio.com\/lt\/","logo":{"@type":"ImageObject","inLanguage":"lt-LT","@id":"https:\/\/logdio.com\/lt\/#\/schema\/logo\/image\/","url":"https:\/\/logdio.com\/wp-content\/uploads\/2021\/05\/Logdio.svg","contentUrl":"https:\/\/logdio.com\/wp-content\/uploads\/2021\/05\/Logdio.svg","width":4.44919,"height":1.1285,"caption":"Logdio"},"image":{"@id":"https:\/\/logdio.com\/lt\/#\/schema\/logo\/image\/"},"sameAs":["https:\/\/www.facebook.com\/logtime.eu\/","https:\/\/www.linkedin.com\/company\/logtime"]}]}},"_links":{"self":[{"href":"https:\/\/logdio.com\/lt\/wp-json\/wp\/v2\/pages\/1249","targetHints":{"allow":["GET"]}}],"collection":[{"href":"https:\/\/logdio.com\/lt\/wp-json\/wp\/v2\/pages"}],"about":[{"href":"https:\/\/logdio.com\/lt\/wp-json\/wp\/v2\/types\/page"}],"author":[{"embeddable":true,"href":"https:\/\/logdio.com\/lt\/wp-json\/wp\/v2\/users\/1"}],"replies":[{"embeddable":true,"href":"https:\/\/logdio.com\/lt\/wp-json\/wp\/v2\/comments?post=1249"}],"version-history":[{"count":12,"href":"https:\/\/logdio.com\/lt\/wp-json\/wp\/v2\/pages\/1249\/revisions"}],"predecessor-version":[{"id":14020,"href":"https:\/\/logdio.com\/lt\/wp-json\/wp\/v2\/pages\/1249\/revisions\/14020"}],"wp:attachment":[{"href":"https:\/\/logdio.com\/lt\/wp-json\/wp\/v2\/media?parent=1249"}],"curies":[{"name":"wp","href":"https:\/\/api.w.org\/{rel}","templated":true}]}}