{"id":1156,"date":"2021-08-13T13:34:54","date_gmt":"2021-08-13T10:34:54","guid":{"rendered":"https:\/\/logdio.com\/apie-mus\/"},"modified":"2023-08-21T00:34:54","modified_gmt":"2023-08-20T21:34:54","slug":"apie-mus","status":"publish","type":"page","link":"https:\/\/logdio.com\/lt\/apie-mus\/","title":{"rendered":"Apie mus"},"content":{"rendered":"\t\t<div data-elementor-type=\"wp-page\" data-elementor-id=\"1156\" class=\"elementor elementor-1156 elementor-25\" data-elementor-post-type=\"page\">\n\t\t\t\t\t\t<section class=\"has_ma_el_bg_slider elementor-section elementor-top-section elementor-element elementor-element-a8f2033 elementor-section-boxed elementor-section-height-default elementor-section-height-default jltma-glass-effect-no\" data-id=\"a8f2033\" data-element_type=\"section\" data-e-type=\"section\" data-settings=\"{&quot;jet_parallax_layout_list&quot;:[{&quot;jet_parallax_layout_image&quot;:{&quot;url&quot;:&quot;&quot;,&quot;id&quot;:&quot;&quot;,&quot;size&quot;:&quot;&quot;},&quot;_id&quot;:&quot;c7a9eeb&quot;,&quot;jet_parallax_layout_image_tablet&quot;:{&quot;url&quot;:&quot;&quot;,&quot;id&quot;:&quot;&quot;,&quot;size&quot;:&quot;&quot;},&quot;jet_parallax_layout_image_mobile&quot;:{&quot;url&quot;:&quot;&quot;,&quot;id&quot;:&quot;&quot;,&quot;size&quot;:&quot;&quot;},&quot;jet_parallax_layout_speed&quot;:{&quot;unit&quot;:&quot;%&quot;,&quot;size&quot;:50,&quot;sizes&quot;:[]},&quot;jet_parallax_layout_type&quot;:&quot;scroll&quot;,&quot;jet_parallax_layout_direction&quot;:null,&quot;jet_parallax_layout_fx_direction&quot;:null,&quot;jet_parallax_layout_z_index&quot;:&quot;&quot;,&quot;jet_parallax_layout_bg_x&quot;:50,&quot;jet_parallax_layout_bg_x_tablet&quot;:&quot;&quot;,&quot;jet_parallax_layout_bg_x_mobile&quot;:&quot;&quot;,&quot;jet_parallax_layout_bg_y&quot;:50,&quot;jet_parallax_layout_bg_y_tablet&quot;:&quot;&quot;,&quot;jet_parallax_layout_bg_y_mobile&quot;:&quot;&quot;,&quot;jet_parallax_layout_bg_size&quot;:&quot;auto&quot;,&quot;jet_parallax_layout_bg_size_tablet&quot;:&quot;&quot;,&quot;jet_parallax_layout_bg_size_mobile&quot;:&quot;&quot;,&quot;jet_parallax_layout_animation_prop&quot;:&quot;transform&quot;,&quot;jet_parallax_layout_on&quot;:[&quot;desktop&quot;,&quot;tablet&quot;]}]}\">\n\t\t\t\t\t\t<div class=\"elementor-container elementor-column-gap-default\">\n\t\t\t\t\t<div class=\"has_ma_el_bg_slider elementor-column elementor-col-100 elementor-top-column elementor-element elementor-element-7eff6e2 jltma-glass-effect-no\" data-id=\"7eff6e2\" data-element_type=\"column\" data-e-type=\"column\">\n\t\t\t<div class=\"elementor-widget-wrap elementor-element-populated\">\n\t\t\t\t\t\t<div class=\"elementor-element elementor-element-430a85f jltma-glass-effect-no elementor-widget elementor-widget-heading\" data-id=\"430a85f\" data-element_type=\"widget\" data-e-type=\"widget\" data-widget_type=\"heading.default\">\n\t\t\t\t<div class=\"elementor-widget-container\">\n\t\t\t\t\t<h1 class=\"elementor-heading-title elementor-size-default\">Apie \u201eLogtime\u201c<\/h1>\t\t\t\t<\/div>\n\t\t\t\t<\/div>\n\t\t\t\t<div class=\"elementor-element elementor-element-b127471 jltma-glass-effect-no elementor-widget elementor-widget-text-editor\" data-id=\"b127471\" data-element_type=\"widget\" data-e-type=\"widget\" data-widget_type=\"text-editor.default\">\n\t\t\t\t<div class=\"elementor-widget-container\">\n\t\t\t\t\t\t\t\t\t<p>Prisijunkite prie daugiau nei 1000 \u012fmoni\u0173, spartinan\u010di\u0173 savo pristatymo sistem\u0105 su \u201eLogdis\u201c<\/p>\n\t\t\t\t\t\t\t\t<\/div>\n\t\t\t\t<\/div>\n\t\t\t\t<div class=\"elementor-element elementor-element-41181d9 jltma-glass-effect-no elementor-widget elementor-widget-heading\" data-id=\"41181d9\" data-element_type=\"widget\" data-e-type=\"widget\" data-widget_type=\"heading.default\">\n\t\t\t\t<div class=\"elementor-widget-container\">\n\t\t\t\t\t<h2 class=\"elementor-heading-title elementor-size-default\">Kas mes esame<\/h2>\t\t\t\t<\/div>\n\t\t\t\t<\/div>\n\t\t\t\t<div class=\"elementor-element elementor-element-2a65ef8 jltma-glass-effect-no elementor-widget elementor-widget-text-editor\" data-id=\"2a65ef8\" data-element_type=\"widget\" data-e-type=\"widget\" data-widget_type=\"text-editor.default\">\n\t\t\t\t<div class=\"elementor-widget-container\">\n\t\t\t\t\t\t\t\t\t<p>\u201eLogtime\u201c yra patyrusi auk\u0161tos kvalifikacijos specialist\u0173 komanda. Mes kil\u0119 i\u0161 skirting\u0173 miest\u0173, esame skirtingo am\u017eiaus, ta\u010diau mus vienija aistra kurti B2B sprendimus, kuriais siekiama pad\u0117ti klientams lengviau, efektyviau ir pelningiau valdyti savo versl\u0105. Pagrindin\u0117 m\u016bs\u0173 kompetencijos sritis yra sprendimai, padedantys \u012fmon\u0117ms valdyti savo komandas \u0161ioje srityje. Mes specializuojam\u0117s mobili\u0173j\u0173 u\u017eduo\u010di\u0173 valdymo, pardavim\u0173 valdymo ir pristatymo valdymo sistem\u0173 k\u016brime. Mes teikiame sprendimus ir paslaugas, gerinan\u010dius \u012fvairi\u0173 r\u016b\u0161i\u0173 \u012fmoni\u0173 logistikos valdym\u0105, \u012fskaitant didmenin\u0117s ir ma\u017emenin\u0117s prekybos \u012fmones, atliek\u0173 tvarkym\u0105, skubios pagalbos tarnybas, kurjeri\u0173 paslaugas ir bet kokias kitas su paslaugomis susijusias \u012fmones, kurioms reikia realiu laiku steb\u0117ti produkt\u0173 u\u017esakymus, pristatymus, krovinius, laukus. paslaugas ir \u017emones.<\/p>\n\t\t\t\t\t\t\t\t<\/div>\n\t\t\t\t<\/div>\n\t\t\t\t<div class=\"elementor-element elementor-element-3cc6940 jltma-glass-effect-no elementor-widget elementor-widget-heading\" data-id=\"3cc6940\" data-element_type=\"widget\" data-e-type=\"widget\" data-widget_type=\"heading.default\">\n\t\t\t\t<div class=\"elementor-widget-container\">\n\t\t\t\t\t<h2 class=\"elementor-heading-title elementor-size-default\">M\u016bs\u0173 misija yra<\/h2>\t\t\t\t<\/div>\n\t\t\t\t<\/div>\n\t\t\t\t<div class=\"elementor-element elementor-element-bf56420 jltma-glass-effect-no elementor-widget elementor-widget-text-editor\" data-id=\"bf56420\" data-element_type=\"widget\" data-e-type=\"widget\" data-widget_type=\"text-editor.default\">\n\t\t\t\t<div class=\"elementor-widget-container\">\n\t\t\t\t\t\t\t\t\t<p>sukurti pa\u017eangiausius IT sprendimus, prieinamus vis\u0173 dyd\u017ei\u0173 \u012fmon\u0117ms. Mes darome visk\u0105, kad sukurtume kuo patogesnius ir patogesnius vartotojams sprendimus. Paprastai m\u016bs\u0173 klientams net nereikia vartotojo vadovo. \u0160ie sprendimai yra kruop\u0161\u010diai suprojektuoti ir pritaikyti, kad atitikt\u0173 konkre\u010dius kiekvieno kliento poreikius. Ir jie padeda m\u016bs\u0173 klientams tobulinti savo verslo procesus, padidinti pardavimus, suma\u017einti veiklos s\u0105naudas ir padidinti peln\u0105.<\/p>\n\t\t\t\t\t\t\t\t<\/div>\n\t\t\t\t<\/div>\n\t\t\t\t<div class=\"elementor-element elementor-element-fba2d37 jltma-glass-effect-no elementor-widget elementor-widget-heading\" data-id=\"fba2d37\" data-element_type=\"widget\" data-e-type=\"widget\" data-widget_type=\"heading.default\">\n\t\t\t\t<div class=\"elementor-widget-container\">\n\t\t\t\t\t<h2 class=\"elementor-heading-title elementor-size-default\">M\u016bs\u0173 vertyb\u0117s:<\/h2>\t\t\t\t<\/div>\n\t\t\t\t<\/div>\n\t\t\t\t<div class=\"elementor-element elementor-element-9a1a737 jltma-glass-effect-no elementor-widget elementor-widget-text-editor\" data-id=\"9a1a737\" data-element_type=\"widget\" data-e-type=\"widget\" data-widget_type=\"text-editor.default\">\n\t\t\t\t<div class=\"elementor-widget-container\">\n\t\t\t\t\t\t\t\t\t<p>Mes pl\u0117tojame ilgalaikes partnerystes su visais savo klientais, nes manome, kad tai yra geriausias b\u016bdas pad\u0117ti klientams gauti did\u017eiausi\u0105 naud\u0105 i\u0161 m\u016bs\u0173 sprendim\u0173. Tod\u0117l mes dirbame su savo klientais, kad sukurtume prid\u0117tin\u0119 vert\u0119, kuri leist\u0173 juos aplenkti konkurentus. \u0160ie pa\u017eang\u016bs \u012frankiai buvo i\u0161bandyti ir \u012frod\u0117, kad jie duoda puiki\u0173 rezultat\u0173. Visi m\u016bs\u0173 sprendimai suteikia i\u0161matuojamus ir patikrinamus rezultatus, kurie pagerina m\u016bs\u0173 klient\u0173 efektyvum\u0105 ir pelningum\u0105. Kadangi esame \u012fsipareigoj\u0119 pad\u0117ti savo klientams pasiekti nuolat auk\u0161t\u0173 rezultat\u0173, nuolat stengiam\u0117s gerinti savo paslaug\u0173 ir sprendim\u0173 kokyb\u0119.<\/p>\n\t\t\t\t\t\t\t\t<\/div>\n\t\t\t\t<\/div>\n\t\t\t\t<div class=\"elementor-element elementor-element-96fafbc jltma-glass-effect-no elementor-widget elementor-widget-heading\" data-id=\"96fafbc\" data-element_type=\"widget\" data-e-type=\"widget\" data-widget_type=\"heading.default\">\n\t\t\t\t<div class=\"elementor-widget-container\">\n\t\t\t\t\t<h2 class=\"elementor-heading-title elementor-size-default\">Raginimas veikti<\/h2>\t\t\t\t<\/div>\n\t\t\t\t<\/div>\n\t\t\t\t<div class=\"elementor-element elementor-element-ba20ede jltma-glass-effect-no elementor-widget elementor-widget-text-editor\" data-id=\"ba20ede\" data-element_type=\"widget\" data-e-type=\"widget\" data-widget_type=\"text-editor.default\">\n\t\t\t\t<div class=\"elementor-widget-container\">\n\t\t\t\t\t\t\t\t\t<p>Susisiekite su mumis ir gaukite daugiau informacijos arba papra\u0161ykite demonstracin\u0117s versijos. D\u017eiaugiam\u0117s gal\u0117dami jums pad\u0117ti, vadovaudamiesi \u0161iuo procesu ir suteikdami vis\u0105 reikiam\u0105 pagalb\u0105. Prad\u0117kite nemokam\u0105 bandom\u0105j\u0105 versij\u0105 ir pa\u017ei\u016br\u0117kite, kiek pinig\u0173 ir laiko galite sutaupyti. Veik dabar!<\/p>\n\t\t\t\t\t\t\t\t<\/div>\n\t\t\t\t<\/div>\n\t\t\t\t\t<\/div>\n\t\t<\/div>\n\t\t\t\t\t<\/div>\n\t\t<\/section>\n\t\t\t\t<\/div>\n\t\t","protected":false},"excerpt":{"rendered":"<p>Apie \u201eLogtime\u201c Prisijunkite prie daugiau nei 1000 \u012fmoni\u0173, spartinan\u010di\u0173 savo pristatymo sistem\u0105 su \u201eLogdis\u201c Kas mes esame \u201eLogtime\u201c yra patyrusi auk\u0161tos kvalifikacijos specialist\u0173 komanda. Mes kil\u0119 i\u0161 skirting\u0173 miest\u0173, esame skirtingo am\u017eiaus, ta\u010diau mus vienija aistra kurti B2B sprendimus, kuriais siekiama pad\u0117ti klientams lengviau, efektyviau ir pelningiau valdyti savo versl\u0105. Pagrindin\u0117 m\u016bs\u0173 kompetencijos sritis yra [&hellip;]<\/p>\n","protected":false},"author":1,"featured_media":0,"parent":0,"menu_order":0,"comment_status":"closed","ping_status":"closed","template":"elementor_header_footer","meta":{"footnotes":""},"class_list":["post-1156","page","type-page","status-publish","hentry"],"yoast_head":"<!-- This site is optimized with the Yoast SEO plugin v26.8 - https:\/\/yoast.com\/product\/yoast-seo-wordpress\/ -->\n<title>Apie mus - Logdio - delivery management tool - viskas viename sprendime!<\/title>\n<meta name=\"description\" content=\"\u201eLogdio\u201c pristatymo valdymo programin\u0117 \u012franga. Mobilus viskas viename sprendime optimizuojant mar\u0161rut\u0105 ir stebint pristatym\u0105 realiuoju laiku. Spustel\u0117kite \u010dia, kad su\u017einotum\u0117te daugiau apie mus.\" \/>\n<meta name=\"robots\" content=\"index, follow, max-snippet:-1, max-image-preview:large, max-video-preview:-1\" \/>\n<link rel=\"canonical\" href=\"https:\/\/logdio.com\/lt\/apie-mus\/\" \/>\n<meta property=\"og:locale\" content=\"lt_LT\" \/>\n<meta property=\"og:type\" content=\"article\" \/>\n<meta property=\"og:title\" content=\"Apie mus - Logdio - delivery management tool - viskas viename sprendime!\" \/>\n<meta property=\"og:description\" content=\"\u201eLogdio\u201c pristatymo valdymo programin\u0117 \u012franga. Mobilus viskas viename sprendime optimizuojant mar\u0161rut\u0105 ir stebint pristatym\u0105 realiuoju laiku. Spustel\u0117kite \u010dia, kad su\u017einotum\u0117te daugiau apie mus.\" \/>\n<meta property=\"og:url\" content=\"https:\/\/logdio.com\/lt\/apie-mus\/\" \/>\n<meta property=\"og:site_name\" content=\"Logdio - delivery management tool\" \/>\n<meta property=\"article:publisher\" content=\"https:\/\/www.facebook.com\/logtime.eu\/\" \/>\n<meta property=\"article:modified_time\" content=\"2023-08-20T21:34:54+00:00\" \/>\n<meta name=\"twitter:card\" content=\"summary_large_image\" \/>\n<meta name=\"twitter:label1\" content=\"Est. reading time\" \/>\n\t<meta name=\"twitter:data1\" content=\"2 minut\u0117s\" \/>\n<script type=\"application\/ld+json\" class=\"yoast-schema-graph\">{\"@context\":\"https:\/\/schema.org\",\"@graph\":[{\"@type\":\"WebPage\",\"@id\":\"https:\/\/logdio.com\/lt\/apie-mus\/\",\"url\":\"https:\/\/logdio.com\/lt\/apie-mus\/\",\"name\":\"Apie mus - Logdio - delivery management tool - viskas viename sprendime!\",\"isPartOf\":{\"@id\":\"https:\/\/logdio.com\/lt\/#website\"},\"datePublished\":\"2021-08-13T10:34:54+00:00\",\"dateModified\":\"2023-08-20T21:34:54+00:00\",\"description\":\"\u201eLogdio\u201c pristatymo valdymo programin\u0117 \u012franga. Mobilus viskas viename sprendime optimizuojant mar\u0161rut\u0105 ir stebint pristatym\u0105 realiuoju laiku. Spustel\u0117kite \u010dia, kad su\u017einotum\u0117te daugiau apie mus.\",\"breadcrumb\":{\"@id\":\"https:\/\/logdio.com\/lt\/apie-mus\/#breadcrumb\"},\"inLanguage\":\"lt-LT\",\"potentialAction\":[{\"@type\":\"ReadAction\",\"target\":[\"https:\/\/logdio.com\/lt\/apie-mus\/\"]}]},{\"@type\":\"BreadcrumbList\",\"@id\":\"https:\/\/logdio.com\/lt\/apie-mus\/#breadcrumb\",\"itemListElement\":[{\"@type\":\"ListItem\",\"position\":1,\"name\":\"Home\",\"item\":\"https:\/\/logdio.com\/lt\/\"},{\"@type\":\"ListItem\",\"position\":2,\"name\":\"Apie mus\"}]},{\"@type\":\"WebSite\",\"@id\":\"https:\/\/logdio.com\/lt\/#website\",\"url\":\"https:\/\/logdio.com\/lt\/\",\"name\":\"Logdio - delivery management tool\",\"description\":\"Next level delivery management software\",\"publisher\":{\"@id\":\"https:\/\/logdio.com\/lt\/#organization\"},\"potentialAction\":[{\"@type\":\"SearchAction\",\"target\":{\"@type\":\"EntryPoint\",\"urlTemplate\":\"https:\/\/logdio.com\/lt\/?s={search_term_string}\"},\"query-input\":{\"@type\":\"PropertyValueSpecification\",\"valueRequired\":true,\"valueName\":\"search_term_string\"}}],\"inLanguage\":\"lt-LT\"},{\"@type\":\"Organization\",\"@id\":\"https:\/\/logdio.com\/lt\/#organization\",\"name\":\"Logdio\",\"url\":\"https:\/\/logdio.com\/lt\/\",\"logo\":{\"@type\":\"ImageObject\",\"inLanguage\":\"lt-LT\",\"@id\":\"https:\/\/logdio.com\/lt\/#\/schema\/logo\/image\/\",\"url\":\"https:\/\/logdio.com\/wp-content\/uploads\/2021\/05\/Logdio.svg\",\"contentUrl\":\"https:\/\/logdio.com\/wp-content\/uploads\/2021\/05\/Logdio.svg\",\"width\":4.44919,\"height\":1.1285,\"caption\":\"Logdio\"},\"image\":{\"@id\":\"https:\/\/logdio.com\/lt\/#\/schema\/logo\/image\/\"},\"sameAs\":[\"https:\/\/www.facebook.com\/logtime.eu\/\",\"https:\/\/www.linkedin.com\/company\/logtime\"]}]}<\/script>\n<!-- \/ Yoast SEO plugin. -->","yoast_head_json":{"title":"Apie mus - Logdio - delivery management tool - viskas viename sprendime!","description":"\u201eLogdio\u201c pristatymo valdymo programin\u0117 \u012franga. Mobilus viskas viename sprendime optimizuojant mar\u0161rut\u0105 ir stebint pristatym\u0105 realiuoju laiku. Spustel\u0117kite \u010dia, kad su\u017einotum\u0117te daugiau apie mus.","robots":{"index":"index","follow":"follow","max-snippet":"max-snippet:-1","max-image-preview":"max-image-preview:large","max-video-preview":"max-video-preview:-1"},"canonical":"https:\/\/logdio.com\/lt\/apie-mus\/","og_locale":"lt_LT","og_type":"article","og_title":"Apie mus - Logdio - delivery management tool - viskas viename sprendime!","og_description":"\u201eLogdio\u201c pristatymo valdymo programin\u0117 \u012franga. Mobilus viskas viename sprendime optimizuojant mar\u0161rut\u0105 ir stebint pristatym\u0105 realiuoju laiku. Spustel\u0117kite \u010dia, kad su\u017einotum\u0117te daugiau apie mus.","og_url":"https:\/\/logdio.com\/lt\/apie-mus\/","og_site_name":"Logdio - delivery management tool","article_publisher":"https:\/\/www.facebook.com\/logtime.eu\/","article_modified_time":"2023-08-20T21:34:54+00:00","twitter_card":"summary_large_image","twitter_misc":{"Est. reading time":"2 minut\u0117s"},"schema":{"@context":"https:\/\/schema.org","@graph":[{"@type":"WebPage","@id":"https:\/\/logdio.com\/lt\/apie-mus\/","url":"https:\/\/logdio.com\/lt\/apie-mus\/","name":"Apie mus - Logdio - delivery management tool - viskas viename sprendime!","isPartOf":{"@id":"https:\/\/logdio.com\/lt\/#website"},"datePublished":"2021-08-13T10:34:54+00:00","dateModified":"2023-08-20T21:34:54+00:00","description":"\u201eLogdio\u201c pristatymo valdymo programin\u0117 \u012franga. Mobilus viskas viename sprendime optimizuojant mar\u0161rut\u0105 ir stebint pristatym\u0105 realiuoju laiku. Spustel\u0117kite \u010dia, kad su\u017einotum\u0117te daugiau apie mus.","breadcrumb":{"@id":"https:\/\/logdio.com\/lt\/apie-mus\/#breadcrumb"},"inLanguage":"lt-LT","potentialAction":[{"@type":"ReadAction","target":["https:\/\/logdio.com\/lt\/apie-mus\/"]}]},{"@type":"BreadcrumbList","@id":"https:\/\/logdio.com\/lt\/apie-mus\/#breadcrumb","itemListElement":[{"@type":"ListItem","position":1,"name":"Home","item":"https:\/\/logdio.com\/lt\/"},{"@type":"ListItem","position":2,"name":"Apie mus"}]},{"@type":"WebSite","@id":"https:\/\/logdio.com\/lt\/#website","url":"https:\/\/logdio.com\/lt\/","name":"Logdio - delivery management tool","description":"Next level delivery management software","publisher":{"@id":"https:\/\/logdio.com\/lt\/#organization"},"potentialAction":[{"@type":"SearchAction","target":{"@type":"EntryPoint","urlTemplate":"https:\/\/logdio.com\/lt\/?s={search_term_string}"},"query-input":{"@type":"PropertyValueSpecification","valueRequired":true,"valueName":"search_term_string"}}],"inLanguage":"lt-LT"},{"@type":"Organization","@id":"https:\/\/logdio.com\/lt\/#organization","name":"Logdio","url":"https:\/\/logdio.com\/lt\/","logo":{"@type":"ImageObject","inLanguage":"lt-LT","@id":"https:\/\/logdio.com\/lt\/#\/schema\/logo\/image\/","url":"https:\/\/logdio.com\/wp-content\/uploads\/2021\/05\/Logdio.svg","contentUrl":"https:\/\/logdio.com\/wp-content\/uploads\/2021\/05\/Logdio.svg","width":4.44919,"height":1.1285,"caption":"Logdio"},"image":{"@id":"https:\/\/logdio.com\/lt\/#\/schema\/logo\/image\/"},"sameAs":["https:\/\/www.facebook.com\/logtime.eu\/","https:\/\/www.linkedin.com\/company\/logtime"]}]}},"_links":{"self":[{"href":"https:\/\/logdio.com\/lt\/wp-json\/wp\/v2\/pages\/1156","targetHints":{"allow":["GET"]}}],"collection":[{"href":"https:\/\/logdio.com\/lt\/wp-json\/wp\/v2\/pages"}],"about":[{"href":"https:\/\/logdio.com\/lt\/wp-json\/wp\/v2\/types\/page"}],"author":[{"embeddable":true,"href":"https:\/\/logdio.com\/lt\/wp-json\/wp\/v2\/users\/1"}],"replies":[{"embeddable":true,"href":"https:\/\/logdio.com\/lt\/wp-json\/wp\/v2\/comments?post=1156"}],"version-history":[{"count":15,"href":"https:\/\/logdio.com\/lt\/wp-json\/wp\/v2\/pages\/1156\/revisions"}],"predecessor-version":[{"id":27289,"href":"https:\/\/logdio.com\/lt\/wp-json\/wp\/v2\/pages\/1156\/revisions\/27289"}],"wp:attachment":[{"href":"https:\/\/logdio.com\/lt\/wp-json\/wp\/v2\/media?parent=1156"}],"curies":[{"name":"wp","href":"https:\/\/api.w.org\/{rel}","templated":true}]}}