{"id":7526,"date":"2021-08-23T22:02:01","date_gmt":"2021-08-23T19:02:01","guid":{"rendered":"https:\/\/logdio.com\/software-di-gestione-delle-consegne\/"},"modified":"2023-08-21T00:31:06","modified_gmt":"2023-08-20T21:31:06","slug":"software-di-gestione-delle-consegne","status":"publish","type":"page","link":"https:\/\/logdio.com\/it\/software-di-gestione-delle-consegne\/","title":{"rendered":"Software di gestione delle consegne"},"content":{"rendered":"\t\t<div data-elementor-type=\"wp-page\" data-elementor-id=\"7526\" class=\"elementor elementor-7526 elementor-1051\" data-elementor-post-type=\"page\">\n\t\t\t\t\t\t<section class=\"has_ma_el_bg_slider elementor-section elementor-top-section elementor-element elementor-element-7029e7e elementor-section-boxed elementor-section-height-default elementor-section-height-default jltma-glass-effect-no\" data-id=\"7029e7e\" data-element_type=\"section\" data-e-type=\"section\" data-settings=\"{&quot;jet_parallax_layout_list&quot;:[{&quot;jet_parallax_layout_image&quot;:{&quot;url&quot;:&quot;&quot;,&quot;id&quot;:&quot;&quot;,&quot;size&quot;:&quot;&quot;},&quot;_id&quot;:&quot;efca056&quot;,&quot;jet_parallax_layout_image_tablet&quot;:{&quot;url&quot;:&quot;&quot;,&quot;id&quot;:&quot;&quot;,&quot;size&quot;:&quot;&quot;},&quot;jet_parallax_layout_image_mobile&quot;:{&quot;url&quot;:&quot;&quot;,&quot;id&quot;:&quot;&quot;,&quot;size&quot;:&quot;&quot;},&quot;jet_parallax_layout_speed&quot;:{&quot;unit&quot;:&quot;%&quot;,&quot;size&quot;:50,&quot;sizes&quot;:[]},&quot;jet_parallax_layout_type&quot;:&quot;scroll&quot;,&quot;jet_parallax_layout_direction&quot;:null,&quot;jet_parallax_layout_fx_direction&quot;:null,&quot;jet_parallax_layout_z_index&quot;:&quot;&quot;,&quot;jet_parallax_layout_bg_x&quot;:50,&quot;jet_parallax_layout_bg_x_tablet&quot;:&quot;&quot;,&quot;jet_parallax_layout_bg_x_mobile&quot;:&quot;&quot;,&quot;jet_parallax_layout_bg_y&quot;:50,&quot;jet_parallax_layout_bg_y_tablet&quot;:&quot;&quot;,&quot;jet_parallax_layout_bg_y_mobile&quot;:&quot;&quot;,&quot;jet_parallax_layout_bg_size&quot;:&quot;auto&quot;,&quot;jet_parallax_layout_bg_size_tablet&quot;:&quot;&quot;,&quot;jet_parallax_layout_bg_size_mobile&quot;:&quot;&quot;,&quot;jet_parallax_layout_animation_prop&quot;:&quot;transform&quot;,&quot;jet_parallax_layout_on&quot;:[&quot;desktop&quot;,&quot;tablet&quot;]}]}\">\n\t\t\t\t\t\t<div class=\"elementor-container elementor-column-gap-default\">\n\t\t\t\t\t<div class=\"has_ma_el_bg_slider elementor-column elementor-col-100 elementor-top-column elementor-element elementor-element-b29a765 jltma-glass-effect-no\" data-id=\"b29a765\" data-element_type=\"column\" data-e-type=\"column\">\n\t\t\t<div class=\"elementor-widget-wrap elementor-element-populated\">\n\t\t\t\t\t\t<div class=\"elementor-element elementor-element-7982dc4 jltma-glass-effect-no elementor-widget elementor-widget-heading\" data-id=\"7982dc4\" data-element_type=\"widget\" data-e-type=\"widget\" data-widget_type=\"heading.default\">\n\t\t\t\t<div class=\"elementor-widget-container\">\n\t\t\t\t\t<h1 class=\"elementor-heading-title elementor-size-default\">Software di gestione delle consegne: Una guida completa<\/h1>\t\t\t\t<\/div>\n\t\t\t\t<\/div>\n\t\t\t\t\t<\/div>\n\t\t<\/div>\n\t\t\t\t\t<\/div>\n\t\t<\/section>\n\t\t\t\t<section class=\"has_ma_el_bg_slider elementor-section elementor-top-section elementor-element elementor-element-96ad6eb elementor-section-boxed elementor-section-height-default elementor-section-height-default jltma-glass-effect-no\" data-id=\"96ad6eb\" data-element_type=\"section\" data-e-type=\"section\" data-settings=\"{&quot;jet_parallax_layout_list&quot;:[{&quot;jet_parallax_layout_image&quot;:{&quot;url&quot;:&quot;&quot;,&quot;id&quot;:&quot;&quot;,&quot;size&quot;:&quot;&quot;},&quot;_id&quot;:&quot;d3a1587&quot;,&quot;jet_parallax_layout_image_tablet&quot;:{&quot;url&quot;:&quot;&quot;,&quot;id&quot;:&quot;&quot;,&quot;size&quot;:&quot;&quot;},&quot;jet_parallax_layout_image_mobile&quot;:{&quot;url&quot;:&quot;&quot;,&quot;id&quot;:&quot;&quot;,&quot;size&quot;:&quot;&quot;},&quot;jet_parallax_layout_speed&quot;:{&quot;unit&quot;:&quot;%&quot;,&quot;size&quot;:50,&quot;sizes&quot;:[]},&quot;jet_parallax_layout_type&quot;:&quot;scroll&quot;,&quot;jet_parallax_layout_direction&quot;:null,&quot;jet_parallax_layout_fx_direction&quot;:null,&quot;jet_parallax_layout_z_index&quot;:&quot;&quot;,&quot;jet_parallax_layout_bg_x&quot;:50,&quot;jet_parallax_layout_bg_x_tablet&quot;:&quot;&quot;,&quot;jet_parallax_layout_bg_x_mobile&quot;:&quot;&quot;,&quot;jet_parallax_layout_bg_y&quot;:50,&quot;jet_parallax_layout_bg_y_tablet&quot;:&quot;&quot;,&quot;jet_parallax_layout_bg_y_mobile&quot;:&quot;&quot;,&quot;jet_parallax_layout_bg_size&quot;:&quot;auto&quot;,&quot;jet_parallax_layout_bg_size_tablet&quot;:&quot;&quot;,&quot;jet_parallax_layout_bg_size_mobile&quot;:&quot;&quot;,&quot;jet_parallax_layout_animation_prop&quot;:&quot;transform&quot;,&quot;jet_parallax_layout_on&quot;:[&quot;desktop&quot;,&quot;tablet&quot;]}]}\">\n\t\t\t\t\t\t<div class=\"elementor-container elementor-column-gap-default\">\n\t\t\t\t\t<div class=\"has_ma_el_bg_slider elementor-column elementor-col-100 elementor-top-column elementor-element elementor-element-e9851f5 jltma-glass-effect-no\" data-id=\"e9851f5\" data-element_type=\"column\" data-e-type=\"column\">\n\t\t\t<div class=\"elementor-widget-wrap elementor-element-populated\">\n\t\t\t\t\t\t<div class=\"elementor-element elementor-element-cbf76de jltma-glass-effect-no elementor-widget elementor-widget-text-editor\" data-id=\"cbf76de\" data-element_type=\"widget\" data-e-type=\"widget\" data-widget_type=\"text-editor.default\">\n\t\t\t\t<div class=\"elementor-widget-container\">\n\t\t\t\t\t\t\t\t\t<p>Uno degli obiettivi pi\u00f9 importanti di qualsiasi attivit\u00e0 di consegna \u00e8 quello di combinare tutti i processi di consegna sotto un unico sistema. Gestire tutte le operazioni manualmente richiede molto tempo. Ecco perch\u00e9 il software di gestione delle consegne \u00e8 una necessit\u00e0 per le aziende moderne.  <\/p>\n<p>Il software di monitoraggio delle consegne permette alle imprese di consegnare on-demand in meno tempo, ridurre i costi operativi e aumentare la produttivit\u00e0. Le aziende esperte stanno rapidamente implementando sistemi avanzati di gestione delle consegne per migliorare il servizio ai clienti e aumentare la loro fedelt\u00e0.<\/p>\n<\/p>\n<h3>Cos&#8217;\u00e8 il software di gestione delle consegne?<\/h3>\n<p>Il software di gestione delle consegne pu\u00f2 essere definito come una piattaforma che digitalizza le operazioni logistiche di base come la spedizione, la distribuzione dei compiti e l&#8217;assegnazione degli ordini, il monitoraggio dei veicoli, la pianificazione dei percorsi e altro ancora. Il software esegue pi\u00f9 compiti alla volta:<\/p>\n<ul>\n<li>comprende i modelli di tempo e di traffico e traccia il movimento delle merci,  <\/li>\n<li>fornisce un alto livello di trasparenza logistica,  <\/li>\n<li>abbassa il costo per miglio, genera tempi di arrivo precisi,  <\/li>\n<li>elimina gli arretrati e migliora il servizio clienti.  <\/li>\n<\/ul>\n<p>In altre parole, permette agli attori della logistica come i dispatcher e i responsabili delle consegne di gestire le operazioni dell&#8217;ultimo miglio in modo impeccabile.<\/p>\n<\/p>\n<h2>Quali compiti risolve il software di gestione delle consegne?<\/h2>\n<p>Questo software pu\u00f2 aiutare il vostro business in ogni fase perch\u00e9 le possibilit\u00e0 di un tale strumento sono molto ampie. Diamo un&#8217;occhiata a ci\u00f2 che ti offre in diverse fasi e livelli:<\/p>\n<\/p>\n<h3>Adempimento dell&#8217;ordine<\/h3>\n<p>Ora tutti i vostri ordini sono raccolti in un unico posto; \u00e8 facile per voi gestirli e tenerne traccia. Anche le informazioni sui clienti, la loro posizione e tutti i dati necessari sono in un unico sistema integrato. Quindi, sar\u00e0 molto pi\u00f9 facile da navigare per tutto il personale e ci vorr\u00e0 molto meno tempo per elaborare gli ordini.<\/p>\n<\/p>\n<h3>Pianificazione delle spedizioni<\/h3>\n<p>Pu\u00f2 distribuire automaticamente gli ordini e le merci, ottimizzare la consegna e il percorso, e calcolare il tempo di arrivo al punto finale. Sia l&#8217;autista che il cliente possono ricevere notifiche con tutte le informazioni di cui hanno bisogno.<\/p>\n<\/p>\n<h3>Consegna<\/h3>\n<p>Prima di tutto &#8211; fornisce la navigazione, una comoda pianificazione del percorso per l&#8217;autista e il monitoraggio delle consegne in tempo reale per il cliente. Inoltre, in caso di ingorghi o altri ritardi imprevisti, il tempo di arrivo stimato pu\u00f2 essere regolato in tempo reale.<\/p>\n<\/p>\n<h3>Notifiche di tempo<\/h3>\n<p>Le notifiche sui tempi di consegna e il monitoraggio delle mappe aumentano significativamente la soddisfazione del cliente. La conferma digitale della consegna ti aiuter\u00e0 a tracciare le prestazioni dell&#8217;autista, e il feedback istantaneo dei clienti ti avviciner\u00e0 ancora di pi\u00f9 al tuo pubblico di riferimento.<\/p>\n<\/p>\n<h3>Analytics<\/h3>\n<p>L&#8217;area di consegna, le prestazioni, le statistiche degli ordini e altri dati saranno sempre a portata di mano. Vi aiuter\u00e0 a monitorare l&#8217;efficienza del vostro sistema.<\/p>\n<\/p>\n<h3>Integrazione<\/h3>\n<p>I programmi per i servizi di consegna possono essere facilmente integrati con altri servizi dell&#8217;azienda per creare un unico sistema di registrazione di tutte le informazioni necessarie.<\/p>\n<\/p>\n<h2>Come applicare un sistema di gestione delle consegne nella vostra azienda?<\/h2>\n<\/p>\n<p>Il software di gestione delle consegne \u00e8 conveniente per qualsiasi campo che richiede il ritiro e la consegna, come supermercati, siti web di e-commerce, farmacie, ristoranti, ecc.<\/p>\n<p>Se stai gestendo questi tipi di attivit\u00e0, dovresti contattare i migliori fornitori di servizi. Ci sono molte opzioni disponibili nel mercato online. Scegliete quello che soddisfa le vostre esigenze e vi fornisce la soluzione migliore. I fornitori di servizi valutano le vostre esigenze e vi offrono il servizio pertinente.  <\/p>\n<\/p>\n<h2>Quali sono i vantaggi di un sistema di gestione delle consegne?<\/h2>\n<p>La gestione delle consegne riguarda il miglioramento dei processi. Il software di monitoraggio delle consegne \u00e8 la soluzione migliore per qualsiasi azienda che cerca di ridurre i costi eseguendo pi\u00f9 consegne con meno risorse e mantenendo un alto livello di servizio per i clienti. Ci sono molti vantaggi del software di gestione delle consegne come:  <\/p>\n<\/p>\n<h3>Presentazione automatica<\/h3>\n<p>Per un&#8217;attivit\u00e0 di consegna on-demand su larga scala, sar\u00e0 vantaggioso automatizzare il processo di spedizione in una certa misura. A differenza delle consegne programmate, le aziende on-demand devono spedire man mano che arrivano nuovi ordini. Invece di avere a che fare con un sacco di ordini in arrivo, usa strumenti per distribuire programmaticamente gli ordini agli autisti vicini che possono effettivamente consegnare l&#8217;ordine entro il tempo assegnato. L&#8217;automazione delle spedizioni libera del tempo prezioso per la gestione per concentrarsi sulla gestione delle eccezioni e sulla soddisfazione del cliente.<\/p>\n<\/p>\n<h3>Ottimizzazione del percorso<\/h3>\n<p>Piuttosto che instradare manualmente ogni compito, vengono utilizzati algoritmi di ottimizzazione dei percorsi per generare percorsi pi\u00f9 adatti in meno tempo. Il software avanzato di automazione delle consegne pu\u00f2 considerare vincoli come la capacit\u00e0 del veicolo, le finestre di consegna, gli orari degli autisti e i modelli di traffico per suggerire il percorso migliore per gli autisti. Inoltre, questo strumento pu\u00f2 anche determinare i tempi di arrivo stimati, che possono essere utilizzati per scopi interni e comunicazioni con i clienti.<\/p>\n<\/p>\n<h3>Localizzazione del veicolo<\/h3>\n<p>Gli autisti stanno andando verso la loro prossima consegna o si dirigono accidentalmente nella direzione sbagliata? Sono bloccati nel traffico pesante? La visibilit\u00e0 delle posizioni dei veicoli pu\u00f2 aiutare un dispatcher a capire quando l&#8217;autista potrebbe andare fuori rotta, risparmiare risorse preziose ed evitare ritardi costosi. I team di assistenza clienti utilizzano anche la localizzazione dei veicoli per informare i loro clienti quando \u00e8 prevista la loro consegna. Questo software usa i dati per fornire ai clienti una grande esperienza mentre aspettano la consegna.<\/p>\n<\/p>\n<h3>Conferma di consegna (prova di consegna)<\/h3>\n<p>Questo significa ricevere una firma dal cliente che conferma la ricezione del pacco per alcune operazioni. Per altri, pu\u00f2 essere una fotografia del luogo dove il pacco\/corriere \u00e8 stato lasciato per condividerlo con l&#8217;acquirente pi\u00f9 tardi. Al giorno d&#8217;oggi, sono disponibili opzioni pi\u00f9 avanzate che utilizzano la scansione di codici a barre per garantire che il pacchetto giusto sia consegnato al luogo specificato. Questa catena di approvvigionamento \u00e8 particolarmente essenziale per i prodotti farmaceutici, i documenti e altri prodotti sensibili.<\/p>\n<\/p>\n<h3>Comunicazione tra il team e i clienti<\/h3>\n<p>I vostri dispatcher e i vostri autisti potrebbero non aver mai bisogno di comunicare via testo o voce. Gli spedizionieri stabiliscono i compiti e gli autisti li eseguono. Tuttavia, nel mondo reale, \u00e8 necessario facilitare la comunicazione tra i membri del team. Supponiamo che un autista abbia problemi a trovare un punto di consegna o a contattare un cliente. In questo caso, spesso si rivolge prima al dispatcher per un consiglio. Questa guida \u00e8 uno dei componenti importanti della gestione delle consegne. Con la chat in tempo reale, queste comunicazioni sono semplificate e migliorate dal contesto aggiunto della posizione dell&#8217;autista e dai dettagli della sua consegna attiva.<\/p>\n<\/p>\n<h3>Alcuni benefici aggiuntivi:<\/h3>\n<p>Gli obiettivi degli strumenti di gestione delle consegne possono essere diversi, principalmente a seconda dei compiti che l&#8217;impresa vuole risolvere. Di conseguenza, i benefici dipendono anche da quale strumento particolare \u00e8 in questione. Ma con un approccio olistico, \u00e8 possibile ottenere il massimo dall&#8217;automazione:<\/p>\n<ul>\n<li>Risparmiate tempo e denaro, compresi i costi di manodopera e di spedizione;<\/li>\n<li>Consegna sicura del cibo con meno contatto umano;<\/li>\n<li>Sicurezza garantita per il conducente;<\/li>\n<li>Maggiore precisione degli ordini;<\/li>\n<li>Pianificazione efficace di consegne multiple;<\/li>\n<li>Ottimizzazione dei percorsi in tempo reale;<\/li>\n<li>Automazione della spedizione;<\/li>\n<li>Alto livello di trasparenza per i clienti;<\/li>\n<li>Brevi termini di fatturato;<\/li>\n<li>Automazione della distribuzione dei compiti;<\/li>\n<li>Ridurre i rischi del trasporto;<\/li>\n<\/ul>\n<ul>\n<li>A causa dell&#8217;aumento degli affari, anche le aspettative dei clienti sono aumentate. Pertanto, in una tale situazione, ottimizzare l&#8217;ultimo miglio \u00e8 importante per fornire alle persone un servizio migliore.<\/li>\n<\/ul>\n<\/p>\n<h2><strong>Quanto costa?<\/strong><\/h2>\n<p>Ci sono molte opzioni disponibili per voi quando scegliete un software di gestione delle consegne per il vostro business. Ogni fornitore di servizi di gestione delle consegne IT ha un prezzo diverso per abbonamento e un metodo di fatturazione diverso. Inoltre, il costo del servizio dipende dalle vostre esigenze. Se vuoi meno funzioni, devi pagare meno. Ma si stima che, in media, il prezzo del software di gestione delle consegne si trova tra 182 e 250 dollari al mese.<\/p>\n<\/p>\n<h2><strong>Perch\u00e9 scegliere Logdio?<\/strong><\/h2>\n<p>Il compito principale di Logdio \u00e8 quello di ridurre l&#8217;influenza del fattore umano e aumentare l&#8217;efficienza della consegna di ordini, merci, beni e servizi, facilitando il laborioso processo di ricezione e distribuzione degli ordini ai corrieri, autisti, cos\u00ec come l&#8217;ottimizzazione dei costi di mantenimento della flotta e degli autisti.<\/p>\n<p>Come tutti sappiamo, la comunicazione gioca un ruolo chiave in qualsiasi azienda, quindi i clienti possono comunicare con l&#8217;amministratore secondo le necessit\u00e0. Questo \u00e8 il miglior servizio che Logdio fornisce in questo caso.<\/p>\n<p>Logdio aiuta a raggiungere alti risultati con il suo software di tracciamento delle consegne. \u00c8 con questo strumento che potete facilmente monitorare le prestazioni complessive del vostro business. Quindi, dovete provarlo.  <\/p>\n<\/p>\n<h2><strong>Riassumiamo<\/strong><\/h2>\n<p>Il software di gestione delle consegne \u00e8 fondamentale per ottimizzare la consegna. Digitalizzando e collegando le parti e i processi disparati coinvolti nella consegna, il software di consegna dei corrieri aiuta le aziende a semplificare la consegna &#8211; dalla pianificazione del percorso e la spedizione al monitoraggio in tempo reale del cliente e alla conferma digitale della consegna.<\/p>\n<p>Un software saggiamente selezionato pu\u00f2 aiutare le aziende di consegna a raggiungere un livello di maturit\u00e0 di automazione. Porter\u00e0 anche ad un aumento della vostra base di clienti fedeli e dei benefici. Inoltre, automatizzare la consegna dei corrieri in tempi di crisi vi aiuter\u00e0 ad alzare il livello del vostro business e a continuare a consegnare in modo molto pi\u00f9 efficiente. Si pu\u00f2 essere confusi da un sacco di opzioni disponibili sul mercato online. Quindi fate attenzione a tutte le caratteristiche, i costi e l&#8217;efficacia del software prima di selezionarlo.  <\/p>\n<p>Se avete domande o l&#8217;idea di un progetto \u00e8 maturata &#8211; lasciate una richiesta sul nostro sito web o chiamate il numero di telefono specificato. I nostri manager saranno felici di rispondere a tutte le vostre domande e di aiutarvi a scegliere la migliore soluzione che risolver\u00e0 i problemi e i compiti del vostro business.<\/p><\/p>\n\t\t\t\t\t\t\t\t<\/div>\n\t\t\t\t<\/div>\n\t\t\t\t\t<\/div>\n\t\t<\/div>\n\t\t\t\t\t<\/div>\n\t\t<\/section>\n\t\t\t\t<\/div>\n\t\t","protected":false},"excerpt":{"rendered":"<p>Software di gestione delle consegne: Una guida completa Uno degli obiettivi pi\u00f9 importanti di qualsiasi attivit\u00e0 di consegna \u00e8 quello di combinare tutti i processi di consegna sotto un unico sistema. Gestire tutte le operazioni manualmente richiede molto tempo. Ecco perch\u00e9 il software di gestione delle consegne \u00e8 una necessit\u00e0 per le aziende moderne. Il [&hellip;]<\/p>\n","protected":false},"author":1,"featured_media":0,"parent":0,"menu_order":0,"comment_status":"closed","ping_status":"closed","template":"elementor_header_footer","meta":{"footnotes":""},"class_list":["post-7526","page","type-page","status-publish","hentry"],"yoast_head":"<!-- This site is optimized with the Yoast SEO plugin v26.8 - https:\/\/yoast.com\/product\/yoast-seo-wordpress\/ -->\n<title>Software di gestione delle consegne - Logdio - delivery management tool<\/title>\n<meta name=\"description\" content=\"Aumentate la vostra produttivit\u00e0 con il software di gestione delle consegne Logdis. Tutto in una soluzione per le imprese di consegna.\" \/>\n<meta name=\"robots\" content=\"index, follow, max-snippet:-1, max-image-preview:large, max-video-preview:-1\" \/>\n<link rel=\"canonical\" href=\"https:\/\/logdio.com\/it\/software-di-gestione-delle-consegne\/\" \/>\n<meta property=\"og:locale\" content=\"it_IT\" \/>\n<meta property=\"og:type\" content=\"article\" \/>\n<meta property=\"og:title\" content=\"Software di gestione delle consegne - Logdio - delivery management tool\" \/>\n<meta property=\"og:description\" content=\"Aumentate la vostra produttivit\u00e0 con il software di gestione delle consegne Logdis. Tutto in una soluzione per le imprese di consegna.\" \/>\n<meta property=\"og:url\" content=\"https:\/\/logdio.com\/it\/software-di-gestione-delle-consegne\/\" \/>\n<meta property=\"og:site_name\" content=\"Logdio - delivery management tool\" \/>\n<meta property=\"article:publisher\" content=\"https:\/\/www.facebook.com\/logtime.eu\/\" \/>\n<meta property=\"article:modified_time\" content=\"2023-08-20T21:31:06+00:00\" \/>\n<meta name=\"twitter:card\" content=\"summary_large_image\" \/>\n<meta name=\"twitter:label1\" content=\"Tempo di lettura stimato\" \/>\n\t<meta name=\"twitter:data1\" content=\"8 minuti\" \/>\n<script type=\"application\/ld+json\" class=\"yoast-schema-graph\">{\"@context\":\"https:\/\/schema.org\",\"@graph\":[{\"@type\":\"WebPage\",\"@id\":\"https:\/\/logdio.com\/it\/software-di-gestione-delle-consegne\/\",\"url\":\"https:\/\/logdio.com\/it\/software-di-gestione-delle-consegne\/\",\"name\":\"Software di gestione delle consegne - Logdio - delivery management tool\",\"isPartOf\":{\"@id\":\"https:\/\/logdio.com\/it\/#website\"},\"datePublished\":\"2021-08-23T19:02:01+00:00\",\"dateModified\":\"2023-08-20T21:31:06+00:00\",\"description\":\"Aumentate la vostra produttivit\u00e0 con il software di gestione delle consegne Logdis. Tutto in una soluzione per le imprese di consegna.\",\"breadcrumb\":{\"@id\":\"https:\/\/logdio.com\/it\/software-di-gestione-delle-consegne\/#breadcrumb\"},\"inLanguage\":\"it-IT\",\"potentialAction\":[{\"@type\":\"ReadAction\",\"target\":[\"https:\/\/logdio.com\/it\/software-di-gestione-delle-consegne\/\"]}]},{\"@type\":\"BreadcrumbList\",\"@id\":\"https:\/\/logdio.com\/it\/software-di-gestione-delle-consegne\/#breadcrumb\",\"itemListElement\":[{\"@type\":\"ListItem\",\"position\":1,\"name\":\"Home\",\"item\":\"https:\/\/logdio.com\/it\/pagina-di-destinazione\/\"},{\"@type\":\"ListItem\",\"position\":2,\"name\":\"Software di gestione delle consegne\"}]},{\"@type\":\"WebSite\",\"@id\":\"https:\/\/logdio.com\/it\/#website\",\"url\":\"https:\/\/logdio.com\/it\/\",\"name\":\"Logdio - delivery management tool\",\"description\":\"Next level delivery management software\",\"publisher\":{\"@id\":\"https:\/\/logdio.com\/it\/#organization\"},\"potentialAction\":[{\"@type\":\"SearchAction\",\"target\":{\"@type\":\"EntryPoint\",\"urlTemplate\":\"https:\/\/logdio.com\/it\/?s={search_term_string}\"},\"query-input\":{\"@type\":\"PropertyValueSpecification\",\"valueRequired\":true,\"valueName\":\"search_term_string\"}}],\"inLanguage\":\"it-IT\"},{\"@type\":\"Organization\",\"@id\":\"https:\/\/logdio.com\/it\/#organization\",\"name\":\"Logdio\",\"url\":\"https:\/\/logdio.com\/it\/\",\"logo\":{\"@type\":\"ImageObject\",\"inLanguage\":\"it-IT\",\"@id\":\"https:\/\/logdio.com\/it\/#\/schema\/logo\/image\/\",\"url\":\"https:\/\/logdio.com\/wp-content\/uploads\/2021\/05\/Logdio.svg\",\"contentUrl\":\"https:\/\/logdio.com\/wp-content\/uploads\/2021\/05\/Logdio.svg\",\"width\":4.44919,\"height\":1.1285,\"caption\":\"Logdio\"},\"image\":{\"@id\":\"https:\/\/logdio.com\/it\/#\/schema\/logo\/image\/\"},\"sameAs\":[\"https:\/\/www.facebook.com\/logtime.eu\/\",\"https:\/\/www.linkedin.com\/company\/logtime\"]}]}<\/script>\n<!-- \/ Yoast SEO plugin. -->","yoast_head_json":{"title":"Software di gestione delle consegne - Logdio - delivery management tool","description":"Aumentate la vostra produttivit\u00e0 con il software di gestione delle consegne Logdis. Tutto in una soluzione per le imprese di consegna.","robots":{"index":"index","follow":"follow","max-snippet":"max-snippet:-1","max-image-preview":"max-image-preview:large","max-video-preview":"max-video-preview:-1"},"canonical":"https:\/\/logdio.com\/it\/software-di-gestione-delle-consegne\/","og_locale":"it_IT","og_type":"article","og_title":"Software di gestione delle consegne - Logdio - delivery management tool","og_description":"Aumentate la vostra produttivit\u00e0 con il software di gestione delle consegne Logdis. Tutto in una soluzione per le imprese di consegna.","og_url":"https:\/\/logdio.com\/it\/software-di-gestione-delle-consegne\/","og_site_name":"Logdio - delivery management tool","article_publisher":"https:\/\/www.facebook.com\/logtime.eu\/","article_modified_time":"2023-08-20T21:31:06+00:00","twitter_card":"summary_large_image","twitter_misc":{"Tempo di lettura stimato":"8 minuti"},"schema":{"@context":"https:\/\/schema.org","@graph":[{"@type":"WebPage","@id":"https:\/\/logdio.com\/it\/software-di-gestione-delle-consegne\/","url":"https:\/\/logdio.com\/it\/software-di-gestione-delle-consegne\/","name":"Software di gestione delle consegne - Logdio - delivery management tool","isPartOf":{"@id":"https:\/\/logdio.com\/it\/#website"},"datePublished":"2021-08-23T19:02:01+00:00","dateModified":"2023-08-20T21:31:06+00:00","description":"Aumentate la vostra produttivit\u00e0 con il software di gestione delle consegne Logdis. Tutto in una soluzione per le imprese di consegna.","breadcrumb":{"@id":"https:\/\/logdio.com\/it\/software-di-gestione-delle-consegne\/#breadcrumb"},"inLanguage":"it-IT","potentialAction":[{"@type":"ReadAction","target":["https:\/\/logdio.com\/it\/software-di-gestione-delle-consegne\/"]}]},{"@type":"BreadcrumbList","@id":"https:\/\/logdio.com\/it\/software-di-gestione-delle-consegne\/#breadcrumb","itemListElement":[{"@type":"ListItem","position":1,"name":"Home","item":"https:\/\/logdio.com\/it\/pagina-di-destinazione\/"},{"@type":"ListItem","position":2,"name":"Software di gestione delle consegne"}]},{"@type":"WebSite","@id":"https:\/\/logdio.com\/it\/#website","url":"https:\/\/logdio.com\/it\/","name":"Logdio - delivery management tool","description":"Next level delivery management software","publisher":{"@id":"https:\/\/logdio.com\/it\/#organization"},"potentialAction":[{"@type":"SearchAction","target":{"@type":"EntryPoint","urlTemplate":"https:\/\/logdio.com\/it\/?s={search_term_string}"},"query-input":{"@type":"PropertyValueSpecification","valueRequired":true,"valueName":"search_term_string"}}],"inLanguage":"it-IT"},{"@type":"Organization","@id":"https:\/\/logdio.com\/it\/#organization","name":"Logdio","url":"https:\/\/logdio.com\/it\/","logo":{"@type":"ImageObject","inLanguage":"it-IT","@id":"https:\/\/logdio.com\/it\/#\/schema\/logo\/image\/","url":"https:\/\/logdio.com\/wp-content\/uploads\/2021\/05\/Logdio.svg","contentUrl":"https:\/\/logdio.com\/wp-content\/uploads\/2021\/05\/Logdio.svg","width":4.44919,"height":1.1285,"caption":"Logdio"},"image":{"@id":"https:\/\/logdio.com\/it\/#\/schema\/logo\/image\/"},"sameAs":["https:\/\/www.facebook.com\/logtime.eu\/","https:\/\/www.linkedin.com\/company\/logtime"]}]}},"_links":{"self":[{"href":"https:\/\/logdio.com\/it\/wp-json\/wp\/v2\/pages\/7526","targetHints":{"allow":["GET"]}}],"collection":[{"href":"https:\/\/logdio.com\/it\/wp-json\/wp\/v2\/pages"}],"about":[{"href":"https:\/\/logdio.com\/it\/wp-json\/wp\/v2\/types\/page"}],"author":[{"embeddable":true,"href":"https:\/\/logdio.com\/it\/wp-json\/wp\/v2\/users\/1"}],"replies":[{"embeddable":true,"href":"https:\/\/logdio.com\/it\/wp-json\/wp\/v2\/comments?post=7526"}],"version-history":[{"count":5,"href":"https:\/\/logdio.com\/it\/wp-json\/wp\/v2\/pages\/7526\/revisions"}],"predecessor-version":[{"id":13833,"href":"https:\/\/logdio.com\/it\/wp-json\/wp\/v2\/pages\/7526\/revisions\/13833"}],"wp:attachment":[{"href":"https:\/\/logdio.com\/it\/wp-json\/wp\/v2\/media?parent=7526"}],"curies":[{"name":"wp","href":"https:\/\/api.w.org\/{rel}","templated":true}]}}