{"id":7520,"date":"2021-08-23T22:01:57","date_gmt":"2021-08-23T19:01:57","guid":{"rendered":"https:\/\/logdio.com\/software-di-pianificazione-dei-percorsi-dei-corrieri\/"},"modified":"2021-09-13T17:12:48","modified_gmt":"2021-09-13T14:12:48","slug":"software-di-pianificazione-dei-percorsi-dei-corrieri","status":"publish","type":"page","link":"https:\/\/logdio.com\/it\/software-di-pianificazione-dei-percorsi-dei-corrieri\/","title":{"rendered":"Software di pianificazione dei percorsi dei corrieri"},"content":{"rendered":"\t\t<div data-elementor-type=\"wp-page\" data-elementor-id=\"7520\" class=\"elementor elementor-7520 elementor-1055\" data-elementor-post-type=\"page\">\n\t\t\t\t\t\t<section class=\"has_ma_el_bg_slider elementor-section elementor-top-section elementor-element elementor-element-a6afc90 elementor-section-boxed elementor-section-height-default elementor-section-height-default jltma-glass-effect-no\" data-id=\"a6afc90\" data-element_type=\"section\" data-e-type=\"section\" data-settings=\"{&quot;jet_parallax_layout_list&quot;:[{&quot;jet_parallax_layout_image&quot;:{&quot;url&quot;:&quot;&quot;,&quot;id&quot;:&quot;&quot;,&quot;size&quot;:&quot;&quot;},&quot;_id&quot;:&quot;1632b6e&quot;,&quot;jet_parallax_layout_image_tablet&quot;:{&quot;url&quot;:&quot;&quot;,&quot;id&quot;:&quot;&quot;,&quot;size&quot;:&quot;&quot;},&quot;jet_parallax_layout_image_mobile&quot;:{&quot;url&quot;:&quot;&quot;,&quot;id&quot;:&quot;&quot;,&quot;size&quot;:&quot;&quot;},&quot;jet_parallax_layout_speed&quot;:{&quot;unit&quot;:&quot;%&quot;,&quot;size&quot;:50,&quot;sizes&quot;:[]},&quot;jet_parallax_layout_type&quot;:&quot;scroll&quot;,&quot;jet_parallax_layout_direction&quot;:null,&quot;jet_parallax_layout_fx_direction&quot;:null,&quot;jet_parallax_layout_z_index&quot;:&quot;&quot;,&quot;jet_parallax_layout_bg_x&quot;:50,&quot;jet_parallax_layout_bg_x_tablet&quot;:&quot;&quot;,&quot;jet_parallax_layout_bg_x_mobile&quot;:&quot;&quot;,&quot;jet_parallax_layout_bg_y&quot;:50,&quot;jet_parallax_layout_bg_y_tablet&quot;:&quot;&quot;,&quot;jet_parallax_layout_bg_y_mobile&quot;:&quot;&quot;,&quot;jet_parallax_layout_bg_size&quot;:&quot;auto&quot;,&quot;jet_parallax_layout_bg_size_tablet&quot;:&quot;&quot;,&quot;jet_parallax_layout_bg_size_mobile&quot;:&quot;&quot;,&quot;jet_parallax_layout_animation_prop&quot;:&quot;transform&quot;,&quot;jet_parallax_layout_on&quot;:[&quot;desktop&quot;,&quot;tablet&quot;]}]}\">\n\t\t\t\t\t\t<div class=\"elementor-container elementor-column-gap-default\">\n\t\t\t\t\t<div class=\"has_ma_el_bg_slider elementor-column elementor-col-100 elementor-top-column elementor-element elementor-element-9dbd7a5 jltma-glass-effect-no\" data-id=\"9dbd7a5\" data-element_type=\"column\" data-e-type=\"column\">\n\t\t\t<div class=\"elementor-widget-wrap elementor-element-populated\">\n\t\t\t\t\t\t<div class=\"elementor-element elementor-element-096e315 jltma-glass-effect-no elementor-widget elementor-widget-heading\" data-id=\"096e315\" data-element_type=\"widget\" data-e-type=\"widget\" data-widget_type=\"heading.default\">\n\t\t\t\t<div class=\"elementor-widget-container\">\n\t\t\t\t\t<h1 class=\"elementor-heading-title elementor-size-default\">Software di pianificazione del percorso del corriere<\/h1>\t\t\t\t<\/div>\n\t\t\t\t<\/div>\n\t\t\t\t\t<\/div>\n\t\t<\/div>\n\t\t\t\t\t<\/div>\n\t\t<\/section>\n\t\t\t\t<section class=\"has_ma_el_bg_slider elementor-section elementor-top-section elementor-element elementor-element-8cd51f7 elementor-section-boxed elementor-section-height-default elementor-section-height-default jltma-glass-effect-no\" data-id=\"8cd51f7\" data-element_type=\"section\" data-e-type=\"section\" data-settings=\"{&quot;jet_parallax_layout_list&quot;:[{&quot;jet_parallax_layout_image&quot;:{&quot;url&quot;:&quot;&quot;,&quot;id&quot;:&quot;&quot;,&quot;size&quot;:&quot;&quot;},&quot;_id&quot;:&quot;30d0d76&quot;,&quot;jet_parallax_layout_image_tablet&quot;:{&quot;url&quot;:&quot;&quot;,&quot;id&quot;:&quot;&quot;,&quot;size&quot;:&quot;&quot;},&quot;jet_parallax_layout_image_mobile&quot;:{&quot;url&quot;:&quot;&quot;,&quot;id&quot;:&quot;&quot;,&quot;size&quot;:&quot;&quot;},&quot;jet_parallax_layout_speed&quot;:{&quot;unit&quot;:&quot;%&quot;,&quot;size&quot;:50,&quot;sizes&quot;:[]},&quot;jet_parallax_layout_type&quot;:&quot;scroll&quot;,&quot;jet_parallax_layout_direction&quot;:null,&quot;jet_parallax_layout_fx_direction&quot;:null,&quot;jet_parallax_layout_z_index&quot;:&quot;&quot;,&quot;jet_parallax_layout_bg_x&quot;:50,&quot;jet_parallax_layout_bg_x_tablet&quot;:&quot;&quot;,&quot;jet_parallax_layout_bg_x_mobile&quot;:&quot;&quot;,&quot;jet_parallax_layout_bg_y&quot;:50,&quot;jet_parallax_layout_bg_y_tablet&quot;:&quot;&quot;,&quot;jet_parallax_layout_bg_y_mobile&quot;:&quot;&quot;,&quot;jet_parallax_layout_bg_size&quot;:&quot;auto&quot;,&quot;jet_parallax_layout_bg_size_tablet&quot;:&quot;&quot;,&quot;jet_parallax_layout_bg_size_mobile&quot;:&quot;&quot;,&quot;jet_parallax_layout_animation_prop&quot;:&quot;transform&quot;,&quot;jet_parallax_layout_on&quot;:[&quot;desktop&quot;,&quot;tablet&quot;]}]}\">\n\t\t\t\t\t\t<div class=\"elementor-container elementor-column-gap-default\">\n\t\t\t\t\t<div class=\"has_ma_el_bg_slider elementor-column elementor-col-100 elementor-top-column elementor-element elementor-element-0dc1596 jltma-glass-effect-no\" data-id=\"0dc1596\" data-element_type=\"column\" data-e-type=\"column\">\n\t\t\t<div class=\"elementor-widget-wrap elementor-element-populated\">\n\t\t\t\t\t\t<div class=\"elementor-element elementor-element-89bcbea jltma-glass-effect-no elementor-widget elementor-widget-text-editor\" data-id=\"89bcbea\" data-element_type=\"widget\" data-e-type=\"widget\" data-widget_type=\"text-editor.default\">\n\t\t\t\t<div class=\"elementor-widget-container\">\n\t\t\t\t\t\t\t\t\t<p>Dirigi una forza di vendita sul campo, gestisci una flotta di veicoli di consegna (consegna di pacchi o consegna di merci), o gestisci la logistica per un&#8217;azienda che raccoglie e consegna merci porta a porta? Sei in qualche modo interessato a ottimizzare il trasporto della tua attivit\u00e0? Il software per corrieri \u00e8 il modo pi\u00f9 sicuro per migliorare l&#8217;efficienza operativa della tua azienda.<\/p>\n<p>Il giusto pianificatore di percorso del corriere taglier\u00e0 i tempi morti e aumenter\u00e0 drasticamente la produttivit\u00e0. Questo \u00e8 il motivo per cui sta diventando popolare a livello globale.<\/p>\n<\/p>\n<h2><strong>Cos&#8217;\u00e8 il software del corriere?<\/strong><\/h2>\n<p>Il software per corrieri \u00e8 un sistema di gestione dei corrieri che determina i piani di viaggio pi\u00f9 lunghi in base a fattori esterni come la congestione del traffico, l&#8217;ora del giorno e il tempo. Utilizza algoritmi avanzati per determinare il percorso pi\u00f9 efficiente per l&#8217;utente. Analizzer\u00e0 i requisiti per il trasporto di merci, la capacit\u00e0 di carico del veicolo, il programma di lavoro e il resto dei conducenti e suggerir\u00e0 le regolazioni ottimali del movimento.<\/p>\n<p>Secondo una stima, il software di gestione dei corrieri riduce il chilometraggio giornaliero dei veicoli del 10-20%. Aumenta l&#8217;uso efficiente della flotta di veicoli. Alcune altre caratteristiche sono:  <\/p>\n<p><strong>Integrazione con i sistemi di localizzazione GPS \/ Glonass sulla base<\/strong> delle informazioni ricevute dai dispositivi Android o da un tracker GPS, si ricevono informazioni sulla posizione del veicolo. Il servizio traccia il movimento lungo il percorso di consegna delle merci e registra le deviazioni nel tempo e nella geografia. Le informazioni vengono trasmesse al dispatcher per l&#8217;elaborazione e per prendere le decisioni appropriate.<\/p>\n<\/p>\n<h3>Costi ridotti<\/h3>\n<p>Qualsiasi software di gestione dei corrieri, se usato saggiamente, pu\u00f2 ridurre drasticamente i tempi di viaggio. Questo, a sua volta, riduce i costi del corriere in modo esponenziale. I percorsi ottimizzati possono aiutarvi a ridurre i costi in due modi principali:<\/p>\n<h3>Ha ridotto il consumo di carburante<\/h3>\n<p>  Dal momento che la flotta passa meno tempo sulla strada, il consumo di carburante risulta essere inferiore. Questo significa che un minor consumo porta a costi inferiori.<\/p>\n<h3>Costi di manutenzione ridotti<\/h3>\n<p>  Poich\u00e9 i veicoli non passano troppo tempo sulla strada, la loro normale usura \u00e8 ridotta. Questo si traduce in minori costi di manutenzione.<\/p>\n<h3>Aumentare la produttivit\u00e0<\/h3>\n<p>Il pianificatore di percorsi per corrieri fa risparmiare tempo e risorse. Gestisce compiti complessi per voi. Non c&#8217;\u00e8 bisogno di perdere tempo a pianificare i percorsi. Questo aumenta la produttivit\u00e0 complessiva della flotta, permettendo di completare i lavori pi\u00f9 velocemente e in tempo.<\/p>\n<h3>Aumento della soddisfazione del cliente<\/h3>\n<p>Si sa che gli acquirenti soddisfatti fanno l&#8217;inventario degli acquisti. Bene, se potete offrire i vostri servizi in tempo, i vostri clienti saranno contenti di voi. Il sistema di gestione dei corrieri assicura che l&#8217;autista giusto arrivi al cliente giusto al momento giusto senza ritorno.<\/p>\n<h3>Aiuta a sovrastimare le risorse<\/h3>\n<p>\u00c8 possibile che stiate usando pi\u00f9 risorse di quelle effettivamente necessarie per fornire o consegnare i servizi. Uno strumento di ottimizzazione dei corrieri aiuta a ridefinire il numero di veicoli necessari per operare. Potete beneficiare di quantit\u00e0 ridotte e, a sua volta, di costi ridotti.<\/p>\n<p>Ora sapete cos&#8217;\u00e8 il software Courier e perch\u00e9 \u00e8 importante. Ora potreste pensare a quale software \u00e8 giusto per il vostro business?  <\/p>\n<\/p>\n<h2>Quale software di gestione dei corrieri scegliere?<\/h2>\n<p>Ci sono molte risorse che offrono liste e selezioni di programmi per ottimizzare i corrieri. Ci sono molti fattori da considerare, come il prezzo, le caratteristiche offerte, il pubblico target e altri parametri.<\/p>\n<p>Quando scegliete un software di gestione dei corrieri, specificate quali funzioni sono incluse nel prezzo e quali sono fornite a pagamento. Date la preferenza a quei sistemi il cui prezzo include anche il supporto tecnico e gli aggiornamenti.<\/p>\n<\/p>\n<h2><strong>Perch\u00e9 scegliere Logdio?<\/strong><\/h2>\n<p>In Logdio, la funzione di costruire il percorso ottimale per il corriere e calcolare il tempo tenendo conto degli ingorghi \u00e8 implementata. I compiti del corriere sono distribuiti secondo le priorit\u00e0 e i tempi di consegna. C&#8217;\u00e8 una funzione GPS-tracker per i corrieri (puoi seguire la posizione del corriere sulla mappa in tempo reale). Il software ha un&#8217;interfaccia amichevole. \u00c8 anche possibile trasferire gli ordini a un altro corriere (per esempio, in caso di guasto dell&#8217;auto). La cosa migliore di Logdio \u00e8 che \u00e8 conveniente. Non \u00e8 necessario pagare un importo elevato per utilizzare questo software produttivo. Quindi, \u00e8 la soluzione migliore per il lavoro.  <\/p>\n\t\t\t\t\t\t\t\t<\/div>\n\t\t\t\t<\/div>\n\t\t\t\t\t<\/div>\n\t\t<\/div>\n\t\t\t\t\t<\/div>\n\t\t<\/section>\n\t\t\t\t<\/div>\n\t\t","protected":false},"excerpt":{"rendered":"<p>Software di pianificazione del percorso del corriere Dirigi una forza di vendita sul campo, gestisci una flotta di veicoli di consegna (consegna di pacchi o consegna di merci), o gestisci la logistica per un&#8217;azienda che raccoglie e consegna merci porta a porta? Sei in qualche modo interessato a ottimizzare il trasporto della tua attivit\u00e0? Il [&hellip;]<\/p>\n","protected":false},"author":1,"featured_media":0,"parent":0,"menu_order":0,"comment_status":"closed","ping_status":"closed","template":"elementor_header_footer","meta":{"footnotes":""},"class_list":["post-7520","page","type-page","status-publish","hentry"],"yoast_head":"<!-- This site is optimized with the Yoast SEO plugin v26.8 - https:\/\/yoast.com\/product\/yoast-seo-wordpress\/ -->\n<title>Software di pianificazione dei percorsi dei corrieri - Logdio - delivery management tool<\/title>\n<meta name=\"description\" content=\"Aumenta la produttivit\u00e0 dei corrieri con il software di pianificazione dei percorsi di Logdis. Tutto in una soluzione per le imprese di consegna.\" \/>\n<meta name=\"robots\" content=\"index, follow, max-snippet:-1, max-image-preview:large, max-video-preview:-1\" \/>\n<link rel=\"canonical\" href=\"https:\/\/logdio.com\/it\/software-di-pianificazione-dei-percorsi-dei-corrieri\/\" \/>\n<meta property=\"og:locale\" content=\"it_IT\" \/>\n<meta property=\"og:type\" content=\"article\" \/>\n<meta property=\"og:title\" content=\"Software di pianificazione dei percorsi dei corrieri - Logdio - delivery management tool\" \/>\n<meta property=\"og:description\" content=\"Aumenta la produttivit\u00e0 dei corrieri con il software di pianificazione dei percorsi di Logdis. Tutto in una soluzione per le imprese di consegna.\" \/>\n<meta property=\"og:url\" content=\"https:\/\/logdio.com\/it\/software-di-pianificazione-dei-percorsi-dei-corrieri\/\" \/>\n<meta property=\"og:site_name\" content=\"Logdio - delivery management tool\" \/>\n<meta property=\"article:publisher\" content=\"https:\/\/www.facebook.com\/logtime.eu\/\" \/>\n<meta property=\"article:modified_time\" content=\"2021-09-13T14:12:48+00:00\" \/>\n<meta name=\"twitter:card\" content=\"summary_large_image\" \/>\n<meta name=\"twitter:label1\" content=\"Tempo di lettura stimato\" \/>\n\t<meta name=\"twitter:data1\" content=\"4 minuti\" \/>\n<script type=\"application\/ld+json\" class=\"yoast-schema-graph\">{\"@context\":\"https:\/\/schema.org\",\"@graph\":[{\"@type\":\"WebPage\",\"@id\":\"https:\/\/logdio.com\/it\/software-di-pianificazione-dei-percorsi-dei-corrieri\/\",\"url\":\"https:\/\/logdio.com\/it\/software-di-pianificazione-dei-percorsi-dei-corrieri\/\",\"name\":\"Software di pianificazione dei percorsi dei corrieri - Logdio - delivery management tool\",\"isPartOf\":{\"@id\":\"https:\/\/logdio.com\/it\/#website\"},\"datePublished\":\"2021-08-23T19:01:57+00:00\",\"dateModified\":\"2021-09-13T14:12:48+00:00\",\"description\":\"Aumenta la produttivit\u00e0 dei corrieri con il software di pianificazione dei percorsi di Logdis. Tutto in una soluzione per le imprese di consegna.\",\"breadcrumb\":{\"@id\":\"https:\/\/logdio.com\/it\/software-di-pianificazione-dei-percorsi-dei-corrieri\/#breadcrumb\"},\"inLanguage\":\"it-IT\",\"potentialAction\":[{\"@type\":\"ReadAction\",\"target\":[\"https:\/\/logdio.com\/it\/software-di-pianificazione-dei-percorsi-dei-corrieri\/\"]}]},{\"@type\":\"BreadcrumbList\",\"@id\":\"https:\/\/logdio.com\/it\/software-di-pianificazione-dei-percorsi-dei-corrieri\/#breadcrumb\",\"itemListElement\":[{\"@type\":\"ListItem\",\"position\":1,\"name\":\"Home\",\"item\":\"https:\/\/logdio.com\/it\/pagina-di-destinazione\/\"},{\"@type\":\"ListItem\",\"position\":2,\"name\":\"Software di pianificazione dei percorsi dei corrieri\"}]},{\"@type\":\"WebSite\",\"@id\":\"https:\/\/logdio.com\/it\/#website\",\"url\":\"https:\/\/logdio.com\/it\/\",\"name\":\"Logdio - delivery management tool\",\"description\":\"Next level delivery management software\",\"publisher\":{\"@id\":\"https:\/\/logdio.com\/it\/#organization\"},\"potentialAction\":[{\"@type\":\"SearchAction\",\"target\":{\"@type\":\"EntryPoint\",\"urlTemplate\":\"https:\/\/logdio.com\/it\/?s={search_term_string}\"},\"query-input\":{\"@type\":\"PropertyValueSpecification\",\"valueRequired\":true,\"valueName\":\"search_term_string\"}}],\"inLanguage\":\"it-IT\"},{\"@type\":\"Organization\",\"@id\":\"https:\/\/logdio.com\/it\/#organization\",\"name\":\"Logdio\",\"url\":\"https:\/\/logdio.com\/it\/\",\"logo\":{\"@type\":\"ImageObject\",\"inLanguage\":\"it-IT\",\"@id\":\"https:\/\/logdio.com\/it\/#\/schema\/logo\/image\/\",\"url\":\"https:\/\/logdio.com\/wp-content\/uploads\/2021\/05\/Logdio.svg\",\"contentUrl\":\"https:\/\/logdio.com\/wp-content\/uploads\/2021\/05\/Logdio.svg\",\"width\":4.44919,\"height\":1.1285,\"caption\":\"Logdio\"},\"image\":{\"@id\":\"https:\/\/logdio.com\/it\/#\/schema\/logo\/image\/\"},\"sameAs\":[\"https:\/\/www.facebook.com\/logtime.eu\/\",\"https:\/\/www.linkedin.com\/company\/logtime\"]}]}<\/script>\n<!-- \/ Yoast SEO plugin. -->","yoast_head_json":{"title":"Software di pianificazione dei percorsi dei corrieri - Logdio - delivery management tool","description":"Aumenta la produttivit\u00e0 dei corrieri con il software di pianificazione dei percorsi di Logdis. Tutto in una soluzione per le imprese di consegna.","robots":{"index":"index","follow":"follow","max-snippet":"max-snippet:-1","max-image-preview":"max-image-preview:large","max-video-preview":"max-video-preview:-1"},"canonical":"https:\/\/logdio.com\/it\/software-di-pianificazione-dei-percorsi-dei-corrieri\/","og_locale":"it_IT","og_type":"article","og_title":"Software di pianificazione dei percorsi dei corrieri - Logdio - delivery management tool","og_description":"Aumenta la produttivit\u00e0 dei corrieri con il software di pianificazione dei percorsi di Logdis. Tutto in una soluzione per le imprese di consegna.","og_url":"https:\/\/logdio.com\/it\/software-di-pianificazione-dei-percorsi-dei-corrieri\/","og_site_name":"Logdio - delivery management tool","article_publisher":"https:\/\/www.facebook.com\/logtime.eu\/","article_modified_time":"2021-09-13T14:12:48+00:00","twitter_card":"summary_large_image","twitter_misc":{"Tempo di lettura stimato":"4 minuti"},"schema":{"@context":"https:\/\/schema.org","@graph":[{"@type":"WebPage","@id":"https:\/\/logdio.com\/it\/software-di-pianificazione-dei-percorsi-dei-corrieri\/","url":"https:\/\/logdio.com\/it\/software-di-pianificazione-dei-percorsi-dei-corrieri\/","name":"Software di pianificazione dei percorsi dei corrieri - Logdio - delivery management tool","isPartOf":{"@id":"https:\/\/logdio.com\/it\/#website"},"datePublished":"2021-08-23T19:01:57+00:00","dateModified":"2021-09-13T14:12:48+00:00","description":"Aumenta la produttivit\u00e0 dei corrieri con il software di pianificazione dei percorsi di Logdis. Tutto in una soluzione per le imprese di consegna.","breadcrumb":{"@id":"https:\/\/logdio.com\/it\/software-di-pianificazione-dei-percorsi-dei-corrieri\/#breadcrumb"},"inLanguage":"it-IT","potentialAction":[{"@type":"ReadAction","target":["https:\/\/logdio.com\/it\/software-di-pianificazione-dei-percorsi-dei-corrieri\/"]}]},{"@type":"BreadcrumbList","@id":"https:\/\/logdio.com\/it\/software-di-pianificazione-dei-percorsi-dei-corrieri\/#breadcrumb","itemListElement":[{"@type":"ListItem","position":1,"name":"Home","item":"https:\/\/logdio.com\/it\/pagina-di-destinazione\/"},{"@type":"ListItem","position":2,"name":"Software di pianificazione dei percorsi dei corrieri"}]},{"@type":"WebSite","@id":"https:\/\/logdio.com\/it\/#website","url":"https:\/\/logdio.com\/it\/","name":"Logdio - delivery management tool","description":"Next level delivery management software","publisher":{"@id":"https:\/\/logdio.com\/it\/#organization"},"potentialAction":[{"@type":"SearchAction","target":{"@type":"EntryPoint","urlTemplate":"https:\/\/logdio.com\/it\/?s={search_term_string}"},"query-input":{"@type":"PropertyValueSpecification","valueRequired":true,"valueName":"search_term_string"}}],"inLanguage":"it-IT"},{"@type":"Organization","@id":"https:\/\/logdio.com\/it\/#organization","name":"Logdio","url":"https:\/\/logdio.com\/it\/","logo":{"@type":"ImageObject","inLanguage":"it-IT","@id":"https:\/\/logdio.com\/it\/#\/schema\/logo\/image\/","url":"https:\/\/logdio.com\/wp-content\/uploads\/2021\/05\/Logdio.svg","contentUrl":"https:\/\/logdio.com\/wp-content\/uploads\/2021\/05\/Logdio.svg","width":4.44919,"height":1.1285,"caption":"Logdio"},"image":{"@id":"https:\/\/logdio.com\/it\/#\/schema\/logo\/image\/"},"sameAs":["https:\/\/www.facebook.com\/logtime.eu\/","https:\/\/www.linkedin.com\/company\/logtime"]}]}},"_links":{"self":[{"href":"https:\/\/logdio.com\/it\/wp-json\/wp\/v2\/pages\/7520","targetHints":{"allow":["GET"]}}],"collection":[{"href":"https:\/\/logdio.com\/it\/wp-json\/wp\/v2\/pages"}],"about":[{"href":"https:\/\/logdio.com\/it\/wp-json\/wp\/v2\/types\/page"}],"author":[{"embeddable":true,"href":"https:\/\/logdio.com\/it\/wp-json\/wp\/v2\/users\/1"}],"replies":[{"embeddable":true,"href":"https:\/\/logdio.com\/it\/wp-json\/wp\/v2\/comments?post=7520"}],"version-history":[{"count":3,"href":"https:\/\/logdio.com\/it\/wp-json\/wp\/v2\/pages\/7520\/revisions"}],"predecessor-version":[{"id":13856,"href":"https:\/\/logdio.com\/it\/wp-json\/wp\/v2\/pages\/7520\/revisions\/13856"}],"wp:attachment":[{"href":"https:\/\/logdio.com\/it\/wp-json\/wp\/v2\/media?parent=7520"}],"curies":[{"name":"wp","href":"https:\/\/api.w.org\/{rel}","templated":true}]}}