{"id":7506,"date":"2021-08-23T22:01:51","date_gmt":"2021-08-23T19:01:51","guid":{"rendered":"https:\/\/logdio.com\/pianificatore-del-percorso-di-consegna\/"},"modified":"2023-08-21T00:31:07","modified_gmt":"2023-08-20T21:31:07","slug":"pianificatore-del-percorso-di-consegna","status":"publish","type":"page","link":"https:\/\/logdio.com\/it\/pianificatore-del-percorso-di-consegna\/","title":{"rendered":"Pianificatore del percorso di consegna"},"content":{"rendered":"\t\t<div data-elementor-type=\"wp-page\" data-elementor-id=\"7506\" class=\"elementor elementor-7506 elementor-1056\" data-elementor-post-type=\"page\">\n\t\t\t\t\t\t<section class=\"has_ma_el_bg_slider elementor-section elementor-top-section elementor-element elementor-element-bb4cbd0 elementor-section-boxed elementor-section-height-default elementor-section-height-default jltma-glass-effect-no\" data-id=\"bb4cbd0\" data-element_type=\"section\" data-e-type=\"section\" data-settings=\"{&quot;jet_parallax_layout_list&quot;:[{&quot;jet_parallax_layout_image&quot;:{&quot;url&quot;:&quot;&quot;,&quot;id&quot;:&quot;&quot;,&quot;size&quot;:&quot;&quot;},&quot;_id&quot;:&quot;dcee667&quot;,&quot;jet_parallax_layout_image_tablet&quot;:{&quot;url&quot;:&quot;&quot;,&quot;id&quot;:&quot;&quot;,&quot;size&quot;:&quot;&quot;},&quot;jet_parallax_layout_image_mobile&quot;:{&quot;url&quot;:&quot;&quot;,&quot;id&quot;:&quot;&quot;,&quot;size&quot;:&quot;&quot;},&quot;jet_parallax_layout_speed&quot;:{&quot;unit&quot;:&quot;%&quot;,&quot;size&quot;:50,&quot;sizes&quot;:[]},&quot;jet_parallax_layout_type&quot;:&quot;scroll&quot;,&quot;jet_parallax_layout_direction&quot;:null,&quot;jet_parallax_layout_fx_direction&quot;:null,&quot;jet_parallax_layout_z_index&quot;:&quot;&quot;,&quot;jet_parallax_layout_bg_x&quot;:50,&quot;jet_parallax_layout_bg_x_tablet&quot;:&quot;&quot;,&quot;jet_parallax_layout_bg_x_mobile&quot;:&quot;&quot;,&quot;jet_parallax_layout_bg_y&quot;:50,&quot;jet_parallax_layout_bg_y_tablet&quot;:&quot;&quot;,&quot;jet_parallax_layout_bg_y_mobile&quot;:&quot;&quot;,&quot;jet_parallax_layout_bg_size&quot;:&quot;auto&quot;,&quot;jet_parallax_layout_bg_size_tablet&quot;:&quot;&quot;,&quot;jet_parallax_layout_bg_size_mobile&quot;:&quot;&quot;,&quot;jet_parallax_layout_animation_prop&quot;:&quot;transform&quot;,&quot;jet_parallax_layout_on&quot;:[&quot;desktop&quot;,&quot;tablet&quot;]}]}\">\n\t\t\t\t\t\t<div class=\"elementor-container elementor-column-gap-default\">\n\t\t\t\t\t<div class=\"has_ma_el_bg_slider elementor-column elementor-col-100 elementor-top-column elementor-element elementor-element-d8f9397 jltma-glass-effect-no\" data-id=\"d8f9397\" data-element_type=\"column\" data-e-type=\"column\">\n\t\t\t<div class=\"elementor-widget-wrap elementor-element-populated\">\n\t\t\t\t\t\t<div class=\"elementor-element elementor-element-ab71b3f jltma-glass-effect-no elementor-widget elementor-widget-heading\" data-id=\"ab71b3f\" data-element_type=\"widget\" data-e-type=\"widget\" data-widget_type=\"heading.default\">\n\t\t\t\t<div class=\"elementor-widget-container\">\n\t\t\t\t\t<h1 class=\"elementor-heading-title elementor-size-default\">Pianificatore del percorso di consegna<\/h1>\t\t\t\t<\/div>\n\t\t\t\t<\/div>\n\t\t\t\t\t<\/div>\n\t\t<\/div>\n\t\t\t\t\t<\/div>\n\t\t<\/section>\n\t\t\t\t<section class=\"has_ma_el_bg_slider elementor-section elementor-top-section elementor-element elementor-element-9a53e57 elementor-section-boxed elementor-section-height-default elementor-section-height-default jltma-glass-effect-no\" data-id=\"9a53e57\" data-element_type=\"section\" data-e-type=\"section\" data-settings=\"{&quot;jet_parallax_layout_list&quot;:[{&quot;jet_parallax_layout_image&quot;:{&quot;url&quot;:&quot;&quot;,&quot;id&quot;:&quot;&quot;,&quot;size&quot;:&quot;&quot;},&quot;_id&quot;:&quot;c42d9be&quot;,&quot;jet_parallax_layout_image_tablet&quot;:{&quot;url&quot;:&quot;&quot;,&quot;id&quot;:&quot;&quot;,&quot;size&quot;:&quot;&quot;},&quot;jet_parallax_layout_image_mobile&quot;:{&quot;url&quot;:&quot;&quot;,&quot;id&quot;:&quot;&quot;,&quot;size&quot;:&quot;&quot;},&quot;jet_parallax_layout_speed&quot;:{&quot;unit&quot;:&quot;%&quot;,&quot;size&quot;:50,&quot;sizes&quot;:[]},&quot;jet_parallax_layout_type&quot;:&quot;scroll&quot;,&quot;jet_parallax_layout_direction&quot;:null,&quot;jet_parallax_layout_fx_direction&quot;:null,&quot;jet_parallax_layout_z_index&quot;:&quot;&quot;,&quot;jet_parallax_layout_bg_x&quot;:50,&quot;jet_parallax_layout_bg_x_tablet&quot;:&quot;&quot;,&quot;jet_parallax_layout_bg_x_mobile&quot;:&quot;&quot;,&quot;jet_parallax_layout_bg_y&quot;:50,&quot;jet_parallax_layout_bg_y_tablet&quot;:&quot;&quot;,&quot;jet_parallax_layout_bg_y_mobile&quot;:&quot;&quot;,&quot;jet_parallax_layout_bg_size&quot;:&quot;auto&quot;,&quot;jet_parallax_layout_bg_size_tablet&quot;:&quot;&quot;,&quot;jet_parallax_layout_bg_size_mobile&quot;:&quot;&quot;,&quot;jet_parallax_layout_animation_prop&quot;:&quot;transform&quot;,&quot;jet_parallax_layout_on&quot;:[&quot;desktop&quot;,&quot;tablet&quot;]}]}\">\n\t\t\t\t\t\t<div class=\"elementor-container elementor-column-gap-default\">\n\t\t\t\t\t<div class=\"has_ma_el_bg_slider elementor-column elementor-col-100 elementor-top-column elementor-element elementor-element-0f35f0a jltma-glass-effect-no\" data-id=\"0f35f0a\" data-element_type=\"column\" data-e-type=\"column\">\n\t\t\t<div class=\"elementor-widget-wrap elementor-element-populated\">\n\t\t\t\t\t\t<div class=\"elementor-element elementor-element-2972b23 jltma-glass-effect-no elementor-widget elementor-widget-text-editor\" data-id=\"2972b23\" data-element_type=\"widget\" data-e-type=\"widget\" data-widget_type=\"text-editor.default\">\n\t\t\t\t<div class=\"elementor-widget-container\">\n\t\t\t\t\t\t\t\t\t<p>Le aziende che hanno una propria consegna vogliono consegnare gli ordini ai clienti in tempo e ridurre i costi della logistica. I compiti abituali di un servizio di corriere si presentano cos\u00ec: un logista riceve gli ordini e distribuisce i percorsi, un corriere consegna gli ordini e riferisce sul lavoro. L&#8217;algoritmo sembra semplice, ma il logista deve considerare le finestre temporali di consegna, il tempo per incontrare il cliente, gli ingorghi. Bisogna anche controllare i corrieri e monitorare la qualit\u00e0 della consegna. \u00c8 difficile occuparsene manualmente. Il pianificatore di percorsi di consegna risolve il problema.<\/p>\n<p>Cerchiamo di capire cos&#8217;\u00e8 il pianificatore di percorsi di consegna, i suoi vantaggi e quale software \u00e8 adatto a voi.  <\/p>\n<\/p>\n<h2><strong>Cos&#8217;\u00e8 un pianificatore di percorsi di consegna?<\/strong><\/h2>\n<p>Un pianificatore di percorsi di consegna \u00e8 un software che viene utilizzato per ottimizzare i percorsi delle consegne. Il servizio di routing distribuisce automaticamente centinaia di ordini in pochi minuti. Il logista ci passa diverse ore, distribuendo i percorsi a mano o in modo semiautomatico. Il tempo non \u00e8 l&#8217;unico dolore.<\/p>\n<p>Per pianificare i viaggi dei corrieri all&#8217;ora esatta, il logista deve considerare le riparazioni stradali e le previsioni di congestione del traffico, confrontare diversi percorsi e scegliere il migliore. Se non pianificato correttamente, il corriere arriver\u00e0 in anticipo o in ritardo. A volte le aziende usano strumenti di pianificazione dei percorsi di consegna che tengono conto della congestione del traffico o dei tassi di congestione del traffico al mattino, alla sera e al pomeriggio. Considerando gli ingorghi qui e ora, non sar\u00e0 possibile pianificare il percorso per domani. Se tenete conto dei coefficienti, dovrete pianificare dei ritardi.  <\/p>\n<p>L&#8217;algoritmo passa attraverso circa un miliardo di combinazioni in pochi minuti e d\u00e0 il percorso ottimale. Un logista non pu\u00f2 farlo. Questo approccio riduce il tempo del logista e riduce a zero il numero di ritardi.<\/p>\n<p>La cosa migliore di un pianificatore di percorsi per le consegne \u00e8 che non \u00e8 limitato a un&#8217;attivit\u00e0 specifica. Il programma pu\u00f2 essere usato da:<\/p>\n<ul>\n<li>Societ\u00e0 di corriere<\/li>\n<li>Servizio di consegna<\/li>\n<li>Posta espressa<\/li>\n<li>Azienda di logistica<\/li>\n<li>Azienda commerciale<\/li>\n<li>Qualsiasi altra organizzazione<\/li>\n<\/ul>\n<p>Queste imprese possono ottenere i seguenti due vantaggi principali da un pianificatore di percorsi di consegna:  <\/p>\n<p><strong>Consegna in tempo<\/strong> la fedelt\u00e0 del cliente e la conversione al pagamento dell&#8217;ordine a seconda della velocit\u00e0 e precisione della consegna. Per esempio, un cliente della banca emette una consegna di carta di credito per pagare urgentemente un trattamento. Se il corriere riprogramma l&#8217;appuntamento, c&#8217;\u00e8 il rischio che il cliente annulli la consegna e contatti un&#8217;altra banca &#8211; la conversione all&#8217;attivazione della carta di credito cala. Un altro esempio \u00e8 la consegna dei vestiti con il montaggio. L&#8217;acquirente paga l&#8217;ordine solo dopo il montaggio.  <\/p>\n<p>Se si pianifica male il percorso, il corriere sar\u00e0 in ritardo. L&#8217;algoritmo di routing tiene conto non solo degli ingorghi e delle condizioni stradali, ma anche dei parametri aziendali. Come risultato, passa attraverso circa un miliardo di iterazioni possibili e d\u00e0 il risultato ottimale. Questo riduce ed elimina i ritardi, e i clienti possono ancora scegliere intervalli di consegna stretti.  <\/p>\n<p>Queste non sono le uniche opzioni. Puoi considerare le dimensioni della merce, le ore di lavoro del magazzino e altre caratteristiche essenziali per la consegna con un&#8217;app di pianificazione delle consegne.<\/p>\n<\/p>\n<h3>Pianificazione veloce<\/h3>\n<p>In primo luogo, il logista non ha bisogno di usare diversi servizi &#8211; costruisce i percorsi e segue l&#8217;esecuzione degli ordini in una sola finestra. Questo sta gi\u00e0 accorciando i tempi. In secondo luogo, il logista non perde tempo a pianificare. Il servizio calcola automaticamente i percorsi.  <\/p>\n<p>Il servizio mostra il percorso di ogni corriere o veicolo, quanti ordini sono stati consegnati e se ci sono violazioni.  <\/p>\n<p>Il logista pu\u00f2 anche correggere manualmente gli ordini. Questo \u00e8 conveniente se sono apparsi nuovi ordini. In primo luogo, il servizio distribuisce tutti gli ordini a tutti i corrieri. Se c&#8217;\u00e8 una nuova richiesta, il logista aggiunge un punto alla fine del percorso al corriere che sta arrivando. Se si ridistribuisce automaticamente una rotta, tutte le rotte saranno ricostruite; questo \u00e8 scomodo.<\/p>\n<\/p>\n<h2><strong>Come risparmiare il costo di consegna?<\/strong><\/h2>\n<p>Un&#8217;app di pianificazione del percorso di consegna calcola molti percorsi, considerando la previsione di ingorghi, i dati sui percorsi precedenti, il modo in cui viaggiano i corrieri, e offre l&#8217;opzione migliore.<\/p>\n<p>Per esempio, devi consegnare 750 ordini domani. Venti corrieri consegnano gli ordini a piedi, dieci corrieri consegnano con i mezzi pubblici e cinque corrieri in auto.  <\/p>\n<p>Il logista vede il programma di lavoro dei corrieri e il calendario degli ordini nell&#8217;app. Tutto ci\u00f2 che serve per distribuire gli ordini \u00e8 cliccare un pulsante. Il servizio di routing integrato determiner\u00e0 automaticamente quanti ordini i dipendenti possono consegnare al momento giusto. Se ci sono molti corrieri a piedi, offriti di consegnare il servizio a piedi, e non chiamare gli autisti in modo che non sprechino carburante. \u00c8 pi\u00f9 economico in questo modo.<\/p>\n<\/p>\n<h2><strong>Quale software di pianificazione dei percorsi di consegna usare?<\/strong><\/h2>\n<p>Ora \u00e8 il momento di cercare i servizi giusti. Ricorda che ci sono molte opzioni qui, ma il giusto pianificatore di percorsi per autisti di consegna \u00e8 quello che aggiunge valore reale al tuo business. Ogni piattaforma non offre buoni servizi al giusto prezzo. Inoltre, pu\u00f2 essere impegnativo pagare un prezzo pi\u00f9 alto per un nuovo business.  <\/p>\n<p>Quindi, avete bisogno di un pacchetto che soddisfi le vostre esigenze aziendali. Ecco tutto quello che dovete considerare:  <\/p>\n<ul>\n<li>Prezzi ragionevoli<\/li>\n<li>Caratteristiche indispensabili in un sistema di dispatch  <\/li>\n<li>Soluzioni semplici per tutti i tipi di esigenze aziendali  <\/li>\n<li>Una prova gratuita: Iscriviti alla prova gratuita e vedi tu stesso i risultati!  <\/li>\n<\/ul>\n<h2><strong>Perch\u00e9 scegliere Logdio?<\/strong><\/h2>\n<p>Logdio vi offre la nostra esperienza nello sviluppo e nell&#8217;implementazione del pianificatore di percorsi pi\u00f9 veloce per la gestione dei processi di consegna, che sono utilizzati con successo da molti dei nostri clienti.<\/p>\n<p>Logdio \u00e8 un sistema di progettazione che permette di implementare il proprio servizio di consegna in un&#8217;impresa, automatizzare il lavoro e organizzare il pieno controllo dei corrieri.<\/p>\n<p>Scegliete le funzionalit\u00e0 richieste, determinate il livello di personalizzazione dell&#8217;interfaccia, includete nell&#8217;assemblaggio moduli aggiuntivi e opzioni sviluppate per il vostro business. Logdio delivery route planner app UK effettuer\u00e0 un ciclo completo di automazione e personalizzazione: dall&#8217;analisi del business all&#8217;implementazione.<\/p>\n<p>Controlla l&#8217;app di prova gratuita &#8216;route planner app for delivery drivers&#8217; e contatta per maggiori dettagli.  <\/p>\n\t\t\t\t\t\t\t\t<\/div>\n\t\t\t\t<\/div>\n\t\t\t\t\t<\/div>\n\t\t<\/div>\n\t\t\t\t\t<\/div>\n\t\t<\/section>\n\t\t\t\t<\/div>\n\t\t","protected":false},"excerpt":{"rendered":"<p>Le aziende che hanno una propria consegna vogliono consegnare gli ordini ai clienti in tempo e ridurre i costi della logistica. I compiti abituali di un servizio di corriere si presentano cos\u00ec: un logista riceve gli ordini e distribuisce i percorsi, un corriere consegna gli ordini e riferisce sul lavoro. L&#8217;algoritmo sembra semplice, ma il [&hellip;]<\/p>\n","protected":false},"author":1,"featured_media":0,"parent":0,"menu_order":0,"comment_status":"closed","ping_status":"closed","template":"elementor_header_footer","meta":{"footnotes":""},"class_list":["post-7506","page","type-page","status-publish","hentry"],"yoast_head":"<!-- This site is optimized with the Yoast SEO plugin v26.8 - https:\/\/yoast.com\/product\/yoast-seo-wordpress\/ -->\n<title>Pianificatore del percorso di consegna - Logdio - delivery management tool<\/title>\n<meta name=\"description\" content=\"Aumentate la vostra produttivit\u00e0 con il pianificatore di itinerari di consegna Logdis. Non c&#039;\u00e8 pi\u00f9 bisogno di Google Maps. Forniamo un&#039;app facile da usare per le aziende di consegna.\" \/>\n<meta name=\"robots\" content=\"index, follow, max-snippet:-1, max-image-preview:large, max-video-preview:-1\" \/>\n<link rel=\"canonical\" href=\"https:\/\/logdio.com\/it\/pianificatore-del-percorso-di-consegna\/\" \/>\n<meta property=\"og:locale\" content=\"it_IT\" \/>\n<meta property=\"og:type\" content=\"article\" \/>\n<meta property=\"og:title\" content=\"Pianificatore del percorso di consegna - Logdio - delivery management tool\" \/>\n<meta property=\"og:description\" content=\"Aumentate la vostra produttivit\u00e0 con il pianificatore di itinerari di consegna Logdis. Non c&#039;\u00e8 pi\u00f9 bisogno di Google Maps. Forniamo un&#039;app facile da usare per le aziende di consegna.\" \/>\n<meta property=\"og:url\" content=\"https:\/\/logdio.com\/it\/pianificatore-del-percorso-di-consegna\/\" \/>\n<meta property=\"og:site_name\" content=\"Logdio - delivery management tool\" \/>\n<meta property=\"article:publisher\" content=\"https:\/\/www.facebook.com\/logtime.eu\/\" \/>\n<meta property=\"article:modified_time\" content=\"2023-08-20T21:31:07+00:00\" \/>\n<meta name=\"twitter:card\" content=\"summary_large_image\" \/>\n<meta name=\"twitter:label1\" content=\"Tempo di lettura stimato\" \/>\n\t<meta name=\"twitter:data1\" content=\"5 minuti\" \/>\n<script type=\"application\/ld+json\" class=\"yoast-schema-graph\">{\"@context\":\"https:\/\/schema.org\",\"@graph\":[{\"@type\":\"WebPage\",\"@id\":\"https:\/\/logdio.com\/it\/pianificatore-del-percorso-di-consegna\/\",\"url\":\"https:\/\/logdio.com\/it\/pianificatore-del-percorso-di-consegna\/\",\"name\":\"Pianificatore del percorso di consegna - Logdio - delivery management tool\",\"isPartOf\":{\"@id\":\"https:\/\/logdio.com\/it\/#website\"},\"datePublished\":\"2021-08-23T19:01:51+00:00\",\"dateModified\":\"2023-08-20T21:31:07+00:00\",\"description\":\"Aumentate la vostra produttivit\u00e0 con il pianificatore di itinerari di consegna Logdis. Non c'\u00e8 pi\u00f9 bisogno di Google Maps. Forniamo un'app facile da usare per le aziende di consegna.\",\"breadcrumb\":{\"@id\":\"https:\/\/logdio.com\/it\/pianificatore-del-percorso-di-consegna\/#breadcrumb\"},\"inLanguage\":\"it-IT\",\"potentialAction\":[{\"@type\":\"ReadAction\",\"target\":[\"https:\/\/logdio.com\/it\/pianificatore-del-percorso-di-consegna\/\"]}]},{\"@type\":\"BreadcrumbList\",\"@id\":\"https:\/\/logdio.com\/it\/pianificatore-del-percorso-di-consegna\/#breadcrumb\",\"itemListElement\":[{\"@type\":\"ListItem\",\"position\":1,\"name\":\"Home\",\"item\":\"https:\/\/logdio.com\/it\/pagina-di-destinazione\/\"},{\"@type\":\"ListItem\",\"position\":2,\"name\":\"Pianificatore del percorso di consegna\"}]},{\"@type\":\"WebSite\",\"@id\":\"https:\/\/logdio.com\/it\/#website\",\"url\":\"https:\/\/logdio.com\/it\/\",\"name\":\"Logdio - delivery management tool\",\"description\":\"Next level delivery management software\",\"publisher\":{\"@id\":\"https:\/\/logdio.com\/it\/#organization\"},\"potentialAction\":[{\"@type\":\"SearchAction\",\"target\":{\"@type\":\"EntryPoint\",\"urlTemplate\":\"https:\/\/logdio.com\/it\/?s={search_term_string}\"},\"query-input\":{\"@type\":\"PropertyValueSpecification\",\"valueRequired\":true,\"valueName\":\"search_term_string\"}}],\"inLanguage\":\"it-IT\"},{\"@type\":\"Organization\",\"@id\":\"https:\/\/logdio.com\/it\/#organization\",\"name\":\"Logdio\",\"url\":\"https:\/\/logdio.com\/it\/\",\"logo\":{\"@type\":\"ImageObject\",\"inLanguage\":\"it-IT\",\"@id\":\"https:\/\/logdio.com\/it\/#\/schema\/logo\/image\/\",\"url\":\"https:\/\/logdio.com\/wp-content\/uploads\/2021\/05\/Logdio.svg\",\"contentUrl\":\"https:\/\/logdio.com\/wp-content\/uploads\/2021\/05\/Logdio.svg\",\"width\":4.44919,\"height\":1.1285,\"caption\":\"Logdio\"},\"image\":{\"@id\":\"https:\/\/logdio.com\/it\/#\/schema\/logo\/image\/\"},\"sameAs\":[\"https:\/\/www.facebook.com\/logtime.eu\/\",\"https:\/\/www.linkedin.com\/company\/logtime\"]}]}<\/script>\n<!-- \/ Yoast SEO plugin. -->","yoast_head_json":{"title":"Pianificatore del percorso di consegna - Logdio - delivery management tool","description":"Aumentate la vostra produttivit\u00e0 con il pianificatore di itinerari di consegna Logdis. Non c'\u00e8 pi\u00f9 bisogno di Google Maps. Forniamo un'app facile da usare per le aziende di consegna.","robots":{"index":"index","follow":"follow","max-snippet":"max-snippet:-1","max-image-preview":"max-image-preview:large","max-video-preview":"max-video-preview:-1"},"canonical":"https:\/\/logdio.com\/it\/pianificatore-del-percorso-di-consegna\/","og_locale":"it_IT","og_type":"article","og_title":"Pianificatore del percorso di consegna - Logdio - delivery management tool","og_description":"Aumentate la vostra produttivit\u00e0 con il pianificatore di itinerari di consegna Logdis. Non c'\u00e8 pi\u00f9 bisogno di Google Maps. Forniamo un'app facile da usare per le aziende di consegna.","og_url":"https:\/\/logdio.com\/it\/pianificatore-del-percorso-di-consegna\/","og_site_name":"Logdio - delivery management tool","article_publisher":"https:\/\/www.facebook.com\/logtime.eu\/","article_modified_time":"2023-08-20T21:31:07+00:00","twitter_card":"summary_large_image","twitter_misc":{"Tempo di lettura stimato":"5 minuti"},"schema":{"@context":"https:\/\/schema.org","@graph":[{"@type":"WebPage","@id":"https:\/\/logdio.com\/it\/pianificatore-del-percorso-di-consegna\/","url":"https:\/\/logdio.com\/it\/pianificatore-del-percorso-di-consegna\/","name":"Pianificatore del percorso di consegna - Logdio - delivery management tool","isPartOf":{"@id":"https:\/\/logdio.com\/it\/#website"},"datePublished":"2021-08-23T19:01:51+00:00","dateModified":"2023-08-20T21:31:07+00:00","description":"Aumentate la vostra produttivit\u00e0 con il pianificatore di itinerari di consegna Logdis. Non c'\u00e8 pi\u00f9 bisogno di Google Maps. Forniamo un'app facile da usare per le aziende di consegna.","breadcrumb":{"@id":"https:\/\/logdio.com\/it\/pianificatore-del-percorso-di-consegna\/#breadcrumb"},"inLanguage":"it-IT","potentialAction":[{"@type":"ReadAction","target":["https:\/\/logdio.com\/it\/pianificatore-del-percorso-di-consegna\/"]}]},{"@type":"BreadcrumbList","@id":"https:\/\/logdio.com\/it\/pianificatore-del-percorso-di-consegna\/#breadcrumb","itemListElement":[{"@type":"ListItem","position":1,"name":"Home","item":"https:\/\/logdio.com\/it\/pagina-di-destinazione\/"},{"@type":"ListItem","position":2,"name":"Pianificatore del percorso di consegna"}]},{"@type":"WebSite","@id":"https:\/\/logdio.com\/it\/#website","url":"https:\/\/logdio.com\/it\/","name":"Logdio - delivery management tool","description":"Next level delivery management software","publisher":{"@id":"https:\/\/logdio.com\/it\/#organization"},"potentialAction":[{"@type":"SearchAction","target":{"@type":"EntryPoint","urlTemplate":"https:\/\/logdio.com\/it\/?s={search_term_string}"},"query-input":{"@type":"PropertyValueSpecification","valueRequired":true,"valueName":"search_term_string"}}],"inLanguage":"it-IT"},{"@type":"Organization","@id":"https:\/\/logdio.com\/it\/#organization","name":"Logdio","url":"https:\/\/logdio.com\/it\/","logo":{"@type":"ImageObject","inLanguage":"it-IT","@id":"https:\/\/logdio.com\/it\/#\/schema\/logo\/image\/","url":"https:\/\/logdio.com\/wp-content\/uploads\/2021\/05\/Logdio.svg","contentUrl":"https:\/\/logdio.com\/wp-content\/uploads\/2021\/05\/Logdio.svg","width":4.44919,"height":1.1285,"caption":"Logdio"},"image":{"@id":"https:\/\/logdio.com\/it\/#\/schema\/logo\/image\/"},"sameAs":["https:\/\/www.facebook.com\/logtime.eu\/","https:\/\/www.linkedin.com\/company\/logtime"]}]}},"_links":{"self":[{"href":"https:\/\/logdio.com\/it\/wp-json\/wp\/v2\/pages\/7506","targetHints":{"allow":["GET"]}}],"collection":[{"href":"https:\/\/logdio.com\/it\/wp-json\/wp\/v2\/pages"}],"about":[{"href":"https:\/\/logdio.com\/it\/wp-json\/wp\/v2\/types\/page"}],"author":[{"embeddable":true,"href":"https:\/\/logdio.com\/it\/wp-json\/wp\/v2\/users\/1"}],"replies":[{"embeddable":true,"href":"https:\/\/logdio.com\/it\/wp-json\/wp\/v2\/comments?post=7506"}],"version-history":[{"count":2,"href":"https:\/\/logdio.com\/it\/wp-json\/wp\/v2\/pages\/7506\/revisions"}],"predecessor-version":[{"id":11621,"href":"https:\/\/logdio.com\/it\/wp-json\/wp\/v2\/pages\/7506\/revisions\/11621"}],"wp:attachment":[{"href":"https:\/\/logdio.com\/it\/wp-json\/wp\/v2\/media?parent=7506"}],"curies":[{"name":"wp","href":"https:\/\/api.w.org\/{rel}","templated":true}]}}