{"id":7495,"date":"2021-08-23T22:01:43","date_gmt":"2021-08-23T19:01:43","guid":{"rendered":"https:\/\/logdio.com\/software-di-pianificazione-del-percorso\/"},"modified":"2021-09-13T17:12:36","modified_gmt":"2021-09-13T14:12:36","slug":"software-di-pianificazione-del-percorso","status":"publish","type":"page","link":"https:\/\/logdio.com\/it\/software-di-pianificazione-del-percorso\/","title":{"rendered":"Software di pianificazione del percorso"},"content":{"rendered":"\t\t<div data-elementor-type=\"wp-page\" data-elementor-id=\"7495\" class=\"elementor elementor-7495 elementor-1054\" data-elementor-post-type=\"page\">\n\t\t\t\t\t\t<section class=\"has_ma_el_bg_slider elementor-section elementor-top-section elementor-element elementor-element-aa63506 elementor-section-boxed elementor-section-height-default elementor-section-height-default jltma-glass-effect-no\" data-id=\"aa63506\" data-element_type=\"section\" data-e-type=\"section\" data-settings=\"{&quot;jet_parallax_layout_list&quot;:[{&quot;jet_parallax_layout_image&quot;:{&quot;url&quot;:&quot;&quot;,&quot;id&quot;:&quot;&quot;,&quot;size&quot;:&quot;&quot;},&quot;_id&quot;:&quot;7ffc1ed&quot;,&quot;jet_parallax_layout_image_tablet&quot;:{&quot;url&quot;:&quot;&quot;,&quot;id&quot;:&quot;&quot;,&quot;size&quot;:&quot;&quot;},&quot;jet_parallax_layout_image_mobile&quot;:{&quot;url&quot;:&quot;&quot;,&quot;id&quot;:&quot;&quot;,&quot;size&quot;:&quot;&quot;},&quot;jet_parallax_layout_speed&quot;:{&quot;unit&quot;:&quot;%&quot;,&quot;size&quot;:50,&quot;sizes&quot;:[]},&quot;jet_parallax_layout_type&quot;:&quot;scroll&quot;,&quot;jet_parallax_layout_direction&quot;:null,&quot;jet_parallax_layout_fx_direction&quot;:null,&quot;jet_parallax_layout_z_index&quot;:&quot;&quot;,&quot;jet_parallax_layout_bg_x&quot;:50,&quot;jet_parallax_layout_bg_x_tablet&quot;:&quot;&quot;,&quot;jet_parallax_layout_bg_x_mobile&quot;:&quot;&quot;,&quot;jet_parallax_layout_bg_y&quot;:50,&quot;jet_parallax_layout_bg_y_tablet&quot;:&quot;&quot;,&quot;jet_parallax_layout_bg_y_mobile&quot;:&quot;&quot;,&quot;jet_parallax_layout_bg_size&quot;:&quot;auto&quot;,&quot;jet_parallax_layout_bg_size_tablet&quot;:&quot;&quot;,&quot;jet_parallax_layout_bg_size_mobile&quot;:&quot;&quot;,&quot;jet_parallax_layout_animation_prop&quot;:&quot;transform&quot;,&quot;jet_parallax_layout_on&quot;:[&quot;desktop&quot;,&quot;tablet&quot;]}]}\">\n\t\t\t\t\t\t<div class=\"elementor-container elementor-column-gap-default\">\n\t\t\t\t\t<div class=\"has_ma_el_bg_slider elementor-column elementor-col-100 elementor-top-column elementor-element elementor-element-a5671ee jltma-glass-effect-no\" data-id=\"a5671ee\" data-element_type=\"column\" data-e-type=\"column\">\n\t\t\t<div class=\"elementor-widget-wrap elementor-element-populated\">\n\t\t\t\t\t\t<div class=\"elementor-element elementor-element-293514c jltma-glass-effect-no elementor-widget elementor-widget-heading\" data-id=\"293514c\" data-element_type=\"widget\" data-e-type=\"widget\" data-widget_type=\"heading.default\">\n\t\t\t\t<div class=\"elementor-widget-container\">\n\t\t\t\t\t<h1 class=\"elementor-heading-title elementor-size-default\">Software di pianificazione del percorso<\/h1>\t\t\t\t<\/div>\n\t\t\t\t<\/div>\n\t\t\t\t\t<\/div>\n\t\t<\/div>\n\t\t\t\t\t<\/div>\n\t\t<\/section>\n\t\t\t\t<section class=\"has_ma_el_bg_slider elementor-section elementor-top-section elementor-element elementor-element-8e5f6e9 elementor-section-boxed elementor-section-height-default elementor-section-height-default jltma-glass-effect-no\" data-id=\"8e5f6e9\" data-element_type=\"section\" data-e-type=\"section\" data-settings=\"{&quot;jet_parallax_layout_list&quot;:[{&quot;jet_parallax_layout_image&quot;:{&quot;url&quot;:&quot;&quot;,&quot;id&quot;:&quot;&quot;,&quot;size&quot;:&quot;&quot;},&quot;_id&quot;:&quot;80a7424&quot;,&quot;jet_parallax_layout_image_tablet&quot;:{&quot;url&quot;:&quot;&quot;,&quot;id&quot;:&quot;&quot;,&quot;size&quot;:&quot;&quot;},&quot;jet_parallax_layout_image_mobile&quot;:{&quot;url&quot;:&quot;&quot;,&quot;id&quot;:&quot;&quot;,&quot;size&quot;:&quot;&quot;},&quot;jet_parallax_layout_speed&quot;:{&quot;unit&quot;:&quot;%&quot;,&quot;size&quot;:50,&quot;sizes&quot;:[]},&quot;jet_parallax_layout_type&quot;:&quot;scroll&quot;,&quot;jet_parallax_layout_direction&quot;:null,&quot;jet_parallax_layout_fx_direction&quot;:null,&quot;jet_parallax_layout_z_index&quot;:&quot;&quot;,&quot;jet_parallax_layout_bg_x&quot;:50,&quot;jet_parallax_layout_bg_x_tablet&quot;:&quot;&quot;,&quot;jet_parallax_layout_bg_x_mobile&quot;:&quot;&quot;,&quot;jet_parallax_layout_bg_y&quot;:50,&quot;jet_parallax_layout_bg_y_tablet&quot;:&quot;&quot;,&quot;jet_parallax_layout_bg_y_mobile&quot;:&quot;&quot;,&quot;jet_parallax_layout_bg_size&quot;:&quot;auto&quot;,&quot;jet_parallax_layout_bg_size_tablet&quot;:&quot;&quot;,&quot;jet_parallax_layout_bg_size_mobile&quot;:&quot;&quot;,&quot;jet_parallax_layout_animation_prop&quot;:&quot;transform&quot;,&quot;jet_parallax_layout_on&quot;:[&quot;desktop&quot;,&quot;tablet&quot;]}]}\">\n\t\t\t\t\t\t<div class=\"elementor-container elementor-column-gap-default\">\n\t\t\t\t\t<div class=\"has_ma_el_bg_slider elementor-column elementor-col-100 elementor-top-column elementor-element elementor-element-d48a05b jltma-glass-effect-no\" data-id=\"d48a05b\" data-element_type=\"column\" data-e-type=\"column\">\n\t\t\t<div class=\"elementor-widget-wrap elementor-element-populated\">\n\t\t\t\t\t\t<div class=\"elementor-element elementor-element-0f9707f jltma-glass-effect-no elementor-widget elementor-widget-text-editor\" data-id=\"0f9707f\" data-element_type=\"widget\" data-e-type=\"widget\" data-widget_type=\"text-editor.default\">\n\t\t\t\t<div class=\"elementor-widget-container\">\n\t\t\t\t\t\t\t\t\t<p>L&#8217;efficienza di un&#8217;azienda di trasporto e logistica o di una flotta di veicoli aziendali dipende direttamente dalla qualit\u00e0 e dalla velocit\u00e0 di risoluzione dei problemi di trasporto e logistica. \u00c8 necessario concentrarsi sulla gestione dei percorsi, redigere rapidamente i documenti di accompagnamento, monitorare l&#8217;attuazione degli incarichi di trasporto e analizzare la qualit\u00e0 del lavoro del reparto trasporti.<\/p>\n<p>Risolvere questi compiti in modo manuale richiede uno staff impressionante di logisti e dispatcher. Allo stesso tempo, gli errori nel lavoro non sono esclusi. Un percorso costruito in modo errato o documenti compilati in modo errato possono portare a chilometraggi inattivi o tempi di inattivit\u00e0 del trasporto, ritardi nei tempi di consegna e reclami dei clienti. Un modo efficace per eliminare queste difficolt\u00e0 \u00e8 l&#8217;uso del software di pianificazione dei percorsi per la pianificazione automatica dei percorsi e il monitoraggio del processo di consegna. Un software di ottimizzazione dei percorsi aiuta a risparmiare tempo e a fornire consegne senza errori.  <\/p>\n<\/p>\n<h2><strong>Cos&#8217;\u00e8 l&#8217;ottimizzazione dei percorsi?<\/strong><\/h2>\n<p>Un software di gestione dei percorsi \u00e8 un sistema con il quale \u00e8 possibile pianificare la consegna e costruire efficacemente i percorsi per il trasporto proprio o a noleggio. Considera diverse condizioni, come il carico ottimale della flotta di veicoli e la consegna puntuale delle merci ai clienti. Allo stesso tempo, il software permette di monitorare il lavoro di autisti, dispatcher e spedizionieri.<\/p>\n<p>Avendo installato il software di pianificazione dei percorsi, il funzionamento della flotta di veicoli diventer\u00e0 razionale, e i costi saranno minimi. E questo non \u00e8 l&#8217;unico vantaggio del software di ottimizzazione dei percorsi. Alcuni altri vantaggi sono:<\/p>\n<ul>\n<li>gli autisti senza scrupoli saranno identificati in caso di imbrogli;<\/li>\n<li>l&#8217;uso dell&#8217;auto per scopi personali sar\u00e0 impedito;<\/li>\n<li>la sicurezza stradale aumenter\u00e0;<\/li>\n<li>i costi del carburante saranno ridotti di tre volte grazie all&#8217;assenza di scarichi;<\/li>\n<li>il numero di fermi di trasporto sar\u00e0 ridotto.<\/li>\n<\/ul>\n<h2><strong>Come funziona l&#8217;ottimizzazione dei percorsi?<\/strong><\/h2>\n<p>Il software di gestione delle rotte ottimizza i percorsi utilizzando il monitoraggio satellitare. Questo strumento basato su GLONASS\/GPS \u00e8 adatto per fare affari nelle grandi flotte, nella logistica o nelle aziende di trasporto. Con l&#8217;aiuto di un software installato su un PC, tablet, dispositivo mobile, l&#8217;utente ha accesso alle informazioni sul veicolo. Il programma genera rapporti sui parametri monitorati del veicolo, che vengono salvati in diversi formati, e poi utilizzati per analizzare e ottimizzare il funzionamento del parco veicoli.  <\/p>\n<\/p>\n<h2><strong>Quale software usare per l&#8217;ottimizzazione dei percorsi?<\/strong><\/h2>\n<p>Si pu\u00f2 pensare che i software di pianificazione dei percorsi funzionino come Google Maps, ma non \u00e8 vero. Questa app fornisce semplicemente indicazioni dal punto &#8216;1&#8217; al punto &#8216;2&#8217;. \u00c8 complicato impostare percorsi con pi\u00f9 fermate. Gli utenti devono inserire gli indirizzi manualmente, il che richiede tempo ed \u00e8 soggetto a errori.<\/p>\n<p>Il basso costo iniziale \u00e8 allettante, ma finir\u00e0 per costarvi soldi a lungo termine. Quindi, le app di navigazione non sono una soluzione ideale. Dovresti usare un software di ottimizzazione dei percorsi che \u00e8 appositamente progettato per questo scopo.  <\/p>\n<\/p>\n<h2><strong>Perch\u00e9 scegliere Logdio?<\/strong><\/h2>\n<p>Logdio \u00e8 un software di pianificazione delle consegne progettato per le aziende con un gran numero di ordini, veicoli e con requisiti complessi per il processo di consegna.<\/p>\n<p>Distribuisce rapidamente e automaticamente le applicazioni tra gli esecutori, tenendo conto dei requisiti di ogni spedizione. Il software esegue autonomamente la pianificazione dei trasporti, semplificando il lavoro del personale. Ora i vostri logisti sono versatili: possono lavorare in luoghi prima sconosciuti e, quindi, con diversi centri di distribuzione. Grazie a un&#8217;applicazione mobile con una funzione di navigazione, gli autisti sono intercambiabili poich\u00e9 non hanno bisogno di conoscere perfettamente la zona di consegna.<\/p>\n<\/p>\n<p>Quindi <a href=\"https:\/\/logdio.com\/it\/\">sceglieteci<\/a> per il monitoraggio dei veicoli e la gestione dei percorsi. Saremo lieti di fornirvi un servizio di qualit\u00e0.<\/p>\n<\/p><\/p>\n\t\t\t\t\t\t\t\t<\/div>\n\t\t\t\t<\/div>\n\t\t\t\t\t<\/div>\n\t\t<\/div>\n\t\t\t\t\t<\/div>\n\t\t<\/section>\n\t\t\t\t<\/div>\n\t\t","protected":false},"excerpt":{"rendered":"<p>L&#8217;efficienza di un&#8217;azienda di trasporto e logistica o di una flotta di veicoli aziendali dipende direttamente dalla qualit\u00e0 e dalla velocit\u00e0 di risoluzione dei problemi di trasporto e logistica. \u00c8 necessario concentrarsi sulla gestione dei percorsi, redigere rapidamente i documenti di accompagnamento, monitorare l&#8217;attuazione degli incarichi di trasporto e analizzare la qualit\u00e0 del lavoro del [&hellip;]<\/p>\n","protected":false},"author":1,"featured_media":0,"parent":0,"menu_order":0,"comment_status":"closed","ping_status":"closed","template":"elementor_header_footer","meta":{"footnotes":""},"class_list":["post-7495","page","type-page","status-publish","hentry"],"yoast_head":"<!-- This site is optimized with the Yoast SEO plugin v26.8 - https:\/\/yoast.com\/product\/yoast-seo-wordpress\/ -->\n<title>Software di pianificazione del percorso - Logdio - delivery management tool<\/title>\n<meta name=\"description\" content=\"Niente pi\u00f9 creazione di percorsi con fogli di calcolo, lavagne e mappe di Google. Crea e ottimizza tutti i percorsi per il giorno con facilit\u00e0.\" \/>\n<meta name=\"robots\" content=\"index, follow, max-snippet:-1, max-image-preview:large, max-video-preview:-1\" \/>\n<link rel=\"canonical\" href=\"https:\/\/logdio.com\/it\/software-di-pianificazione-del-percorso\/\" \/>\n<meta property=\"og:locale\" content=\"it_IT\" \/>\n<meta property=\"og:type\" content=\"article\" \/>\n<meta property=\"og:title\" content=\"Software di pianificazione del percorso - Logdio - delivery management tool\" \/>\n<meta property=\"og:description\" content=\"Niente pi\u00f9 creazione di percorsi con fogli di calcolo, lavagne e mappe di Google. Crea e ottimizza tutti i percorsi per il giorno con facilit\u00e0.\" \/>\n<meta property=\"og:url\" content=\"https:\/\/logdio.com\/it\/software-di-pianificazione-del-percorso\/\" \/>\n<meta property=\"og:site_name\" content=\"Logdio - delivery management tool\" \/>\n<meta property=\"article:publisher\" content=\"https:\/\/www.facebook.com\/logtime.eu\/\" \/>\n<meta property=\"article:modified_time\" content=\"2021-09-13T14:12:36+00:00\" \/>\n<meta name=\"twitter:card\" content=\"summary_large_image\" \/>\n<meta name=\"twitter:label1\" content=\"Tempo di lettura stimato\" \/>\n\t<meta name=\"twitter:data1\" content=\"3 minuti\" \/>\n<script type=\"application\/ld+json\" class=\"yoast-schema-graph\">{\"@context\":\"https:\/\/schema.org\",\"@graph\":[{\"@type\":\"WebPage\",\"@id\":\"https:\/\/logdio.com\/it\/software-di-pianificazione-del-percorso\/\",\"url\":\"https:\/\/logdio.com\/it\/software-di-pianificazione-del-percorso\/\",\"name\":\"Software di pianificazione del percorso - Logdio - delivery management tool\",\"isPartOf\":{\"@id\":\"https:\/\/logdio.com\/it\/#website\"},\"datePublished\":\"2021-08-23T19:01:43+00:00\",\"dateModified\":\"2021-09-13T14:12:36+00:00\",\"description\":\"Niente pi\u00f9 creazione di percorsi con fogli di calcolo, lavagne e mappe di Google. Crea e ottimizza tutti i percorsi per il giorno con facilit\u00e0.\",\"breadcrumb\":{\"@id\":\"https:\/\/logdio.com\/it\/software-di-pianificazione-del-percorso\/#breadcrumb\"},\"inLanguage\":\"it-IT\",\"potentialAction\":[{\"@type\":\"ReadAction\",\"target\":[\"https:\/\/logdio.com\/it\/software-di-pianificazione-del-percorso\/\"]}]},{\"@type\":\"BreadcrumbList\",\"@id\":\"https:\/\/logdio.com\/it\/software-di-pianificazione-del-percorso\/#breadcrumb\",\"itemListElement\":[{\"@type\":\"ListItem\",\"position\":1,\"name\":\"Home\",\"item\":\"https:\/\/logdio.com\/it\/pagina-di-destinazione\/\"},{\"@type\":\"ListItem\",\"position\":2,\"name\":\"Software di pianificazione del percorso\"}]},{\"@type\":\"WebSite\",\"@id\":\"https:\/\/logdio.com\/it\/#website\",\"url\":\"https:\/\/logdio.com\/it\/\",\"name\":\"Logdio - delivery management tool\",\"description\":\"Next level delivery management software\",\"publisher\":{\"@id\":\"https:\/\/logdio.com\/it\/#organization\"},\"potentialAction\":[{\"@type\":\"SearchAction\",\"target\":{\"@type\":\"EntryPoint\",\"urlTemplate\":\"https:\/\/logdio.com\/it\/?s={search_term_string}\"},\"query-input\":{\"@type\":\"PropertyValueSpecification\",\"valueRequired\":true,\"valueName\":\"search_term_string\"}}],\"inLanguage\":\"it-IT\"},{\"@type\":\"Organization\",\"@id\":\"https:\/\/logdio.com\/it\/#organization\",\"name\":\"Logdio\",\"url\":\"https:\/\/logdio.com\/it\/\",\"logo\":{\"@type\":\"ImageObject\",\"inLanguage\":\"it-IT\",\"@id\":\"https:\/\/logdio.com\/it\/#\/schema\/logo\/image\/\",\"url\":\"https:\/\/logdio.com\/wp-content\/uploads\/2021\/05\/Logdio.svg\",\"contentUrl\":\"https:\/\/logdio.com\/wp-content\/uploads\/2021\/05\/Logdio.svg\",\"width\":4.44919,\"height\":1.1285,\"caption\":\"Logdio\"},\"image\":{\"@id\":\"https:\/\/logdio.com\/it\/#\/schema\/logo\/image\/\"},\"sameAs\":[\"https:\/\/www.facebook.com\/logtime.eu\/\",\"https:\/\/www.linkedin.com\/company\/logtime\"]}]}<\/script>\n<!-- \/ Yoast SEO plugin. -->","yoast_head_json":{"title":"Software di pianificazione del percorso - Logdio - delivery management tool","description":"Niente pi\u00f9 creazione di percorsi con fogli di calcolo, lavagne e mappe di Google. Crea e ottimizza tutti i percorsi per il giorno con facilit\u00e0.","robots":{"index":"index","follow":"follow","max-snippet":"max-snippet:-1","max-image-preview":"max-image-preview:large","max-video-preview":"max-video-preview:-1"},"canonical":"https:\/\/logdio.com\/it\/software-di-pianificazione-del-percorso\/","og_locale":"it_IT","og_type":"article","og_title":"Software di pianificazione del percorso - Logdio - delivery management tool","og_description":"Niente pi\u00f9 creazione di percorsi con fogli di calcolo, lavagne e mappe di Google. Crea e ottimizza tutti i percorsi per il giorno con facilit\u00e0.","og_url":"https:\/\/logdio.com\/it\/software-di-pianificazione-del-percorso\/","og_site_name":"Logdio - delivery management tool","article_publisher":"https:\/\/www.facebook.com\/logtime.eu\/","article_modified_time":"2021-09-13T14:12:36+00:00","twitter_card":"summary_large_image","twitter_misc":{"Tempo di lettura stimato":"3 minuti"},"schema":{"@context":"https:\/\/schema.org","@graph":[{"@type":"WebPage","@id":"https:\/\/logdio.com\/it\/software-di-pianificazione-del-percorso\/","url":"https:\/\/logdio.com\/it\/software-di-pianificazione-del-percorso\/","name":"Software di pianificazione del percorso - Logdio - delivery management tool","isPartOf":{"@id":"https:\/\/logdio.com\/it\/#website"},"datePublished":"2021-08-23T19:01:43+00:00","dateModified":"2021-09-13T14:12:36+00:00","description":"Niente pi\u00f9 creazione di percorsi con fogli di calcolo, lavagne e mappe di Google. Crea e ottimizza tutti i percorsi per il giorno con facilit\u00e0.","breadcrumb":{"@id":"https:\/\/logdio.com\/it\/software-di-pianificazione-del-percorso\/#breadcrumb"},"inLanguage":"it-IT","potentialAction":[{"@type":"ReadAction","target":["https:\/\/logdio.com\/it\/software-di-pianificazione-del-percorso\/"]}]},{"@type":"BreadcrumbList","@id":"https:\/\/logdio.com\/it\/software-di-pianificazione-del-percorso\/#breadcrumb","itemListElement":[{"@type":"ListItem","position":1,"name":"Home","item":"https:\/\/logdio.com\/it\/pagina-di-destinazione\/"},{"@type":"ListItem","position":2,"name":"Software di pianificazione del percorso"}]},{"@type":"WebSite","@id":"https:\/\/logdio.com\/it\/#website","url":"https:\/\/logdio.com\/it\/","name":"Logdio - delivery management tool","description":"Next level delivery management software","publisher":{"@id":"https:\/\/logdio.com\/it\/#organization"},"potentialAction":[{"@type":"SearchAction","target":{"@type":"EntryPoint","urlTemplate":"https:\/\/logdio.com\/it\/?s={search_term_string}"},"query-input":{"@type":"PropertyValueSpecification","valueRequired":true,"valueName":"search_term_string"}}],"inLanguage":"it-IT"},{"@type":"Organization","@id":"https:\/\/logdio.com\/it\/#organization","name":"Logdio","url":"https:\/\/logdio.com\/it\/","logo":{"@type":"ImageObject","inLanguage":"it-IT","@id":"https:\/\/logdio.com\/it\/#\/schema\/logo\/image\/","url":"https:\/\/logdio.com\/wp-content\/uploads\/2021\/05\/Logdio.svg","contentUrl":"https:\/\/logdio.com\/wp-content\/uploads\/2021\/05\/Logdio.svg","width":4.44919,"height":1.1285,"caption":"Logdio"},"image":{"@id":"https:\/\/logdio.com\/it\/#\/schema\/logo\/image\/"},"sameAs":["https:\/\/www.facebook.com\/logtime.eu\/","https:\/\/www.linkedin.com\/company\/logtime"]}]}},"_links":{"self":[{"href":"https:\/\/logdio.com\/it\/wp-json\/wp\/v2\/pages\/7495","targetHints":{"allow":["GET"]}}],"collection":[{"href":"https:\/\/logdio.com\/it\/wp-json\/wp\/v2\/pages"}],"about":[{"href":"https:\/\/logdio.com\/it\/wp-json\/wp\/v2\/types\/page"}],"author":[{"embeddable":true,"href":"https:\/\/logdio.com\/it\/wp-json\/wp\/v2\/users\/1"}],"replies":[{"embeddable":true,"href":"https:\/\/logdio.com\/it\/wp-json\/wp\/v2\/comments?post=7495"}],"version-history":[{"count":2,"href":"https:\/\/logdio.com\/it\/wp-json\/wp\/v2\/pages\/7495\/revisions"}],"predecessor-version":[{"id":11600,"href":"https:\/\/logdio.com\/it\/wp-json\/wp\/v2\/pages\/7495\/revisions\/11600"}],"wp:attachment":[{"href":"https:\/\/logdio.com\/it\/wp-json\/wp\/v2\/media?parent=7495"}],"curies":[{"name":"wp","href":"https:\/\/api.w.org\/{rel}","templated":true}]}}