{"id":7489,"date":"2021-08-23T22:01:42","date_gmt":"2021-08-23T19:01:42","guid":{"rendered":"https:\/\/logdio.com\/prova-di-consegna\/"},"modified":"2023-08-21T00:31:07","modified_gmt":"2023-08-20T21:31:07","slug":"prova-di-consegna","status":"publish","type":"page","link":"https:\/\/logdio.com\/it\/prova-di-consegna\/","title":{"rendered":"Prova di consegna"},"content":{"rendered":"\t\t<div data-elementor-type=\"wp-page\" data-elementor-id=\"7489\" class=\"elementor elementor-7489 elementor-1053\" data-elementor-post-type=\"page\">\n\t\t\t\t\t\t<section class=\"has_ma_el_bg_slider elementor-section elementor-top-section elementor-element elementor-element-0fecb16 elementor-section-boxed elementor-section-height-default elementor-section-height-default jltma-glass-effect-no\" data-id=\"0fecb16\" data-element_type=\"section\" data-e-type=\"section\" data-settings=\"{&quot;jet_parallax_layout_list&quot;:[{&quot;jet_parallax_layout_image&quot;:{&quot;url&quot;:&quot;&quot;,&quot;id&quot;:&quot;&quot;,&quot;size&quot;:&quot;&quot;},&quot;_id&quot;:&quot;26d3bd4&quot;,&quot;jet_parallax_layout_image_tablet&quot;:{&quot;url&quot;:&quot;&quot;,&quot;id&quot;:&quot;&quot;,&quot;size&quot;:&quot;&quot;},&quot;jet_parallax_layout_image_mobile&quot;:{&quot;url&quot;:&quot;&quot;,&quot;id&quot;:&quot;&quot;,&quot;size&quot;:&quot;&quot;},&quot;jet_parallax_layout_speed&quot;:{&quot;unit&quot;:&quot;%&quot;,&quot;size&quot;:50,&quot;sizes&quot;:[]},&quot;jet_parallax_layout_type&quot;:&quot;scroll&quot;,&quot;jet_parallax_layout_direction&quot;:null,&quot;jet_parallax_layout_fx_direction&quot;:null,&quot;jet_parallax_layout_z_index&quot;:&quot;&quot;,&quot;jet_parallax_layout_bg_x&quot;:50,&quot;jet_parallax_layout_bg_x_tablet&quot;:&quot;&quot;,&quot;jet_parallax_layout_bg_x_mobile&quot;:&quot;&quot;,&quot;jet_parallax_layout_bg_y&quot;:50,&quot;jet_parallax_layout_bg_y_tablet&quot;:&quot;&quot;,&quot;jet_parallax_layout_bg_y_mobile&quot;:&quot;&quot;,&quot;jet_parallax_layout_bg_size&quot;:&quot;auto&quot;,&quot;jet_parallax_layout_bg_size_tablet&quot;:&quot;&quot;,&quot;jet_parallax_layout_bg_size_mobile&quot;:&quot;&quot;,&quot;jet_parallax_layout_animation_prop&quot;:&quot;transform&quot;,&quot;jet_parallax_layout_on&quot;:[&quot;desktop&quot;,&quot;tablet&quot;]}]}\">\n\t\t\t\t\t\t<div class=\"elementor-container elementor-column-gap-default\">\n\t\t\t\t\t<div class=\"has_ma_el_bg_slider elementor-column elementor-col-100 elementor-top-column elementor-element elementor-element-9bbe2b6 jltma-glass-effect-no\" data-id=\"9bbe2b6\" data-element_type=\"column\" data-e-type=\"column\">\n\t\t\t<div class=\"elementor-widget-wrap elementor-element-populated\">\n\t\t\t\t\t\t<div class=\"elementor-element elementor-element-93204c4 jltma-glass-effect-no elementor-widget elementor-widget-heading\" data-id=\"93204c4\" data-element_type=\"widget\" data-e-type=\"widget\" data-widget_type=\"heading.default\">\n\t\t\t\t<div class=\"elementor-widget-container\">\n\t\t\t\t\t<h1 class=\"elementor-heading-title elementor-size-default\">Prova di consegna<\/h1>\t\t\t\t<\/div>\n\t\t\t\t<\/div>\n\t\t\t\t\t<\/div>\n\t\t<\/div>\n\t\t\t\t\t<\/div>\n\t\t<\/section>\n\t\t\t\t<section class=\"has_ma_el_bg_slider elementor-section elementor-top-section elementor-element elementor-element-ffa49c8 elementor-section-boxed elementor-section-height-default elementor-section-height-default jltma-glass-effect-no\" data-id=\"ffa49c8\" data-element_type=\"section\" data-e-type=\"section\" data-settings=\"{&quot;jet_parallax_layout_list&quot;:[{&quot;jet_parallax_layout_image&quot;:{&quot;url&quot;:&quot;&quot;,&quot;id&quot;:&quot;&quot;,&quot;size&quot;:&quot;&quot;},&quot;_id&quot;:&quot;883b2bc&quot;,&quot;jet_parallax_layout_image_tablet&quot;:{&quot;url&quot;:&quot;&quot;,&quot;id&quot;:&quot;&quot;,&quot;size&quot;:&quot;&quot;},&quot;jet_parallax_layout_image_mobile&quot;:{&quot;url&quot;:&quot;&quot;,&quot;id&quot;:&quot;&quot;,&quot;size&quot;:&quot;&quot;},&quot;jet_parallax_layout_speed&quot;:{&quot;unit&quot;:&quot;%&quot;,&quot;size&quot;:50,&quot;sizes&quot;:[]},&quot;jet_parallax_layout_type&quot;:&quot;scroll&quot;,&quot;jet_parallax_layout_direction&quot;:null,&quot;jet_parallax_layout_fx_direction&quot;:null,&quot;jet_parallax_layout_z_index&quot;:&quot;&quot;,&quot;jet_parallax_layout_bg_x&quot;:50,&quot;jet_parallax_layout_bg_x_tablet&quot;:&quot;&quot;,&quot;jet_parallax_layout_bg_x_mobile&quot;:&quot;&quot;,&quot;jet_parallax_layout_bg_y&quot;:50,&quot;jet_parallax_layout_bg_y_tablet&quot;:&quot;&quot;,&quot;jet_parallax_layout_bg_y_mobile&quot;:&quot;&quot;,&quot;jet_parallax_layout_bg_size&quot;:&quot;auto&quot;,&quot;jet_parallax_layout_bg_size_tablet&quot;:&quot;&quot;,&quot;jet_parallax_layout_bg_size_mobile&quot;:&quot;&quot;,&quot;jet_parallax_layout_animation_prop&quot;:&quot;transform&quot;,&quot;jet_parallax_layout_on&quot;:[&quot;desktop&quot;,&quot;tablet&quot;]}]}\">\n\t\t\t\t\t\t<div class=\"elementor-container elementor-column-gap-default\">\n\t\t\t\t\t<div class=\"has_ma_el_bg_slider elementor-column elementor-col-100 elementor-top-column elementor-element elementor-element-bf6b3b9 jltma-glass-effect-no\" data-id=\"bf6b3b9\" data-element_type=\"column\" data-e-type=\"column\">\n\t\t\t<div class=\"elementor-widget-wrap elementor-element-populated\">\n\t\t\t\t\t\t<div class=\"elementor-element elementor-element-5d3d529 jltma-glass-effect-no elementor-widget elementor-widget-text-editor\" data-id=\"5d3d529\" data-element_type=\"widget\" data-e-type=\"widget\" data-widget_type=\"text-editor.default\">\n\t\t\t\t<div class=\"elementor-widget-container\">\n\t\t\t\t\t\t\t\t\t<p>Al giorno d&#8217;oggi le consegne degli ordini sono sempre pi\u00f9 veloci. L&#8217;aumento del numero di consegne e le crescenti aspettative dei clienti moltiplicano la pressione sulle aziende. A volte i clienti ordinano un prodotto, ma questo arriva in ritardo o non arriva affatto. Anche quando la consegna avviene senza problemi, ricevono merce danneggiata. In queste situazioni, la <strong>prova di consegna<\/strong> (nota anche come POD) fornisce la tranquillit\u00e0 ai vostri clienti che hanno ricevuto ci\u00f2 per cui hanno pagato in perfette condizioni.<\/p>\n<p>Quindi, qualsiasi azienda la cui reputazione dipende dalla velocit\u00e0 e dalla qualit\u00e0 della consegna di un prodotto o servizio dovrebbe prestare particolare attenzione alla prova di consegna. Soddisfer\u00e0 l&#8217;esperienza di consegna sia per il cliente che per l&#8217;azienda.<\/p>\n<\/p>\n<h2><strong>Cos&#8217;\u00e8 la prova di consegna?<\/strong><\/h2>\n<p>La prova di consegna \u00e8 un riconoscimento che l&#8217;ordine \u00e8 arrivato con successo nel luogo desiderato. Se hai un&#8217;attivit\u00e0 di consegna di cibo, logistica, B2B o eCommerce, POD \u00e8 l&#8217;opzione migliore per te. Ma non si limita solo a questi due flussi; potete anche usarlo per mostrare che il servizio \u00e8 stato completato. Ecco perch\u00e9 il POD \u00e8 anche conosciuto come prova di completamento (POC).<\/p>\n<p>POD \u00e8 disponibile in due forme:<\/p>\n<h3><strong>1. <\/strong><strong>Carta POD: <\/strong> <\/h3>\n<p>Un POD cartaceo \u00e8 un documento fisico che funziona come una ricevuta. I clienti firmano un POD cartaceo quando ricevono un prodotto o un servizio.<\/p>\n<h3><strong>2. <\/strong><strong>POD elettronico: <\/strong> <\/h3>\n<p>In questi giorni, i clienti hanno pi\u00f9 familiarit\u00e0 con il POD elettronico. Sono finiti i giorni in cui le aziende dovevano aspettare che gli autisti tornassero con i POD di carta o chiamare i clienti per controllare lo stato della consegna. Nella prova di consegna elettronica POD, i clienti forniscono segni elettronici mentre ricevono i loro prodotti. Sia il cliente che il mittente possono ricevere aggiornamenti istantanei sulla consegna quando questa avviene con successo.<\/p>\n<p>I POD di carta possono essere persi o danneggiati facilmente. Con il POD elettronico, non c&#8217;\u00e8 bisogno di mantenere registri cartacei per confermare la consegna. Quindi riduce gli sforzi manuali e rende le cose pi\u00f9 semplici.<\/p>\n<\/p>\n<h2><strong>Perch\u00e9 \u00e8 importante?<\/strong><\/h2>\n<p>Il POD \u00e8 importante per diverse ragioni:<\/p>\n<h3><strong>1. <\/strong><strong>Consegna sicura di documenti importanti<\/strong><\/h3>\n<p>Quando si vogliono inviare documenti importanti (certificato di matrimonio originale, certificato di nascita, passaporto), il POD diventa essenziale. Con l&#8217;aiuto di questo strumento avanzato, i vostri documenti saranno consegnati al posto giusto e alle autorit\u00e0 competenti. Cos\u00ec, se i documenti vengono persi, \u00e8 possibile rintracciare facilmente dove si \u00e8 verificato l&#8217;errore.<\/p>\n<h3><strong>2. <\/strong><strong>Completa la catena di custodia:<\/strong><\/h3>\n<p>La responsabilit\u00e0 \u00e8 essenziale nelle consegne B2B, anche se il pacchetto ha raggiunto la sua destinazione. Il POD completa la catena di custodia e si assicura che la merce sia consegnata al giusto destinatario. Questo servizio \u00e8 pi\u00f9 vantaggioso quando si ha bisogno di consegnare prodotti a imprese multidipartimentali.<\/p>\n<h3><strong>3. <\/strong><strong>Previene le controversie <\/strong> <\/h3>\n<p>POD fornisce un&#8217;interazione senza contatto se i clienti non sono a casa. Questa opzione previene le controversie tra clienti e fornitori perch\u00e9 l&#8217;autista scatter\u00e0 la foto per mostrare la prova che l&#8217;articolo ha raggiunto l&#8217;indirizzo dell&#8217;acquirente. Il POD permette di ricevere la conferma del fatto che l&#8217;ordine \u00e8 stato accettato dal cliente grazie alla firma elettronica del cliente sullo schermo dello smartphone del corriere, oltre a fotografare il fatto della consegna dell&#8217;ordine. L&#8217;utilizzo del meccanismo di fotofissazione vi permetter\u00e0 anche di risolvere rapidamente la situazione in caso di danni\/marcature della merce. In questo modo, POD mantiene il personale di consegna protetto da feedback negativi o false accuse da parte dei clienti.<\/p>\n<h3><strong>4. <\/strong><strong>Riduce i duplicati, le frodi e i ritardi di pagamento<\/strong><\/h3>\n<p>Inoltre, il POD aiuta a ridurre gli incidenti di frode, gli articoli duplicati e le spese di pagamento in ritardo addebitate dai venditori per i prodotti non ancora consegnati.<\/p>\n<h3><strong>5. <\/strong><strong>Migliora la tracciabilit\u00e0<\/strong><\/h3>\n<p>Un sistema POD elettronico porta trasparenza migliorando la tracciabilit\u00e0 delle spedizioni in tutta la vostra catena di approvvigionamento. Permette un migliore monitoraggio del progresso della consegna, rendendo facile per le aziende identificare i problemi di consegna rilevanti prima che diventino passivit\u00e0 significative.<\/p>\n<h3><strong>6. <\/strong><strong>Aumenta la precisione delle scorte:<\/strong><\/h3>\n<p>Con la prova di consegna, le aziende rimangono organizzate e tengono un registro delle consegne e dei ritorni riusciti. Questa cosa aiuta il team del magazzino a gestire meglio i livelli di stock e ad aumentare la precisione delle scorte.<\/p>\n<h3><strong>7. <\/strong><strong>Aiuta a monitorare i progressi della consegna<\/strong><\/h3>\n<p>Electronic POD semplifica i processi di consegna offrendo una funzione di monitoraggio del progresso della consegna. Quando un autista \u00e8 fuori sul campo, proverete che si \u00e8 fermato per fare la consegna. Quindi, \u00e8 possibile migliorare le operazioni generali fuori dal campo e sul campo con il POD elettronico.<\/p>\n<h3><strong>8. <\/strong><strong>Migliora l&#8217;esperienza del cliente<\/strong><\/h3>\n<p>I clienti hanno una vasta gamma di opzioni di acquisto. Le aziende che offrono un&#8217;esperienza personalizzata e affidabile guadagnano la parte del leone nella fedelt\u00e0 dei loro clienti. Il POD aiuta a migliorare il servizio clienti e migliora le esperienze dei clienti. Puoi costruire la fedelt\u00e0 dei clienti, migliorare l&#8217;immagine del marchio della tua azienda e aumentare il tasso di ritenzione dei clienti.<\/p>\n<h3><strong>9. <\/strong><strong>Risparmia tempo<\/strong><\/h3>\n<p>Viviamo nel 21\u00b0 secolo da molto tempo, ed \u00e8 inaccettabile per molti acquirenti aspettare un corriere durante il giorno. Sulla base delle informazioni del sistema di pianificazione e controllo del movimento dei corrieri, puoi informare automaticamente i clienti sui tempi di consegna!<\/p>\n<\/p>\n<h2><strong>Perch\u00e9 scegliere il sistema Logdis POD?<\/strong><\/h2>\n<p>I problemi di consegna sono forse la ragione pi\u00f9 comune per le recensioni negative e la negativit\u00e0 su un negozio. E viceversa, consegna veloce, non c&#8217;\u00e8 bisogno di aspettare un corriere durante il giorno, informare sul progresso della consegna &#8211; creare una buona impressione e rendere il cliente un cliente regolare. Un tale cliente sar\u00e0 felice di tornare, raccomandare il negozio ad amici e colleghi, scrivere recensioni positive online. Il sistema Logdis POD contribuisce a raggiungere questo obiettivo.<\/p>\n<p>Stiamo parlando del servizio online logdio.com, che semplifica notevolmente la gestione dei corrieri e riduce il tempo di attesa del cliente. Inoltre, rende trasparente l&#8217;informazione sullo stato di consegna di ogni ordine, non solo per il responsabile delle consegne ma, se lo desidera, per i clienti.<\/p>\n<p>Questo software contiene tutte le informazioni su ordini, clienti, merci, pagamenti, ecc. La postazione dell&#8217;amministratore permette di vedere la posizione dei corrieri e degli ordini sulla mappa, di ricevere una previsione sul tempo di arrivo del corriere al cliente.<\/p>\n<p>Siamo interessati a feedback, raccomandazioni e desideri che ci permetteranno di rendere il servizio uno strumento comodo e prezioso. Se sei interessato a implementare una prova di consegna POD nella tua azienda, <a href=\"https:\/\/logdio.com\/it\/prova-di-consegna\/\">acquista i nostri servizi<\/a>.<\/p><\/p>\n\t\t\t\t\t\t\t\t<\/div>\n\t\t\t\t<\/div>\n\t\t\t\t\t<\/div>\n\t\t<\/div>\n\t\t\t\t\t<\/div>\n\t\t<\/section>\n\t\t\t\t<\/div>\n\t\t","protected":false},"excerpt":{"rendered":"<p>Prova di consegna Al giorno d&#8217;oggi le consegne degli ordini sono sempre pi\u00f9 veloci. L&#8217;aumento del numero di consegne e le crescenti aspettative dei clienti moltiplicano la pressione sulle aziende. A volte i clienti ordinano un prodotto, ma questo arriva in ritardo o non arriva affatto. Anche quando la consegna avviene senza problemi, ricevono merce [&hellip;]<\/p>\n","protected":false},"author":1,"featured_media":0,"parent":0,"menu_order":0,"comment_status":"closed","ping_status":"closed","template":"elementor_header_footer","meta":{"footnotes":""},"class_list":["post-7489","page","type-page","status-publish","hentry"],"yoast_head":"<!-- This site is optimized with the Yoast SEO plugin v26.8 - https:\/\/yoast.com\/product\/yoast-seo-wordpress\/ -->\n<title>Prova di consegna - Logdio - delivery management tool<\/title>\n<meta name=\"description\" content=\"Fornire la prova di consegna ai clienti con il sistema Logdis. Include foto e firme. Cos\u00ec come le coordinate e i dati temporali.\" \/>\n<meta name=\"robots\" content=\"index, follow, max-snippet:-1, max-image-preview:large, max-video-preview:-1\" \/>\n<link rel=\"canonical\" href=\"https:\/\/logdio.com\/it\/prova-di-consegna\/\" \/>\n<meta property=\"og:locale\" content=\"it_IT\" \/>\n<meta property=\"og:type\" content=\"article\" \/>\n<meta property=\"og:title\" content=\"Prova di consegna - Logdio - delivery management tool\" \/>\n<meta property=\"og:description\" content=\"Fornire la prova di consegna ai clienti con il sistema Logdis. Include foto e firme. Cos\u00ec come le coordinate e i dati temporali.\" \/>\n<meta property=\"og:url\" content=\"https:\/\/logdio.com\/it\/prova-di-consegna\/\" \/>\n<meta property=\"og:site_name\" content=\"Logdio - delivery management tool\" \/>\n<meta property=\"article:publisher\" content=\"https:\/\/www.facebook.com\/logtime.eu\/\" \/>\n<meta property=\"article:modified_time\" content=\"2023-08-20T21:31:07+00:00\" \/>\n<meta name=\"twitter:card\" content=\"summary_large_image\" \/>\n<meta name=\"twitter:label1\" content=\"Tempo di lettura stimato\" \/>\n\t<meta name=\"twitter:data1\" content=\"5 minuti\" \/>\n<script type=\"application\/ld+json\" class=\"yoast-schema-graph\">{\"@context\":\"https:\/\/schema.org\",\"@graph\":[{\"@type\":\"WebPage\",\"@id\":\"https:\/\/logdio.com\/it\/prova-di-consegna\/\",\"url\":\"https:\/\/logdio.com\/it\/prova-di-consegna\/\",\"name\":\"Prova di consegna - Logdio - delivery management tool\",\"isPartOf\":{\"@id\":\"https:\/\/logdio.com\/it\/#website\"},\"datePublished\":\"2021-08-23T19:01:42+00:00\",\"dateModified\":\"2023-08-20T21:31:07+00:00\",\"description\":\"Fornire la prova di consegna ai clienti con il sistema Logdis. Include foto e firme. Cos\u00ec come le coordinate e i dati temporali.\",\"breadcrumb\":{\"@id\":\"https:\/\/logdio.com\/it\/prova-di-consegna\/#breadcrumb\"},\"inLanguage\":\"it-IT\",\"potentialAction\":[{\"@type\":\"ReadAction\",\"target\":[\"https:\/\/logdio.com\/it\/prova-di-consegna\/\"]}]},{\"@type\":\"BreadcrumbList\",\"@id\":\"https:\/\/logdio.com\/it\/prova-di-consegna\/#breadcrumb\",\"itemListElement\":[{\"@type\":\"ListItem\",\"position\":1,\"name\":\"Home\",\"item\":\"https:\/\/logdio.com\/it\/pagina-di-destinazione\/\"},{\"@type\":\"ListItem\",\"position\":2,\"name\":\"Prova di consegna\"}]},{\"@type\":\"WebSite\",\"@id\":\"https:\/\/logdio.com\/it\/#website\",\"url\":\"https:\/\/logdio.com\/it\/\",\"name\":\"Logdio - delivery management tool\",\"description\":\"Next level delivery management software\",\"publisher\":{\"@id\":\"https:\/\/logdio.com\/it\/#organization\"},\"potentialAction\":[{\"@type\":\"SearchAction\",\"target\":{\"@type\":\"EntryPoint\",\"urlTemplate\":\"https:\/\/logdio.com\/it\/?s={search_term_string}\"},\"query-input\":{\"@type\":\"PropertyValueSpecification\",\"valueRequired\":true,\"valueName\":\"search_term_string\"}}],\"inLanguage\":\"it-IT\"},{\"@type\":\"Organization\",\"@id\":\"https:\/\/logdio.com\/it\/#organization\",\"name\":\"Logdio\",\"url\":\"https:\/\/logdio.com\/it\/\",\"logo\":{\"@type\":\"ImageObject\",\"inLanguage\":\"it-IT\",\"@id\":\"https:\/\/logdio.com\/it\/#\/schema\/logo\/image\/\",\"url\":\"https:\/\/logdio.com\/wp-content\/uploads\/2021\/05\/Logdio.svg\",\"contentUrl\":\"https:\/\/logdio.com\/wp-content\/uploads\/2021\/05\/Logdio.svg\",\"width\":4.44919,\"height\":1.1285,\"caption\":\"Logdio\"},\"image\":{\"@id\":\"https:\/\/logdio.com\/it\/#\/schema\/logo\/image\/\"},\"sameAs\":[\"https:\/\/www.facebook.com\/logtime.eu\/\",\"https:\/\/www.linkedin.com\/company\/logtime\"]}]}<\/script>\n<!-- \/ Yoast SEO plugin. -->","yoast_head_json":{"title":"Prova di consegna - Logdio - delivery management tool","description":"Fornire la prova di consegna ai clienti con il sistema Logdis. Include foto e firme. Cos\u00ec come le coordinate e i dati temporali.","robots":{"index":"index","follow":"follow","max-snippet":"max-snippet:-1","max-image-preview":"max-image-preview:large","max-video-preview":"max-video-preview:-1"},"canonical":"https:\/\/logdio.com\/it\/prova-di-consegna\/","og_locale":"it_IT","og_type":"article","og_title":"Prova di consegna - Logdio - delivery management tool","og_description":"Fornire la prova di consegna ai clienti con il sistema Logdis. Include foto e firme. Cos\u00ec come le coordinate e i dati temporali.","og_url":"https:\/\/logdio.com\/it\/prova-di-consegna\/","og_site_name":"Logdio - delivery management tool","article_publisher":"https:\/\/www.facebook.com\/logtime.eu\/","article_modified_time":"2023-08-20T21:31:07+00:00","twitter_card":"summary_large_image","twitter_misc":{"Tempo di lettura stimato":"5 minuti"},"schema":{"@context":"https:\/\/schema.org","@graph":[{"@type":"WebPage","@id":"https:\/\/logdio.com\/it\/prova-di-consegna\/","url":"https:\/\/logdio.com\/it\/prova-di-consegna\/","name":"Prova di consegna - Logdio - delivery management tool","isPartOf":{"@id":"https:\/\/logdio.com\/it\/#website"},"datePublished":"2021-08-23T19:01:42+00:00","dateModified":"2023-08-20T21:31:07+00:00","description":"Fornire la prova di consegna ai clienti con il sistema Logdis. Include foto e firme. Cos\u00ec come le coordinate e i dati temporali.","breadcrumb":{"@id":"https:\/\/logdio.com\/it\/prova-di-consegna\/#breadcrumb"},"inLanguage":"it-IT","potentialAction":[{"@type":"ReadAction","target":["https:\/\/logdio.com\/it\/prova-di-consegna\/"]}]},{"@type":"BreadcrumbList","@id":"https:\/\/logdio.com\/it\/prova-di-consegna\/#breadcrumb","itemListElement":[{"@type":"ListItem","position":1,"name":"Home","item":"https:\/\/logdio.com\/it\/pagina-di-destinazione\/"},{"@type":"ListItem","position":2,"name":"Prova di consegna"}]},{"@type":"WebSite","@id":"https:\/\/logdio.com\/it\/#website","url":"https:\/\/logdio.com\/it\/","name":"Logdio - delivery management tool","description":"Next level delivery management software","publisher":{"@id":"https:\/\/logdio.com\/it\/#organization"},"potentialAction":[{"@type":"SearchAction","target":{"@type":"EntryPoint","urlTemplate":"https:\/\/logdio.com\/it\/?s={search_term_string}"},"query-input":{"@type":"PropertyValueSpecification","valueRequired":true,"valueName":"search_term_string"}}],"inLanguage":"it-IT"},{"@type":"Organization","@id":"https:\/\/logdio.com\/it\/#organization","name":"Logdio","url":"https:\/\/logdio.com\/it\/","logo":{"@type":"ImageObject","inLanguage":"it-IT","@id":"https:\/\/logdio.com\/it\/#\/schema\/logo\/image\/","url":"https:\/\/logdio.com\/wp-content\/uploads\/2021\/05\/Logdio.svg","contentUrl":"https:\/\/logdio.com\/wp-content\/uploads\/2021\/05\/Logdio.svg","width":4.44919,"height":1.1285,"caption":"Logdio"},"image":{"@id":"https:\/\/logdio.com\/it\/#\/schema\/logo\/image\/"},"sameAs":["https:\/\/www.facebook.com\/logtime.eu\/","https:\/\/www.linkedin.com\/company\/logtime"]}]}},"_links":{"self":[{"href":"https:\/\/logdio.com\/it\/wp-json\/wp\/v2\/pages\/7489","targetHints":{"allow":["GET"]}}],"collection":[{"href":"https:\/\/logdio.com\/it\/wp-json\/wp\/v2\/pages"}],"about":[{"href":"https:\/\/logdio.com\/it\/wp-json\/wp\/v2\/types\/page"}],"author":[{"embeddable":true,"href":"https:\/\/logdio.com\/it\/wp-json\/wp\/v2\/users\/1"}],"replies":[{"embeddable":true,"href":"https:\/\/logdio.com\/it\/wp-json\/wp\/v2\/comments?post=7489"}],"version-history":[{"count":3,"href":"https:\/\/logdio.com\/it\/wp-json\/wp\/v2\/pages\/7489\/revisions"}],"predecessor-version":[{"id":27099,"href":"https:\/\/logdio.com\/it\/wp-json\/wp\/v2\/pages\/7489\/revisions\/27099"}],"wp:attachment":[{"href":"https:\/\/logdio.com\/it\/wp-json\/wp\/v2\/media?parent=7489"}],"curies":[{"name":"wp","href":"https:\/\/api.w.org\/{rel}","templated":true}]}}