{"id":7481,"date":"2021-08-23T22:01:38","date_gmt":"2021-08-23T19:01:38","guid":{"rendered":"https:\/\/logdio.com\/software-in-movimento\/"},"modified":"2021-09-13T17:12:07","modified_gmt":"2021-09-13T14:12:07","slug":"software-in-movimento","status":"publish","type":"page","link":"https:\/\/logdio.com\/it\/software-in-movimento\/","title":{"rendered":"Software in movimento"},"content":{"rendered":"\t\t<div data-elementor-type=\"wp-page\" data-elementor-id=\"7481\" class=\"elementor elementor-7481 elementor-1057\" data-elementor-post-type=\"page\">\n\t\t\t\t\t\t<section class=\"has_ma_el_bg_slider elementor-section elementor-top-section elementor-element elementor-element-4c6dc8e elementor-section-boxed elementor-section-height-default elementor-section-height-default jltma-glass-effect-no\" data-id=\"4c6dc8e\" data-element_type=\"section\" data-e-type=\"section\" data-settings=\"{&quot;jet_parallax_layout_list&quot;:[{&quot;jet_parallax_layout_image&quot;:{&quot;url&quot;:&quot;&quot;,&quot;id&quot;:&quot;&quot;,&quot;size&quot;:&quot;&quot;},&quot;_id&quot;:&quot;0cca513&quot;,&quot;jet_parallax_layout_image_tablet&quot;:{&quot;url&quot;:&quot;&quot;,&quot;id&quot;:&quot;&quot;,&quot;size&quot;:&quot;&quot;},&quot;jet_parallax_layout_image_mobile&quot;:{&quot;url&quot;:&quot;&quot;,&quot;id&quot;:&quot;&quot;,&quot;size&quot;:&quot;&quot;},&quot;jet_parallax_layout_speed&quot;:{&quot;unit&quot;:&quot;%&quot;,&quot;size&quot;:50,&quot;sizes&quot;:[]},&quot;jet_parallax_layout_type&quot;:&quot;scroll&quot;,&quot;jet_parallax_layout_direction&quot;:null,&quot;jet_parallax_layout_fx_direction&quot;:null,&quot;jet_parallax_layout_z_index&quot;:&quot;&quot;,&quot;jet_parallax_layout_bg_x&quot;:50,&quot;jet_parallax_layout_bg_x_tablet&quot;:&quot;&quot;,&quot;jet_parallax_layout_bg_x_mobile&quot;:&quot;&quot;,&quot;jet_parallax_layout_bg_y&quot;:50,&quot;jet_parallax_layout_bg_y_tablet&quot;:&quot;&quot;,&quot;jet_parallax_layout_bg_y_mobile&quot;:&quot;&quot;,&quot;jet_parallax_layout_bg_size&quot;:&quot;auto&quot;,&quot;jet_parallax_layout_bg_size_tablet&quot;:&quot;&quot;,&quot;jet_parallax_layout_bg_size_mobile&quot;:&quot;&quot;,&quot;jet_parallax_layout_animation_prop&quot;:&quot;transform&quot;,&quot;jet_parallax_layout_on&quot;:[&quot;desktop&quot;,&quot;tablet&quot;]}]}\">\n\t\t\t\t\t\t<div class=\"elementor-container elementor-column-gap-default\">\n\t\t\t\t\t<div class=\"has_ma_el_bg_slider elementor-column elementor-col-100 elementor-top-column elementor-element elementor-element-d0dcb32 jltma-glass-effect-no\" data-id=\"d0dcb32\" data-element_type=\"column\" data-e-type=\"column\">\n\t\t\t<div class=\"elementor-widget-wrap elementor-element-populated\">\n\t\t\t\t\t\t<div class=\"elementor-element elementor-element-39d830a jltma-glass-effect-no elementor-widget elementor-widget-heading\" data-id=\"39d830a\" data-element_type=\"widget\" data-e-type=\"widget\" data-widget_type=\"heading.default\">\n\t\t\t\t<div class=\"elementor-widget-container\">\n\t\t\t\t\t<h1 class=\"elementor-heading-title elementor-size-default\">Software in movimento<\/h1>\t\t\t\t<\/div>\n\t\t\t\t<\/div>\n\t\t\t\t\t<\/div>\n\t\t<\/div>\n\t\t\t\t\t<\/div>\n\t\t<\/section>\n\t\t\t\t<section class=\"has_ma_el_bg_slider elementor-section elementor-top-section elementor-element elementor-element-dbf48eb elementor-section-boxed elementor-section-height-default elementor-section-height-default jltma-glass-effect-no\" data-id=\"dbf48eb\" data-element_type=\"section\" data-e-type=\"section\" data-settings=\"{&quot;jet_parallax_layout_list&quot;:[{&quot;jet_parallax_layout_image&quot;:{&quot;url&quot;:&quot;&quot;,&quot;id&quot;:&quot;&quot;,&quot;size&quot;:&quot;&quot;},&quot;_id&quot;:&quot;d626da6&quot;,&quot;jet_parallax_layout_image_tablet&quot;:{&quot;url&quot;:&quot;&quot;,&quot;id&quot;:&quot;&quot;,&quot;size&quot;:&quot;&quot;},&quot;jet_parallax_layout_image_mobile&quot;:{&quot;url&quot;:&quot;&quot;,&quot;id&quot;:&quot;&quot;,&quot;size&quot;:&quot;&quot;},&quot;jet_parallax_layout_speed&quot;:{&quot;unit&quot;:&quot;%&quot;,&quot;size&quot;:50,&quot;sizes&quot;:[]},&quot;jet_parallax_layout_type&quot;:&quot;scroll&quot;,&quot;jet_parallax_layout_direction&quot;:null,&quot;jet_parallax_layout_fx_direction&quot;:null,&quot;jet_parallax_layout_z_index&quot;:&quot;&quot;,&quot;jet_parallax_layout_bg_x&quot;:50,&quot;jet_parallax_layout_bg_x_tablet&quot;:&quot;&quot;,&quot;jet_parallax_layout_bg_x_mobile&quot;:&quot;&quot;,&quot;jet_parallax_layout_bg_y&quot;:50,&quot;jet_parallax_layout_bg_y_tablet&quot;:&quot;&quot;,&quot;jet_parallax_layout_bg_y_mobile&quot;:&quot;&quot;,&quot;jet_parallax_layout_bg_size&quot;:&quot;auto&quot;,&quot;jet_parallax_layout_bg_size_tablet&quot;:&quot;&quot;,&quot;jet_parallax_layout_bg_size_mobile&quot;:&quot;&quot;,&quot;jet_parallax_layout_animation_prop&quot;:&quot;transform&quot;,&quot;jet_parallax_layout_on&quot;:[&quot;desktop&quot;,&quot;tablet&quot;]}]}\">\n\t\t\t\t\t\t<div class=\"elementor-container elementor-column-gap-default\">\n\t\t\t\t\t<div class=\"has_ma_el_bg_slider elementor-column elementor-col-100 elementor-top-column elementor-element elementor-element-07ff841 jltma-glass-effect-no\" data-id=\"07ff841\" data-element_type=\"column\" data-e-type=\"column\">\n\t\t\t<div class=\"elementor-widget-wrap elementor-element-populated\">\n\t\t\t\t\t\t<div class=\"elementor-element elementor-element-6003307 jltma-glass-effect-no elementor-widget elementor-widget-text-editor\" data-id=\"6003307\" data-element_type=\"widget\" data-e-type=\"widget\" data-widget_type=\"text-editor.default\">\n\t\t\t\t<div class=\"elementor-widget-container\">\n\t\t\t\t\t\t\t\t\t<p>Traslocare non \u00e8 mai una grande esperienza, non importa quanto si cerchi di renderla interessante. Impacchettare e trasportare tutto \u00e8 davvero sgradevole. Ma per un&#8217;azienda di traslochi, non \u00e8 un&#8217;esperienza stressante ma solo un altro giorno di lavoro. Quindi, l&#8217;azienda in movimento ha bisogno di un software in movimento che aumenti le sue efficienze.  <\/p>\n<\/p>\n<h2><strong>Cos&#8217;\u00e8 il software in movimento?<\/strong><\/h2>\n<p>Il software per aziende di traslochi \u00e8 lo strumento di cui la vostra azienda ha bisogno. Sia che stiate gestendo un&#8217;attivit\u00e0 individualmente o che abbiate dei franchising in tutto il paese, il software di movimentazione pu\u00f2 massimizzare le vostre vendite, il marketing, le operazioni e i profitti.<\/p>\n<p>Inoltre, il software di trasloco intelligente ti aiuta a ottimizzare le operazioni, ottenere pi\u00f9 vittorie, costruire la responsabilit\u00e0, aumentare la qualit\u00e0 del servizio e raggiungere il pieno potenziale di profitto.<\/p>\n<p>Questo software \u00e8 in grado di eseguire le seguenti funzioni:<\/p>\n<ul>\n<li>Gestione delle commesse<\/li>\n<li>Pianificazione degli appuntamenti<\/li>\n<li>Gestione dei contatti<\/li>\n<li>Debiti e crediti  <\/li>\n<li>Forniture di lavoro e calcolatrice di stima<\/li>\n<\/ul>\n<p>Queste abilit\u00e0 possono sostenere le aziende dall&#8217;inizio alla conclusione del lavoro. Il software di trasloco include anche capacit\u00e0 di marketing che ti aiutano a costruire relazioni con i tuoi clienti.  <\/p>\n<\/p>\n<h2><strong>Quale software di trasloco usare?<\/strong> <\/h2>\n<p>Il software in movimento aumenta significativamente la capacit\u00e0 del business di offrire esperienze piacevoli ai propri clienti. Ma ci sono tonnellate di software per aziende in movimento sul mercato. Scegliere l&#8217;opzione migliore pu\u00f2 essere un compito difficile.  <\/p>\n<p>Qui vi suggeriamo di provare Lodgio. Che tu abbia appena iniziato o che tu sia un imprenditore esperto, Logdio offre le risorse e il supporto di esperti per garantire il tuo successo.<\/p>\n<p>Il CRM per aziende di traslochi vi permetter\u00e0 di gestire tutti i compiti come la spedizione, la localizzazione GPS e la chiusura dei movimenti attraverso un dispositivo mobile. Puoi anche provare 14 giorni di prova gratuita e notare i risultati.  <\/p>\n<p>Se avete domande sul software di spostamento, non esitate a contattarci.  <\/p><\/p>\n\t\t\t\t\t\t\t\t<\/div>\n\t\t\t\t<\/div>\n\t\t\t\t\t<\/div>\n\t\t<\/div>\n\t\t\t\t\t<\/div>\n\t\t<\/section>\n\t\t\t\t<\/div>\n\t\t","protected":false},"excerpt":{"rendered":"<p>Traslocare non \u00e8 mai una grande esperienza, non importa quanto si cerchi di renderla interessante. Impacchettare e trasportare tutto \u00e8 davvero sgradevole. Ma per un&#8217;azienda di traslochi, non \u00e8 un&#8217;esperienza stressante ma solo un altro giorno di lavoro. Quindi, l&#8217;azienda in movimento ha bisogno di un software in movimento che aumenti le sue efficienze. Cos&#8217;\u00e8 [&hellip;]<\/p>\n","protected":false},"author":1,"featured_media":0,"parent":0,"menu_order":0,"comment_status":"closed","ping_status":"closed","template":"elementor_header_footer","meta":{"footnotes":""},"class_list":["post-7481","page","type-page","status-publish","hentry"],"yoast_head":"<!-- This site is optimized with the Yoast SEO plugin v26.8 - https:\/\/yoast.com\/product\/yoast-seo-wordpress\/ -->\n<title>Software in movimento - Logdio - delivery management tool<\/title>\n<meta name=\"description\" content=\"La pianificazione delle capacit\u00e0 \u00e8 un processo che identifica se si hanno le competenze e le forniture per fare il lavoro.\" \/>\n<meta name=\"robots\" content=\"index, follow, max-snippet:-1, max-image-preview:large, max-video-preview:-1\" \/>\n<link rel=\"canonical\" href=\"https:\/\/logdio.com\/it\/software-in-movimento\/\" \/>\n<meta property=\"og:locale\" content=\"it_IT\" \/>\n<meta property=\"og:type\" content=\"article\" \/>\n<meta property=\"og:title\" content=\"Software in movimento - Logdio - delivery management tool\" \/>\n<meta property=\"og:description\" content=\"La pianificazione delle capacit\u00e0 \u00e8 un processo che identifica se si hanno le competenze e le forniture per fare il lavoro.\" \/>\n<meta property=\"og:url\" content=\"https:\/\/logdio.com\/it\/software-in-movimento\/\" \/>\n<meta property=\"og:site_name\" content=\"Logdio - delivery management tool\" \/>\n<meta property=\"article:publisher\" content=\"https:\/\/www.facebook.com\/logtime.eu\/\" \/>\n<meta property=\"article:modified_time\" content=\"2021-09-13T14:12:07+00:00\" \/>\n<meta name=\"twitter:card\" content=\"summary_large_image\" \/>\n<meta name=\"twitter:label1\" content=\"Tempo di lettura stimato\" \/>\n\t<meta name=\"twitter:data1\" content=\"2 minuti\" \/>\n<script type=\"application\/ld+json\" class=\"yoast-schema-graph\">{\"@context\":\"https:\/\/schema.org\",\"@graph\":[{\"@type\":\"WebPage\",\"@id\":\"https:\/\/logdio.com\/it\/software-in-movimento\/\",\"url\":\"https:\/\/logdio.com\/it\/software-in-movimento\/\",\"name\":\"Software in movimento - Logdio - delivery management tool\",\"isPartOf\":{\"@id\":\"https:\/\/logdio.com\/it\/#website\"},\"datePublished\":\"2021-08-23T19:01:38+00:00\",\"dateModified\":\"2021-09-13T14:12:07+00:00\",\"description\":\"La pianificazione delle capacit\u00e0 \u00e8 un processo che identifica se si hanno le competenze e le forniture per fare il lavoro.\",\"breadcrumb\":{\"@id\":\"https:\/\/logdio.com\/it\/software-in-movimento\/#breadcrumb\"},\"inLanguage\":\"it-IT\",\"potentialAction\":[{\"@type\":\"ReadAction\",\"target\":[\"https:\/\/logdio.com\/it\/software-in-movimento\/\"]}]},{\"@type\":\"BreadcrumbList\",\"@id\":\"https:\/\/logdio.com\/it\/software-in-movimento\/#breadcrumb\",\"itemListElement\":[{\"@type\":\"ListItem\",\"position\":1,\"name\":\"Home\",\"item\":\"https:\/\/logdio.com\/it\/pagina-di-destinazione\/\"},{\"@type\":\"ListItem\",\"position\":2,\"name\":\"Software in movimento\"}]},{\"@type\":\"WebSite\",\"@id\":\"https:\/\/logdio.com\/it\/#website\",\"url\":\"https:\/\/logdio.com\/it\/\",\"name\":\"Logdio - delivery management tool\",\"description\":\"Next level delivery management software\",\"publisher\":{\"@id\":\"https:\/\/logdio.com\/it\/#organization\"},\"potentialAction\":[{\"@type\":\"SearchAction\",\"target\":{\"@type\":\"EntryPoint\",\"urlTemplate\":\"https:\/\/logdio.com\/it\/?s={search_term_string}\"},\"query-input\":{\"@type\":\"PropertyValueSpecification\",\"valueRequired\":true,\"valueName\":\"search_term_string\"}}],\"inLanguage\":\"it-IT\"},{\"@type\":\"Organization\",\"@id\":\"https:\/\/logdio.com\/it\/#organization\",\"name\":\"Logdio\",\"url\":\"https:\/\/logdio.com\/it\/\",\"logo\":{\"@type\":\"ImageObject\",\"inLanguage\":\"it-IT\",\"@id\":\"https:\/\/logdio.com\/it\/#\/schema\/logo\/image\/\",\"url\":\"https:\/\/logdio.com\/wp-content\/uploads\/2021\/05\/Logdio.svg\",\"contentUrl\":\"https:\/\/logdio.com\/wp-content\/uploads\/2021\/05\/Logdio.svg\",\"width\":4.44919,\"height\":1.1285,\"caption\":\"Logdio\"},\"image\":{\"@id\":\"https:\/\/logdio.com\/it\/#\/schema\/logo\/image\/\"},\"sameAs\":[\"https:\/\/www.facebook.com\/logtime.eu\/\",\"https:\/\/www.linkedin.com\/company\/logtime\"]}]}<\/script>\n<!-- \/ Yoast SEO plugin. -->","yoast_head_json":{"title":"Software in movimento - Logdio - delivery management tool","description":"La pianificazione delle capacit\u00e0 \u00e8 un processo che identifica se si hanno le competenze e le forniture per fare il lavoro.","robots":{"index":"index","follow":"follow","max-snippet":"max-snippet:-1","max-image-preview":"max-image-preview:large","max-video-preview":"max-video-preview:-1"},"canonical":"https:\/\/logdio.com\/it\/software-in-movimento\/","og_locale":"it_IT","og_type":"article","og_title":"Software in movimento - Logdio - delivery management tool","og_description":"La pianificazione delle capacit\u00e0 \u00e8 un processo che identifica se si hanno le competenze e le forniture per fare il lavoro.","og_url":"https:\/\/logdio.com\/it\/software-in-movimento\/","og_site_name":"Logdio - delivery management tool","article_publisher":"https:\/\/www.facebook.com\/logtime.eu\/","article_modified_time":"2021-09-13T14:12:07+00:00","twitter_card":"summary_large_image","twitter_misc":{"Tempo di lettura stimato":"2 minuti"},"schema":{"@context":"https:\/\/schema.org","@graph":[{"@type":"WebPage","@id":"https:\/\/logdio.com\/it\/software-in-movimento\/","url":"https:\/\/logdio.com\/it\/software-in-movimento\/","name":"Software in movimento - Logdio - delivery management tool","isPartOf":{"@id":"https:\/\/logdio.com\/it\/#website"},"datePublished":"2021-08-23T19:01:38+00:00","dateModified":"2021-09-13T14:12:07+00:00","description":"La pianificazione delle capacit\u00e0 \u00e8 un processo che identifica se si hanno le competenze e le forniture per fare il lavoro.","breadcrumb":{"@id":"https:\/\/logdio.com\/it\/software-in-movimento\/#breadcrumb"},"inLanguage":"it-IT","potentialAction":[{"@type":"ReadAction","target":["https:\/\/logdio.com\/it\/software-in-movimento\/"]}]},{"@type":"BreadcrumbList","@id":"https:\/\/logdio.com\/it\/software-in-movimento\/#breadcrumb","itemListElement":[{"@type":"ListItem","position":1,"name":"Home","item":"https:\/\/logdio.com\/it\/pagina-di-destinazione\/"},{"@type":"ListItem","position":2,"name":"Software in movimento"}]},{"@type":"WebSite","@id":"https:\/\/logdio.com\/it\/#website","url":"https:\/\/logdio.com\/it\/","name":"Logdio - delivery management tool","description":"Next level delivery management software","publisher":{"@id":"https:\/\/logdio.com\/it\/#organization"},"potentialAction":[{"@type":"SearchAction","target":{"@type":"EntryPoint","urlTemplate":"https:\/\/logdio.com\/it\/?s={search_term_string}"},"query-input":{"@type":"PropertyValueSpecification","valueRequired":true,"valueName":"search_term_string"}}],"inLanguage":"it-IT"},{"@type":"Organization","@id":"https:\/\/logdio.com\/it\/#organization","name":"Logdio","url":"https:\/\/logdio.com\/it\/","logo":{"@type":"ImageObject","inLanguage":"it-IT","@id":"https:\/\/logdio.com\/it\/#\/schema\/logo\/image\/","url":"https:\/\/logdio.com\/wp-content\/uploads\/2021\/05\/Logdio.svg","contentUrl":"https:\/\/logdio.com\/wp-content\/uploads\/2021\/05\/Logdio.svg","width":4.44919,"height":1.1285,"caption":"Logdio"},"image":{"@id":"https:\/\/logdio.com\/it\/#\/schema\/logo\/image\/"},"sameAs":["https:\/\/www.facebook.com\/logtime.eu\/","https:\/\/www.linkedin.com\/company\/logtime"]}]}},"_links":{"self":[{"href":"https:\/\/logdio.com\/it\/wp-json\/wp\/v2\/pages\/7481","targetHints":{"allow":["GET"]}}],"collection":[{"href":"https:\/\/logdio.com\/it\/wp-json\/wp\/v2\/pages"}],"about":[{"href":"https:\/\/logdio.com\/it\/wp-json\/wp\/v2\/types\/page"}],"author":[{"embeddable":true,"href":"https:\/\/logdio.com\/it\/wp-json\/wp\/v2\/users\/1"}],"replies":[{"embeddable":true,"href":"https:\/\/logdio.com\/it\/wp-json\/wp\/v2\/comments?post=7481"}],"version-history":[{"count":2,"href":"https:\/\/logdio.com\/it\/wp-json\/wp\/v2\/pages\/7481\/revisions"}],"predecessor-version":[{"id":11657,"href":"https:\/\/logdio.com\/it\/wp-json\/wp\/v2\/pages\/7481\/revisions\/11657"}],"wp:attachment":[{"href":"https:\/\/logdio.com\/it\/wp-json\/wp\/v2\/media?parent=7481"}],"curies":[{"name":"wp","href":"https:\/\/api.w.org\/{rel}","templated":true}]}}