{"id":7358,"date":"2021-08-23T21:57:04","date_gmt":"2021-08-23T18:57:04","guid":{"rendered":"https:\/\/logdio.com\/chi-siamo\/"},"modified":"2023-08-21T00:34:53","modified_gmt":"2023-08-20T21:34:53","slug":"chi-siamo","status":"publish","type":"page","link":"https:\/\/logdio.com\/it\/chi-siamo\/","title":{"rendered":"Chi siamo"},"content":{"rendered":"\t\t<div data-elementor-type=\"wp-page\" data-elementor-id=\"7358\" class=\"elementor elementor-7358 elementor-25\" data-elementor-post-type=\"page\">\n\t\t\t\t\t\t<section class=\"has_ma_el_bg_slider elementor-section elementor-top-section elementor-element elementor-element-a8f2033 elementor-section-boxed elementor-section-height-default elementor-section-height-default jltma-glass-effect-no\" data-id=\"a8f2033\" data-element_type=\"section\" data-e-type=\"section\" data-settings=\"{&quot;jet_parallax_layout_list&quot;:[{&quot;jet_parallax_layout_image&quot;:{&quot;url&quot;:&quot;&quot;,&quot;id&quot;:&quot;&quot;,&quot;size&quot;:&quot;&quot;},&quot;_id&quot;:&quot;c7a9eeb&quot;,&quot;jet_parallax_layout_image_tablet&quot;:{&quot;url&quot;:&quot;&quot;,&quot;id&quot;:&quot;&quot;,&quot;size&quot;:&quot;&quot;},&quot;jet_parallax_layout_image_mobile&quot;:{&quot;url&quot;:&quot;&quot;,&quot;id&quot;:&quot;&quot;,&quot;size&quot;:&quot;&quot;},&quot;jet_parallax_layout_speed&quot;:{&quot;unit&quot;:&quot;%&quot;,&quot;size&quot;:50,&quot;sizes&quot;:[]},&quot;jet_parallax_layout_type&quot;:&quot;scroll&quot;,&quot;jet_parallax_layout_direction&quot;:null,&quot;jet_parallax_layout_fx_direction&quot;:null,&quot;jet_parallax_layout_z_index&quot;:&quot;&quot;,&quot;jet_parallax_layout_bg_x&quot;:50,&quot;jet_parallax_layout_bg_x_tablet&quot;:&quot;&quot;,&quot;jet_parallax_layout_bg_x_mobile&quot;:&quot;&quot;,&quot;jet_parallax_layout_bg_y&quot;:50,&quot;jet_parallax_layout_bg_y_tablet&quot;:&quot;&quot;,&quot;jet_parallax_layout_bg_y_mobile&quot;:&quot;&quot;,&quot;jet_parallax_layout_bg_size&quot;:&quot;auto&quot;,&quot;jet_parallax_layout_bg_size_tablet&quot;:&quot;&quot;,&quot;jet_parallax_layout_bg_size_mobile&quot;:&quot;&quot;,&quot;jet_parallax_layout_animation_prop&quot;:&quot;transform&quot;,&quot;jet_parallax_layout_on&quot;:[&quot;desktop&quot;,&quot;tablet&quot;]}]}\">\n\t\t\t\t\t\t<div class=\"elementor-container elementor-column-gap-default\">\n\t\t\t\t\t<div class=\"has_ma_el_bg_slider elementor-column elementor-col-100 elementor-top-column elementor-element elementor-element-7eff6e2 jltma-glass-effect-no\" data-id=\"7eff6e2\" data-element_type=\"column\" data-e-type=\"column\">\n\t\t\t<div class=\"elementor-widget-wrap elementor-element-populated\">\n\t\t\t\t\t\t<div class=\"elementor-element elementor-element-430a85f jltma-glass-effect-no elementor-widget elementor-widget-heading\" data-id=\"430a85f\" data-element_type=\"widget\" data-e-type=\"widget\" data-widget_type=\"heading.default\">\n\t\t\t\t<div class=\"elementor-widget-container\">\n\t\t\t\t\t<h1 class=\"elementor-heading-title elementor-size-default\">Informazioni su Logtime<\/h1>\t\t\t\t<\/div>\n\t\t\t\t<\/div>\n\t\t\t\t<div class=\"elementor-element elementor-element-b127471 jltma-glass-effect-no elementor-widget elementor-widget-text-editor\" data-id=\"b127471\" data-element_type=\"widget\" data-e-type=\"widget\" data-widget_type=\"text-editor.default\">\n\t\t\t\t<div class=\"elementor-widget-container\">\n\t\t\t\t\t\t\t\t\t<p>Unisciti alle oltre 1000 aziende che accelerano il loro sistema di consegna con Logdis<\/p>\n\t\t\t\t\t\t\t\t<\/div>\n\t\t\t\t<\/div>\n\t\t\t\t<div class=\"elementor-element elementor-element-41181d9 jltma-glass-effect-no elementor-widget elementor-widget-heading\" data-id=\"41181d9\" data-element_type=\"widget\" data-e-type=\"widget\" data-widget_type=\"heading.default\">\n\t\t\t\t<div class=\"elementor-widget-container\">\n\t\t\t\t\t<h2 class=\"elementor-heading-title elementor-size-default\">Chi siamo<\/h2>\t\t\t\t<\/div>\n\t\t\t\t<\/div>\n\t\t\t\t<div class=\"elementor-element elementor-element-2a65ef8 jltma-glass-effect-no elementor-widget elementor-widget-text-editor\" data-id=\"2a65ef8\" data-element_type=\"widget\" data-e-type=\"widget\" data-widget_type=\"text-editor.default\">\n\t\t\t\t<div class=\"elementor-widget-container\">\n\t\t\t\t\t\t\t\t\t<p>Logtime \u00e8 un team esperto di professionisti altamente qualificati. Veniamo da citt\u00e0 diverse, abbiamo et\u00e0 diverse, ma la cosa che ci unisce \u00e8 la passione per la creazione di soluzioni B2B volte ad aiutare i nostri clienti a gestire le loro attivit\u00e0 in modo pi\u00f9 facile, pi\u00f9 efficiente e pi\u00f9 redditizio. L&#8217;area principale della nostra competenza sono le soluzioni che aiutano le aziende a gestire le loro squadre sul campo. Siamo specializzati nello sviluppo di sistemi mobili di gestione dei compiti, delle vendite e delle consegne. Forniamo soluzioni e servizi che migliorano la gestione della logistica per vari tipi di imprese, tra cui le imprese all&#8217;ingrosso e al dettaglio, la gestione dei rifiuti, i servizi di emergenza, i servizi di corriere e qualsiasi altra attivit\u00e0 legata ai servizi che richiedono la tracciabilit\u00e0 in tempo reale degli ordini dei prodotti, delle consegne, del trasporto, dei servizi sul campo e delle persone.<\/p>\n\t\t\t\t\t\t\t\t<\/div>\n\t\t\t\t<\/div>\n\t\t\t\t<div class=\"elementor-element elementor-element-3cc6940 jltma-glass-effect-no elementor-widget elementor-widget-heading\" data-id=\"3cc6940\" data-element_type=\"widget\" data-e-type=\"widget\" data-widget_type=\"heading.default\">\n\t\t\t\t<div class=\"elementor-widget-container\">\n\t\t\t\t\t<h2 class=\"elementor-heading-title elementor-size-default\">La nostra missione \u00e8<\/h2>\t\t\t\t<\/div>\n\t\t\t\t<\/div>\n\t\t\t\t<div class=\"elementor-element elementor-element-bf56420 jltma-glass-effect-no elementor-widget elementor-widget-text-editor\" data-id=\"bf56420\" data-element_type=\"widget\" data-e-type=\"widget\" data-widget_type=\"text-editor.default\">\n\t\t\t\t<div class=\"elementor-widget-container\">\n\t\t\t\t\t\t\t\t\t<p>per creare soluzioni IT all&#8217;avanguardia disponibili per aziende di tutte le dimensioni. Facciamo del nostro meglio per costruire soluzioni che abbiano la massima usabilit\u00e0 e siano user-friendly. Di solito, i nostri clienti non hanno nemmeno bisogno di manuali d&#8217;uso. Queste soluzioni sono accuratamente progettate e personalizzate per soddisfare le esigenze specifiche di ogni cliente. E aiutano i nostri clienti a migliorare i loro processi aziendali, aumentare le vendite, ridurre i costi operativi e aumentare i profitti.<\/p>\n\t\t\t\t\t\t\t\t<\/div>\n\t\t\t\t<\/div>\n\t\t\t\t<div class=\"elementor-element elementor-element-fba2d37 jltma-glass-effect-no elementor-widget elementor-widget-heading\" data-id=\"fba2d37\" data-element_type=\"widget\" data-e-type=\"widget\" data-widget_type=\"heading.default\">\n\t\t\t\t<div class=\"elementor-widget-container\">\n\t\t\t\t\t<h2 class=\"elementor-heading-title elementor-size-default\">I nostri valori:<\/h2>\t\t\t\t<\/div>\n\t\t\t\t<\/div>\n\t\t\t\t<div class=\"elementor-element elementor-element-9a1a737 jltma-glass-effect-no elementor-widget elementor-widget-text-editor\" data-id=\"9a1a737\" data-element_type=\"widget\" data-e-type=\"widget\" data-widget_type=\"text-editor.default\">\n\t\t\t\t<div class=\"elementor-widget-container\">\n\t\t\t\t\t\t\t\t\t<p>Sviluppiamo partnership a lungo termine con tutti i nostri clienti perch\u00e9 crediamo che questo sia il modo migliore per aiutare i nostri clienti a ottenere il massimo valore dalle nostre soluzioni. Lavoriamo quindi con i nostri clienti per creare un valore aggiunto che li metta in vantaggio sui loro concorrenti. Questi strumenti avanzati sono stati testati e provati per fornire risultati eccezionali. Tutte le nostre soluzioni forniscono risultati misurabili e verificabili che migliorano l&#8217;efficienza e la redditivit\u00e0 dei nostri clienti. E grazie al nostro impegno per aiutare i nostri clienti a raggiungere prestazioni elevate e costanti, ci sforziamo costantemente di migliorare la qualit\u00e0 dei nostri servizi e soluzioni.<\/p>\n\t\t\t\t\t\t\t\t<\/div>\n\t\t\t\t<\/div>\n\t\t\t\t<div class=\"elementor-element elementor-element-96fafbc jltma-glass-effect-no elementor-widget elementor-widget-heading\" data-id=\"96fafbc\" data-element_type=\"widget\" data-e-type=\"widget\" data-widget_type=\"heading.default\">\n\t\t\t\t<div class=\"elementor-widget-container\">\n\t\t\t\t\t<h2 class=\"elementor-heading-title elementor-size-default\">Inizia a ricevere i tuoi benefici ora!<\/h2>\t\t\t\t<\/div>\n\t\t\t\t<\/div>\n\t\t\t\t<div class=\"elementor-element elementor-element-ba20ede jltma-glass-effect-no elementor-widget elementor-widget-text-editor\" data-id=\"ba20ede\" data-element_type=\"widget\" data-e-type=\"widget\" data-widget_type=\"text-editor.default\">\n\t\t\t\t<div class=\"elementor-widget-container\">\n\t\t\t\t\t\t\t\t\t<p>Contattateci per maggiori informazioni o richiedete una demo. Siamo felici di aiutarvi guidandovi attraverso il processo e fornendovi tutto il supporto necessario. Inizia una prova gratuita e vedi tu stesso quanti soldi e tempo puoi risparmiare. Agisci ora!<\/p>\n\t\t\t\t\t\t\t\t<\/div>\n\t\t\t\t<\/div>\n\t\t\t\t\t<\/div>\n\t\t<\/div>\n\t\t\t\t\t<\/div>\n\t\t<\/section>\n\t\t\t\t<\/div>\n\t\t","protected":false},"excerpt":{"rendered":"<p>Informazioni su Logtime Unisciti alle oltre 1000 aziende che accelerano il loro sistema di consegna con Logdis Chi siamo Logtime \u00e8 un team esperto di professionisti altamente qualificati. Veniamo da citt\u00e0 diverse, abbiamo et\u00e0 diverse, ma la cosa che ci unisce \u00e8 la passione per la creazione di soluzioni B2B volte ad aiutare i nostri [&hellip;]<\/p>\n","protected":false},"author":1,"featured_media":0,"parent":0,"menu_order":0,"comment_status":"closed","ping_status":"closed","template":"elementor_header_footer","meta":{"footnotes":""},"class_list":["post-7358","page","type-page","status-publish","hentry"],"yoast_head":"<!-- This site is optimized with the Yoast SEO plugin v26.8 - https:\/\/yoast.com\/product\/yoast-seo-wordpress\/ -->\n<title>Chi siamo - Logdio - delivery management tool - tutto in una soluzione!<\/title>\n<meta name=\"description\" content=\"Software di gestione delle consegne Logdio. Soluzione mobile all in one per l&#039;ottimizzazione dei percorsi e il monitoraggio delle consegne in tempo reale. Clicca qui per saperne di pi\u00f9 su di noi.\" \/>\n<meta name=\"robots\" content=\"index, follow, max-snippet:-1, max-image-preview:large, max-video-preview:-1\" \/>\n<link rel=\"canonical\" href=\"https:\/\/logdio.com\/it\/chi-siamo\/\" \/>\n<meta property=\"og:locale\" content=\"it_IT\" \/>\n<meta property=\"og:type\" content=\"article\" \/>\n<meta property=\"og:title\" content=\"Chi siamo - Logdio - delivery management tool - tutto in una soluzione!\" \/>\n<meta property=\"og:description\" content=\"Software di gestione delle consegne Logdio. Soluzione mobile all in one per l&#039;ottimizzazione dei percorsi e il monitoraggio delle consegne in tempo reale. Clicca qui per saperne di pi\u00f9 su di noi.\" \/>\n<meta property=\"og:url\" content=\"https:\/\/logdio.com\/it\/chi-siamo\/\" \/>\n<meta property=\"og:site_name\" content=\"Logdio - delivery management tool\" \/>\n<meta property=\"article:publisher\" content=\"https:\/\/www.facebook.com\/logtime.eu\/\" \/>\n<meta property=\"article:modified_time\" content=\"2023-08-20T21:34:53+00:00\" \/>\n<meta name=\"twitter:card\" content=\"summary_large_image\" \/>\n<meta name=\"twitter:label1\" content=\"Tempo di lettura stimato\" \/>\n\t<meta name=\"twitter:data1\" content=\"2 minuti\" \/>\n<script type=\"application\/ld+json\" class=\"yoast-schema-graph\">{\"@context\":\"https:\/\/schema.org\",\"@graph\":[{\"@type\":\"WebPage\",\"@id\":\"https:\/\/logdio.com\/it\/chi-siamo\/\",\"url\":\"https:\/\/logdio.com\/it\/chi-siamo\/\",\"name\":\"Chi siamo - Logdio - delivery management tool - tutto in una soluzione!\",\"isPartOf\":{\"@id\":\"https:\/\/logdio.com\/it\/#website\"},\"datePublished\":\"2021-08-23T18:57:04+00:00\",\"dateModified\":\"2023-08-20T21:34:53+00:00\",\"description\":\"Software di gestione delle consegne Logdio. Soluzione mobile all in one per l'ottimizzazione dei percorsi e il monitoraggio delle consegne in tempo reale. Clicca qui per saperne di pi\u00f9 su di noi.\",\"breadcrumb\":{\"@id\":\"https:\/\/logdio.com\/it\/chi-siamo\/#breadcrumb\"},\"inLanguage\":\"it-IT\",\"potentialAction\":[{\"@type\":\"ReadAction\",\"target\":[\"https:\/\/logdio.com\/it\/chi-siamo\/\"]}]},{\"@type\":\"BreadcrumbList\",\"@id\":\"https:\/\/logdio.com\/it\/chi-siamo\/#breadcrumb\",\"itemListElement\":[{\"@type\":\"ListItem\",\"position\":1,\"name\":\"Home\",\"item\":\"https:\/\/logdio.com\/it\/pagina-di-destinazione\/\"},{\"@type\":\"ListItem\",\"position\":2,\"name\":\"Chi siamo\"}]},{\"@type\":\"WebSite\",\"@id\":\"https:\/\/logdio.com\/it\/#website\",\"url\":\"https:\/\/logdio.com\/it\/\",\"name\":\"Logdio - delivery management tool\",\"description\":\"Next level delivery management software\",\"publisher\":{\"@id\":\"https:\/\/logdio.com\/it\/#organization\"},\"potentialAction\":[{\"@type\":\"SearchAction\",\"target\":{\"@type\":\"EntryPoint\",\"urlTemplate\":\"https:\/\/logdio.com\/it\/?s={search_term_string}\"},\"query-input\":{\"@type\":\"PropertyValueSpecification\",\"valueRequired\":true,\"valueName\":\"search_term_string\"}}],\"inLanguage\":\"it-IT\"},{\"@type\":\"Organization\",\"@id\":\"https:\/\/logdio.com\/it\/#organization\",\"name\":\"Logdio\",\"url\":\"https:\/\/logdio.com\/it\/\",\"logo\":{\"@type\":\"ImageObject\",\"inLanguage\":\"it-IT\",\"@id\":\"https:\/\/logdio.com\/it\/#\/schema\/logo\/image\/\",\"url\":\"https:\/\/logdio.com\/wp-content\/uploads\/2021\/05\/Logdio.svg\",\"contentUrl\":\"https:\/\/logdio.com\/wp-content\/uploads\/2021\/05\/Logdio.svg\",\"width\":4.44919,\"height\":1.1285,\"caption\":\"Logdio\"},\"image\":{\"@id\":\"https:\/\/logdio.com\/it\/#\/schema\/logo\/image\/\"},\"sameAs\":[\"https:\/\/www.facebook.com\/logtime.eu\/\",\"https:\/\/www.linkedin.com\/company\/logtime\"]}]}<\/script>\n<!-- \/ Yoast SEO plugin. -->","yoast_head_json":{"title":"Chi siamo - Logdio - delivery management tool - tutto in una soluzione!","description":"Software di gestione delle consegne Logdio. Soluzione mobile all in one per l'ottimizzazione dei percorsi e il monitoraggio delle consegne in tempo reale. Clicca qui per saperne di pi\u00f9 su di noi.","robots":{"index":"index","follow":"follow","max-snippet":"max-snippet:-1","max-image-preview":"max-image-preview:large","max-video-preview":"max-video-preview:-1"},"canonical":"https:\/\/logdio.com\/it\/chi-siamo\/","og_locale":"it_IT","og_type":"article","og_title":"Chi siamo - Logdio - delivery management tool - tutto in una soluzione!","og_description":"Software di gestione delle consegne Logdio. Soluzione mobile all in one per l'ottimizzazione dei percorsi e il monitoraggio delle consegne in tempo reale. Clicca qui per saperne di pi\u00f9 su di noi.","og_url":"https:\/\/logdio.com\/it\/chi-siamo\/","og_site_name":"Logdio - delivery management tool","article_publisher":"https:\/\/www.facebook.com\/logtime.eu\/","article_modified_time":"2023-08-20T21:34:53+00:00","twitter_card":"summary_large_image","twitter_misc":{"Tempo di lettura stimato":"2 minuti"},"schema":{"@context":"https:\/\/schema.org","@graph":[{"@type":"WebPage","@id":"https:\/\/logdio.com\/it\/chi-siamo\/","url":"https:\/\/logdio.com\/it\/chi-siamo\/","name":"Chi siamo - Logdio - delivery management tool - tutto in una soluzione!","isPartOf":{"@id":"https:\/\/logdio.com\/it\/#website"},"datePublished":"2021-08-23T18:57:04+00:00","dateModified":"2023-08-20T21:34:53+00:00","description":"Software di gestione delle consegne Logdio. Soluzione mobile all in one per l'ottimizzazione dei percorsi e il monitoraggio delle consegne in tempo reale. Clicca qui per saperne di pi\u00f9 su di noi.","breadcrumb":{"@id":"https:\/\/logdio.com\/it\/chi-siamo\/#breadcrumb"},"inLanguage":"it-IT","potentialAction":[{"@type":"ReadAction","target":["https:\/\/logdio.com\/it\/chi-siamo\/"]}]},{"@type":"BreadcrumbList","@id":"https:\/\/logdio.com\/it\/chi-siamo\/#breadcrumb","itemListElement":[{"@type":"ListItem","position":1,"name":"Home","item":"https:\/\/logdio.com\/it\/pagina-di-destinazione\/"},{"@type":"ListItem","position":2,"name":"Chi siamo"}]},{"@type":"WebSite","@id":"https:\/\/logdio.com\/it\/#website","url":"https:\/\/logdio.com\/it\/","name":"Logdio - delivery management tool","description":"Next level delivery management software","publisher":{"@id":"https:\/\/logdio.com\/it\/#organization"},"potentialAction":[{"@type":"SearchAction","target":{"@type":"EntryPoint","urlTemplate":"https:\/\/logdio.com\/it\/?s={search_term_string}"},"query-input":{"@type":"PropertyValueSpecification","valueRequired":true,"valueName":"search_term_string"}}],"inLanguage":"it-IT"},{"@type":"Organization","@id":"https:\/\/logdio.com\/it\/#organization","name":"Logdio","url":"https:\/\/logdio.com\/it\/","logo":{"@type":"ImageObject","inLanguage":"it-IT","@id":"https:\/\/logdio.com\/it\/#\/schema\/logo\/image\/","url":"https:\/\/logdio.com\/wp-content\/uploads\/2021\/05\/Logdio.svg","contentUrl":"https:\/\/logdio.com\/wp-content\/uploads\/2021\/05\/Logdio.svg","width":4.44919,"height":1.1285,"caption":"Logdio"},"image":{"@id":"https:\/\/logdio.com\/it\/#\/schema\/logo\/image\/"},"sameAs":["https:\/\/www.facebook.com\/logtime.eu\/","https:\/\/www.linkedin.com\/company\/logtime"]}]}},"_links":{"self":[{"href":"https:\/\/logdio.com\/it\/wp-json\/wp\/v2\/pages\/7358","targetHints":{"allow":["GET"]}}],"collection":[{"href":"https:\/\/logdio.com\/it\/wp-json\/wp\/v2\/pages"}],"about":[{"href":"https:\/\/logdio.com\/it\/wp-json\/wp\/v2\/types\/page"}],"author":[{"embeddable":true,"href":"https:\/\/logdio.com\/it\/wp-json\/wp\/v2\/users\/1"}],"replies":[{"embeddable":true,"href":"https:\/\/logdio.com\/it\/wp-json\/wp\/v2\/comments?post=7358"}],"version-history":[{"count":2,"href":"https:\/\/logdio.com\/it\/wp-json\/wp\/v2\/pages\/7358\/revisions"}],"predecessor-version":[{"id":11540,"href":"https:\/\/logdio.com\/it\/wp-json\/wp\/v2\/pages\/7358\/revisions\/11540"}],"wp:attachment":[{"href":"https:\/\/logdio.com\/it\/wp-json\/wp\/v2\/media?parent=7358"}],"curies":[{"name":"wp","href":"https:\/\/api.w.org\/{rel}","templated":true}]}}