{"id":7532,"date":"2021-08-23T22:02:06","date_gmt":"2021-08-23T19:02:06","guid":{"rendered":"https:\/\/logdio.com\/planificateur-ditineraire-de-livraison\/"},"modified":"2023-08-21T00:31:11","modified_gmt":"2023-08-20T21:31:11","slug":"planificateur-ditineraire-de-livraison","status":"publish","type":"page","link":"https:\/\/logdio.com\/fr\/planificateur-ditineraire-de-livraison\/","title":{"rendered":"Planificateur d&rsquo;itin\u00e9raire de livraison"},"content":{"rendered":"\t\t<div data-elementor-type=\"wp-page\" data-elementor-id=\"7532\" class=\"elementor elementor-7532 elementor-1056\" data-elementor-post-type=\"page\">\n\t\t\t\t\t\t<section class=\"has_ma_el_bg_slider elementor-section elementor-top-section elementor-element elementor-element-bb4cbd0 elementor-section-boxed elementor-section-height-default elementor-section-height-default jltma-glass-effect-no\" data-id=\"bb4cbd0\" data-element_type=\"section\" data-e-type=\"section\" data-settings=\"{&quot;jet_parallax_layout_list&quot;:[{&quot;jet_parallax_layout_image&quot;:{&quot;url&quot;:&quot;&quot;,&quot;id&quot;:&quot;&quot;,&quot;size&quot;:&quot;&quot;},&quot;_id&quot;:&quot;dcee667&quot;,&quot;jet_parallax_layout_image_tablet&quot;:{&quot;url&quot;:&quot;&quot;,&quot;id&quot;:&quot;&quot;,&quot;size&quot;:&quot;&quot;},&quot;jet_parallax_layout_image_mobile&quot;:{&quot;url&quot;:&quot;&quot;,&quot;id&quot;:&quot;&quot;,&quot;size&quot;:&quot;&quot;},&quot;jet_parallax_layout_speed&quot;:{&quot;unit&quot;:&quot;%&quot;,&quot;size&quot;:50,&quot;sizes&quot;:[]},&quot;jet_parallax_layout_type&quot;:&quot;scroll&quot;,&quot;jet_parallax_layout_direction&quot;:null,&quot;jet_parallax_layout_fx_direction&quot;:null,&quot;jet_parallax_layout_z_index&quot;:&quot;&quot;,&quot;jet_parallax_layout_bg_x&quot;:50,&quot;jet_parallax_layout_bg_x_tablet&quot;:&quot;&quot;,&quot;jet_parallax_layout_bg_x_mobile&quot;:&quot;&quot;,&quot;jet_parallax_layout_bg_y&quot;:50,&quot;jet_parallax_layout_bg_y_tablet&quot;:&quot;&quot;,&quot;jet_parallax_layout_bg_y_mobile&quot;:&quot;&quot;,&quot;jet_parallax_layout_bg_size&quot;:&quot;auto&quot;,&quot;jet_parallax_layout_bg_size_tablet&quot;:&quot;&quot;,&quot;jet_parallax_layout_bg_size_mobile&quot;:&quot;&quot;,&quot;jet_parallax_layout_animation_prop&quot;:&quot;transform&quot;,&quot;jet_parallax_layout_on&quot;:[&quot;desktop&quot;,&quot;tablet&quot;]}]}\">\n\t\t\t\t\t\t<div class=\"elementor-container elementor-column-gap-default\">\n\t\t\t\t\t<div class=\"has_ma_el_bg_slider elementor-column elementor-col-100 elementor-top-column elementor-element elementor-element-d8f9397 jltma-glass-effect-no\" data-id=\"d8f9397\" data-element_type=\"column\" data-e-type=\"column\">\n\t\t\t<div class=\"elementor-widget-wrap elementor-element-populated\">\n\t\t\t\t\t\t<div class=\"elementor-element elementor-element-ab71b3f jltma-glass-effect-no elementor-widget elementor-widget-heading\" data-id=\"ab71b3f\" data-element_type=\"widget\" data-e-type=\"widget\" data-widget_type=\"heading.default\">\n\t\t\t\t<div class=\"elementor-widget-container\">\n\t\t\t\t\t<h1 class=\"elementor-heading-title elementor-size-default\">Planificateur d&rsquo;itin\u00e9raire de livraison<\/h1>\t\t\t\t<\/div>\n\t\t\t\t<\/div>\n\t\t\t\t\t<\/div>\n\t\t<\/div>\n\t\t\t\t\t<\/div>\n\t\t<\/section>\n\t\t\t\t<section class=\"has_ma_el_bg_slider elementor-section elementor-top-section elementor-element elementor-element-9a53e57 elementor-section-boxed elementor-section-height-default elementor-section-height-default jltma-glass-effect-no\" data-id=\"9a53e57\" data-element_type=\"section\" data-e-type=\"section\" data-settings=\"{&quot;jet_parallax_layout_list&quot;:[{&quot;jet_parallax_layout_image&quot;:{&quot;url&quot;:&quot;&quot;,&quot;id&quot;:&quot;&quot;,&quot;size&quot;:&quot;&quot;},&quot;_id&quot;:&quot;c42d9be&quot;,&quot;jet_parallax_layout_image_tablet&quot;:{&quot;url&quot;:&quot;&quot;,&quot;id&quot;:&quot;&quot;,&quot;size&quot;:&quot;&quot;},&quot;jet_parallax_layout_image_mobile&quot;:{&quot;url&quot;:&quot;&quot;,&quot;id&quot;:&quot;&quot;,&quot;size&quot;:&quot;&quot;},&quot;jet_parallax_layout_speed&quot;:{&quot;unit&quot;:&quot;%&quot;,&quot;size&quot;:50,&quot;sizes&quot;:[]},&quot;jet_parallax_layout_type&quot;:&quot;scroll&quot;,&quot;jet_parallax_layout_direction&quot;:null,&quot;jet_parallax_layout_fx_direction&quot;:null,&quot;jet_parallax_layout_z_index&quot;:&quot;&quot;,&quot;jet_parallax_layout_bg_x&quot;:50,&quot;jet_parallax_layout_bg_x_tablet&quot;:&quot;&quot;,&quot;jet_parallax_layout_bg_x_mobile&quot;:&quot;&quot;,&quot;jet_parallax_layout_bg_y&quot;:50,&quot;jet_parallax_layout_bg_y_tablet&quot;:&quot;&quot;,&quot;jet_parallax_layout_bg_y_mobile&quot;:&quot;&quot;,&quot;jet_parallax_layout_bg_size&quot;:&quot;auto&quot;,&quot;jet_parallax_layout_bg_size_tablet&quot;:&quot;&quot;,&quot;jet_parallax_layout_bg_size_mobile&quot;:&quot;&quot;,&quot;jet_parallax_layout_animation_prop&quot;:&quot;transform&quot;,&quot;jet_parallax_layout_on&quot;:[&quot;desktop&quot;,&quot;tablet&quot;]}]}\">\n\t\t\t\t\t\t<div class=\"elementor-container elementor-column-gap-default\">\n\t\t\t\t\t<div class=\"has_ma_el_bg_slider elementor-column elementor-col-100 elementor-top-column elementor-element elementor-element-0f35f0a jltma-glass-effect-no\" data-id=\"0f35f0a\" data-element_type=\"column\" data-e-type=\"column\">\n\t\t\t<div class=\"elementor-widget-wrap elementor-element-populated\">\n\t\t\t\t\t\t<div class=\"elementor-element elementor-element-2972b23 jltma-glass-effect-no elementor-widget elementor-widget-text-editor\" data-id=\"2972b23\" data-element_type=\"widget\" data-e-type=\"widget\" data-widget_type=\"text-editor.default\">\n\t\t\t\t<div class=\"elementor-widget-container\">\n\t\t\t\t\t\t\t\t\t<p>Les entreprises qui disposent de leur propre service de livraison veulent livrer les commandes aux clients \u00e0 temps et r\u00e9duire les co\u00fbts logistiques. Les t\u00e2ches habituelles d&rsquo;un service de messagerie se pr\u00e9sentent comme suit : un logisticien re\u00e7oit les commandes et distribue les itin\u00e9raires, un coursier livre les commandes et rend compte de son travail. L&rsquo;algorithme semble simple, mais le logisticien doit tenir compte des fen\u00eatres de temps de la livraison, du temps de rencontre avec le client, des embouteillages. Vous devez \u00e9galement contr\u00f4ler les coursiers et surveiller la qualit\u00e9 de la livraison. Il est difficile de s&rsquo;en occuper manuellement. Le planificateur d&rsquo;itin\u00e9raires de livraison r\u00e9sout le probl\u00e8me.<\/p>\n<p>Voyons ce qu&rsquo;est un planificateur d&rsquo;itin\u00e9raires de livraison, ses avantages et le logiciel qui vous convient.  <\/p>\n<\/p>\n<h2><strong>Qu&rsquo;est-ce qu&rsquo;un planificateur d&rsquo;itin\u00e9raire de livraison ?<\/strong><\/h2>\n<p>Un planificateur d&rsquo;itin\u00e9raires de livraison est un logiciel qui sert \u00e0 optimiser les itin\u00e9raires pour les livraisons. Le service de routage distribue automatiquement des centaines d&rsquo;ordres en quelques minutes. Le logisticien y consacre plusieurs heures, distribuant les itin\u00e9raires \u00e0 la main ou en mode semi-automatique. Le temps n&rsquo;est pas la seule douleur.<\/p>\n<p>Pour planifier les d\u00e9placements des coursiers \u00e0 l&rsquo;heure exacte, le logisticien doit tenir compte des r\u00e9parations des routes et des pr\u00e9visions d&#8217;embouteillages, comparer plusieurs itin\u00e9raires et choisir le meilleur. S&rsquo;il n&rsquo;est pas planifi\u00e9 correctement, le coursier arrivera en avance ou en retard. Parfois, les entreprises utilisent des outils de planification des itin\u00e9raires de livraison qui tiennent compte des embouteillages ou des taux de congestion du trafic le matin, le soir et l&rsquo;apr\u00e8s-midi. Compte tenu des embouteillages ici et maintenant, il ne sera pas possible de planifier l&rsquo;itin\u00e9raire pour demain. Si vous prenez en compte les coefficients, vous devrez pr\u00e9voir des d\u00e9lais.  <\/p>\n<p>L&rsquo;algorithme passe en revue environ un milliard de combinaisons en quelques minutes et donne l&rsquo;itin\u00e9raire optimal. Un logisticien ne peut pas faire \u00e7a. Cette approche r\u00e9duit le temps du logisticien et ram\u00e8ne le nombre de retards \u00e0 z\u00e9ro.<\/p>\n<p>L&rsquo;avantage d&rsquo;un planificateur d&rsquo;itin\u00e9raire pour les livraisons est qu&rsquo;il n&rsquo;est pas limit\u00e9 \u00e0 une entreprise sp\u00e9cifique. Le programme peut \u00eatre utilis\u00e9 par :<\/p>\n<ul>\n<li>Entreprise de messagerie<\/li>\n<li>Service de livraison<\/li>\n<li>Courrier express<\/li>\n<li>Entreprise de logistique<\/li>\n<li>Soci\u00e9t\u00e9 commerciale<\/li>\n<li>Toute autre organisation<\/li>\n<\/ul>\n<p>Ces entreprises peuvent tirer les deux principaux avantages suivants d&rsquo;un planificateur d&rsquo;itin\u00e9raire de livraison :  <\/p>\n<p><strong>Livraison \u00e0 temps<\/strong> fid\u00e9lit\u00e9 du client et la conversion au paiement de la commande en fonction de la rapidit\u00e9 et de la pr\u00e9cision de la livraison. Par exemple, le client d&rsquo;une banque \u00e9met une livraison par carte de cr\u00e9dit pour payer un traitement en urgence. Si le coursier reprogramme le rendez-vous, il y a un risque que le client annule la livraison et contacte une autre banque &#8211; la conversion en activation de carte de cr\u00e9dit chutera. Un autre exemple est la livraison de v\u00eatements avec essayage. L&rsquo;acheteur ne paie la commande qu&rsquo;apr\u00e8s l&rsquo;essayage.  <\/p>\n<p>Si vous planifiez mal l&rsquo;itin\u00e9raire, le coursier sera en retard. L&rsquo;algorithme de routage tient compte non seulement des embouteillages et de l&rsquo;\u00e9tat des routes, mais aussi des param\u00e8tres commerciaux. Par cons\u00e9quent, il passe par environ un milliard d&rsquo;it\u00e9rations possibles et donne le r\u00e9sultat optimal. Cela r\u00e9duit et \u00e9limine les retards, et les clients peuvent toujours choisir des intervalles de livraison \u00e9troits.  <\/p>\n<p>Ce ne sont pas les seules options. Vous pouvez prendre en compte les dimensions des marchandises, les heures de travail de l&rsquo;entrep\u00f4t et d&rsquo;autres caract\u00e9ristiques essentielles pour la livraison avec une application de planification de la livraison.<\/p>\n<\/p>\n<h3>Planification rapide<\/h3>\n<p>Tout d&rsquo;abord, le logisticien n&rsquo;a pas besoin d&rsquo;utiliser diff\u00e9rents services &#8211; il \u00e9tablit des itin\u00e9raires et suit l&rsquo;ex\u00e9cution des commandes dans une seule fen\u00eatre. Cela raccourcit d\u00e9j\u00e0 le temps. Deuxi\u00e8mement, le logisticien ne perd pas de temps \u00e0 planifier. Le service calcule automatiquement les itin\u00e9raires.  <\/p>\n<p>Le service indique l&rsquo;itin\u00e9raire de chaque coursier ou v\u00e9hicule, le nombre de commandes livr\u00e9es et les \u00e9ventuelles infractions.  <\/p>\n<p>Le logisticien peut \u00e9galement corriger manuellement les commandes. Ceci est pratique si de nouvelles commandes sont apparues. Tout d&rsquo;abord, le service distribue toutes les commandes \u00e0 tous les coursiers. S&rsquo;il y a une nouvelle demande, le logisticien ajoute un point en fin de parcours au coursier qui est en route. Si vous redistribuez une route automatiquement, toutes les routes seront reconstruites, ce qui n&rsquo;est pas pratique.<\/p>\n<\/p>\n<h2><strong>Comment \u00e9conomiser les frais de livraison ?<\/strong><\/h2>\n<p>Une application de planification d&rsquo;itin\u00e9raire de livraison calcule de nombreux itin\u00e9raires, en tenant compte des pr\u00e9visions d&#8217;embouteillages, des donn\u00e9es sur les itin\u00e9raires pr\u00e9c\u00e9dents, de la fa\u00e7on dont les coursiers se d\u00e9placent, et propose la meilleure option.<\/p>\n<p>Par exemple, vous devez livrer 750 commandes demain. Vingt coursiers livrent les commandes \u00e0 pied, dix coursiers en transport public et cinq coursiers en voiture.  <\/p>\n<p>Le logisticien voit le planning de travail des coursiers et le calendrier des commandes dans l&rsquo;application. Pour distribuer les commandes, il suffit de cliquer sur un bouton. Le service de routage int\u00e9gr\u00e9 d\u00e9terminera automatiquement le nombre de commandes que les employ\u00e9s peuvent livrer au bon moment. S&rsquo;il y a beaucoup de coursiers \u00e0 pied, proposez de livrer le service \u00e0 pied, et n&rsquo;appelez pas les chauffeurs pour qu&rsquo;ils ne gaspillent pas de carburant. C&rsquo;est moins cher comme \u00e7a.<\/p>\n<\/p>\n<h2><strong>Quel logiciel de planification d&rsquo;itin\u00e9raire de livraison utiliser ?<\/strong><\/h2>\n<p>Il est maintenant temps de chercher les bons services. N&rsquo;oubliez pas qu&rsquo;il existe de nombreuses options, mais le bon planificateur d&rsquo;itin\u00e9raire pour chauffeur-livreur est celui qui apporte une r\u00e9elle valeur ajout\u00e9e \u00e0 votre entreprise. Toutes les plateformes ne proposent pas de bons services au bon prix. En outre, il peut \u00eatre difficile de payer un prix plus \u00e9lev\u00e9 pour une nouvelle entreprise.  <\/p>\n<p>Il vous faut donc une formule qui r\u00e9ponde aux besoins de votre entreprise. Voici ce que vous devez prendre en compte :  <\/p>\n<ul>\n<li>Prix raisonnables<\/li>\n<li>Caract\u00e9ristiques indispensables d&rsquo;un syst\u00e8me de r\u00e9partition  <\/li>\n<li>Des solutions simples pour tous les types d&rsquo;exigences professionnelles  <\/li>\n<li>Un essai gratuit : Inscrivez-vous \u00e0 l&rsquo;essai gratuit et voyez les r\u00e9sultats par vous-m\u00eame !  <\/li>\n<\/ul>\n<h2><strong>Pourquoi choisir Logdio ?<\/strong><\/h2>\n<p>Logdio vous offre son exp\u00e9rience dans le d\u00e9veloppement et la mise en \u0153uvre du planificateur d&rsquo;itin\u00e9raire le plus rapide pour la gestion des processus de livraison, qui sont utilis\u00e9s avec succ\u00e8s par beaucoup de nos clients.<\/p>\n<p>Logdio est un syst\u00e8me de conception qui vous permet de mettre en place votre propre service de livraison dans une entreprise, d&rsquo;automatiser le travail et d&rsquo;organiser le contr\u00f4le total des coursiers.<\/p>\n<p>Choisissez les fonctionnalit\u00e9s requises, d\u00e9terminez le niveau de personnalisation de l&rsquo;interface, incluez dans l&rsquo;assemblage des modules et options suppl\u00e9mentaires d\u00e9velopp\u00e9s pour votre entreprise. Logdio delivery route planner app UK r\u00e9alisera un cycle complet d&rsquo;automatisation et de personnalisation : de l&rsquo;analyse commerciale \u00e0 la mise en \u0153uvre.<\/p>\n<p>Consultez l&rsquo;essai gratuit de l&rsquo;application de planification d&rsquo;itin\u00e9raire pour les chauffeurs-livreurs et contactez-nous pour plus de d\u00e9tails.  <\/p>\n\t\t\t\t\t\t\t\t<\/div>\n\t\t\t\t<\/div>\n\t\t\t\t\t<\/div>\n\t\t<\/div>\n\t\t\t\t\t<\/div>\n\t\t<\/section>\n\t\t\t\t<\/div>\n\t\t","protected":false},"excerpt":{"rendered":"<p>Les entreprises qui disposent de leur propre service de livraison veulent livrer les commandes aux clients \u00e0 temps et r\u00e9duire les co\u00fbts logistiques. Les t\u00e2ches habituelles d&rsquo;un service de messagerie se pr\u00e9sentent comme suit : un logisticien re\u00e7oit les commandes et distribue les itin\u00e9raires, un coursier livre les commandes et rend compte de son travail. [&hellip;]<\/p>\n","protected":false},"author":1,"featured_media":0,"parent":0,"menu_order":0,"comment_status":"closed","ping_status":"closed","template":"elementor_header_footer","meta":{"footnotes":""},"class_list":["post-7532","page","type-page","status-publish","hentry"],"yoast_head":"<!-- This site is optimized with the Yoast SEO plugin v26.8 - https:\/\/yoast.com\/product\/yoast-seo-wordpress\/ -->\n<title>Planificateur d&#039;itin\u00e9raire de livraison - Logdio - delivery management tool<\/title>\n<meta name=\"description\" content=\"Augmentez votre productivit\u00e9 gr\u00e2ce au calculateur d&#039;itin\u00e9raires de Logdis. Plus besoin de Google Maps. Nous fournissons une application facile \u00e0 utiliser pour les entreprises de livraison.\" \/>\n<meta name=\"robots\" content=\"index, follow, max-snippet:-1, max-image-preview:large, max-video-preview:-1\" \/>\n<link rel=\"canonical\" href=\"https:\/\/logdio.com\/fr\/planificateur-ditineraire-de-livraison\/\" \/>\n<meta property=\"og:locale\" content=\"fr_FR\" \/>\n<meta property=\"og:type\" content=\"article\" \/>\n<meta property=\"og:title\" content=\"Planificateur d&#039;itin\u00e9raire de livraison - Logdio - delivery management tool\" \/>\n<meta property=\"og:description\" content=\"Augmentez votre productivit\u00e9 gr\u00e2ce au calculateur d&#039;itin\u00e9raires de Logdis. Plus besoin de Google Maps. Nous fournissons une application facile \u00e0 utiliser pour les entreprises de livraison.\" \/>\n<meta property=\"og:url\" content=\"https:\/\/logdio.com\/fr\/planificateur-ditineraire-de-livraison\/\" \/>\n<meta property=\"og:site_name\" content=\"Logdio - delivery management tool\" \/>\n<meta property=\"article:publisher\" content=\"https:\/\/www.facebook.com\/logtime.eu\/\" \/>\n<meta property=\"article:modified_time\" content=\"2023-08-20T21:31:11+00:00\" \/>\n<meta name=\"twitter:card\" content=\"summary_large_image\" \/>\n<meta name=\"twitter:label1\" content=\"Dur\u00e9e de lecture estim\u00e9e\" \/>\n\t<meta name=\"twitter:data1\" content=\"6 minutes\" \/>\n<script type=\"application\/ld+json\" class=\"yoast-schema-graph\">{\"@context\":\"https:\/\/schema.org\",\"@graph\":[{\"@type\":\"WebPage\",\"@id\":\"https:\/\/logdio.com\/fr\/planificateur-ditineraire-de-livraison\/\",\"url\":\"https:\/\/logdio.com\/fr\/planificateur-ditineraire-de-livraison\/\",\"name\":\"Planificateur d'itin\u00e9raire de livraison - Logdio - delivery management tool\",\"isPartOf\":{\"@id\":\"https:\/\/logdio.com\/fr\/#website\"},\"datePublished\":\"2021-08-23T19:02:06+00:00\",\"dateModified\":\"2023-08-20T21:31:11+00:00\",\"description\":\"Augmentez votre productivit\u00e9 gr\u00e2ce au calculateur d'itin\u00e9raires de Logdis. Plus besoin de Google Maps. Nous fournissons une application facile \u00e0 utiliser pour les entreprises de livraison.\",\"breadcrumb\":{\"@id\":\"https:\/\/logdio.com\/fr\/planificateur-ditineraire-de-livraison\/#breadcrumb\"},\"inLanguage\":\"fr-FR\",\"potentialAction\":[{\"@type\":\"ReadAction\",\"target\":[\"https:\/\/logdio.com\/fr\/planificateur-ditineraire-de-livraison\/\"]}]},{\"@type\":\"BreadcrumbList\",\"@id\":\"https:\/\/logdio.com\/fr\/planificateur-ditineraire-de-livraison\/#breadcrumb\",\"itemListElement\":[{\"@type\":\"ListItem\",\"position\":1,\"name\":\"Home\",\"item\":\"https:\/\/logdio.com\/fr\/page-de-destination\/\"},{\"@type\":\"ListItem\",\"position\":2,\"name\":\"Planificateur d&#8217;itin\u00e9raire de livraison\"}]},{\"@type\":\"WebSite\",\"@id\":\"https:\/\/logdio.com\/fr\/#website\",\"url\":\"https:\/\/logdio.com\/fr\/\",\"name\":\"Logdio - delivery management tool\",\"description\":\"Next level delivery management software\",\"publisher\":{\"@id\":\"https:\/\/logdio.com\/fr\/#organization\"},\"potentialAction\":[{\"@type\":\"SearchAction\",\"target\":{\"@type\":\"EntryPoint\",\"urlTemplate\":\"https:\/\/logdio.com\/fr\/?s={search_term_string}\"},\"query-input\":{\"@type\":\"PropertyValueSpecification\",\"valueRequired\":true,\"valueName\":\"search_term_string\"}}],\"inLanguage\":\"fr-FR\"},{\"@type\":\"Organization\",\"@id\":\"https:\/\/logdio.com\/fr\/#organization\",\"name\":\"Logdio\",\"url\":\"https:\/\/logdio.com\/fr\/\",\"logo\":{\"@type\":\"ImageObject\",\"inLanguage\":\"fr-FR\",\"@id\":\"https:\/\/logdio.com\/fr\/#\/schema\/logo\/image\/\",\"url\":\"https:\/\/logdio.com\/wp-content\/uploads\/2021\/05\/Logdio.svg\",\"contentUrl\":\"https:\/\/logdio.com\/wp-content\/uploads\/2021\/05\/Logdio.svg\",\"width\":4.44919,\"height\":1.1285,\"caption\":\"Logdio\"},\"image\":{\"@id\":\"https:\/\/logdio.com\/fr\/#\/schema\/logo\/image\/\"},\"sameAs\":[\"https:\/\/www.facebook.com\/logtime.eu\/\",\"https:\/\/www.linkedin.com\/company\/logtime\"]}]}<\/script>\n<!-- \/ Yoast SEO plugin. -->","yoast_head_json":{"title":"Planificateur d'itin\u00e9raire de livraison - Logdio - delivery management tool","description":"Augmentez votre productivit\u00e9 gr\u00e2ce au calculateur d'itin\u00e9raires de Logdis. Plus besoin de Google Maps. Nous fournissons une application facile \u00e0 utiliser pour les entreprises de livraison.","robots":{"index":"index","follow":"follow","max-snippet":"max-snippet:-1","max-image-preview":"max-image-preview:large","max-video-preview":"max-video-preview:-1"},"canonical":"https:\/\/logdio.com\/fr\/planificateur-ditineraire-de-livraison\/","og_locale":"fr_FR","og_type":"article","og_title":"Planificateur d'itin\u00e9raire de livraison - Logdio - delivery management tool","og_description":"Augmentez votre productivit\u00e9 gr\u00e2ce au calculateur d'itin\u00e9raires de Logdis. Plus besoin de Google Maps. Nous fournissons une application facile \u00e0 utiliser pour les entreprises de livraison.","og_url":"https:\/\/logdio.com\/fr\/planificateur-ditineraire-de-livraison\/","og_site_name":"Logdio - delivery management tool","article_publisher":"https:\/\/www.facebook.com\/logtime.eu\/","article_modified_time":"2023-08-20T21:31:11+00:00","twitter_card":"summary_large_image","twitter_misc":{"Dur\u00e9e de lecture estim\u00e9e":"6 minutes"},"schema":{"@context":"https:\/\/schema.org","@graph":[{"@type":"WebPage","@id":"https:\/\/logdio.com\/fr\/planificateur-ditineraire-de-livraison\/","url":"https:\/\/logdio.com\/fr\/planificateur-ditineraire-de-livraison\/","name":"Planificateur d'itin\u00e9raire de livraison - Logdio - delivery management tool","isPartOf":{"@id":"https:\/\/logdio.com\/fr\/#website"},"datePublished":"2021-08-23T19:02:06+00:00","dateModified":"2023-08-20T21:31:11+00:00","description":"Augmentez votre productivit\u00e9 gr\u00e2ce au calculateur d'itin\u00e9raires de Logdis. Plus besoin de Google Maps. Nous fournissons une application facile \u00e0 utiliser pour les entreprises de livraison.","breadcrumb":{"@id":"https:\/\/logdio.com\/fr\/planificateur-ditineraire-de-livraison\/#breadcrumb"},"inLanguage":"fr-FR","potentialAction":[{"@type":"ReadAction","target":["https:\/\/logdio.com\/fr\/planificateur-ditineraire-de-livraison\/"]}]},{"@type":"BreadcrumbList","@id":"https:\/\/logdio.com\/fr\/planificateur-ditineraire-de-livraison\/#breadcrumb","itemListElement":[{"@type":"ListItem","position":1,"name":"Home","item":"https:\/\/logdio.com\/fr\/page-de-destination\/"},{"@type":"ListItem","position":2,"name":"Planificateur d&#8217;itin\u00e9raire de livraison"}]},{"@type":"WebSite","@id":"https:\/\/logdio.com\/fr\/#website","url":"https:\/\/logdio.com\/fr\/","name":"Logdio - delivery management tool","description":"Next level delivery management software","publisher":{"@id":"https:\/\/logdio.com\/fr\/#organization"},"potentialAction":[{"@type":"SearchAction","target":{"@type":"EntryPoint","urlTemplate":"https:\/\/logdio.com\/fr\/?s={search_term_string}"},"query-input":{"@type":"PropertyValueSpecification","valueRequired":true,"valueName":"search_term_string"}}],"inLanguage":"fr-FR"},{"@type":"Organization","@id":"https:\/\/logdio.com\/fr\/#organization","name":"Logdio","url":"https:\/\/logdio.com\/fr\/","logo":{"@type":"ImageObject","inLanguage":"fr-FR","@id":"https:\/\/logdio.com\/fr\/#\/schema\/logo\/image\/","url":"https:\/\/logdio.com\/wp-content\/uploads\/2021\/05\/Logdio.svg","contentUrl":"https:\/\/logdio.com\/wp-content\/uploads\/2021\/05\/Logdio.svg","width":4.44919,"height":1.1285,"caption":"Logdio"},"image":{"@id":"https:\/\/logdio.com\/fr\/#\/schema\/logo\/image\/"},"sameAs":["https:\/\/www.facebook.com\/logtime.eu\/","https:\/\/www.linkedin.com\/company\/logtime"]}]}},"_links":{"self":[{"href":"https:\/\/logdio.com\/fr\/wp-json\/wp\/v2\/pages\/7532","targetHints":{"allow":["GET"]}}],"collection":[{"href":"https:\/\/logdio.com\/fr\/wp-json\/wp\/v2\/pages"}],"about":[{"href":"https:\/\/logdio.com\/fr\/wp-json\/wp\/v2\/types\/page"}],"author":[{"embeddable":true,"href":"https:\/\/logdio.com\/fr\/wp-json\/wp\/v2\/users\/1"}],"replies":[{"embeddable":true,"href":"https:\/\/logdio.com\/fr\/wp-json\/wp\/v2\/comments?post=7532"}],"version-history":[{"count":2,"href":"https:\/\/logdio.com\/fr\/wp-json\/wp\/v2\/pages\/7532\/revisions"}],"predecessor-version":[{"id":11579,"href":"https:\/\/logdio.com\/fr\/wp-json\/wp\/v2\/pages\/7532\/revisions\/11579"}],"wp:attachment":[{"href":"https:\/\/logdio.com\/fr\/wp-json\/wp\/v2\/media?parent=7532"}],"curies":[{"name":"wp","href":"https:\/\/api.w.org\/{rel}","templated":true}]}}