{"id":7528,"date":"2021-08-23T22:02:02","date_gmt":"2021-08-23T19:02:02","guid":{"rendered":"https:\/\/logdio.com\/logiciel-de-planification-des-itineraires-de-courrier\/"},"modified":"2021-09-13T17:12:55","modified_gmt":"2021-09-13T14:12:55","slug":"logiciel-de-planification-des-itineraires-de-courrier","status":"publish","type":"page","link":"https:\/\/logdio.com\/fr\/logiciel-de-planification-des-itineraires-de-courrier\/","title":{"rendered":"Logiciel de planification des itin\u00e9raires de courrier"},"content":{"rendered":"\t\t<div data-elementor-type=\"wp-page\" data-elementor-id=\"7528\" class=\"elementor elementor-7528 elementor-1055\" data-elementor-post-type=\"page\">\n\t\t\t\t\t\t<section class=\"has_ma_el_bg_slider elementor-section elementor-top-section elementor-element elementor-element-a6afc90 elementor-section-boxed elementor-section-height-default elementor-section-height-default jltma-glass-effect-no\" data-id=\"a6afc90\" data-element_type=\"section\" data-e-type=\"section\" data-settings=\"{&quot;jet_parallax_layout_list&quot;:[{&quot;jet_parallax_layout_image&quot;:{&quot;url&quot;:&quot;&quot;,&quot;id&quot;:&quot;&quot;,&quot;size&quot;:&quot;&quot;},&quot;_id&quot;:&quot;1632b6e&quot;,&quot;jet_parallax_layout_image_tablet&quot;:{&quot;url&quot;:&quot;&quot;,&quot;id&quot;:&quot;&quot;,&quot;size&quot;:&quot;&quot;},&quot;jet_parallax_layout_image_mobile&quot;:{&quot;url&quot;:&quot;&quot;,&quot;id&quot;:&quot;&quot;,&quot;size&quot;:&quot;&quot;},&quot;jet_parallax_layout_speed&quot;:{&quot;unit&quot;:&quot;%&quot;,&quot;size&quot;:50,&quot;sizes&quot;:[]},&quot;jet_parallax_layout_type&quot;:&quot;scroll&quot;,&quot;jet_parallax_layout_direction&quot;:null,&quot;jet_parallax_layout_fx_direction&quot;:null,&quot;jet_parallax_layout_z_index&quot;:&quot;&quot;,&quot;jet_parallax_layout_bg_x&quot;:50,&quot;jet_parallax_layout_bg_x_tablet&quot;:&quot;&quot;,&quot;jet_parallax_layout_bg_x_mobile&quot;:&quot;&quot;,&quot;jet_parallax_layout_bg_y&quot;:50,&quot;jet_parallax_layout_bg_y_tablet&quot;:&quot;&quot;,&quot;jet_parallax_layout_bg_y_mobile&quot;:&quot;&quot;,&quot;jet_parallax_layout_bg_size&quot;:&quot;auto&quot;,&quot;jet_parallax_layout_bg_size_tablet&quot;:&quot;&quot;,&quot;jet_parallax_layout_bg_size_mobile&quot;:&quot;&quot;,&quot;jet_parallax_layout_animation_prop&quot;:&quot;transform&quot;,&quot;jet_parallax_layout_on&quot;:[&quot;desktop&quot;,&quot;tablet&quot;]}]}\">\n\t\t\t\t\t\t<div class=\"elementor-container elementor-column-gap-default\">\n\t\t\t\t\t<div class=\"has_ma_el_bg_slider elementor-column elementor-col-100 elementor-top-column elementor-element elementor-element-9dbd7a5 jltma-glass-effect-no\" data-id=\"9dbd7a5\" data-element_type=\"column\" data-e-type=\"column\">\n\t\t\t<div class=\"elementor-widget-wrap elementor-element-populated\">\n\t\t\t\t\t\t<div class=\"elementor-element elementor-element-096e315 jltma-glass-effect-no elementor-widget elementor-widget-heading\" data-id=\"096e315\" data-element_type=\"widget\" data-e-type=\"widget\" data-widget_type=\"heading.default\">\n\t\t\t\t<div class=\"elementor-widget-container\">\n\t\t\t\t\t<h1 class=\"elementor-heading-title elementor-size-default\">Logiciel de planification des itin\u00e9raires pour les coursiers<\/h1>\t\t\t\t<\/div>\n\t\t\t\t<\/div>\n\t\t\t\t\t<\/div>\n\t\t<\/div>\n\t\t\t\t\t<\/div>\n\t\t<\/section>\n\t\t\t\t<section class=\"has_ma_el_bg_slider elementor-section elementor-top-section elementor-element elementor-element-8cd51f7 elementor-section-boxed elementor-section-height-default elementor-section-height-default jltma-glass-effect-no\" data-id=\"8cd51f7\" data-element_type=\"section\" data-e-type=\"section\" data-settings=\"{&quot;jet_parallax_layout_list&quot;:[{&quot;jet_parallax_layout_image&quot;:{&quot;url&quot;:&quot;&quot;,&quot;id&quot;:&quot;&quot;,&quot;size&quot;:&quot;&quot;},&quot;_id&quot;:&quot;30d0d76&quot;,&quot;jet_parallax_layout_image_tablet&quot;:{&quot;url&quot;:&quot;&quot;,&quot;id&quot;:&quot;&quot;,&quot;size&quot;:&quot;&quot;},&quot;jet_parallax_layout_image_mobile&quot;:{&quot;url&quot;:&quot;&quot;,&quot;id&quot;:&quot;&quot;,&quot;size&quot;:&quot;&quot;},&quot;jet_parallax_layout_speed&quot;:{&quot;unit&quot;:&quot;%&quot;,&quot;size&quot;:50,&quot;sizes&quot;:[]},&quot;jet_parallax_layout_type&quot;:&quot;scroll&quot;,&quot;jet_parallax_layout_direction&quot;:null,&quot;jet_parallax_layout_fx_direction&quot;:null,&quot;jet_parallax_layout_z_index&quot;:&quot;&quot;,&quot;jet_parallax_layout_bg_x&quot;:50,&quot;jet_parallax_layout_bg_x_tablet&quot;:&quot;&quot;,&quot;jet_parallax_layout_bg_x_mobile&quot;:&quot;&quot;,&quot;jet_parallax_layout_bg_y&quot;:50,&quot;jet_parallax_layout_bg_y_tablet&quot;:&quot;&quot;,&quot;jet_parallax_layout_bg_y_mobile&quot;:&quot;&quot;,&quot;jet_parallax_layout_bg_size&quot;:&quot;auto&quot;,&quot;jet_parallax_layout_bg_size_tablet&quot;:&quot;&quot;,&quot;jet_parallax_layout_bg_size_mobile&quot;:&quot;&quot;,&quot;jet_parallax_layout_animation_prop&quot;:&quot;transform&quot;,&quot;jet_parallax_layout_on&quot;:[&quot;desktop&quot;,&quot;tablet&quot;]}]}\">\n\t\t\t\t\t\t<div class=\"elementor-container elementor-column-gap-default\">\n\t\t\t\t\t<div class=\"has_ma_el_bg_slider elementor-column elementor-col-100 elementor-top-column elementor-element elementor-element-0dc1596 jltma-glass-effect-no\" data-id=\"0dc1596\" data-element_type=\"column\" data-e-type=\"column\">\n\t\t\t<div class=\"elementor-widget-wrap elementor-element-populated\">\n\t\t\t\t\t\t<div class=\"elementor-element elementor-element-89bcbea jltma-glass-effect-no elementor-widget elementor-widget-text-editor\" data-id=\"89bcbea\" data-element_type=\"widget\" data-e-type=\"widget\" data-widget_type=\"text-editor.default\">\n\t\t\t\t<div class=\"elementor-widget-container\">\n\t\t\t\t\t\t\t\t\t<p>Vous dirigez une force de vente sur le terrain, vous g\u00e9rez une flotte de v\u00e9hicules de livraison (livraison de colis ou de marchandises) ou vous g\u00e9rez la logistique d&rsquo;une entreprise qui collecte et livre des marchandises en porte-\u00e0-porte ? Vous \u00eates int\u00e9ress\u00e9 par l&rsquo;optimisation du transport de votre entreprise ? Le logiciel de messagerie est le moyen le plus s\u00fbr d&rsquo;am\u00e9liorer l&rsquo;efficacit\u00e9 op\u00e9rationnelle de votre entreprise.<\/p>\n<p>Le bon planificateur d&rsquo;itin\u00e9raire de messagerie r\u00e9duira les temps d&rsquo;arr\u00eat et augmentera consid\u00e9rablement la productivit\u00e9. C&rsquo;est pourquoi il devient populaire dans le monde entier.<\/p>\n<\/p>\n<h2><strong>Qu&rsquo;est-ce qu&rsquo;un logiciel de messagerie ?<\/strong><\/h2>\n<p>Le logiciel de messagerie est un syst\u00e8me de gestion de messagerie qui d\u00e9termine les plans de d\u00e9placement les plus longs en fonction de facteurs externes tels que les embouteillages, l&rsquo;heure de la journ\u00e9e et la m\u00e9t\u00e9o. Il utilise des algorithmes avanc\u00e9s pour d\u00e9terminer l&rsquo;itin\u00e9raire le plus efficace pour l&rsquo;utilisateur. Il analysera les exigences du transport de marchandises, la capacit\u00e9 de charge du v\u00e9hicule, l&rsquo;horaire de travail et le repos des conducteurs et proposera les ajustements optimaux du mouvement.<\/p>\n<p>Selon une estimation, le logiciel de gestion des coursiers permet de r\u00e9duire le kilom\u00e9trage quotidien des v\u00e9hicules de 10 \u00e0 20 %. Il accro\u00eet l&rsquo;efficacit\u00e9 de l&rsquo;utilisation du parc de v\u00e9hicules. Quelques autres caract\u00e9ristiques sont :  <\/p>\n<p><strong>Int\u00e9gration avec les syst\u00e8mes de suivi GPS \/ Glonass<\/strong>: \u00e0 partir des informations re\u00e7ues des appareils Android ou d&rsquo;un traceur GPS, vous recevez des informations sur la localisation du v\u00e9hicule. Le service suit le mouvement le long de l&rsquo;itin\u00e9raire de livraison des marchandises et enregistre les d\u00e9viations dans le temps et la g\u00e9ographie. Les informations sont transmises au r\u00e9partiteur qui les traite et prend les d\u00e9cisions appropri\u00e9es.<\/p>\n<\/p>\n<h3>R\u00e9duction des co\u00fbts<\/h3>\n<p>Tout logiciel de gestion de messagerie, s&rsquo;il est utilis\u00e9 \u00e0 bon escient, peut r\u00e9duire consid\u00e9rablement les temps de d\u00e9placement. Cela permet de r\u00e9duire les co\u00fbts de messagerie de mani\u00e8re exponentielle. L&rsquo;optimisation des itin\u00e9raires peut vous aider \u00e0 r\u00e9duire les co\u00fbts de deux mani\u00e8res principales :<\/p>\n<h3>Il a r\u00e9duit la consommation de carburant<\/h3>\n<p>  Comme la flotte passe moins de temps sur la route, la consommation de carburant serait plus faible. Cela signifie qu&rsquo;une consommation moindre entra\u00eene une baisse des co\u00fbts.<\/p>\n<h3>R\u00e9duction des co\u00fbts de maintenance<\/h3>\n<p>  Comme les v\u00e9hicules ne passent pas trop de temps sur la route, leur usure normale est r\u00e9duite. Il en r\u00e9sulte une r\u00e9duction des co\u00fbts de maintenance.<\/p>\n<h3>Augmenter la productivit\u00e9<\/h3>\n<p>Le planificateur d&rsquo;itin\u00e9raires de messagerie permet d&rsquo;\u00e9conomiser du temps et des ressources. Il g\u00e8re les t\u00e2ches complexes \u00e0 votre place. Vous n&rsquo;avez pas besoin de perdre du temps \u00e0 planifier des itin\u00e9raires. Cela augmente la productivit\u00e9 globale de la flotte, ce qui permet de terminer les travaux plus rapidement et dans les d\u00e9lais.<\/p>\n<h3>Augmentation de la satisfaction des clients<\/h3>\n<p>C&rsquo;est un fait connu que les acheteurs satisfaits font des achats d&rsquo;inventaire. Si vous pouvez offrir vos services \u00e0 temps, vos clients seront satisfaits de vous. Le syst\u00e8me de gestion des coursiers permet de s&rsquo;assurer que le bon chauffeur arrive chez le bon client au bon moment, sans retour.<\/p>\n<h3>Aide \u00e0 surestimer les ressources<\/h3>\n<p>Il est possible que vous utilisiez plus de ressources que ce qui est r\u00e9ellement n\u00e9cessaire pour fournir ou livrer des services. Un outil d&rsquo;optimisation des services de messagerie permet de red\u00e9finir le nombre de v\u00e9hicules n\u00e9cessaires \u00e0 l&rsquo;exploitation. Vous pouvez b\u00e9n\u00e9ficier de quantit\u00e9s r\u00e9duites et, par cons\u00e9quent, de co\u00fbts r\u00e9duits.<\/p>\n<p>Vous savez maintenant ce qu&rsquo;est le logiciel Courier et pourquoi il est important. Vous vous demandez peut-\u00eatre maintenant quel logiciel convient le mieux \u00e0 votre entreprise ?  <\/p>\n<\/p>\n<h2>Quel logiciel de gestion de messagerie choisir ?<\/h2>\n<p>Il existe de nombreuses ressources qui proposent des listes et des s\u00e9lections de programmes pour l&rsquo;optimisation des messageries. Il existe de nombreux facteurs \u00e0 prendre en compte, tels que le prix, les fonctionnalit\u00e9s offertes, le public cible et d&rsquo;autres param\u00e8tres.<\/p>\n<p>Lorsque vous choisissez un logiciel de gestion de messagerie, pr\u00e9cisez quelles fonctions sont incluses dans le prix et celles qui sont fournies moyennant un suppl\u00e9ment. Donnez la pr\u00e9f\u00e9rence aux syst\u00e8mes dont le prix comprend \u00e9galement l&rsquo;assistance technique et les mises \u00e0 jour.<\/p>\n<\/p>\n<h2><strong>Pourquoi choisir Logdio ?<\/strong><\/h2>\n<p>Dans Logdio, la fonction consistant \u00e0 construire l&rsquo;itin\u00e9raire optimal pour le coursier et \u00e0 calculer le temps en tenant compte des embouteillages est mise en \u0153uvre. Les t\u00e2ches confi\u00e9es au coursier sont r\u00e9parties en fonction des priorit\u00e9s et du d\u00e9lai de livraison. Il existe une fonction de suivi GPS pour les coursiers (vous pouvez suivre l&#8217;emplacement du coursier sur la carte en temps r\u00e9el). Le logiciel dispose d&rsquo;une interface conviviale. Il est \u00e9galement possible de transf\u00e9rer des commandes \u00e0 un autre coursier (par exemple, en cas de panne de voiture). L&rsquo;avantage de Logdio est qu&rsquo;il est abordable. Vous ne devez pas payer un montant \u00e9lev\u00e9 pour utiliser ce logiciel productif. C&rsquo;est donc la meilleure solution pour ce travail.  <\/p>\n\t\t\t\t\t\t\t\t<\/div>\n\t\t\t\t<\/div>\n\t\t\t\t\t<\/div>\n\t\t<\/div>\n\t\t\t\t\t<\/div>\n\t\t<\/section>\n\t\t\t\t<\/div>\n\t\t","protected":false},"excerpt":{"rendered":"<p>Logiciel de planification des itin\u00e9raires pour les coursiers Vous dirigez une force de vente sur le terrain, vous g\u00e9rez une flotte de v\u00e9hicules de livraison (livraison de colis ou de marchandises) ou vous g\u00e9rez la logistique d&rsquo;une entreprise qui collecte et livre des marchandises en porte-\u00e0-porte ? Vous \u00eates int\u00e9ress\u00e9 par l&rsquo;optimisation du transport de [&hellip;]<\/p>\n","protected":false},"author":1,"featured_media":0,"parent":0,"menu_order":0,"comment_status":"closed","ping_status":"closed","template":"elementor_header_footer","meta":{"footnotes":""},"class_list":["post-7528","page","type-page","status-publish","hentry"],"yoast_head":"<!-- This site is optimized with the Yoast SEO plugin v26.8 - https:\/\/yoast.com\/product\/yoast-seo-wordpress\/ -->\n<title>Logiciel de planification des itin\u00e9raires de courrier - Logdio - delivery management tool<\/title>\n<meta name=\"description\" content=\"Am\u00e9liorez la productivit\u00e9 des coursiers avec le logiciel de planification d&#039;itin\u00e9raire Logdis. Une solution tout en un pour les entreprises de livraison.\" \/>\n<meta name=\"robots\" content=\"index, follow, max-snippet:-1, max-image-preview:large, max-video-preview:-1\" \/>\n<link rel=\"canonical\" href=\"https:\/\/logdio.com\/fr\/logiciel-de-planification-des-itineraires-de-courrier\/\" \/>\n<meta property=\"og:locale\" content=\"fr_FR\" \/>\n<meta property=\"og:type\" content=\"article\" \/>\n<meta property=\"og:title\" content=\"Logiciel de planification des itin\u00e9raires de courrier - Logdio - delivery management tool\" \/>\n<meta property=\"og:description\" content=\"Am\u00e9liorez la productivit\u00e9 des coursiers avec le logiciel de planification d&#039;itin\u00e9raire Logdis. Une solution tout en un pour les entreprises de livraison.\" \/>\n<meta property=\"og:url\" content=\"https:\/\/logdio.com\/fr\/logiciel-de-planification-des-itineraires-de-courrier\/\" \/>\n<meta property=\"og:site_name\" content=\"Logdio - delivery management tool\" \/>\n<meta property=\"article:publisher\" content=\"https:\/\/www.facebook.com\/logtime.eu\/\" \/>\n<meta property=\"article:modified_time\" content=\"2021-09-13T14:12:55+00:00\" \/>\n<meta name=\"twitter:card\" content=\"summary_large_image\" \/>\n<meta name=\"twitter:label1\" content=\"Dur\u00e9e de lecture estim\u00e9e\" \/>\n\t<meta name=\"twitter:data1\" content=\"4 minutes\" \/>\n<script type=\"application\/ld+json\" class=\"yoast-schema-graph\">{\"@context\":\"https:\/\/schema.org\",\"@graph\":[{\"@type\":\"WebPage\",\"@id\":\"https:\/\/logdio.com\/fr\/logiciel-de-planification-des-itineraires-de-courrier\/\",\"url\":\"https:\/\/logdio.com\/fr\/logiciel-de-planification-des-itineraires-de-courrier\/\",\"name\":\"Logiciel de planification des itin\u00e9raires de courrier - Logdio - delivery management tool\",\"isPartOf\":{\"@id\":\"https:\/\/logdio.com\/fr\/#website\"},\"datePublished\":\"2021-08-23T19:02:02+00:00\",\"dateModified\":\"2021-09-13T14:12:55+00:00\",\"description\":\"Am\u00e9liorez la productivit\u00e9 des coursiers avec le logiciel de planification d'itin\u00e9raire Logdis. Une solution tout en un pour les entreprises de livraison.\",\"breadcrumb\":{\"@id\":\"https:\/\/logdio.com\/fr\/logiciel-de-planification-des-itineraires-de-courrier\/#breadcrumb\"},\"inLanguage\":\"fr-FR\",\"potentialAction\":[{\"@type\":\"ReadAction\",\"target\":[\"https:\/\/logdio.com\/fr\/logiciel-de-planification-des-itineraires-de-courrier\/\"]}]},{\"@type\":\"BreadcrumbList\",\"@id\":\"https:\/\/logdio.com\/fr\/logiciel-de-planification-des-itineraires-de-courrier\/#breadcrumb\",\"itemListElement\":[{\"@type\":\"ListItem\",\"position\":1,\"name\":\"Home\",\"item\":\"https:\/\/logdio.com\/fr\/page-de-destination\/\"},{\"@type\":\"ListItem\",\"position\":2,\"name\":\"Logiciel de planification des itin\u00e9raires de courrier\"}]},{\"@type\":\"WebSite\",\"@id\":\"https:\/\/logdio.com\/fr\/#website\",\"url\":\"https:\/\/logdio.com\/fr\/\",\"name\":\"Logdio - delivery management tool\",\"description\":\"Next level delivery management software\",\"publisher\":{\"@id\":\"https:\/\/logdio.com\/fr\/#organization\"},\"potentialAction\":[{\"@type\":\"SearchAction\",\"target\":{\"@type\":\"EntryPoint\",\"urlTemplate\":\"https:\/\/logdio.com\/fr\/?s={search_term_string}\"},\"query-input\":{\"@type\":\"PropertyValueSpecification\",\"valueRequired\":true,\"valueName\":\"search_term_string\"}}],\"inLanguage\":\"fr-FR\"},{\"@type\":\"Organization\",\"@id\":\"https:\/\/logdio.com\/fr\/#organization\",\"name\":\"Logdio\",\"url\":\"https:\/\/logdio.com\/fr\/\",\"logo\":{\"@type\":\"ImageObject\",\"inLanguage\":\"fr-FR\",\"@id\":\"https:\/\/logdio.com\/fr\/#\/schema\/logo\/image\/\",\"url\":\"https:\/\/logdio.com\/wp-content\/uploads\/2021\/05\/Logdio.svg\",\"contentUrl\":\"https:\/\/logdio.com\/wp-content\/uploads\/2021\/05\/Logdio.svg\",\"width\":4.44919,\"height\":1.1285,\"caption\":\"Logdio\"},\"image\":{\"@id\":\"https:\/\/logdio.com\/fr\/#\/schema\/logo\/image\/\"},\"sameAs\":[\"https:\/\/www.facebook.com\/logtime.eu\/\",\"https:\/\/www.linkedin.com\/company\/logtime\"]}]}<\/script>\n<!-- \/ Yoast SEO plugin. -->","yoast_head_json":{"title":"Logiciel de planification des itin\u00e9raires de courrier - Logdio - delivery management tool","description":"Am\u00e9liorez la productivit\u00e9 des coursiers avec le logiciel de planification d'itin\u00e9raire Logdis. Une solution tout en un pour les entreprises de livraison.","robots":{"index":"index","follow":"follow","max-snippet":"max-snippet:-1","max-image-preview":"max-image-preview:large","max-video-preview":"max-video-preview:-1"},"canonical":"https:\/\/logdio.com\/fr\/logiciel-de-planification-des-itineraires-de-courrier\/","og_locale":"fr_FR","og_type":"article","og_title":"Logiciel de planification des itin\u00e9raires de courrier - Logdio - delivery management tool","og_description":"Am\u00e9liorez la productivit\u00e9 des coursiers avec le logiciel de planification d'itin\u00e9raire Logdis. Une solution tout en un pour les entreprises de livraison.","og_url":"https:\/\/logdio.com\/fr\/logiciel-de-planification-des-itineraires-de-courrier\/","og_site_name":"Logdio - delivery management tool","article_publisher":"https:\/\/www.facebook.com\/logtime.eu\/","article_modified_time":"2021-09-13T14:12:55+00:00","twitter_card":"summary_large_image","twitter_misc":{"Dur\u00e9e de lecture estim\u00e9e":"4 minutes"},"schema":{"@context":"https:\/\/schema.org","@graph":[{"@type":"WebPage","@id":"https:\/\/logdio.com\/fr\/logiciel-de-planification-des-itineraires-de-courrier\/","url":"https:\/\/logdio.com\/fr\/logiciel-de-planification-des-itineraires-de-courrier\/","name":"Logiciel de planification des itin\u00e9raires de courrier - Logdio - delivery management tool","isPartOf":{"@id":"https:\/\/logdio.com\/fr\/#website"},"datePublished":"2021-08-23T19:02:02+00:00","dateModified":"2021-09-13T14:12:55+00:00","description":"Am\u00e9liorez la productivit\u00e9 des coursiers avec le logiciel de planification d'itin\u00e9raire Logdis. Une solution tout en un pour les entreprises de livraison.","breadcrumb":{"@id":"https:\/\/logdio.com\/fr\/logiciel-de-planification-des-itineraires-de-courrier\/#breadcrumb"},"inLanguage":"fr-FR","potentialAction":[{"@type":"ReadAction","target":["https:\/\/logdio.com\/fr\/logiciel-de-planification-des-itineraires-de-courrier\/"]}]},{"@type":"BreadcrumbList","@id":"https:\/\/logdio.com\/fr\/logiciel-de-planification-des-itineraires-de-courrier\/#breadcrumb","itemListElement":[{"@type":"ListItem","position":1,"name":"Home","item":"https:\/\/logdio.com\/fr\/page-de-destination\/"},{"@type":"ListItem","position":2,"name":"Logiciel de planification des itin\u00e9raires de courrier"}]},{"@type":"WebSite","@id":"https:\/\/logdio.com\/fr\/#website","url":"https:\/\/logdio.com\/fr\/","name":"Logdio - delivery management tool","description":"Next level delivery management software","publisher":{"@id":"https:\/\/logdio.com\/fr\/#organization"},"potentialAction":[{"@type":"SearchAction","target":{"@type":"EntryPoint","urlTemplate":"https:\/\/logdio.com\/fr\/?s={search_term_string}"},"query-input":{"@type":"PropertyValueSpecification","valueRequired":true,"valueName":"search_term_string"}}],"inLanguage":"fr-FR"},{"@type":"Organization","@id":"https:\/\/logdio.com\/fr\/#organization","name":"Logdio","url":"https:\/\/logdio.com\/fr\/","logo":{"@type":"ImageObject","inLanguage":"fr-FR","@id":"https:\/\/logdio.com\/fr\/#\/schema\/logo\/image\/","url":"https:\/\/logdio.com\/wp-content\/uploads\/2021\/05\/Logdio.svg","contentUrl":"https:\/\/logdio.com\/wp-content\/uploads\/2021\/05\/Logdio.svg","width":4.44919,"height":1.1285,"caption":"Logdio"},"image":{"@id":"https:\/\/logdio.com\/fr\/#\/schema\/logo\/image\/"},"sameAs":["https:\/\/www.facebook.com\/logtime.eu\/","https:\/\/www.linkedin.com\/company\/logtime"]}]}},"_links":{"self":[{"href":"https:\/\/logdio.com\/fr\/wp-json\/wp\/v2\/pages\/7528","targetHints":{"allow":["GET"]}}],"collection":[{"href":"https:\/\/logdio.com\/fr\/wp-json\/wp\/v2\/pages"}],"about":[{"href":"https:\/\/logdio.com\/fr\/wp-json\/wp\/v2\/types\/page"}],"author":[{"embeddable":true,"href":"https:\/\/logdio.com\/fr\/wp-json\/wp\/v2\/users\/1"}],"replies":[{"embeddable":true,"href":"https:\/\/logdio.com\/fr\/wp-json\/wp\/v2\/comments?post=7528"}],"version-history":[{"count":5,"href":"https:\/\/logdio.com\/fr\/wp-json\/wp\/v2\/pages\/7528\/revisions"}],"predecessor-version":[{"id":13861,"href":"https:\/\/logdio.com\/fr\/wp-json\/wp\/v2\/pages\/7528\/revisions\/13861"}],"wp:attachment":[{"href":"https:\/\/logdio.com\/fr\/wp-json\/wp\/v2\/media?parent=7528"}],"curies":[{"name":"wp","href":"https:\/\/api.w.org\/{rel}","templated":true}]}}