{"id":7494,"date":"2021-08-23T22:01:43","date_gmt":"2021-08-23T19:01:43","guid":{"rendered":"https:\/\/logdio.com\/logiciel-de-planification-ditineraire\/"},"modified":"2021-09-13T17:12:45","modified_gmt":"2021-09-13T14:12:45","slug":"logiciel-de-planification-ditineraire","status":"publish","type":"page","link":"https:\/\/logdio.com\/fr\/logiciel-de-planification-ditineraire\/","title":{"rendered":"Logiciel de planification d&rsquo;itin\u00e9raire"},"content":{"rendered":"\t\t<div data-elementor-type=\"wp-page\" data-elementor-id=\"7494\" class=\"elementor elementor-7494 elementor-1054\" data-elementor-post-type=\"page\">\n\t\t\t\t\t\t<section class=\"has_ma_el_bg_slider elementor-section elementor-top-section elementor-element elementor-element-aa63506 elementor-section-boxed elementor-section-height-default elementor-section-height-default jltma-glass-effect-no\" data-id=\"aa63506\" data-element_type=\"section\" data-e-type=\"section\" data-settings=\"{&quot;jet_parallax_layout_list&quot;:[{&quot;jet_parallax_layout_image&quot;:{&quot;url&quot;:&quot;&quot;,&quot;id&quot;:&quot;&quot;,&quot;size&quot;:&quot;&quot;},&quot;_id&quot;:&quot;7ffc1ed&quot;,&quot;jet_parallax_layout_image_tablet&quot;:{&quot;url&quot;:&quot;&quot;,&quot;id&quot;:&quot;&quot;,&quot;size&quot;:&quot;&quot;},&quot;jet_parallax_layout_image_mobile&quot;:{&quot;url&quot;:&quot;&quot;,&quot;id&quot;:&quot;&quot;,&quot;size&quot;:&quot;&quot;},&quot;jet_parallax_layout_speed&quot;:{&quot;unit&quot;:&quot;%&quot;,&quot;size&quot;:50,&quot;sizes&quot;:[]},&quot;jet_parallax_layout_type&quot;:&quot;scroll&quot;,&quot;jet_parallax_layout_direction&quot;:null,&quot;jet_parallax_layout_fx_direction&quot;:null,&quot;jet_parallax_layout_z_index&quot;:&quot;&quot;,&quot;jet_parallax_layout_bg_x&quot;:50,&quot;jet_parallax_layout_bg_x_tablet&quot;:&quot;&quot;,&quot;jet_parallax_layout_bg_x_mobile&quot;:&quot;&quot;,&quot;jet_parallax_layout_bg_y&quot;:50,&quot;jet_parallax_layout_bg_y_tablet&quot;:&quot;&quot;,&quot;jet_parallax_layout_bg_y_mobile&quot;:&quot;&quot;,&quot;jet_parallax_layout_bg_size&quot;:&quot;auto&quot;,&quot;jet_parallax_layout_bg_size_tablet&quot;:&quot;&quot;,&quot;jet_parallax_layout_bg_size_mobile&quot;:&quot;&quot;,&quot;jet_parallax_layout_animation_prop&quot;:&quot;transform&quot;,&quot;jet_parallax_layout_on&quot;:[&quot;desktop&quot;,&quot;tablet&quot;]}]}\">\n\t\t\t\t\t\t<div class=\"elementor-container elementor-column-gap-default\">\n\t\t\t\t\t<div class=\"has_ma_el_bg_slider elementor-column elementor-col-100 elementor-top-column elementor-element elementor-element-a5671ee jltma-glass-effect-no\" data-id=\"a5671ee\" data-element_type=\"column\" data-e-type=\"column\">\n\t\t\t<div class=\"elementor-widget-wrap elementor-element-populated\">\n\t\t\t\t\t\t<div class=\"elementor-element elementor-element-293514c jltma-glass-effect-no elementor-widget elementor-widget-heading\" data-id=\"293514c\" data-element_type=\"widget\" data-e-type=\"widget\" data-widget_type=\"heading.default\">\n\t\t\t\t<div class=\"elementor-widget-container\">\n\t\t\t\t\t<h1 class=\"elementor-heading-title elementor-size-default\">Logiciel de planification d&rsquo;itin\u00e9raire<\/h1>\t\t\t\t<\/div>\n\t\t\t\t<\/div>\n\t\t\t\t\t<\/div>\n\t\t<\/div>\n\t\t\t\t\t<\/div>\n\t\t<\/section>\n\t\t\t\t<section class=\"has_ma_el_bg_slider elementor-section elementor-top-section elementor-element elementor-element-8e5f6e9 elementor-section-boxed elementor-section-height-default elementor-section-height-default jltma-glass-effect-no\" data-id=\"8e5f6e9\" data-element_type=\"section\" data-e-type=\"section\" data-settings=\"{&quot;jet_parallax_layout_list&quot;:[{&quot;jet_parallax_layout_image&quot;:{&quot;url&quot;:&quot;&quot;,&quot;id&quot;:&quot;&quot;,&quot;size&quot;:&quot;&quot;},&quot;_id&quot;:&quot;80a7424&quot;,&quot;jet_parallax_layout_image_tablet&quot;:{&quot;url&quot;:&quot;&quot;,&quot;id&quot;:&quot;&quot;,&quot;size&quot;:&quot;&quot;},&quot;jet_parallax_layout_image_mobile&quot;:{&quot;url&quot;:&quot;&quot;,&quot;id&quot;:&quot;&quot;,&quot;size&quot;:&quot;&quot;},&quot;jet_parallax_layout_speed&quot;:{&quot;unit&quot;:&quot;%&quot;,&quot;size&quot;:50,&quot;sizes&quot;:[]},&quot;jet_parallax_layout_type&quot;:&quot;scroll&quot;,&quot;jet_parallax_layout_direction&quot;:null,&quot;jet_parallax_layout_fx_direction&quot;:null,&quot;jet_parallax_layout_z_index&quot;:&quot;&quot;,&quot;jet_parallax_layout_bg_x&quot;:50,&quot;jet_parallax_layout_bg_x_tablet&quot;:&quot;&quot;,&quot;jet_parallax_layout_bg_x_mobile&quot;:&quot;&quot;,&quot;jet_parallax_layout_bg_y&quot;:50,&quot;jet_parallax_layout_bg_y_tablet&quot;:&quot;&quot;,&quot;jet_parallax_layout_bg_y_mobile&quot;:&quot;&quot;,&quot;jet_parallax_layout_bg_size&quot;:&quot;auto&quot;,&quot;jet_parallax_layout_bg_size_tablet&quot;:&quot;&quot;,&quot;jet_parallax_layout_bg_size_mobile&quot;:&quot;&quot;,&quot;jet_parallax_layout_animation_prop&quot;:&quot;transform&quot;,&quot;jet_parallax_layout_on&quot;:[&quot;desktop&quot;,&quot;tablet&quot;]}]}\">\n\t\t\t\t\t\t<div class=\"elementor-container elementor-column-gap-default\">\n\t\t\t\t\t<div class=\"has_ma_el_bg_slider elementor-column elementor-col-100 elementor-top-column elementor-element elementor-element-d48a05b jltma-glass-effect-no\" data-id=\"d48a05b\" data-element_type=\"column\" data-e-type=\"column\">\n\t\t\t<div class=\"elementor-widget-wrap elementor-element-populated\">\n\t\t\t\t\t\t<div class=\"elementor-element elementor-element-0f9707f jltma-glass-effect-no elementor-widget elementor-widget-text-editor\" data-id=\"0f9707f\" data-element_type=\"widget\" data-e-type=\"widget\" data-widget_type=\"text-editor.default\">\n\t\t\t\t<div class=\"elementor-widget-container\">\n\t\t\t\t\t\t\t\t\t<p>L&rsquo;efficacit\u00e9 d&rsquo;une entreprise de transport et de logistique ou d&rsquo;un parc de v\u00e9hicules d&rsquo;entreprise d\u00e9pend directement de la qualit\u00e9 et de la rapidit\u00e9 de la r\u00e9solution des probl\u00e8mes de transport et de logistique. Il faut se concentrer sur la gestion des itin\u00e9raires, \u00e9tablir rapidement les documents d&rsquo;accompagnement, suivre la mise en \u0153uvre des missions de transport et analyser la qualit\u00e9 du travail du service des transports.<\/p>\n<p>La r\u00e9solution de ces t\u00e2ches en mode manuel n\u00e9cessite un personnel impressionnant de logisticiens et de r\u00e9partiteurs. Dans le m\u00eame temps, les erreurs de travail ne sont pas exclues. Un itin\u00e9raire mal construit ou des documents mal remplis peuvent entra\u00eener des kilom\u00e8tres inutilis\u00e9s ou des temps d&rsquo;arr\u00eat du transport, des retards dans les d\u00e9lais de livraison et des plaintes des clients. Un moyen efficace d&rsquo;\u00e9liminer ces difficult\u00e9s consiste \u00e0 utiliser un logiciel de planification d&rsquo;itin\u00e9raires pour automatiser la planification des itin\u00e9raires et surveiller le processus de livraison. Un logiciel d&rsquo;optimisation des itin\u00e9raires vous aide \u00e0 gagner du temps et \u00e0 effectuer des livraisons sans erreur.  <\/p>\n<\/p>\n<h2><strong>Qu&rsquo;est-ce que l&rsquo;optimisation des routes ?<\/strong><\/h2>\n<p>Un logiciel de gestion des itin\u00e9raires est un syst\u00e8me permettant de planifier les livraisons et de construire efficacement des itin\u00e9raires pour votre propre transport ou un transport lou\u00e9. Il prend en compte plusieurs conditions, telles que le chargement optimal de la flotte de v\u00e9hicules et la livraison en temps voulu des marchandises aux clients. En m\u00eame temps, le logiciel vous permet de surveiller le travail des conducteurs, des r\u00e9partiteurs et des transitaires.<\/p>\n<p>Apr\u00e8s avoir install\u00e9 un logiciel de planification d&rsquo;itin\u00e9raire, l&rsquo;exploitation de la flotte de v\u00e9hicules deviendra rationnelle, et les co\u00fbts seront minimes. Et ce n&rsquo;est pas le seul avantage du logiciel d&rsquo;optimisation du routage. D&rsquo;autres avantages encore :<\/p>\n<ul>\n<li>les conducteurs peu scrupuleux seront identifi\u00e9s en cas de tricherie ;<\/li>\n<li>l&rsquo;utilisation de la voiture \u00e0 des fins personnelles sera emp\u00each\u00e9e ;<\/li>\n<li>la s\u00e9curit\u00e9 routi\u00e8re augmentera ;<\/li>\n<li>les frais de carburant seront r\u00e9duits de trois fois gr\u00e2ce \u00e0 l&rsquo;absence de drains ;<\/li>\n<li>le nombre d&rsquo;arr\u00eats de transport sera r\u00e9duit.<\/li>\n<\/ul>\n<h2><strong>Comment fonctionne l&rsquo;optimisation des itin\u00e9raires ?<\/strong><\/h2>\n<p>Le logiciel de gestion des itin\u00e9raires optimise les itin\u00e9raires en utilisant la surveillance par satellite. Cet outil bas\u00e9 sur le GLONASS\/GPS est adapt\u00e9 aux activit\u00e9s des grandes flottes, de la logistique ou des entreprises de transport routier. \u00c0 l&rsquo;aide d&rsquo;un logiciel install\u00e9 sur un PC, une tablette, un appareil mobile, l&rsquo;utilisateur obtient l&rsquo;acc\u00e8s \u00e0 des informations sur le v\u00e9hicule. Le programme g\u00e9n\u00e8re des rapports sur les param\u00e8tres surveill\u00e9s du v\u00e9hicule, qui sont enregistr\u00e9s dans diff\u00e9rents formats, puis utilis\u00e9s pour analyser et optimiser le fonctionnement de la flotte de v\u00e9hicules.  <\/p>\n<\/p>\n<h2><strong>Quel logiciel utiliser pour l&rsquo;optimisation des parcours ?<\/strong><\/h2>\n<p>Vous pensez peut-\u00eatre que les logiciels de planification d&rsquo;itin\u00e9raire fonctionnent comme Google Maps, mais ce n&rsquo;est pas vrai. Cette application fournit simplement des indications pour aller d&rsquo;un point \u00ab\u00a01\u00a0\u00bb \u00e0 un point \u00ab\u00a02\u00a0\u00bb. Il est compliqu\u00e9 de d\u00e9finir des itin\u00e9raires \u00e0 arr\u00eats multiples. Les utilisateurs doivent saisir les adresses manuellement, ce qui prend beaucoup de temps et est source d&rsquo;erreurs.<\/p>\n<p>Le faible co\u00fbt initial est tentant, mais il finira par vous co\u00fbter cher \u00e0 long terme. Les applications de navigation ne sont donc pas une solution id\u00e9ale. Vous devez utiliser un logiciel d&rsquo;optimisation des itin\u00e9raires sp\u00e9cialement con\u00e7u \u00e0 cet effet.  <\/p>\n<\/p>\n<h2><strong>Pourquoi choisir Logdio ?<\/strong><\/h2>\n<p>Logdio est un logiciel de planification des livraisons con\u00e7u pour les entreprises ayant un grand nombre de commandes, de v\u00e9hicules, ainsi que des exigences complexes pour le processus de livraison.<\/p>\n<p>Il distribue rapidement et automatiquement les applications entre les interpr\u00e8tes, en tenant compte des exigences de chaque envoi. Le logiciel r\u00e9alise de mani\u00e8re autonome la planification des transports, ce qui simplifie le travail du personnel. D\u00e9sormais, vos logisticiens sont polyvalents : ils peuvent travailler dans des endroits jusqu&rsquo;alors inconnus et, par cons\u00e9quent, avec plusieurs centres de distribution. Gr\u00e2ce \u00e0 une application mobile dot\u00e9e d&rsquo;une fonction de navigation, les conducteurs sont interchangeables puisqu&rsquo;ils n&rsquo;ont pas besoin d&rsquo;avoir une connaissance parfaite de la zone de livraison.<\/p>\n<\/p>\n<p> <a href=\"https:\/\/logdio.com\/fr\/\">Choisissez-nous<\/a> donc pour la surveillance des v\u00e9hicules et la gestion des itin\u00e9raires. Nous aimerions vous fournir un service de qualit\u00e9.<\/p>\n<\/p><\/p>\n\t\t\t\t\t\t\t\t<\/div>\n\t\t\t\t<\/div>\n\t\t\t\t\t<\/div>\n\t\t<\/div>\n\t\t\t\t\t<\/div>\n\t\t<\/section>\n\t\t\t\t<\/div>\n\t\t","protected":false},"excerpt":{"rendered":"<p>L&rsquo;efficacit\u00e9 d&rsquo;une entreprise de transport et de logistique ou d&rsquo;un parc de v\u00e9hicules d&rsquo;entreprise d\u00e9pend directement de la qualit\u00e9 et de la rapidit\u00e9 de la r\u00e9solution des probl\u00e8mes de transport et de logistique. Il faut se concentrer sur la gestion des itin\u00e9raires, \u00e9tablir rapidement les documents d&rsquo;accompagnement, suivre la mise en \u0153uvre des missions de [&hellip;]<\/p>\n","protected":false},"author":1,"featured_media":0,"parent":0,"menu_order":0,"comment_status":"closed","ping_status":"closed","template":"elementor_header_footer","meta":{"footnotes":""},"class_list":["post-7494","page","type-page","status-publish","hentry"],"yoast_head":"<!-- This site is optimized with the Yoast SEO plugin v26.8 - https:\/\/yoast.com\/product\/yoast-seo-wordpress\/ -->\n<title>Logiciel de planification d&#039;itin\u00e9raire - Logdio - delivery management tool<\/title>\n<meta name=\"description\" content=\"Fini la cr\u00e9ation d&#039;itin\u00e9raires \u00e0 l&#039;aide de feuilles de calcul, de tableaux blancs et de cartes Google. Cr\u00e9ez et optimisez facilement tous les itin\u00e9raires de la journ\u00e9e.\" \/>\n<meta name=\"robots\" content=\"index, follow, max-snippet:-1, max-image-preview:large, max-video-preview:-1\" \/>\n<link rel=\"canonical\" href=\"https:\/\/logdio.com\/fr\/logiciel-de-planification-ditineraire\/\" \/>\n<meta property=\"og:locale\" content=\"fr_FR\" \/>\n<meta property=\"og:type\" content=\"article\" \/>\n<meta property=\"og:title\" content=\"Logiciel de planification d&#039;itin\u00e9raire - Logdio - delivery management tool\" \/>\n<meta property=\"og:description\" content=\"Fini la cr\u00e9ation d&#039;itin\u00e9raires \u00e0 l&#039;aide de feuilles de calcul, de tableaux blancs et de cartes Google. Cr\u00e9ez et optimisez facilement tous les itin\u00e9raires de la journ\u00e9e.\" \/>\n<meta property=\"og:url\" content=\"https:\/\/logdio.com\/fr\/logiciel-de-planification-ditineraire\/\" \/>\n<meta property=\"og:site_name\" content=\"Logdio - delivery management tool\" \/>\n<meta property=\"article:publisher\" content=\"https:\/\/www.facebook.com\/logtime.eu\/\" \/>\n<meta property=\"article:modified_time\" content=\"2021-09-13T14:12:45+00:00\" \/>\n<meta name=\"twitter:card\" content=\"summary_large_image\" \/>\n<meta name=\"twitter:label1\" content=\"Dur\u00e9e de lecture estim\u00e9e\" \/>\n\t<meta name=\"twitter:data1\" content=\"4 minutes\" \/>\n<script type=\"application\/ld+json\" class=\"yoast-schema-graph\">{\"@context\":\"https:\/\/schema.org\",\"@graph\":[{\"@type\":\"WebPage\",\"@id\":\"https:\/\/logdio.com\/fr\/logiciel-de-planification-ditineraire\/\",\"url\":\"https:\/\/logdio.com\/fr\/logiciel-de-planification-ditineraire\/\",\"name\":\"Logiciel de planification d'itin\u00e9raire - Logdio - delivery management tool\",\"isPartOf\":{\"@id\":\"https:\/\/logdio.com\/fr\/#website\"},\"datePublished\":\"2021-08-23T19:01:43+00:00\",\"dateModified\":\"2021-09-13T14:12:45+00:00\",\"description\":\"Fini la cr\u00e9ation d'itin\u00e9raires \u00e0 l'aide de feuilles de calcul, de tableaux blancs et de cartes Google. Cr\u00e9ez et optimisez facilement tous les itin\u00e9raires de la journ\u00e9e.\",\"breadcrumb\":{\"@id\":\"https:\/\/logdio.com\/fr\/logiciel-de-planification-ditineraire\/#breadcrumb\"},\"inLanguage\":\"fr-FR\",\"potentialAction\":[{\"@type\":\"ReadAction\",\"target\":[\"https:\/\/logdio.com\/fr\/logiciel-de-planification-ditineraire\/\"]}]},{\"@type\":\"BreadcrumbList\",\"@id\":\"https:\/\/logdio.com\/fr\/logiciel-de-planification-ditineraire\/#breadcrumb\",\"itemListElement\":[{\"@type\":\"ListItem\",\"position\":1,\"name\":\"Home\",\"item\":\"https:\/\/logdio.com\/fr\/page-de-destination\/\"},{\"@type\":\"ListItem\",\"position\":2,\"name\":\"Logiciel de planification d&rsquo;itin\u00e9raire\"}]},{\"@type\":\"WebSite\",\"@id\":\"https:\/\/logdio.com\/fr\/#website\",\"url\":\"https:\/\/logdio.com\/fr\/\",\"name\":\"Logdio - delivery management tool\",\"description\":\"Next level delivery management software\",\"publisher\":{\"@id\":\"https:\/\/logdio.com\/fr\/#organization\"},\"potentialAction\":[{\"@type\":\"SearchAction\",\"target\":{\"@type\":\"EntryPoint\",\"urlTemplate\":\"https:\/\/logdio.com\/fr\/?s={search_term_string}\"},\"query-input\":{\"@type\":\"PropertyValueSpecification\",\"valueRequired\":true,\"valueName\":\"search_term_string\"}}],\"inLanguage\":\"fr-FR\"},{\"@type\":\"Organization\",\"@id\":\"https:\/\/logdio.com\/fr\/#organization\",\"name\":\"Logdio\",\"url\":\"https:\/\/logdio.com\/fr\/\",\"logo\":{\"@type\":\"ImageObject\",\"inLanguage\":\"fr-FR\",\"@id\":\"https:\/\/logdio.com\/fr\/#\/schema\/logo\/image\/\",\"url\":\"https:\/\/logdio.com\/wp-content\/uploads\/2021\/05\/Logdio.svg\",\"contentUrl\":\"https:\/\/logdio.com\/wp-content\/uploads\/2021\/05\/Logdio.svg\",\"width\":4.44919,\"height\":1.1285,\"caption\":\"Logdio\"},\"image\":{\"@id\":\"https:\/\/logdio.com\/fr\/#\/schema\/logo\/image\/\"},\"sameAs\":[\"https:\/\/www.facebook.com\/logtime.eu\/\",\"https:\/\/www.linkedin.com\/company\/logtime\"]}]}<\/script>\n<!-- \/ Yoast SEO plugin. -->","yoast_head_json":{"title":"Logiciel de planification d'itin\u00e9raire - Logdio - delivery management tool","description":"Fini la cr\u00e9ation d'itin\u00e9raires \u00e0 l'aide de feuilles de calcul, de tableaux blancs et de cartes Google. Cr\u00e9ez et optimisez facilement tous les itin\u00e9raires de la journ\u00e9e.","robots":{"index":"index","follow":"follow","max-snippet":"max-snippet:-1","max-image-preview":"max-image-preview:large","max-video-preview":"max-video-preview:-1"},"canonical":"https:\/\/logdio.com\/fr\/logiciel-de-planification-ditineraire\/","og_locale":"fr_FR","og_type":"article","og_title":"Logiciel de planification d'itin\u00e9raire - Logdio - delivery management tool","og_description":"Fini la cr\u00e9ation d'itin\u00e9raires \u00e0 l'aide de feuilles de calcul, de tableaux blancs et de cartes Google. Cr\u00e9ez et optimisez facilement tous les itin\u00e9raires de la journ\u00e9e.","og_url":"https:\/\/logdio.com\/fr\/logiciel-de-planification-ditineraire\/","og_site_name":"Logdio - delivery management tool","article_publisher":"https:\/\/www.facebook.com\/logtime.eu\/","article_modified_time":"2021-09-13T14:12:45+00:00","twitter_card":"summary_large_image","twitter_misc":{"Dur\u00e9e de lecture estim\u00e9e":"4 minutes"},"schema":{"@context":"https:\/\/schema.org","@graph":[{"@type":"WebPage","@id":"https:\/\/logdio.com\/fr\/logiciel-de-planification-ditineraire\/","url":"https:\/\/logdio.com\/fr\/logiciel-de-planification-ditineraire\/","name":"Logiciel de planification d'itin\u00e9raire - Logdio - delivery management tool","isPartOf":{"@id":"https:\/\/logdio.com\/fr\/#website"},"datePublished":"2021-08-23T19:01:43+00:00","dateModified":"2021-09-13T14:12:45+00:00","description":"Fini la cr\u00e9ation d'itin\u00e9raires \u00e0 l'aide de feuilles de calcul, de tableaux blancs et de cartes Google. Cr\u00e9ez et optimisez facilement tous les itin\u00e9raires de la journ\u00e9e.","breadcrumb":{"@id":"https:\/\/logdio.com\/fr\/logiciel-de-planification-ditineraire\/#breadcrumb"},"inLanguage":"fr-FR","potentialAction":[{"@type":"ReadAction","target":["https:\/\/logdio.com\/fr\/logiciel-de-planification-ditineraire\/"]}]},{"@type":"BreadcrumbList","@id":"https:\/\/logdio.com\/fr\/logiciel-de-planification-ditineraire\/#breadcrumb","itemListElement":[{"@type":"ListItem","position":1,"name":"Home","item":"https:\/\/logdio.com\/fr\/page-de-destination\/"},{"@type":"ListItem","position":2,"name":"Logiciel de planification d&rsquo;itin\u00e9raire"}]},{"@type":"WebSite","@id":"https:\/\/logdio.com\/fr\/#website","url":"https:\/\/logdio.com\/fr\/","name":"Logdio - delivery management tool","description":"Next level delivery management software","publisher":{"@id":"https:\/\/logdio.com\/fr\/#organization"},"potentialAction":[{"@type":"SearchAction","target":{"@type":"EntryPoint","urlTemplate":"https:\/\/logdio.com\/fr\/?s={search_term_string}"},"query-input":{"@type":"PropertyValueSpecification","valueRequired":true,"valueName":"search_term_string"}}],"inLanguage":"fr-FR"},{"@type":"Organization","@id":"https:\/\/logdio.com\/fr\/#organization","name":"Logdio","url":"https:\/\/logdio.com\/fr\/","logo":{"@type":"ImageObject","inLanguage":"fr-FR","@id":"https:\/\/logdio.com\/fr\/#\/schema\/logo\/image\/","url":"https:\/\/logdio.com\/wp-content\/uploads\/2021\/05\/Logdio.svg","contentUrl":"https:\/\/logdio.com\/wp-content\/uploads\/2021\/05\/Logdio.svg","width":4.44919,"height":1.1285,"caption":"Logdio"},"image":{"@id":"https:\/\/logdio.com\/fr\/#\/schema\/logo\/image\/"},"sameAs":["https:\/\/www.facebook.com\/logtime.eu\/","https:\/\/www.linkedin.com\/company\/logtime"]}]}},"_links":{"self":[{"href":"https:\/\/logdio.com\/fr\/wp-json\/wp\/v2\/pages\/7494","targetHints":{"allow":["GET"]}}],"collection":[{"href":"https:\/\/logdio.com\/fr\/wp-json\/wp\/v2\/pages"}],"about":[{"href":"https:\/\/logdio.com\/fr\/wp-json\/wp\/v2\/types\/page"}],"author":[{"embeddable":true,"href":"https:\/\/logdio.com\/fr\/wp-json\/wp\/v2\/users\/1"}],"replies":[{"embeddable":true,"href":"https:\/\/logdio.com\/fr\/wp-json\/wp\/v2\/comments?post=7494"}],"version-history":[{"count":4,"href":"https:\/\/logdio.com\/fr\/wp-json\/wp\/v2\/pages\/7494\/revisions"}],"predecessor-version":[{"id":11607,"href":"https:\/\/logdio.com\/fr\/wp-json\/wp\/v2\/pages\/7494\/revisions\/11607"}],"wp:attachment":[{"href":"https:\/\/logdio.com\/fr\/wp-json\/wp\/v2\/media?parent=7494"}],"curies":[{"name":"wp","href":"https:\/\/api.w.org\/{rel}","templated":true}]}}