{"id":7487,"date":"2021-08-23T22:01:41","date_gmt":"2021-08-23T19:01:41","guid":{"rendered":"https:\/\/logdio.com\/preuve-de-livraison\/"},"modified":"2021-09-13T17:12:50","modified_gmt":"2021-09-13T14:12:50","slug":"preuve-de-livraison","status":"publish","type":"page","link":"https:\/\/logdio.com\/fr\/preuve-de-livraison\/","title":{"rendered":"Preuve de livraison"},"content":{"rendered":"\t\t<div data-elementor-type=\"wp-page\" data-elementor-id=\"7487\" class=\"elementor elementor-7487 elementor-1053\" data-elementor-post-type=\"page\">\n\t\t\t\t\t\t<section class=\"has_ma_el_bg_slider elementor-section elementor-top-section elementor-element elementor-element-0fecb16 elementor-section-boxed elementor-section-height-default elementor-section-height-default jltma-glass-effect-no\" data-id=\"0fecb16\" data-element_type=\"section\" data-e-type=\"section\" data-settings=\"{&quot;jet_parallax_layout_list&quot;:[{&quot;jet_parallax_layout_image&quot;:{&quot;url&quot;:&quot;&quot;,&quot;id&quot;:&quot;&quot;,&quot;size&quot;:&quot;&quot;},&quot;_id&quot;:&quot;26d3bd4&quot;,&quot;jet_parallax_layout_image_tablet&quot;:{&quot;url&quot;:&quot;&quot;,&quot;id&quot;:&quot;&quot;,&quot;size&quot;:&quot;&quot;},&quot;jet_parallax_layout_image_mobile&quot;:{&quot;url&quot;:&quot;&quot;,&quot;id&quot;:&quot;&quot;,&quot;size&quot;:&quot;&quot;},&quot;jet_parallax_layout_speed&quot;:{&quot;unit&quot;:&quot;%&quot;,&quot;size&quot;:50,&quot;sizes&quot;:[]},&quot;jet_parallax_layout_type&quot;:&quot;scroll&quot;,&quot;jet_parallax_layout_direction&quot;:null,&quot;jet_parallax_layout_fx_direction&quot;:null,&quot;jet_parallax_layout_z_index&quot;:&quot;&quot;,&quot;jet_parallax_layout_bg_x&quot;:50,&quot;jet_parallax_layout_bg_x_tablet&quot;:&quot;&quot;,&quot;jet_parallax_layout_bg_x_mobile&quot;:&quot;&quot;,&quot;jet_parallax_layout_bg_y&quot;:50,&quot;jet_parallax_layout_bg_y_tablet&quot;:&quot;&quot;,&quot;jet_parallax_layout_bg_y_mobile&quot;:&quot;&quot;,&quot;jet_parallax_layout_bg_size&quot;:&quot;auto&quot;,&quot;jet_parallax_layout_bg_size_tablet&quot;:&quot;&quot;,&quot;jet_parallax_layout_bg_size_mobile&quot;:&quot;&quot;,&quot;jet_parallax_layout_animation_prop&quot;:&quot;transform&quot;,&quot;jet_parallax_layout_on&quot;:[&quot;desktop&quot;,&quot;tablet&quot;]}]}\">\n\t\t\t\t\t\t<div class=\"elementor-container elementor-column-gap-default\">\n\t\t\t\t\t<div class=\"has_ma_el_bg_slider elementor-column elementor-col-100 elementor-top-column elementor-element elementor-element-9bbe2b6 jltma-glass-effect-no\" data-id=\"9bbe2b6\" data-element_type=\"column\" data-e-type=\"column\">\n\t\t\t<div class=\"elementor-widget-wrap elementor-element-populated\">\n\t\t\t\t\t\t<div class=\"elementor-element elementor-element-93204c4 jltma-glass-effect-no elementor-widget elementor-widget-heading\" data-id=\"93204c4\" data-element_type=\"widget\" data-e-type=\"widget\" data-widget_type=\"heading.default\">\n\t\t\t\t<div class=\"elementor-widget-container\">\n\t\t\t\t\t<h1 class=\"elementor-heading-title elementor-size-default\">Preuve de livraison<\/h1>\t\t\t\t<\/div>\n\t\t\t\t<\/div>\n\t\t\t\t\t<\/div>\n\t\t<\/div>\n\t\t\t\t\t<\/div>\n\t\t<\/section>\n\t\t\t\t<section class=\"has_ma_el_bg_slider elementor-section elementor-top-section elementor-element elementor-element-ffa49c8 elementor-section-boxed elementor-section-height-default elementor-section-height-default jltma-glass-effect-no\" data-id=\"ffa49c8\" data-element_type=\"section\" data-e-type=\"section\" data-settings=\"{&quot;jet_parallax_layout_list&quot;:[{&quot;jet_parallax_layout_image&quot;:{&quot;url&quot;:&quot;&quot;,&quot;id&quot;:&quot;&quot;,&quot;size&quot;:&quot;&quot;},&quot;_id&quot;:&quot;883b2bc&quot;,&quot;jet_parallax_layout_image_tablet&quot;:{&quot;url&quot;:&quot;&quot;,&quot;id&quot;:&quot;&quot;,&quot;size&quot;:&quot;&quot;},&quot;jet_parallax_layout_image_mobile&quot;:{&quot;url&quot;:&quot;&quot;,&quot;id&quot;:&quot;&quot;,&quot;size&quot;:&quot;&quot;},&quot;jet_parallax_layout_speed&quot;:{&quot;unit&quot;:&quot;%&quot;,&quot;size&quot;:50,&quot;sizes&quot;:[]},&quot;jet_parallax_layout_type&quot;:&quot;scroll&quot;,&quot;jet_parallax_layout_direction&quot;:null,&quot;jet_parallax_layout_fx_direction&quot;:null,&quot;jet_parallax_layout_z_index&quot;:&quot;&quot;,&quot;jet_parallax_layout_bg_x&quot;:50,&quot;jet_parallax_layout_bg_x_tablet&quot;:&quot;&quot;,&quot;jet_parallax_layout_bg_x_mobile&quot;:&quot;&quot;,&quot;jet_parallax_layout_bg_y&quot;:50,&quot;jet_parallax_layout_bg_y_tablet&quot;:&quot;&quot;,&quot;jet_parallax_layout_bg_y_mobile&quot;:&quot;&quot;,&quot;jet_parallax_layout_bg_size&quot;:&quot;auto&quot;,&quot;jet_parallax_layout_bg_size_tablet&quot;:&quot;&quot;,&quot;jet_parallax_layout_bg_size_mobile&quot;:&quot;&quot;,&quot;jet_parallax_layout_animation_prop&quot;:&quot;transform&quot;,&quot;jet_parallax_layout_on&quot;:[&quot;desktop&quot;,&quot;tablet&quot;]}]}\">\n\t\t\t\t\t\t<div class=\"elementor-container elementor-column-gap-default\">\n\t\t\t\t\t<div class=\"has_ma_el_bg_slider elementor-column elementor-col-100 elementor-top-column elementor-element elementor-element-bf6b3b9 jltma-glass-effect-no\" data-id=\"bf6b3b9\" data-element_type=\"column\" data-e-type=\"column\">\n\t\t\t<div class=\"elementor-widget-wrap elementor-element-populated\">\n\t\t\t\t\t\t<div class=\"elementor-element elementor-element-5d3d529 jltma-glass-effect-no elementor-widget elementor-widget-text-editor\" data-id=\"5d3d529\" data-element_type=\"widget\" data-e-type=\"widget\" data-widget_type=\"text-editor.default\">\n\t\t\t\t<div class=\"elementor-widget-container\">\n\t\t\t\t\t\t\t\t\t<p>De nos jours, les livraisons de commandes sont de plus en plus rapides. L&rsquo;augmentation du nombre de livraisons et les attentes croissantes des clients multiplient la pression sur les entreprises. Parfois, les clients commandent un produit, mais celui-ci arrive en retard ou pas du tout. M\u00eame lorsque la livraison se d\u00e9roule sans probl\u00e8me, ils re\u00e7oivent des marchandises endommag\u00e9es. Dans ces situations, la <strong>preuve de livraison<\/strong> (\u00e9galement connue sous le nom de POD) assure \u00e0 vos clients qu&rsquo;ils ont re\u00e7u ce qu&rsquo;ils ont pay\u00e9 en parfait \u00e9tat.<\/p>\n<p>Ainsi, toute entreprise dont la r\u00e9putation d\u00e9pend de la rapidit\u00e9 et de la qualit\u00e9 de la livraison d&rsquo;un produit ou d&rsquo;un service doit accorder une attention particuli\u00e8re \u00e0 la preuve de livraison. Il satisfera l&rsquo;exp\u00e9rience de livraison tant pour le client que pour l&rsquo;entreprise.<\/p>\n<\/p>\n<h2><strong>Qu&rsquo;est-ce qu&rsquo;une preuve de livraison ?<\/strong><\/h2>\n<p>La preuve de livraison est un accus\u00e9 de r\u00e9ception indiquant que la commande est bien arriv\u00e9e \u00e0 l&rsquo;endroit souhait\u00e9. Si vous avez une entreprise de livraison de nourriture, de logistique, de commerce interentreprises ou de commerce \u00e9lectronique, la livraison \u00e0 domicile est la meilleure option pour vous. Mais il n&rsquo;est pas limit\u00e9 \u00e0 ces deux flux uniquement ; vous pouvez \u00e9galement l&rsquo;utiliser pour montrer que le service a \u00e9t\u00e9 accompli. C&rsquo;est pourquoi la POD est \u00e9galement connue sous le nom de Preuve d&rsquo;ach\u00e8vement (POC).<\/p>\n<p>La POD est disponible sous deux formes :<\/p>\n<h3><strong>1. <\/strong><strong>POD papier : <\/strong> <\/h3>\n<p>Un POD papier est un document physique qui fait office de re\u00e7u. Les clients signent un POD papier lorsqu&rsquo;ils re\u00e7oivent un produit ou un service.<\/p>\n<h3><strong>2. <\/strong><strong>POD \u00e9lectronique : <\/strong> <\/h3>\n<p>De nos jours, les clients sont plus familiers avec le POD \u00e9lectronique. L&rsquo;\u00e9poque o\u00f9 les entreprises devaient attendre que les livreurs reviennent avec des POD en papier ou appeler les clients pour v\u00e9rifier l&rsquo;\u00e9tat de la livraison est r\u00e9volue. Dans la preuve de livraison \u00e9lectronique POD, les clients fournissent des signes \u00e9lectroniques lors de la r\u00e9ception de leurs produits. Tant le client que l&rsquo;exp\u00e9diteur peuvent recevoir des mises \u00e0 jour instantan\u00e9es sur la livraison lorsqu&rsquo;elle est effectu\u00e9e avec succ\u00e8s.<\/p>\n<p>Les POD en papier peuvent \u00eatre perdus ou endommag\u00e9s facilement. Avec le POD \u00e9lectronique, il n&rsquo;est pas n\u00e9cessaire de tenir des registres papier pour confirmer la livraison. Cela permet de r\u00e9duire les efforts manuels et de rendre les choses plus simples.<\/p>\n<\/p>\n<h2><strong>Pourquoi est-ce important ?<\/strong><\/h2>\n<p>La POD est importante pour plusieurs raisons :<\/p>\n<h3><strong>1. <\/strong><strong>Livraison s\u00e9curis\u00e9e de documents importants<\/strong><\/h3>\n<p>Lorsque vous souhaitez envoyer des documents importants (acte de mariage original, acte de naissance, passeport), le POD devient indispensable. Gr\u00e2ce \u00e0 cet outil avanc\u00e9, vos documents seront remis au bon endroit et aux autorit\u00e9s comp\u00e9tentes. Ainsi, si les documents sont perdus, vous pouvez facilement retrouver l&rsquo;endroit o\u00f9 l&rsquo;erreur s&rsquo;est produite.<\/p>\n<h3><strong>2. <\/strong><strong>Compl\u00e8te la cha\u00eene de possession :<\/strong><\/h3>\n<p>La responsabilit\u00e9 est essentielle dans les livraisons interentreprises, m\u00eame si le colis est arriv\u00e9 \u00e0 destination. La livraison \u00e0 domicile compl\u00e8te la cha\u00eene de contr\u00f4le et garantit que les marchandises sont livr\u00e9es au bon destinataire. Ce service est plus avantageux lorsque vous devez livrer des produits \u00e0 des entreprises comptant plusieurs d\u00e9partements.<\/p>\n<h3><strong>3. <\/strong><strong>Pr\u00e9venir les litiges <\/strong> <\/h3>\n<p>POD permet une interaction sans contact si les clients ne sont pas chez eux. Cette option permet d&rsquo;\u00e9viter les litiges entre clients et fournisseurs, car le chauffeur prendra une photo pour prouver que l&rsquo;article est bien arriv\u00e9 \u00e0 l&rsquo;adresse de l&rsquo;acheteur. POD permet de recevoir une confirmation du fait que la commande a \u00e9t\u00e9 accept\u00e9e par le client gr\u00e2ce \u00e0 la signature \u00e9lectronique de ce dernier sur l&rsquo;\u00e9cran du smartphone du coursier, ainsi que de photographier le fait de la livraison de la commande. L&rsquo;utilisation du m\u00e9canisme de photofixation vous permettra \u00e9galement de r\u00e9soudre rapidement la situation en cas d&rsquo;endommagement\/de transport de marchandises. De cette mani\u00e8re, POD prot\u00e8ge le personnel de livraison contre les commentaires n\u00e9gatifs ou les fausses all\u00e9gations des clients.<\/p>\n<h3><strong>4. <\/strong><strong>R\u00e9duit les doublons, les fraudes et les retards de paiement.<\/strong><\/h3>\n<p>En outre, la livraison \u00e0 domicile permet de r\u00e9duire les cas de fraude, les articles en double et les frais de retard de paiement factur\u00e9s par les vendeurs pour les produits non encore livr\u00e9s.<\/p>\n<h3><strong>5. <\/strong><strong>Am\u00e9liore la tra\u00e7abilit\u00e9<\/strong><\/h3>\n<p>Un syst\u00e8me \u00e9lectronique POD apporte la transparence en am\u00e9liorant la tra\u00e7abilit\u00e9 des envois tout au long de votre cha\u00eene d&rsquo;approvisionnement. Il permet un meilleur suivi de la progression de la livraison, ce qui permet aux entreprises d&rsquo;identifier facilement les probl\u00e8mes de livraison pertinents avant qu&rsquo;ils ne deviennent des responsabilit\u00e9s importantes.<\/p>\n<h3><strong>6. <\/strong><strong>Augmente la pr\u00e9cision des stocks :<\/strong><\/h3>\n<p>Gr\u00e2ce \u00e0 la preuve de livraison, les entreprises restent organis\u00e9es et conservent une trace des livraisons et des retours r\u00e9ussis. Cela aide l&rsquo;\u00e9quipe de l&rsquo;entrep\u00f4t \u00e0 mieux g\u00e9rer les niveaux de stock et \u00e0 accro\u00eetre la pr\u00e9cision des stocks.<\/p>\n<h3><strong>7. <\/strong><strong>Aide \u00e0 suivre l&rsquo;\u00e9volution de la livraison<\/strong><\/h3>\n<p>Le POD \u00e9lectronique simplifie les processus de livraison en offrant une fonction de suivi de la progression de la livraison. Lorsqu&rsquo;un chauffeur est sur le terrain, vous prouverez qu&rsquo;il s&rsquo;est arr\u00eat\u00e9 pour effectuer la livraison. Ainsi, vous pouvez am\u00e9liorer l&rsquo;ensemble des op\u00e9rations sur le terrain et hors du terrain gr\u00e2ce \u00e0 la POD \u00e9lectronique.<\/p>\n<h3><strong>8. <\/strong><strong>Am\u00e9liore l&rsquo;exp\u00e9rience client<\/strong><\/h3>\n<p>Les clients disposent d&rsquo;un large \u00e9ventail d&rsquo;options d&rsquo;achat. Les entreprises qui offrent une exp\u00e9rience personnalis\u00e9e et fiable se taillent la part du lion dans la fid\u00e9lit\u00e9 de leurs clients. La POD permet d&rsquo;am\u00e9liorer le service \u00e0 la client\u00e8le et d&rsquo;enrichir l&rsquo;exp\u00e9rience des clients. Vous pouvez fid\u00e9liser vos clients, am\u00e9liorer l&rsquo;image de marque de votre entreprise et augmenter le taux de r\u00e9tention des clients.<\/p>\n<h3><strong>9. <\/strong><strong>Gagner du temps<\/strong><\/h3>\n<p>Nous vivons au XXIe si\u00e8cle depuis longtemps, et il est inacceptable pour de nombreux acheteurs d&rsquo;attendre un coursier pendant la journ\u00e9e. Sur la base des informations du syst\u00e8me de planification et de contr\u00f4le des mouvements des coursiers, vous pouvez informer automatiquement les clients du d\u00e9lai de livraison !<\/p>\n<\/p>\n<h2><strong>Pourquoi choisir le syst\u00e8me Logdis POD ?<\/strong><\/h2>\n<p>Les probl\u00e8mes de livraison sont peut-\u00eatre la raison la plus courante des avis n\u00e9gatifs et de la n\u00e9gativit\u00e9 \u00e0 l&rsquo;\u00e9gard d&rsquo;un magasin. Et vice versa, une livraison rapide, l&rsquo;absence d&rsquo;attente d&rsquo;un coursier pendant la journ\u00e9e, des informations sur l&rsquo;\u00e9tat d&rsquo;avancement de la livraison &#8211; tout cela cr\u00e9e une bonne impression et fait du client un habitu\u00e9. Un tel client sera heureux de revenir, de recommander le magasin \u00e0 ses amis et coll\u00e8gues et d&rsquo;\u00e9crire des commentaires positifs en ligne. Le syst\u00e8me Logdis POD contribue \u00e0 la r\u00e9alisation de cet objectif.<\/p>\n<p>Nous parlons du service en ligne logdio.com, qui simplifie grandement la gestion des coursiers et r\u00e9duit le temps d&rsquo;attente du client. En outre, il rend transparentes les informations sur l&rsquo;\u00e9tat de la livraison de chaque commande, non seulement pour le responsable de la livraison mais aussi, si on le souhaite, pour les clients.<\/p>\n<p>Ce logiciel contient toutes les informations sur les commandes, les clients, les marchandises, les paiements, etc. Le poste de travail de l&rsquo;administrateur vous permet de voir l&#8217;emplacement des coursiers et des commandes sur la carte, de recevoir une pr\u00e9vision sur l&rsquo;heure d&rsquo;arriv\u00e9e du coursier chez le client.<\/p>\n<p>Nous sommes int\u00e9ress\u00e9s par les r\u00e9actions, les recommandations et les souhaits qui nous permettront de faire de ce service un outil pratique et pr\u00e9cieux. Si vous souhaitez mettre en place une preuve de livraison POD dans votre entreprise, <a href=\"https:\/\/logdio.com\/fr\/preuve-de-livraison\/\">achetez nos services<\/a>.<\/p><\/p>\n\t\t\t\t\t\t\t\t<\/div>\n\t\t\t\t<\/div>\n\t\t\t\t\t<\/div>\n\t\t<\/div>\n\t\t\t\t\t<\/div>\n\t\t<\/section>\n\t\t\t\t<\/div>\n\t\t","protected":false},"excerpt":{"rendered":"<p>Preuve de livraison De nos jours, les livraisons de commandes sont de plus en plus rapides. L&rsquo;augmentation du nombre de livraisons et les attentes croissantes des clients multiplient la pression sur les entreprises. Parfois, les clients commandent un produit, mais celui-ci arrive en retard ou pas du tout. M\u00eame lorsque la livraison se d\u00e9roule sans [&hellip;]<\/p>\n","protected":false},"author":1,"featured_media":0,"parent":0,"menu_order":0,"comment_status":"closed","ping_status":"closed","template":"elementor_header_footer","meta":{"footnotes":""},"class_list":["post-7487","page","type-page","status-publish","hentry"],"yoast_head":"<!-- This site is optimized with the Yoast SEO plugin v26.8 - https:\/\/yoast.com\/product\/yoast-seo-wordpress\/ -->\n<title>Preuve de livraison - Logdio - delivery management tool<\/title>\n<meta name=\"description\" content=\"Fournir une preuve de livraison aux clients avec le syst\u00e8me Logdis. Il comprend des photos et des signatures. ainsi que des coordonn\u00e9es et des donn\u00e9es temporelles.\" \/>\n<meta name=\"robots\" content=\"index, follow, max-snippet:-1, max-image-preview:large, max-video-preview:-1\" \/>\n<link rel=\"canonical\" href=\"https:\/\/logdio.com\/fr\/preuve-de-livraison\/\" \/>\n<meta property=\"og:locale\" content=\"fr_FR\" \/>\n<meta property=\"og:type\" content=\"article\" \/>\n<meta property=\"og:title\" content=\"Preuve de livraison - Logdio - delivery management tool\" \/>\n<meta property=\"og:description\" content=\"Fournir une preuve de livraison aux clients avec le syst\u00e8me Logdis. Il comprend des photos et des signatures. ainsi que des coordonn\u00e9es et des donn\u00e9es temporelles.\" \/>\n<meta property=\"og:url\" content=\"https:\/\/logdio.com\/fr\/preuve-de-livraison\/\" \/>\n<meta property=\"og:site_name\" content=\"Logdio - delivery management tool\" \/>\n<meta property=\"article:publisher\" content=\"https:\/\/www.facebook.com\/logtime.eu\/\" \/>\n<meta property=\"article:modified_time\" content=\"2021-09-13T14:12:50+00:00\" \/>\n<meta name=\"twitter:card\" content=\"summary_large_image\" \/>\n<meta name=\"twitter:label1\" content=\"Dur\u00e9e de lecture estim\u00e9e\" \/>\n\t<meta name=\"twitter:data1\" content=\"6 minutes\" \/>\n<script type=\"application\/ld+json\" class=\"yoast-schema-graph\">{\"@context\":\"https:\/\/schema.org\",\"@graph\":[{\"@type\":\"WebPage\",\"@id\":\"https:\/\/logdio.com\/fr\/preuve-de-livraison\/\",\"url\":\"https:\/\/logdio.com\/fr\/preuve-de-livraison\/\",\"name\":\"Preuve de livraison - Logdio - delivery management tool\",\"isPartOf\":{\"@id\":\"https:\/\/logdio.com\/fr\/#website\"},\"datePublished\":\"2021-08-23T19:01:41+00:00\",\"dateModified\":\"2021-09-13T14:12:50+00:00\",\"description\":\"Fournir une preuve de livraison aux clients avec le syst\u00e8me Logdis. Il comprend des photos et des signatures. ainsi que des coordonn\u00e9es et des donn\u00e9es temporelles.\",\"breadcrumb\":{\"@id\":\"https:\/\/logdio.com\/fr\/preuve-de-livraison\/#breadcrumb\"},\"inLanguage\":\"fr-FR\",\"potentialAction\":[{\"@type\":\"ReadAction\",\"target\":[\"https:\/\/logdio.com\/fr\/preuve-de-livraison\/\"]}]},{\"@type\":\"BreadcrumbList\",\"@id\":\"https:\/\/logdio.com\/fr\/preuve-de-livraison\/#breadcrumb\",\"itemListElement\":[{\"@type\":\"ListItem\",\"position\":1,\"name\":\"Home\",\"item\":\"https:\/\/logdio.com\/fr\/page-de-destination\/\"},{\"@type\":\"ListItem\",\"position\":2,\"name\":\"Preuve de livraison\"}]},{\"@type\":\"WebSite\",\"@id\":\"https:\/\/logdio.com\/fr\/#website\",\"url\":\"https:\/\/logdio.com\/fr\/\",\"name\":\"Logdio - delivery management tool\",\"description\":\"Next level delivery management software\",\"publisher\":{\"@id\":\"https:\/\/logdio.com\/fr\/#organization\"},\"potentialAction\":[{\"@type\":\"SearchAction\",\"target\":{\"@type\":\"EntryPoint\",\"urlTemplate\":\"https:\/\/logdio.com\/fr\/?s={search_term_string}\"},\"query-input\":{\"@type\":\"PropertyValueSpecification\",\"valueRequired\":true,\"valueName\":\"search_term_string\"}}],\"inLanguage\":\"fr-FR\"},{\"@type\":\"Organization\",\"@id\":\"https:\/\/logdio.com\/fr\/#organization\",\"name\":\"Logdio\",\"url\":\"https:\/\/logdio.com\/fr\/\",\"logo\":{\"@type\":\"ImageObject\",\"inLanguage\":\"fr-FR\",\"@id\":\"https:\/\/logdio.com\/fr\/#\/schema\/logo\/image\/\",\"url\":\"https:\/\/logdio.com\/wp-content\/uploads\/2021\/05\/Logdio.svg\",\"contentUrl\":\"https:\/\/logdio.com\/wp-content\/uploads\/2021\/05\/Logdio.svg\",\"width\":4.44919,\"height\":1.1285,\"caption\":\"Logdio\"},\"image\":{\"@id\":\"https:\/\/logdio.com\/fr\/#\/schema\/logo\/image\/\"},\"sameAs\":[\"https:\/\/www.facebook.com\/logtime.eu\/\",\"https:\/\/www.linkedin.com\/company\/logtime\"]}]}<\/script>\n<!-- \/ Yoast SEO plugin. -->","yoast_head_json":{"title":"Preuve de livraison - Logdio - delivery management tool","description":"Fournir une preuve de livraison aux clients avec le syst\u00e8me Logdis. Il comprend des photos et des signatures. ainsi que des coordonn\u00e9es et des donn\u00e9es temporelles.","robots":{"index":"index","follow":"follow","max-snippet":"max-snippet:-1","max-image-preview":"max-image-preview:large","max-video-preview":"max-video-preview:-1"},"canonical":"https:\/\/logdio.com\/fr\/preuve-de-livraison\/","og_locale":"fr_FR","og_type":"article","og_title":"Preuve de livraison - Logdio - delivery management tool","og_description":"Fournir une preuve de livraison aux clients avec le syst\u00e8me Logdis. Il comprend des photos et des signatures. ainsi que des coordonn\u00e9es et des donn\u00e9es temporelles.","og_url":"https:\/\/logdio.com\/fr\/preuve-de-livraison\/","og_site_name":"Logdio - delivery management tool","article_publisher":"https:\/\/www.facebook.com\/logtime.eu\/","article_modified_time":"2021-09-13T14:12:50+00:00","twitter_card":"summary_large_image","twitter_misc":{"Dur\u00e9e de lecture estim\u00e9e":"6 minutes"},"schema":{"@context":"https:\/\/schema.org","@graph":[{"@type":"WebPage","@id":"https:\/\/logdio.com\/fr\/preuve-de-livraison\/","url":"https:\/\/logdio.com\/fr\/preuve-de-livraison\/","name":"Preuve de livraison - Logdio - delivery management tool","isPartOf":{"@id":"https:\/\/logdio.com\/fr\/#website"},"datePublished":"2021-08-23T19:01:41+00:00","dateModified":"2021-09-13T14:12:50+00:00","description":"Fournir une preuve de livraison aux clients avec le syst\u00e8me Logdis. Il comprend des photos et des signatures. ainsi que des coordonn\u00e9es et des donn\u00e9es temporelles.","breadcrumb":{"@id":"https:\/\/logdio.com\/fr\/preuve-de-livraison\/#breadcrumb"},"inLanguage":"fr-FR","potentialAction":[{"@type":"ReadAction","target":["https:\/\/logdio.com\/fr\/preuve-de-livraison\/"]}]},{"@type":"BreadcrumbList","@id":"https:\/\/logdio.com\/fr\/preuve-de-livraison\/#breadcrumb","itemListElement":[{"@type":"ListItem","position":1,"name":"Home","item":"https:\/\/logdio.com\/fr\/page-de-destination\/"},{"@type":"ListItem","position":2,"name":"Preuve de livraison"}]},{"@type":"WebSite","@id":"https:\/\/logdio.com\/fr\/#website","url":"https:\/\/logdio.com\/fr\/","name":"Logdio - delivery management tool","description":"Next level delivery management software","publisher":{"@id":"https:\/\/logdio.com\/fr\/#organization"},"potentialAction":[{"@type":"SearchAction","target":{"@type":"EntryPoint","urlTemplate":"https:\/\/logdio.com\/fr\/?s={search_term_string}"},"query-input":{"@type":"PropertyValueSpecification","valueRequired":true,"valueName":"search_term_string"}}],"inLanguage":"fr-FR"},{"@type":"Organization","@id":"https:\/\/logdio.com\/fr\/#organization","name":"Logdio","url":"https:\/\/logdio.com\/fr\/","logo":{"@type":"ImageObject","inLanguage":"fr-FR","@id":"https:\/\/logdio.com\/fr\/#\/schema\/logo\/image\/","url":"https:\/\/logdio.com\/wp-content\/uploads\/2021\/05\/Logdio.svg","contentUrl":"https:\/\/logdio.com\/wp-content\/uploads\/2021\/05\/Logdio.svg","width":4.44919,"height":1.1285,"caption":"Logdio"},"image":{"@id":"https:\/\/logdio.com\/fr\/#\/schema\/logo\/image\/"},"sameAs":["https:\/\/www.facebook.com\/logtime.eu\/","https:\/\/www.linkedin.com\/company\/logtime"]}]}},"_links":{"self":[{"href":"https:\/\/logdio.com\/fr\/wp-json\/wp\/v2\/pages\/7487","targetHints":{"allow":["GET"]}}],"collection":[{"href":"https:\/\/logdio.com\/fr\/wp-json\/wp\/v2\/pages"}],"about":[{"href":"https:\/\/logdio.com\/fr\/wp-json\/wp\/v2\/types\/page"}],"author":[{"embeddable":true,"href":"https:\/\/logdio.com\/fr\/wp-json\/wp\/v2\/users\/1"}],"replies":[{"embeddable":true,"href":"https:\/\/logdio.com\/fr\/wp-json\/wp\/v2\/comments?post=7487"}],"version-history":[{"count":3,"href":"https:\/\/logdio.com\/fr\/wp-json\/wp\/v2\/pages\/7487\/revisions"}],"predecessor-version":[{"id":13857,"href":"https:\/\/logdio.com\/fr\/wp-json\/wp\/v2\/pages\/7487\/revisions\/13857"}],"wp:attachment":[{"href":"https:\/\/logdio.com\/fr\/wp-json\/wp\/v2\/media?parent=7487"}],"curies":[{"name":"wp","href":"https:\/\/api.w.org\/{rel}","templated":true}]}}