{"id":7446,"date":"2021-08-23T22:01:29","date_gmt":"2021-08-23T19:01:29","guid":{"rendered":"https:\/\/logdio.com\/logiciel-de-demenagement\/"},"modified":"2021-09-13T17:11:57","modified_gmt":"2021-09-13T14:11:57","slug":"logiciel-de-demenagement","status":"publish","type":"page","link":"https:\/\/logdio.com\/fr\/logiciel-de-demenagement\/","title":{"rendered":"Logiciel de d\u00e9m\u00e9nagement"},"content":{"rendered":"\t\t<div data-elementor-type=\"wp-page\" data-elementor-id=\"7446\" class=\"elementor elementor-7446 elementor-1057\" data-elementor-post-type=\"page\">\n\t\t\t\t\t\t<section class=\"has_ma_el_bg_slider elementor-section elementor-top-section elementor-element elementor-element-4c6dc8e elementor-section-boxed elementor-section-height-default elementor-section-height-default jltma-glass-effect-no\" data-id=\"4c6dc8e\" data-element_type=\"section\" data-e-type=\"section\" data-settings=\"{&quot;jet_parallax_layout_list&quot;:[{&quot;jet_parallax_layout_image&quot;:{&quot;url&quot;:&quot;&quot;,&quot;id&quot;:&quot;&quot;,&quot;size&quot;:&quot;&quot;},&quot;_id&quot;:&quot;0cca513&quot;,&quot;jet_parallax_layout_image_tablet&quot;:{&quot;url&quot;:&quot;&quot;,&quot;id&quot;:&quot;&quot;,&quot;size&quot;:&quot;&quot;},&quot;jet_parallax_layout_image_mobile&quot;:{&quot;url&quot;:&quot;&quot;,&quot;id&quot;:&quot;&quot;,&quot;size&quot;:&quot;&quot;},&quot;jet_parallax_layout_speed&quot;:{&quot;unit&quot;:&quot;%&quot;,&quot;size&quot;:50,&quot;sizes&quot;:[]},&quot;jet_parallax_layout_type&quot;:&quot;scroll&quot;,&quot;jet_parallax_layout_direction&quot;:null,&quot;jet_parallax_layout_fx_direction&quot;:null,&quot;jet_parallax_layout_z_index&quot;:&quot;&quot;,&quot;jet_parallax_layout_bg_x&quot;:50,&quot;jet_parallax_layout_bg_x_tablet&quot;:&quot;&quot;,&quot;jet_parallax_layout_bg_x_mobile&quot;:&quot;&quot;,&quot;jet_parallax_layout_bg_y&quot;:50,&quot;jet_parallax_layout_bg_y_tablet&quot;:&quot;&quot;,&quot;jet_parallax_layout_bg_y_mobile&quot;:&quot;&quot;,&quot;jet_parallax_layout_bg_size&quot;:&quot;auto&quot;,&quot;jet_parallax_layout_bg_size_tablet&quot;:&quot;&quot;,&quot;jet_parallax_layout_bg_size_mobile&quot;:&quot;&quot;,&quot;jet_parallax_layout_animation_prop&quot;:&quot;transform&quot;,&quot;jet_parallax_layout_on&quot;:[&quot;desktop&quot;,&quot;tablet&quot;]}]}\">\n\t\t\t\t\t\t<div class=\"elementor-container elementor-column-gap-default\">\n\t\t\t\t\t<div class=\"has_ma_el_bg_slider elementor-column elementor-col-100 elementor-top-column elementor-element elementor-element-d0dcb32 jltma-glass-effect-no\" data-id=\"d0dcb32\" data-element_type=\"column\" data-e-type=\"column\">\n\t\t\t<div class=\"elementor-widget-wrap elementor-element-populated\">\n\t\t\t\t\t\t<div class=\"elementor-element elementor-element-39d830a jltma-glass-effect-no elementor-widget elementor-widget-heading\" data-id=\"39d830a\" data-element_type=\"widget\" data-e-type=\"widget\" data-widget_type=\"heading.default\">\n\t\t\t\t<div class=\"elementor-widget-container\">\n\t\t\t\t\t<h1 class=\"elementor-heading-title elementor-size-default\">Logiciel de d\u00e9m\u00e9nagement<\/h1>\t\t\t\t<\/div>\n\t\t\t\t<\/div>\n\t\t\t\t\t<\/div>\n\t\t<\/div>\n\t\t\t\t\t<\/div>\n\t\t<\/section>\n\t\t\t\t<section class=\"has_ma_el_bg_slider elementor-section elementor-top-section elementor-element elementor-element-dbf48eb elementor-section-boxed elementor-section-height-default elementor-section-height-default jltma-glass-effect-no\" data-id=\"dbf48eb\" data-element_type=\"section\" data-e-type=\"section\" data-settings=\"{&quot;jet_parallax_layout_list&quot;:[{&quot;jet_parallax_layout_image&quot;:{&quot;url&quot;:&quot;&quot;,&quot;id&quot;:&quot;&quot;,&quot;size&quot;:&quot;&quot;},&quot;_id&quot;:&quot;d626da6&quot;,&quot;jet_parallax_layout_image_tablet&quot;:{&quot;url&quot;:&quot;&quot;,&quot;id&quot;:&quot;&quot;,&quot;size&quot;:&quot;&quot;},&quot;jet_parallax_layout_image_mobile&quot;:{&quot;url&quot;:&quot;&quot;,&quot;id&quot;:&quot;&quot;,&quot;size&quot;:&quot;&quot;},&quot;jet_parallax_layout_speed&quot;:{&quot;unit&quot;:&quot;%&quot;,&quot;size&quot;:50,&quot;sizes&quot;:[]},&quot;jet_parallax_layout_type&quot;:&quot;scroll&quot;,&quot;jet_parallax_layout_direction&quot;:null,&quot;jet_parallax_layout_fx_direction&quot;:null,&quot;jet_parallax_layout_z_index&quot;:&quot;&quot;,&quot;jet_parallax_layout_bg_x&quot;:50,&quot;jet_parallax_layout_bg_x_tablet&quot;:&quot;&quot;,&quot;jet_parallax_layout_bg_x_mobile&quot;:&quot;&quot;,&quot;jet_parallax_layout_bg_y&quot;:50,&quot;jet_parallax_layout_bg_y_tablet&quot;:&quot;&quot;,&quot;jet_parallax_layout_bg_y_mobile&quot;:&quot;&quot;,&quot;jet_parallax_layout_bg_size&quot;:&quot;auto&quot;,&quot;jet_parallax_layout_bg_size_tablet&quot;:&quot;&quot;,&quot;jet_parallax_layout_bg_size_mobile&quot;:&quot;&quot;,&quot;jet_parallax_layout_animation_prop&quot;:&quot;transform&quot;,&quot;jet_parallax_layout_on&quot;:[&quot;desktop&quot;,&quot;tablet&quot;]}]}\">\n\t\t\t\t\t\t<div class=\"elementor-container elementor-column-gap-default\">\n\t\t\t\t\t<div class=\"has_ma_el_bg_slider elementor-column elementor-col-100 elementor-top-column elementor-element elementor-element-07ff841 jltma-glass-effect-no\" data-id=\"07ff841\" data-element_type=\"column\" data-e-type=\"column\">\n\t\t\t<div class=\"elementor-widget-wrap elementor-element-populated\">\n\t\t\t\t\t\t<div class=\"elementor-element elementor-element-6003307 jltma-glass-effect-no elementor-widget elementor-widget-text-editor\" data-id=\"6003307\" data-element_type=\"widget\" data-e-type=\"widget\" data-widget_type=\"text-editor.default\">\n\t\t\t\t<div class=\"elementor-widget-container\">\n\t\t\t\t\t\t\t\t\t<p>Un d\u00e9m\u00e9nagement n&rsquo;est jamais une exp\u00e9rience formidable, m\u00eame si vous essayez de la rendre int\u00e9ressante. Tout emballer et transporter est vraiment d\u00e9sagr\u00e9able. Mais pour une entreprise de d\u00e9m\u00e9nagement, il ne s&rsquo;agit pas d&rsquo;une exp\u00e9rience stressante mais d&rsquo;une journ\u00e9e de travail comme les autres. L&rsquo;entreprise de d\u00e9m\u00e9nagement a donc besoin d&rsquo;un logiciel de d\u00e9m\u00e9nagement qui augmente son efficacit\u00e9.  <\/p>\n<\/p>\n<h2><strong>Qu&rsquo;est-ce qu&rsquo;un logiciel de d\u00e9m\u00e9nagement ?<\/strong><\/h2>\n<p>Le logiciel pour entreprise de d\u00e9m\u00e9nagement est l&rsquo;outil dont votre entreprise a besoin. Que vous g\u00e9riez une entreprise individuelle ou que vous ayez des franchises dans tout le pays, un logiciel de d\u00e9m\u00e9nagement peut maximiser vos ventes, votre marketing, vos op\u00e9rations et vos b\u00e9n\u00e9fices.<\/p>\n<p>De plus, un logiciel de d\u00e9m\u00e9nagement intelligent vous aide \u00e0 optimiser vos op\u00e9rations, \u00e0 remporter plus de victoires, \u00e0 renforcer la responsabilit\u00e9, \u00e0 am\u00e9liorer la qualit\u00e9 du service et \u00e0 atteindre votre plein potentiel de rentabilit\u00e9.<\/p>\n<p>Ce logiciel est capable de r\u00e9aliser les fonctions suivantes :<\/p>\n<ul>\n<li>Gestion des ordres de travail<\/li>\n<li>Prise de rendez-vous<\/li>\n<li>Gestion des contacts<\/li>\n<li>Comptes \u00e0 payer et \u00e0 recevoir  <\/li>\n<li>Fournitures de travail et calculateur d&rsquo;estimation<\/li>\n<\/ul>\n<p>Ces comp\u00e9tences peuvent aider les entreprises du d\u00e9but \u00e0 la fin du travail. Le logiciel de d\u00e9m\u00e9nagement comprend \u00e9galement des capacit\u00e9s de marketing qui vous aident \u00e0 \u00e9tablir des relations avec vos clients.  <\/p>\n<\/p>\n<h2><strong>Quel logiciel de d\u00e9m\u00e9nagement utiliser ?<\/strong> <\/h2>\n<p>Le logiciel de d\u00e9m\u00e9nagement augmente consid\u00e9rablement la capacit\u00e9 de l&rsquo;entreprise \u00e0 offrir des exp\u00e9riences agr\u00e9ables \u00e0 ses clients. Mais il existe sur le march\u00e9 des tonnes de logiciels destin\u00e9s aux entreprises de d\u00e9m\u00e9nagement. Le choix de la meilleure option peut \u00eatre une t\u00e2che difficile.  <\/p>\n<p>Nous vous sugg\u00e9rons ici d&rsquo;essayer Lodgio. Que vous d\u00e9marriez ou que vous soyez un chef d&rsquo;entreprise exp\u00e9riment\u00e9, Logdio offre les ressources et le soutien d&rsquo;experts pour assurer votre succ\u00e8s.<\/p>\n<p>La gestion de la relation client de l&rsquo;entreprise de d\u00e9m\u00e9nagement vous permettra de g\u00e9rer toutes les t\u00e2ches telles que la r\u00e9partition, le suivi GPS et la cl\u00f4ture des d\u00e9m\u00e9nagements au moyen d&rsquo;un appareil mobile. Vous pouvez \u00e9galement essayer gratuitement pendant 14 jours et constater les r\u00e9sultats.  <\/p>\n<p>Si vous avez des questions concernant le logiciel de d\u00e9m\u00e9nagement, n&rsquo;h\u00e9sitez pas \u00e0 nous contacter.  <\/p><\/p>\n\t\t\t\t\t\t\t\t<\/div>\n\t\t\t\t<\/div>\n\t\t\t\t\t<\/div>\n\t\t<\/div>\n\t\t\t\t\t<\/div>\n\t\t<\/section>\n\t\t\t\t<\/div>\n\t\t","protected":false},"excerpt":{"rendered":"<p>Un d\u00e9m\u00e9nagement n&rsquo;est jamais une exp\u00e9rience formidable, m\u00eame si vous essayez de la rendre int\u00e9ressante. Tout emballer et transporter est vraiment d\u00e9sagr\u00e9able. Mais pour une entreprise de d\u00e9m\u00e9nagement, il ne s&rsquo;agit pas d&rsquo;une exp\u00e9rience stressante mais d&rsquo;une journ\u00e9e de travail comme les autres. L&rsquo;entreprise de d\u00e9m\u00e9nagement a donc besoin d&rsquo;un logiciel de d\u00e9m\u00e9nagement qui augmente [&hellip;]<\/p>\n","protected":false},"author":1,"featured_media":0,"parent":0,"menu_order":0,"comment_status":"closed","ping_status":"closed","template":"elementor_header_footer","meta":{"footnotes":""},"class_list":["post-7446","page","type-page","status-publish","hentry"],"yoast_head":"<!-- This site is optimized with the Yoast SEO plugin v26.8 - https:\/\/yoast.com\/product\/yoast-seo-wordpress\/ -->\n<title>Logiciel de d\u00e9m\u00e9nagement - Logdio - delivery management tool<\/title>\n<meta name=\"description\" content=\"La planification des capacit\u00e9s est un processus qui permet de d\u00e9terminer si vous disposez des comp\u00e9tences et des fournitures n\u00e9cessaires pour effectuer le travail.\" \/>\n<meta name=\"robots\" content=\"index, follow, max-snippet:-1, max-image-preview:large, max-video-preview:-1\" \/>\n<link rel=\"canonical\" href=\"https:\/\/logdio.com\/fr\/logiciel-de-demenagement\/\" \/>\n<meta property=\"og:locale\" content=\"fr_FR\" \/>\n<meta property=\"og:type\" content=\"article\" \/>\n<meta property=\"og:title\" content=\"Logiciel de d\u00e9m\u00e9nagement - Logdio - delivery management tool\" \/>\n<meta property=\"og:description\" content=\"La planification des capacit\u00e9s est un processus qui permet de d\u00e9terminer si vous disposez des comp\u00e9tences et des fournitures n\u00e9cessaires pour effectuer le travail.\" \/>\n<meta property=\"og:url\" content=\"https:\/\/logdio.com\/fr\/logiciel-de-demenagement\/\" \/>\n<meta property=\"og:site_name\" content=\"Logdio - delivery management tool\" \/>\n<meta property=\"article:publisher\" content=\"https:\/\/www.facebook.com\/logtime.eu\/\" \/>\n<meta property=\"article:modified_time\" content=\"2021-09-13T14:11:57+00:00\" \/>\n<meta name=\"twitter:card\" content=\"summary_large_image\" \/>\n<meta name=\"twitter:label1\" content=\"Dur\u00e9e de lecture estim\u00e9e\" \/>\n\t<meta name=\"twitter:data1\" content=\"2 minutes\" \/>\n<script type=\"application\/ld+json\" class=\"yoast-schema-graph\">{\"@context\":\"https:\/\/schema.org\",\"@graph\":[{\"@type\":\"WebPage\",\"@id\":\"https:\/\/logdio.com\/fr\/logiciel-de-demenagement\/\",\"url\":\"https:\/\/logdio.com\/fr\/logiciel-de-demenagement\/\",\"name\":\"Logiciel de d\u00e9m\u00e9nagement - Logdio - delivery management tool\",\"isPartOf\":{\"@id\":\"https:\/\/logdio.com\/fr\/#website\"},\"datePublished\":\"2021-08-23T19:01:29+00:00\",\"dateModified\":\"2021-09-13T14:11:57+00:00\",\"description\":\"La planification des capacit\u00e9s est un processus qui permet de d\u00e9terminer si vous disposez des comp\u00e9tences et des fournitures n\u00e9cessaires pour effectuer le travail.\",\"breadcrumb\":{\"@id\":\"https:\/\/logdio.com\/fr\/logiciel-de-demenagement\/#breadcrumb\"},\"inLanguage\":\"fr-FR\",\"potentialAction\":[{\"@type\":\"ReadAction\",\"target\":[\"https:\/\/logdio.com\/fr\/logiciel-de-demenagement\/\"]}]},{\"@type\":\"BreadcrumbList\",\"@id\":\"https:\/\/logdio.com\/fr\/logiciel-de-demenagement\/#breadcrumb\",\"itemListElement\":[{\"@type\":\"ListItem\",\"position\":1,\"name\":\"Home\",\"item\":\"https:\/\/logdio.com\/fr\/page-de-destination\/\"},{\"@type\":\"ListItem\",\"position\":2,\"name\":\"Logiciel de d\u00e9m\u00e9nagement\"}]},{\"@type\":\"WebSite\",\"@id\":\"https:\/\/logdio.com\/fr\/#website\",\"url\":\"https:\/\/logdio.com\/fr\/\",\"name\":\"Logdio - delivery management tool\",\"description\":\"Next level delivery management software\",\"publisher\":{\"@id\":\"https:\/\/logdio.com\/fr\/#organization\"},\"potentialAction\":[{\"@type\":\"SearchAction\",\"target\":{\"@type\":\"EntryPoint\",\"urlTemplate\":\"https:\/\/logdio.com\/fr\/?s={search_term_string}\"},\"query-input\":{\"@type\":\"PropertyValueSpecification\",\"valueRequired\":true,\"valueName\":\"search_term_string\"}}],\"inLanguage\":\"fr-FR\"},{\"@type\":\"Organization\",\"@id\":\"https:\/\/logdio.com\/fr\/#organization\",\"name\":\"Logdio\",\"url\":\"https:\/\/logdio.com\/fr\/\",\"logo\":{\"@type\":\"ImageObject\",\"inLanguage\":\"fr-FR\",\"@id\":\"https:\/\/logdio.com\/fr\/#\/schema\/logo\/image\/\",\"url\":\"https:\/\/logdio.com\/wp-content\/uploads\/2021\/05\/Logdio.svg\",\"contentUrl\":\"https:\/\/logdio.com\/wp-content\/uploads\/2021\/05\/Logdio.svg\",\"width\":4.44919,\"height\":1.1285,\"caption\":\"Logdio\"},\"image\":{\"@id\":\"https:\/\/logdio.com\/fr\/#\/schema\/logo\/image\/\"},\"sameAs\":[\"https:\/\/www.facebook.com\/logtime.eu\/\",\"https:\/\/www.linkedin.com\/company\/logtime\"]}]}<\/script>\n<!-- \/ Yoast SEO plugin. -->","yoast_head_json":{"title":"Logiciel de d\u00e9m\u00e9nagement - Logdio - delivery management tool","description":"La planification des capacit\u00e9s est un processus qui permet de d\u00e9terminer si vous disposez des comp\u00e9tences et des fournitures n\u00e9cessaires pour effectuer le travail.","robots":{"index":"index","follow":"follow","max-snippet":"max-snippet:-1","max-image-preview":"max-image-preview:large","max-video-preview":"max-video-preview:-1"},"canonical":"https:\/\/logdio.com\/fr\/logiciel-de-demenagement\/","og_locale":"fr_FR","og_type":"article","og_title":"Logiciel de d\u00e9m\u00e9nagement - Logdio - delivery management tool","og_description":"La planification des capacit\u00e9s est un processus qui permet de d\u00e9terminer si vous disposez des comp\u00e9tences et des fournitures n\u00e9cessaires pour effectuer le travail.","og_url":"https:\/\/logdio.com\/fr\/logiciel-de-demenagement\/","og_site_name":"Logdio - delivery management tool","article_publisher":"https:\/\/www.facebook.com\/logtime.eu\/","article_modified_time":"2021-09-13T14:11:57+00:00","twitter_card":"summary_large_image","twitter_misc":{"Dur\u00e9e de lecture estim\u00e9e":"2 minutes"},"schema":{"@context":"https:\/\/schema.org","@graph":[{"@type":"WebPage","@id":"https:\/\/logdio.com\/fr\/logiciel-de-demenagement\/","url":"https:\/\/logdio.com\/fr\/logiciel-de-demenagement\/","name":"Logiciel de d\u00e9m\u00e9nagement - Logdio - delivery management tool","isPartOf":{"@id":"https:\/\/logdio.com\/fr\/#website"},"datePublished":"2021-08-23T19:01:29+00:00","dateModified":"2021-09-13T14:11:57+00:00","description":"La planification des capacit\u00e9s est un processus qui permet de d\u00e9terminer si vous disposez des comp\u00e9tences et des fournitures n\u00e9cessaires pour effectuer le travail.","breadcrumb":{"@id":"https:\/\/logdio.com\/fr\/logiciel-de-demenagement\/#breadcrumb"},"inLanguage":"fr-FR","potentialAction":[{"@type":"ReadAction","target":["https:\/\/logdio.com\/fr\/logiciel-de-demenagement\/"]}]},{"@type":"BreadcrumbList","@id":"https:\/\/logdio.com\/fr\/logiciel-de-demenagement\/#breadcrumb","itemListElement":[{"@type":"ListItem","position":1,"name":"Home","item":"https:\/\/logdio.com\/fr\/page-de-destination\/"},{"@type":"ListItem","position":2,"name":"Logiciel de d\u00e9m\u00e9nagement"}]},{"@type":"WebSite","@id":"https:\/\/logdio.com\/fr\/#website","url":"https:\/\/logdio.com\/fr\/","name":"Logdio - delivery management tool","description":"Next level delivery management software","publisher":{"@id":"https:\/\/logdio.com\/fr\/#organization"},"potentialAction":[{"@type":"SearchAction","target":{"@type":"EntryPoint","urlTemplate":"https:\/\/logdio.com\/fr\/?s={search_term_string}"},"query-input":{"@type":"PropertyValueSpecification","valueRequired":true,"valueName":"search_term_string"}}],"inLanguage":"fr-FR"},{"@type":"Organization","@id":"https:\/\/logdio.com\/fr\/#organization","name":"Logdio","url":"https:\/\/logdio.com\/fr\/","logo":{"@type":"ImageObject","inLanguage":"fr-FR","@id":"https:\/\/logdio.com\/fr\/#\/schema\/logo\/image\/","url":"https:\/\/logdio.com\/wp-content\/uploads\/2021\/05\/Logdio.svg","contentUrl":"https:\/\/logdio.com\/wp-content\/uploads\/2021\/05\/Logdio.svg","width":4.44919,"height":1.1285,"caption":"Logdio"},"image":{"@id":"https:\/\/logdio.com\/fr\/#\/schema\/logo\/image\/"},"sameAs":["https:\/\/www.facebook.com\/logtime.eu\/","https:\/\/www.linkedin.com\/company\/logtime"]}]}},"_links":{"self":[{"href":"https:\/\/logdio.com\/fr\/wp-json\/wp\/v2\/pages\/7446","targetHints":{"allow":["GET"]}}],"collection":[{"href":"https:\/\/logdio.com\/fr\/wp-json\/wp\/v2\/pages"}],"about":[{"href":"https:\/\/logdio.com\/fr\/wp-json\/wp\/v2\/types\/page"}],"author":[{"embeddable":true,"href":"https:\/\/logdio.com\/fr\/wp-json\/wp\/v2\/users\/1"}],"replies":[{"embeddable":true,"href":"https:\/\/logdio.com\/fr\/wp-json\/wp\/v2\/comments?post=7446"}],"version-history":[{"count":2,"href":"https:\/\/logdio.com\/fr\/wp-json\/wp\/v2\/pages\/7446\/revisions"}],"predecessor-version":[{"id":11654,"href":"https:\/\/logdio.com\/fr\/wp-json\/wp\/v2\/pages\/7446\/revisions\/11654"}],"wp:attachment":[{"href":"https:\/\/logdio.com\/fr\/wp-json\/wp\/v2\/media?parent=7446"}],"curies":[{"name":"wp","href":"https:\/\/api.w.org\/{rel}","templated":true}]}}