{"id":7389,"date":"2021-08-23T21:58:53","date_gmt":"2021-08-23T18:58:53","guid":{"rendered":"https:\/\/logdio.com\/demander-une-demo\/"},"modified":"2024-06-04T15:08:58","modified_gmt":"2024-06-04T12:08:58","slug":"demander-une-demo","status":"publish","type":"page","link":"https:\/\/logdio.com\/fr\/demander-une-demo\/","title":{"rendered":"Demander une d\u00e9mo"},"content":{"rendered":"\t\t<div data-elementor-type=\"wp-page\" data-elementor-id=\"7389\" class=\"elementor elementor-7389 elementor-29\" data-elementor-post-type=\"page\">\n\t\t\t\t\t\t<section class=\"has_ma_el_bg_slider elementor-section elementor-top-section elementor-element elementor-element-cb2a7b5 elementor-section-boxed elementor-section-height-default elementor-section-height-default jltma-glass-effect-no\" data-id=\"cb2a7b5\" data-element_type=\"section\" data-e-type=\"section\" data-settings=\"{&quot;jet_parallax_layout_list&quot;:[],&quot;background_background&quot;:&quot;classic&quot;}\">\n\t\t\t\t\t\t<div class=\"elementor-container elementor-column-gap-default\">\n\t\t\t\t\t<div class=\"has_ma_el_bg_slider elementor-column elementor-col-100 elementor-top-column elementor-element elementor-element-8bb13ed jltma-glass-effect-no\" data-id=\"8bb13ed\" data-element_type=\"column\" data-e-type=\"column\" data-settings=\"{&quot;background_background&quot;:&quot;classic&quot;}\">\n\t\t\t<div class=\"elementor-widget-wrap elementor-element-populated\">\n\t\t\t\t\t\t<div class=\"elementor-element elementor-element-3e3c3fe jltma-glass-effect-no elementor-widget elementor-widget-text-editor\" data-id=\"3e3c3fe\" data-element_type=\"widget\" data-e-type=\"widget\" data-widget_type=\"text-editor.default\">\n\t\t\t\t<div class=\"elementor-widget-container\">\n\t\t\t\t\t\t\t\t\t\n<div class=\"wpcf7 no-js\" id=\"wpcf7-f13643-o1\" lang=\"fr-FR\" dir=\"ltr\" data-wpcf7-id=\"13643\">\n<div class=\"screen-reader-response\"><p role=\"status\" aria-live=\"polite\" aria-atomic=\"true\"><\/p> <ul><\/ul><\/div>\n<form action=\"\/fr\/wp-json\/wp\/v2\/pages\/7389#wpcf7-f13643-o1\" method=\"post\" class=\"wpcf7-form init\" aria-label=\"Formulaire de contact\" novalidate=\"novalidate\" data-status=\"init\">\n<div style=\"display: none;\">\n<input type=\"hidden\" name=\"_wpcf7\" value=\"13643\" \/>\n<input type=\"hidden\" name=\"_wpcf7_version\" value=\"6.0.2\" \/>\n<input type=\"hidden\" name=\"_wpcf7_locale\" value=\"fr_FR\" \/>\n<input type=\"hidden\" name=\"_wpcf7_unit_tag\" value=\"wpcf7-f13643-o1\" \/>\n<input type=\"hidden\" name=\"_wpcf7_container_post\" value=\"0\" \/>\n<input type=\"hidden\" name=\"_wpcf7_posted_data_hash\" value=\"\" \/>\n<input type=\"hidden\" name=\"_wpcf7_recaptcha_response\" value=\"\" \/>\n<\/div>\n<div class=\"main-form\">\n\t<div class=\"form-name\">\n\t\t<p><label> Pr\u00e9nom<br \/>\n<span class=\"wpcf7-form-control-wrap\" data-name=\"your-name\"><input size=\"40\" maxlength=\"400\" class=\"wpcf7-form-control wpcf7-text wpcf7-validates-as-required\" aria-required=\"true\" aria-invalid=\"false\" value=\"\" type=\"text\" name=\"your-name\" \/><\/span> <\/label><br \/>\n<label> Nom de famille<br \/>\n<span class=\"wpcf7-form-control-wrap\" data-name=\"your-lname\"><input size=\"40\" maxlength=\"400\" class=\"wpcf7-form-control wpcf7-text wpcf7-validates-as-required\" aria-required=\"true\" aria-invalid=\"false\" value=\"\" type=\"text\" name=\"your-lname\" \/><\/span> <\/label>\n\t\t<\/p>\n\t<\/div>\n\t<div class=\"form-mail-field\">\n\t\t<p><label> Courriel de travail<br \/>\n<span class=\"wpcf7-form-control-wrap\" data-name=\"your-email\"><input size=\"40\" maxlength=\"400\" class=\"wpcf7-form-control wpcf7-email wpcf7-validates-as-required wpcf7-text wpcf7-validates-as-email\" aria-required=\"true\" aria-invalid=\"false\" value=\"\" type=\"email\" name=\"your-email\" \/><\/span> <\/label>\n\t\t<\/p>\n\t<\/div>\n\t<div class=\"form-phone-field\">\n\t\t<p><label> Num\u00e9ro de t\u00e9l\u00e9phone<br \/>\n<span class=\"wpcf7-form-control-wrap\" data-name=\"phonetext-10\"><input size=\"40\" class=\"wpcf7-form-control wpcf7-phonetext wpcf7-validates-as-required wpcf7-text wpcf7-validates-as-phonetext\" data-numberonly=\"true\" aria-required=\"true\" aria-invalid=\"false\" value=\"\" type=\"text\" name=\"phonetext-10\" \/><input type=\"hidden\" name=\"phonetext-10-country-code\" class=\"wpcf7-phonetext-country-code\" \/><\/span> <\/label>\n\t\t<\/p>\n\t<\/div>\n\t<p><label style=\"width:100%\"> Nom de la soci\u00e9t\u00e9<br \/>\n<span class=\"wpcf7-form-control-wrap\" data-name=\"your-compname\"><input size=\"40\" maxlength=\"400\" class=\"wpcf7-form-control wpcf7-text wpcf7-validates-as-required\" aria-required=\"true\" aria-invalid=\"false\" value=\"\" type=\"text\" name=\"your-compname\" \/><\/span> <\/label>\n\t<\/p>\n\t<div class=\"company-name-field\">\n\t<\/div>\n\t<p class=\"sojibvai elementor-widget-text-editor\"> Quels processus essayez-vous d&rsquo;am\u00e9liorer ?\n\t<\/p>\n\t<p><span class=\"wpcf7-form-control-wrap\" data-name=\"your-message\"><textarea cols=\"40\" rows=\"10\" maxlength=\"2000\" class=\"wpcf7-form-control wpcf7-textarea\" aria-invalid=\"false\" name=\"your-message\"><\/textarea><\/span>\n\t<\/p>\n\t<p><input class=\"wpcf7-form-control wpcf7-submit has-spinner Soumettre\" id=\"Soumettre\" type=\"submit\" value=\"\uf0e0  Soumettre\" \/>\n\t<\/p>\n<\/div><div class=\"wpcf7-response-output\" aria-hidden=\"true\"><\/div>\n<\/form>\n<\/div>\n\n\t\t\t\t\t\t\t\t<\/div>\n\t\t\t\t<\/div>\n\t\t\t\t\t<\/div>\n\t\t<\/div>\n\t\t\t\t\t<\/div>\n\t\t<\/section>\n\t\t\t\t<section class=\"has_ma_el_bg_slider elementor-section elementor-top-section elementor-element elementor-element-77f5afa elementor-hidden-desktop elementor-hidden-tablet elementor-hidden-mobile elementor-section-boxed elementor-section-height-default elementor-section-height-default jltma-glass-effect-no\" data-id=\"77f5afa\" data-element_type=\"section\" data-e-type=\"section\" data-settings=\"{&quot;jet_parallax_layout_list&quot;:[{&quot;jet_parallax_layout_image&quot;:{&quot;url&quot;:&quot;&quot;,&quot;id&quot;:&quot;&quot;,&quot;size&quot;:&quot;&quot;},&quot;_id&quot;:&quot;5ade4eb&quot;,&quot;jet_parallax_layout_image_tablet&quot;:{&quot;url&quot;:&quot;&quot;,&quot;id&quot;:&quot;&quot;,&quot;size&quot;:&quot;&quot;},&quot;jet_parallax_layout_image_mobile&quot;:{&quot;url&quot;:&quot;&quot;,&quot;id&quot;:&quot;&quot;,&quot;size&quot;:&quot;&quot;},&quot;jet_parallax_layout_speed&quot;:{&quot;unit&quot;:&quot;%&quot;,&quot;size&quot;:50,&quot;sizes&quot;:[]},&quot;jet_parallax_layout_type&quot;:&quot;scroll&quot;,&quot;jet_parallax_layout_direction&quot;:null,&quot;jet_parallax_layout_fx_direction&quot;:null,&quot;jet_parallax_layout_z_index&quot;:&quot;&quot;,&quot;jet_parallax_layout_bg_x&quot;:50,&quot;jet_parallax_layout_bg_x_tablet&quot;:&quot;&quot;,&quot;jet_parallax_layout_bg_x_mobile&quot;:&quot;&quot;,&quot;jet_parallax_layout_bg_y&quot;:50,&quot;jet_parallax_layout_bg_y_tablet&quot;:&quot;&quot;,&quot;jet_parallax_layout_bg_y_mobile&quot;:&quot;&quot;,&quot;jet_parallax_layout_bg_size&quot;:&quot;auto&quot;,&quot;jet_parallax_layout_bg_size_tablet&quot;:&quot;&quot;,&quot;jet_parallax_layout_bg_size_mobile&quot;:&quot;&quot;,&quot;jet_parallax_layout_animation_prop&quot;:&quot;transform&quot;,&quot;jet_parallax_layout_on&quot;:[&quot;desktop&quot;,&quot;tablet&quot;]}],&quot;background_background&quot;:&quot;classic&quot;}\">\n\t\t\t\t\t\t<div class=\"elementor-container elementor-column-gap-default\">\n\t\t\t\t\t<div class=\"has_ma_el_bg_slider elementor-column elementor-col-50 elementor-top-column elementor-element elementor-element-bb0ebd2 jltma-glass-effect-no\" data-id=\"bb0ebd2\" data-element_type=\"column\" data-e-type=\"column\">\n\t\t\t<div class=\"elementor-widget-wrap elementor-element-populated\">\n\t\t\t\t\t\t<div class=\"elementor-element elementor-element-7dd816f elementor-hidden-phone jltma-glass-effect-no elementor-widget elementor-widget-theme-site-logo elementor-widget-image\" data-id=\"7dd816f\" data-element_type=\"widget\" data-e-type=\"widget\" data-widget_type=\"theme-site-logo.default\">\n\t\t\t\t<div class=\"elementor-widget-container\">\n\t\t\t\t\t\t\t\t\t\t\t<a href=\"https:\/\/logdio.com\/fr\/\">\n\t\t\t<img decoding=\"async\" width=\"4\" height=\"1\" src=\"https:\/\/logdio.com\/wp-content\/uploads\/2021\/05\/Logdio.svg\" class=\"attachment-full size-full wp-image-945\" alt=\"Delivery management software - logdio.com\" \/>\t\t\t\t<\/a>\n\t\t\t\t\t\t\t\t\t\t\t<\/div>\n\t\t\t\t<\/div>\n\t\t\t\t<div class=\"elementor-element elementor-element-35b86a0 jltma-glass-effect-no elementor-widget elementor-widget-heading\" data-id=\"35b86a0\" data-element_type=\"widget\" data-e-type=\"widget\" data-widget_type=\"heading.default\">\n\t\t\t\t<div class=\"elementor-widget-container\">\n\t\t\t\t\t<h2 class=\"elementor-heading-title elementor-size-default\">Demandez un devis personnalis\u00e9  <\/br>\nD\u00e9monstration du syst\u00e8me Logdis<\/h2>\t\t\t\t<\/div>\n\t\t\t\t<\/div>\n\t\t\t\t<div class=\"elementor-element elementor-element-08dd0da jltma-glass-effect-no elementor-widget elementor-widget-text-editor\" data-id=\"08dd0da\" data-element_type=\"widget\" data-e-type=\"widget\" data-widget_type=\"text-editor.default\">\n\t\t\t\t<div class=\"elementor-widget-container\">\n\t\t\t\t\t\t\t\t\t<p>Planifiez une d\u00e9monstration en direct de Logdio et laissez-nous vous guider personnellement \u00e0 travers sa facilit\u00e9 d&rsquo;utilisation et ses puissantes fonctionnalit\u00e9s. Tout ce dont nous avons besoin, c&rsquo;est d&rsquo;un peu d&rsquo;informations de contact, et l&rsquo;un de nos professionnels vous aidera \u00e0 d\u00e9marrer. Vous serez \u00e9tonn\u00e9 de voir avec quelle facilit\u00e9 Logdio peut rendre votre travail quotidien facile et efficace !<\/p>\n\t\t\t\t\t\t\t\t<\/div>\n\t\t\t\t<\/div>\n\t\t\t\t\t<\/div>\n\t\t<\/div>\n\t\t\t\t<div class=\"has_ma_el_bg_slider elementor-column elementor-col-50 elementor-top-column elementor-element elementor-element-c85dca5 jltma-glass-effect-no\" data-id=\"c85dca5\" data-element_type=\"column\" data-e-type=\"column\">\n\t\t\t<div class=\"elementor-widget-wrap\">\n\t\t\t\t\t\t\t<\/div>\n\t\t<\/div>\n\t\t\t\t\t<\/div>\n\t\t<\/section>\n\t\t\t\t<\/div>\n\t\t","protected":false},"excerpt":{"rendered":"<p>Demandez un devis personnalis\u00e9 D\u00e9monstration du syst\u00e8me Logdis Planifiez une d\u00e9monstration en direct de Logdio et laissez-nous vous guider personnellement \u00e0 travers sa facilit\u00e9 d&rsquo;utilisation et ses puissantes fonctionnalit\u00e9s. Tout ce dont nous avons besoin, c&rsquo;est d&rsquo;un peu d&rsquo;informations de contact, et l&rsquo;un de nos professionnels vous aidera \u00e0 d\u00e9marrer. Vous serez \u00e9tonn\u00e9 de voir [&hellip;]<\/p>\n","protected":false},"author":1,"featured_media":0,"parent":0,"menu_order":0,"comment_status":"closed","ping_status":"closed","template":"elementor_header_footer","meta":{"footnotes":""},"class_list":["post-7389","page","type-page","status-publish","hentry"],"yoast_head":"<!-- This site is optimized with the Yoast SEO plugin v26.8 - https:\/\/yoast.com\/product\/yoast-seo-wordpress\/ -->\n<title>Demander une d\u00e9mo - Logdio - delivery management tool<\/title>\n<meta name=\"description\" content=\"Logdio.com est un logiciel de gestion des livraisons de niveau sup\u00e9rieur qui offre des prix \u00e9quitables pour assurer la croissance de votre entreprise ! Demandez une d\u00e9mo et essayez-le vous-m\u00eame !\" \/>\n<meta name=\"robots\" content=\"index, follow, max-snippet:-1, max-image-preview:large, max-video-preview:-1\" \/>\n<link rel=\"canonical\" href=\"https:\/\/logdio.com\/fr\/demander-une-demo\/\" \/>\n<meta property=\"og:locale\" content=\"fr_FR\" \/>\n<meta property=\"og:type\" content=\"article\" \/>\n<meta property=\"og:title\" content=\"Demander une d\u00e9mo - Logdio - delivery management tool\" \/>\n<meta property=\"og:description\" content=\"Logdio.com est un logiciel de gestion des livraisons de niveau sup\u00e9rieur qui offre des prix \u00e9quitables pour assurer la croissance de votre entreprise ! Demandez une d\u00e9mo et essayez-le vous-m\u00eame !\" \/>\n<meta property=\"og:url\" content=\"https:\/\/logdio.com\/fr\/demander-une-demo\/\" \/>\n<meta property=\"og:site_name\" content=\"Logdio - delivery management tool\" \/>\n<meta property=\"article:publisher\" content=\"https:\/\/www.facebook.com\/logtime.eu\/\" \/>\n<meta property=\"article:modified_time\" content=\"2024-06-04T12:08:58+00:00\" \/>\n<meta name=\"twitter:card\" content=\"summary_large_image\" \/>\n<script type=\"application\/ld+json\" class=\"yoast-schema-graph\">{\"@context\":\"https:\/\/schema.org\",\"@graph\":[{\"@type\":\"WebPage\",\"@id\":\"https:\/\/logdio.com\/fr\/demander-une-demo\/\",\"url\":\"https:\/\/logdio.com\/fr\/demander-une-demo\/\",\"name\":\"Demander une d\u00e9mo - Logdio - delivery management tool\",\"isPartOf\":{\"@id\":\"https:\/\/logdio.com\/fr\/#website\"},\"datePublished\":\"2021-08-23T18:58:53+00:00\",\"dateModified\":\"2024-06-04T12:08:58+00:00\",\"description\":\"Logdio.com est un logiciel de gestion des livraisons de niveau sup\u00e9rieur qui offre des prix \u00e9quitables pour assurer la croissance de votre entreprise ! Demandez une d\u00e9mo et essayez-le vous-m\u00eame !\",\"breadcrumb\":{\"@id\":\"https:\/\/logdio.com\/fr\/demander-une-demo\/#breadcrumb\"},\"inLanguage\":\"fr-FR\",\"potentialAction\":[{\"@type\":\"ReadAction\",\"target\":[\"https:\/\/logdio.com\/fr\/demander-une-demo\/\"]}]},{\"@type\":\"BreadcrumbList\",\"@id\":\"https:\/\/logdio.com\/fr\/demander-une-demo\/#breadcrumb\",\"itemListElement\":[{\"@type\":\"ListItem\",\"position\":1,\"name\":\"Home\",\"item\":\"https:\/\/logdio.com\/fr\/page-de-destination\/\"},{\"@type\":\"ListItem\",\"position\":2,\"name\":\"Demander une d\u00e9mo\"}]},{\"@type\":\"WebSite\",\"@id\":\"https:\/\/logdio.com\/fr\/#website\",\"url\":\"https:\/\/logdio.com\/fr\/\",\"name\":\"Logdio - delivery management tool\",\"description\":\"Next level delivery management software\",\"publisher\":{\"@id\":\"https:\/\/logdio.com\/fr\/#organization\"},\"potentialAction\":[{\"@type\":\"SearchAction\",\"target\":{\"@type\":\"EntryPoint\",\"urlTemplate\":\"https:\/\/logdio.com\/fr\/?s={search_term_string}\"},\"query-input\":{\"@type\":\"PropertyValueSpecification\",\"valueRequired\":true,\"valueName\":\"search_term_string\"}}],\"inLanguage\":\"fr-FR\"},{\"@type\":\"Organization\",\"@id\":\"https:\/\/logdio.com\/fr\/#organization\",\"name\":\"Logdio\",\"url\":\"https:\/\/logdio.com\/fr\/\",\"logo\":{\"@type\":\"ImageObject\",\"inLanguage\":\"fr-FR\",\"@id\":\"https:\/\/logdio.com\/fr\/#\/schema\/logo\/image\/\",\"url\":\"https:\/\/logdio.com\/wp-content\/uploads\/2021\/05\/Logdio.svg\",\"contentUrl\":\"https:\/\/logdio.com\/wp-content\/uploads\/2021\/05\/Logdio.svg\",\"width\":4.44919,\"height\":1.1285,\"caption\":\"Logdio\"},\"image\":{\"@id\":\"https:\/\/logdio.com\/fr\/#\/schema\/logo\/image\/\"},\"sameAs\":[\"https:\/\/www.facebook.com\/logtime.eu\/\",\"https:\/\/www.linkedin.com\/company\/logtime\"]}]}<\/script>\n<!-- \/ Yoast SEO plugin. -->","yoast_head_json":{"title":"Demander une d\u00e9mo - Logdio - delivery management tool","description":"Logdio.com est un logiciel de gestion des livraisons de niveau sup\u00e9rieur qui offre des prix \u00e9quitables pour assurer la croissance de votre entreprise ! Demandez une d\u00e9mo et essayez-le vous-m\u00eame !","robots":{"index":"index","follow":"follow","max-snippet":"max-snippet:-1","max-image-preview":"max-image-preview:large","max-video-preview":"max-video-preview:-1"},"canonical":"https:\/\/logdio.com\/fr\/demander-une-demo\/","og_locale":"fr_FR","og_type":"article","og_title":"Demander une d\u00e9mo - Logdio - delivery management tool","og_description":"Logdio.com est un logiciel de gestion des livraisons de niveau sup\u00e9rieur qui offre des prix \u00e9quitables pour assurer la croissance de votre entreprise ! Demandez une d\u00e9mo et essayez-le vous-m\u00eame !","og_url":"https:\/\/logdio.com\/fr\/demander-une-demo\/","og_site_name":"Logdio - delivery management tool","article_publisher":"https:\/\/www.facebook.com\/logtime.eu\/","article_modified_time":"2024-06-04T12:08:58+00:00","twitter_card":"summary_large_image","schema":{"@context":"https:\/\/schema.org","@graph":[{"@type":"WebPage","@id":"https:\/\/logdio.com\/fr\/demander-une-demo\/","url":"https:\/\/logdio.com\/fr\/demander-une-demo\/","name":"Demander une d\u00e9mo - Logdio - delivery management tool","isPartOf":{"@id":"https:\/\/logdio.com\/fr\/#website"},"datePublished":"2021-08-23T18:58:53+00:00","dateModified":"2024-06-04T12:08:58+00:00","description":"Logdio.com est un logiciel de gestion des livraisons de niveau sup\u00e9rieur qui offre des prix \u00e9quitables pour assurer la croissance de votre entreprise ! Demandez une d\u00e9mo et essayez-le vous-m\u00eame !","breadcrumb":{"@id":"https:\/\/logdio.com\/fr\/demander-une-demo\/#breadcrumb"},"inLanguage":"fr-FR","potentialAction":[{"@type":"ReadAction","target":["https:\/\/logdio.com\/fr\/demander-une-demo\/"]}]},{"@type":"BreadcrumbList","@id":"https:\/\/logdio.com\/fr\/demander-une-demo\/#breadcrumb","itemListElement":[{"@type":"ListItem","position":1,"name":"Home","item":"https:\/\/logdio.com\/fr\/page-de-destination\/"},{"@type":"ListItem","position":2,"name":"Demander une d\u00e9mo"}]},{"@type":"WebSite","@id":"https:\/\/logdio.com\/fr\/#website","url":"https:\/\/logdio.com\/fr\/","name":"Logdio - delivery management tool","description":"Next level delivery management software","publisher":{"@id":"https:\/\/logdio.com\/fr\/#organization"},"potentialAction":[{"@type":"SearchAction","target":{"@type":"EntryPoint","urlTemplate":"https:\/\/logdio.com\/fr\/?s={search_term_string}"},"query-input":{"@type":"PropertyValueSpecification","valueRequired":true,"valueName":"search_term_string"}}],"inLanguage":"fr-FR"},{"@type":"Organization","@id":"https:\/\/logdio.com\/fr\/#organization","name":"Logdio","url":"https:\/\/logdio.com\/fr\/","logo":{"@type":"ImageObject","inLanguage":"fr-FR","@id":"https:\/\/logdio.com\/fr\/#\/schema\/logo\/image\/","url":"https:\/\/logdio.com\/wp-content\/uploads\/2021\/05\/Logdio.svg","contentUrl":"https:\/\/logdio.com\/wp-content\/uploads\/2021\/05\/Logdio.svg","width":4.44919,"height":1.1285,"caption":"Logdio"},"image":{"@id":"https:\/\/logdio.com\/fr\/#\/schema\/logo\/image\/"},"sameAs":["https:\/\/www.facebook.com\/logtime.eu\/","https:\/\/www.linkedin.com\/company\/logtime"]}]}},"_links":{"self":[{"href":"https:\/\/logdio.com\/fr\/wp-json\/wp\/v2\/pages\/7389","targetHints":{"allow":["GET"]}}],"collection":[{"href":"https:\/\/logdio.com\/fr\/wp-json\/wp\/v2\/pages"}],"about":[{"href":"https:\/\/logdio.com\/fr\/wp-json\/wp\/v2\/types\/page"}],"author":[{"embeddable":true,"href":"https:\/\/logdio.com\/fr\/wp-json\/wp\/v2\/users\/1"}],"replies":[{"embeddable":true,"href":"https:\/\/logdio.com\/fr\/wp-json\/wp\/v2\/comments?post=7389"}],"version-history":[{"count":7,"href":"https:\/\/logdio.com\/fr\/wp-json\/wp\/v2\/pages\/7389\/revisions"}],"predecessor-version":[{"id":27676,"href":"https:\/\/logdio.com\/fr\/wp-json\/wp\/v2\/pages\/7389\/revisions\/27676"}],"wp:attachment":[{"href":"https:\/\/logdio.com\/fr\/wp-json\/wp\/v2\/media?parent=7389"}],"curies":[{"name":"wp","href":"https:\/\/api.w.org\/{rel}","templated":true}]}}