{"id":6000,"date":"2021-05-03T09:53:33","date_gmt":"2021-05-03T06:53:33","guid":{"rendered":"https:\/\/logdio.com\/politique-de-confidentialite\/"},"modified":"2023-08-21T00:35:20","modified_gmt":"2023-08-20T21:35:20","slug":"privacy-policy","status":"publish","type":"page","link":"https:\/\/logdio.com\/fr\/privacy-policy\/","title":{"rendered":"Politique de confidentialit\u00e9"},"content":{"rendered":"\t\t<div data-elementor-type=\"wp-page\" data-elementor-id=\"6000\" class=\"elementor elementor-6000 elementor-3\" data-elementor-post-type=\"page\">\n\t\t\t\t\t\t<section class=\"has_ma_el_bg_slider elementor-section elementor-top-section elementor-element elementor-element-23def496 elementor-section-boxed elementor-section-height-default elementor-section-height-default jltma-glass-effect-no\" data-id=\"23def496\" data-element_type=\"section\" data-e-type=\"section\" data-settings=\"{&quot;jet_parallax_layout_list&quot;:[{&quot;jet_parallax_layout_image&quot;:{&quot;url&quot;:&quot;&quot;,&quot;id&quot;:&quot;&quot;,&quot;size&quot;:&quot;&quot;},&quot;_id&quot;:&quot;4322483&quot;,&quot;jet_parallax_layout_image_tablet&quot;:{&quot;url&quot;:&quot;&quot;,&quot;id&quot;:&quot;&quot;,&quot;size&quot;:&quot;&quot;},&quot;jet_parallax_layout_image_mobile&quot;:{&quot;url&quot;:&quot;&quot;,&quot;id&quot;:&quot;&quot;,&quot;size&quot;:&quot;&quot;},&quot;jet_parallax_layout_speed&quot;:{&quot;unit&quot;:&quot;%&quot;,&quot;size&quot;:50,&quot;sizes&quot;:[]},&quot;jet_parallax_layout_type&quot;:&quot;scroll&quot;,&quot;jet_parallax_layout_direction&quot;:null,&quot;jet_parallax_layout_fx_direction&quot;:null,&quot;jet_parallax_layout_z_index&quot;:&quot;&quot;,&quot;jet_parallax_layout_bg_x&quot;:50,&quot;jet_parallax_layout_bg_x_tablet&quot;:&quot;&quot;,&quot;jet_parallax_layout_bg_x_mobile&quot;:&quot;&quot;,&quot;jet_parallax_layout_bg_y&quot;:50,&quot;jet_parallax_layout_bg_y_tablet&quot;:&quot;&quot;,&quot;jet_parallax_layout_bg_y_mobile&quot;:&quot;&quot;,&quot;jet_parallax_layout_bg_size&quot;:&quot;auto&quot;,&quot;jet_parallax_layout_bg_size_tablet&quot;:&quot;&quot;,&quot;jet_parallax_layout_bg_size_mobile&quot;:&quot;&quot;,&quot;jet_parallax_layout_animation_prop&quot;:&quot;transform&quot;,&quot;jet_parallax_layout_on&quot;:[&quot;desktop&quot;,&quot;tablet&quot;]}]}\">\n\t\t\t\t\t\t<div class=\"elementor-container elementor-column-gap-default\">\n\t\t\t\t\t<div class=\"has_ma_el_bg_slider elementor-column elementor-col-100 elementor-top-column elementor-element elementor-element-562b08a1 jltma-glass-effect-no\" data-id=\"562b08a1\" data-element_type=\"column\" data-e-type=\"column\">\n\t\t\t<div class=\"elementor-widget-wrap elementor-element-populated\">\n\t\t\t\t\t\t<div class=\"elementor-element elementor-element-fdbc374 jltma-glass-effect-no elementor-widget elementor-widget-heading\" data-id=\"fdbc374\" data-element_type=\"widget\" data-e-type=\"widget\" data-widget_type=\"heading.default\">\n\t\t\t\t<div class=\"elementor-widget-container\">\n\t\t\t\t\t<h2 class=\"elementor-heading-title elementor-size-default\">Politique de confidentialit\u00e9<\/h2>\t\t\t\t<\/div>\n\t\t\t\t<\/div>\n\t\t\t\t<div class=\"elementor-element elementor-element-71fb796b jltma-glass-effect-no elementor-widget elementor-widget-text-editor\" data-id=\"71fb796b\" data-element_type=\"widget\" data-e-type=\"widget\" data-widget_type=\"text-editor.default\">\n\t\t\t\t<div class=\"elementor-widget-container\">\n\t\t\t\t\t\t\t\t\t\n<p>Chez Logdio &#8211; Logiciel de gestion des livraisons, accessible depuis Logdio.com, l&rsquo;une de nos principales priorit\u00e9s est la confidentialit\u00e9 de nos visiteurs. Ce document de politique de confidentialit\u00e9 contient les types d&rsquo;informations qui sont collect\u00e9es et enregistr\u00e9es par Logdio &#8211; logiciel de gestion des livraisons et comment nous les utilisons.<\/p>\n<p>Si vous avez des questions suppl\u00e9mentaires ou si vous souhaitez obtenir plus d&rsquo;informations sur notre politique de confidentialit\u00e9, n&rsquo;h\u00e9sitez pas \u00e0 nous contacter.<\/p>\n<p>Cette politique de confidentialit\u00e9 s&rsquo;applique uniquement \u00e0 nos activit\u00e9s en ligne et est valable pour les visiteurs de notre site web en ce qui concerne les informations qu&rsquo;ils ont partag\u00e9es et\/ou collect\u00e9es dans Logdio &#8211; logiciel de gestion des livraisons. Cette politique ne s&rsquo;applique pas aux informations collect\u00e9es hors ligne ou via des canaux autres que ce site web.  <\/p>\n<h2>Consentement<\/h2>\n<p>En utilisant notre site web, vous consentez par la pr\u00e9sente \u00e0 notre politique de confidentialit\u00e9 et acceptez ses conditions.<\/p>\n<h2>Informations que nous recueillons<\/h2>\n<p>Les informations personnelles que l&rsquo;on vous demande de fournir, et les raisons pour lesquelles on vous demande de les fournir, vous seront expliqu\u00e9es clairement au moment o\u00f9 nous vous demanderons de fournir vos informations personnelles.<\/p>\n<p>Si vous nous contactez directement, nous pouvons recevoir des informations suppl\u00e9mentaires vous concernant, telles que votre nom, votre adresse \u00e9lectronique, votre num\u00e9ro de t\u00e9l\u00e9phone, le contenu du message et\/ou des pi\u00e8ces jointes que vous pouvez nous envoyer, et toute autre information que vous pouvez choisir de fournir.<\/p>\n<p>Lorsque vous vous inscrivez \u00e0 un compte, nous pouvons vous demander vos coordonn\u00e9es, notamment votre nom, le nom de votre soci\u00e9t\u00e9, votre adresse, votre adresse \u00e9lectronique et votre num\u00e9ro de t\u00e9l\u00e9phone.<\/p>\n<h2>Comment nous utilisons vos informations<\/h2>\n<p>Nous utilisons les informations que nous recueillons de diverses mani\u00e8res, notamment pour :<\/p>\n<ul>\n<li>Fournir, exploiter et maintenir notre site web<\/li>\n<li>am\u00e9liorer, personnaliser et d\u00e9velopper notre site web<\/li>\n<li>Comprendre et analyser la fa\u00e7on dont vous utilisez notre site web<\/li>\n<li>d\u00e9velopper de nouveaux produits, services, caract\u00e9ristiques et fonctionnalit\u00e9s<\/li>\n<li>Communiquer avec vous, soit directement, soit par l&rsquo;interm\u00e9diaire de l&rsquo;un de nos partenaires, notamment dans le cadre du service client\u00e8le, pour vous fournir des mises \u00e0 jour et d&rsquo;autres informations relatives au site web, ainsi qu&rsquo;\u00e0 des fins de marketing et de promotion.<\/li>\n<li>Vous envoyer des courriels<\/li>\n<li>Trouver et pr\u00e9venir la fraude<\/li>\n<\/ul>\n<h2>Fichiers journaux<\/h2>\n<p>Logdio &#8211; Le logiciel de gestion des livraisons suit une proc\u00e9dure standard d&rsquo;utilisation des fichiers journaux. Ces fichiers enregistrent les visiteurs lorsqu&rsquo;ils se rendent sur des sites web. Toutes les soci\u00e9t\u00e9s d&rsquo;h\u00e9bergement le font et cela fait partie de l&rsquo;analyse des services d&rsquo;h\u00e9bergement. Les informations recueillies par les fichiers journaux comprennent les adresses de protocole Internet (IP), le type de navigateur, le fournisseur d&rsquo;acc\u00e8s Internet (FAI), la date et l&rsquo;heure, les pages de renvoi et de sortie, et \u00e9ventuellement le nombre de clics. Ils ne sont pas li\u00e9s \u00e0 des informations permettant d&rsquo;identifier les personnes. Le but de ces informations est d&rsquo;analyser les tendances, d&rsquo;administrer le site, de suivre les mouvements des utilisateurs sur le site et de recueillir des informations d\u00e9mographiques.<\/p>\n<h2>Cookies et balises Web<\/h2>\n<p>Comme tout autre site web, Logdio &#8211; Logiciel de gestion des livraisons utilise des \u00ab\u00a0cookies\u00a0\u00bb. Ces cookies sont utilis\u00e9s pour stocker des informations, notamment les pr\u00e9f\u00e9rences des visiteurs, ainsi que les pages du site web auxquelles le visiteur a acc\u00e9d\u00e9 ou qu&rsquo;il a visit\u00e9es. Ces informations sont utilis\u00e9es pour optimiser l&rsquo;exp\u00e9rience des utilisateurs en personnalisant le contenu de nos pages web en fonction du type de navigateur des visiteurs et\/ou d&rsquo;autres informations.<\/p>\n<h2>Partenaires publicitaires Politiques de confidentialit\u00e9<\/h2>\n<p>Vous pouvez consulter cette liste pour trouver la politique de confidentialit\u00e9 de chacun des partenaires publicitaires de Logdio &#8211; Logiciel de gestion des livraisons.<\/p>\n<p>Les serveurs publicitaires tiers ou les r\u00e9seaux publicitaires utilisent des technologies telles que les cookies, JavaScript ou Web Beacons qui sont utilis\u00e9s dans leurs publicit\u00e9s et liens respectifs qui apparaissent sur Logdio &#8211; Logiciel de gestion des livraisons, qui sont envoy\u00e9s directement au navigateur des utilisateurs. Ils re\u00e7oivent automatiquement votre adresse IP lorsque cela se produit. Ces technologies sont utilis\u00e9es pour mesurer l&rsquo;efficacit\u00e9 de leurs campagnes publicitaires et\/ou pour personnaliser le contenu publicitaire que vous voyez sur les sites web que vous visitez.<\/p>\n<p>Notez que Logdio &#8211; Logiciel de gestion des livraisons n&rsquo;a aucun acc\u00e8s ou contr\u00f4le sur ces cookies qui sont utilis\u00e9s par des annonceurs tiers.<\/p>\n<h2>Politiques de confidentialit\u00e9 des tiers<\/h2>\n<p>La politique de confidentialit\u00e9 de Logdio &#8211; Logiciel de gestion des livraisons ne s&rsquo;applique pas aux autres annonceurs ou sites web. Nous vous conseillons donc de consulter les politiques de confidentialit\u00e9 respectives de ces serveurs publicitaires tiers pour obtenir des informations plus d\u00e9taill\u00e9es. Il peut inclure leurs pratiques et des instructions sur la mani\u00e8re de refuser certaines options.<\/p>\n<p>Vous pouvez choisir de d\u00e9sactiver les cookies par le biais des options de votre navigateur individuel. Pour conna\u00eetre des informations plus d\u00e9taill\u00e9es sur la gestion des cookies avec des navigateurs web sp\u00e9cifiques, vous pouvez consulter les sites web respectifs de ces navigateurs.<\/p>\n<h2>Droits \u00e0 la vie priv\u00e9e de l&rsquo;ACCP (Ne vendez pas mes renseignements personnels)<\/h2>\n<p>En vertu de la CCPA, entre autres droits, les consommateurs californiens ont le droit de :<\/p>\n<p>Demander \u00e0 une entreprise qui collecte les donn\u00e9es personnelles d&rsquo;un consommateur de divulguer les cat\u00e9gories et les \u00e9l\u00e9ments sp\u00e9cifiques des donn\u00e9es personnelles qu&rsquo;elle a collect\u00e9es sur les consommateurs.<\/p>\n<p>Demander \u00e0 une entreprise de supprimer toutes les donn\u00e9es personnelles qu&rsquo;elle a recueillies sur le consommateur.<\/p>\n<p>Demandez qu&rsquo;une entreprise qui vend les donn\u00e9es personnelles d&rsquo;un consommateur ne vende pas les donn\u00e9es personnelles de ce dernier.<\/p>\n<p>Si vous faites une demande, nous avons un mois pour vous r\u00e9pondre. Si vous souhaitez exercer l&rsquo;un de ces droits, veuillez nous contacter.<\/p>\n<h2>Droits de protection des donn\u00e9es GDPR<\/h2>\n<p>Nous souhaitons nous assurer que vous \u00eates pleinement conscient de tous vos droits en mati\u00e8re de protection des donn\u00e9es. Chaque utilisateur a droit \u00e0 ce qui suit :<\/p>\n<p>Le droit d&rsquo;acc\u00e8s &#8211; Vous avez le droit de demander des copies de vos donn\u00e9es personnelles. Il se peut que nous vous facturions une petite somme pour ce service.<\/p>\n<p>Le droit de rectification &#8211; Vous avez le droit de nous demander de corriger toute information que vous jugez inexacte. Vous avez \u00e9galement le droit de nous demander de compl\u00e9ter les informations qui, selon vous, sont incompl\u00e8tes.<\/p>\n<p>Le droit \u00e0 l&rsquo;effacement &#8211; Vous avez le droit de nous demander d&rsquo;effacer vos donn\u00e9es personnelles, sous certaines conditions.<\/p>\n<p>Le droit de restreindre le traitement &#8211; Vous avez le droit de nous demander de restreindre le traitement de vos donn\u00e9es personnelles, sous certaines conditions.<\/p>\n<p>Le droit de s&rsquo;opposer au traitement &#8211; Vous avez le droit de vous opposer \u00e0 notre traitement de vos donn\u00e9es personnelles, sous certaines conditions.<\/p>\n<p>Le droit \u00e0 la portabilit\u00e9 des donn\u00e9es &#8211; Vous avez le droit de nous demander de transf\u00e9rer les donn\u00e9es que nous avons collect\u00e9es \u00e0 une autre organisation, ou directement \u00e0 vous, sous certaines conditions.<\/p>\n<p>Si vous faites une demande, nous avons un mois pour vous r\u00e9pondre. Si vous souhaitez exercer l&rsquo;un de ces droits, veuillez nous contacter.<\/p>\n<h2>Informations pour les enfants<\/h2>\n<p>Une autre partie de notre priorit\u00e9 est d&rsquo;ajouter une protection pour les enfants lorsqu&rsquo;ils utilisent l&rsquo;internet. Nous encourageons les parents et les tuteurs \u00e0 observer, participer et\/ou surveiller et guider leur activit\u00e9 en ligne.<\/p>\n<p>Logdio &#8211; Logiciel de gestion des livraisons ne collecte pas sciemment d&rsquo;informations personnelles identifiables aupr\u00e8s d&rsquo;enfants de moins de 13 ans. Si vous pensez que votre enfant a fourni ce type d&rsquo;informations sur notre site web, nous vous encourageons vivement \u00e0 nous contacter imm\u00e9diatement et nous ferons tout notre possible pour supprimer rapidement ces informations de nos dossiers.<\/p>\n\t\t\t\t\t\t\t\t<\/div>\n\t\t\t\t<\/div>\n\t\t\t\t\t<\/div>\n\t\t<\/div>\n\t\t\t\t\t<\/div>\n\t\t<\/section>\n\t\t\t\t<\/div>\n\t\t","protected":false},"excerpt":{"rendered":"<p>Chez Logdio &#8211; Logiciel de gestion des livraisons, accessible depuis Logdio.com, l&rsquo;une de nos principales priorit\u00e9s est la confidentialit\u00e9 de nos visiteurs. Ce document de politique de confidentialit\u00e9 contient les types d&rsquo;informations qui sont collect\u00e9es et enregistr\u00e9es par Logdio &#8211; logiciel de gestion des livraisons et comment nous les utilisons. Si vous avez des questions [&hellip;]<\/p>\n","protected":false},"author":1,"featured_media":0,"parent":0,"menu_order":0,"comment_status":"closed","ping_status":"closed","template":"elementor_header_footer","meta":{"footnotes":""},"class_list":["post-6000","page","type-page","status-publish","hentry"],"yoast_head":"<!-- This site is optimized with the Yoast SEO plugin v26.8 - https:\/\/yoast.com\/product\/yoast-seo-wordpress\/ -->\n<title>Politique de confidentialit\u00e9 - Logdio - delivery management tool<\/title>\n<meta name=\"description\" content=\"Logdio.com est un logiciel de gestion des livraisons de niveau sup\u00e9rieur qui offre des prix \u00e9quitables pour assurer la croissance de votre entreprise ! Consultez notre politique de confidentialit\u00e9\" \/>\n<meta name=\"robots\" content=\"index, follow, max-snippet:-1, max-image-preview:large, max-video-preview:-1\" \/>\n<link rel=\"canonical\" href=\"https:\/\/logdio.com\/fr\/privacy-policy\/\" \/>\n<meta property=\"og:locale\" content=\"fr_FR\" \/>\n<meta property=\"og:type\" content=\"article\" \/>\n<meta property=\"og:title\" content=\"Politique de confidentialit\u00e9 - Logdio - delivery management tool\" \/>\n<meta property=\"og:description\" content=\"Logdio.com est un logiciel de gestion des livraisons de niveau sup\u00e9rieur qui offre des prix \u00e9quitables pour assurer la croissance de votre entreprise ! Consultez notre politique de confidentialit\u00e9\" \/>\n<meta property=\"og:url\" content=\"https:\/\/logdio.com\/fr\/privacy-policy\/\" \/>\n<meta property=\"og:site_name\" content=\"Logdio - delivery management tool\" \/>\n<meta property=\"article:publisher\" content=\"https:\/\/www.facebook.com\/logtime.eu\/\" \/>\n<meta property=\"article:modified_time\" content=\"2023-08-20T21:35:20+00:00\" \/>\n<meta name=\"twitter:card\" content=\"summary_large_image\" \/>\n<meta name=\"twitter:label1\" content=\"Dur\u00e9e de lecture estim\u00e9e\" \/>\n\t<meta name=\"twitter:data1\" content=\"5 minutes\" \/>\n<script type=\"application\/ld+json\" class=\"yoast-schema-graph\">{\"@context\":\"https:\/\/schema.org\",\"@graph\":[{\"@type\":\"WebPage\",\"@id\":\"https:\/\/logdio.com\/fr\/privacy-policy\/\",\"url\":\"https:\/\/logdio.com\/fr\/privacy-policy\/\",\"name\":\"Politique de confidentialit\u00e9 - Logdio - delivery management tool\",\"isPartOf\":{\"@id\":\"https:\/\/logdio.com\/fr\/#website\"},\"datePublished\":\"2021-05-03T06:53:33+00:00\",\"dateModified\":\"2023-08-20T21:35:20+00:00\",\"description\":\"Logdio.com est un logiciel de gestion des livraisons de niveau sup\u00e9rieur qui offre des prix \u00e9quitables pour assurer la croissance de votre entreprise ! Consultez notre politique de confidentialit\u00e9\",\"breadcrumb\":{\"@id\":\"https:\/\/logdio.com\/fr\/privacy-policy\/#breadcrumb\"},\"inLanguage\":\"fr-FR\",\"potentialAction\":[{\"@type\":\"ReadAction\",\"target\":[\"https:\/\/logdio.com\/fr\/privacy-policy\/\"]}]},{\"@type\":\"BreadcrumbList\",\"@id\":\"https:\/\/logdio.com\/fr\/privacy-policy\/#breadcrumb\",\"itemListElement\":[{\"@type\":\"ListItem\",\"position\":1,\"name\":\"Home\",\"item\":\"https:\/\/logdio.com\/fr\/page-de-destination\/\"},{\"@type\":\"ListItem\",\"position\":2,\"name\":\"Politique de confidentialit\u00e9\"}]},{\"@type\":\"WebSite\",\"@id\":\"https:\/\/logdio.com\/fr\/#website\",\"url\":\"https:\/\/logdio.com\/fr\/\",\"name\":\"Logdio - delivery management tool\",\"description\":\"Next level delivery management software\",\"publisher\":{\"@id\":\"https:\/\/logdio.com\/fr\/#organization\"},\"potentialAction\":[{\"@type\":\"SearchAction\",\"target\":{\"@type\":\"EntryPoint\",\"urlTemplate\":\"https:\/\/logdio.com\/fr\/?s={search_term_string}\"},\"query-input\":{\"@type\":\"PropertyValueSpecification\",\"valueRequired\":true,\"valueName\":\"search_term_string\"}}],\"inLanguage\":\"fr-FR\"},{\"@type\":\"Organization\",\"@id\":\"https:\/\/logdio.com\/fr\/#organization\",\"name\":\"Logdio\",\"url\":\"https:\/\/logdio.com\/fr\/\",\"logo\":{\"@type\":\"ImageObject\",\"inLanguage\":\"fr-FR\",\"@id\":\"https:\/\/logdio.com\/fr\/#\/schema\/logo\/image\/\",\"url\":\"https:\/\/logdio.com\/wp-content\/uploads\/2021\/05\/Logdio.svg\",\"contentUrl\":\"https:\/\/logdio.com\/wp-content\/uploads\/2021\/05\/Logdio.svg\",\"width\":4.44919,\"height\":1.1285,\"caption\":\"Logdio\"},\"image\":{\"@id\":\"https:\/\/logdio.com\/fr\/#\/schema\/logo\/image\/\"},\"sameAs\":[\"https:\/\/www.facebook.com\/logtime.eu\/\",\"https:\/\/www.linkedin.com\/company\/logtime\"]}]}<\/script>\n<!-- \/ Yoast SEO plugin. -->","yoast_head_json":{"title":"Politique de confidentialit\u00e9 - Logdio - delivery management tool","description":"Logdio.com est un logiciel de gestion des livraisons de niveau sup\u00e9rieur qui offre des prix \u00e9quitables pour assurer la croissance de votre entreprise ! Consultez notre politique de confidentialit\u00e9","robots":{"index":"index","follow":"follow","max-snippet":"max-snippet:-1","max-image-preview":"max-image-preview:large","max-video-preview":"max-video-preview:-1"},"canonical":"https:\/\/logdio.com\/fr\/privacy-policy\/","og_locale":"fr_FR","og_type":"article","og_title":"Politique de confidentialit\u00e9 - Logdio - delivery management tool","og_description":"Logdio.com est un logiciel de gestion des livraisons de niveau sup\u00e9rieur qui offre des prix \u00e9quitables pour assurer la croissance de votre entreprise ! Consultez notre politique de confidentialit\u00e9","og_url":"https:\/\/logdio.com\/fr\/privacy-policy\/","og_site_name":"Logdio - delivery management tool","article_publisher":"https:\/\/www.facebook.com\/logtime.eu\/","article_modified_time":"2023-08-20T21:35:20+00:00","twitter_card":"summary_large_image","twitter_misc":{"Dur\u00e9e de lecture estim\u00e9e":"5 minutes"},"schema":{"@context":"https:\/\/schema.org","@graph":[{"@type":"WebPage","@id":"https:\/\/logdio.com\/fr\/privacy-policy\/","url":"https:\/\/logdio.com\/fr\/privacy-policy\/","name":"Politique de confidentialit\u00e9 - Logdio - delivery management tool","isPartOf":{"@id":"https:\/\/logdio.com\/fr\/#website"},"datePublished":"2021-05-03T06:53:33+00:00","dateModified":"2023-08-20T21:35:20+00:00","description":"Logdio.com est un logiciel de gestion des livraisons de niveau sup\u00e9rieur qui offre des prix \u00e9quitables pour assurer la croissance de votre entreprise ! Consultez notre politique de confidentialit\u00e9","breadcrumb":{"@id":"https:\/\/logdio.com\/fr\/privacy-policy\/#breadcrumb"},"inLanguage":"fr-FR","potentialAction":[{"@type":"ReadAction","target":["https:\/\/logdio.com\/fr\/privacy-policy\/"]}]},{"@type":"BreadcrumbList","@id":"https:\/\/logdio.com\/fr\/privacy-policy\/#breadcrumb","itemListElement":[{"@type":"ListItem","position":1,"name":"Home","item":"https:\/\/logdio.com\/fr\/page-de-destination\/"},{"@type":"ListItem","position":2,"name":"Politique de confidentialit\u00e9"}]},{"@type":"WebSite","@id":"https:\/\/logdio.com\/fr\/#website","url":"https:\/\/logdio.com\/fr\/","name":"Logdio - delivery management tool","description":"Next level delivery management software","publisher":{"@id":"https:\/\/logdio.com\/fr\/#organization"},"potentialAction":[{"@type":"SearchAction","target":{"@type":"EntryPoint","urlTemplate":"https:\/\/logdio.com\/fr\/?s={search_term_string}"},"query-input":{"@type":"PropertyValueSpecification","valueRequired":true,"valueName":"search_term_string"}}],"inLanguage":"fr-FR"},{"@type":"Organization","@id":"https:\/\/logdio.com\/fr\/#organization","name":"Logdio","url":"https:\/\/logdio.com\/fr\/","logo":{"@type":"ImageObject","inLanguage":"fr-FR","@id":"https:\/\/logdio.com\/fr\/#\/schema\/logo\/image\/","url":"https:\/\/logdio.com\/wp-content\/uploads\/2021\/05\/Logdio.svg","contentUrl":"https:\/\/logdio.com\/wp-content\/uploads\/2021\/05\/Logdio.svg","width":4.44919,"height":1.1285,"caption":"Logdio"},"image":{"@id":"https:\/\/logdio.com\/fr\/#\/schema\/logo\/image\/"},"sameAs":["https:\/\/www.facebook.com\/logtime.eu\/","https:\/\/www.linkedin.com\/company\/logtime"]}]}},"_links":{"self":[{"href":"https:\/\/logdio.com\/fr\/wp-json\/wp\/v2\/pages\/6000","targetHints":{"allow":["GET"]}}],"collection":[{"href":"https:\/\/logdio.com\/fr\/wp-json\/wp\/v2\/pages"}],"about":[{"href":"https:\/\/logdio.com\/fr\/wp-json\/wp\/v2\/types\/page"}],"author":[{"embeddable":true,"href":"https:\/\/logdio.com\/fr\/wp-json\/wp\/v2\/users\/1"}],"replies":[{"embeddable":true,"href":"https:\/\/logdio.com\/fr\/wp-json\/wp\/v2\/comments?post=6000"}],"version-history":[{"count":10,"href":"https:\/\/logdio.com\/fr\/wp-json\/wp\/v2\/pages\/6000\/revisions"}],"predecessor-version":[{"id":27354,"href":"https:\/\/logdio.com\/fr\/wp-json\/wp\/v2\/pages\/6000\/revisions\/27354"}],"wp:attachment":[{"href":"https:\/\/logdio.com\/fr\/wp-json\/wp\/v2\/media?parent=6000"}],"curies":[{"name":"wp","href":"https:\/\/api.w.org\/{rel}","templated":true}]}}