{"id":7524,"date":"2021-08-23T22:02:00","date_gmt":"2021-08-23T19:02:00","guid":{"rendered":"https:\/\/logdio.com\/planificador-de-rutas-de-entrega\/"},"modified":"2023-08-21T00:31:07","modified_gmt":"2023-08-20T21:31:07","slug":"planificador-de-rutas-de-entrega","status":"publish","type":"page","link":"https:\/\/logdio.com\/es\/planificador-de-rutas-de-entrega\/","title":{"rendered":"Planificador de rutas de entrega"},"content":{"rendered":"\t\t<div data-elementor-type=\"wp-page\" data-elementor-id=\"7524\" class=\"elementor elementor-7524 elementor-1056\" data-elementor-post-type=\"page\">\n\t\t\t\t\t\t<section class=\"has_ma_el_bg_slider elementor-section elementor-top-section elementor-element elementor-element-bb4cbd0 elementor-section-boxed elementor-section-height-default elementor-section-height-default jltma-glass-effect-no\" data-id=\"bb4cbd0\" data-element_type=\"section\" data-e-type=\"section\" data-settings=\"{&quot;jet_parallax_layout_list&quot;:[{&quot;jet_parallax_layout_image&quot;:{&quot;url&quot;:&quot;&quot;,&quot;id&quot;:&quot;&quot;,&quot;size&quot;:&quot;&quot;},&quot;_id&quot;:&quot;dcee667&quot;,&quot;jet_parallax_layout_image_tablet&quot;:{&quot;url&quot;:&quot;&quot;,&quot;id&quot;:&quot;&quot;,&quot;size&quot;:&quot;&quot;},&quot;jet_parallax_layout_image_mobile&quot;:{&quot;url&quot;:&quot;&quot;,&quot;id&quot;:&quot;&quot;,&quot;size&quot;:&quot;&quot;},&quot;jet_parallax_layout_speed&quot;:{&quot;unit&quot;:&quot;%&quot;,&quot;size&quot;:50,&quot;sizes&quot;:[]},&quot;jet_parallax_layout_type&quot;:&quot;scroll&quot;,&quot;jet_parallax_layout_direction&quot;:null,&quot;jet_parallax_layout_fx_direction&quot;:null,&quot;jet_parallax_layout_z_index&quot;:&quot;&quot;,&quot;jet_parallax_layout_bg_x&quot;:50,&quot;jet_parallax_layout_bg_x_tablet&quot;:&quot;&quot;,&quot;jet_parallax_layout_bg_x_mobile&quot;:&quot;&quot;,&quot;jet_parallax_layout_bg_y&quot;:50,&quot;jet_parallax_layout_bg_y_tablet&quot;:&quot;&quot;,&quot;jet_parallax_layout_bg_y_mobile&quot;:&quot;&quot;,&quot;jet_parallax_layout_bg_size&quot;:&quot;auto&quot;,&quot;jet_parallax_layout_bg_size_tablet&quot;:&quot;&quot;,&quot;jet_parallax_layout_bg_size_mobile&quot;:&quot;&quot;,&quot;jet_parallax_layout_animation_prop&quot;:&quot;transform&quot;,&quot;jet_parallax_layout_on&quot;:[&quot;desktop&quot;,&quot;tablet&quot;]}]}\">\n\t\t\t\t\t\t<div class=\"elementor-container elementor-column-gap-default\">\n\t\t\t\t\t<div class=\"has_ma_el_bg_slider elementor-column elementor-col-100 elementor-top-column elementor-element elementor-element-d8f9397 jltma-glass-effect-no\" data-id=\"d8f9397\" data-element_type=\"column\" data-e-type=\"column\">\n\t\t\t<div class=\"elementor-widget-wrap elementor-element-populated\">\n\t\t\t\t\t\t<div class=\"elementor-element elementor-element-ab71b3f jltma-glass-effect-no elementor-widget elementor-widget-heading\" data-id=\"ab71b3f\" data-element_type=\"widget\" data-e-type=\"widget\" data-widget_type=\"heading.default\">\n\t\t\t\t<div class=\"elementor-widget-container\">\n\t\t\t\t\t<h1 class=\"elementor-heading-title elementor-size-default\">Planificador de rutas de entrega<\/h1>\t\t\t\t<\/div>\n\t\t\t\t<\/div>\n\t\t\t\t\t<\/div>\n\t\t<\/div>\n\t\t\t\t\t<\/div>\n\t\t<\/section>\n\t\t\t\t<section class=\"has_ma_el_bg_slider elementor-section elementor-top-section elementor-element elementor-element-9a53e57 elementor-section-boxed elementor-section-height-default elementor-section-height-default jltma-glass-effect-no\" data-id=\"9a53e57\" data-element_type=\"section\" data-e-type=\"section\" data-settings=\"{&quot;jet_parallax_layout_list&quot;:[{&quot;jet_parallax_layout_image&quot;:{&quot;url&quot;:&quot;&quot;,&quot;id&quot;:&quot;&quot;,&quot;size&quot;:&quot;&quot;},&quot;_id&quot;:&quot;c42d9be&quot;,&quot;jet_parallax_layout_image_tablet&quot;:{&quot;url&quot;:&quot;&quot;,&quot;id&quot;:&quot;&quot;,&quot;size&quot;:&quot;&quot;},&quot;jet_parallax_layout_image_mobile&quot;:{&quot;url&quot;:&quot;&quot;,&quot;id&quot;:&quot;&quot;,&quot;size&quot;:&quot;&quot;},&quot;jet_parallax_layout_speed&quot;:{&quot;unit&quot;:&quot;%&quot;,&quot;size&quot;:50,&quot;sizes&quot;:[]},&quot;jet_parallax_layout_type&quot;:&quot;scroll&quot;,&quot;jet_parallax_layout_direction&quot;:null,&quot;jet_parallax_layout_fx_direction&quot;:null,&quot;jet_parallax_layout_z_index&quot;:&quot;&quot;,&quot;jet_parallax_layout_bg_x&quot;:50,&quot;jet_parallax_layout_bg_x_tablet&quot;:&quot;&quot;,&quot;jet_parallax_layout_bg_x_mobile&quot;:&quot;&quot;,&quot;jet_parallax_layout_bg_y&quot;:50,&quot;jet_parallax_layout_bg_y_tablet&quot;:&quot;&quot;,&quot;jet_parallax_layout_bg_y_mobile&quot;:&quot;&quot;,&quot;jet_parallax_layout_bg_size&quot;:&quot;auto&quot;,&quot;jet_parallax_layout_bg_size_tablet&quot;:&quot;&quot;,&quot;jet_parallax_layout_bg_size_mobile&quot;:&quot;&quot;,&quot;jet_parallax_layout_animation_prop&quot;:&quot;transform&quot;,&quot;jet_parallax_layout_on&quot;:[&quot;desktop&quot;,&quot;tablet&quot;]}]}\">\n\t\t\t\t\t\t<div class=\"elementor-container elementor-column-gap-default\">\n\t\t\t\t\t<div class=\"has_ma_el_bg_slider elementor-column elementor-col-100 elementor-top-column elementor-element elementor-element-0f35f0a jltma-glass-effect-no\" data-id=\"0f35f0a\" data-element_type=\"column\" data-e-type=\"column\">\n\t\t\t<div class=\"elementor-widget-wrap elementor-element-populated\">\n\t\t\t\t\t\t<div class=\"elementor-element elementor-element-2972b23 jltma-glass-effect-no elementor-widget elementor-widget-text-editor\" data-id=\"2972b23\" data-element_type=\"widget\" data-e-type=\"widget\" data-widget_type=\"text-editor.default\">\n\t\t\t\t<div class=\"elementor-widget-container\">\n\t\t\t\t\t\t\t\t\t<p>Las empresas que tienen su propio servicio de entrega quieren entregar los pedidos a los clientes a tiempo y reducir los costes log\u00edsticos. Las tareas habituales de un servicio de mensajer\u00eda son las siguientes: un logista recibe los pedidos y distribuye las rutas, un mensajero entrega los pedidos e informa del trabajo. El algoritmo parece sencillo, pero el logista tiene que tener en cuenta las ventanas de tiempo de entrega, el tiempo de encuentro con el cliente, los atascos. Tambi\u00e9n hay que controlar a los mensajeros y supervisar la calidad de la entrega. Es dif\u00edcil tratarla manualmente. El planificador de rutas de entrega resuelve el problema.<\/p>\n<p>Averig\u00fcemos qu\u00e9 es el planificador de rutas de entrega, sus ventajas y qu\u00e9 software le conviene.  <\/p>\n<\/p>\n<h2><strong>\u00bfQu\u00e9 es un planificador de rutas de reparto?<\/strong><\/h2>\n<p>Un planificador de rutas de reparto es un software que se utiliza para optimizar las rutas de reparto. El servicio de enrutamiento distribuye autom\u00e1ticamente cientos de pedidos en cuesti\u00f3n de minutos. El logista dedica varias horas a ello, distribuyendo las rutas a mano o de forma semiautom\u00e1tica. El tiempo no es el \u00fanico dolor.<\/p>\n<p>Para planificar los viajes de mensajer\u00eda a la hora exacta, el logista debe tener en cuenta las reparaciones de las carreteras y la previsi\u00f3n de congesti\u00f3n del tr\u00e1fico, comparar varias rutas y elegir la mejor. Si no se planifica correctamente, el mensajero llegar\u00e1 antes o despu\u00e9s. A veces, las empresas utilizan herramientas de planificaci\u00f3n de rutas de entrega que tienen en cuenta la congesti\u00f3n del tr\u00e1fico o los \u00edndices de congesti\u00f3n del tr\u00e1fico por la ma\u00f1ana, por la noche y por la tarde. Teniendo en cuenta los atascos aqu\u00ed y ahora, no ser\u00e1 posible planificar la ruta para ma\u00f1ana. Si se tienen en cuenta los coeficientes, habr\u00e1 que planificar los retrasos.  <\/p>\n<p>El algoritmo pasa por unos mil millones de combinaciones en pocos minutos y da la ruta \u00f3ptima. Un logista no puede hacer eso. Este enfoque reduce el tiempo del logista y reduce el n\u00famero de retrasos a cero.<\/p>\n<p>Lo mejor de un planificador de rutas para entregas es que no se limita a un negocio espec\u00edfico. El programa puede ser utilizado por:<\/p>\n<ul>\n<li>Empresa de mensajer\u00eda<\/li>\n<li>Servicio de entrega<\/li>\n<li>Correo urgente<\/li>\n<li>Empresa de log\u00edstica<\/li>\n<li>Empresa comercial<\/li>\n<li>Cualquier otra organizaci\u00f3n<\/li>\n<\/ul>\n<p>Estas empresas pueden obtener las siguientes dos ventajas principales de un planificador de rutas de reparto:  <\/p>\n<p><strong>Entrega a tiempo<\/strong> fidelizaci\u00f3n del cliente y la conversi\u00f3n al pago del pedido en funci\u00f3n de la rapidez y exactitud de la entrega. Por ejemplo, un cliente del banco emite una entrega de tarjeta de cr\u00e9dito para pagar un tratamiento con urgencia. Si el mensajero reprograma la cita, se corre el riesgo de que el cliente cancele la entrega y se ponga en contacto con otro banco: la conversi\u00f3n a la activaci\u00f3n de la tarjeta de cr\u00e9dito caer\u00e1. Otro ejemplo es la entrega de ropa con ajuste. El comprador paga el pedido s\u00f3lo despu\u00e9s de la colocaci\u00f3n.  <\/p>\n<p>Si planifica mal la ruta, el mensajero llegar\u00e1 tarde. El algoritmo de encaminamiento tiene en cuenta no s\u00f3lo los atascos y el estado de las carreteras, sino tambi\u00e9n los par\u00e1metros comerciales. Como resultado, pasa por unos mil millones de iteraciones posibles y da el resultado \u00f3ptimo. Esto reduce y elimina los retrasos, y los clientes pueden seguir eligiendo intervalos de entrega reducidos.  <\/p>\n<p>Estas no son las \u00fanicas opciones. Puede tener en cuenta las dimensiones de la mercanc\u00eda, el horario de trabajo del almac\u00e9n y otras caracter\u00edsticas esenciales para la entrega con una aplicaci\u00f3n de planificaci\u00f3n de entregas.<\/p>\n<\/p>\n<h3>Planificaci\u00f3n r\u00e1pida<\/h3>\n<p>En primer lugar, el logista no necesita utilizar diferentes servicios: construye rutas y sigue la ejecuci\u00f3n de los pedidos en una sola ventana. Esto ya acorta el tiempo. En segundo lugar, el logista no pierde el tiempo planificando. El servicio calcula autom\u00e1ticamente las rutas.  <\/p>\n<p>El servicio muestra la ruta de cada mensajero o veh\u00edculo, cu\u00e1ntos pedidos se han entregado y si hay alguna infracci\u00f3n.  <\/p>\n<p>El logista tambi\u00e9n puede corregir manualmente los pedidos. Esto es conveniente si han aparecido nuevos pedidos. En primer lugar, el servicio distribuye todos los pedidos a todos los mensajeros. Si hay un nuevo pedido, el logista a\u00f1ade un punto al final de la ruta al mensajero que est\u00e1 en camino. Si se redistribuye una ruta autom\u00e1ticamente, se reconstruir\u00e1n todas las rutas; esto es un inconveniente.<\/p>\n<\/p>\n<h2><strong>\u00bfC\u00f3mo ahorrar los gastos de env\u00edo?<\/strong><\/h2>\n<p>Una aplicaci\u00f3n de planificaci\u00f3n de rutas de reparto calcula muchas rutas, teniendo en cuenta la previsi\u00f3n de atascos, los datos sobre rutas anteriores, la forma de viajar de los mensajeros, y ofrece la mejor opci\u00f3n.<\/p>\n<p>Por ejemplo, tiene que entregar 750 pedidos ma\u00f1ana. Veinte mensajeros entregan los pedidos a pie, diez lo hacen en transporte p\u00fablico y cinco en coche.  <\/p>\n<p>El logista ve el calendario de trabajo de los mensajeros y el calendario de pedidos en la app. Todo lo que necesita para distribuir los pedidos es hacer clic en un bot\u00f3n. El servicio de enrutamiento incorporado determinar\u00e1 autom\u00e1ticamente cu\u00e1ntos pedidos pueden entregar los empleados en el momento adecuado. Si hay muchos mensajeros a pie, ofr\u00e9zcase a entregar el servicio a pie y no llame a los conductores para que no gasten combustible. As\u00ed es m\u00e1s barato.<\/p>\n<\/p>\n<h2><strong>\u00bfQu\u00e9 software de planificaci\u00f3n de rutas de reparto utilizar?<\/strong><\/h2>\n<p>Ahora es el momento de buscar los servicios adecuados. Recuerde que hay muchas opciones, pero el planificador de rutas para conductores de reparto adecuado es el que a\u00f1ade valor real a su negocio. Todas las plataformas no ofrecen buenos servicios al precio adecuado. Adem\u00e1s, puede ser un reto pagar un precio m\u00e1s alto por un nuevo negocio.  <\/p>\n<p>Por lo tanto, necesita un paquete que cumpla con los requisitos de su empresa. Esto es lo que hay que tener en cuenta:  <\/p>\n<ul>\n<li>Precios razonables<\/li>\n<li>Funciones imprescindibles en un sistema de despacho  <\/li>\n<li>Soluciones sencillas para todo tipo de necesidades empresariales  <\/li>\n<li>Una prueba gratuita: Inscr\u00edbase en la prueba gratuita y compruebe usted mismo los resultados.  <\/li>\n<\/ul>\n<h2><strong>\u00bfPor qu\u00e9 elegir Logdio?<\/strong><\/h2>\n<p>En Logdio le ofrecemos nuestra experiencia en el desarrollo e implementaci\u00f3n del planificador de rutas m\u00e1s r\u00e1pido para la gesti\u00f3n de los procesos de entrega, que son utilizados con \u00e9xito por muchos de nuestros clientes.<\/p>\n<p>Logdio es un sistema de dise\u00f1o que le permite implementar su propio servicio de entrega en una empresa, automatizar el trabajo y organizar el control total de los mensajeros.<\/p>\n<p>Elija la funcionalidad requerida, determine el nivel de personalizaci\u00f3n de la interfaz, incluya en el conjunto m\u00f3dulos adicionales y opciones desarrolladas para su negocio. Logdio delivery route planner app UK llevar\u00e1 a cabo un ciclo completo de automatizaci\u00f3n y personalizaci\u00f3n: desde el an\u00e1lisis del negocio hasta la implementaci\u00f3n.<\/p>\n<p>Consulta la aplicaci\u00f3n de prueba gratuita de planificador de rutas para repartidores y ponte en contacto con ellos para obtener m\u00e1s detalles.  <\/p>\n\t\t\t\t\t\t\t\t<\/div>\n\t\t\t\t<\/div>\n\t\t\t\t\t<\/div>\n\t\t<\/div>\n\t\t\t\t\t<\/div>\n\t\t<\/section>\n\t\t\t\t<\/div>\n\t\t","protected":false},"excerpt":{"rendered":"<p>Las empresas que tienen su propio servicio de entrega quieren entregar los pedidos a los clientes a tiempo y reducir los costes log\u00edsticos. Las tareas habituales de un servicio de mensajer\u00eda son las siguientes: un logista recibe los pedidos y distribuye las rutas, un mensajero entrega los pedidos e informa del trabajo. El algoritmo parece [&hellip;]<\/p>\n","protected":false},"author":1,"featured_media":0,"parent":0,"menu_order":0,"comment_status":"closed","ping_status":"closed","template":"elementor_header_footer","meta":{"footnotes":""},"class_list":["post-7524","page","type-page","status-publish","hentry"],"yoast_head":"<!-- This site is optimized with the Yoast SEO plugin v26.8 - https:\/\/yoast.com\/product\/yoast-seo-wordpress\/ -->\n<title>Planificador de rutas de entrega - Logdio - delivery management tool<\/title>\n<meta name=\"description\" content=\"Aumente su productividad con el planificador de rutas de reparto Logdis. Ya no necesitas Google Maps. Ofrecemos una aplicaci\u00f3n f\u00e1cil de usar para las empresas de reparto.\" \/>\n<meta name=\"robots\" content=\"index, follow, max-snippet:-1, max-image-preview:large, max-video-preview:-1\" \/>\n<link rel=\"canonical\" href=\"https:\/\/logdio.com\/es\/planificador-de-rutas-de-entrega\/\" \/>\n<meta property=\"og:locale\" content=\"es_ES\" \/>\n<meta property=\"og:type\" content=\"article\" \/>\n<meta property=\"og:title\" content=\"Planificador de rutas de entrega - Logdio - delivery management tool\" \/>\n<meta property=\"og:description\" content=\"Aumente su productividad con el planificador de rutas de reparto Logdis. Ya no necesitas Google Maps. Ofrecemos una aplicaci\u00f3n f\u00e1cil de usar para las empresas de reparto.\" \/>\n<meta property=\"og:url\" content=\"https:\/\/logdio.com\/es\/planificador-de-rutas-de-entrega\/\" \/>\n<meta property=\"og:site_name\" content=\"Logdio - delivery management tool\" \/>\n<meta property=\"article:publisher\" content=\"https:\/\/www.facebook.com\/logtime.eu\/\" \/>\n<meta property=\"article:modified_time\" content=\"2023-08-20T21:31:07+00:00\" \/>\n<meta name=\"twitter:card\" content=\"summary_large_image\" \/>\n<meta name=\"twitter:label1\" content=\"Tiempo de lectura\" \/>\n\t<meta name=\"twitter:data1\" content=\"6 minutos\" \/>\n<script type=\"application\/ld+json\" class=\"yoast-schema-graph\">{\"@context\":\"https:\/\/schema.org\",\"@graph\":[{\"@type\":\"WebPage\",\"@id\":\"https:\/\/logdio.com\/es\/planificador-de-rutas-de-entrega\/\",\"url\":\"https:\/\/logdio.com\/es\/planificador-de-rutas-de-entrega\/\",\"name\":\"Planificador de rutas de entrega - Logdio - delivery management tool\",\"isPartOf\":{\"@id\":\"https:\/\/logdio.com\/es\/#website\"},\"datePublished\":\"2021-08-23T19:02:00+00:00\",\"dateModified\":\"2023-08-20T21:31:07+00:00\",\"description\":\"Aumente su productividad con el planificador de rutas de reparto Logdis. Ya no necesitas Google Maps. Ofrecemos una aplicaci\u00f3n f\u00e1cil de usar para las empresas de reparto.\",\"breadcrumb\":{\"@id\":\"https:\/\/logdio.com\/es\/planificador-de-rutas-de-entrega\/#breadcrumb\"},\"inLanguage\":\"es\",\"potentialAction\":[{\"@type\":\"ReadAction\",\"target\":[\"https:\/\/logdio.com\/es\/planificador-de-rutas-de-entrega\/\"]}]},{\"@type\":\"BreadcrumbList\",\"@id\":\"https:\/\/logdio.com\/es\/planificador-de-rutas-de-entrega\/#breadcrumb\",\"itemListElement\":[{\"@type\":\"ListItem\",\"position\":1,\"name\":\"Home\",\"item\":\"https:\/\/logdio.com\/es\/pagina-de-aterrizaje\/\"},{\"@type\":\"ListItem\",\"position\":2,\"name\":\"Planificador de rutas de entrega\"}]},{\"@type\":\"WebSite\",\"@id\":\"https:\/\/logdio.com\/es\/#website\",\"url\":\"https:\/\/logdio.com\/es\/\",\"name\":\"Logdio - delivery management tool\",\"description\":\"Next level delivery management software\",\"publisher\":{\"@id\":\"https:\/\/logdio.com\/es\/#organization\"},\"potentialAction\":[{\"@type\":\"SearchAction\",\"target\":{\"@type\":\"EntryPoint\",\"urlTemplate\":\"https:\/\/logdio.com\/es\/?s={search_term_string}\"},\"query-input\":{\"@type\":\"PropertyValueSpecification\",\"valueRequired\":true,\"valueName\":\"search_term_string\"}}],\"inLanguage\":\"es\"},{\"@type\":\"Organization\",\"@id\":\"https:\/\/logdio.com\/es\/#organization\",\"name\":\"Logdio\",\"url\":\"https:\/\/logdio.com\/es\/\",\"logo\":{\"@type\":\"ImageObject\",\"inLanguage\":\"es\",\"@id\":\"https:\/\/logdio.com\/es\/#\/schema\/logo\/image\/\",\"url\":\"https:\/\/logdio.com\/wp-content\/uploads\/2021\/05\/Logdio.svg\",\"contentUrl\":\"https:\/\/logdio.com\/wp-content\/uploads\/2021\/05\/Logdio.svg\",\"width\":4.44919,\"height\":1.1285,\"caption\":\"Logdio\"},\"image\":{\"@id\":\"https:\/\/logdio.com\/es\/#\/schema\/logo\/image\/\"},\"sameAs\":[\"https:\/\/www.facebook.com\/logtime.eu\/\",\"https:\/\/www.linkedin.com\/company\/logtime\"]}]}<\/script>\n<!-- \/ Yoast SEO plugin. -->","yoast_head_json":{"title":"Planificador de rutas de entrega - Logdio - delivery management tool","description":"Aumente su productividad con el planificador de rutas de reparto Logdis. Ya no necesitas Google Maps. Ofrecemos una aplicaci\u00f3n f\u00e1cil de usar para las empresas de reparto.","robots":{"index":"index","follow":"follow","max-snippet":"max-snippet:-1","max-image-preview":"max-image-preview:large","max-video-preview":"max-video-preview:-1"},"canonical":"https:\/\/logdio.com\/es\/planificador-de-rutas-de-entrega\/","og_locale":"es_ES","og_type":"article","og_title":"Planificador de rutas de entrega - Logdio - delivery management tool","og_description":"Aumente su productividad con el planificador de rutas de reparto Logdis. Ya no necesitas Google Maps. Ofrecemos una aplicaci\u00f3n f\u00e1cil de usar para las empresas de reparto.","og_url":"https:\/\/logdio.com\/es\/planificador-de-rutas-de-entrega\/","og_site_name":"Logdio - delivery management tool","article_publisher":"https:\/\/www.facebook.com\/logtime.eu\/","article_modified_time":"2023-08-20T21:31:07+00:00","twitter_card":"summary_large_image","twitter_misc":{"Tiempo de lectura":"6 minutos"},"schema":{"@context":"https:\/\/schema.org","@graph":[{"@type":"WebPage","@id":"https:\/\/logdio.com\/es\/planificador-de-rutas-de-entrega\/","url":"https:\/\/logdio.com\/es\/planificador-de-rutas-de-entrega\/","name":"Planificador de rutas de entrega - Logdio - delivery management tool","isPartOf":{"@id":"https:\/\/logdio.com\/es\/#website"},"datePublished":"2021-08-23T19:02:00+00:00","dateModified":"2023-08-20T21:31:07+00:00","description":"Aumente su productividad con el planificador de rutas de reparto Logdis. Ya no necesitas Google Maps. Ofrecemos una aplicaci\u00f3n f\u00e1cil de usar para las empresas de reparto.","breadcrumb":{"@id":"https:\/\/logdio.com\/es\/planificador-de-rutas-de-entrega\/#breadcrumb"},"inLanguage":"es","potentialAction":[{"@type":"ReadAction","target":["https:\/\/logdio.com\/es\/planificador-de-rutas-de-entrega\/"]}]},{"@type":"BreadcrumbList","@id":"https:\/\/logdio.com\/es\/planificador-de-rutas-de-entrega\/#breadcrumb","itemListElement":[{"@type":"ListItem","position":1,"name":"Home","item":"https:\/\/logdio.com\/es\/pagina-de-aterrizaje\/"},{"@type":"ListItem","position":2,"name":"Planificador de rutas de entrega"}]},{"@type":"WebSite","@id":"https:\/\/logdio.com\/es\/#website","url":"https:\/\/logdio.com\/es\/","name":"Logdio - delivery management tool","description":"Next level delivery management software","publisher":{"@id":"https:\/\/logdio.com\/es\/#organization"},"potentialAction":[{"@type":"SearchAction","target":{"@type":"EntryPoint","urlTemplate":"https:\/\/logdio.com\/es\/?s={search_term_string}"},"query-input":{"@type":"PropertyValueSpecification","valueRequired":true,"valueName":"search_term_string"}}],"inLanguage":"es"},{"@type":"Organization","@id":"https:\/\/logdio.com\/es\/#organization","name":"Logdio","url":"https:\/\/logdio.com\/es\/","logo":{"@type":"ImageObject","inLanguage":"es","@id":"https:\/\/logdio.com\/es\/#\/schema\/logo\/image\/","url":"https:\/\/logdio.com\/wp-content\/uploads\/2021\/05\/Logdio.svg","contentUrl":"https:\/\/logdio.com\/wp-content\/uploads\/2021\/05\/Logdio.svg","width":4.44919,"height":1.1285,"caption":"Logdio"},"image":{"@id":"https:\/\/logdio.com\/es\/#\/schema\/logo\/image\/"},"sameAs":["https:\/\/www.facebook.com\/logtime.eu\/","https:\/\/www.linkedin.com\/company\/logtime"]}]}},"_links":{"self":[{"href":"https:\/\/logdio.com\/es\/wp-json\/wp\/v2\/pages\/7524","targetHints":{"allow":["GET"]}}],"collection":[{"href":"https:\/\/logdio.com\/es\/wp-json\/wp\/v2\/pages"}],"about":[{"href":"https:\/\/logdio.com\/es\/wp-json\/wp\/v2\/types\/page"}],"author":[{"embeddable":true,"href":"https:\/\/logdio.com\/es\/wp-json\/wp\/v2\/users\/1"}],"replies":[{"embeddable":true,"href":"https:\/\/logdio.com\/es\/wp-json\/wp\/v2\/comments?post=7524"}],"version-history":[{"count":2,"href":"https:\/\/logdio.com\/es\/wp-json\/wp\/v2\/pages\/7524\/revisions"}],"predecessor-version":[{"id":11629,"href":"https:\/\/logdio.com\/es\/wp-json\/wp\/v2\/pages\/7524\/revisions\/11629"}],"wp:attachment":[{"href":"https:\/\/logdio.com\/es\/wp-json\/wp\/v2\/media?parent=7524"}],"curies":[{"name":"wp","href":"https:\/\/api.w.org\/{rel}","templated":true}]}}