{"id":7509,"date":"2021-08-23T22:01:52","date_gmt":"2021-08-23T19:01:52","guid":{"rendered":"https:\/\/logdio.com\/prueba-de-entrega\/"},"modified":"2021-09-13T17:12:09","modified_gmt":"2021-09-13T14:12:09","slug":"prueba-de-entrega","status":"publish","type":"page","link":"https:\/\/logdio.com\/es\/prueba-de-entrega\/","title":{"rendered":"Prueba de entrega"},"content":{"rendered":"\t\t<div data-elementor-type=\"wp-page\" data-elementor-id=\"7509\" class=\"elementor elementor-7509 elementor-1053\" data-elementor-post-type=\"page\">\n\t\t\t\t\t\t<section class=\"has_ma_el_bg_slider elementor-section elementor-top-section elementor-element elementor-element-0fecb16 elementor-section-boxed elementor-section-height-default elementor-section-height-default jltma-glass-effect-no\" data-id=\"0fecb16\" data-element_type=\"section\" data-e-type=\"section\" data-settings=\"{&quot;jet_parallax_layout_list&quot;:[{&quot;jet_parallax_layout_image&quot;:{&quot;url&quot;:&quot;&quot;,&quot;id&quot;:&quot;&quot;,&quot;size&quot;:&quot;&quot;},&quot;_id&quot;:&quot;26d3bd4&quot;,&quot;jet_parallax_layout_image_tablet&quot;:{&quot;url&quot;:&quot;&quot;,&quot;id&quot;:&quot;&quot;,&quot;size&quot;:&quot;&quot;},&quot;jet_parallax_layout_image_mobile&quot;:{&quot;url&quot;:&quot;&quot;,&quot;id&quot;:&quot;&quot;,&quot;size&quot;:&quot;&quot;},&quot;jet_parallax_layout_speed&quot;:{&quot;unit&quot;:&quot;%&quot;,&quot;size&quot;:50,&quot;sizes&quot;:[]},&quot;jet_parallax_layout_type&quot;:&quot;scroll&quot;,&quot;jet_parallax_layout_direction&quot;:null,&quot;jet_parallax_layout_fx_direction&quot;:null,&quot;jet_parallax_layout_z_index&quot;:&quot;&quot;,&quot;jet_parallax_layout_bg_x&quot;:50,&quot;jet_parallax_layout_bg_x_tablet&quot;:&quot;&quot;,&quot;jet_parallax_layout_bg_x_mobile&quot;:&quot;&quot;,&quot;jet_parallax_layout_bg_y&quot;:50,&quot;jet_parallax_layout_bg_y_tablet&quot;:&quot;&quot;,&quot;jet_parallax_layout_bg_y_mobile&quot;:&quot;&quot;,&quot;jet_parallax_layout_bg_size&quot;:&quot;auto&quot;,&quot;jet_parallax_layout_bg_size_tablet&quot;:&quot;&quot;,&quot;jet_parallax_layout_bg_size_mobile&quot;:&quot;&quot;,&quot;jet_parallax_layout_animation_prop&quot;:&quot;transform&quot;,&quot;jet_parallax_layout_on&quot;:[&quot;desktop&quot;,&quot;tablet&quot;]}]}\">\n\t\t\t\t\t\t<div class=\"elementor-container elementor-column-gap-default\">\n\t\t\t\t\t<div class=\"has_ma_el_bg_slider elementor-column elementor-col-100 elementor-top-column elementor-element elementor-element-9bbe2b6 jltma-glass-effect-no\" data-id=\"9bbe2b6\" data-element_type=\"column\" data-e-type=\"column\">\n\t\t\t<div class=\"elementor-widget-wrap elementor-element-populated\">\n\t\t\t\t\t\t<div class=\"elementor-element elementor-element-93204c4 jltma-glass-effect-no elementor-widget elementor-widget-heading\" data-id=\"93204c4\" data-element_type=\"widget\" data-e-type=\"widget\" data-widget_type=\"heading.default\">\n\t\t\t\t<div class=\"elementor-widget-container\">\n\t\t\t\t\t<h1 class=\"elementor-heading-title elementor-size-default\">Prueba de entrega<\/h1>\t\t\t\t<\/div>\n\t\t\t\t<\/div>\n\t\t\t\t\t<\/div>\n\t\t<\/div>\n\t\t\t\t\t<\/div>\n\t\t<\/section>\n\t\t\t\t<section class=\"has_ma_el_bg_slider elementor-section elementor-top-section elementor-element elementor-element-ffa49c8 elementor-section-boxed elementor-section-height-default elementor-section-height-default jltma-glass-effect-no\" data-id=\"ffa49c8\" data-element_type=\"section\" data-e-type=\"section\" data-settings=\"{&quot;jet_parallax_layout_list&quot;:[{&quot;jet_parallax_layout_image&quot;:{&quot;url&quot;:&quot;&quot;,&quot;id&quot;:&quot;&quot;,&quot;size&quot;:&quot;&quot;},&quot;_id&quot;:&quot;883b2bc&quot;,&quot;jet_parallax_layout_image_tablet&quot;:{&quot;url&quot;:&quot;&quot;,&quot;id&quot;:&quot;&quot;,&quot;size&quot;:&quot;&quot;},&quot;jet_parallax_layout_image_mobile&quot;:{&quot;url&quot;:&quot;&quot;,&quot;id&quot;:&quot;&quot;,&quot;size&quot;:&quot;&quot;},&quot;jet_parallax_layout_speed&quot;:{&quot;unit&quot;:&quot;%&quot;,&quot;size&quot;:50,&quot;sizes&quot;:[]},&quot;jet_parallax_layout_type&quot;:&quot;scroll&quot;,&quot;jet_parallax_layout_direction&quot;:null,&quot;jet_parallax_layout_fx_direction&quot;:null,&quot;jet_parallax_layout_z_index&quot;:&quot;&quot;,&quot;jet_parallax_layout_bg_x&quot;:50,&quot;jet_parallax_layout_bg_x_tablet&quot;:&quot;&quot;,&quot;jet_parallax_layout_bg_x_mobile&quot;:&quot;&quot;,&quot;jet_parallax_layout_bg_y&quot;:50,&quot;jet_parallax_layout_bg_y_tablet&quot;:&quot;&quot;,&quot;jet_parallax_layout_bg_y_mobile&quot;:&quot;&quot;,&quot;jet_parallax_layout_bg_size&quot;:&quot;auto&quot;,&quot;jet_parallax_layout_bg_size_tablet&quot;:&quot;&quot;,&quot;jet_parallax_layout_bg_size_mobile&quot;:&quot;&quot;,&quot;jet_parallax_layout_animation_prop&quot;:&quot;transform&quot;,&quot;jet_parallax_layout_on&quot;:[&quot;desktop&quot;,&quot;tablet&quot;]}]}\">\n\t\t\t\t\t\t<div class=\"elementor-container elementor-column-gap-default\">\n\t\t\t\t\t<div class=\"has_ma_el_bg_slider elementor-column elementor-col-100 elementor-top-column elementor-element elementor-element-bf6b3b9 jltma-glass-effect-no\" data-id=\"bf6b3b9\" data-element_type=\"column\" data-e-type=\"column\">\n\t\t\t<div class=\"elementor-widget-wrap elementor-element-populated\">\n\t\t\t\t\t\t<div class=\"elementor-element elementor-element-5d3d529 jltma-glass-effect-no elementor-widget elementor-widget-text-editor\" data-id=\"5d3d529\" data-element_type=\"widget\" data-e-type=\"widget\" data-widget_type=\"text-editor.default\">\n\t\t\t\t<div class=\"elementor-widget-container\">\n\t\t\t\t\t\t\t\t\t<p>Hoy en d\u00eda las entregas de pedidos son cada vez m\u00e1s r\u00e1pidas. El aumento del n\u00famero de entregas y las crecientes expectativas de los clientes multiplican la presi\u00f3n sobre las empresas. A veces los clientes piden un producto, pero \u00e9ste llega tarde o no llega. Incluso cuando la entrega se realiza sin problemas, reciben mercanc\u00edas da\u00f1adas. En estas situaciones, la <strong>prueba de entrega<\/strong> (tambi\u00e9n conocida como POD) proporciona a sus clientes la tranquilidad de haber recibido lo que pagaron en perfectas condiciones.<\/p>\n<p>As\u00ed pues, cualquier empresa cuya reputaci\u00f3n dependa de la rapidez y la calidad de la entrega de un producto o servicio debe prestar especial atenci\u00f3n a la prueba de entrega. Satisfar\u00e1 la experiencia de entrega tanto para el cliente como para la empresa.<\/p>\n<\/p>\n<h2><strong>\u00bfQu\u00e9 es la prueba de entrega?<\/strong><\/h2>\n<p>La prueba de entrega es un acuse de recibo de que el pedido ha llegado al lugar deseado con \u00e9xito. Si tiene un negocio de entrega de alimentos, log\u00edstica, B2B o comercio electr\u00f3nico, POD es la mejor opci\u00f3n para usted. Pero no se limita a estos dos flujos \u00fanicamente; tambi\u00e9n puede utilizarlo para mostrar que el servicio se ha completado. Por eso el POD tambi\u00e9n se conoce como Prueba de Terminaci\u00f3n (POC).<\/p>\n<p>El POD est\u00e1 disponible en dos formas:<\/p>\n<h3><strong>1. <\/strong><strong>POD de papel: <\/strong> <\/h3>\n<p>Un POD en papel es un documento f\u00edsico que funciona como un recibo. Los clientes firman un POD en papel cuando reciben un producto o un servicio.<\/p>\n<h3><strong>2. <\/strong><strong>POD electr\u00f3nico: <\/strong> <\/h3>\n<p>Hoy en d\u00eda, los clientes est\u00e1n m\u00e1s familiarizados con el POD electr\u00f3nico. Atr\u00e1s quedaron los d\u00edas en los que las empresas ten\u00edan que esperar a que los conductores de reparto volvieran con los PODs en papel o llamar a los clientes para comprobar el estado de la entrega. En la prueba de entrega electr\u00f3nica POD, los clientes proporcionan se\u00f1ales electr\u00f3nicas al recibir sus productos. Tanto el cliente como el remitente pueden recibir informaci\u00f3n instant\u00e1nea sobre la entrega cuando \u00e9sta se realiza con \u00e9xito.<\/p>\n<p>El POD de papel puede perderse o da\u00f1arse f\u00e1cilmente. Con el POD electr\u00f3nico, no es necesario mantener registros en papel para confirmar la entrega. As\u00ed se reducen los esfuerzos manuales y se simplifican las cosas.<\/p>\n<\/p>\n<h2><strong>\u00bfPor qu\u00e9 es importante?<\/strong><\/h2>\n<p>El POD es importante por varias razones:<\/p>\n<h3><strong>1. <\/strong><strong>Entrega segura de documentos importantes<\/strong><\/h3>\n<p>Cuando quiera enviar documentos importantes (certificado de matrimonio original, certificado de nacimiento, pasaporte), el POD se convierte en algo esencial. Con la ayuda de esta avanzada herramienta, sus documentos ser\u00e1n entregados al lugar correcto y a las autoridades adecuadas. As\u00ed, si los documentos se pierden, se puede rastrear f\u00e1cilmente d\u00f3nde se produjo el error.<\/p>\n<h3><strong>2. <\/strong><strong>Completa la Cadena de Custodia:<\/strong><\/h3>\n<p>La rendici\u00f3n de cuentas es esencial en las entregas B2B, incluso cuando el paquete llega a su destino. El POD completa la cadena de custodia y se asegura de que la mercanc\u00eda se entrega al destinatario correcto. Este servicio es m\u00e1s beneficioso cuando se necesita entregar productos a empresas con varios departamentos.<\/p>\n<h3><strong>3. <\/strong><strong>Evita las disputas <\/strong> <\/h3>\n<p>El POD permite la interacci\u00f3n sin contacto si los clientes no est\u00e1n en casa. Esta opci\u00f3n evita las disputas entre clientes y proveedores porque el conductor tomar\u00e1 la foto para demostrar que el art\u00edculo lleg\u00f3 a la direcci\u00f3n del comprador. El POD permite recibir la confirmaci\u00f3n del hecho de que el pedido ha sido aceptado por el cliente gracias a la firma electr\u00f3nica de \u00e9ste en la pantalla del smartphone del mensajero, as\u00ed como fotografiar el hecho de la entrega del pedido. El uso del mecanismo de fotofijaci\u00f3n tambi\u00e9n le permitir\u00e1 resolver r\u00e1pidamente la situaci\u00f3n en caso de da\u00f1os\/maltrato de la mercanc\u00eda. De este modo, el POD mantiene al personal de reparto protegido de los comentarios negativos o de las falsas acusaciones de los clientes.<\/p>\n<h3><strong>4. <\/strong><strong>Reduce los duplicados, el fraude y los retrasos en los pagos<\/strong><\/h3>\n<p>Adem\u00e1s, el POD ayuda a reducir los incidentes de fraude, los art\u00edculos duplicados y los gastos de demora que cobran los vendedores por los productos que a\u00fan no se han entregado.<\/p>\n<h3><strong>5. <\/strong><strong>Mejora la trazabilidad<\/strong><\/h3>\n<p>Un sistema electr\u00f3nico POD aporta transparencia al mejorar la trazabilidad de los env\u00edos en toda la cadena de suministro. Permite un mejor seguimiento del progreso de la entrega, facilitando a las empresas la identificaci\u00f3n de los problemas de entrega relevantes antes de que se conviertan en pasivos significativos.<\/p>\n<h3><strong>6. <\/strong><strong>Aumenta la precisi\u00f3n de las existencias:<\/strong><\/h3>\n<p>Con el comprobante de entrega, las empresas se mantienen organizadas y llevan un registro de las entregas y devoluciones realizadas con \u00e9xito. Esto ayuda al equipo del almac\u00e9n a gestionar mejor los niveles de existencias y a aumentar la precisi\u00f3n de las mismas.<\/p>\n<h3><strong>7. <\/strong><strong>Ayuda a controlar el progreso de la entrega<\/strong><\/h3>\n<p>El POD electr\u00f3nico simplifica los procesos de entrega al ofrecer una funci\u00f3n de seguimiento del progreso de la entrega. Cuando un conductor est\u00e9 en el campo, demostrar\u00e1 que se ha detenido para hacer la entrega. As\u00ed, puede mejorar las operaciones generales fuera y dentro del campo con el POD electr\u00f3nico.<\/p>\n<h3><strong>8. <\/strong><strong>Mejora la experiencia del cliente<\/strong><\/h3>\n<p>Los clientes tienen una amplia gama de opciones de compra. Las empresas que ofrecen una experiencia personalizada y fiable se ganan la mayor parte de la fidelidad de sus clientes. El POD ayuda a mejorar el servicio al cliente y mejora la experiencia de los clientes. Puede fidelizar a sus clientes, mejorar la imagen de marca de su empresa y aumentar la tasa de retenci\u00f3n de clientes.<\/p>\n<h3><strong>9. <\/strong><strong>Ahorra tiempo<\/strong><\/h3>\n<p>Hace tiempo que vivimos en el siglo XXI, y es inaceptable para muchos compradores esperar a un mensajero durante el d\u00eda. Bas\u00e1ndose en la informaci\u00f3n del sistema de planificaci\u00f3n y control de los movimientos de los mensajeros, puede informar autom\u00e1ticamente a los clientes sobre el plazo de entrega.<\/p>\n<\/p>\n<h2><strong>\u00bfPor qu\u00e9 elegir el sistema Logdis POD?<\/strong><\/h2>\n<p>Los problemas de entrega son quiz\u00e1s la raz\u00f3n m\u00e1s com\u00fan de las cr\u00edticas negativas y de la negatividad sobre una tienda. Y viceversa, una entrega r\u00e1pida, sin necesidad de esperar a un mensajero durante el d\u00eda, informando sobre el progreso de la entrega &#8211; crea una buena impresi\u00f3n y convierte al cliente en un habitual. Un cliente as\u00ed estar\u00e1 encantado de volver, recomendar\u00e1 la tienda a sus amigos y colegas y escribir\u00e1 cr\u00edticas positivas en Internet. El sistema Logdis POD contribuye a lograr este objetivo.<\/p>\n<p>Hablamos del servicio online logdio.com, que simplifica enormemente la gesti\u00f3n de los mensajeros y reduce el tiempo de espera del cliente. Adem\u00e1s, hace que la informaci\u00f3n sobre el estado de la entrega de cada pedido sea transparente, no s\u00f3lo para el gestor de la entrega sino, si lo desea, para los clientes.<\/p>\n<p>Este software contiene toda la informaci\u00f3n sobre pedidos, clientes, mercanc\u00edas, pagos, etc. El puesto de trabajo del administrador permite ver la ubicaci\u00f3n de los mensajeros y los pedidos en el mapa, para recibir una previsi\u00f3n sobre la hora de llegada del mensajero al cliente.<\/p>\n<p>Nos interesan los comentarios, las recomendaciones y los deseos que nos permitan hacer del servicio una herramienta c\u00f3moda y valiosa. Si est\u00e1 interesado en implementar una prueba de entrega POD en su negocio, <a href=\"https:\/\/logdio.com\/es\/prueba-de-entrega\/\">compre nuestros servicios<\/a>.<\/p><\/p>\n\t\t\t\t\t\t\t\t<\/div>\n\t\t\t\t<\/div>\n\t\t\t\t\t<\/div>\n\t\t<\/div>\n\t\t\t\t\t<\/div>\n\t\t<\/section>\n\t\t\t\t<\/div>\n\t\t","protected":false},"excerpt":{"rendered":"<p>Prueba de entrega Hoy en d\u00eda las entregas de pedidos son cada vez m\u00e1s r\u00e1pidas. El aumento del n\u00famero de entregas y las crecientes expectativas de los clientes multiplican la presi\u00f3n sobre las empresas. A veces los clientes piden un producto, pero \u00e9ste llega tarde o no llega. Incluso cuando la entrega se realiza sin [&hellip;]<\/p>\n","protected":false},"author":1,"featured_media":0,"parent":0,"menu_order":0,"comment_status":"closed","ping_status":"closed","template":"elementor_header_footer","meta":{"footnotes":""},"class_list":["post-7509","page","type-page","status-publish","hentry"],"yoast_head":"<!-- This site is optimized with the Yoast SEO plugin v26.8 - https:\/\/yoast.com\/product\/yoast-seo-wordpress\/ -->\n<title>Prueba de entrega - Logdio - delivery management tool<\/title>\n<meta name=\"description\" content=\"Proporcionar pruebas de entrega a los clientes con el sistema Logdis. Incluye fotos y firmas. As\u00ed como las coordenadas y los datos horarios.\" \/>\n<meta name=\"robots\" content=\"index, follow, max-snippet:-1, max-image-preview:large, max-video-preview:-1\" \/>\n<link rel=\"canonical\" href=\"https:\/\/logdio.com\/es\/prueba-de-entrega\/\" \/>\n<meta property=\"og:locale\" content=\"es_ES\" \/>\n<meta property=\"og:type\" content=\"article\" \/>\n<meta property=\"og:title\" content=\"Prueba de entrega - Logdio - delivery management tool\" \/>\n<meta property=\"og:description\" content=\"Proporcionar pruebas de entrega a los clientes con el sistema Logdis. Incluye fotos y firmas. As\u00ed como las coordenadas y los datos horarios.\" \/>\n<meta property=\"og:url\" content=\"https:\/\/logdio.com\/es\/prueba-de-entrega\/\" \/>\n<meta property=\"og:site_name\" content=\"Logdio - delivery management tool\" \/>\n<meta property=\"article:publisher\" content=\"https:\/\/www.facebook.com\/logtime.eu\/\" \/>\n<meta property=\"article:modified_time\" content=\"2021-09-13T14:12:09+00:00\" \/>\n<meta name=\"twitter:card\" content=\"summary_large_image\" \/>\n<meta name=\"twitter:label1\" content=\"Tiempo de lectura\" \/>\n\t<meta name=\"twitter:data1\" content=\"6 minutos\" \/>\n<script type=\"application\/ld+json\" class=\"yoast-schema-graph\">{\"@context\":\"https:\/\/schema.org\",\"@graph\":[{\"@type\":\"WebPage\",\"@id\":\"https:\/\/logdio.com\/es\/prueba-de-entrega\/\",\"url\":\"https:\/\/logdio.com\/es\/prueba-de-entrega\/\",\"name\":\"Prueba de entrega - Logdio - delivery management tool\",\"isPartOf\":{\"@id\":\"https:\/\/logdio.com\/es\/#website\"},\"datePublished\":\"2021-08-23T19:01:52+00:00\",\"dateModified\":\"2021-09-13T14:12:09+00:00\",\"description\":\"Proporcionar pruebas de entrega a los clientes con el sistema Logdis. Incluye fotos y firmas. As\u00ed como las coordenadas y los datos horarios.\",\"breadcrumb\":{\"@id\":\"https:\/\/logdio.com\/es\/prueba-de-entrega\/#breadcrumb\"},\"inLanguage\":\"es\",\"potentialAction\":[{\"@type\":\"ReadAction\",\"target\":[\"https:\/\/logdio.com\/es\/prueba-de-entrega\/\"]}]},{\"@type\":\"BreadcrumbList\",\"@id\":\"https:\/\/logdio.com\/es\/prueba-de-entrega\/#breadcrumb\",\"itemListElement\":[{\"@type\":\"ListItem\",\"position\":1,\"name\":\"Home\",\"item\":\"https:\/\/logdio.com\/es\/pagina-de-aterrizaje\/\"},{\"@type\":\"ListItem\",\"position\":2,\"name\":\"Prueba de entrega\"}]},{\"@type\":\"WebSite\",\"@id\":\"https:\/\/logdio.com\/es\/#website\",\"url\":\"https:\/\/logdio.com\/es\/\",\"name\":\"Logdio - delivery management tool\",\"description\":\"Next level delivery management software\",\"publisher\":{\"@id\":\"https:\/\/logdio.com\/es\/#organization\"},\"potentialAction\":[{\"@type\":\"SearchAction\",\"target\":{\"@type\":\"EntryPoint\",\"urlTemplate\":\"https:\/\/logdio.com\/es\/?s={search_term_string}\"},\"query-input\":{\"@type\":\"PropertyValueSpecification\",\"valueRequired\":true,\"valueName\":\"search_term_string\"}}],\"inLanguage\":\"es\"},{\"@type\":\"Organization\",\"@id\":\"https:\/\/logdio.com\/es\/#organization\",\"name\":\"Logdio\",\"url\":\"https:\/\/logdio.com\/es\/\",\"logo\":{\"@type\":\"ImageObject\",\"inLanguage\":\"es\",\"@id\":\"https:\/\/logdio.com\/es\/#\/schema\/logo\/image\/\",\"url\":\"https:\/\/logdio.com\/wp-content\/uploads\/2021\/05\/Logdio.svg\",\"contentUrl\":\"https:\/\/logdio.com\/wp-content\/uploads\/2021\/05\/Logdio.svg\",\"width\":4.44919,\"height\":1.1285,\"caption\":\"Logdio\"},\"image\":{\"@id\":\"https:\/\/logdio.com\/es\/#\/schema\/logo\/image\/\"},\"sameAs\":[\"https:\/\/www.facebook.com\/logtime.eu\/\",\"https:\/\/www.linkedin.com\/company\/logtime\"]}]}<\/script>\n<!-- \/ Yoast SEO plugin. -->","yoast_head_json":{"title":"Prueba de entrega - Logdio - delivery management tool","description":"Proporcionar pruebas de entrega a los clientes con el sistema Logdis. Incluye fotos y firmas. As\u00ed como las coordenadas y los datos horarios.","robots":{"index":"index","follow":"follow","max-snippet":"max-snippet:-1","max-image-preview":"max-image-preview:large","max-video-preview":"max-video-preview:-1"},"canonical":"https:\/\/logdio.com\/es\/prueba-de-entrega\/","og_locale":"es_ES","og_type":"article","og_title":"Prueba de entrega - Logdio - delivery management tool","og_description":"Proporcionar pruebas de entrega a los clientes con el sistema Logdis. Incluye fotos y firmas. As\u00ed como las coordenadas y los datos horarios.","og_url":"https:\/\/logdio.com\/es\/prueba-de-entrega\/","og_site_name":"Logdio - delivery management tool","article_publisher":"https:\/\/www.facebook.com\/logtime.eu\/","article_modified_time":"2021-09-13T14:12:09+00:00","twitter_card":"summary_large_image","twitter_misc":{"Tiempo de lectura":"6 minutos"},"schema":{"@context":"https:\/\/schema.org","@graph":[{"@type":"WebPage","@id":"https:\/\/logdio.com\/es\/prueba-de-entrega\/","url":"https:\/\/logdio.com\/es\/prueba-de-entrega\/","name":"Prueba de entrega - Logdio - delivery management tool","isPartOf":{"@id":"https:\/\/logdio.com\/es\/#website"},"datePublished":"2021-08-23T19:01:52+00:00","dateModified":"2021-09-13T14:12:09+00:00","description":"Proporcionar pruebas de entrega a los clientes con el sistema Logdis. Incluye fotos y firmas. As\u00ed como las coordenadas y los datos horarios.","breadcrumb":{"@id":"https:\/\/logdio.com\/es\/prueba-de-entrega\/#breadcrumb"},"inLanguage":"es","potentialAction":[{"@type":"ReadAction","target":["https:\/\/logdio.com\/es\/prueba-de-entrega\/"]}]},{"@type":"BreadcrumbList","@id":"https:\/\/logdio.com\/es\/prueba-de-entrega\/#breadcrumb","itemListElement":[{"@type":"ListItem","position":1,"name":"Home","item":"https:\/\/logdio.com\/es\/pagina-de-aterrizaje\/"},{"@type":"ListItem","position":2,"name":"Prueba de entrega"}]},{"@type":"WebSite","@id":"https:\/\/logdio.com\/es\/#website","url":"https:\/\/logdio.com\/es\/","name":"Logdio - delivery management tool","description":"Next level delivery management software","publisher":{"@id":"https:\/\/logdio.com\/es\/#organization"},"potentialAction":[{"@type":"SearchAction","target":{"@type":"EntryPoint","urlTemplate":"https:\/\/logdio.com\/es\/?s={search_term_string}"},"query-input":{"@type":"PropertyValueSpecification","valueRequired":true,"valueName":"search_term_string"}}],"inLanguage":"es"},{"@type":"Organization","@id":"https:\/\/logdio.com\/es\/#organization","name":"Logdio","url":"https:\/\/logdio.com\/es\/","logo":{"@type":"ImageObject","inLanguage":"es","@id":"https:\/\/logdio.com\/es\/#\/schema\/logo\/image\/","url":"https:\/\/logdio.com\/wp-content\/uploads\/2021\/05\/Logdio.svg","contentUrl":"https:\/\/logdio.com\/wp-content\/uploads\/2021\/05\/Logdio.svg","width":4.44919,"height":1.1285,"caption":"Logdio"},"image":{"@id":"https:\/\/logdio.com\/es\/#\/schema\/logo\/image\/"},"sameAs":["https:\/\/www.facebook.com\/logtime.eu\/","https:\/\/www.linkedin.com\/company\/logtime"]}]}},"_links":{"self":[{"href":"https:\/\/logdio.com\/es\/wp-json\/wp\/v2\/pages\/7509","targetHints":{"allow":["GET"]}}],"collection":[{"href":"https:\/\/logdio.com\/es\/wp-json\/wp\/v2\/pages"}],"about":[{"href":"https:\/\/logdio.com\/es\/wp-json\/wp\/v2\/types\/page"}],"author":[{"embeddable":true,"href":"https:\/\/logdio.com\/es\/wp-json\/wp\/v2\/users\/1"}],"replies":[{"embeddable":true,"href":"https:\/\/logdio.com\/es\/wp-json\/wp\/v2\/comments?post=7509"}],"version-history":[{"count":3,"href":"https:\/\/logdio.com\/es\/wp-json\/wp\/v2\/pages\/7509\/revisions"}],"predecessor-version":[{"id":13836,"href":"https:\/\/logdio.com\/es\/wp-json\/wp\/v2\/pages\/7509\/revisions\/13836"}],"wp:attachment":[{"href":"https:\/\/logdio.com\/es\/wp-json\/wp\/v2\/media?parent=7509"}],"curies":[{"name":"wp","href":"https:\/\/api.w.org\/{rel}","templated":true}]}}