{"id":7507,"date":"2021-08-23T22:01:52","date_gmt":"2021-08-23T19:01:52","guid":{"rendered":"https:\/\/logdio.com\/software-de-planificacion-de-rutas-de-mensajeria\/"},"modified":"2021-09-13T17:12:42","modified_gmt":"2021-09-13T14:12:42","slug":"software-de-planificacion-de-rutas-de-mensajeria","status":"publish","type":"page","link":"https:\/\/logdio.com\/es\/software-de-planificacion-de-rutas-de-mensajeria\/","title":{"rendered":"Software de planificaci\u00f3n de rutas de mensajer\u00eda"},"content":{"rendered":"\t\t<div data-elementor-type=\"wp-page\" data-elementor-id=\"7507\" class=\"elementor elementor-7507 elementor-1055\" data-elementor-post-type=\"page\">\n\t\t\t\t\t\t<section class=\"has_ma_el_bg_slider elementor-section elementor-top-section elementor-element elementor-element-a6afc90 elementor-section-boxed elementor-section-height-default elementor-section-height-default jltma-glass-effect-no\" data-id=\"a6afc90\" data-element_type=\"section\" data-e-type=\"section\" data-settings=\"{&quot;jet_parallax_layout_list&quot;:[{&quot;jet_parallax_layout_image&quot;:{&quot;url&quot;:&quot;&quot;,&quot;id&quot;:&quot;&quot;,&quot;size&quot;:&quot;&quot;},&quot;_id&quot;:&quot;1632b6e&quot;,&quot;jet_parallax_layout_image_tablet&quot;:{&quot;url&quot;:&quot;&quot;,&quot;id&quot;:&quot;&quot;,&quot;size&quot;:&quot;&quot;},&quot;jet_parallax_layout_image_mobile&quot;:{&quot;url&quot;:&quot;&quot;,&quot;id&quot;:&quot;&quot;,&quot;size&quot;:&quot;&quot;},&quot;jet_parallax_layout_speed&quot;:{&quot;unit&quot;:&quot;%&quot;,&quot;size&quot;:50,&quot;sizes&quot;:[]},&quot;jet_parallax_layout_type&quot;:&quot;scroll&quot;,&quot;jet_parallax_layout_direction&quot;:null,&quot;jet_parallax_layout_fx_direction&quot;:null,&quot;jet_parallax_layout_z_index&quot;:&quot;&quot;,&quot;jet_parallax_layout_bg_x&quot;:50,&quot;jet_parallax_layout_bg_x_tablet&quot;:&quot;&quot;,&quot;jet_parallax_layout_bg_x_mobile&quot;:&quot;&quot;,&quot;jet_parallax_layout_bg_y&quot;:50,&quot;jet_parallax_layout_bg_y_tablet&quot;:&quot;&quot;,&quot;jet_parallax_layout_bg_y_mobile&quot;:&quot;&quot;,&quot;jet_parallax_layout_bg_size&quot;:&quot;auto&quot;,&quot;jet_parallax_layout_bg_size_tablet&quot;:&quot;&quot;,&quot;jet_parallax_layout_bg_size_mobile&quot;:&quot;&quot;,&quot;jet_parallax_layout_animation_prop&quot;:&quot;transform&quot;,&quot;jet_parallax_layout_on&quot;:[&quot;desktop&quot;,&quot;tablet&quot;]}]}\">\n\t\t\t\t\t\t<div class=\"elementor-container elementor-column-gap-default\">\n\t\t\t\t\t<div class=\"has_ma_el_bg_slider elementor-column elementor-col-100 elementor-top-column elementor-element elementor-element-9dbd7a5 jltma-glass-effect-no\" data-id=\"9dbd7a5\" data-element_type=\"column\" data-e-type=\"column\">\n\t\t\t<div class=\"elementor-widget-wrap elementor-element-populated\">\n\t\t\t\t\t\t<div class=\"elementor-element elementor-element-096e315 jltma-glass-effect-no elementor-widget elementor-widget-heading\" data-id=\"096e315\" data-element_type=\"widget\" data-e-type=\"widget\" data-widget_type=\"heading.default\">\n\t\t\t\t<div class=\"elementor-widget-container\">\n\t\t\t\t\t<h1 class=\"elementor-heading-title elementor-size-default\">Software de planificaci\u00f3n de rutas de mensajer\u00eda<\/h1>\t\t\t\t<\/div>\n\t\t\t\t<\/div>\n\t\t\t\t\t<\/div>\n\t\t<\/div>\n\t\t\t\t\t<\/div>\n\t\t<\/section>\n\t\t\t\t<section class=\"has_ma_el_bg_slider elementor-section elementor-top-section elementor-element elementor-element-8cd51f7 elementor-section-boxed elementor-section-height-default elementor-section-height-default jltma-glass-effect-no\" data-id=\"8cd51f7\" data-element_type=\"section\" data-e-type=\"section\" data-settings=\"{&quot;jet_parallax_layout_list&quot;:[{&quot;jet_parallax_layout_image&quot;:{&quot;url&quot;:&quot;&quot;,&quot;id&quot;:&quot;&quot;,&quot;size&quot;:&quot;&quot;},&quot;_id&quot;:&quot;30d0d76&quot;,&quot;jet_parallax_layout_image_tablet&quot;:{&quot;url&quot;:&quot;&quot;,&quot;id&quot;:&quot;&quot;,&quot;size&quot;:&quot;&quot;},&quot;jet_parallax_layout_image_mobile&quot;:{&quot;url&quot;:&quot;&quot;,&quot;id&quot;:&quot;&quot;,&quot;size&quot;:&quot;&quot;},&quot;jet_parallax_layout_speed&quot;:{&quot;unit&quot;:&quot;%&quot;,&quot;size&quot;:50,&quot;sizes&quot;:[]},&quot;jet_parallax_layout_type&quot;:&quot;scroll&quot;,&quot;jet_parallax_layout_direction&quot;:null,&quot;jet_parallax_layout_fx_direction&quot;:null,&quot;jet_parallax_layout_z_index&quot;:&quot;&quot;,&quot;jet_parallax_layout_bg_x&quot;:50,&quot;jet_parallax_layout_bg_x_tablet&quot;:&quot;&quot;,&quot;jet_parallax_layout_bg_x_mobile&quot;:&quot;&quot;,&quot;jet_parallax_layout_bg_y&quot;:50,&quot;jet_parallax_layout_bg_y_tablet&quot;:&quot;&quot;,&quot;jet_parallax_layout_bg_y_mobile&quot;:&quot;&quot;,&quot;jet_parallax_layout_bg_size&quot;:&quot;auto&quot;,&quot;jet_parallax_layout_bg_size_tablet&quot;:&quot;&quot;,&quot;jet_parallax_layout_bg_size_mobile&quot;:&quot;&quot;,&quot;jet_parallax_layout_animation_prop&quot;:&quot;transform&quot;,&quot;jet_parallax_layout_on&quot;:[&quot;desktop&quot;,&quot;tablet&quot;]}]}\">\n\t\t\t\t\t\t<div class=\"elementor-container elementor-column-gap-default\">\n\t\t\t\t\t<div class=\"has_ma_el_bg_slider elementor-column elementor-col-100 elementor-top-column elementor-element elementor-element-0dc1596 jltma-glass-effect-no\" data-id=\"0dc1596\" data-element_type=\"column\" data-e-type=\"column\">\n\t\t\t<div class=\"elementor-widget-wrap elementor-element-populated\">\n\t\t\t\t\t\t<div class=\"elementor-element elementor-element-89bcbea jltma-glass-effect-no elementor-widget elementor-widget-text-editor\" data-id=\"89bcbea\" data-element_type=\"widget\" data-e-type=\"widget\" data-widget_type=\"text-editor.default\">\n\t\t\t\t<div class=\"elementor-widget-container\">\n\t\t\t\t\t\t\t\t\t<p>\u00bfDirige un equipo de ventas sobre el terreno, gestiona una flota de veh\u00edculos de reparto (entrega de paquetes o mercanc\u00edas) o gestiona la log\u00edstica de una empresa de recogida y entrega de mercanc\u00edas a domicilio? \u00bfEst\u00e1 interesado de alguna manera en optimizar el transporte de su empresa? El software de mensajer\u00eda es la forma m\u00e1s segura de mejorar la eficacia operativa de su empresa.<\/p>\n<p>El planificador de rutas de mensajer\u00eda adecuado reducir\u00e1 el tiempo de inactividad y aumentar\u00e1 dr\u00e1sticamente la productividad. Por eso se est\u00e1 haciendo popular en todo el mundo.<\/p>\n<\/p>\n<h2><strong>\u00bfQu\u00e9 es el software de mensajer\u00eda?<\/strong><\/h2>\n<p>El software de mensajer\u00eda es un sistema de gesti\u00f3n de la mensajer\u00eda que determina los planes de viaje que m\u00e1s tiempo consumen en funci\u00f3n de factores externos como la congesti\u00f3n del tr\u00e1fico, la hora del d\u00eda y el tiempo. Utiliza algoritmos avanzados para determinar la ruta m\u00e1s eficiente para el usuario. Analizar\u00e1 las necesidades de transporte de mercanc\u00edas, la capacidad de carga del veh\u00edculo, el horario de trabajo y el descanso de los conductores y sugerir\u00e1 los ajustes \u00f3ptimos de movimiento.<\/p>\n<p>Seg\u00fan una estimaci\u00f3n, el software de gesti\u00f3n de la mensajer\u00eda reduce el kilometraje diario de los veh\u00edculos en un 10-20%. Aumenta el uso eficiente de la flota de veh\u00edculos. Algunas caracter\u00edsticas m\u00e1s son:  <\/p>\n<p><strong>Integraci\u00f3n con sistemas de seguimiento GPS \/ Glonass en<\/strong> base a la informaci\u00f3n recibida de los dispositivos Android o de un rastreador GPS, se recibe informaci\u00f3n sobre la ubicaci\u00f3n del veh\u00edculo. El servicio sigue el movimiento a lo largo de la ruta de entrega de las mercanc\u00edas y registra las desviaciones en el tiempo y la geograf\u00eda. La informaci\u00f3n se transmite al expedidor para que la procese y tome las decisiones oportunas.<\/p>\n<\/p>\n<h3>Reducci\u00f3n de costes<\/h3>\n<p>Cualquier software de gesti\u00f3n de la mensajer\u00eda, si se utiliza correctamente, puede reducir dr\u00e1sticamente los tiempos de viaje. Esto, a su vez, reduce exponencialmente los costes de mensajer\u00eda. Las rutas optimizadas pueden ayudarle a reducir los costes de dos maneras principales:<\/p>\n<h3>Ha reducido el consumo de combustible<\/h3>\n<p>  Como la flota pasa menos tiempo en la carretera, el consumo de combustible es menor. Esto significa que un menor consumo conlleva menores costes.<\/p>\n<h3>Reducci\u00f3n de los costes de mantenimiento<\/h3>\n<p>  Como los veh\u00edculos no pasan demasiado tiempo en la carretera, su desgaste normal se reduce. De esta forma, se reducen los costes de mantenimiento.<\/p>\n<h3>Aumentar la productividad<\/h3>\n<p>El planificador de rutas de mensajer\u00eda ahorra tiempo y recursos. Se encarga de las tareas complejas por ti. No necesitas perder tiempo planificando rutas. Esto aumenta la productividad general de la flota, permitiendo que los trabajos se completen m\u00e1s r\u00e1pido y a tiempo.<\/p>\n<h3>Mayor satisfacci\u00f3n del cliente<\/h3>\n<p>Es un hecho conocido que los compradores satisfechos hacen un inventario de compras. Si puede ofrecer sus servicios a tiempo, sus clientes estar\u00e1n contentos con usted. El sistema de gesti\u00f3n de la mensajer\u00eda garantiza que el conductor adecuado llegue al cliente correcto en el momento oportuno y sin devoluciones.<\/p>\n<h3>Ayuda a sobreestimar los recursos<\/h3>\n<p>Es posible que est\u00e9 utilizando m\u00e1s recursos de los que realmente se necesitan para proporcionar o prestar servicios. Una herramienta de optimizaci\u00f3n de la mensajer\u00eda ayuda a redefinir el n\u00famero de veh\u00edculos necesarios para operar. Puede beneficiarse de la reducci\u00f3n de las cantidades y, a su vez, de los costes.<\/p>\n<p>Ahora ya sabe qu\u00e9 es el software Courier y por qu\u00e9 es importante. Ahora puede estar pensando en qu\u00e9 software es el adecuado para su negocio.  <\/p>\n<\/p>\n<h2>\u00bfQu\u00e9 software de gesti\u00f3n de mensajer\u00eda elegir?<\/h2>\n<p>Hay muchos recursos que ofrecen listas y selecciones de programas para optimizar los mensajeros. Hay muchos factores a tener en cuenta, como el precio, las caracter\u00edsticas ofrecidas, el p\u00fablico objetivo y otros par\u00e1metros.<\/p>\n<p>Cuando elija un software de gesti\u00f3n de mensajer\u00eda, especifique qu\u00e9 funciones est\u00e1n incluidas en el precio y cu\u00e1les se proporcionan por un cargo adicional. D\u00e9 preferencia a los sistemas cuyo precio incluye tambi\u00e9n la asistencia t\u00e9cnica y las actualizaciones.<\/p>\n<\/p>\n<h2><strong>\u00bfPor qu\u00e9 elegir Logdio?<\/strong><\/h2>\n<p>En Logdio, se implementa la funci\u00f3n de construir la ruta \u00f3ptima para el mensajero y calcular el tiempo teniendo en cuenta los atascos. Las tareas para el mensajero se distribuyen en funci\u00f3n de las prioridades y el tiempo de entrega. Hay una funci\u00f3n de seguimiento por GPS para los mensajeros (puedes seguir la ubicaci\u00f3n del mensajero en el mapa en tiempo real). El software tiene una interfaz amigable. Tambi\u00e9n es posible transferir los pedidos a otro mensajero (por ejemplo, en caso de aver\u00eda del coche). Lo mejor de Logdio es que es asequible. No tienes que pagar una gran cantidad por usar este productivo software. Por lo tanto, es la mejor soluci\u00f3n para el trabajo.  <\/p>\n\t\t\t\t\t\t\t\t<\/div>\n\t\t\t\t<\/div>\n\t\t\t\t\t<\/div>\n\t\t<\/div>\n\t\t\t\t\t<\/div>\n\t\t<\/section>\n\t\t\t\t<\/div>\n\t\t","protected":false},"excerpt":{"rendered":"<p>Software de planificaci\u00f3n de rutas de mensajer\u00eda \u00bfDirige un equipo de ventas sobre el terreno, gestiona una flota de veh\u00edculos de reparto (entrega de paquetes o mercanc\u00edas) o gestiona la log\u00edstica de una empresa de recogida y entrega de mercanc\u00edas a domicilio? \u00bfEst\u00e1 interesado de alguna manera en optimizar el transporte de su empresa? El [&hellip;]<\/p>\n","protected":false},"author":1,"featured_media":0,"parent":0,"menu_order":0,"comment_status":"closed","ping_status":"closed","template":"elementor_header_footer","meta":{"footnotes":""},"class_list":["post-7507","page","type-page","status-publish","hentry"],"yoast_head":"<!-- This site is optimized with the Yoast SEO plugin v26.8 - https:\/\/yoast.com\/product\/yoast-seo-wordpress\/ -->\n<title>Software de planificaci\u00f3n de rutas de mensajer\u00eda - Logdio - delivery management tool<\/title>\n<meta name=\"description\" content=\"Aumente la productividad de los mensajeros con el software de planificaci\u00f3n de rutas Logdis. Una soluci\u00f3n integral para las empresas de reparto.\" \/>\n<meta name=\"robots\" content=\"index, follow, max-snippet:-1, max-image-preview:large, max-video-preview:-1\" \/>\n<link rel=\"canonical\" href=\"https:\/\/logdio.com\/es\/software-de-planificacion-de-rutas-de-mensajeria\/\" \/>\n<meta property=\"og:locale\" content=\"es_ES\" \/>\n<meta property=\"og:type\" content=\"article\" \/>\n<meta property=\"og:title\" content=\"Software de planificaci\u00f3n de rutas de mensajer\u00eda - Logdio - delivery management tool\" \/>\n<meta property=\"og:description\" content=\"Aumente la productividad de los mensajeros con el software de planificaci\u00f3n de rutas Logdis. Una soluci\u00f3n integral para las empresas de reparto.\" \/>\n<meta property=\"og:url\" content=\"https:\/\/logdio.com\/es\/software-de-planificacion-de-rutas-de-mensajeria\/\" \/>\n<meta property=\"og:site_name\" content=\"Logdio - delivery management tool\" \/>\n<meta property=\"article:publisher\" content=\"https:\/\/www.facebook.com\/logtime.eu\/\" \/>\n<meta property=\"article:modified_time\" content=\"2021-09-13T14:12:42+00:00\" \/>\n<meta name=\"twitter:card\" content=\"summary_large_image\" \/>\n<meta name=\"twitter:label1\" content=\"Tiempo de lectura\" \/>\n\t<meta name=\"twitter:data1\" content=\"4 minutos\" \/>\n<script type=\"application\/ld+json\" class=\"yoast-schema-graph\">{\"@context\":\"https:\/\/schema.org\",\"@graph\":[{\"@type\":\"WebPage\",\"@id\":\"https:\/\/logdio.com\/es\/software-de-planificacion-de-rutas-de-mensajeria\/\",\"url\":\"https:\/\/logdio.com\/es\/software-de-planificacion-de-rutas-de-mensajeria\/\",\"name\":\"Software de planificaci\u00f3n de rutas de mensajer\u00eda - Logdio - delivery management tool\",\"isPartOf\":{\"@id\":\"https:\/\/logdio.com\/es\/#website\"},\"datePublished\":\"2021-08-23T19:01:52+00:00\",\"dateModified\":\"2021-09-13T14:12:42+00:00\",\"description\":\"Aumente la productividad de los mensajeros con el software de planificaci\u00f3n de rutas Logdis. Una soluci\u00f3n integral para las empresas de reparto.\",\"breadcrumb\":{\"@id\":\"https:\/\/logdio.com\/es\/software-de-planificacion-de-rutas-de-mensajeria\/#breadcrumb\"},\"inLanguage\":\"es\",\"potentialAction\":[{\"@type\":\"ReadAction\",\"target\":[\"https:\/\/logdio.com\/es\/software-de-planificacion-de-rutas-de-mensajeria\/\"]}]},{\"@type\":\"BreadcrumbList\",\"@id\":\"https:\/\/logdio.com\/es\/software-de-planificacion-de-rutas-de-mensajeria\/#breadcrumb\",\"itemListElement\":[{\"@type\":\"ListItem\",\"position\":1,\"name\":\"Home\",\"item\":\"https:\/\/logdio.com\/es\/pagina-de-aterrizaje\/\"},{\"@type\":\"ListItem\",\"position\":2,\"name\":\"Software de planificaci\u00f3n de rutas de mensajer\u00eda\"}]},{\"@type\":\"WebSite\",\"@id\":\"https:\/\/logdio.com\/es\/#website\",\"url\":\"https:\/\/logdio.com\/es\/\",\"name\":\"Logdio - delivery management tool\",\"description\":\"Next level delivery management software\",\"publisher\":{\"@id\":\"https:\/\/logdio.com\/es\/#organization\"},\"potentialAction\":[{\"@type\":\"SearchAction\",\"target\":{\"@type\":\"EntryPoint\",\"urlTemplate\":\"https:\/\/logdio.com\/es\/?s={search_term_string}\"},\"query-input\":{\"@type\":\"PropertyValueSpecification\",\"valueRequired\":true,\"valueName\":\"search_term_string\"}}],\"inLanguage\":\"es\"},{\"@type\":\"Organization\",\"@id\":\"https:\/\/logdio.com\/es\/#organization\",\"name\":\"Logdio\",\"url\":\"https:\/\/logdio.com\/es\/\",\"logo\":{\"@type\":\"ImageObject\",\"inLanguage\":\"es\",\"@id\":\"https:\/\/logdio.com\/es\/#\/schema\/logo\/image\/\",\"url\":\"https:\/\/logdio.com\/wp-content\/uploads\/2021\/05\/Logdio.svg\",\"contentUrl\":\"https:\/\/logdio.com\/wp-content\/uploads\/2021\/05\/Logdio.svg\",\"width\":4.44919,\"height\":1.1285,\"caption\":\"Logdio\"},\"image\":{\"@id\":\"https:\/\/logdio.com\/es\/#\/schema\/logo\/image\/\"},\"sameAs\":[\"https:\/\/www.facebook.com\/logtime.eu\/\",\"https:\/\/www.linkedin.com\/company\/logtime\"]}]}<\/script>\n<!-- \/ Yoast SEO plugin. -->","yoast_head_json":{"title":"Software de planificaci\u00f3n de rutas de mensajer\u00eda - Logdio - delivery management tool","description":"Aumente la productividad de los mensajeros con el software de planificaci\u00f3n de rutas Logdis. Una soluci\u00f3n integral para las empresas de reparto.","robots":{"index":"index","follow":"follow","max-snippet":"max-snippet:-1","max-image-preview":"max-image-preview:large","max-video-preview":"max-video-preview:-1"},"canonical":"https:\/\/logdio.com\/es\/software-de-planificacion-de-rutas-de-mensajeria\/","og_locale":"es_ES","og_type":"article","og_title":"Software de planificaci\u00f3n de rutas de mensajer\u00eda - Logdio - delivery management tool","og_description":"Aumente la productividad de los mensajeros con el software de planificaci\u00f3n de rutas Logdis. Una soluci\u00f3n integral para las empresas de reparto.","og_url":"https:\/\/logdio.com\/es\/software-de-planificacion-de-rutas-de-mensajeria\/","og_site_name":"Logdio - delivery management tool","article_publisher":"https:\/\/www.facebook.com\/logtime.eu\/","article_modified_time":"2021-09-13T14:12:42+00:00","twitter_card":"summary_large_image","twitter_misc":{"Tiempo de lectura":"4 minutos"},"schema":{"@context":"https:\/\/schema.org","@graph":[{"@type":"WebPage","@id":"https:\/\/logdio.com\/es\/software-de-planificacion-de-rutas-de-mensajeria\/","url":"https:\/\/logdio.com\/es\/software-de-planificacion-de-rutas-de-mensajeria\/","name":"Software de planificaci\u00f3n de rutas de mensajer\u00eda - Logdio - delivery management tool","isPartOf":{"@id":"https:\/\/logdio.com\/es\/#website"},"datePublished":"2021-08-23T19:01:52+00:00","dateModified":"2021-09-13T14:12:42+00:00","description":"Aumente la productividad de los mensajeros con el software de planificaci\u00f3n de rutas Logdis. Una soluci\u00f3n integral para las empresas de reparto.","breadcrumb":{"@id":"https:\/\/logdio.com\/es\/software-de-planificacion-de-rutas-de-mensajeria\/#breadcrumb"},"inLanguage":"es","potentialAction":[{"@type":"ReadAction","target":["https:\/\/logdio.com\/es\/software-de-planificacion-de-rutas-de-mensajeria\/"]}]},{"@type":"BreadcrumbList","@id":"https:\/\/logdio.com\/es\/software-de-planificacion-de-rutas-de-mensajeria\/#breadcrumb","itemListElement":[{"@type":"ListItem","position":1,"name":"Home","item":"https:\/\/logdio.com\/es\/pagina-de-aterrizaje\/"},{"@type":"ListItem","position":2,"name":"Software de planificaci\u00f3n de rutas de mensajer\u00eda"}]},{"@type":"WebSite","@id":"https:\/\/logdio.com\/es\/#website","url":"https:\/\/logdio.com\/es\/","name":"Logdio - delivery management tool","description":"Next level delivery management software","publisher":{"@id":"https:\/\/logdio.com\/es\/#organization"},"potentialAction":[{"@type":"SearchAction","target":{"@type":"EntryPoint","urlTemplate":"https:\/\/logdio.com\/es\/?s={search_term_string}"},"query-input":{"@type":"PropertyValueSpecification","valueRequired":true,"valueName":"search_term_string"}}],"inLanguage":"es"},{"@type":"Organization","@id":"https:\/\/logdio.com\/es\/#organization","name":"Logdio","url":"https:\/\/logdio.com\/es\/","logo":{"@type":"ImageObject","inLanguage":"es","@id":"https:\/\/logdio.com\/es\/#\/schema\/logo\/image\/","url":"https:\/\/logdio.com\/wp-content\/uploads\/2021\/05\/Logdio.svg","contentUrl":"https:\/\/logdio.com\/wp-content\/uploads\/2021\/05\/Logdio.svg","width":4.44919,"height":1.1285,"caption":"Logdio"},"image":{"@id":"https:\/\/logdio.com\/es\/#\/schema\/logo\/image\/"},"sameAs":["https:\/\/www.facebook.com\/logtime.eu\/","https:\/\/www.linkedin.com\/company\/logtime"]}]}},"_links":{"self":[{"href":"https:\/\/logdio.com\/es\/wp-json\/wp\/v2\/pages\/7507","targetHints":{"allow":["GET"]}}],"collection":[{"href":"https:\/\/logdio.com\/es\/wp-json\/wp\/v2\/pages"}],"about":[{"href":"https:\/\/logdio.com\/es\/wp-json\/wp\/v2\/types\/page"}],"author":[{"embeddable":true,"href":"https:\/\/logdio.com\/es\/wp-json\/wp\/v2\/users\/1"}],"replies":[{"embeddable":true,"href":"https:\/\/logdio.com\/es\/wp-json\/wp\/v2\/comments?post=7507"}],"version-history":[{"count":3,"href":"https:\/\/logdio.com\/es\/wp-json\/wp\/v2\/pages\/7507\/revisions"}],"predecessor-version":[{"id":13852,"href":"https:\/\/logdio.com\/es\/wp-json\/wp\/v2\/pages\/7507\/revisions\/13852"}],"wp:attachment":[{"href":"https:\/\/logdio.com\/es\/wp-json\/wp\/v2\/media?parent=7507"}],"curies":[{"name":"wp","href":"https:\/\/api.w.org\/{rel}","templated":true}]}}